{"id":17133,"date":"2025-07-23T14:13:57","date_gmt":"2025-07-23T14:13:57","guid":{"rendered":"https:\/\/beleevo.prowebplanners.com\/produit\/hydraulic-power-unit\/"},"modified":"2025-11-10T11:35:15","modified_gmt":"2025-11-10T11:35:15","slug":"hydraulic-power-unit","status":"publish","type":"product","link":"https:\/\/beleevo.prowebplanners.com\/fr\/produit\/hydraulic-power-unit\/","title":{"rendered":"Centrale hydraulique"},"content":{"rendered":"<p>Vue d'ensemble<\/p>\n<div class=\"elementor-widget-container\">\n<p>1. Un rapport co\u00fbt-efficacit\u00e9 \u00e9lev\u00e9 : En tant qu'usine g\u00e9r\u00e9e directement et situ\u00e9e dans la base de production d'engins de construction en Chine, nous sommes en mesure de produire des produits \u00e0 des co\u00fbts inf\u00e9rieurs, y compris les co\u00fbts de main-d'\u0153uvre, les mati\u00e8res premi\u00e8res, etc. et de fournir aux clients des produits rentables.<\/p>\n<p>2. Achat en une seule fois : En tant qu'usine ind\u00e9pendante, nous disposons d'une riche gamme de produits, couvrant les machines de construction compactes, et les clients peuvent acheter les \u00e9quipements requis en une seule fois.<\/p>\n<p>3. Qualit\u00e9 et performances professionnelles : Apr\u00e8s des ann\u00e9es d'exp\u00e9rience en mati\u00e8re de production, nos produits ont obtenu les certifications CE, SGS, TUV et ISO. Ils offrent une qualit\u00e9 et des performances de niveau professionnel pour les petits projets de construction.<\/p>\n<p>4. Un service apr\u00e8s-vente parfait : Nos \u00e9quipes professionnelles de vente et de maintenance fournissent des conseils et une assistance apr\u00e8s-vente. Elles s'engagent \u00e0 maximiser les performances de l'\u00e9quipement, \u00e0 assurer le bon d\u00e9roulement du projet et \u00e0 fournir une assistance technique tout au long de la vie.<\/p>\n<\/div>\n<p>&nbsp;<\/p>\n<p>Caract\u00e9ristiques et avantages<\/p>\n<div class=\"elementor-element elementor-element-138b23e e-con-full e-flex e-con e-child\" data-id=\"138b23e\" data-element_type=\"container\">\n<div class=\"elementor-element elementor-element-dc31022 elementor-widget elementor-widget-image\" data-id=\"dc31022\" data-element_type=\"widget\" data-widget_type=\"image.default\">\n<div class=\"elementor-widget-container\"><img fetchpriority=\"high\" decoding=\"async\" class=\"attachment-large size-large wp-image-1870\" title=\"Centrale hydraulique 1\" src=\"https:\/\/hightopgroup.com\/wp-content\/uploads\/2024\/08\/\u7279\u5f811.jpg\" sizes=\"(max-width: 800px) 100vw, 800px\" srcset=\"https:\/\/hightopgroup.com\/wp-content\/uploads\/2024\/08\/\u7279\u5f811.jpg 800w, https:\/\/hightopgroup.com\/wp-content\/uploads\/2024\/08\/\u7279\u5f811-300x300.jpg 300w, https:\/\/hightopgroup.com\/wp-content\/uploads\/2024\/08\/\u7279\u5f811-150x150.jpg 150w, https:\/\/hightopgroup.com\/wp-content\/uploads\/2024\/08\/\u7279\u5f811-768x768.jpg 768w, https:\/\/hightopgroup.com\/wp-content\/uploads\/2024\/08\/\u7279\u5f811-600x600.jpg 600w\" alt=\"\u7279\u5f811\" width=\"800\" height=\"800\" \/><\/div>\n<\/div>\n<div class=\"elementor-element elementor-element-7fcb316 elementor-widget elementor-widget-heading\" data-id=\"7fcb316\" data-element_type=\"widget\" data-widget_type=\"heading.default\">\n<div class=\"elementor-widget-container\">\n<h2 class=\"elementor-heading-title elementor-size-default\">Indicateur de pression hydraulique<\/h2>\n<\/div>\n<\/div>\n<div class=\"elementor-element elementor-element-1aa33d7 elementor-widget elementor-widget-text-editor\" data-id=\"1aa33d7\" data-element_type=\"widget\" data-widget_type=\"text-editor.default\">\n<div class=\"elementor-widget-container\">\n<p>Rappeler le remplacement de l'huile hydraulique et du filtre en temps voulu.<\/p>\n<\/div>\n<\/div>\n<\/div>\n<div class=\"elementor-element elementor-element-b74d99a e-con-full e-flex e-con e-child\" data-id=\"b74d99a\" data-element_type=\"container\">\n<div class=\"elementor-element elementor-element-d474faf elementor-widget elementor-widget-image\" data-id=\"d474faf\" data-element_type=\"widget\" data-widget_type=\"image.default\">\n<div class=\"elementor-widget-container\"><img decoding=\"async\" class=\"attachment-large size-large wp-image-1871\" title=\"Centrale hydraulique 2\" src=\"https:\/\/hightopgroup.com\/wp-content\/uploads\/2024\/08\/\u7279\u5f812.jpg\" sizes=\"(max-width: 800px) 100vw, 800px\" srcset=\"https:\/\/hightopgroup.com\/wp-content\/uploads\/2024\/08\/\u7279\u5f812.jpg 800w, https:\/\/hightopgroup.com\/wp-content\/uploads\/2024\/08\/\u7279\u5f812-300x300.jpg 300w, https:\/\/hightopgroup.com\/wp-content\/uploads\/2024\/08\/\u7279\u5f812-150x150.jpg 150w, https:\/\/hightopgroup.com\/wp-content\/uploads\/2024\/08\/\u7279\u5f812-768x768.jpg 768w, https:\/\/hightopgroup.com\/wp-content\/uploads\/2024\/08\/\u7279\u5f812-600x600.jpg 600w\" alt=\"\u7279\u5f812\" width=\"800\" height=\"800\" \/><\/div>\n<\/div>\n<div class=\"elementor-element elementor-element-97e9dde elementor-widget elementor-widget-heading\" data-id=\"97e9dde\" data-element_type=\"widget\" data-widget_type=\"heading.default\">\n<div class=\"elementor-widget-container\">\n<h2 class=\"elementor-heading-title elementor-size-default\">Deux jeux de connecteurs rapides<\/h2>\n<\/div>\n<\/div>\n<div class=\"elementor-element elementor-element-2c77c6d elementor-widget elementor-widget-text-editor\" data-id=\"2c77c6d\" data-element_type=\"widget\" data-widget_type=\"text-editor.default\">\n<div class=\"elementor-widget-container\">\n<p>Interface double permettant de connecter deux linkers.<\/p>\n<\/div>\n<\/div>\n<\/div>\n<div class=\"elementor-element elementor-element-7aad0d8 e-con-full e-flex e-con e-child\" data-id=\"7aad0d8\" data-element_type=\"container\">\n<div class=\"elementor-element elementor-element-fbca415 elementor-widget elementor-widget-image\" data-id=\"fbca415\" data-element_type=\"widget\" data-widget_type=\"image.default\">\n<div class=\"elementor-widget-container\"><img decoding=\"async\" class=\"attachment-large size-large wp-image-1872\" title=\"Centrale hydraulique 3\" src=\"https:\/\/hightopgroup.com\/wp-content\/uploads\/2024\/08\/\u7279\u5f813.jpg\" sizes=\"(max-width: 800px) 100vw, 800px\" srcset=\"https:\/\/hightopgroup.com\/wp-content\/uploads\/2024\/08\/\u7279\u5f813.jpg 800w, https:\/\/hightopgroup.com\/wp-content\/uploads\/2024\/08\/\u7279\u5f813-300x300.jpg 300w, https:\/\/hightopgroup.com\/wp-content\/uploads\/2024\/08\/\u7279\u5f813-150x150.jpg 150w, https:\/\/hightopgroup.com\/wp-content\/uploads\/2024\/08\/\u7279\u5f813-768x768.jpg 768w, https:\/\/hightopgroup.com\/wp-content\/uploads\/2024\/08\/\u7279\u5f813-600x600.jpg 600w\" alt=\"\u7279\u5f813\" width=\"800\" height=\"800\" \/><\/div>\n<\/div>\n<div class=\"elementor-element elementor-element-1a03bb3 elementor-widget elementor-widget-heading\" data-id=\"1a03bb3\" data-element_type=\"widget\" data-widget_type=\"heading.default\">\n<div class=\"elementor-widget-container\">\n<h2 class=\"elementor-heading-title elementor-size-default\">Ajouter un amortisseur<\/h2>\n<\/div>\n<\/div>\n<div class=\"elementor-element elementor-element-cb9ac85 elementor-widget elementor-widget-text-editor\" data-id=\"cb9ac85\" data-element_type=\"widget\" data-widget_type=\"text-editor.default\">\n<div class=\"elementor-widget-container\">\n<p>Installer le m\u00eame type d'amortisseur sous le moteur pour prolonger la dur\u00e9e de vie de la machine.<\/p>\n<\/div>\n<\/div>\n<\/div>\n<div class=\"elementor-element elementor-element-c6bb502 e-con-full e-flex e-con e-child\" data-id=\"c6bb502\" data-element_type=\"container\">\n<div class=\"elementor-element elementor-element-a654cb5 elementor-widget elementor-widget-image\" data-id=\"a654cb5\" data-element_type=\"widget\" data-widget_type=\"image.default\">\n<div class=\"elementor-widget-container\"><img loading=\"lazy\" decoding=\"async\" class=\"attachment-large size-large wp-image-1873\" title=\"Centrale hydraulique 4\" src=\"https:\/\/hightopgroup.com\/wp-content\/uploads\/2024\/08\/\u7279\u5f814.jpg\" sizes=\"(max-width: 800px) 100vw, 800px\" srcset=\"https:\/\/hightopgroup.com\/wp-content\/uploads\/2024\/08\/\u7279\u5f814.jpg 800w, https:\/\/hightopgroup.com\/wp-content\/uploads\/2024\/08\/\u7279\u5f814-300x300.jpg 300w, https:\/\/hightopgroup.com\/wp-content\/uploads\/2024\/08\/\u7279\u5f814-150x150.jpg 150w, https:\/\/hightopgroup.com\/wp-content\/uploads\/2024\/08\/\u7279\u5f814-768x768.jpg 768w, https:\/\/hightopgroup.com\/wp-content\/uploads\/2024\/08\/\u7279\u5f814-600x600.jpg 600w\" alt=\"\u7279\u5f814\" width=\"800\" height=\"800\" \/><\/div>\n<\/div>\n<div class=\"elementor-element elementor-element-84b165c elementor-widget elementor-widget-heading\" data-id=\"84b165c\" data-element_type=\"widget\" data-widget_type=\"heading.default\">\n<div class=\"elementor-widget-container\">\n<h2 class=\"elementor-heading-title elementor-size-default\">Moteur de la marque<\/h2>\n<\/div>\n<\/div>\n<div class=\"elementor-element elementor-element-9db03b7 elementor-widget elementor-widget-text-editor\" data-id=\"9db03b7\" data-element_type=\"widget\" data-widget_type=\"text-editor.default\">\n<div class=\"elementor-widget-container\">\n<p>Les composants hydrauliques et le moteur de marque garantissent une longue dur\u00e9e de vie \u00e0 la puissance hydraulique.<\/p>\n<\/div>\n<\/div>\n<\/div>\n<div class=\"elementor-element elementor-element-b2de1b5 e-con-full e-flex e-con e-child\" data-id=\"b2de1b5\" data-element_type=\"container\">\n<div class=\"elementor-element elementor-element-eec0d58 elementor-widget elementor-widget-image\" data-id=\"eec0d58\" data-element_type=\"widget\" data-widget_type=\"image.default\">\n<div class=\"elementor-widget-container\"><img loading=\"lazy\" decoding=\"async\" class=\"attachment-large size-large wp-image-1874\" title=\"Centrale hydraulique 5\" src=\"https:\/\/hightopgroup.com\/wp-content\/uploads\/2024\/08\/\u7279\u5f815.jpg\" sizes=\"(max-width: 800px) 100vw, 800px\" srcset=\"https:\/\/hightopgroup.com\/wp-content\/uploads\/2024\/08\/\u7279\u5f815.jpg 800w, https:\/\/hightopgroup.com\/wp-content\/uploads\/2024\/08\/\u7279\u5f815-300x300.jpg 300w, https:\/\/hightopgroup.com\/wp-content\/uploads\/2024\/08\/\u7279\u5f815-150x150.jpg 150w, https:\/\/hightopgroup.com\/wp-content\/uploads\/2024\/08\/\u7279\u5f815-768x768.jpg 768w, https:\/\/hightopgroup.com\/wp-content\/uploads\/2024\/08\/\u7279\u5f815-600x600.jpg 600w\" alt=\"\u7279\u5f815\" width=\"800\" height=\"800\" \/><\/div>\n<\/div>\n<div class=\"elementor-element elementor-element-cb9c692 elementor-widget elementor-widget-heading\" data-id=\"cb9c692\" data-element_type=\"widget\" data-widget_type=\"heading.default\">\n<div class=\"elementor-widget-container\">\n<h2 class=\"elementor-heading-title elementor-size-default\">Radiateur \u00e0 haute pression<\/h2>\n<\/div>\n<\/div>\n<div class=\"elementor-element elementor-element-4da304d elementor-widget elementor-widget-text-editor\" data-id=\"4da304d\" data-element_type=\"widget\" data-widget_type=\"text-editor.default\">\n<div class=\"elementor-widget-container\">\n<p>Refroidir l'huile hydraulique \u00e0 temps pour assurer une action souple et continue.<\/p>\n<\/div>\n<\/div>\n<\/div>\n<div class=\"elementor-element elementor-element-c218b52 e-con-full e-flex e-con e-child\" data-id=\"c218b52\" data-element_type=\"container\">\n<div class=\"elementor-element elementor-element-f6c1e7c elementor-widget elementor-widget-image\" data-id=\"f6c1e7c\" data-element_type=\"widget\" data-widget_type=\"image.default\">\n<div class=\"elementor-widget-container\"><img loading=\"lazy\" decoding=\"async\" class=\"attachment-large size-large wp-image-1875\" title=\"Centrale hydraulique 6\" src=\"https:\/\/hightopgroup.com\/wp-content\/uploads\/2024\/08\/\u7279\u5f816.jpg\" sizes=\"(max-width: 800px) 100vw, 800px\" srcset=\"https:\/\/hightopgroup.com\/wp-content\/uploads\/2024\/08\/\u7279\u5f816.jpg 800w, https:\/\/hightopgroup.com\/wp-content\/uploads\/2024\/08\/\u7279\u5f816-300x300.jpg 300w, https:\/\/hightopgroup.com\/wp-content\/uploads\/2024\/08\/\u7279\u5f816-150x150.jpg 150w, https:\/\/hightopgroup.com\/wp-content\/uploads\/2024\/08\/\u7279\u5f816-768x768.jpg 768w, https:\/\/hightopgroup.com\/wp-content\/uploads\/2024\/08\/\u7279\u5f816-600x600.jpg 600w\" alt=\"\u7279\u5f816\" width=\"800\" height=\"800\" \/><\/div>\n<\/div>\n<div class=\"elementor-element elementor-element-ff7b179 elementor-widget elementor-widget-heading\" data-id=\"ff7b179\" data-element_type=\"widget\" data-widget_type=\"heading.default\">\n<div class=\"elementor-widget-container\">\n<h2 class=\"elementor-heading-title elementor-size-default\">R\u00e9servoir de carburant de grand volume<\/h2>\n<\/div>\n<\/div>\n<div class=\"elementor-element elementor-element-2c6cde4 elementor-widget elementor-widget-text-editor\" data-id=\"2c6cde4\" data-element_type=\"widget\" data-widget_type=\"text-editor.default\">\n<div class=\"elementor-widget-container\">\n<p>Le r\u00e9servoir de grande capacit\u00e9 peut amortir le changement de temp\u00e9rature de l'huile, rendre la temp\u00e9rature de l'huile plus stable et r\u00e9duire l'impact de la fluctuation de la temp\u00e9rature de l'huile sur la performance du syst\u00e8me.<\/p>\n<\/div>\n<\/div>\n<\/div>\n<p>&nbsp;<\/p>\n<p>Param\u00e8tres<\/p>\n<div class=\"elementor-element elementor-element-de5a9f0 e-con-full e-flex e-con e-child\" data-id=\"de5a9f0\" data-element_type=\"container\">\n<div class=\"elementor-element elementor-element-e52e0c9 elementor-widget elementor-widget-text-editor\" data-id=\"e52e0c9\" data-element_type=\"widget\" data-widget_type=\"text-editor.default\">\n<div class=\"elementor-widget-container\">\n<table style=\"height: 238px; width: 100%;\" width=\"100%\">\n<tbody>\n<tr>\n<td style=\"text-align: left; vertical-align: middle; background-color: #f1f1f1; width: 40%;\"><strong>Mod\u00e8le : HT13-30<\/strong><\/td>\n<td style=\"vertical-align: middle; background-color: #f1f1f1; text-align: left; width: 60%; height: 50px;\"><\/td>\n<\/tr>\n<tr>\n<td style=\"text-align: left; vertical-align: middle; background-color: #f1f1f1; width: 40%;\"><strong>Nom du produit<\/strong><\/td>\n<td style=\"vertical-align: middle; background-color: #f1f1f1; text-align: left; width: 60%; height: 50px;\">Unit\u00e9 de puissance hydraulique<\/td>\n<\/tr>\n<tr>\n<td style=\"text-align: left; vertical-align: middle; background-color: #f1f1f1; width: 40%;\"><strong>M\u00e9thode de d\u00e9marrage<\/strong><\/td>\n<td style=\"vertical-align: middle; background-color: #f1f1f1; text-align: left; width: 60%; height: 50px;\">\u00c9lectrique<\/td>\n<\/tr>\n<tr>\n<td style=\"text-align: left; vertical-align: middle; background-color: #f1f1f1; width: 40%;\"><strong>Puissance du moteur<\/strong><\/td>\n<td style=\"vertical-align: middle; background-color: #f1f1f1; text-align: left; width: 60%; height: 50px;\">13. 5HP<\/td>\n<\/tr>\n<tr>\n<td style=\"text-align: left; vertical-align: middle; background-color: #f1f1f1; width: 40%;\"><strong>Moteur<\/strong><\/td>\n<td style=\"vertical-align: middle; background-color: #f1f1f1; text-align: left; width: 60%; height: 50px;\">Paragon simple<\/td>\n<\/tr>\n<tr>\n<td style=\"text-align: left; vertical-align: middle; background-color: #f1f1f1; width: 40%;\"><strong>Type d'alimentation<\/strong><\/td>\n<td style=\"vertical-align: middle; background-color: #f1f1f1; text-align: left; width: 60%; height: 50px;\">Moteur \u00e0 essence<\/td>\n<\/tr>\n<tr>\n<td style=\"text-align: left; vertical-align: middle; background-color: #f1f1f1; width: 40%;\"><strong>Composantes essentielles<\/strong><\/td>\n<td style=\"vertical-align: middle; background-color: #f1f1f1; text-align: left; width: 60%; height: 50px;\">Moteur, r\u00e9servoirs sous pression, pompe \u00e0 engrenages<\/td>\n<\/tr>\n<tr>\n<td style=\"text-align: left; vertical-align: middle; background-color: #f1f1f1; width: 40%;\"><strong>R\u00e9servoir hydraulique<br \/>\n<\/strong><\/td>\n<td style=\"vertical-align: middle; background-color: #f1f1f1; text-align: left; width: 60%; height: 50px;\">50L<\/td>\n<\/tr>\n<tr>\n<td style=\"text-align: left; vertical-align: middle; background-color: #f1f1f1; width: 40%;\"><strong>Valve de contr\u00f4le<br \/>\n<\/strong><\/td>\n<td style=\"vertical-align: middle; background-color: #f1f1f1; text-align: left; width: 60%; height: 50px;\">Contr\u00f4le bidirectionnel<\/td>\n<\/tr>\n<tr>\n<td style=\"text-align: left; vertical-align: middle; background-color: #f1f1f1; width: 40%;\"><strong>Pression du syst\u00e8me<br \/>\n<\/strong><\/td>\n<td style=\"vertical-align: middle; background-color: #f1f1f1; text-align: left; width: 60%; height: 50px;\">18MPA<\/td>\n<\/tr>\n<tr>\n<td style=\"text-align: left; vertical-align: middle; background-color: #f1f1f1; width: 40%;\"><strong>Consommation de carburant<br \/>\n<\/strong><\/td>\n<td style=\"vertical-align: middle; background-color: #f1f1f1; text-align: left; width: 60%; height: 50px;\">2L\/h<\/td>\n<\/tr>\n<tr>\n<td style=\"text-align: left; vertical-align: middle; background-color: #f1f1f1; width: 40%;\"><strong>Batterie<br \/>\n<\/strong><\/td>\n<td style=\"vertical-align: middle; background-color: #f1f1f1; text-align: left; width: 60%; height: 50px;\">12V 45A<\/td>\n<\/tr>\n<tr>\n<td style=\"text-align: left; vertical-align: middle; background-color: #f1f1f1; width: 40%;\"><strong>Pression du syst\u00e8me<br \/>\n<\/strong><\/td>\n<td style=\"vertical-align: middle; background-color: #f1f1f1; text-align: left; width: 60%; height: 50px;\">18MPA<\/td>\n<\/tr>\n<tr>\n<td style=\"text-align: left; vertical-align: middle; background-color: #f1f1f1; width: 40%;\"><strong>Accouplement rapide<br \/>\n<\/strong><\/td>\n<td style=\"vertical-align: middle; background-color: #f1f1f1; text-align: left; width: 60%; height: 50px;\">3\/8 joint plat<\/td>\n<\/tr>\n<tr>\n<td style=\"text-align: left; vertical-align: middle; background-color: #f1f1f1; width: 40%;\"><strong>Radiateur<br \/>\n<\/strong><\/td>\n<td style=\"vertical-align: middle; background-color: #f1f1f1; text-align: left; width: 60%; height: 50px;\">12V 8OA<\/td>\n<\/tr>\n<tr>\n<td style=\"text-align: left; vertical-align: middle; background-color: #f1f1f1; width: 40%;\"><strong>D\u00e9bit<br \/>\n<\/strong><\/td>\n<td style=\"vertical-align: middle; background-color: #f1f1f1; text-align: left; width: 60%; height: 50px;\">30L\/min<\/td>\n<\/tr>\n<tr>\n<td style=\"text-align: left; vertical-align: middle; background-color: #f1f1f1; width: 40%;\"><strong>Excavateur adapt\u00e9<br \/>\n<\/strong><\/td>\n<td style=\"background-color: #f1f1f1; text-align: left; vertical-align: middle; width: 60%; height: 50px;\">Tari\u00e8re, marteau, brise-roche...<\/td>\n<\/tr>\n<\/tbody>\n<\/table>\n<\/div>\n<\/div>\n<\/div>\n<div class=\"elementor-element elementor-element-3fbb200 e-con-full e-flex e-con e-child\" data-id=\"3fbb200\" data-element_type=\"container\">\n<div class=\"elementor-element elementor-element-9b29a08 elementor-widget elementor-widget-image\" data-id=\"9b29a08\" data-element_type=\"widget\" data-widget_type=\"image.default\">\n<div class=\"elementor-widget-container\"><img loading=\"lazy\" decoding=\"async\" class=\"attachment-large size-large wp-image-3357\" title=\"Centrale hydraulique 7\" src=\"https:\/\/hightopgroup.com\/wp-content\/uploads\/2024\/08\/\u52a8\u529b\u7ad9\u8be6\u60c5-\u82f1\u6587_13.jpg\" sizes=\"(max-width: 790px) 100vw, 790px\" srcset=\"https:\/\/hightopgroup.com\/wp-content\/uploads\/2024\/08\/\u52a8\u529b\u7ad9\u8be6\u60c5-\u82f1\u6587_13.jpg 790w, https:\/\/hightopgroup.com\/wp-content\/uploads\/2024\/08\/\u52a8\u529b\u7ad9\u8be6\u60c5-\u82f1\u6587_13-248x300.jpg 248w, https:\/\/hightopgroup.com\/wp-content\/uploads\/2024\/08\/\u52a8\u529b\u7ad9\u8be6\u60c5-\u82f1\u6587_13-768x930.jpg 768w, https:\/\/hightopgroup.com\/wp-content\/uploads\/2024\/08\/\u52a8\u529b\u7ad9\u8be6\u60c5-\u82f1\u6587_13-600x727.jpg 600w\" alt=\"\u52a8\u529b\u7ad9\u8be6\u60c5 \u82f1\u6587 13\" width=\"790\" height=\"957\" \/><\/div>\n<\/div>\n<\/div>","protected":false},"excerpt":{"rendered":"<p>Vue d'ensemble 1. haute rentabilit\u00e9 : En tant qu'usine g\u00e9r\u00e9e directement et situ\u00e9e dans la base de production d'engins de construction de la Chine, nous sommes en mesure de<\/p>","protected":false},"featured_media":17135,"template":"","meta":{"rank_math_lock_modified_date":false},"product_brand":[],"product_cat":[75],"product_tag":[],"class_list":{"0":"post-17133","1":"product","2":"type-product","3":"status-publish","4":"has-post-thumbnail","6":"product_cat-others","8":"first","9":"instock","10":"taxable","11":"shipping-taxable","12":"purchasable","13":"product-type-simple"},"_links":{"self":[{"href":"https:\/\/beleevo.prowebplanners.com\/fr\/wp-json\/wp\/v2\/product\/17133","targetHints":{"allow":["GET"]}}],"collection":[{"href":"https:\/\/beleevo.prowebplanners.com\/fr\/wp-json\/wp\/v2\/product"}],"about":[{"href":"https:\/\/beleevo.prowebplanners.com\/fr\/wp-json\/wp\/v2\/types\/product"}],"version-history":[{"count":3,"href":"https:\/\/beleevo.prowebplanners.com\/fr\/wp-json\/wp\/v2\/product\/17133\/revisions"}],"predecessor-version":[{"id":17293,"href":"https:\/\/beleevo.prowebplanners.com\/fr\/wp-json\/wp\/v2\/product\/17133\/revisions\/17293"}],"wp:featuredmedia":[{"embeddable":true,"href":"https:\/\/beleevo.prowebplanners.com\/fr\/wp-json\/wp\/v2\/media\/17135"}],"wp:attachment":[{"href":"https:\/\/beleevo.prowebplanners.com\/fr\/wp-json\/wp\/v2\/media?parent=17133"}],"wp:term":[{"taxonomy":"product_brand","embeddable":true,"href":"https:\/\/beleevo.prowebplanners.com\/fr\/wp-json\/wp\/v2\/product_brand?post=17133"},{"taxonomy":"product_cat","embeddable":true,"href":"https:\/\/beleevo.prowebplanners.com\/fr\/wp-json\/wp\/v2\/product_cat?post=17133"},{"taxonomy":"product_tag","embeddable":true,"href":"https:\/\/beleevo.prowebplanners.com\/fr\/wp-json\/wp\/v2\/product_tag?post=17133"}],"curies":[{"name":"wp","href":"https:\/\/api.w.org\/{rel}","templated":true}]}}