{"id":17117,"date":"2025-07-23T14:13:57","date_gmt":"2025-07-23T14:13:57","guid":{"rendered":"https:\/\/beleevo.prowebplanners.com\/produit\/skid-steer-loader-accessoriesforksnow-sweeperwood-chipperstump-grinderdiggerbrush-cutter\/"},"modified":"2025-07-23T14:14:38","modified_gmt":"2025-07-23T14:14:38","slug":"skid-steer-loader-accessoriesforksnow-sweeperwood-chipperstump-grinderdiggerbrush-cutter","status":"publish","type":"product","link":"https:\/\/beleevo.prowebplanners.com\/fr\/produit\/skid-steer-loader-accessoriesforksnow-sweeperwood-chipperstump-grinderdiggerbrush-cutter\/","title":{"rendered":"Accessoires pour chargeuse compacte, fourche, balayeuse, broyeur de bois, broyeur de souches, pelleteuse, d\u00e9broussailleuse"},"content":{"rendered":"<p>Vue d'ensemble<\/p>\n<div class=\"elementor-widget-container\">\n<p>Les chargeuses compactes Hightop ont des godets qui peuvent \u00eatre remplac\u00e9s par des fourches, des balayeuses \u00e0 neige, des broyeurs de bois, des dessoucheuses, des pelleteuses, des d\u00e9broussailleuses... Cela augmente l'efficacit\u00e9, r\u00e9duit les co\u00fbts, apporte de la flexibilit\u00e9 et de l'adaptabilit\u00e9, et am\u00e9liore la s\u00e9curit\u00e9 op\u00e9rationnelle, Cela augmente l'efficacit\u00e9, r\u00e9duit les co\u00fbts, apporte de la flexibilit\u00e9 et de l'adaptabilit\u00e9, am\u00e9liore la s\u00e9curit\u00e9 op\u00e9rationnelle, optimise l'utilisation des ressources et accro\u00eet la vitesse de construction. Ces avantages font des chargeuses compactes une machine de construction tr\u00e8s populaire.<\/p>\n<p>1. Am\u00e9liorer l'efficacit\u00e9 du travail, les chargeuses compactes peuvent rapidement changer d'accessoires pour r\u00e9aliser une vari\u00e9t\u00e9 de fonctions diff\u00e9rentes, telles que pelleter, empiler, soulever, creuser, forer, \u00e9craser, saisir, pousser, ameublir, creuser des foss\u00e9s, balayer les routes et les compacter. Cela signifie qu'un seul \u00e9quipement peut effectuer des t\u00e2ches multiples, r\u00e9duisant ainsi la n\u00e9cessit\u00e9 de recourir \u00e0 de nombreuses machines et \u00e9quipements diff\u00e9rents, et augmentant ainsi l'efficacit\u00e9 globale du travail.<\/p>\n<p>2. R\u00e9duction des co\u00fbts : comme une chargeuse compacte peut effectuer plusieurs t\u00e2ches, les entreprises peuvent r\u00e9duire les co\u00fbts d'achat et d'entretien de plusieurs machines et \u00e9quipements. En outre, la possibilit\u00e9 de changer rapidement d'accessoires r\u00e9duit le temps d'immobilisation de l'\u00e9quipement, ce qui diminue encore les co\u00fbts d'exploitation.<\/p>\n<p>3. Flexibilit\u00e9 et adaptabilit\u00e9, la polyvalence de la chargeuse compacte lui permet de fonctionner dans une vari\u00e9t\u00e9 d'environnements de travail diff\u00e9rents, qu'il s'agisse de la construction d'infrastructures urbaines, de routes ou de chantiers de construction, d'ateliers d'usines, d'entrep\u00f4ts, de quais, ou du pont du navire ou m\u00eame de la cabine du navire, comme d'un champ \u00e9troit. Cette flexibilit\u00e9 et cette adaptabilit\u00e9 font de la chargeuse compacte une machine de construction tr\u00e8s pratique.<\/p>\n<\/div>\n<p>&nbsp;<\/p>\n<p>Caract\u00e9ristiques et avantages<\/p>\n<div class=\"elementor-element elementor-element-138b23e e-con-full e-flex e-con e-child\" data-id=\"138b23e\" data-element_type=\"container\">\n<div class=\"elementor-element elementor-element-dc31022 elementor-widget elementor-widget-image\" data-id=\"dc31022\" data-element_type=\"widget\" data-widget_type=\"image.default\">\n<div class=\"elementor-widget-container\"> <img fetchpriority=\"high\" decoding=\"async\" width=\"800\" height=\"800\" src=\"https:\/\/hightopgroup.com\/wp-content\/uploads\/2025\/06\/\u6ed1\u79fb\u5c5e\u5177\u5288\u6728\u673a-Wood-Chipper8.jpg\" class=\"attachment-large size-large wp-image-4181\" alt=\"\u6ed1\u79fb\u5c5e\u5177\u5288\u6728\u673a Wood Chipper8\" srcset=\"https:\/\/hightopgroup.com\/wp-content\/uploads\/2025\/06\/\u6ed1\u79fb\u5c5e\u5177\u5288\u6728\u673a-Wood-Chipper8.jpg 800w, https:\/\/hightopgroup.com\/wp-content\/uploads\/2025\/06\/\u6ed1\u79fb\u5c5e\u5177\u5288\u6728\u673a-Wood-Chipper8-300x300.jpg 300w, https:\/\/hightopgroup.com\/wp-content\/uploads\/2025\/06\/\u6ed1\u79fb\u5c5e\u5177\u5288\u6728\u673a-Wood-Chipper8-150x150.jpg 150w, https:\/\/hightopgroup.com\/wp-content\/uploads\/2025\/06\/\u6ed1\u79fb\u5c5e\u5177\u5288\u6728\u673a-Wood-Chipper8-768x768.jpg 768w, https:\/\/hightopgroup.com\/wp-content\/uploads\/2025\/06\/\u6ed1\u79fb\u5c5e\u5177\u5288\u6728\u673a-Wood-Chipper8-600x600.jpg 600w\" sizes=\"(max-width: 800px) 100vw, 800px\" title=\"Accessoires pour chargeur Skid Steer, fourche, balayeuse, broyeur de bois, broyeur de souches, pelleteuse, d\u00e9broussailleuse 3\"><\/div>\n<\/div>\n<div class=\"elementor-element elementor-element-7fcb316 elementor-widget elementor-widget-heading\" data-id=\"7fcb316\" data-element_type=\"widget\" data-widget_type=\"heading.default\">\n<div class=\"elementor-widget-container\">\n<h2 class=\"elementor-heading-title elementor-size-default\">D\u00e9chiqueteuse de bois<\/h2>\n<\/div>\n<\/div>\n<div class=\"elementor-element elementor-element-1aa33d7 elementor-widget elementor-widget-text-editor\" data-id=\"1aa33d7\" data-element_type=\"widget\" data-widget_type=\"text-editor.default\">\n<div class=\"elementor-widget-container\">\n<p>Diam\u00e8tre de fendage:300mm Longueur de fendage:550mm Pression de travail:160Bar Taille de l'emballage:1700mm*460mm*970mm Poids de l'emballage:178kg<\/p>\n<\/div>\n<\/div>\n<\/div>\n<div class=\"elementor-element elementor-element-b74d99a e-con-full e-flex e-con e-child\" data-id=\"b74d99a\" data-element_type=\"container\">\n<div class=\"elementor-element elementor-element-d474faf elementor-widget elementor-widget-image\" data-id=\"d474faf\" data-element_type=\"widget\" data-widget_type=\"image.default\">\n<div class=\"elementor-widget-container\"> <img decoding=\"async\" width=\"800\" height=\"800\" src=\"https:\/\/hightopgroup.com\/wp-content\/uploads\/2025\/06\/\u6ed1\u79fb\u5c5e\u5177-\u626b\u96ea\u673a-Snow-sweeper15.jpg\" class=\"attachment-large size-large wp-image-4178\" alt=\"\u6ed1\u79fb\u5c5e\u5177 \u626b\u96ea\u673a Snow sweeper15\" srcset=\"https:\/\/hightopgroup.com\/wp-content\/uploads\/2025\/06\/\u6ed1\u79fb\u5c5e\u5177-\u626b\u96ea\u673a-Snow-sweeper15.jpg 800w, https:\/\/hightopgroup.com\/wp-content\/uploads\/2025\/06\/\u6ed1\u79fb\u5c5e\u5177-\u626b\u96ea\u673a-Snow-sweeper15-300x300.jpg 300w, https:\/\/hightopgroup.com\/wp-content\/uploads\/2025\/06\/\u6ed1\u79fb\u5c5e\u5177-\u626b\u96ea\u673a-Snow-sweeper15-150x150.jpg 150w, https:\/\/hightopgroup.com\/wp-content\/uploads\/2025\/06\/\u6ed1\u79fb\u5c5e\u5177-\u626b\u96ea\u673a-Snow-sweeper15-768x768.jpg 768w, https:\/\/hightopgroup.com\/wp-content\/uploads\/2025\/06\/\u6ed1\u79fb\u5c5e\u5177-\u626b\u96ea\u673a-Snow-sweeper15-600x600.jpg 600w\" sizes=\"(max-width: 800px) 100vw, 800px\" title=\"Accessoires pour chargeur Skid Steer,Fourche,Balayeuse,D\u00e9chiqueteuse,Broyeur de souches,Pelleteuse,D\u00e9broussailleuse 4\"><\/div>\n<\/div>\n<div class=\"elementor-element elementor-element-97e9dde elementor-widget elementor-widget-heading\" data-id=\"97e9dde\" data-element_type=\"widget\" data-widget_type=\"heading.default\">\n<div class=\"elementor-widget-container\">\n<h2 class=\"elementor-heading-title elementor-size-default\">Lance-neige<\/h2>\n<\/div>\n<\/div>\n<div class=\"elementor-element elementor-element-2c77c6d elementor-widget elementor-widget-text-editor\" data-id=\"2c77c6d\" data-element_type=\"widget\" data-widget_type=\"text-editor.default\">\n<div class=\"elementor-widget-container\">\n<p>Dimensions totales : 766mm*1060mm*1005<br \/>(860)mm<br \/>Poids : 136 kg<br \/>Volume de neige souffl\u00e9e\/heure : 40-50 (T)<br \/>\u00c9paisseur de projection max : 330mm<br \/>Largeur de balayage : 990 mm<br \/>Distance de projection maximale : 8-12m<br \/>Angle de r\u00e9glage du lancer : 0-360\u00b0.<br \/>Package size:1120mm*770mm*900mm<br \/>Poids de l'emballage : 168 kg<\/p>\n<\/div>\n<\/div>\n<\/div>\n<div class=\"elementor-element elementor-element-7aad0d8 e-con-full e-flex e-con e-child\" data-id=\"7aad0d8\" data-element_type=\"container\">\n<div class=\"elementor-element elementor-element-fbca415 elementor-widget elementor-widget-image\" data-id=\"fbca415\" data-element_type=\"widget\" data-widget_type=\"image.default\">\n<div class=\"elementor-widget-container\"> <img decoding=\"async\" width=\"800\" height=\"800\" src=\"https:\/\/hightopgroup.com\/wp-content\/uploads\/2024\/12\/\u6ed1\u79fb\u5c5e\u5177\u6811\u6869\u7c89\u788e\u673aStump-Grinder-3.jpg\" class=\"attachment-large size-large wp-image-3447\" alt=\"\u6ed1\u79fb\u5c5e\u5177\u6811\u6869\u7c89\u788e\u673aStump Grinder 3\" srcset=\"https:\/\/hightopgroup.com\/wp-content\/uploads\/2024\/12\/\u6ed1\u79fb\u5c5e\u5177\u6811\u6869\u7c89\u788e\u673aStump-Grinder-3.jpg 800w, https:\/\/hightopgroup.com\/wp-content\/uploads\/2024\/12\/\u6ed1\u79fb\u5c5e\u5177\u6811\u6869\u7c89\u788e\u673aStump-Grinder-3-300x300.jpg 300w, https:\/\/hightopgroup.com\/wp-content\/uploads\/2024\/12\/\u6ed1\u79fb\u5c5e\u5177\u6811\u6869\u7c89\u788e\u673aStump-Grinder-3-150x150.jpg 150w, https:\/\/hightopgroup.com\/wp-content\/uploads\/2024\/12\/\u6ed1\u79fb\u5c5e\u5177\u6811\u6869\u7c89\u788e\u673aStump-Grinder-3-768x768.jpg 768w, https:\/\/hightopgroup.com\/wp-content\/uploads\/2024\/12\/\u6ed1\u79fb\u5c5e\u5177\u6811\u6869\u7c89\u788e\u673aStump-Grinder-3-600x600.jpg 600w\" sizes=\"(max-width: 800px) 100vw, 800px\" title=\"Accessoires pour chargeur Skid Steer, fourche, balayeuse, broyeur de bois, dessoucheuse, pelleteuse, d\u00e9broussailleuse 5\"><\/div>\n<\/div>\n<div class=\"elementor-element elementor-element-1a03bb3 elementor-widget elementor-widget-heading\" data-id=\"1a03bb3\" data-element_type=\"widget\" data-widget_type=\"heading.default\">\n<div class=\"elementor-widget-container\">\n<h2 class=\"elementor-heading-title elementor-size-default\">Broyeur de souche<\/h2>\n<\/div>\n<\/div>\n<div class=\"elementor-element elementor-element-cb9ac85 elementor-widget elementor-widget-text-editor\" data-id=\"cb9ac85\" data-element_type=\"widget\" data-widget_type=\"text-editor.default\">\n<div class=\"elementor-widget-container\">\n<p>Overall dimention:775*850*460mm<br \/>Hauteur maximale de la souche : 500 mm<br \/>Profondeur de coupe maximale : 300 mm<br \/>Dents de moignon qty:16pcs<br \/>Poids : 120 kg<\/p>\n<\/div>\n<\/div>\n<\/div>\n<div class=\"elementor-element elementor-element-c6bb502 e-con-full e-flex e-con e-child\" data-id=\"c6bb502\" data-element_type=\"container\">\n<div class=\"elementor-element elementor-element-a654cb5 elementor-widget elementor-widget-image\" data-id=\"a654cb5\" data-element_type=\"widget\" data-widget_type=\"image.default\">\n<div class=\"elementor-widget-container\"> <img loading=\"lazy\" decoding=\"async\" width=\"800\" height=\"800\" src=\"https:\/\/hightopgroup.com\/wp-content\/uploads\/2025\/06\/\u6ed1\u79fb\u5c5e\u5177\u8d27\u53c9Fork-5.jpg\" class=\"attachment-large size-large wp-image-4176\" alt=\"\u6ed1\u79fb\u5c5e\u5177\u8d27\u53c9Fork 5\" srcset=\"https:\/\/hightopgroup.com\/wp-content\/uploads\/2025\/06\/\u6ed1\u79fb\u5c5e\u5177\u8d27\u53c9Fork-5.jpg 800w, https:\/\/hightopgroup.com\/wp-content\/uploads\/2025\/06\/\u6ed1\u79fb\u5c5e\u5177\u8d27\u53c9Fork-5-300x300.jpg 300w, https:\/\/hightopgroup.com\/wp-content\/uploads\/2025\/06\/\u6ed1\u79fb\u5c5e\u5177\u8d27\u53c9Fork-5-150x150.jpg 150w, https:\/\/hightopgroup.com\/wp-content\/uploads\/2025\/06\/\u6ed1\u79fb\u5c5e\u5177\u8d27\u53c9Fork-5-768x768.jpg 768w, https:\/\/hightopgroup.com\/wp-content\/uploads\/2025\/06\/\u6ed1\u79fb\u5c5e\u5177\u8d27\u53c9Fork-5-600x600.jpg 600w\" sizes=\"auto, (max-width: 800px) 100vw, 800px\" title=\"Accessoires pour chargeur Skid Steer,Fourche,Balayeuse,D\u00e9chiqueteuse,Broyeur de souches,Pelleteuse,D\u00e9broussailleuse 6\"><\/div>\n<\/div>\n<div class=\"elementor-element elementor-element-84b165c elementor-widget elementor-widget-heading\" data-id=\"84b165c\" data-element_type=\"widget\" data-widget_type=\"heading.default\">\n<div class=\"elementor-widget-container\">\n<h2 class=\"elementor-heading-title elementor-size-default\">fourchette<\/h2>\n<\/div>\n<\/div>\n<div class=\"elementor-element elementor-element-9db03b7 elementor-widget elementor-widget-text-editor\" data-id=\"9db03b7\" data-element_type=\"widget\" data-widget_type=\"text-editor.default\">\n<div class=\"elementor-widget-container\">\n<p>Dimention:1125mm*895mm*715mm<br \/>Longueur : 920 mm<br \/>Poids : 88 kg<br \/>Largeur maximale de la fourche : 841 mm<br \/>Capacit\u00e9 de charge nominale : 120 kg<br \/>Taille de l'emballage : 880*720*220mm<br \/>Poids de l'emballage : 68 kg<br \/>Taille de l'emballage : 900mm*860mm*220mm (avec d\u00e9placement lat\u00e9ral)<br \/>Poids de l'ensemble : 128 kg (avec d\u00e9placement lat\u00e9ral)<\/p>\n<\/div>\n<\/div>\n<\/div>\n<div class=\"elementor-element elementor-element-b2de1b5 e-con-full e-flex e-con e-child\" data-id=\"b2de1b5\" data-element_type=\"container\">\n<div class=\"elementor-element elementor-element-eec0d58 elementor-widget elementor-widget-image\" data-id=\"eec0d58\" data-element_type=\"widget\" data-widget_type=\"image.default\">\n<div class=\"elementor-widget-container\"> <img loading=\"lazy\" decoding=\"async\" width=\"800\" height=\"800\" src=\"https:\/\/hightopgroup.com\/wp-content\/uploads\/2024\/12\/\u6ed1\u79fb\u5c5e\u5177\u6316\u6398\u673adigger-5.jpg\" class=\"attachment-large size-large wp-image-3446\" alt=\"\u6ed1\u79fb\u5c5e\u5177\u6316\u6398\u673adigger 5\" srcset=\"https:\/\/hightopgroup.com\/wp-content\/uploads\/2024\/12\/\u6ed1\u79fb\u5c5e\u5177\u6316\u6398\u673adigger-5.jpg 800w, https:\/\/hightopgroup.com\/wp-content\/uploads\/2024\/12\/\u6ed1\u79fb\u5c5e\u5177\u6316\u6398\u673adigger-5-300x300.jpg 300w, https:\/\/hightopgroup.com\/wp-content\/uploads\/2024\/12\/\u6ed1\u79fb\u5c5e\u5177\u6316\u6398\u673adigger-5-150x150.jpg 150w, https:\/\/hightopgroup.com\/wp-content\/uploads\/2024\/12\/\u6ed1\u79fb\u5c5e\u5177\u6316\u6398\u673adigger-5-768x768.jpg 768w, https:\/\/hightopgroup.com\/wp-content\/uploads\/2024\/12\/\u6ed1\u79fb\u5c5e\u5177\u6316\u6398\u673adigger-5-600x600.jpg 600w\" sizes=\"auto, (max-width: 800px) 100vw, 800px\" title=\"Accessoires pour chargeur Skid Steer,Fourche,Balayeuse,D\u00e9chiqueteuse,Broyeur de souches,Pelleteuse,D\u00e9broussailleuse 7\"><\/div>\n<\/div>\n<div class=\"elementor-element elementor-element-cb9c692 elementor-widget elementor-widget-heading\" data-id=\"cb9c692\" data-element_type=\"widget\" data-widget_type=\"heading.default\">\n<div class=\"elementor-widget-container\">\n<h2 class=\"elementor-heading-title elementor-size-default\">Godet de fouille<\/h2>\n<\/div>\n<\/div>\n<div class=\"elementor-element elementor-element-4da304d elementor-widget elementor-widget-text-editor\" data-id=\"4da304d\" data-element_type=\"widget\" data-widget_type=\"text-editor.default\">\n<div class=\"elementor-widget-container\">\n<p>Dimention:1305*650*680mm<br \/>Profondeur de fouille : 1560mm<br \/>Capacit\u00e9 du godet : 0,03 m\u00b3<br \/>Package size:1660mm*630mm*550mm<br \/>Poids de l'emballage : 102 kg<\/p>\n<\/div>\n<\/div>\n<\/div>\n<div class=\"elementor-element elementor-element-c218b52 e-con-full e-flex e-con e-child\" data-id=\"c218b52\" data-element_type=\"container\">\n<div class=\"elementor-element elementor-element-f6c1e7c elementor-widget elementor-widget-image\" data-id=\"f6c1e7c\" data-element_type=\"widget\" data-widget_type=\"image.default\">\n<div class=\"elementor-widget-container\"> <img loading=\"lazy\" decoding=\"async\" width=\"800\" height=\"800\" src=\"https:\/\/hightopgroup.com\/wp-content\/uploads\/2025\/06\/\u6ed1\u79fb\u5c5e\u5177\u5272\u8349\u673a\u526a\u679d\u673aBrush-cutter-8.jpg\" class=\"attachment-large size-large wp-image-4175\" alt=\"\u6ed1\u79fb\u5c5e\u5177\u5272\u8349\u673a\u526a\u679d\u673aBrush cutter 8\" srcset=\"https:\/\/hightopgroup.com\/wp-content\/uploads\/2025\/06\/\u6ed1\u79fb\u5c5e\u5177\u5272\u8349\u673a\u526a\u679d\u673aBrush-cutter-8.jpg 800w, https:\/\/hightopgroup.com\/wp-content\/uploads\/2025\/06\/\u6ed1\u79fb\u5c5e\u5177\u5272\u8349\u673a\u526a\u679d\u673aBrush-cutter-8-300x300.jpg 300w, https:\/\/hightopgroup.com\/wp-content\/uploads\/2025\/06\/\u6ed1\u79fb\u5c5e\u5177\u5272\u8349\u673a\u526a\u679d\u673aBrush-cutter-8-150x150.jpg 150w, https:\/\/hightopgroup.com\/wp-content\/uploads\/2025\/06\/\u6ed1\u79fb\u5c5e\u5177\u5272\u8349\u673a\u526a\u679d\u673aBrush-cutter-8-768x768.jpg 768w, https:\/\/hightopgroup.com\/wp-content\/uploads\/2025\/06\/\u6ed1\u79fb\u5c5e\u5177\u5272\u8349\u673a\u526a\u679d\u673aBrush-cutter-8-600x600.jpg 600w\" sizes=\"auto, (max-width: 800px) 100vw, 800px\" title=\"Accessoires pour chargeur Skid Steer,Fourche,Balayeuse,D\u00e9chiqueteuse,Broyeur de souches,Pelleteuse,D\u00e9broussailleuse 8\"><\/div>\n<\/div>\n<div class=\"elementor-element elementor-element-ff7b179 elementor-widget elementor-widget-heading\" data-id=\"ff7b179\" data-element_type=\"widget\" data-widget_type=\"heading.default\">\n<div class=\"elementor-widget-container\">\n<h2 class=\"elementor-heading-title elementor-size-default\">D\u00e9broussailleuse<\/h2>\n<\/div>\n<\/div>\n<div class=\"elementor-element elementor-element-2c6cde4 elementor-widget elementor-widget-text-editor\" data-id=\"2c6cde4\" data-element_type=\"widget\" data-widget_type=\"text-editor.default\">\n<div class=\"elementor-widget-container\">\n<p>Dimention:1236mm*1295mm*446mm<br \/>Hauteur de coupe : 500 mm<br \/>Largeur de coupe : 1185 mm<br \/>lames de coupe:2pcs<br \/>Poids : 170 kg<br \/>Taille de l'emballage : 1350mm*1400mm*560mm<\/p>\n<\/div>\n<\/div>\n<\/div>\n<p>&nbsp;<\/p>\n<p>Param\u00e8tres<\/p>\n<div class=\"elementor-element elementor-element-de5a9f0 e-con-full e-flex e-con e-child\" data-id=\"de5a9f0\" data-element_type=\"container\">\n<div class=\"elementor-element elementor-element-e52e0c9 elementor-widget elementor-widget-text-editor\" data-id=\"e52e0c9\" data-element_type=\"widget\" data-widget_type=\"text-editor.default\">\n<div class=\"elementor-widget-container\">\n<div class=\"elementor-element elementor-element-7fcb316 elementor-widget elementor-widget-heading\" data-id=\"7fcb316\" data-element_type=\"widget\" data-widget_type=\"heading.default\">\n<p>D\u00e9chiqueteuse de bois :<\/p>\n<p class=\"elementor-widget-container\">Diam\u00e8tre de fendage : 300 mm<\/p>\n<p class=\"elementor-widget-container\">Longueur de fente : 550 mm<\/p>\n<p class=\"elementor-widget-container\">Pression de service : 160 bar Paquet<\/p>\n<p class=\"elementor-widget-container\">size:1700mm*460mm*970mm<\/p>\n<p class=\"elementor-widget-container\">Poids de l'emballage : 178 kg<\/p>\n<p>Lance-neige :<\/p>\n<\/div>\n<p>Dimensions totales : 766mm*1060mm*1005<br \/>(860)mm<br \/>Poids : 136 kg<br \/>Volume de neige souffl\u00e9e\/heure : 40-50 (T)<br \/>\u00c9paisseur de projection max : 330mm<br \/>Largeur de balayage : 990 mm<br \/>Distance de projection maximale : 8-12m<br \/>Angle de r\u00e9glage du lancer : 0-360\u00b0.<br \/>Package size:1120mm*770mm*900mm<br \/>Poids de l'emballage : 168 kg<\/p>\n<\/div>\n<\/div>\n<\/div>\n<div class=\"elementor-element elementor-element-3fbb200 e-con-full e-flex e-con e-child\" data-id=\"3fbb200\" data-element_type=\"container\">\n<div class=\"elementor-element elementor-element-9b29a08 elementor-widget elementor-widget-image\" data-id=\"9b29a08\" data-element_type=\"widget\" data-widget_type=\"image.default\">\n<div class=\"elementor-widget-container\"> <img loading=\"lazy\" decoding=\"async\" width=\"800\" height=\"800\" src=\"https:\/\/hightopgroup.com\/wp-content\/uploads\/2025\/06\/801.jpg\" class=\"attachment-large size-large wp-image-4174\" alt=\"801\" srcset=\"https:\/\/hightopgroup.com\/wp-content\/uploads\/2025\/06\/801.jpg 800w, https:\/\/hightopgroup.com\/wp-content\/uploads\/2025\/06\/801-300x300.jpg 300w, https:\/\/hightopgroup.com\/wp-content\/uploads\/2025\/06\/801-150x150.jpg 150w, https:\/\/hightopgroup.com\/wp-content\/uploads\/2025\/06\/801-768x768.jpg 768w, https:\/\/hightopgroup.com\/wp-content\/uploads\/2025\/06\/801-600x600.jpg 600w\" sizes=\"auto, (max-width: 800px) 100vw, 800px\" title=\"Accessoires pour chargeur Skid Steer,Fourche,Balayeuse,D\u00e9chiqueteuse,Broyeur de souches,Pelleteuse,D\u00e9broussailleuse 9\"><\/div>\n<\/div>\n<\/div>","protected":false},"excerpt":{"rendered":"<p>Vue d'ensemble Les chargeuses compactes Hightop ont des godets qui peuvent \u00eatre remplac\u00e9s par des fourches, des balayeuses \u00e0 neige, des broyeurs de bois, des dessoucheuses, des excavateurs,<\/p>","protected":false},"featured_media":17119,"template":"","meta":{"rank_math_lock_modified_date":false},"product_brand":[],"product_cat":[47],"product_tag":[],"class_list":{"0":"post-17117","1":"product","2":"type-product","3":"status-publish","4":"has-post-thumbnail","6":"product_cat-accessories","8":"first","9":"instock","10":"product-type-simple"},"_links":{"self":[{"href":"https:\/\/beleevo.prowebplanners.com\/fr\/wp-json\/wp\/v2\/product\/17117","targetHints":{"allow":["GET"]}}],"collection":[{"href":"https:\/\/beleevo.prowebplanners.com\/fr\/wp-json\/wp\/v2\/product"}],"about":[{"href":"https:\/\/beleevo.prowebplanners.com\/fr\/wp-json\/wp\/v2\/types\/product"}],"version-history":[{"count":1,"href":"https:\/\/beleevo.prowebplanners.com\/fr\/wp-json\/wp\/v2\/product\/17117\/revisions"}],"predecessor-version":[{"id":17118,"href":"https:\/\/beleevo.prowebplanners.com\/fr\/wp-json\/wp\/v2\/product\/17117\/revisions\/17118"}],"wp:featuredmedia":[{"embeddable":true,"href":"https:\/\/beleevo.prowebplanners.com\/fr\/wp-json\/wp\/v2\/media\/17119"}],"wp:attachment":[{"href":"https:\/\/beleevo.prowebplanners.com\/fr\/wp-json\/wp\/v2\/media?parent=17117"}],"wp:term":[{"taxonomy":"product_brand","embeddable":true,"href":"https:\/\/beleevo.prowebplanners.com\/fr\/wp-json\/wp\/v2\/product_brand?post=17117"},{"taxonomy":"product_cat","embeddable":true,"href":"https:\/\/beleevo.prowebplanners.com\/fr\/wp-json\/wp\/v2\/product_cat?post=17117"},{"taxonomy":"product_tag","embeddable":true,"href":"https:\/\/beleevo.prowebplanners.com\/fr\/wp-json\/wp\/v2\/product_tag?post=17117"}],"curies":[{"name":"wp","href":"https:\/\/api.w.org\/{rel}","templated":true}]}}