{"id":17108,"date":"2025-07-23T14:13:57","date_gmt":"2025-07-23T14:13:57","guid":{"rendered":"https:\/\/beleevo.prowebplanners.com\/produit\/skid-steer-loader-accessoriestrencherlawn-mowersweepersnow-bladehydraulic-grappleripper\/"},"modified":"2025-07-23T14:14:24","modified_gmt":"2025-07-23T14:14:24","slug":"skid-steer-loader-accessoriestrencherlawn-mowersweepersnow-bladehydraulic-grappleripper","status":"publish","type":"product","link":"https:\/\/beleevo.prowebplanners.com\/fr\/produit\/skid-steer-loader-accessoriestrencherlawn-mowersweepersnow-bladehydraulic-grappleripper\/","title":{"rendered":"Accessoires pour chargeuse compacte,Trancheuse,Tondeuse \u00e0 gazon,Balayeuse,Lame \u00e0 neige,Grappin hydraulique,Ripper"},"content":{"rendered":"<p>Vue d'ensemble<\/p>\n<div class=\"elementor-widget-container\">\n<p>Les chargeuses compactes Hightop ont des godets qui peuvent \u00eatre remplac\u00e9s par des trancheuses, des tondeuses \u00e0 gazon, des balayeuses, des lames \u00e0 neige, des grappins hydrauliques, des rippeurs. Cela augmente l'efficacit\u00e9, r\u00e9duit les co\u00fbts, offre une flexibilit\u00e9 et une adaptabilit\u00e9, am\u00e9liore la s\u00e9curit\u00e9 op\u00e9rationnelle, optimise l'utilisation des ressources et augmente la vitesse de construction. Ces avantages font des chargeurs compacts une machine de construction tr\u00e8s populaire.<\/p>\n<p>1. Am\u00e9liorer l'efficacit\u00e9 du travail, les chargeuses compactes peuvent rapidement changer d'accessoires pour r\u00e9aliser une vari\u00e9t\u00e9 de fonctions diff\u00e9rentes, telles que pelleter, empiler, soulever, creuser, forer, \u00e9craser, saisir, pousser, ameublir, creuser des foss\u00e9s, balayer les routes et les compacter. Cela signifie qu'un seul \u00e9quipement peut effectuer des t\u00e2ches multiples, r\u00e9duisant ainsi la n\u00e9cessit\u00e9 de recourir \u00e0 de nombreuses machines et \u00e9quipements diff\u00e9rents, et augmentant ainsi l'efficacit\u00e9 globale du travail.<\/p>\n<p>2. R\u00e9duction des co\u00fbts : comme une chargeuse compacte peut effectuer plusieurs t\u00e2ches, les entreprises peuvent r\u00e9duire les co\u00fbts d'achat et d'entretien de plusieurs machines et \u00e9quipements. En outre, la possibilit\u00e9 de changer rapidement d'accessoires r\u00e9duit le temps d'immobilisation de l'\u00e9quipement, ce qui diminue encore les co\u00fbts d'exploitation.<\/p>\n<p>3. Flexibilit\u00e9 et adaptabilit\u00e9, la polyvalence de la chargeuse compacte lui permet de fonctionner dans une vari\u00e9t\u00e9 d'environnements de travail diff\u00e9rents, qu'il s'agisse de la construction d'infrastructures urbaines, de routes ou de chantiers de construction, d'ateliers d'usines, d'entrep\u00f4ts, de quais, ou du pont du navire ou m\u00eame de la cabine du navire, comme d'un champ \u00e9troit. Cette flexibilit\u00e9 et cette adaptabilit\u00e9 font de la chargeuse compacte une machine de construction tr\u00e8s pratique.<\/p>\n<\/div>\n<p>&nbsp;<\/p>\n<p>Caract\u00e9ristiques et avantages<\/p>\n<div class=\"elementor-element elementor-element-138b23e e-con-full e-flex e-con e-child\" data-id=\"138b23e\" data-element_type=\"container\">\n<div class=\"elementor-element elementor-element-dc31022 elementor-widget elementor-widget-image\" data-id=\"dc31022\" data-element_type=\"widget\" data-widget_type=\"image.default\">\n<div class=\"elementor-widget-container\"> <img fetchpriority=\"high\" decoding=\"async\" width=\"800\" height=\"800\" src=\"https:\/\/hightopgroup.com\/wp-content\/uploads\/2024\/12\/\u6ed1\u79fb\u5c5e\u5177\u5f00\u6c9f\u673aTrencher-5.jpg\" class=\"attachment-large size-large wp-image-3470\" alt=\"\u6ed1\u79fb\u5c5e\u5177\u5f00\u6c9f\u673aTrencher 5\" srcset=\"https:\/\/hightopgroup.com\/wp-content\/uploads\/2024\/12\/\u6ed1\u79fb\u5c5e\u5177\u5f00\u6c9f\u673aTrencher-5.jpg 800w, https:\/\/hightopgroup.com\/wp-content\/uploads\/2024\/12\/\u6ed1\u79fb\u5c5e\u5177\u5f00\u6c9f\u673aTrencher-5-300x300.jpg 300w, https:\/\/hightopgroup.com\/wp-content\/uploads\/2024\/12\/\u6ed1\u79fb\u5c5e\u5177\u5f00\u6c9f\u673aTrencher-5-150x150.jpg 150w, https:\/\/hightopgroup.com\/wp-content\/uploads\/2024\/12\/\u6ed1\u79fb\u5c5e\u5177\u5f00\u6c9f\u673aTrencher-5-768x768.jpg 768w, https:\/\/hightopgroup.com\/wp-content\/uploads\/2024\/12\/\u6ed1\u79fb\u5c5e\u5177\u5f00\u6c9f\u673aTrencher-5-600x600.jpg 600w\" sizes=\"(max-width: 800px) 100vw, 800px\" title=\"Accessoires pour chargeuse compacte,Trancheuse,Tondeuse \u00e0 gazon,Balayeuse,Lame \u00e0 neige,Grappin hydraulique,Ripper 1\"><\/div>\n<\/div>\n<div class=\"elementor-element elementor-element-7fcb316 elementor-widget elementor-widget-heading\" data-id=\"7fcb316\" data-element_type=\"widget\" data-widget_type=\"heading.default\">\n<div class=\"elementor-widget-container\">\n<h2 class=\"elementor-heading-title elementor-size-default\">Trancheuse<\/h2>\n<\/div>\n<\/div>\n<div class=\"elementor-element elementor-element-1aa33d7 elementor-widget elementor-widget-text-editor\" data-id=\"1aa33d7\" data-element_type=\"widget\" data-widget_type=\"text-editor.default\">\n<div class=\"elementor-widget-container\">\n<p>Overall dimention:1600mm*630mm*730mm<br \/>Poids : 150 kg<br \/>Profondeur de tranch\u00e9e maximale : 800 mm<br \/>Largeur de tranch\u00e9e une fois : 155mm<br \/>Vitesse de la cha\u00eene : 128m\/min<br \/>Package size:1820mm*640mm*830mm<br \/>Poids de l'emballage : 182 kg<\/p>\n<\/div>\n<\/div>\n<\/div>\n<div class=\"elementor-element elementor-element-b74d99a e-con-full e-flex e-con e-child\" data-id=\"b74d99a\" data-element_type=\"container\">\n<div class=\"elementor-element elementor-element-d474faf elementor-widget elementor-widget-image\" data-id=\"d474faf\" data-element_type=\"widget\" data-widget_type=\"image.default\">\n<div class=\"elementor-widget-container\"> <img decoding=\"async\" width=\"800\" height=\"800\" src=\"https:\/\/hightopgroup.com\/wp-content\/uploads\/2024\/12\/\u6ed1\u79fb\u5c5e\u5177\u5408\u96c6.jpg\" class=\"attachment-large size-large wp-image-3472\" alt=\"\u6ed1\u79fb\u5c5e\u5177\u5408\u96c6\" srcset=\"https:\/\/hightopgroup.com\/wp-content\/uploads\/2024\/12\/\u6ed1\u79fb\u5c5e\u5177\u5408\u96c6.jpg 800w, https:\/\/hightopgroup.com\/wp-content\/uploads\/2024\/12\/\u6ed1\u79fb\u5c5e\u5177\u5408\u96c6-300x300.jpg 300w, https:\/\/hightopgroup.com\/wp-content\/uploads\/2024\/12\/\u6ed1\u79fb\u5c5e\u5177\u5408\u96c6-150x150.jpg 150w, https:\/\/hightopgroup.com\/wp-content\/uploads\/2024\/12\/\u6ed1\u79fb\u5c5e\u5177\u5408\u96c6-768x768.jpg 768w, https:\/\/hightopgroup.com\/wp-content\/uploads\/2024\/12\/\u6ed1\u79fb\u5c5e\u5177\u5408\u96c6-600x600.jpg 600w\" sizes=\"(max-width: 800px) 100vw, 800px\" title=\"Accessoires pour chargeuse compacte,Trancheuse,Tondeuse \u00e0 gazon,Balayeuse,Lame \u00e0 neige,Grappin hydraulique,Ripper 2\"><\/div>\n<\/div>\n<div class=\"elementor-element elementor-element-97e9dde elementor-widget elementor-widget-heading\" data-id=\"97e9dde\" data-element_type=\"widget\" data-widget_type=\"heading.default\">\n<div class=\"elementor-widget-container\">\n<h2 class=\"elementor-heading-title elementor-size-default\">Balayeur<\/h2>\n<\/div>\n<\/div>\n<div class=\"elementor-element elementor-element-2c77c6d elementor-widget elementor-widget-text-editor\" data-id=\"2c77c6d\" data-element_type=\"widget\" data-widget_type=\"text-editor.default\">\n<div class=\"elementor-widget-container\">\n<p>Dimention:925mm*1417mm*525mm<br \/>Diam\u00e8tre de la brosse : 500 mm<br \/>Largeur de balayage : 1050mm<br \/>Package size:1360mm*600mm*850mm<br \/>Poids de l'emballage : 163 kg<\/p>\n<\/div>\n<\/div>\n<\/div>\n<div class=\"elementor-element elementor-element-7aad0d8 e-con-full e-flex e-con e-child\" data-id=\"7aad0d8\" data-element_type=\"container\">\n<div class=\"elementor-element elementor-element-fbca415 elementor-widget elementor-widget-image\" data-id=\"fbca415\" data-element_type=\"widget\" data-widget_type=\"image.default\">\n<div class=\"elementor-widget-container\"> <img decoding=\"async\" width=\"800\" height=\"800\" src=\"https:\/\/hightopgroup.com\/wp-content\/uploads\/2024\/12\/\u6db2\u538b\u6293\u65972.jpg\" class=\"attachment-large size-large wp-image-3474\" alt=\"\u6db2\u538b\u6293\u65972\" srcset=\"https:\/\/hightopgroup.com\/wp-content\/uploads\/2024\/12\/\u6db2\u538b\u6293\u65972.jpg 800w, https:\/\/hightopgroup.com\/wp-content\/uploads\/2024\/12\/\u6db2\u538b\u6293\u65972-300x300.jpg 300w, https:\/\/hightopgroup.com\/wp-content\/uploads\/2024\/12\/\u6db2\u538b\u6293\u65972-150x150.jpg 150w, https:\/\/hightopgroup.com\/wp-content\/uploads\/2024\/12\/\u6db2\u538b\u6293\u65972-768x768.jpg 768w, https:\/\/hightopgroup.com\/wp-content\/uploads\/2024\/12\/\u6db2\u538b\u6293\u65972-600x600.jpg 600w\" sizes=\"(max-width: 800px) 100vw, 800px\" title=\"Accessoires pour chargeuse compacte,Trancheuse,Tondeuse \u00e0 gazon,Balayeuse,Lame \u00e0 neige,Grappin hydraulique,Ripper 3\"><\/div>\n<\/div>\n<div class=\"elementor-element elementor-element-1a03bb3 elementor-widget elementor-widget-heading\" data-id=\"1a03bb3\" data-element_type=\"widget\" data-widget_type=\"heading.default\">\n<div class=\"elementor-widget-container\">\n<h2 class=\"elementor-heading-title elementor-size-default\">Grappin hydraulique<\/h2>\n<\/div>\n<\/div>\n<div class=\"elementor-element elementor-element-cb9ac85 elementor-widget elementor-widget-text-editor\" data-id=\"cb9ac85\" data-element_type=\"widget\" data-widget_type=\"text-editor.default\">\n<div class=\"elementor-widget-container\">\n<p>Taille : 980 \u00d7 770 \u00d7 600 mm<br \/>Angle d'ouverture maximal : 88\u00b0.<br \/>Capacit\u00e9 de charge nominale : 110 kg<br \/>Pression du syst\u00e8me : 16Mpa<br \/>Taille de l'emballage : 970mm*830mm*680mm<br \/>Poids de l'emballage : 135 kg<\/p>\n<\/div>\n<\/div>\n<\/div>\n<div class=\"elementor-element elementor-element-c6bb502 e-con-full e-flex e-con e-child\" data-id=\"c6bb502\" data-element_type=\"container\">\n<div class=\"elementor-element elementor-element-a654cb5 elementor-widget elementor-widget-image\" data-id=\"a654cb5\" data-element_type=\"widget\" data-widget_type=\"image.default\">\n<div class=\"elementor-widget-container\"> <img loading=\"lazy\" decoding=\"async\" width=\"800\" height=\"800\" src=\"https:\/\/hightopgroup.com\/wp-content\/uploads\/2025\/06\/\u6ed1\u79fb\u5c5e\u5177\u5272\u8349\u673aLawn-mower-4.jpg\" class=\"attachment-large size-large wp-image-4167\" alt=\"\u6ed1\u79fb\u5c5e\u5177\u5272\u8349\u673aLawn mower 4\" srcset=\"https:\/\/hightopgroup.com\/wp-content\/uploads\/2025\/06\/\u6ed1\u79fb\u5c5e\u5177\u5272\u8349\u673aLawn-mower-4.jpg 800w, https:\/\/hightopgroup.com\/wp-content\/uploads\/2025\/06\/\u6ed1\u79fb\u5c5e\u5177\u5272\u8349\u673aLawn-mower-4-300x300.jpg 300w, https:\/\/hightopgroup.com\/wp-content\/uploads\/2025\/06\/\u6ed1\u79fb\u5c5e\u5177\u5272\u8349\u673aLawn-mower-4-150x150.jpg 150w, https:\/\/hightopgroup.com\/wp-content\/uploads\/2025\/06\/\u6ed1\u79fb\u5c5e\u5177\u5272\u8349\u673aLawn-mower-4-768x768.jpg 768w, https:\/\/hightopgroup.com\/wp-content\/uploads\/2025\/06\/\u6ed1\u79fb\u5c5e\u5177\u5272\u8349\u673aLawn-mower-4-600x600.jpg 600w\" sizes=\"auto, (max-width: 800px) 100vw, 800px\" title=\"Accessoires pour chargeuse compacte,Trancheuse,Tondeuse \u00e0 gazon,Balayeuse,Lame \u00e0 neige,Grappin hydraulique,Ripper 4\"><\/div>\n<\/div>\n<div class=\"elementor-element elementor-element-84b165c elementor-widget elementor-widget-heading\" data-id=\"84b165c\" data-element_type=\"widget\" data-widget_type=\"heading.default\">\n<div class=\"elementor-widget-container\">\n<h2 class=\"elementor-heading-title elementor-size-default\">Tondeuse \u00e0 gazon<\/h2>\n<\/div>\n<\/div>\n<div class=\"elementor-element elementor-element-9db03b7 elementor-widget elementor-widget-text-editor\" data-id=\"9db03b7\" data-element_type=\"widget\" data-widget_type=\"text-editor.default\">\n<div class=\"elementor-widget-container\">\n<p>Size:1260mm*1360mm*530mm<br \/>Poids : 184 kg<br \/>Largeur de coupe : 1070 mm<br \/>Hauteur de coupe : 25-100 mm<br \/>Lames : 3 pi\u00e8ces <br \/>D\u00e9bit : 25L\/min<br \/>Package size:1250mm*1110mm*500mm<br \/>Poids de l'emballage : 129 kg<\/p>\n<\/div>\n<\/div>\n<\/div>\n<div class=\"elementor-element elementor-element-b2de1b5 e-con-full e-flex e-con e-child\" data-id=\"b2de1b5\" data-element_type=\"container\">\n<div class=\"elementor-element elementor-element-eec0d58 elementor-widget elementor-widget-image\" data-id=\"eec0d58\" data-element_type=\"widget\" data-widget_type=\"image.default\">\n<div class=\"elementor-widget-container\"> <img loading=\"lazy\" decoding=\"async\" width=\"800\" height=\"800\" src=\"https:\/\/hightopgroup.com\/wp-content\/uploads\/2024\/12\/\u6ed1\u79fb\u5c5e\u5177\u63a8\u96ea\u94f2-12.jpg\" class=\"attachment-large size-large wp-image-3473\" alt=\"\u6ed1\u79fb\u5c5e\u5177\u63a8\u96ea\u94f2 12\" srcset=\"https:\/\/hightopgroup.com\/wp-content\/uploads\/2024\/12\/\u6ed1\u79fb\u5c5e\u5177\u63a8\u96ea\u94f2-12.jpg 800w, https:\/\/hightopgroup.com\/wp-content\/uploads\/2024\/12\/\u6ed1\u79fb\u5c5e\u5177\u63a8\u96ea\u94f2-12-300x300.jpg 300w, https:\/\/hightopgroup.com\/wp-content\/uploads\/2024\/12\/\u6ed1\u79fb\u5c5e\u5177\u63a8\u96ea\u94f2-12-150x150.jpg 150w, https:\/\/hightopgroup.com\/wp-content\/uploads\/2024\/12\/\u6ed1\u79fb\u5c5e\u5177\u63a8\u96ea\u94f2-12-768x768.jpg 768w, https:\/\/hightopgroup.com\/wp-content\/uploads\/2024\/12\/\u6ed1\u79fb\u5c5e\u5177\u63a8\u96ea\u94f2-12-600x600.jpg 600w\" sizes=\"auto, (max-width: 800px) 100vw, 800px\" title=\"Accessoires pour chargeuse compacte,Trancheuse,Tondeuse \u00e0 gazon,Balayeuse,Lame \u00e0 neige,Grappin hydraulique,Ripper 5\"><\/div>\n<\/div>\n<div class=\"elementor-element elementor-element-cb9c692 elementor-widget elementor-widget-heading\" data-id=\"cb9c692\" data-element_type=\"widget\" data-widget_type=\"heading.default\">\n<div class=\"elementor-widget-container\">\n<h2 class=\"elementor-heading-title elementor-size-default\">Lame de neige<\/h2>\n<\/div>\n<\/div>\n<div class=\"elementor-element elementor-element-4da304d elementor-widget elementor-widget-text-editor\" data-id=\"4da304d\" data-element_type=\"widget\" data-widget_type=\"text-editor.default\">\n<div class=\"elementor-widget-container\">\n<p>Dimention:1100mm*650mm*520mm<br \/>Poids : 120 Kg<br \/>Angle d'inclinaison : \u00b130\u00b0.<br \/>Largeur de la lame \u00e0 l'angle d'inclinaison maximal : 870 mm<\/p>\n<\/div>\n<\/div>\n<\/div>\n<div class=\"elementor-element elementor-element-c218b52 e-con-full e-flex e-con e-child\" data-id=\"c218b52\" data-element_type=\"container\">\n<div class=\"elementor-element elementor-element-f6c1e7c elementor-widget elementor-widget-image\" data-id=\"f6c1e7c\" data-element_type=\"widget\" data-widget_type=\"image.default\">\n<div class=\"elementor-widget-container\"> <img loading=\"lazy\" decoding=\"async\" width=\"800\" height=\"800\" src=\"https:\/\/hightopgroup.com\/wp-content\/uploads\/2024\/12\/\u6ed1\u79fb\u5c5e\u5177\u677e\u571f\u5668-62.jpg\" class=\"attachment-large size-large wp-image-3475\" alt=\"\u6ed1\u79fb\u5c5e\u5177\u677e\u571f\u5668 62\" srcset=\"https:\/\/hightopgroup.com\/wp-content\/uploads\/2024\/12\/\u6ed1\u79fb\u5c5e\u5177\u677e\u571f\u5668-62.jpg 800w, https:\/\/hightopgroup.com\/wp-content\/uploads\/2024\/12\/\u6ed1\u79fb\u5c5e\u5177\u677e\u571f\u5668-62-300x300.jpg 300w, https:\/\/hightopgroup.com\/wp-content\/uploads\/2024\/12\/\u6ed1\u79fb\u5c5e\u5177\u677e\u571f\u5668-62-150x150.jpg 150w, https:\/\/hightopgroup.com\/wp-content\/uploads\/2024\/12\/\u6ed1\u79fb\u5c5e\u5177\u677e\u571f\u5668-62-768x768.jpg 768w, https:\/\/hightopgroup.com\/wp-content\/uploads\/2024\/12\/\u6ed1\u79fb\u5c5e\u5177\u677e\u571f\u5668-62-600x600.jpg 600w\" sizes=\"auto, (max-width: 800px) 100vw, 800px\" title=\"Accessoires pour chargeuse compacte,Trancheuse,Tondeuse \u00e0 gazon,Balayeuse,Lame \u00e0 neige,Grappin hydraulique,Ripper 6\"><\/div>\n<\/div>\n<div class=\"elementor-element elementor-element-ff7b179 elementor-widget elementor-widget-heading\" data-id=\"ff7b179\" data-element_type=\"widget\" data-widget_type=\"heading.default\">\n<div class=\"elementor-widget-container\">\n<h2 class=\"elementor-heading-title elementor-size-default\">Ripper<\/h2>\n<\/div>\n<\/div>\n<div class=\"elementor-element elementor-element-2c6cde4 elementor-widget elementor-widget-text-editor\" data-id=\"2c6cde4\" data-element_type=\"widget\" data-widget_type=\"text-editor.default\">\n<div class=\"elementor-widget-container\">\n<p>Size:484mm*351mm*628mm<br \/>Profondeur de fouille maximale : 335 mm<br \/>Taille de l'emballage : 630mm*350mm*500mm<br \/>Poids de l'emballage : 51 kg<\/p>\n<\/div>\n<\/div>\n<\/div>\n<p>&nbsp;<\/p>\n<p>Param\u00e8tres<\/p>\n<div class=\"elementor-element elementor-element-de5a9f0 e-con-full e-flex e-con e-child\" data-id=\"de5a9f0\" data-element_type=\"container\">\n<div class=\"elementor-element elementor-element-e52e0c9 elementor-widget elementor-widget-text-editor\" data-id=\"e52e0c9\" data-element_type=\"widget\" data-widget_type=\"text-editor.default\">\n<div class=\"elementor-widget-container\">\n<div class=\"elementor-element elementor-element-7fcb316 elementor-widget elementor-widget-heading\" data-id=\"7fcb316\" data-element_type=\"widget\" data-widget_type=\"heading.default\">\n<p>Trancheur :<\/p>\n<p>Overall dimention:1600mm*630mm*730mm<br \/>Poids : 150 kg<br \/>Profondeur de tranch\u00e9e maximale : 800 mm<br \/>Largeur de tranch\u00e9e une fois : 155mm<br \/>Vitesse de la cha\u00eene : 128m\/min<br \/>Package size:1820mm*640mm*830mm<br \/>Poids de l'emballage : 182 kg<\/p>\n<p>Balayeur :<\/p>\n<p>Dimention:925mm*1417mm*525mm<br \/>Diam\u00e8tre de la brosse : 500 mm<br \/>Largeur de balayage : 1050mm<br \/>Package size:1360mm*600mm*850mm<br \/>Poids de l'emballage : 163 kg<\/p>\n<\/div>\n<p>Grappin hydraulique :<\/p>\n<p>Taille : 980 \u00d7 770 \u00d7 600 mm<br \/>Angle d'ouverture maximal : 88\u00b0.<br \/>Capacit\u00e9 de charge nominale : 110 kg<br \/>Pression du syst\u00e8me : 16Mpa<br \/>Taille de l'emballage : 970mm*830mm*680mm<br \/>Poids de l'emballage : 135 kg<\/p>\n<\/div>\n<\/div>\n<\/div>\n<div class=\"elementor-element elementor-element-3fbb200 e-con-full e-flex e-con e-child\" data-id=\"3fbb200\" data-element_type=\"container\">\n<div class=\"elementor-element elementor-element-9b29a08 elementor-widget elementor-widget-image\" data-id=\"9b29a08\" data-element_type=\"widget\" data-widget_type=\"image.default\">\n<div class=\"elementor-widget-container\"> <img loading=\"lazy\" decoding=\"async\" width=\"800\" height=\"800\" src=\"https:\/\/hightopgroup.com\/wp-content\/uploads\/2025\/06\/802.jpg\" class=\"attachment-large size-large wp-image-4166\" alt=\"802\" srcset=\"https:\/\/hightopgroup.com\/wp-content\/uploads\/2025\/06\/802.jpg 800w, https:\/\/hightopgroup.com\/wp-content\/uploads\/2025\/06\/802-300x300.jpg 300w, https:\/\/hightopgroup.com\/wp-content\/uploads\/2025\/06\/802-150x150.jpg 150w, https:\/\/hightopgroup.com\/wp-content\/uploads\/2025\/06\/802-768x768.jpg 768w, https:\/\/hightopgroup.com\/wp-content\/uploads\/2025\/06\/802-600x600.jpg 600w\" sizes=\"auto, (max-width: 800px) 100vw, 800px\" title=\"Accessoires pour chargeuse compacte,Trancheuse,Tondeuse \u00e0 gazon,Balayeuse,Lame \u00e0 neige,Grappin hydraulique,Ripper 7\"><\/div>\n<\/div>\n<\/div>","protected":false},"excerpt":{"rendered":"<p>Vue d'ensemble Les chargeuses compactes Hightop ont des godets qui peuvent \u00eatre remplac\u00e9s par une trancheuse, une tondeuse \u00e0 gazon, une balayeuse, une lame \u00e0 neige, un grappin hydraulique, une d\u00e9fonceuse,<\/p>","protected":false},"featured_media":17110,"template":"","meta":{"rank_math_lock_modified_date":false},"product_brand":[],"product_cat":[47],"product_tag":[],"class_list":{"0":"post-17108","1":"product","2":"type-product","3":"status-publish","4":"has-post-thumbnail","6":"product_cat-accessories","8":"first","9":"instock","10":"product-type-simple"},"_links":{"self":[{"href":"https:\/\/beleevo.prowebplanners.com\/fr\/wp-json\/wp\/v2\/product\/17108","targetHints":{"allow":["GET"]}}],"collection":[{"href":"https:\/\/beleevo.prowebplanners.com\/fr\/wp-json\/wp\/v2\/product"}],"about":[{"href":"https:\/\/beleevo.prowebplanners.com\/fr\/wp-json\/wp\/v2\/types\/product"}],"version-history":[{"count":1,"href":"https:\/\/beleevo.prowebplanners.com\/fr\/wp-json\/wp\/v2\/product\/17108\/revisions"}],"predecessor-version":[{"id":17109,"href":"https:\/\/beleevo.prowebplanners.com\/fr\/wp-json\/wp\/v2\/product\/17108\/revisions\/17109"}],"wp:featuredmedia":[{"embeddable":true,"href":"https:\/\/beleevo.prowebplanners.com\/fr\/wp-json\/wp\/v2\/media\/17110"}],"wp:attachment":[{"href":"https:\/\/beleevo.prowebplanners.com\/fr\/wp-json\/wp\/v2\/media?parent=17108"}],"wp:term":[{"taxonomy":"product_brand","embeddable":true,"href":"https:\/\/beleevo.prowebplanners.com\/fr\/wp-json\/wp\/v2\/product_brand?post=17108"},{"taxonomy":"product_cat","embeddable":true,"href":"https:\/\/beleevo.prowebplanners.com\/fr\/wp-json\/wp\/v2\/product_cat?post=17108"},{"taxonomy":"product_tag","embeddable":true,"href":"https:\/\/beleevo.prowebplanners.com\/fr\/wp-json\/wp\/v2\/product_tag?post=17108"}],"curies":[{"name":"wp","href":"https:\/\/api.w.org\/{rel}","templated":true}]}}