{"id":17100,"date":"2025-07-23T14:13:57","date_gmt":"2025-07-23T14:13:57","guid":{"rendered":"https:\/\/beleevo.prowebplanners.com\/produit\/excavator-accessoriesnarrow-bucket-with-teethplain-bucketsieve-bucketrakegrappleripper\/"},"modified":"2025-07-23T14:14:10","modified_gmt":"2025-07-23T14:14:10","slug":"excavator-accessoriesnarrow-bucket-with-teethplain-bucketsieve-bucketrakegrappleripper","status":"publish","type":"product","link":"https:\/\/beleevo.prowebplanners.com\/fr\/produit\/excavator-accessoriesnarrow-bucket-with-teethplain-bucketsieve-bucketrakegrappleripper\/","title":{"rendered":"Accessoires pour pelleteuses, godet \u00e9troit avec dents, godet lisse, godet \u00e0 tamis, r\u00e2teau, grappin, ripper"},"content":{"rendered":"<p>Vue d'ensemble<\/p>\n<div class=\"elementor-widget-container\">\n<p>Le godet de la mini-pelle Hightop peut \u00eatre remplac\u00e9 par un godet \u00e9troit \u00e0 dents, un godet lisse, un godet \u00e0 tamis, un r\u00e2teau, un grappin, un ripper et d'autres accessoires. Cette polyvalence pr\u00e9sente l'avantage d'am\u00e9liorer l'efficacit\u00e9 du travail, de r\u00e9duire les co\u00fbts, d'accro\u00eetre la flexibilit\u00e9 et l'adaptabilit\u00e9 de la mini-pelle, etc. Ces avantages font de la mini-pelle une machine d'ing\u00e9nierie tr\u00e8s populaire. <\/p>\n<p>1. Augmentation de l'efficacit\u00e9 du travail<br \/>En rempla\u00e7ant diff\u00e9rents accessoires, la mini-pelle peut r\u00e9aliser de nombreuses fonctions diff\u00e9rentes, telles que le creusement, le concassage, l'ameublissement et la manutention. Cela signifie qu'une seule machine peut effectuer des t\u00e2ches multiples, r\u00e9duisant ainsi le besoin d'un grand nombre de machines et d'\u00e9quipements diff\u00e9rents, et augmentant ainsi l'efficacit\u00e9 globale du travail.<\/p>\n<p>2. R\u00e9duction des co\u00fbts<br \/>Comme une seule mini-pelle peut effectuer plusieurs t\u00e2ches, les entreprises peuvent r\u00e9duire les co\u00fbts d'achat et d'entretien de plusieurs machines et \u00e9quipements. En outre, la possibilit\u00e9 de changer rapidement d'accessoire r\u00e9duit le temps d'immobilisation de l'\u00e9quipement, ce qui diminue encore les co\u00fbts d'exploitation.<\/p>\n<p>3. Flexibilit\u00e9 et adaptabilit\u00e9<br \/>La polyvalence des mini-pelles leur permet de fonctionner dans une grande vari\u00e9t\u00e9 d'environnements de travail, qu'il s'agisse d'espaces confin\u00e9s, de petits chantiers de construction, d'agriculture ou d'am\u00e9nagement paysager. Cette flexibilit\u00e9 et cette adaptabilit\u00e9 font de la mini-pelle une machine de construction tr\u00e8s pratique.<\/p>\n<p>4. Des accessoires durables et polyvalents : Nous proposons une gamme d'accessoires con\u00e7us pour les projets de construction de petite et moyenne envergure et compatibles avec la plupart des mini-pelles et des skid steers du march\u00e9.<\/p>\n<\/div>\n<p>&nbsp;<\/p>\n<p>Caract\u00e9ristiques et avantages<\/p>\n<div class=\"elementor-element elementor-element-138b23e e-con-full e-flex e-con e-child\" data-id=\"138b23e\" data-element_type=\"container\">\n<div class=\"elementor-element elementor-element-dc31022 elementor-widget elementor-widget-image\" data-id=\"dc31022\" data-element_type=\"widget\" data-widget_type=\"image.default\">\n<div class=\"elementor-widget-container\"> <img fetchpriority=\"high\" decoding=\"async\" width=\"800\" height=\"800\" src=\"https:\/\/hightopgroup.com\/wp-content\/uploads\/2024\/08\/\u7a84\u6597\u591a\u5c3a\u5bf8.jpg\" class=\"attachment-large size-large wp-image-3367\" alt=\"\u7a84\u6597\u591a\u5c3a\u5bf8\" srcset=\"https:\/\/hightopgroup.com\/wp-content\/uploads\/2024\/08\/\u7a84\u6597\u591a\u5c3a\u5bf8.jpg 800w, https:\/\/hightopgroup.com\/wp-content\/uploads\/2024\/08\/\u7a84\u6597\u591a\u5c3a\u5bf8-300x300.jpg 300w, https:\/\/hightopgroup.com\/wp-content\/uploads\/2024\/08\/\u7a84\u6597\u591a\u5c3a\u5bf8-150x150.jpg 150w, https:\/\/hightopgroup.com\/wp-content\/uploads\/2024\/08\/\u7a84\u6597\u591a\u5c3a\u5bf8-768x768.jpg 768w, https:\/\/hightopgroup.com\/wp-content\/uploads\/2024\/08\/\u7a84\u6597\u591a\u5c3a\u5bf8-600x600.jpg 600w\" sizes=\"(max-width: 800px) 100vw, 800px\" title=\"Accessoires pour pelleteuses, godet \u00e9troit avec dents, godet lisse, godet \u00e0 tamis, r\u00e2teau, grappin, ripper 1\"><\/div>\n<\/div>\n<div class=\"elementor-element elementor-element-7fcb316 elementor-widget elementor-widget-heading\" data-id=\"7fcb316\" data-element_type=\"widget\" data-widget_type=\"heading.default\">\n<div class=\"elementor-widget-container\">\n<h2 class=\"elementor-heading-title elementor-size-default\">Godet \u00e9troit avec dents<\/h2>\n<\/div>\n<\/div>\n<div class=\"elementor-element elementor-element-1aa33d7 elementor-widget elementor-widget-text-editor\" data-id=\"1aa33d7\" data-element_type=\"widget\" data-widget_type=\"text-editor.default\">\n<div class=\"elementor-widget-container\">\n<p>Un godet \u00e9troit avec des dents peut creuser des objets durs tels que des pierres et du granit dans un espace \u00e9troit.<\/p>\n<\/div>\n<\/div>\n<\/div>\n<div class=\"elementor-element elementor-element-b74d99a e-con-full e-flex e-con e-child\" data-id=\"b74d99a\" data-element_type=\"container\">\n<div class=\"elementor-element elementor-element-d474faf elementor-widget elementor-widget-image\" data-id=\"d474faf\" data-element_type=\"widget\" data-widget_type=\"image.default\">\n<div class=\"elementor-widget-container\"> <img decoding=\"async\" width=\"800\" height=\"800\" src=\"https:\/\/hightopgroup.com\/wp-content\/uploads\/2024\/08\/\u5e73\u9762\u6597\u591a\u5c3a\u5bf8.jpg\" class=\"attachment-large size-large wp-image-3366\" alt=\"\u5e73\u9762\u6597\u591a\u5c3a\u5bf8\" srcset=\"https:\/\/hightopgroup.com\/wp-content\/uploads\/2024\/08\/\u5e73\u9762\u6597\u591a\u5c3a\u5bf8.jpg 800w, https:\/\/hightopgroup.com\/wp-content\/uploads\/2024\/08\/\u5e73\u9762\u6597\u591a\u5c3a\u5bf8-300x300.jpg 300w, https:\/\/hightopgroup.com\/wp-content\/uploads\/2024\/08\/\u5e73\u9762\u6597\u591a\u5c3a\u5bf8-150x150.jpg 150w, https:\/\/hightopgroup.com\/wp-content\/uploads\/2024\/08\/\u5e73\u9762\u6597\u591a\u5c3a\u5bf8-768x768.jpg 768w, https:\/\/hightopgroup.com\/wp-content\/uploads\/2024\/08\/\u5e73\u9762\u6597\u591a\u5c3a\u5bf8-600x600.jpg 600w\" sizes=\"(max-width: 800px) 100vw, 800px\" title=\"Accessoires pour pelleteuses, godet \u00e9troit avec dents, godet lisse, godet \u00e0 tamis, r\u00e2teau, grappin, ripper 2\"><\/div>\n<\/div>\n<div class=\"elementor-element elementor-element-97e9dde elementor-widget elementor-widget-heading\" data-id=\"97e9dde\" data-element_type=\"widget\" data-widget_type=\"heading.default\">\n<div class=\"elementor-widget-container\">\n<h2 class=\"elementor-heading-title elementor-size-default\">Seau ordinaire<\/h2>\n<\/div>\n<\/div>\n<div class=\"elementor-element elementor-element-2c77c6d elementor-widget elementor-widget-text-editor\" data-id=\"2c77c6d\" data-element_type=\"widget\" data-widget_type=\"text-editor.default\">\n<div class=\"elementor-widget-container\">\n<p>Le godet de surface de l'excavateur convient au site qui doit \u00eatre nivel\u00e9, comme les routes, les parkings, les chantiers de construction et d'autres travaux de finition de la construction pour assurer la plan\u00e9it\u00e9 du plan.<\/p>\n<\/div>\n<\/div>\n<\/div>\n<div class=\"elementor-element elementor-element-7aad0d8 e-con-full e-flex e-con e-child\" data-id=\"7aad0d8\" data-element_type=\"container\">\n<div class=\"elementor-element elementor-element-fbca415 elementor-widget elementor-widget-image\" data-id=\"fbca415\" data-element_type=\"widget\" data-widget_type=\"image.default\">\n<div class=\"elementor-widget-container\"> <img decoding=\"async\" width=\"800\" height=\"800\" src=\"https:\/\/hightopgroup.com\/wp-content\/uploads\/2024\/08\/\u7b5b\u6597\u591a\u5c3a\u5bf82.jpg\" class=\"attachment-large size-large wp-image-3383\" alt=\"\u7b5b\u6597\u591a\u5c3a\u5bf82\" srcset=\"https:\/\/hightopgroup.com\/wp-content\/uploads\/2024\/08\/\u7b5b\u6597\u591a\u5c3a\u5bf82.jpg 800w, https:\/\/hightopgroup.com\/wp-content\/uploads\/2024\/08\/\u7b5b\u6597\u591a\u5c3a\u5bf82-300x300.jpg 300w, https:\/\/hightopgroup.com\/wp-content\/uploads\/2024\/08\/\u7b5b\u6597\u591a\u5c3a\u5bf82-150x150.jpg 150w, https:\/\/hightopgroup.com\/wp-content\/uploads\/2024\/08\/\u7b5b\u6597\u591a\u5c3a\u5bf82-768x768.jpg 768w, https:\/\/hightopgroup.com\/wp-content\/uploads\/2024\/08\/\u7b5b\u6597\u591a\u5c3a\u5bf82-600x600.jpg 600w\" sizes=\"(max-width: 800px) 100vw, 800px\" title=\"Accessoires pour pelleteuses, godet \u00e9troit avec dents, godet lisse, godet \u00e0 tamis, r\u00e2teau, grappin, ripper 3\"><\/div>\n<\/div>\n<div class=\"elementor-element elementor-element-1a03bb3 elementor-widget elementor-widget-heading\" data-id=\"1a03bb3\" data-element_type=\"widget\" data-widget_type=\"heading.default\">\n<div class=\"elementor-widget-container\">\n<h2 class=\"elementor-heading-title elementor-size-default\">Seau \u00e0 tamis<\/h2>\n<\/div>\n<\/div>\n<div class=\"elementor-element elementor-element-cb9ac85 elementor-widget elementor-widget-text-editor\" data-id=\"cb9ac85\" data-element_type=\"widget\" data-widget_type=\"text-editor.default\">\n<div class=\"elementor-widget-container\">\n<p>La benne de tamisage peut \u00eatre utilis\u00e9e pour le tamisage et le classement du sable, des pierres, des particules de terre et d'autres mat\u00e9riaux solides granuleux et en petits blocs. Elle convient \u00e0 la construction, \u00e0 l'exploitation mini\u00e8re, \u00e0 l'assainissement des sols, au nettoyage des rivi\u00e8res et \u00e0 d'autres domaines.<\/p>\n<\/div>\n<\/div>\n<\/div>\n<div class=\"elementor-element elementor-element-c6bb502 e-con-full e-flex e-con e-child\" data-id=\"c6bb502\" data-element_type=\"container\">\n<div class=\"elementor-element elementor-element-a654cb5 elementor-widget elementor-widget-image\" data-id=\"a654cb5\" data-element_type=\"widget\" data-widget_type=\"image.default\">\n<div class=\"elementor-widget-container\"> <img loading=\"lazy\" decoding=\"async\" width=\"800\" height=\"800\" src=\"https:\/\/hightopgroup.com\/wp-content\/uploads\/2024\/08\/4\u8019\u5b50\u5c5e\u5177.jpg\" class=\"attachment-large size-large wp-image-1839\" alt=\"4\u8019\u5b50\u5c5e\u5177\" srcset=\"https:\/\/hightopgroup.com\/wp-content\/uploads\/2024\/08\/4\u8019\u5b50\u5c5e\u5177.jpg 800w, https:\/\/hightopgroup.com\/wp-content\/uploads\/2024\/08\/4\u8019\u5b50\u5c5e\u5177-300x300.jpg 300w, https:\/\/hightopgroup.com\/wp-content\/uploads\/2024\/08\/4\u8019\u5b50\u5c5e\u5177-150x150.jpg 150w, https:\/\/hightopgroup.com\/wp-content\/uploads\/2024\/08\/4\u8019\u5b50\u5c5e\u5177-768x768.jpg 768w, https:\/\/hightopgroup.com\/wp-content\/uploads\/2024\/08\/4\u8019\u5b50\u5c5e\u5177-600x600.jpg 600w\" sizes=\"auto, (max-width: 800px) 100vw, 800px\" title=\"Accessoires pour pelleteuses, godet \u00e9troit avec dents, godet lisse, godet \u00e0 tamis, r\u00e2teau, grappin, ripper 4\"><\/div>\n<\/div>\n<div class=\"elementor-element elementor-element-84b165c elementor-widget elementor-widget-heading\" data-id=\"84b165c\" data-element_type=\"widget\" data-widget_type=\"heading.default\">\n<div class=\"elementor-widget-container\">\n<h2 class=\"elementor-heading-title elementor-size-default\">R\u00e2teau<\/h2>\n<\/div>\n<\/div>\n<div class=\"elementor-element elementor-element-9db03b7 elementor-widget elementor-widget-text-editor\" data-id=\"9db03b7\" data-element_type=\"widget\" data-widget_type=\"text-editor.default\">\n<div class=\"elementor-widget-container\">\n<p>Les r\u00e2teaux mont\u00e9s sur pelleteuse peuvent \u00eatre utilis\u00e9s pour nettoyer des endroits tels que des tas d'ordures ou des chantiers de construction. En creusant avec la pelleteuse et en m\u00e9langeant avec le r\u00e2teau, les d\u00e9bris et les d\u00e9chets peuvent \u00eatre enlev\u00e9s efficacement et l'efficacit\u00e9 de la construction peut \u00eatre am\u00e9lior\u00e9e.<\/p>\n<\/div>\n<\/div>\n<\/div>\n<div class=\"elementor-element elementor-element-b2de1b5 e-con-full e-flex e-con e-child\" data-id=\"b2de1b5\" data-element_type=\"container\">\n<div class=\"elementor-element elementor-element-eec0d58 elementor-widget elementor-widget-image\" data-id=\"eec0d58\" data-element_type=\"widget\" data-widget_type=\"image.default\">\n<div class=\"elementor-widget-container\"> <img loading=\"lazy\" decoding=\"async\" width=\"800\" height=\"800\" src=\"https:\/\/hightopgroup.com\/wp-content\/uploads\/2024\/08\/5\u6293\u5939\u5c5e\u5177.jpg\" class=\"attachment-large size-large wp-image-1840\" alt=\"5\u6293\u5939\u5c5e\u5177\" srcset=\"https:\/\/hightopgroup.com\/wp-content\/uploads\/2024\/08\/5\u6293\u5939\u5c5e\u5177.jpg 800w, https:\/\/hightopgroup.com\/wp-content\/uploads\/2024\/08\/5\u6293\u5939\u5c5e\u5177-300x300.jpg 300w, https:\/\/hightopgroup.com\/wp-content\/uploads\/2024\/08\/5\u6293\u5939\u5c5e\u5177-150x150.jpg 150w, https:\/\/hightopgroup.com\/wp-content\/uploads\/2024\/08\/5\u6293\u5939\u5c5e\u5177-768x768.jpg 768w, https:\/\/hightopgroup.com\/wp-content\/uploads\/2024\/08\/5\u6293\u5939\u5c5e\u5177-600x600.jpg 600w\" sizes=\"auto, (max-width: 800px) 100vw, 800px\" title=\"Accessoires pour pelleteuses, godet \u00e9troit avec dents, godet lisse, godet \u00e0 tamis, r\u00e2teau, grappin, ripper 5\"><\/div>\n<\/div>\n<div class=\"elementor-element elementor-element-cb9c692 elementor-widget elementor-widget-heading\" data-id=\"cb9c692\" data-element_type=\"widget\" data-widget_type=\"heading.default\">\n<div class=\"elementor-widget-container\">\n<h2 class=\"elementor-heading-title elementor-size-default\">Grappin<\/h2>\n<\/div>\n<\/div>\n<div class=\"elementor-element elementor-element-4da304d elementor-widget elementor-widget-text-editor\" data-id=\"4da304d\" data-element_type=\"widget\" data-widget_type=\"text-editor.default\">\n<div class=\"elementor-widget-container\">\n<p>Les mini-pelles \u00e9quip\u00e9es de grappins peuvent \u00eatre utilis\u00e9es pour le chargement, le d\u00e9chargement, l'empilage et le transfert de mat\u00e9riaux tels que la ferraille d'acier, les mat\u00e9riaux en vrac, le bois, les scories routi\u00e8res et d'autres mat\u00e9riaux dans les entreprises, les ports, les quais, les passages \u00e0 niveau, les cours de marchandises, les parcs de stockage et d'autres lieux.<\/p>\n<\/div>\n<\/div>\n<\/div>\n<div class=\"elementor-element elementor-element-c218b52 e-con-full e-flex e-con e-child\" data-id=\"c218b52\" data-element_type=\"container\">\n<div class=\"elementor-element elementor-element-f6c1e7c elementor-widget elementor-widget-image\" data-id=\"f6c1e7c\" data-element_type=\"widget\" data-widget_type=\"image.default\">\n<div class=\"elementor-widget-container\"> <img loading=\"lazy\" decoding=\"async\" width=\"800\" height=\"800\" src=\"https:\/\/hightopgroup.com\/wp-content\/uploads\/2024\/08\/6\u677e\u571f\u5668\u5c5e\u5177.jpg\" class=\"attachment-large size-large wp-image-1841\" alt=\"6\u677e\u571f\u5668\u5c5e\u5177\" srcset=\"https:\/\/hightopgroup.com\/wp-content\/uploads\/2024\/08\/6\u677e\u571f\u5668\u5c5e\u5177.jpg 800w, https:\/\/hightopgroup.com\/wp-content\/uploads\/2024\/08\/6\u677e\u571f\u5668\u5c5e\u5177-300x300.jpg 300w, https:\/\/hightopgroup.com\/wp-content\/uploads\/2024\/08\/6\u677e\u571f\u5668\u5c5e\u5177-150x150.jpg 150w, https:\/\/hightopgroup.com\/wp-content\/uploads\/2024\/08\/6\u677e\u571f\u5668\u5c5e\u5177-768x768.jpg 768w, https:\/\/hightopgroup.com\/wp-content\/uploads\/2024\/08\/6\u677e\u571f\u5668\u5c5e\u5177-600x600.jpg 600w\" sizes=\"auto, (max-width: 800px) 100vw, 800px\" title=\"Accessoires pour pelleteuses, godet \u00e9troit avec dents, godet lisse, godet \u00e0 tamis, r\u00e2teau, grappin, ripper 6\"><\/div>\n<\/div>\n<div class=\"elementor-element elementor-element-ff7b179 elementor-widget elementor-widget-heading\" data-id=\"ff7b179\" data-element_type=\"widget\" data-widget_type=\"heading.default\">\n<div class=\"elementor-widget-container\">\n<h2 class=\"elementor-heading-title elementor-size-default\">Ripper<\/h2>\n<\/div>\n<\/div>\n<div class=\"elementor-element elementor-element-2c6cde4 elementor-widget elementor-widget-text-editor\" data-id=\"2c6cde4\" data-element_type=\"widget\" data-widget_type=\"text-editor.default\">\n<div class=\"elementor-widget-container\">\n<p>Les rippers d'installation de pelles compactes jouent un r\u00f4le d'ameublissement et de concassage, et peuvent \u00eatre utilis\u00e9s pour briser les sols gel\u00e9s, les roches sous-dures, les roches alt\u00e9r\u00e9es et d'autres g\u00e9ologies dures, afin de faciliter les op\u00e9rations d'excavation ult\u00e9rieures, de retourner les sols durs et d'am\u00e9liorer la souplesse du sol.<\/p>\n<\/div>\n<\/div>\n<\/div>\n<p>&nbsp;<\/p>\n<p>Param\u00e8tres<\/p>\n<div class=\"elementor-element elementor-element-de5a9f0 e-con-full e-flex e-con e-child\" data-id=\"de5a9f0\" data-element_type=\"container\">\n<div class=\"elementor-element elementor-element-e52e0c9 elementor-widget elementor-widget-text-editor\" data-id=\"e52e0c9\" data-element_type=\"widget\" data-widget_type=\"text-editor.default\">\n<div class=\"elementor-widget-container\">\n<table style=\"height: 1132px; width: 100%;\" width=\"100%\">\n<tbody>\n<tr>\n<td style=\"text-align: left; vertical-align: middle; background-color: #f1f1f1; width: 59.5868%;\">Godet \u00e9troit 200mm<\/td>\n<td style=\"vertical-align: middle; background-color: #f1f1f1; width: 40.4132%;\">\n<p>Largeur du godet : 200mm( 8\u2033)<br \/>Avec les dents<\/p>\n<p>Taille de l'emballage :<\/p>\n<p>570mm*280mm*390mm<br \/>Poids de l'emballage : 16 kg<\/p>\n<\/td>\n<\/tr>\n<tr>\n<td style=\"text-align: left; vertical-align: middle; background-color: #f1f1f1; width: 59.5868%;\">Godet \u00e9troit 260mm<\/td>\n<td style=\"vertical-align: middle; background-color: #f1f1f1; width: 40.4132%;\">Largeur du godet : 260mm( 10.5\u2033)<br \/>Avec les dents<br \/>Poids\uff1a20kg<\/td>\n<\/tr>\n<tr>\n<td style=\"text-align: left; vertical-align: middle; background-color: #f1f1f1; width: 59.5868%;\">Godet plat 500mm<\/td>\n<td style=\"vertical-align: middle; background-color: #f1f1f1; width: 40.4132%;\">\n<p>Largeur du godet : 500mm( 20\u2033)<br \/>\u00c9dent\u00e9<\/p>\n<p>Taille de l'emballage :<\/p>\n<p>570mm*420mm*390mm<br \/>Poids de l'emballage : 19 kg<\/p>\n<\/td>\n<\/tr>\n<tr>\n<td style=\"text-align: left; vertical-align: middle; background-color: #f1f1f1; width: 59.5868%;\">Godet plat 600mm<\/td>\n<td style=\"vertical-align: middle; background-color: #f1f1f1; width: 40.4132%;\">\n<p>Largeur de la benne : 600 mm (24\u2033)<br \/>\u00c9dent\u00e9<\/p>\n<p>Taille de l'emballage : 700mm*420mm*390mm<br \/>Poids de l'emballage\uff1a21kg<\/p>\n<\/td>\n<\/tr>\n<tr>\n<td style=\"text-align: left; vertical-align: middle; background-color: #f1f1f1; width: 59.5868%;\">Godet plat 800mm<\/td>\n<td style=\"vertical-align: middle; background-color: #f1f1f1; width: 40.4132%;\">\n<p>Largeur du godet : 800mm (32\u2033)<br \/>\u00c9dent\u00e9<\/p>\n<p>Taille de l'emballage : 920mm*420mm*390mm<br \/>Poids de l'emballage : 22,5 kg<\/p>\n<\/td>\n<\/tr>\n<tr>\n<td style=\"text-align: left; vertical-align: middle; background-color: #f1f1f1; width: 59.5868%;\">Godet plat 1000mm<\/td>\n<td style=\"vertical-align: middle; background-color: #f1f1f1; width: 40.4132%;\">\n<p>Largeur de la benne : 1000mm(39.5\u2033)<br \/>\u00c9dent\u00e9<\/p>\n<p>Package size:1100mm*420mm*390mm<br \/>Poids de l'emballage : 32 kg<\/p>\n<\/td>\n<\/tr>\n<tr>\n<td style=\"text-align: left; vertical-align: middle; background-color: #f1f1f1; width: 59.5868%;\">Godet plat 1200mm<\/td>\n<td style=\"vertical-align: middle; background-color: #f1f1f1; width: 40.4132%;\">\n<p>Largeur de la benne : (47.5\u2033)<br \/>\u00c9dent\u00e9&nbsp; &nbsp;<\/p>\n<p>Package size:1320mm*420mm*390mm<br \/>Poids de l'emballage : 36,7 kg<\/p>\n<\/td>\n<\/tr>\n<tr>\n<td style=\"text-align: left; vertical-align: middle; background-color: #f1f1f1; width: 59.5868%;\">Godet de tamisage 600mm<\/td>\n<td style=\"vertical-align: middle; background-color: #f1f1f1; width: 40.4132%;\">\n<p>Largeur du godet : 600mm(24\u2033)<br \/>\u00c9dent\u00e9<br \/>Taille de l'emballage : 670mm*420mm*390mm<br \/>Poids de l'emballage : 17 kg<\/p>\n<\/td>\n<\/tr>\n<tr>\n<td style=\"text-align: left; vertical-align: middle; background-color: #f1f1f1; width: 59.5868%;\">Godet de tamisage 800mm<\/td>\n<td style=\"vertical-align: middle; background-color: #f1f1f1; width: 40.4132%;\">\n<p>Largeur du godet : 800mm (32\u2033)<br \/>\u00c9dent\u00e9<br \/>Taille de l'emballage : 900mm*420mm*390mm<br \/>Poids de l'emballage : 20,5 kg<\/p>\n<\/td>\n<\/tr>\n<tr>\n<td style=\"text-align: left; vertical-align: middle; background-color: #f1f1f1; width: 59.5868%;\">Dimensions de l'andaineur<\/td>\n<td style=\"vertical-align: middle; background-color: #f1f1f1; width: 40.4132%;\">490*530mm<\/td>\n<\/tr>\n<tr>\n<td style=\"text-align: left; vertical-align: middle; background-color: #f1f1f1; width: 59.5868%;\">Poids de l'andaineur<\/td>\n<td style=\"vertical-align: middle; background-color: #f1f1f1; width: 40.4132%;\">11,15 kg<\/td>\n<\/tr>\n<tr>\n<td style=\"text-align: left; vertical-align: middle; background-color: #f1f1f1; width: 59.5868%;\">Poids du grappin<\/td>\n<td style=\"vertical-align: middle; background-color: #f1f1f1; width: 40.4132%;\">25,95 kg<\/td>\n<\/tr>\n<tr>\n<td style=\"text-align: left; vertical-align: middle; background-color: #f1f1f1; width: 59.5868%;\">Dimensions du ripper<\/td>\n<td style=\"vertical-align: middle; background-color: #f1f1f1; width: 40.4132%;\">480*50*88mm<\/td>\n<\/tr>\n<\/tbody>\n<\/table>\n<\/div>\n<\/div>\n<\/div>\n<div class=\"elementor-element elementor-element-3fbb200 e-con-full e-flex e-con e-child\" data-id=\"3fbb200\" data-element_type=\"container\">\n<div class=\"elementor-element elementor-element-9b29a08 elementor-widget elementor-widget-image\" data-id=\"9b29a08\" data-element_type=\"widget\" data-widget_type=\"image.default\">\n<div class=\"elementor-widget-container\"> <img loading=\"lazy\" decoding=\"async\" width=\"800\" height=\"800\" src=\"https:\/\/hightopgroup.com\/wp-content\/uploads\/2024\/08\/1\u5c3a\u5bf8\u5408\u96c6.jpg\" class=\"attachment-large size-large wp-image-1846\" alt=\"1\u5c3a\u5bf8\u5408\u96c6\" srcset=\"https:\/\/hightopgroup.com\/wp-content\/uploads\/2024\/08\/1\u5c3a\u5bf8\u5408\u96c6.jpg 800w, https:\/\/hightopgroup.com\/wp-content\/uploads\/2024\/08\/1\u5c3a\u5bf8\u5408\u96c6-300x300.jpg 300w, https:\/\/hightopgroup.com\/wp-content\/uploads\/2024\/08\/1\u5c3a\u5bf8\u5408\u96c6-150x150.jpg 150w, https:\/\/hightopgroup.com\/wp-content\/uploads\/2024\/08\/1\u5c3a\u5bf8\u5408\u96c6-768x768.jpg 768w, https:\/\/hightopgroup.com\/wp-content\/uploads\/2024\/08\/1\u5c3a\u5bf8\u5408\u96c6-600x600.jpg 600w\" sizes=\"auto, (max-width: 800px) 100vw, 800px\" title=\"Accessoires pour pelles hydrauliques, godet \u00e9troit avec dents, godet lisse, godet \u00e0 tamis, r\u00e2teau, grappin, ripper 7\"><\/div>\n<\/div>\n<\/div>","protected":false},"excerpt":{"rendered":"<p>Pr\u00e9sentation Le godet de la mini-pelle Hightop peut \u00eatre remplac\u00e9 par un godet \u00e9troit \u00e0 dents, un godet ordinaire, un godet \u00e0 tamis, un r\u00e2teau,<\/p>","protected":false},"featured_media":17102,"template":"","meta":{"rank_math_lock_modified_date":false},"product_brand":[],"product_cat":[47],"product_tag":[],"class_list":{"0":"post-17100","1":"product","2":"type-product","3":"status-publish","4":"has-post-thumbnail","6":"product_cat-accessories","8":"first","9":"instock","10":"product-type-simple"},"_links":{"self":[{"href":"https:\/\/beleevo.prowebplanners.com\/fr\/wp-json\/wp\/v2\/product\/17100","targetHints":{"allow":["GET"]}}],"collection":[{"href":"https:\/\/beleevo.prowebplanners.com\/fr\/wp-json\/wp\/v2\/product"}],"about":[{"href":"https:\/\/beleevo.prowebplanners.com\/fr\/wp-json\/wp\/v2\/types\/product"}],"version-history":[{"count":1,"href":"https:\/\/beleevo.prowebplanners.com\/fr\/wp-json\/wp\/v2\/product\/17100\/revisions"}],"predecessor-version":[{"id":17101,"href":"https:\/\/beleevo.prowebplanners.com\/fr\/wp-json\/wp\/v2\/product\/17100\/revisions\/17101"}],"wp:featuredmedia":[{"embeddable":true,"href":"https:\/\/beleevo.prowebplanners.com\/fr\/wp-json\/wp\/v2\/media\/17102"}],"wp:attachment":[{"href":"https:\/\/beleevo.prowebplanners.com\/fr\/wp-json\/wp\/v2\/media?parent=17100"}],"wp:term":[{"taxonomy":"product_brand","embeddable":true,"href":"https:\/\/beleevo.prowebplanners.com\/fr\/wp-json\/wp\/v2\/product_brand?post=17100"},{"taxonomy":"product_cat","embeddable":true,"href":"https:\/\/beleevo.prowebplanners.com\/fr\/wp-json\/wp\/v2\/product_cat?post=17100"},{"taxonomy":"product_tag","embeddable":true,"href":"https:\/\/beleevo.prowebplanners.com\/fr\/wp-json\/wp\/v2\/product_tag?post=17100"}],"curies":[{"name":"wp","href":"https:\/\/api.w.org\/{rel}","templated":true}]}}