{"id":17092,"date":"2025-07-23T14:13:57","date_gmt":"2025-07-23T14:13:57","guid":{"rendered":"https:\/\/beleevo.prowebplanners.com\/produit\/mini-excavator-quick-hitch\/"},"modified":"2025-07-23T14:13:57","modified_gmt":"2025-07-23T14:13:57","slug":"mini-excavator-quick-hitch","status":"publish","type":"product","link":"https:\/\/beleevo.prowebplanners.com\/fr\/produit\/mini-excavator-quick-hitch\/","title":{"rendered":"Attelage rapide pour mini-pelle"},"content":{"rendered":"<p>Vue d'ensemble<\/p>\n<div class=\"elementor-widget-container\">\n<p>1. l'attache rapide pour mini-pelle Hightop, \u00e9galement connue sous le nom de connecteur rapide ou de dispositif de changement rapide, est un dispositif utilis\u00e9 pour changer rapidement les dispositifs de travail de la pelle, tels que les godets, les marteaux de broyage, les cisailles hydrauliques, etc.).<\/p>\n<p>2. Am\u00e9lioration de l'efficacit\u00e9 du travail : les raccords rapides permettent d'installer et de changer rapidement diverses pi\u00e8ces de configuration, ce qui r\u00e9duit le temps n\u00e9cessaire pour changer les dispositifs de travail, am\u00e9liorant ainsi l'efficacit\u00e9 globale du travail de l'excavateur.<\/p>\n<p>3. \u00c9largissement du champ d'utilisation : Gr\u00e2ce \u00e0 l'utilisation d'attaches rapides, la pelle peut \u00eatre \u00e9quip\u00e9e d'une vari\u00e9t\u00e9 de fonctions diff\u00e9rentes de l'\u00e9quipement auxiliaire, de sorte qu'elle peut effectuer une vari\u00e9t\u00e9 de t\u00e2ches de construction, \u00e9largissant ainsi le champ d'utilisation de la pelle.<\/p>\n<p>4. S\u00e9curit\u00e9 et commodit\u00e9 : les raccords rapides sont g\u00e9n\u00e9ralement \u00e9quip\u00e9s d'un dispositif de s\u00e9curit\u00e9 sous la forme d'un clapet anti-retour contr\u00f4l\u00e9 par le liquide, ce qui garantit un fonctionnement s\u00fbr. En outre, il n'est pas n\u00e9cessaire d'\u00e9craser manuellement les goupilles du godet pour l'\u00e9change entre le brise-roche et le godet d'excavation, l'op\u00e9ration peut \u00eatre r\u00e9alis\u00e9e en dix secondes en d\u00e9pla\u00e7ant doucement l'interrupteur, ce qui permet d'\u00e9conomiser du temps et des efforts, et l'op\u00e9ration est simple et pratique.<\/p>\n<p>5. R\u00e9duire les besoins de modification : Pour les raccords rapides m\u00e9caniques, la tuyauterie et le syst\u00e8me hydraulique de l'excavateur peuvent \u00eatre conserv\u00e9s dans leur \u00e9tat d'origine sans modification suppl\u00e9mentaire. M\u00eame pour les raccords rapides hydrauliques, bien qu'une certaine modification de la tuyauterie et du syst\u00e8me hydraulique de l'excavateur soit n\u00e9cessaire, par rapport au type m\u00e9canique, la vitesse de remplacement est plus rapide, et le remplacement du dispositif de travail peut \u00eatre effectu\u00e9 plus rapidement.<\/p>\n<\/div>\n<p>&nbsp;<\/p>\n<p>Caract\u00e9ristiques et avantages<\/p>\n<div class=\"elementor-element elementor-element-138b23e e-con-full e-flex e-con e-child\" data-id=\"138b23e\" data-element_type=\"container\">\n<div class=\"elementor-element elementor-element-dc31022 elementor-widget elementor-widget-image\" data-id=\"dc31022\" data-element_type=\"widget\" data-widget_type=\"image.default\">\n<div class=\"elementor-widget-container\"> <img fetchpriority=\"high\" decoding=\"async\" width=\"800\" height=\"800\" src=\"https:\/\/hightopgroup.com\/wp-content\/uploads\/2024\/11\/\u6316\u673a\u5feb\u6362.jpg\" class=\"attachment-large size-large wp-image-3390\" alt=\"\u6316\u673a\u5feb\u6362\" srcset=\"https:\/\/hightopgroup.com\/wp-content\/uploads\/2024\/11\/\u6316\u673a\u5feb\u6362.jpg 800w, https:\/\/hightopgroup.com\/wp-content\/uploads\/2024\/11\/\u6316\u673a\u5feb\u6362-300x300.jpg 300w, https:\/\/hightopgroup.com\/wp-content\/uploads\/2024\/11\/\u6316\u673a\u5feb\u6362-150x150.jpg 150w, https:\/\/hightopgroup.com\/wp-content\/uploads\/2024\/11\/\u6316\u673a\u5feb\u6362-768x768.jpg 768w, https:\/\/hightopgroup.com\/wp-content\/uploads\/2024\/11\/\u6316\u673a\u5feb\u6362-600x600.jpg 600w\" sizes=\"(max-width: 800px) 100vw, 800px\" title=\"Attache rapide pour mini-pelle 1\"><\/div>\n<\/div>\n<div class=\"elementor-element elementor-element-7fcb316 elementor-widget elementor-widget-heading\" data-id=\"7fcb316\" data-element_type=\"widget\" data-widget_type=\"heading.default\">\n<div class=\"elementor-widget-container\">\n<h2 class=\"elementor-heading-title elementor-size-default\">Attache rapide<\/h2>\n<\/div>\n<\/div>\n<div class=\"elementor-element elementor-element-1aa33d7 elementor-widget elementor-widget-text-editor\" data-id=\"1aa33d7\" data-element_type=\"widget\" data-widget_type=\"text-editor.default\">\n<div class=\"elementor-widget-container\">\n<p>Axe\uff1a\u03c625mm<br \/>Roue dent\u00e9e ouverte\uff1a92mm<br \/>Espacement des essieux\uff1a85mm<br \/>Taille de l'emballage : 280mm*170mm*190mm<br \/>Poids de l'emballage : 7,6 kg<\/p>\n<\/div>\n<\/div>\n<\/div>\n<div class=\"elementor-element elementor-element-b74d99a e-con-full e-flex e-con e-child\" data-id=\"b74d99a\" data-element_type=\"container\">\n<div class=\"elementor-element elementor-element-d474faf elementor-widget elementor-widget-image\" data-id=\"d474faf\" data-element_type=\"widget\" data-widget_type=\"image.default\">\n<div class=\"elementor-widget-container\"> <img decoding=\"async\" width=\"800\" height=\"800\" src=\"https:\/\/hightopgroup.com\/wp-content\/uploads\/2024\/11\/\u6316\u673a\u534a\u81ea\u52a8\u5feb\u6362.jpg\" class=\"attachment-large size-large wp-image-3389\" alt=\"\u6316\u673a\u534a\u81ea\u52a8\u5feb\u6362\" srcset=\"https:\/\/hightopgroup.com\/wp-content\/uploads\/2024\/11\/\u6316\u673a\u534a\u81ea\u52a8\u5feb\u6362.jpg 800w, https:\/\/hightopgroup.com\/wp-content\/uploads\/2024\/11\/\u6316\u673a\u534a\u81ea\u52a8\u5feb\u6362-300x300.jpg 300w, https:\/\/hightopgroup.com\/wp-content\/uploads\/2024\/11\/\u6316\u673a\u534a\u81ea\u52a8\u5feb\u6362-150x150.jpg 150w, https:\/\/hightopgroup.com\/wp-content\/uploads\/2024\/11\/\u6316\u673a\u534a\u81ea\u52a8\u5feb\u6362-768x768.jpg 768w, https:\/\/hightopgroup.com\/wp-content\/uploads\/2024\/11\/\u6316\u673a\u534a\u81ea\u52a8\u5feb\u6362-600x600.jpg 600w\" sizes=\"(max-width: 800px) 100vw, 800px\" title=\"Attache rapide pour mini-pelle 2\"><\/div>\n<\/div>\n<div class=\"elementor-element elementor-element-97e9dde elementor-widget elementor-widget-heading\" data-id=\"97e9dde\" data-element_type=\"widget\" data-widget_type=\"heading.default\">\n<div class=\"elementor-widget-container\">\n<h2 class=\"elementor-heading-title elementor-size-default\">Changement rapide semi-automatique<\/h2>\n<\/div>\n<\/div>\n<div class=\"elementor-element elementor-element-2c77c6d elementor-widget elementor-widget-text-editor\" data-id=\"2c77c6d\" data-element_type=\"widget\" data-widget_type=\"text-editor.default\">\n<div class=\"elementor-widget-container\">\n<p>Axe de la broche : \u03c625mm<br \/>Engrenage ouvert : 92mm<br \/>Espacement des essieux : 85mm<br \/>Taille de l'emballage : 280mm*190mm*190mm<br \/>Poids de l'emballage : 14,5 kg<\/p>\n<\/div>\n<\/div>\n<\/div>\n<div class=\"elementor-element elementor-element-7aad0d8 e-con-full e-flex e-con e-child\" data-id=\"7aad0d8\" data-element_type=\"container\">\n<div class=\"elementor-element elementor-element-fbca415 elementor-widget elementor-widget-image\" data-id=\"fbca415\" data-element_type=\"widget\" data-widget_type=\"image.default\">\n<div class=\"elementor-widget-container\"> <img decoding=\"async\" width=\"800\" height=\"800\" src=\"https:\/\/hightopgroup.com\/wp-content\/uploads\/2024\/11\/\u6316\u673a\u6db2\u538b\u5feb\u6362.jpg\" class=\"attachment-large size-large wp-image-3393\" alt=\"\u6316\u673a\u6db2\u538b\u5feb\u6362\" srcset=\"https:\/\/hightopgroup.com\/wp-content\/uploads\/2024\/11\/\u6316\u673a\u6db2\u538b\u5feb\u6362.jpg 800w, https:\/\/hightopgroup.com\/wp-content\/uploads\/2024\/11\/\u6316\u673a\u6db2\u538b\u5feb\u6362-300x300.jpg 300w, https:\/\/hightopgroup.com\/wp-content\/uploads\/2024\/11\/\u6316\u673a\u6db2\u538b\u5feb\u6362-150x150.jpg 150w, https:\/\/hightopgroup.com\/wp-content\/uploads\/2024\/11\/\u6316\u673a\u6db2\u538b\u5feb\u6362-768x768.jpg 768w, https:\/\/hightopgroup.com\/wp-content\/uploads\/2024\/11\/\u6316\u673a\u6db2\u538b\u5feb\u6362-600x600.jpg 600w\" sizes=\"(max-width: 800px) 100vw, 800px\" title=\"Attache rapide pour mini-pelle 3\"><\/div>\n<\/div>\n<div class=\"elementor-element elementor-element-1a03bb3 elementor-widget elementor-widget-heading\" data-id=\"1a03bb3\" data-element_type=\"widget\" data-widget_type=\"heading.default\">\n<div class=\"elementor-widget-container\">\n<h2 class=\"elementor-heading-title elementor-size-default\">Attache rapide hydraulique<\/h2>\n<\/div>\n<\/div>\n<div class=\"elementor-element elementor-element-cb9ac85 elementor-widget elementor-widget-text-editor\" data-id=\"cb9ac85\" data-element_type=\"widget\" data-widget_type=\"text-editor.default\">\n<div class=\"elementor-widget-container\">\n<p>syst\u00e8me hydraulique<\/p>\n<\/div>\n<\/div>\n<\/div>\n<div class=\"elementor-element elementor-element-c6bb502 e-con-full e-flex e-con e-child\" data-id=\"c6bb502\" data-element_type=\"container\">\n<div class=\"elementor-element elementor-element-a654cb5 elementor-widget elementor-widget-image\" data-id=\"a654cb5\" data-element_type=\"widget\" data-widget_type=\"image.default\">\n<div class=\"elementor-widget-container\"> <img loading=\"lazy\" decoding=\"async\" width=\"800\" height=\"800\" src=\"https:\/\/hightopgroup.com\/wp-content\/uploads\/2024\/11\/\u6316\u673a\u5feb\u6362\u63a5\u5934.jpg\" class=\"attachment-large size-large wp-image-3391\" alt=\"\u6316\u673a\u5feb\u6362\u63a5\u5934\" srcset=\"https:\/\/hightopgroup.com\/wp-content\/uploads\/2024\/11\/\u6316\u673a\u5feb\u6362\u63a5\u5934.jpg 800w, https:\/\/hightopgroup.com\/wp-content\/uploads\/2024\/11\/\u6316\u673a\u5feb\u6362\u63a5\u5934-300x300.jpg 300w, https:\/\/hightopgroup.com\/wp-content\/uploads\/2024\/11\/\u6316\u673a\u5feb\u6362\u63a5\u5934-150x150.jpg 150w, https:\/\/hightopgroup.com\/wp-content\/uploads\/2024\/11\/\u6316\u673a\u5feb\u6362\u63a5\u5934-768x768.jpg 768w, https:\/\/hightopgroup.com\/wp-content\/uploads\/2024\/11\/\u6316\u673a\u5feb\u6362\u63a5\u5934-600x600.jpg 600w\" sizes=\"auto, (max-width: 800px) 100vw, 800px\" title=\"Attache rapide pour mini-pelle 4\"><\/div>\n<\/div>\n<div class=\"elementor-element elementor-element-84b165c elementor-widget elementor-widget-heading\" data-id=\"84b165c\" data-element_type=\"widget\" data-widget_type=\"heading.default\">\n<div class=\"elementor-widget-container\">\n<h2 class=\"elementor-heading-title elementor-size-default\">Attache rapide basculante<\/h2>\n<\/div>\n<\/div>\n<div class=\"elementor-element elementor-element-9db03b7 elementor-widget elementor-widget-text-editor\" data-id=\"9db03b7\" data-element_type=\"widget\" data-widget_type=\"text-editor.default\">\n<div class=\"elementor-widget-container\">\n<p>Attache rapide basculante<\/p>\n<p>Angle d'inclinaison \u00b1 90 \u00b0<br \/>Couple max. 950Nm<\/p>\n<\/div>\n<\/div>\n<\/div>\n<div class=\"elementor-element elementor-element-b2de1b5 e-con-full e-flex e-con e-child\" data-id=\"b2de1b5\" data-element_type=\"container\">\n<div class=\"elementor-element elementor-element-eec0d58 elementor-widget elementor-widget-image\" data-id=\"eec0d58\" data-element_type=\"widget\" data-widget_type=\"image.default\">\n<div class=\"elementor-widget-container\"> <img loading=\"lazy\" decoding=\"async\" width=\"800\" height=\"800\" src=\"https:\/\/hightopgroup.com\/wp-content\/uploads\/2024\/11\/\u6316\u673a\u65cb\u8f6c\u5feb\u6362.jpg\" class=\"attachment-large size-large wp-image-3392\" alt=\"\u6316\u673a\u65cb\u8f6c\u5feb\u6362\" srcset=\"https:\/\/hightopgroup.com\/wp-content\/uploads\/2024\/11\/\u6316\u673a\u65cb\u8f6c\u5feb\u6362.jpg 800w, https:\/\/hightopgroup.com\/wp-content\/uploads\/2024\/11\/\u6316\u673a\u65cb\u8f6c\u5feb\u6362-300x300.jpg 300w, https:\/\/hightopgroup.com\/wp-content\/uploads\/2024\/11\/\u6316\u673a\u65cb\u8f6c\u5feb\u6362-150x150.jpg 150w, https:\/\/hightopgroup.com\/wp-content\/uploads\/2024\/11\/\u6316\u673a\u65cb\u8f6c\u5feb\u6362-768x768.jpg 768w, https:\/\/hightopgroup.com\/wp-content\/uploads\/2024\/11\/\u6316\u673a\u65cb\u8f6c\u5feb\u6362-600x600.jpg 600w\" sizes=\"auto, (max-width: 800px) 100vw, 800px\" title=\"Attache rapide pour mini-pelle 5\"><\/div>\n<\/div>\n<div class=\"elementor-element elementor-element-cb9c692 elementor-widget elementor-widget-heading\" data-id=\"cb9c692\" data-element_type=\"widget\" data-widget_type=\"heading.default\">\n<div class=\"elementor-widget-container\">\n<h2 class=\"elementor-heading-title elementor-size-default\">Attache rapide rotative<\/h2>\n<\/div>\n<\/div>\n<div class=\"elementor-element elementor-element-4da304d elementor-widget elementor-widget-text-editor\" data-id=\"4da304d\" data-element_type=\"widget\" data-widget_type=\"text-editor.default\">\n<div class=\"elementor-widget-container\">\n<p>Rotation \u00e0 360<br \/>Capacit\u00e9 de charge maximale : 100KG<br \/>Taille de l'emballage : 420*260*340mm<br \/>Poids de l'emballage : 36 kg<\/p>\n<\/div>\n<\/div>\n<\/div>\n<div class=\"elementor-element elementor-element-c218b52 e-con-full e-flex e-con e-child\" data-id=\"c218b52\" data-element_type=\"container\">\n<div class=\"elementor-element elementor-element-f6c1e7c elementor-widget elementor-widget-image\" data-id=\"f6c1e7c\" data-element_type=\"widget\" data-widget_type=\"image.default\">\n<div class=\"elementor-widget-container\"> <img loading=\"lazy\" decoding=\"async\" width=\"800\" height=\"800\" src=\"https:\/\/hightopgroup.com\/wp-content\/uploads\/2024\/11\/\u6316\u673a\u5feb\u6362\u96c6\u5408.jpg\" class=\"attachment-large size-large wp-image-3394\" alt=\"\u6316\u673a\u5feb\u6362\u96c6\u5408\" srcset=\"https:\/\/hightopgroup.com\/wp-content\/uploads\/2024\/11\/\u6316\u673a\u5feb\u6362\u96c6\u5408.jpg 800w, https:\/\/hightopgroup.com\/wp-content\/uploads\/2024\/11\/\u6316\u673a\u5feb\u6362\u96c6\u5408-300x300.jpg 300w, https:\/\/hightopgroup.com\/wp-content\/uploads\/2024\/11\/\u6316\u673a\u5feb\u6362\u96c6\u5408-150x150.jpg 150w, https:\/\/hightopgroup.com\/wp-content\/uploads\/2024\/11\/\u6316\u673a\u5feb\u6362\u96c6\u5408-768x768.jpg 768w, https:\/\/hightopgroup.com\/wp-content\/uploads\/2024\/11\/\u6316\u673a\u5feb\u6362\u96c6\u5408-600x600.jpg 600w\" sizes=\"auto, (max-width: 800px) 100vw, 800px\" title=\"Attache rapide pour mini-pelle 6\"><\/div>\n<\/div>\n<div class=\"elementor-element elementor-element-ff7b179 elementor-widget elementor-widget-heading\" data-id=\"ff7b179\" data-element_type=\"widget\" data-widget_type=\"heading.default\">\n<div class=\"elementor-widget-container\">\n<h2 class=\"elementor-heading-title elementor-size-default\">Composants importants pour les pelles<\/h2>\n<\/div>\n<\/div>\n<div class=\"elementor-element elementor-element-2c6cde4 elementor-widget elementor-widget-text-editor\" data-id=\"2c6cde4\" data-element_type=\"widget\" data-widget_type=\"text-editor.default\">\n<div class=\"elementor-widget-container\">\n<p>Les raccords rapides pour petites excavatrices peuvent am\u00e9liorer l'efficacit\u00e9 du travail, \u00e9largir le champ d'utilisation, renforcer la s\u00e9curit\u00e9 et la commodit\u00e9, ainsi que r\u00e9duire les besoins de modification ; c'est un composant indispensable et important de l'excavatrice.<\/p>\n<\/div>\n<\/div>\n<\/div>\n<p>&nbsp;<\/p>\n<p>Param\u00e8tres<\/p>\n<div class=\"elementor-element elementor-element-de5a9f0 e-con-full e-flex e-con e-child\" data-id=\"de5a9f0\" data-element_type=\"container\">\n<div class=\"elementor-element elementor-element-e52e0c9 elementor-widget elementor-widget-text-editor\" data-id=\"e52e0c9\" data-element_type=\"widget\" data-widget_type=\"text-editor.default\">\n<div class=\"elementor-widget-container\">\n<div class=\"elementor-element elementor-element-7fcb316 elementor-widget elementor-widget-heading\" data-id=\"7fcb316\" data-element_type=\"widget\" data-widget_type=\"heading.default\">\n<p class=\"elementor-widget-container\"><span style=\"font-size: 12pt; font-family: arial, helvetica, sans-serif;\">ATTELAGE RAPIDE<\/span><\/p>\n<p class=\"elementor-widget-container\"><span style=\"font-size: 12pt; font-family: arial, helvetica, sans-serif;\">Axe\uff1a\u03c625mm<\/span><\/p>\n<\/div>\n<div class=\"elementor-element elementor-element-1aa33d7 elementor-widget elementor-widget-text-editor\" data-id=\"1aa33d7\" data-element_type=\"widget\" data-widget_type=\"text-editor.default\">\n<div class=\"elementor-widget-container\">\n<p><span style=\"font-family: arial, helvetica, sans-serif; font-size: 12pt;\">Roue dent\u00e9e ouverte\uff1a92mm<\/span><br \/><span style=\"font-family: arial, helvetica, sans-serif; font-size: 12pt;\">Espacement des essieux\uff1a85mm<\/span><br \/><span style=\"font-family: arial, helvetica, sans-serif; font-size: 12pt;\">Taille de l'emballage : 280mm*170mm*190mm<\/span><br \/><span style=\"font-family: arial, helvetica, sans-serif; font-size: 12pt;\">Poids de l'emballage : 7,6 kg<\/span><\/p>\n<h2 class=\"elementor-heading-title elementor-size-default\"><span style=\"font-family: arial, helvetica, sans-serif; font-size: 12pt;\">CHANGEMENT RAPIDE SEMI-AUTOMATIQUE<\/span><\/h2>\n<div class=\"elementor-element elementor-element-2c77c6d elementor-widget elementor-widget-text-editor\" data-id=\"2c77c6d\" data-element_type=\"widget\" data-widget_type=\"text-editor.default\">\n<p><span style=\"font-family: arial, helvetica, sans-serif; font-size: 12pt;\">Axe de la broche : \u03c625mm<\/span><br \/><span style=\"font-family: arial, helvetica, sans-serif; font-size: 12pt;\">Engrenage ouvert : 92mm<\/span><br \/><span style=\"font-family: arial, helvetica, sans-serif; font-size: 12pt;\">Espacement des essieux : 85mm<\/span><br \/><span style=\"font-family: arial, helvetica, sans-serif; font-size: 12pt;\">Taille de l'emballage : 280mm*190mm*190mm<\/span><br \/><span style=\"font-family: arial, helvetica, sans-serif; font-size: 12pt;\">Poids de l'emballage : 14,5 kg<\/span><\/p>\n<h2 class=\"elementor-heading-title elementor-size-default\"><span style=\"font-family: arial, helvetica, sans-serif; font-size: 12pt;\">ATTELAGE RAPIDE HYDRAULIQUE<\/span><\/h2>\n<div class=\"elementor-element elementor-element-cb9ac85 elementor-widget elementor-widget-text-editor\" data-id=\"cb9ac85\" data-element_type=\"widget\" data-widget_type=\"text-editor.default\">\n<p><span style=\"font-family: arial, helvetica, sans-serif; font-size: 12pt;\">syst\u00e8me hydraulique<\/span><\/p>\n<h2 class=\"elementor-heading-title elementor-size-default\"><span style=\"font-family: arial, helvetica, sans-serif; font-size: 12pt;\">ATTACHE RAPIDE BASCULANTE<\/span><\/h2>\n<div class=\"elementor-element elementor-element-9db03b7 elementor-widget elementor-widget-text-editor\" data-id=\"9db03b7\" data-element_type=\"widget\" data-widget_type=\"text-editor.default\">\n<p><span style=\"font-size: 12pt; font-family: arial, helvetica, sans-serif;\">Attache rapide inclinableAngle d'inclinaison \u00b1 90 \u00b0<\/span><br \/><span style=\"font-family: arial, helvetica, sans-serif; font-size: 12pt;\">Couple max. 950Nm<\/span><\/p>\n<h2 class=\"elementor-heading-title elementor-size-default\"><span style=\"font-family: arial, helvetica, sans-serif; font-size: 12pt;\">ATTACHE RAPIDE ROTATIVE<\/span><\/h2>\n<div class=\"elementor-element elementor-element-4da304d elementor-widget elementor-widget-text-editor\" data-id=\"4da304d\" data-element_type=\"widget\" data-widget_type=\"text-editor.default\">\n<p class=\"elementor-widget-container\"><span style=\"font-family: arial, helvetica, sans-serif; font-size: 12pt;\">Rotation \u00e0 360<\/span><br \/><span style=\"font-family: arial, helvetica, sans-serif; font-size: 12pt;\">Capacit\u00e9 de charge maximale : 100KG<\/span><br \/><span style=\"font-family: arial, helvetica, sans-serif; font-size: 12pt;\">Taille de l'emballage : 420*260*340mm<\/span><br \/><span style=\"font-family: arial, helvetica, sans-serif; font-size: 12pt;\">Poids de l'emballage : 36 kg<\/span><\/p>\n<\/div>\n<\/div>\n<\/div>\n<\/div>\n<\/div>\n<\/div>\n<\/div>\n<\/div>\n<\/div>\n<div class=\"elementor-element elementor-element-3fbb200 e-con-full e-flex e-con e-child\" data-id=\"3fbb200\" data-element_type=\"container\">\n<div class=\"elementor-element elementor-element-9b29a08 elementor-widget elementor-widget-image\" data-id=\"9b29a08\" data-element_type=\"widget\" data-widget_type=\"image.default\">\n<div class=\"elementor-widget-container\"> <img loading=\"lazy\" decoding=\"async\" width=\"749\" height=\"1024\" src=\"https:\/\/hightopgroup.com\/wp-content\/uploads\/2024\/11\/\u5feb\u6362\u4f7f\u7528-749x1024.jpg\" class=\"attachment-large size-large wp-image-3408\" alt=\"\u5feb\u6362\u4f7f\u7528\" srcset=\"https:\/\/hightopgroup.com\/wp-content\/uploads\/2024\/11\/\u5feb\u6362\u4f7f\u7528-749x1024.jpg 749w, https:\/\/hightopgroup.com\/wp-content\/uploads\/2024\/11\/\u5feb\u6362\u4f7f\u7528-219x300.jpg 219w, https:\/\/hightopgroup.com\/wp-content\/uploads\/2024\/11\/\u5feb\u6362\u4f7f\u7528-768x1050.jpg 768w, https:\/\/hightopgroup.com\/wp-content\/uploads\/2024\/11\/\u5feb\u6362\u4f7f\u7528-600x821.jpg 600w, https:\/\/hightopgroup.com\/wp-content\/uploads\/2024\/11\/\u5feb\u6362\u4f7f\u7528.jpg 800w\" sizes=\"auto, (max-width: 749px) 100vw, 749px\" title=\"Attache rapide pour mini-pelle 7\"><\/div>\n<\/div>\n<\/div>","protected":false},"excerpt":{"rendered":"<p>L'attache rapide pour mini-pelle Hightop, \u00e9galement connue sous le nom de connecteur rapide ou de dispositif de changement rapide, est un dispositif utilis\u00e9 pour<\/p>","protected":false},"featured_media":17094,"template":"","meta":{"rank_math_lock_modified_date":false},"product_brand":[],"product_cat":[47],"product_tag":[],"class_list":{"0":"post-17092","1":"product","2":"type-product","3":"status-publish","4":"has-post-thumbnail","6":"product_cat-accessories","8":"first","9":"instock","10":"product-type-simple"},"_links":{"self":[{"href":"https:\/\/beleevo.prowebplanners.com\/fr\/wp-json\/wp\/v2\/product\/17092","targetHints":{"allow":["GET"]}}],"collection":[{"href":"https:\/\/beleevo.prowebplanners.com\/fr\/wp-json\/wp\/v2\/product"}],"about":[{"href":"https:\/\/beleevo.prowebplanners.com\/fr\/wp-json\/wp\/v2\/types\/product"}],"version-history":[{"count":1,"href":"https:\/\/beleevo.prowebplanners.com\/fr\/wp-json\/wp\/v2\/product\/17092\/revisions"}],"predecessor-version":[{"id":17093,"href":"https:\/\/beleevo.prowebplanners.com\/fr\/wp-json\/wp\/v2\/product\/17092\/revisions\/17093"}],"wp:featuredmedia":[{"embeddable":true,"href":"https:\/\/beleevo.prowebplanners.com\/fr\/wp-json\/wp\/v2\/media\/17094"}],"wp:attachment":[{"href":"https:\/\/beleevo.prowebplanners.com\/fr\/wp-json\/wp\/v2\/media?parent=17092"}],"wp:term":[{"taxonomy":"product_brand","embeddable":true,"href":"https:\/\/beleevo.prowebplanners.com\/fr\/wp-json\/wp\/v2\/product_brand?post=17092"},{"taxonomy":"product_cat","embeddable":true,"href":"https:\/\/beleevo.prowebplanners.com\/fr\/wp-json\/wp\/v2\/product_cat?post=17092"},{"taxonomy":"product_tag","embeddable":true,"href":"https:\/\/beleevo.prowebplanners.com\/fr\/wp-json\/wp\/v2\/product_tag?post=17092"}],"curies":[{"name":"wp","href":"https:\/\/api.w.org\/{rel}","templated":true}]}}