{"id":17078,"date":"2025-07-23T13:43:10","date_gmt":"2025-07-23T13:43:10","guid":{"rendered":"https:\/\/beleevo.prowebplanners.com\/produit\/htzxk42-off-road-golf-cart\/"},"modified":"2025-07-23T13:45:11","modified_gmt":"2025-07-23T13:45:11","slug":"htzxk42-off-road-golf-cart","status":"publish","type":"product","link":"https:\/\/beleevo.prowebplanners.com\/fr\/produit\/htzxk42-off-road-golf-cart\/","title":{"rendered":"HTZXK4+2 CHARIOT DE GOLF TOUT-TERRAIN"},"content":{"rendered":"<p>Vue d'ensemble<\/p>\n<div class=\"elementor-element elementor-element-3d00484 elementor-widget__width-initial elementor-widget elementor-widget-text-editor\" data-id=\"3d00484\" data-element_type=\"widget\" data-widget_type=\"text-editor.default\">\n<div class=\"elementor-widget-container\">\n<ol>\n<li>Rentabilit\u00e9 \u00e9lev\u00e9e : En tant qu'usine autonome situ\u00e9e dans la base chinoise de fabrication de machines de construction, nous sommes en mesure de produire des chariots de golf \u00e9lectriques \u00e0 des co\u00fbts inf\u00e9rieurs, y compris les co\u00fbts de la main-d'\u0153uvre et des mati\u00e8res premi\u00e8res, et de fournir \u00e0 nos clients des produits tr\u00e8s rentables.<\/li>\n<li>Approvisionnement \u00e0 guichet unique : En tant qu'usine autonome, nous proposons une large gamme de produits, couvrant les machines de construction compactes, ce qui permet aux clients de se procurer tout l'\u00e9quipement n\u00e9cessaire en un seul endroit.<\/li>\n<li>Qualit\u00e9 et performances professionnelles : Avec des ann\u00e9es d'exp\u00e9rience de production, nos produits ont pass\u00e9 les certifications CE, TUV et ISO, fournissant une qualit\u00e9 et une performance de niveau professionnel pour les projets de chariots de golf.<\/li>\n<li>Service apr\u00e8s-vente complet : Notre \u00e9quipe professionnelle de vente et de maintenance propose des services de consultation et d'assistance apr\u00e8s-vente, dans le but de maximiser les performances des \u00e9quipements, d'assurer une ex\u00e9cution sans heurts des projets et de fournir une assistance technique tout au long de la vie.<\/li>\n<\/ol>\n<\/div>\n<\/div>\n<div class=\"elementor-element elementor-element-eec99f5 elementor-widget__width-initial elementor-widget elementor-widget-video\" data-id=\"eec99f5\" data-element_type=\"widget\" data-settings=\"{&quot;youtube_url&quot;:&quot;https:\/\/youtu.be\/RBAKppa9fwk&quot;,&quot;show_image_overlay&quot;:&quot;yes&quot;,&quot;image_overlay&quot;:{&quot;url&quot;:&quot;https:\/\/hightopgroup.com\/wp-content\/uploads\/2025\/04\/ZXK42-2.jpg&quot;,&quot;id&quot;:3883,&quot;size&quot;:&quot;&quot;,&quot;alt&quot;:&quot;&quot;,&quot;source&quot;:&quot;library&quot;},&quot;video_type&quot;:&quot;youtube&quot;,&quot;controls&quot;:&quot;yes&quot;}\" data-widget_type=\"video.default\">\n<div class=\"elementor-widget-container\">\n<div class=\"elementor-wrapper elementor-open-inline\">\n<div class=\"elementor-video\"><\/div>\n<div class=\"elementor-custom-embed-image-overlay\" style=\"background-image: url(https:\/\/hightopgroup.com\/wp-content\/uploads\/2025\/04\/ZXK42-2.jpg);\">\n<div class=\"elementor-custom-embed-play\" role=\"button\" aria-label=\"Lire la vid\u00e9o\" tabindex=\"0\"> <svg aria-hidden=\"true\" class=\"e-font-icon-svg e-eicon-play\" viewbox=\"0 0 1000 1000\"><path d=\"M838 162C746 71 633 25 500 25 371 25 258 71 163 162 71 254 25 367 25 500 25 633 71 746 163 837 254 929 367 979 500 979 633 979 746 933 838 837 929 746 975 633 975 500 975 367 929 254 838 162M808 192C892 279 933 379 933 500 933 621 892 725 808 808 725 892 621 938 500 938 379 938 279 896 196 808 113 725 67 621 67 500 67 379 108 279 196 192 279 108 383 62 500 62 621 62 721 108 808 192M438 392V642L642 517 438 392Z\" \/><\/svg><\/div>\n<\/div>\n<\/div>\n<\/div>\n<\/div>\n<p>&nbsp;<\/p>\n<p>Caract\u00e9ristiques et avantages<\/p>\n<div class=\"elementor-element elementor-element-138b23e e-con-full e-flex e-con e-child\" data-id=\"138b23e\" data-element_type=\"container\">\n<div class=\"elementor-element elementor-element-dc31022 elementor-widget elementor-widget-image\" data-id=\"dc31022\" data-element_type=\"widget\" data-widget_type=\"image.default\">\n<div class=\"elementor-widget-container\"> <img fetchpriority=\"high\" decoding=\"async\" width=\"800\" height=\"800\" src=\"https:\/\/hightopgroup.com\/wp-content\/uploads\/2025\/04\/HTZXK42-1.jpg\" class=\"attachment-large size-large wp-image-4000\" alt=\"HTZXK42 1\" srcset=\"https:\/\/hightopgroup.com\/wp-content\/uploads\/2025\/04\/HTZXK42-1.jpg 1000w, https:\/\/hightopgroup.com\/wp-content\/uploads\/2025\/04\/HTZXK42-1-300x300.jpg 300w, https:\/\/hightopgroup.com\/wp-content\/uploads\/2025\/04\/HTZXK42-1-150x150.jpg 150w, https:\/\/hightopgroup.com\/wp-content\/uploads\/2025\/04\/HTZXK42-1-768x768.jpg 768w, https:\/\/hightopgroup.com\/wp-content\/uploads\/2025\/04\/HTZXK42-1-600x600.jpg 600w\" sizes=\"(max-width: 800px) 100vw, 800px\" title=\"HTZXK4+2 CHARIOT DE GOLF TOUT-TERRAIN 1\"><\/div>\n<\/div>\n<div class=\"elementor-element elementor-element-7fcb316 elementor-widget elementor-widget-heading\" data-id=\"7fcb316\" data-element_type=\"widget\" data-widget_type=\"heading.default\">\n<div class=\"elementor-widget-container\">\n<h2 class=\"elementor-heading-title elementor-size-default\">Pare-brise rabattable<\/h2>\n<\/div>\n<\/div>\n<div class=\"elementor-element elementor-element-1aa33d7 elementor-widget elementor-widget-text-editor\" data-id=\"1aa33d7\" data-element_type=\"widget\" data-widget_type=\"text-editor.default\">\n<div class=\"elementor-widget-container\">\n<div data-slate-node=\"element\">\n<p>Le pare-vent permet de se prot\u00e9ger du vent et de la pluie.<\/p>\n<\/div>\n<\/div>\n<\/div>\n<\/div>\n<div class=\"elementor-element elementor-element-b74d99a e-con-full e-flex e-con e-child\" data-id=\"b74d99a\" data-element_type=\"container\">\n<div class=\"elementor-element elementor-element-d474faf elementor-widget elementor-widget-image\" data-id=\"d474faf\" data-element_type=\"widget\" data-widget_type=\"image.default\">\n<div class=\"elementor-widget-container\"> <img decoding=\"async\" width=\"800\" height=\"800\" src=\"https:\/\/hightopgroup.com\/wp-content\/uploads\/2025\/04\/HTZXK42-2.jpg\" class=\"attachment-large size-large wp-image-4001\" alt=\"HTZXK42 2\" srcset=\"https:\/\/hightopgroup.com\/wp-content\/uploads\/2025\/04\/HTZXK42-2.jpg 1000w, https:\/\/hightopgroup.com\/wp-content\/uploads\/2025\/04\/HTZXK42-2-300x300.jpg 300w, https:\/\/hightopgroup.com\/wp-content\/uploads\/2025\/04\/HTZXK42-2-150x150.jpg 150w, https:\/\/hightopgroup.com\/wp-content\/uploads\/2025\/04\/HTZXK42-2-768x768.jpg 768w, https:\/\/hightopgroup.com\/wp-content\/uploads\/2025\/04\/HTZXK42-2-600x600.jpg 600w\" sizes=\"(max-width: 800px) 100vw, 800px\" title=\"HTZXK4+2 CHARIOT DE GOLF TOUT-TERRAIN 2\"><\/div>\n<\/div>\n<div class=\"elementor-element elementor-element-97e9dde elementor-widget elementor-widget-heading\" data-id=\"97e9dde\" data-element_type=\"widget\" data-widget_type=\"heading.default\">\n<div class=\"elementor-widget-container\">\n<h2 class=\"elementor-heading-title elementor-size-default\">Coussin de si\u00e8ge confortable<\/h2>\n<\/div>\n<\/div>\n<div class=\"elementor-element elementor-element-2c77c6d elementor-widget elementor-widget-text-editor\" data-id=\"2c77c6d\" data-element_type=\"widget\" data-widget_type=\"text-editor.default\">\n<div class=\"elementor-widget-container\">\n<div data-slate-node=\"element\"><span data-slate-fragment=\"JTVCJTdCJTIydHlwZSUyMiUzQSUyMnBhcmFncmFwaCUyMiUyQyUyMmNoaWxkcmVuJTIyJTNBJTVCJTdCJTIyaWQlMjIlM0ElMjJWUXA5b3JvcUplJTIyJTJDJTIycGFyYUlkeCUyMiUzQTIlMkMlMjJzcmMlMjIlM0ElMjJBRFZBTlRBR0UlMjAzJTNBQ29tZm9ydGFibGUlMjBzZWF0JTIwY3VzaGlvbiUyMC0tRW5qb3lkcml2aW5nJTIwam91cm5leSUyMGluJTIwdWx0aW1hdGUlMjBjb21mb3J3aXRoJTIwZXJnb25vbWljJTIwZGVzaWduLiUyMiUyQyUyMmRzdCUyMiUzQSUyMiVFNCVCQyU5OCVFNyU4MiVCOTMlRUYlQkMlOUElRTglODglOTIlRTklODAlODIlRTclOUElODQlRTUlQkElQTclRTUlOUUlQUIlRTIlODAlOTQlRTIlODAlOTQlRTQlQjglOEUlRTQlQkElQkElRTQlQkQlOTMlRTUlQjclQTUlRTclQTglOEIlRTUlQUQlQTYlRTglQUUlQkUlRTglQUUlQTElRTUlQUUlOEMlRTclQkUlOEUlRTclQkIlOTMlRTUlOTAlODglRUYlQkMlOEMlRTQlQkElQUIlRTUlOEYlOTclRTklQTklQkUlRTklQTklQjYlRTQlQjklOEIlRTYlOTclODUlRTMlODAlODIlMjIlMkMlMjJtZXRhZGF0YSUyMiUzQSUyMiUyMiUyQyUyMm1hdGNoZXMlMjIlM0FudWxsJTJDJTIybWV0YURhdGElMjIlM0ElNUIlNUQlMkMlMjJ0ZXh0JTIyJTNBJTIyQ29tZm9ydGFibGUlMjBzZWF0JTIwY3VzaGlvbiUyMC0tRW5qb3lkcml2aW5nJTIwam91cm5leSUyMGluJTIwdWx0aW1hdGUlMjBjb21mb3J3aXRoJTIwZXJnb25vbWljJTIwZGVzaWduLiUyMiU3RCU1RCU3RCU1RA==\">Appr\u00e9ciez votre trajet dans un confort ultime gr\u00e2ce \u00e0 un design ergonomique.<\/span><\/p>\n<div data-slate-node=\"element\">&nbsp;<\/div>\n<\/div>\n<\/div>\n<\/div>\n<\/div>\n<div class=\"elementor-element elementor-element-7aad0d8 e-con-full e-flex e-con e-child\" data-id=\"7aad0d8\" data-element_type=\"container\">\n<div class=\"elementor-element elementor-element-fbca415 elementor-widget elementor-widget-image\" data-id=\"fbca415\" data-element_type=\"widget\" data-widget_type=\"image.default\">\n<div class=\"elementor-widget-container\"> <img fetchpriority=\"high\" decoding=\"async\" width=\"800\" height=\"800\" src=\"https:\/\/hightopgroup.com\/wp-content\/uploads\/2025\/04\/HTZXK42-1.jpg\" class=\"attachment-large size-large wp-image-4000\" alt=\"HTZXK42 1\" srcset=\"https:\/\/hightopgroup.com\/wp-content\/uploads\/2025\/04\/HTZXK42-1.jpg 1000w, https:\/\/hightopgroup.com\/wp-content\/uploads\/2025\/04\/HTZXK42-1-300x300.jpg 300w, https:\/\/hightopgroup.com\/wp-content\/uploads\/2025\/04\/HTZXK42-1-150x150.jpg 150w, https:\/\/hightopgroup.com\/wp-content\/uploads\/2025\/04\/HTZXK42-1-768x768.jpg 768w, https:\/\/hightopgroup.com\/wp-content\/uploads\/2025\/04\/HTZXK42-1-600x600.jpg 600w\" sizes=\"(max-width: 800px) 100vw, 800px\" title=\"HTZXK4+2 CHARIOT DE GOLF TOUT-TERRAIN 1\"><\/div>\n<\/div>\n<div class=\"elementor-element elementor-element-1a03bb3 elementor-widget elementor-widget-heading\" data-id=\"1a03bb3\" data-element_type=\"widget\" data-widget_type=\"heading.default\">\n<div class=\"elementor-widget-container\">\n<h2 class=\"elementor-heading-title elementor-size-default\">Syst\u00e8me d'\u00e9clairage \u00e0 diodes \u00e9lectroluminescentes<\/h2>\n<\/div>\n<\/div>\n<div class=\"elementor-element elementor-element-cb9ac85 elementor-widget elementor-widget-text-editor\" data-id=\"cb9ac85\" data-element_type=\"widget\" data-widget_type=\"text-editor.default\">\n<div class=\"elementor-widget-container\">\n<p><span data-slate-fragment=\"JTVCJTdCJTIydHlwZSUyMiUzQSUyMnBhcmFncmFwaCUyMiUyQyUyMmNoaWxkcmVuJTIyJTNBJTVCJTdCJTIyaWQlMjIlM0ElMjJCUFh3S2dLb21CJTIyJTJDJTIycGFyYUlkeCUyMiUzQTElMkMlMjJzcmMlMjIlM0ElMjJBRFZBTlRBR0UlMjAyJTNBTGVkJTIwbGlnaHRpbmclMjBzeXN0ZW0lMjAtQWxsJTIwTGVkJTIwaGVhZGxpZ2h0cyUyMGFuZCUyMHRhaWxsaWdodHNmb3IlMjBtYXhpbXVtJTIwYnJpZ2h0bmVzcyUyMGFuZCUyMGR1cmFibGl0eS4lMjIlMkMlMjJkc3QlMjIlM0ElMjIlRTQlQkMlOTglRTclODIlQjkyJUVGJUJDJTlBTGVkJUU3JTg1JUE3JUU2JTk4JThFJUU3JUIzJUJCJUU3JUJCJTlGLSVFNiU4OSU4MCVFNiU5QyU4OUxlZCVFNSU4OSU4RCVFNyU4NSVBNyVFNyU4MSVBRiVFNSU5MiU4QyVFNSVCMCVCRSVFNyU4MSVBRiVFOSU4MyVCRCVFNSU4NSVCNyVFNiU5QyU4OSVFNiU5QyU4MCVFNSVBNCVBNyVFNyU5QSU4NCVFNCVCQSVBRSVFNSVCQSVBNiVFNSU5MiU4QyVFOCU4MCU5MCVFNyU5NCVBOCVFNiU4MCVBNyVFMyU4MCU4MiUyMiUyQyUyMm1ldGFkYXRhJTIyJTNBJTIyJTIyJTJDJTIybWF0Y2hlcyUyMiUzQW51bGwlMkMlMjJtZXRhRGF0YSUyMiUzQSU1QiU1RCUyQyUyMnRleHQlMjIlM0ElMjIlM0FMZWQlMjBsaWdodGluZyUyMHN5c3RlbSUyMC1BbGwlMjBMZWQlMjBoZWFkbGlnaHRzJTIwYW5kJTIwdGFpbGxpZ2h0c2ZvciUyMG1heGltdW0lMjBicmlnaHRuZXNzJTIwYW5kJTIwZHVyYWJsaXR5LiUyMiU3RCU1RCU3RCU1RA==\">Phares et feux arri\u00e8re enti\u00e8rement \u00e0 LED pour une luminosit\u00e9 et une durabilit\u00e9 maximales.<\/span><\/p>\n<\/div>\n<\/div>\n<\/div>\n<div class=\"elementor-element elementor-element-c6bb502 e-con-full e-flex e-con e-child\" data-id=\"c6bb502\" data-element_type=\"container\">\n<div class=\"elementor-element elementor-element-a654cb5 elementor-widget elementor-widget-image\" data-id=\"a654cb5\" data-element_type=\"widget\" data-widget_type=\"image.default\">\n<div class=\"elementor-widget-container\"> <img decoding=\"async\" width=\"790\" height=\"790\" src=\"https:\/\/hightopgroup.com\/wp-content\/uploads\/2025\/04\/ZXK\u9ad8\u5c14\u592b\u8be6\u60c5-4.jpg\" class=\"attachment-large size-large wp-image-3845\" alt=\"ZXK\u9ad8\u5c14\u592b\u8be6\u60c5 4\" srcset=\"https:\/\/hightopgroup.com\/wp-content\/uploads\/2025\/04\/ZXK\u9ad8\u5c14\u592b\u8be6\u60c5-4.jpg 790w, https:\/\/hightopgroup.com\/wp-content\/uploads\/2025\/04\/ZXK\u9ad8\u5c14\u592b\u8be6\u60c5-4-300x300.jpg 300w, https:\/\/hightopgroup.com\/wp-content\/uploads\/2025\/04\/ZXK\u9ad8\u5c14\u592b\u8be6\u60c5-4-150x150.jpg 150w, https:\/\/hightopgroup.com\/wp-content\/uploads\/2025\/04\/ZXK\u9ad8\u5c14\u592b\u8be6\u60c5-4-768x768.jpg 768w, https:\/\/hightopgroup.com\/wp-content\/uploads\/2025\/04\/ZXK\u9ad8\u5c14\u592b\u8be6\u60c5-4-600x600.jpg 600w\" sizes=\"(max-width: 790px) 100vw, 790px\" title=\"HTZXK4+2 CHARIOT DE GOLF TOUT-TERRAIN 4\"><\/div>\n<\/div>\n<div class=\"elementor-element elementor-element-84b165c elementor-widget elementor-widget-heading\" data-id=\"84b165c\" data-element_type=\"widget\" data-widget_type=\"heading.default\">\n<div class=\"elementor-widget-container\">\n<h2 class=\"elementor-heading-title elementor-size-default\">Freinage \u00e0 disque hydraulique aux 4 roues \/ stationnement \u00e9lectromagn\u00e9tique<\/h2>\n<\/div>\n<\/div>\n<div class=\"elementor-element elementor-element-9db03b7 elementor-widget elementor-widget-text-editor\" data-id=\"9db03b7\" data-element_type=\"widget\" data-widget_type=\"text-editor.default\">\n<div class=\"elementor-widget-container\">\n<p><span data-slate-fragment=\"JTVCJTdCJTIydHlwZSUyMiUzQSUyMnBhcmFncmFwaCUyMiUyQyUyMmNoaWxkcmVuJTIyJTNBJTVCJTdCJTIyaWQlMjIlM0ElMjJWcDE1RTBFRHh6JTIyJTJDJTIycGFyYUlkeCUyMiUzQTMlMkMlMjJzcmMlMjIlM0ElMjJBRFZBTlRBR0UlMjA0JTNBU1RPUDQlMjBXaGVlbCUyMEh5ZHJhdWxpYyUyMERpc2MlMjBCcmFraW5nJTJGRWxlY3Ryb01hZ25ldGljJTIwUGFya2luZyUyMiUyQyUyMmRzdCUyMiUzQSUyMiVFNCVCQyU5OCVFNSU4QSVCRjQlRUYlQkMlOUFTVE9QNCVFOCVCRCVBNiVFOCVCRCVBRSVFNiVCNiVCMiVFNSU4RSU4QiVFNyU5QiU5OCVFNSVCQyU4RiVFNSU4OCVCNiVFNSU4QSVBOCUyRiVFNyU5NCVCNSVFNyVBMyU4MSVFOSVBOSVCQiVFOCVCRCVBNiUyMiUyQyUyMm1ldGFkYXRhJTIyJTNBJTIyJTIyJTJDJTIybWF0Y2hlcyUyMiUzQW51bGwlMkMlMjJtZXRhRGF0YSUyMiUzQSU1QiU1RCUyQyUyMnRleHQlMjIlM0ElMjJTVE9QNCUyMFdoZWVsJTIwSHlkcmF1bGljJTIwRGlzYyUyMEJyYWtpbmclMkZFbGVjdHJvTWFnbmV0aWMlMjBQYXJraW5nJTIyJTdEJTVEJTdEJTVE\">STOP4 Roue Frein \u00e0 disque hydraulique \/ Parking \u00e9lectromagn\u00e9tique<\/span><\/p>\n<\/div>\n<\/div>\n<\/div>\n<div class=\"elementor-element elementor-element-b2de1b5 e-con-full e-flex e-con e-child\" data-id=\"b2de1b5\" data-element_type=\"container\">\n<div class=\"elementor-element elementor-element-eec0d58 elementor-widget elementor-widget-image\" data-id=\"eec0d58\" data-element_type=\"widget\" data-widget_type=\"image.default\">\n<div class=\"elementor-widget-container\"> <img loading=\"lazy\" decoding=\"async\" width=\"790\" height=\"790\" src=\"https:\/\/hightopgroup.com\/wp-content\/uploads\/2025\/04\/ZXK\u9ad8\u5c14\u592b\u8be6\u60c5-5.jpg\" class=\"attachment-large size-large wp-image-3846\" alt=\"ZXK\u9ad8\u5c14\u592b\u8be6\u60c5 5\" srcset=\"https:\/\/hightopgroup.com\/wp-content\/uploads\/2025\/04\/ZXK\u9ad8\u5c14\u592b\u8be6\u60c5-5.jpg 790w, https:\/\/hightopgroup.com\/wp-content\/uploads\/2025\/04\/ZXK\u9ad8\u5c14\u592b\u8be6\u60c5-5-300x300.jpg 300w, https:\/\/hightopgroup.com\/wp-content\/uploads\/2025\/04\/ZXK\u9ad8\u5c14\u592b\u8be6\u60c5-5-150x150.jpg 150w, https:\/\/hightopgroup.com\/wp-content\/uploads\/2025\/04\/ZXK\u9ad8\u5c14\u592b\u8be6\u60c5-5-768x768.jpg 768w, https:\/\/hightopgroup.com\/wp-content\/uploads\/2025\/04\/ZXK\u9ad8\u5c14\u592b\u8be6\u60c5-5-600x600.jpg 600w\" sizes=\"auto, (max-width: 790px) 100vw, 790px\" title=\"HTZXK4+2 CHARIOT DE GOLF TOUT-TERRAIN 5\"><\/div>\n<\/div>\n<div class=\"elementor-element elementor-element-cb9c692 elementor-widget elementor-widget-heading\" data-id=\"cb9c692\" data-element_type=\"widget\" data-widget_type=\"heading.default\">\n<div class=\"elementor-widget-container\">\n<h2 class=\"elementor-heading-title elementor-size-default\">commutateur avant\/arri\u00e8re<\/h2>\n<\/div>\n<\/div>\n<div class=\"elementor-element elementor-element-4da304d elementor-widget elementor-widget-text-editor\" data-id=\"4da304d\" data-element_type=\"widget\" data-widget_type=\"text-editor.default\">\n<div class=\"elementor-widget-container\">\n<div data-slate-node=\"element\">interrupteur marche avant\/arri\u00e8re ; indicateur de la capacit\u00e9 de la batterie ; image invers\u00e9e\u00c9cran tactile multim\u00e9dia \u00e0 diodes \u00e9lectroluminescentes<\/div>\n<\/div>\n<\/div>\n<\/div>\n<div class=\"elementor-element elementor-element-c218b52 e-con-full e-flex e-con e-child\" data-id=\"c218b52\" data-element_type=\"container\">\n<div class=\"elementor-element elementor-element-f6c1e7c elementor-widget elementor-widget-image\" data-id=\"f6c1e7c\" data-element_type=\"widget\" data-widget_type=\"image.default\">\n<div class=\"elementor-widget-container\"> <img loading=\"lazy\" decoding=\"async\" width=\"790\" height=\"790\" src=\"https:\/\/hightopgroup.com\/wp-content\/uploads\/2025\/04\/ZXK\u9ad8\u5c14\u592b\u8be6\u60c5-6.jpg\" class=\"attachment-large size-large wp-image-3847\" alt=\"ZXK\u9ad8\u5c14\u592b\u8be6\u60c5 6\" srcset=\"https:\/\/hightopgroup.com\/wp-content\/uploads\/2025\/04\/ZXK\u9ad8\u5c14\u592b\u8be6\u60c5-6.jpg 790w, https:\/\/hightopgroup.com\/wp-content\/uploads\/2025\/04\/ZXK\u9ad8\u5c14\u592b\u8be6\u60c5-6-300x300.jpg 300w, https:\/\/hightopgroup.com\/wp-content\/uploads\/2025\/04\/ZXK\u9ad8\u5c14\u592b\u8be6\u60c5-6-150x150.jpg 150w, https:\/\/hightopgroup.com\/wp-content\/uploads\/2025\/04\/ZXK\u9ad8\u5c14\u592b\u8be6\u60c5-6-768x768.jpg 768w, https:\/\/hightopgroup.com\/wp-content\/uploads\/2025\/04\/ZXK\u9ad8\u5c14\u592b\u8be6\u60c5-6-600x600.jpg 600w\" sizes=\"auto, (max-width: 790px) 100vw, 790px\" title=\"HTZXK4+2 CHARIOT DE GOLF TOUT-TERRAIN 6\"><\/div>\n<\/div>\n<div class=\"elementor-element elementor-element-ff7b179 elementor-widget elementor-widget-heading\" data-id=\"ff7b179\" data-element_type=\"widget\" data-widget_type=\"heading.default\">\n<div class=\"elementor-widget-container\">\n<h2 class=\"elementor-heading-title elementor-size-default\">SYST\u00c8ME AUDIO BLUETOOTH<\/h2>\n<\/div>\n<\/div>\n<div class=\"elementor-element elementor-element-2c6cde4 elementor-widget elementor-widget-text-editor\" data-id=\"2c6cde4\" data-element_type=\"widget\" data-widget_type=\"text-editor.default\">\n<div class=\"elementor-widget-container\">\n<div data-slate-node=\"element\">\n<div data-slate-node=\"element\">\n<p>SYST\u00c8ME AUDIO BLUETOOTH<\/p>\n<\/div>\n<\/div>\n<\/div>\n<\/div>\n<\/div>\n<p>&nbsp;<\/p>\n<p>Param\u00e8tres<\/p>\n<div class=\"elementor-element elementor-element-de5a9f0 e-con-full e-flex e-con e-child\" data-id=\"de5a9f0\" data-element_type=\"container\">\n<div class=\"elementor-element elementor-element-e52e0c9 elementor-widget elementor-widget-text-editor\" data-id=\"e52e0c9\" data-element_type=\"widget\" data-widget_type=\"text-editor.default\">\n<div class=\"elementor-widget-container\">\n<p>Param\u00e8tres du produit<\/p>\n<p>Mod\u00e8le:HTZXK4+2<\/p>\n<p>COMPOSANTES CL\u00c9S<\/p>\n<p>Cadre : Cadre en acier \u00e0 double rev\u00eatement<\/p>\n<p>Batterie : 72V\/100Ah<\/p>\n<p>Moteur:AC,3.5KW<\/p>\n<p>Contr\u00f4leur:Enpower<\/p>\n<p>PERFORMANCE<\/p>\n<p>Capacit\u00e9 en passagers : 6<\/p>\n<p>Vitesse maximale : 30 km\/h<\/p>\n<p>R\u00e9sistance maximale \u00e0 la corrosion : 20%<\/p>\n<p>Poids net : 550 kgs<\/p>\n<p>Autonomie (en charge) sur route plate \u00e0 une vitesse de 30km\/h(km) : &gt;70 KM<\/p>\n<p>DIMENSIONS<\/p>\n<p>Overall dimensions:3600*1350*1950mm<\/p>\n<p>Garde au sol minimale : 120 mm<\/p>\n<p>Empattement : 2440 mm<\/p>\n<p>Bande de roulement de la roue avant : 960 mm<\/p>\n<p>Bande de roulement de la roue arri\u00e8re : 1000 mm<\/p>\n<\/div>\n<\/div>\n<\/div>\n<div class=\"elementor-element elementor-element-3fbb200 e-con-full e-flex e-con e-child\" data-id=\"3fbb200\" data-element_type=\"container\">\n<div class=\"elementor-element elementor-element-9b29a08 elementor-widget elementor-widget-image\" data-id=\"9b29a08\" data-element_type=\"widget\" data-widget_type=\"image.default\">\n<div class=\"elementor-widget-container\"> <img loading=\"lazy\" decoding=\"async\" width=\"790\" height=\"918\" src=\"https:\/\/hightopgroup.com\/wp-content\/uploads\/2025\/04\/ZXK42-5.jpg\" class=\"attachment-large size-large wp-image-3886\" alt=\"ZXK42 5\" srcset=\"https:\/\/hightopgroup.com\/wp-content\/uploads\/2025\/04\/ZXK42-5.jpg 790w, https:\/\/hightopgroup.com\/wp-content\/uploads\/2025\/04\/ZXK42-5-258x300.jpg 258w, https:\/\/hightopgroup.com\/wp-content\/uploads\/2025\/04\/ZXK42-5-768x892.jpg 768w, https:\/\/hightopgroup.com\/wp-content\/uploads\/2025\/04\/ZXK42-5-600x697.jpg 600w\" sizes=\"auto, (max-width: 790px) 100vw, 790px\" title=\"HTZXK4+2 CHARIOT DE GOLF TOUT-TERRAIN 7\"><\/div>\n<\/div>\n<\/div>","protected":false},"excerpt":{"rendered":"<p>Vue d'ensemble Rentabilit\u00e9 \u00e9lev\u00e9e : En tant qu'usine autonome situ\u00e9e dans la base chinoise de fabrication d'engins de chantier, nous sommes en mesure de produire des machines \u00e9lectriques et de les commercialiser dans le monde entier.<\/p>","protected":false},"featured_media":17080,"template":"","meta":{"rank_math_lock_modified_date":false},"product_brand":[],"product_cat":[74],"product_tag":[],"class_list":{"0":"post-17078","1":"product","2":"type-product","3":"status-publish","4":"has-post-thumbnail","6":"product_cat-golf-cart","8":"first","9":"instock","10":"product-type-simple"},"_links":{"self":[{"href":"https:\/\/beleevo.prowebplanners.com\/fr\/wp-json\/wp\/v2\/product\/17078","targetHints":{"allow":["GET"]}}],"collection":[{"href":"https:\/\/beleevo.prowebplanners.com\/fr\/wp-json\/wp\/v2\/product"}],"about":[{"href":"https:\/\/beleevo.prowebplanners.com\/fr\/wp-json\/wp\/v2\/types\/product"}],"version-history":[{"count":1,"href":"https:\/\/beleevo.prowebplanners.com\/fr\/wp-json\/wp\/v2\/product\/17078\/revisions"}],"predecessor-version":[{"id":17079,"href":"https:\/\/beleevo.prowebplanners.com\/fr\/wp-json\/wp\/v2\/product\/17078\/revisions\/17079"}],"wp:featuredmedia":[{"embeddable":true,"href":"https:\/\/beleevo.prowebplanners.com\/fr\/wp-json\/wp\/v2\/media\/17080"}],"wp:attachment":[{"href":"https:\/\/beleevo.prowebplanners.com\/fr\/wp-json\/wp\/v2\/media?parent=17078"}],"wp:term":[{"taxonomy":"product_brand","embeddable":true,"href":"https:\/\/beleevo.prowebplanners.com\/fr\/wp-json\/wp\/v2\/product_brand?post=17078"},{"taxonomy":"product_cat","embeddable":true,"href":"https:\/\/beleevo.prowebplanners.com\/fr\/wp-json\/wp\/v2\/product_cat?post=17078"},{"taxonomy":"product_tag","embeddable":true,"href":"https:\/\/beleevo.prowebplanners.com\/fr\/wp-json\/wp\/v2\/product_tag?post=17078"}],"curies":[{"name":"wp","href":"https:\/\/api.w.org\/{rel}","templated":true}]}}