{"id":17036,"date":"2025-07-23T13:43:10","date_gmt":"2025-07-23T13:43:10","guid":{"rendered":"https:\/\/beleevo.prowebplanners.com\/produit\/htxk2-electric-golf-cart\/"},"modified":"2025-07-23T13:43:48","modified_gmt":"2025-07-23T13:43:48","slug":"htxk2-electric-golf-cart","status":"publish","type":"product","link":"https:\/\/beleevo.prowebplanners.com\/fr\/produit\/htxk2-electric-golf-cart\/","title":{"rendered":"Chariot de golf \u00e9lectrique HTXK2"},"content":{"rendered":"<p>Vue d'ensemble<\/p>\n<div class=\"elementor-element elementor-element-3d00484 elementor-widget__width-initial elementor-widget elementor-widget-text-editor\" data-id=\"3d00484\" data-element_type=\"widget\" data-widget_type=\"text-editor.default\">\n<div class=\"elementor-widget-container\">\n<ol>\n<li>Rentabilit\u00e9 \u00e9lev\u00e9e : En tant qu'usine autonome situ\u00e9e dans la base chinoise de fabrication de machines de construction, nous sommes en mesure de produire des chariots de golf \u00e9lectriques \u00e0 des co\u00fbts inf\u00e9rieurs, y compris les co\u00fbts de la main-d'\u0153uvre et des mati\u00e8res premi\u00e8res, et de fournir \u00e0 nos clients des produits tr\u00e8s rentables.<\/li>\n<li>Approvisionnement \u00e0 guichet unique : En tant qu'usine autonome, nous proposons une large gamme de produits, couvrant les machines de construction compactes, ce qui permet aux clients de se procurer tout l'\u00e9quipement n\u00e9cessaire en un seul endroit.<\/li>\n<li>Qualit\u00e9 et performances professionnelles : Avec des ann\u00e9es d'exp\u00e9rience de production, nos produits ont pass\u00e9 les certifications CE, TUV et ISO, fournissant une qualit\u00e9 et une performance de niveau professionnel pour les projets de chariots de golf.<\/li>\n<li>Service apr\u00e8s-vente complet : Notre \u00e9quipe professionnelle de vente et de maintenance propose des services de consultation et d'assistance apr\u00e8s-vente, dans le but de maximiser les performances des \u00e9quipements, d'assurer une ex\u00e9cution sans heurts des projets et de fournir une assistance technique tout au long de la vie.<\/li>\n<\/ol>\n<\/div>\n<\/div>\n<div class=\"elementor-element elementor-element-eec99f5 elementor-widget__width-initial elementor-widget elementor-widget-video\" data-id=\"eec99f5\" data-element_type=\"widget\" data-settings=\"{&quot;youtube_url&quot;:&quot;https:\/\/youtu.be\/Q0hLS9ysF_I&quot;,&quot;show_image_overlay&quot;:&quot;yes&quot;,&quot;image_overlay&quot;:{&quot;url&quot;:&quot;https:\/\/hightopgroup.com\/wp-content\/uploads\/2025\/04\/XK2-3.jpg&quot;,&quot;id&quot;:3919,&quot;size&quot;:&quot;&quot;,&quot;alt&quot;:&quot;&quot;,&quot;source&quot;:&quot;library&quot;},&quot;video_type&quot;:&quot;youtube&quot;,&quot;controls&quot;:&quot;yes&quot;}\" data-widget_type=\"video.default\">\n<div class=\"elementor-widget-container\">\n<div class=\"elementor-wrapper elementor-open-inline\">\n<div class=\"elementor-video\"><\/div>\n<div class=\"elementor-custom-embed-image-overlay\" style=\"background-image: url(https:\/\/hightopgroup.com\/wp-content\/uploads\/2025\/04\/XK2-3.jpg);\">\n<div class=\"elementor-custom-embed-play\" role=\"button\" aria-label=\"Lire la vid\u00e9o\" tabindex=\"0\"> <svg aria-hidden=\"true\" class=\"e-font-icon-svg e-eicon-play\" viewbox=\"0 0 1000 1000\"><path d=\"M838 162C746 71 633 25 500 25 371 25 258 71 163 162 71 254 25 367 25 500 25 633 71 746 163 837 254 929 367 979 500 979 633 979 746 933 838 837 929 746 975 633 975 500 975 367 929 254 838 162M808 192C892 279 933 379 933 500 933 621 892 725 808 808 725 892 621 938 500 938 379 938 279 896 196 808 113 725 67 621 67 500 67 379 108 279 196 192 279 108 383 62 500 62 621 62 721 108 808 192M438 392V642L642 517 438 392Z\" \/><\/svg><\/div>\n<\/div>\n<\/div>\n<\/div>\n<\/div>\n<p>&nbsp;<\/p>\n<p>Caract\u00e9ristiques et avantages<\/p>\n<div class=\"elementor-element elementor-element-138b23e e-con-full e-flex e-con e-child\" data-id=\"138b23e\" data-element_type=\"container\">\n<div class=\"elementor-element elementor-element-dc31022 elementor-widget elementor-widget-image\" data-id=\"dc31022\" data-element_type=\"widget\" data-widget_type=\"image.default\">\n<div class=\"elementor-widget-container\"> <img fetchpriority=\"high\" decoding=\"async\" width=\"800\" height=\"800\" src=\"https:\/\/hightopgroup.com\/wp-content\/uploads\/2025\/04\/HTXK2-2.jpg\" class=\"attachment-large size-large wp-image-3968\" alt=\"HTXK2 2\" srcset=\"https:\/\/hightopgroup.com\/wp-content\/uploads\/2025\/04\/HTXK2-2.jpg 1000w, https:\/\/hightopgroup.com\/wp-content\/uploads\/2025\/04\/HTXK2-2-300x300.jpg 300w, https:\/\/hightopgroup.com\/wp-content\/uploads\/2025\/04\/HTXK2-2-150x150.jpg 150w, https:\/\/hightopgroup.com\/wp-content\/uploads\/2025\/04\/HTXK2-2-768x768.jpg 768w, https:\/\/hightopgroup.com\/wp-content\/uploads\/2025\/04\/HTXK2-2-600x600.jpg 600w\" sizes=\"(max-width: 800px) 100vw, 800px\" title=\"HTXK2 CHARIOT DE GOLF \u00c9LECTRIQUE 1\"><\/div>\n<\/div>\n<div class=\"elementor-element elementor-element-7fcb316 elementor-widget elementor-widget-heading\" data-id=\"7fcb316\" data-element_type=\"widget\" data-widget_type=\"heading.default\">\n<div class=\"elementor-widget-container\">\n<h2 class=\"elementor-heading-title elementor-size-default\">Pare-brise rabattable, coupe-vent et anti-pluie<\/h2>\n<\/div>\n<\/div>\n<div class=\"elementor-element elementor-element-1aa33d7 elementor-widget elementor-widget-text-editor\" data-id=\"1aa33d7\" data-element_type=\"widget\" data-widget_type=\"text-editor.default\">\n<div class=\"elementor-widget-container\">\n<div data-slate-node=\"element\">\n<p>Le chariot de golf MTXK2 est \u00e9quip\u00e9 d'un pare-brise tr\u00e8s r\u00e9sistant, qui bloque efficacement le vent et la pluie, vous gardant au sec et \u00e0 l'aise par temps pluvieux ou venteux. Qu'il s'agisse d'une pluie soudaine sur le terrain ou d'un d\u00e9placement quotidien dans un centre de vill\u00e9giature, ce pare-brise offre une visibilit\u00e9 claire et une protection fiable, garantissant que votre exp\u00e9rience de conduite n'est pas affect\u00e9e par les conditions m\u00e9t\u00e9orologiques.<\/p>\n<\/div>\n<\/div>\n<\/div>\n<\/div>\n<div class=\"elementor-element elementor-element-b74d99a e-con-full e-flex e-con e-child\" data-id=\"b74d99a\" data-element_type=\"container\">\n<div class=\"elementor-element elementor-element-d474faf elementor-widget elementor-widget-image\" data-id=\"d474faf\" data-element_type=\"widget\" data-widget_type=\"image.default\">\n<div class=\"elementor-widget-container\"> <img decoding=\"async\" width=\"800\" height=\"800\" src=\"https:\/\/hightopgroup.com\/wp-content\/uploads\/2025\/04\/HTXK2-3.jpg\" class=\"attachment-large size-large wp-image-3969\" alt=\"HTXK2 3\" srcset=\"https:\/\/hightopgroup.com\/wp-content\/uploads\/2025\/04\/HTXK2-3.jpg 1000w, https:\/\/hightopgroup.com\/wp-content\/uploads\/2025\/04\/HTXK2-3-300x300.jpg 300w, https:\/\/hightopgroup.com\/wp-content\/uploads\/2025\/04\/HTXK2-3-150x150.jpg 150w, https:\/\/hightopgroup.com\/wp-content\/uploads\/2025\/04\/HTXK2-3-768x768.jpg 768w, https:\/\/hightopgroup.com\/wp-content\/uploads\/2025\/04\/HTXK2-3-600x600.jpg 600w\" sizes=\"(max-width: 800px) 100vw, 800px\" title=\"HTXK2 CHARIOT DE GOLF \u00c9LECTRIQUE 2\"><\/div>\n<\/div>\n<div class=\"elementor-element elementor-element-97e9dde elementor-widget elementor-widget-heading\" data-id=\"97e9dde\" data-element_type=\"widget\" data-widget_type=\"heading.default\">\n<div class=\"elementor-widget-container\">\n<h2 class=\"elementor-heading-title elementor-size-default\">Coussin de si\u00e8ge ergonomique, pas de fatigue pendant la conduite \u00e0 long terme<\/h2>\n<\/div>\n<\/div>\n<div class=\"elementor-element elementor-element-2c77c6d elementor-widget elementor-widget-text-editor\" data-id=\"2c77c6d\" data-element_type=\"widget\" data-widget_type=\"text-editor.default\">\n<div class=\"elementor-widget-container\">\n<div data-slate-node=\"element\">\n<div data-slate-node=\"element\">Le si\u00e8ge de voiture \u00e0 boule adopte une conception ergonomique \u00e0 coussin \u00e9pais, offrant un excellent soutien et un grand confort, m\u00eame si l'on reste assis pendant une longue p\u00e9riode sans ressentir de fatigue au niveau du dos et de la taille. Qu'il s'agisse d'un parcours de 18 trous sur un terrain de golf ou d'une visite touristique dans un centre de vill\u00e9giature, ce si\u00e8ge vous permet, ainsi qu'\u00e0 vos passagers, de profiter d'une exp\u00e9rience de conduite d\u00e9tendue et confortable.<\/div>\n<\/div>\n<\/div>\n<\/div>\n<\/div>\n<div class=\"elementor-element elementor-element-7aad0d8 e-con-full e-flex e-con e-child\" data-id=\"7aad0d8\" data-element_type=\"container\">\n<div class=\"elementor-element elementor-element-fbca415 elementor-widget elementor-widget-image\" data-id=\"fbca415\" data-element_type=\"widget\" data-widget_type=\"image.default\">\n<div class=\"elementor-widget-container\"> <img decoding=\"async\" width=\"800\" height=\"800\" src=\"https:\/\/hightopgroup.com\/wp-content\/uploads\/2025\/04\/HTXK2-4.jpg\" class=\"attachment-large size-large wp-image-3970\" alt=\"HTXK2 4\" srcset=\"https:\/\/hightopgroup.com\/wp-content\/uploads\/2025\/04\/HTXK2-4.jpg 1000w, https:\/\/hightopgroup.com\/wp-content\/uploads\/2025\/04\/HTXK2-4-300x300.jpg 300w, https:\/\/hightopgroup.com\/wp-content\/uploads\/2025\/04\/HTXK2-4-150x150.jpg 150w, https:\/\/hightopgroup.com\/wp-content\/uploads\/2025\/04\/HTXK2-4-768x768.jpg 768w, https:\/\/hightopgroup.com\/wp-content\/uploads\/2025\/04\/HTXK2-4-600x600.jpg 600w\" sizes=\"(max-width: 800px) 100vw, 800px\" title=\"HTXK2 CHARIOT DE GOLF \u00c9LECTRIQUE 3\"><\/div>\n<\/div>\n<div class=\"elementor-element elementor-element-1a03bb3 elementor-widget elementor-widget-heading\" data-id=\"1a03bb3\" data-element_type=\"widget\" data-widget_type=\"heading.default\">\n<div class=\"elementor-widget-container\">\n<h2 class=\"elementor-heading-title elementor-size-default\">\u00c9clairage LED haute luminosit\u00e9, pour une conduite plus s\u00fbre la nuit<\/h2>\n<\/div>\n<\/div>\n<div class=\"elementor-element elementor-element-cb9ac85 elementor-widget elementor-widget-text-editor\" data-id=\"cb9ac85\" data-element_type=\"widget\" data-widget_type=\"text-editor.default\">\n<div class=\"elementor-widget-container\">\n<p>Le chariot de golf MTXK2 est \u00e9quip\u00e9 de phares et de feux arri\u00e8re \u00e0 LED, qui ont non seulement une grande luminosit\u00e9 et une faible consommation d'\u00e9nergie, mais aussi une dur\u00e9e de vie beaucoup plus longue que les lampes halog\u00e8nes traditionnelles. Que ce soit dans des couloirs peu fr\u00e9quent\u00e9s, sur des routes de parc nocturnes ou dans des environnements peu \u00e9clair\u00e9s tels que des parkings, les syst\u00e8mes d'\u00e9clairage \u00e0 LED offrent une excellente visibilit\u00e9 et am\u00e9liorent consid\u00e9rablement la s\u00e9curit\u00e9 de la conduite nocturne.<\/p>\n<\/div>\n<\/div>\n<\/div>\n<div class=\"elementor-element elementor-element-c6bb502 e-con-full e-flex e-con e-child\" data-id=\"c6bb502\" data-element_type=\"container\">\n<div class=\"elementor-element elementor-element-a654cb5 elementor-widget elementor-widget-image\" data-id=\"a654cb5\" data-element_type=\"widget\" data-widget_type=\"image.default\">\n<div class=\"elementor-widget-container\"> <img loading=\"lazy\" decoding=\"async\" width=\"800\" height=\"800\" src=\"https:\/\/hightopgroup.com\/wp-content\/uploads\/2025\/04\/XK2-1.jpg\" class=\"attachment-large size-large wp-image-3916\" alt=\"XK2 1\" srcset=\"https:\/\/hightopgroup.com\/wp-content\/uploads\/2025\/04\/XK2-1.jpg 800w, https:\/\/hightopgroup.com\/wp-content\/uploads\/2025\/04\/XK2-1-300x300.jpg 300w, https:\/\/hightopgroup.com\/wp-content\/uploads\/2025\/04\/XK2-1-150x150.jpg 150w, https:\/\/hightopgroup.com\/wp-content\/uploads\/2025\/04\/XK2-1-768x768.jpg 768w, https:\/\/hightopgroup.com\/wp-content\/uploads\/2025\/04\/XK2-1-600x600.jpg 600w\" sizes=\"auto, (max-width: 800px) 100vw, 800px\" title=\"HTXK2 CHARIOT DE GOLF \u00c9LECTRIQUE 4\"><\/div>\n<\/div>\n<div class=\"elementor-element elementor-element-84b165c elementor-widget elementor-widget-heading\" data-id=\"84b165c\" data-element_type=\"widget\" data-widget_type=\"heading.default\">\n<div class=\"elementor-widget-container\">\n<h2 class=\"elementor-heading-title elementor-size-default\">Pneus en caoutchouc, souples et silencieux, durables<\/h2>\n<\/div>\n<\/div>\n<div class=\"elementor-element elementor-element-9db03b7 elementor-widget elementor-widget-text-editor\" data-id=\"9db03b7\" data-element_type=\"widget\" data-widget_type=\"text-editor.default\">\n<div class=\"elementor-widget-container\">\n<p>Le chariot de golf Hightop est \u00e9quip\u00e9 de pneus en caoutchouc haute performance, con\u00e7us sp\u00e9cialement pour les terrains de golf et les zones de loisirs. Les pneus sont fabriqu\u00e9s en caoutchouc de haute qualit\u00e9, avec une excellente adh\u00e9rence et des performances d'absorption des chocs, offrant une exp\u00e9rience de conduite en douceur, que ce soit sur des pelouses, des routes de gravier ou des terrains glissants.<\/p>\n<\/div>\n<\/div>\n<\/div>\n<div class=\"elementor-element elementor-element-b2de1b5 e-con-full e-flex e-con e-child\" data-id=\"b2de1b5\" data-element_type=\"container\">\n<div class=\"elementor-element elementor-element-eec0d58 elementor-widget elementor-widget-image\" data-id=\"eec0d58\" data-element_type=\"widget\" data-widget_type=\"image.default\">\n<div class=\"elementor-widget-container\"> <img loading=\"lazy\" decoding=\"async\" width=\"800\" height=\"800\" src=\"https:\/\/hightopgroup.com\/wp-content\/uploads\/2025\/04\/HTXK2-5.jpg\" class=\"attachment-large size-large wp-image-3971\" alt=\"HTXK2 5\" srcset=\"https:\/\/hightopgroup.com\/wp-content\/uploads\/2025\/04\/HTXK2-5.jpg 1000w, https:\/\/hightopgroup.com\/wp-content\/uploads\/2025\/04\/HTXK2-5-300x300.jpg 300w, https:\/\/hightopgroup.com\/wp-content\/uploads\/2025\/04\/HTXK2-5-150x150.jpg 150w, https:\/\/hightopgroup.com\/wp-content\/uploads\/2025\/04\/HTXK2-5-768x768.jpg 768w, https:\/\/hightopgroup.com\/wp-content\/uploads\/2025\/04\/HTXK2-5-600x600.jpg 600w\" sizes=\"auto, (max-width: 800px) 100vw, 800px\" title=\"HTXK2 CHARIOT DE GOLF \u00c9LECTRIQUE 5\"><\/div>\n<\/div>\n<div class=\"elementor-element elementor-element-cb9c692 elementor-widget elementor-widget-heading\" data-id=\"cb9c692\" data-element_type=\"widget\" data-widget_type=\"heading.default\">\n<div class=\"elementor-widget-container\">\n<h2 class=\"elementor-heading-title elementor-size-default\">Freinage \u00e0 disque hydraulique aux 4 roues \/ stationnement \u00e9lectromagn\u00e9tique<\/h2>\n<\/div>\n<\/div>\n<div class=\"elementor-element elementor-element-4da304d elementor-widget elementor-widget-text-editor\" data-id=\"4da304d\" data-element_type=\"widget\" data-widget_type=\"text-editor.default\">\n<div class=\"elementor-widget-container\">\n<div data-slate-node=\"element\">Le MTXK2 adopte un syst\u00e8me de freinage \u00e0 disque hydraulique sur les quatre roues, associ\u00e9 \u00e0 une fonction de stationnement \u00e9lectromagn\u00e9tique, pour assurer un freinage souple et efficace dans diverses conditions routi\u00e8res. Qu'il s'agisse de pentes raides, de routes glissantes ou de besoins de stationnement d'urgence, ce syst\u00e8me de freinage peut fournir un contr\u00f4le pr\u00e9cis et une assurance de s\u00e9curit\u00e9 fiable, rendant chaque exp\u00e9rience de conduite plus rassurante.<\/div>\n<\/div>\n<\/div>\n<\/div>\n<div class=\"elementor-element elementor-element-c218b52 e-con-full e-flex e-con e-child\" data-id=\"c218b52\" data-element_type=\"container\">\n<div class=\"elementor-element elementor-element-f6c1e7c elementor-widget elementor-widget-image\" data-id=\"f6c1e7c\" data-element_type=\"widget\" data-widget_type=\"image.default\">\n<div class=\"elementor-widget-container\"> <img loading=\"lazy\" decoding=\"async\" width=\"790\" height=\"790\" src=\"https:\/\/hightopgroup.com\/wp-content\/uploads\/2025\/04\/HTXK\u9ad8\u5c14\u592b\u8be6\u60c5-6.jpg\" class=\"attachment-large size-large wp-image-3822\" alt=\"HTXK\u9ad8\u5c14\u592b\u8be6\u60c5 6\" srcset=\"https:\/\/hightopgroup.com\/wp-content\/uploads\/2025\/04\/HTXK\u9ad8\u5c14\u592b\u8be6\u60c5-6.jpg 790w, https:\/\/hightopgroup.com\/wp-content\/uploads\/2025\/04\/HTXK\u9ad8\u5c14\u592b\u8be6\u60c5-6-300x300.jpg 300w, https:\/\/hightopgroup.com\/wp-content\/uploads\/2025\/04\/HTXK\u9ad8\u5c14\u592b\u8be6\u60c5-6-150x150.jpg 150w, https:\/\/hightopgroup.com\/wp-content\/uploads\/2025\/04\/HTXK\u9ad8\u5c14\u592b\u8be6\u60c5-6-768x768.jpg 768w, https:\/\/hightopgroup.com\/wp-content\/uploads\/2025\/04\/HTXK\u9ad8\u5c14\u592b\u8be6\u60c5-6-600x600.jpg 600w\" sizes=\"auto, (max-width: 790px) 100vw, 790px\" title=\"HTXK2 CHARIOT DE GOLF \u00c9LECTRIQUE 6\"><\/div>\n<\/div>\n<div class=\"elementor-element elementor-element-ff7b179 elementor-widget elementor-widget-heading\" data-id=\"ff7b179\" data-element_type=\"widget\" data-widget_type=\"heading.default\">\n<div class=\"elementor-widget-container\">\n<h2 class=\"elementor-heading-title elementor-size-default\">CONFIGURATIONS OPTIONNELLES<\/h2>\n<\/div>\n<\/div>\n<div class=\"elementor-element elementor-element-2c6cde4 elementor-widget elementor-widget-text-editor\" data-id=\"2c6cde4\" data-element_type=\"widget\" data-widget_type=\"text-editor.default\">\n<div class=\"elementor-widget-container\">\n<div data-slate-node=\"element\">\n<div data-slate-node=\"element\"><span data-slate-node=\"text\">Panier<\/span><\/div>\n<div data-slate-node=\"element\"><span data-slate-node=\"text\">Garde-brosse en acier<\/span><\/div>\n<div data-slate-node=\"element\"><span data-slate-node=\"text\">Kit d'\u00e9clairage LED<\/span><\/div>\n<div data-slate-node=\"element\"><span data-slate-node=\"text\">Seau \u00e0 glace<\/span><\/div>\n<div data-slate-node=\"element\"><span data-slate-node=\"text\">Ceinture de s\u00e9curit\u00e9:Deux points : set<\/span><\/div>\n<div data-slate-node=\"element\" data-slate-fragment=\"JTVCJTdCJTIydHlwZSUyMiUzQSUyMnBhcmFncmFwaCUyMiUyQyUyMmNoaWxkcmVuJTIyJTNBJTVCJTdCJTIyaWQlMjIlM0ElMjJCWm9iT1I4OXZlJTIyJTJDJTIycGFyYUlkeCUyMiUzQTE1JTJDJTIyc3JjJTIyJTNBJTIyT1BUSU9OQUwlMjBDT05GSUdVUkFUSU9OUyUzQSUyMiUyQyUyMmRzdCUyMiUzQSUyMiVFNSU4RiVBRiVFOSU4MCU4OSVFOSU4NSU4RCVFNyVCRCVBRSVFRiVCQyU5QSUyMiUyQyUyMm1ldGFkYXRhJTIyJTNBJTIyJTIyJTJDJTIybWF0Y2hlcyUyMiUzQW51bGwlMkMlMjJtZXRhRGF0YSUyMiUzQSU1QiU1RCUyQyUyMnRleHQlMjIlM0ElMjJPUFRJT05BTCUyMENPTkZJR1VSQVRJT05TJTNBJTIyJTdEJTVEJTdEJTJDJTdCJTIydHlwZSUyMiUzQSUyMnBhcmFncmFwaCUyMiUyQyUyMmNoaWxkcmVuJTIyJTNBJTVCJTdCJTIyaWQlMjIlM0ElMjJ6bERvbXh5Tm16JTIyJTJDJTIycGFyYUlkeCUyMiUzQTE2JTJDJTIyc3JjJTIyJTNBJTIyQmFza2V0JTIyJTJDJTIyZHN0JTIyJTNBJTIyJUU3JUFGJUFFJUU1JUFEJTkwJTIyJTJDJTIybWV0YWRhdGElMjIlM0ElMjIlMjIlMkMlMjJtYXRjaGVzJTIyJTNBbnVsbCUyQyUyMm1ldGFEYXRhJTIyJTNBJTVCJTVEJTJDJTIydGV4dCUyMiUzQSUyMkJhc2tldCUyMiU3RCU1RCU3RCUyQyU3QiUyMnR5cGUlMjIlM0ElMjJwYXJhZ3JhcGglMjIlMkMlMjJjaGlsZHJlbiUyMiUzQSU1QiU3QiUyMmlkJTIyJTNBJTIyQkRkUWoyN041QiUyMiUyQyUyMnBhcmFJZHglMjIlM0ExNyUyQyUyMnNyYyUyMiUzQSUyMlN0ZWVsJTIwQnJ1c2glMjBHdWFyZCUyMiUyQyUyMmRzdCUyMiUzQSUyMiVFOSU5MiVBMiVFNSU4OCVCNyVFOSU5OCVCMiVFNiU4QSVBNCVFOCVBMyU4NSVFNyVCRCVBRSUyMiUyQyUyMm1ldGFkYXRhJTIyJTNBJTIyJTIyJTJDJTIybWF0Y2hlcyUyMiUzQW51bGwlMkMlMjJtZXRhRGF0YSUyMiUzQSU1QiU1RCUyQyUyMnRleHQlMjIlM0ElMjJTdGVlbCUyMEJydXNoJTIwR3VhcmQlMjIlN0QlNUQlN0QlMkMlN0IlMjJ0eXBlJTIyJTNBJTIycGFyYWdyYXBoJTIyJTJDJTIyY2hpbGRyZW4lMjIlM0ElNUIlN0IlMjJpZCUyMiUzQSUyMmVMYm4yTDk0T3olMjIlMkMlMjJwYXJhSWR4JTIyJTNBMTglMkMlMjJzcmMlMjIlM0ElMjJMRUQlMjBMaWdodGluZyUyMGtpdCUyMiUyQyUyMmRzdCUyMiUzQSUyMkxFRCVFNyU4NSVBNyVFNiU5OCU4RSVFNSVBNSU5NyVFNCVCQiVCNiUyMiUyQyUyMm1ldGFkYXRhJTIyJTNBJTIyJTIyJTJDJTIybWF0Y2hlcyUyMiUzQW51bGwlMkMlMjJtZXRhRGF0YSUyMiUzQSU1QiU1RCUyQyUyMnRleHQlMjIlM0ElMjJMRUQlMjBMaWdodGluZyUyMGtpdCUyMiU3RCU1RCU3RCUyQyU3QiUyMnR5cGUlMjIlM0ElMjJwYXJhZ3JhcGglMjIlMkMlMjJjaGlsZHJlbiUyMiUzQSU1QiU3QiUyMmlkJTIyJTNBJTIyVmRabm1veVA1QiUyMiUyQyUyMnBhcmFJZHglMjIlM0ExOSUyQyUyMnNyYyUyMiUzQSUyMmxjZSUyMEJ1Y2tldCUyMiUyQyUyMmRzdCUyMiUzQSUyMiVFNSU4NiVCMCVFNiVBMSVCNiUyMiUyQyUyMm1ldGFkYXRhJTIyJTNBJTIyJTIyJTJDJTIybWF0Y2hlcyUyMiUzQW51bGwlMkMlMjJtZXRhRGF0YSUyMiUzQSU1QiU1RCUyQyUyMnRleHQlMjIlM0ElMjJsY2UlMjBCdWNrZXQlMjIlN0QlNUQlN0QlMkMlN0IlMjJ0eXBlJTIyJTNBJTIycGFyYWdyYXBoJTIyJTJDJTIyY2hpbGRyZW4lMjIlM0ElNUIlN0IlMjJpZCUyMiUzQSUyMmViWWptb3lkbEIlMjIlMkMlMjJwYXJhSWR4JTIyJTNBMjAlMkMlMjJzcmMlMjIlM0ElMjJTZWF0JTIwQmVsdCUzQVR3by1Qb2ludCUzQSUyMHNldCUyMiUyQyUyMmRzdCUyMiUzQSUyMiVFNSVBRSU4OSVFNSU4NSVBOCVFNSVCOCVBNiVFRiVCQyU5QSVFNCVCOCVBNCVFNyU4MiVCOSVFRiVCQyU5QSVFNSVBNSU5NyUyMiUyQyUyMm1ldGFkYXRhJTIyJTNBJTIyJTIyJTJDJTIybWF0Y2hlcyUyMiUzQW51bGwlMkMlMjJtZXRhRGF0YSUyMiUzQSU1QiU1RCUyQyUyMnRleHQlMjIlM0ElMjJTZWF0JTIwQmVsdCUzQVR3by1Qb2ludCUzQSUyMHNldCUyMiU3RCU1RCU3RCUyQyU3QiUyMnR5cGUlMjIlM0ElMjJwYXJhZ3JhcGglMjIlMkMlMjJjaGlsZHJlbiUyMiUzQSU1QiU3QiUyMmlkJTIyJTNBJTIyQlBYdzA5WnFZQiUyMiUyQyUyMnBhcmFJZHglMjIlM0EyMSUyQyUyMnNyYyUyMiUzQSUyMlNlYXQlMjBCZWx0JTNBVGhyZWUtUG9pbnQlM0ElMjBzZXQlMjIlMkMlMjJkc3QlMjIlM0ElMjIlRTUlQUUlODklRTUlODUlQTglRTUlQjglQTYlRUYlQkMlOUElRTQlQjglODklRTclODIlQjklRTUlQkMlOEYlRUYlQkMlOUElRTUlQTUlOTclRTglQTMlODUlMjIlMkMlMjJtZXRhZGF0YSUyMiUzQSUyMiUyMiUyQyUyMm1hdGNoZXMlMjIlM0FudWxsJTJDJTIybWV0YURhdGElMjIlM0ElNUIlNUQlMkMlMjJ0ZXh0JTIyJTNBJTIyU2VhdCUyMEJlbHQlM0FUaHJlZS1Qb2ludCUzQSUyMHNldCUyMiU3RCU1RCU3RCU1RA==\"><span data-slate-node=\"text\">Ceinture de s\u00e9curit\u00e9 : trois points : ensemble<\/span><\/div>\n<\/div>\n<\/div>\n<\/div>\n<\/div>\n<p>&nbsp;<\/p>\n<p>Param\u00e8tres<\/p>\n<div class=\"elementor-element elementor-element-de5a9f0 e-con-full e-flex e-con e-child\" data-id=\"de5a9f0\" data-element_type=\"container\">\n<div class=\"elementor-element elementor-element-e52e0c9 elementor-widget elementor-widget-text-editor\" data-id=\"e52e0c9\" data-element_type=\"widget\" data-widget_type=\"text-editor.default\">\n<div class=\"elementor-widget-container\">\n<p>Param\u00e8tres du produit<\/p>\n<p>Mod\u00e8le\uff1aHTXK2<\/p>\n<p>Dimensions :2300*1200*1800mm<\/p>\n<p>Capacit\u00e9 en passagers\uff1a2<\/p>\n<p>Vitesse\uff1a30km\/h<\/p>\n<p>Autonomie maximale\uff1a80-100km<\/p>\n<p>Pente de conduite maximale\uff1a25.00%<\/p>\n<p>Rayon de braquage\uff1a3.5m<\/p>\n<p>Distance au sol\uff1a136mm<\/p>\n<p>Distance de freinage\u22644m<\/p>\n<p>Empattement\uff1a1650mm<\/p>\n<p>Bande de roulement avant-arri\u00e8re\uff1a870mm<\/p>\n<p>Poids \u00e0 vide\uff1a480kg<\/p>\n<p>Moteur\uff1aAC, 60V,4KW<\/p>\n<p>Type de batterie\uff1a100AH, 5pcs<\/p>\n<p>Contr\u00f4leur : marque Enpower<\/p>\n<p>Contr\u00f4le \u00e9lectronique : Contr\u00f4leur AC avec batterie anti-fuite<\/p>\n<p>Chargeur : 60V-220V, chargeur de voiture intelligent \u00e0 haute fr\u00e9quence<\/p>\n<p>Temps de charge : 8 heures<\/p>\n<p>Syst\u00e8me de direction : cr\u00e9maill\u00e8re et pignon<\/p>\n<p>Syst\u00e8me de freinage:Tambour m\u00e9canique autor\u00e9glable, roue arri\u00e8re, stationnement au pied, multiblocage<\/p>\n<p>Essieu avant et suspension : Suspension avant \u00e0 ressorts \u00e0 lames<\/p>\n<p>Essieu arri\u00e8re et suspension : Essieu arri\u00e8re int\u00e9gral<\/p>\n<p>Pneu : 205\/50-10, avec jante en acier<\/p>\n<\/div>\n<\/div>\n<\/div>\n<div class=\"elementor-element elementor-element-3fbb200 e-con-full e-flex e-con e-child\" data-id=\"3fbb200\" data-element_type=\"container\">\n<div class=\"elementor-element elementor-element-9b29a08 elementor-widget elementor-widget-image\" data-id=\"9b29a08\" data-element_type=\"widget\" data-widget_type=\"image.default\">\n<div class=\"elementor-widget-container\"> <img loading=\"lazy\" decoding=\"async\" width=\"790\" height=\"843\" src=\"https:\/\/hightopgroup.com\/wp-content\/uploads\/2025\/04\/XK2\u53c2\u6570.jpg\" class=\"attachment-large size-large wp-image-3920\" alt=\"XK2\u53c2\u6570\" srcset=\"https:\/\/hightopgroup.com\/wp-content\/uploads\/2025\/04\/XK2\u53c2\u6570.jpg 790w, https:\/\/hightopgroup.com\/wp-content\/uploads\/2025\/04\/XK2\u53c2\u6570-281x300.jpg 281w, https:\/\/hightopgroup.com\/wp-content\/uploads\/2025\/04\/XK2\u53c2\u6570-768x820.jpg 768w, https:\/\/hightopgroup.com\/wp-content\/uploads\/2025\/04\/XK2\u53c2\u6570-600x640.jpg 600w\" sizes=\"auto, (max-width: 790px) 100vw, 790px\" title=\"HTXK2 CHARIOT DE GOLF \u00c9LECTRIQUE 7\"><\/div>\n<\/div>\n<\/div>","protected":false},"excerpt":{"rendered":"<p>Vue d'ensemble Rentabilit\u00e9 \u00e9lev\u00e9e : En tant qu'usine autonome situ\u00e9e dans la base chinoise de fabrication d'engins de chantier, nous sommes en mesure de produire des machines \u00e9lectriques et de les commercialiser dans le monde entier.<\/p>","protected":false},"featured_media":17038,"template":"","meta":{"rank_math_lock_modified_date":false},"product_brand":[],"product_cat":[74],"product_tag":[],"class_list":{"0":"post-17036","1":"product","2":"type-product","3":"status-publish","4":"has-post-thumbnail","6":"product_cat-golf-cart","8":"first","9":"instock","10":"product-type-simple"},"_links":{"self":[{"href":"https:\/\/beleevo.prowebplanners.com\/fr\/wp-json\/wp\/v2\/product\/17036","targetHints":{"allow":["GET"]}}],"collection":[{"href":"https:\/\/beleevo.prowebplanners.com\/fr\/wp-json\/wp\/v2\/product"}],"about":[{"href":"https:\/\/beleevo.prowebplanners.com\/fr\/wp-json\/wp\/v2\/types\/product"}],"version-history":[{"count":1,"href":"https:\/\/beleevo.prowebplanners.com\/fr\/wp-json\/wp\/v2\/product\/17036\/revisions"}],"predecessor-version":[{"id":17037,"href":"https:\/\/beleevo.prowebplanners.com\/fr\/wp-json\/wp\/v2\/product\/17036\/revisions\/17037"}],"wp:featuredmedia":[{"embeddable":true,"href":"https:\/\/beleevo.prowebplanners.com\/fr\/wp-json\/wp\/v2\/media\/17038"}],"wp:attachment":[{"href":"https:\/\/beleevo.prowebplanners.com\/fr\/wp-json\/wp\/v2\/media?parent=17036"}],"wp:term":[{"taxonomy":"product_brand","embeddable":true,"href":"https:\/\/beleevo.prowebplanners.com\/fr\/wp-json\/wp\/v2\/product_brand?post=17036"},{"taxonomy":"product_cat","embeddable":true,"href":"https:\/\/beleevo.prowebplanners.com\/fr\/wp-json\/wp\/v2\/product_cat?post=17036"},{"taxonomy":"product_tag","embeddable":true,"href":"https:\/\/beleevo.prowebplanners.com\/fr\/wp-json\/wp\/v2\/product_tag?post=17036"}],"curies":[{"name":"wp","href":"https:\/\/api.w.org\/{rel}","templated":true}]}}