{"id":17029,"date":"2025-07-23T13:43:10","date_gmt":"2025-07-23T13:43:10","guid":{"rendered":"https:\/\/beleevo.prowebplanners.com\/produit\/ht-1000-1t-full-hydraulic-road-roller\/"},"modified":"2025-11-10T13:57:55","modified_gmt":"2025-11-10T13:57:55","slug":"ht-1000-1t-full-hydraulic-road-roller","status":"publish","type":"product","link":"https:\/\/beleevo.prowebplanners.com\/fr\/produit\/ht-1000-1t-full-hydraulic-road-roller\/","title":{"rendered":"Rouleau routier enti\u00e8rement hydraulique HT-1000 1T"},"content":{"rendered":"<p>Vue d'ensemble<\/p>\n<div class=\"elementor-element elementor-element-733c768 elementor-widget__width-initial elementor-widget elementor-widget-text-editor\" data-id=\"733c768\" data-element_type=\"widget\" data-widget_type=\"text-editor.default\">\n<div class=\"elementor-widget-container\">\n<p>Les rouleaux HIGHTOP sont id\u00e9aux pour la construction de routes et offrent une gamme de mod\u00e8les de 0,5 \u00e0 3,5 tonnes. Ils am\u00e9liorent efficacement la compacit\u00e9 et la douceur des mat\u00e9riaux gr\u00e2ce \u00e0 une pression vibratoire ou statique. Dot\u00e9s d'un syst\u00e8me de commande avanc\u00e9, nos rouleaux sont faciles \u00e0 utiliser et leur structure robuste est con\u00e7ue pour durer dans des conditions difficiles. \u00c9quip\u00e9s de moteurs \u00e0 faibles \u00e9missions et d'une technologie d'\u00e9conomie d'\u00e9nergie, ils r\u00e9duisent l'impact sur l'environnement et la consommation d'\u00e9nergie. Parfaits pour compacter la terre, l'asphalte et le gravier, les rouleaux HIGHTOP am\u00e9liorent l'uni de la surface de la route et la capacit\u00e9 de charge.<\/p>\n<p>Nous offrons des solutions rentables avec des co\u00fbts de production r\u00e9duits gr\u00e2ce \u00e0 notre usine bas\u00e9e en Chine. Nous disposons de plus de 10 entrep\u00f4ts dans le monde et offrons une assistance exceptionnelle, notamment une garantie d'un an et une assistance technique \u00e0 vie.<\/p>\n<\/div>\n<\/div>\n<div class=\"elementor-element elementor-element-6d06274 elementor-widget__width-initial elementor-widget elementor-widget-video\" data-id=\"6d06274\" data-element_type=\"widget\" data-settings=\"{&quot;youtube_url&quot;:&quot;https:\/\/youtu.be\/conD9CSBrIU?si=SWf4aM4LH9wwWZwn&quot;,&quot;show_image_overlay&quot;:&quot;yes&quot;,&quot;image_overlay&quot;:{&quot;url&quot;:&quot;https:\/\/hightopgroup.com\/wp-content\/uploads\/2024\/08\/2_W_1000px.jpg&quot;,&quot;id&quot;:1402,&quot;size&quot;:&quot;&quot;,&quot;alt&quot;:&quot;&quot;,&quot;source&quot;:&quot;library&quot;},&quot;video_type&quot;:&quot;youtube&quot;,&quot;controls&quot;:&quot;yes&quot;}\" data-widget_type=\"video.default\">\n<div class=\"elementor-widget-container\">\n<div class=\"elementor-wrapper elementor-open-inline\">\n<div class=\"elementor-video\"><\/div>\n<div class=\"elementor-custom-embed-image-overlay\" style=\"background-image: url('https:\/\/hightopgroup.com\/wp-content\/uploads\/2024\/08\/2_W_1000px.jpg');\">\n<div class=\"elementor-custom-embed-play\" tabindex=\"0\" role=\"button\" aria-label=\"Lire la vid\u00e9o\"><\/div>\n<\/div>\n<\/div>\n<\/div>\n<\/div>\n<p>&nbsp;<\/p>\n<p>Caract\u00e9ristiques et avantages<\/p>\n<div class=\"elementor-element elementor-element-9c58ae8 e-con-full e-flex e-con e-child\" data-id=\"9c58ae8\" data-element_type=\"container\">\n<div class=\"elementor-element elementor-element-23d85c2 elementor-widget elementor-widget-image\" data-id=\"23d85c2\" data-element_type=\"widget\" data-widget_type=\"image.default\">\n<div class=\"elementor-widget-container\"><img fetchpriority=\"high\" decoding=\"async\" class=\"attachment-large size-large wp-image-1122\" title=\"HT-1000 1T Rouleau routier enti\u00e8rement hydraulique 1\" src=\"https:\/\/hightopgroup.com\/wp-content\/uploads\/2024\/08\/1\u5428\u538b\u8def\u673a-\u7279\u5f81\u56fe1_WH_1000x1000px.jpg\" sizes=\"(max-width: 800px) 100vw, 800px\" srcset=\"https:\/\/hightopgroup.com\/wp-content\/uploads\/2024\/08\/1\u5428\u538b\u8def\u673a-\u7279\u5f81\u56fe1_WH_1000x1000px.jpg 1000w, https:\/\/hightopgroup.com\/wp-content\/uploads\/2024\/08\/1\u5428\u538b\u8def\u673a-\u7279\u5f81\u56fe1_WH_1000x1000px-300x300.jpg 300w, https:\/\/hightopgroup.com\/wp-content\/uploads\/2024\/08\/1\u5428\u538b\u8def\u673a-\u7279\u5f81\u56fe1_WH_1000x1000px-150x150.jpg 150w, https:\/\/hightopgroup.com\/wp-content\/uploads\/2024\/08\/1\u5428\u538b\u8def\u673a-\u7279\u5f81\u56fe1_WH_1000x1000px-768x768.jpg 768w, https:\/\/hightopgroup.com\/wp-content\/uploads\/2024\/08\/1\u5428\u538b\u8def\u673a-\u7279\u5f81\u56fe1_WH_1000x1000px-600x600.jpg 600w, https:\/\/hightopgroup.com\/wp-content\/uploads\/2024\/08\/1\u5428\u538b\u8def\u673a-\u7279\u5f81\u56fe1_WH_1000x1000px-100x100.jpg 100w\" alt=\"1\u5428\u538b\u8def\u673a\" width=\"800\" height=\"800\" \/><\/div>\n<\/div>\n<div class=\"elementor-element elementor-element-6d4361a elementor-widget elementor-widget-heading\" data-id=\"6d4361a\" data-element_type=\"widget\" data-widget_type=\"heading.default\">\n<div class=\"elementor-widget-container\">\n<h2 class=\"elementor-heading-title elementor-size-default\">Un syst\u00e8me hydraulique parfaitement adapt\u00e9<\/h2>\n<\/div>\n<\/div>\n<div class=\"elementor-element elementor-element-101f08b elementor-widget elementor-widget-text-editor\" data-id=\"101f08b\" data-element_type=\"widget\" data-widget_type=\"text-editor.default\">\n<div class=\"elementor-widget-container\">\n<p>Le rouleau enti\u00e8rement hydraulique d'une tonne est un rouleau tandem. Large \u00e9ventail d'utilisations, performances sup\u00e9rieures, facilit\u00e9 d'utilisation, durabilit\u00e9.<\/p>\n<\/div>\n<\/div>\n<\/div>\n<div class=\"elementor-element elementor-element-298c44a e-con-full e-flex e-con e-child\" data-id=\"298c44a\" data-element_type=\"container\">\n<div class=\"elementor-element elementor-element-4d046ce elementor-widget elementor-widget-image\" data-id=\"4d046ce\" data-element_type=\"widget\" data-widget_type=\"image.default\">\n<div class=\"elementor-widget-container\"><img decoding=\"async\" class=\"attachment-large size-large wp-image-1123\" title=\"Rouleau routier enti\u00e8rement hydraulique HT-1000 1T 2\" src=\"https:\/\/hightopgroup.com\/wp-content\/uploads\/2024\/08\/1\u5428\u538b\u8def\u673a-\u7279\u5f81\u56fe2_WH_1000x1000px.jpg\" sizes=\"(max-width: 800px) 100vw, 800px\" srcset=\"https:\/\/hightopgroup.com\/wp-content\/uploads\/2024\/08\/1\u5428\u538b\u8def\u673a-\u7279\u5f81\u56fe2_WH_1000x1000px.jpg 1000w, https:\/\/hightopgroup.com\/wp-content\/uploads\/2024\/08\/1\u5428\u538b\u8def\u673a-\u7279\u5f81\u56fe2_WH_1000x1000px-300x300.jpg 300w, https:\/\/hightopgroup.com\/wp-content\/uploads\/2024\/08\/1\u5428\u538b\u8def\u673a-\u7279\u5f81\u56fe2_WH_1000x1000px-150x150.jpg 150w, https:\/\/hightopgroup.com\/wp-content\/uploads\/2024\/08\/1\u5428\u538b\u8def\u673a-\u7279\u5f81\u56fe2_WH_1000x1000px-768x768.jpg 768w, https:\/\/hightopgroup.com\/wp-content\/uploads\/2024\/08\/1\u5428\u538b\u8def\u673a-\u7279\u5f81\u56fe2_WH_1000x1000px-600x600.jpg 600w, https:\/\/hightopgroup.com\/wp-content\/uploads\/2024\/08\/1\u5428\u538b\u8def\u673a-\u7279\u5f81\u56fe2_WH_1000x1000px-100x100.jpg 100w\" alt=\"1\u5428\u538b\u8def\u673a\" width=\"800\" height=\"800\" \/><\/div>\n<\/div>\n<div class=\"elementor-element elementor-element-cb157d5 elementor-widget elementor-widget-heading\" data-id=\"cb157d5\" data-element_type=\"widget\" data-widget_type=\"heading.default\">\n<div class=\"elementor-widget-container\">\n<h2 class=\"elementor-heading-title elementor-size-default\">Moteur efficace Honda<\/h2>\n<\/div>\n<\/div>\n<div class=\"elementor-element elementor-element-2191854 elementor-widget elementor-widget-text-editor\" data-id=\"2191854\" data-element_type=\"widget\" data-widget_type=\"text-editor.default\">\n<div class=\"elementor-widget-container\">\n<p>Ce rouleau compresseur enti\u00e8rement hydraulique de 1 tonne est \u00e9quip\u00e9 d'un moteur Honda GX390 de premi\u00e8re qualit\u00e9 d'une puissance de 13 ch\/3600 tr\/min pour un fonctionnement puissant mais \u00e9conome en carburant et une distribution sup\u00e9rieure de la chaleur. Dites adieu aux vibrations grin\u00e7antes, savourez un fonctionnement sans faille et anticipez sa long\u00e9vit\u00e9.<\/p>\n<\/div>\n<\/div>\n<\/div>\n<div class=\"elementor-element elementor-element-158d1bf e-con-full e-flex e-con e-child\" data-id=\"158d1bf\" data-element_type=\"container\">\n<div class=\"elementor-element elementor-element-232e882 elementor-widget elementor-widget-image\" data-id=\"232e882\" data-element_type=\"widget\" data-widget_type=\"image.default\">\n<div class=\"elementor-widget-container\"><img decoding=\"async\" class=\"attachment-large size-large wp-image-1118\" title=\"Rouleau routier enti\u00e8rement hydraulique HT-1000 1T 3\" src=\"https:\/\/hightopgroup.com\/wp-content\/uploads\/2024\/08\/1\u5428\u538b\u8def\u673a-\u7279\u5f81\u56fe7_WH_1000x1000px.jpg\" sizes=\"(max-width: 800px) 100vw, 800px\" srcset=\"https:\/\/hightopgroup.com\/wp-content\/uploads\/2024\/08\/1\u5428\u538b\u8def\u673a-\u7279\u5f81\u56fe7_WH_1000x1000px.jpg 1000w, https:\/\/hightopgroup.com\/wp-content\/uploads\/2024\/08\/1\u5428\u538b\u8def\u673a-\u7279\u5f81\u56fe7_WH_1000x1000px-300x300.jpg 300w, https:\/\/hightopgroup.com\/wp-content\/uploads\/2024\/08\/1\u5428\u538b\u8def\u673a-\u7279\u5f81\u56fe7_WH_1000x1000px-150x150.jpg 150w, https:\/\/hightopgroup.com\/wp-content\/uploads\/2024\/08\/1\u5428\u538b\u8def\u673a-\u7279\u5f81\u56fe7_WH_1000x1000px-768x768.jpg 768w, https:\/\/hightopgroup.com\/wp-content\/uploads\/2024\/08\/1\u5428\u538b\u8def\u673a-\u7279\u5f81\u56fe7_WH_1000x1000px-600x600.jpg 600w, https:\/\/hightopgroup.com\/wp-content\/uploads\/2024\/08\/1\u5428\u538b\u8def\u673a-\u7279\u5f81\u56fe7_WH_1000x1000px-100x100.jpg 100w\" alt=\"1\u5428\u538b\u8def\u673a\" width=\"800\" height=\"800\" \/><\/div>\n<\/div>\n<div class=\"elementor-element elementor-element-c7cd61e elementor-widget elementor-widget-heading\" data-id=\"c7cd61e\" data-element_type=\"widget\" data-widget_type=\"heading.default\">\n<div class=\"elementor-widget-container\">\n<h2 class=\"elementor-heading-title elementor-size-default\">Roue de presse en acier fiable<\/h2>\n<\/div>\n<\/div>\n<div class=\"elementor-element elementor-element-539e316 elementor-widget elementor-widget-text-editor\" data-id=\"539e316\" data-element_type=\"widget\" data-widget_type=\"text-editor.default\">\n<div class=\"elementor-widget-container\">\n<p>Le mat\u00e9riau \u00e9paissi a un bon effet de compactage et est solide, r\u00e9sistant \u00e0 l'usure, durable et antirouille.<\/p>\n<\/div>\n<\/div>\n<\/div>\n<div class=\"elementor-element elementor-element-377c734 e-con-full e-flex e-con e-child\" data-id=\"377c734\" data-element_type=\"container\">\n<div class=\"elementor-element elementor-element-7847a83 elementor-widget elementor-widget-image\" data-id=\"7847a83\" data-element_type=\"widget\" data-widget_type=\"image.default\">\n<div class=\"elementor-widget-container\"><img loading=\"lazy\" decoding=\"async\" class=\"attachment-large size-large wp-image-1119\" title=\"Rouleau routier enti\u00e8rement hydraulique HT-1000 1T 4\" src=\"https:\/\/hightopgroup.com\/wp-content\/uploads\/2024\/08\/1\u5428\u538b\u8def\u673a-\u7279\u5f81\u56fe4_WH_1000x1000px.jpg\" sizes=\"(max-width: 800px) 100vw, 800px\" srcset=\"https:\/\/hightopgroup.com\/wp-content\/uploads\/2024\/08\/1\u5428\u538b\u8def\u673a-\u7279\u5f81\u56fe4_WH_1000x1000px.jpg 1000w, https:\/\/hightopgroup.com\/wp-content\/uploads\/2024\/08\/1\u5428\u538b\u8def\u673a-\u7279\u5f81\u56fe4_WH_1000x1000px-300x300.jpg 300w, https:\/\/hightopgroup.com\/wp-content\/uploads\/2024\/08\/1\u5428\u538b\u8def\u673a-\u7279\u5f81\u56fe4_WH_1000x1000px-150x150.jpg 150w, https:\/\/hightopgroup.com\/wp-content\/uploads\/2024\/08\/1\u5428\u538b\u8def\u673a-\u7279\u5f81\u56fe4_WH_1000x1000px-768x768.jpg 768w, https:\/\/hightopgroup.com\/wp-content\/uploads\/2024\/08\/1\u5428\u538b\u8def\u673a-\u7279\u5f81\u56fe4_WH_1000x1000px-600x600.jpg 600w, https:\/\/hightopgroup.com\/wp-content\/uploads\/2024\/08\/1\u5428\u538b\u8def\u673a-\u7279\u5f81\u56fe4_WH_1000x1000px-100x100.jpg 100w\" alt=\"1\u5428\u538b\u8def\u673a\" width=\"800\" height=\"800\" \/><\/div>\n<\/div>\n<div class=\"elementor-element elementor-element-e081075 elementor-widget elementor-widget-heading\" data-id=\"e081075\" data-element_type=\"widget\" data-widget_type=\"heading.default\">\n<div class=\"elementor-widget-container\">\n<h2 class=\"elementor-heading-title elementor-size-default\">R\u00e9servoir de chasse en plastique 65L, ne rouille pas<\/h2>\n<\/div>\n<\/div>\n<div class=\"elementor-element elementor-element-39366f4 elementor-widget elementor-widget-text-editor\" data-id=\"39366f4\" data-element_type=\"widget\" data-widget_type=\"text-editor.default\">\n<div class=\"elementor-widget-container\">\n<p>Le rouleau compresseur enti\u00e8rement hydraulique de 1 tonne est dot\u00e9 d'un r\u00e9servoir d'eau d'une capacit\u00e9 de 65 litres, ce qui est suffisant pour maintenir le moteur \u00e0 la bonne temp\u00e9rature et l'emp\u00eacher de surchauffer, garantissant ainsi que le rouleau peut toujours fonctionner normalement apr\u00e8s une longue p\u00e9riode de travail.<\/p>\n<\/div>\n<\/div>\n<\/div>\n<div class=\"elementor-element elementor-element-8cc64ca e-con-full e-flex e-con e-child\" data-id=\"8cc64ca\" data-element_type=\"container\">\n<div class=\"elementor-element elementor-element-a912f83 elementor-widget elementor-widget-image\" data-id=\"a912f83\" data-element_type=\"widget\" data-widget_type=\"image.default\">\n<div class=\"elementor-widget-container\"><img loading=\"lazy\" decoding=\"async\" class=\"attachment-large size-large wp-image-1120\" title=\"Rouleau routier enti\u00e8rement hydraulique HT-1000 1T 5\" src=\"https:\/\/hightopgroup.com\/wp-content\/uploads\/2024\/08\/1\u5428\u538b\u8def\u673a-\u7279\u5f81\u56fe5_WH_1000x1000px.jpg\" sizes=\"(max-width: 800px) 100vw, 800px\" srcset=\"https:\/\/hightopgroup.com\/wp-content\/uploads\/2024\/08\/1\u5428\u538b\u8def\u673a-\u7279\u5f81\u56fe5_WH_1000x1000px.jpg 1000w, https:\/\/hightopgroup.com\/wp-content\/uploads\/2024\/08\/1\u5428\u538b\u8def\u673a-\u7279\u5f81\u56fe5_WH_1000x1000px-300x300.jpg 300w, https:\/\/hightopgroup.com\/wp-content\/uploads\/2024\/08\/1\u5428\u538b\u8def\u673a-\u7279\u5f81\u56fe5_WH_1000x1000px-150x150.jpg 150w, https:\/\/hightopgroup.com\/wp-content\/uploads\/2024\/08\/1\u5428\u538b\u8def\u673a-\u7279\u5f81\u56fe5_WH_1000x1000px-768x768.jpg 768w, https:\/\/hightopgroup.com\/wp-content\/uploads\/2024\/08\/1\u5428\u538b\u8def\u673a-\u7279\u5f81\u56fe5_WH_1000x1000px-600x600.jpg 600w, https:\/\/hightopgroup.com\/wp-content\/uploads\/2024\/08\/1\u5428\u538b\u8def\u673a-\u7279\u5f81\u56fe5_WH_1000x1000px-100x100.jpg 100w\" alt=\"1\u5428\u538b\u8def\u673a\" width=\"800\" height=\"800\" \/><\/div>\n<\/div>\n<div class=\"elementor-element elementor-element-5de964f elementor-widget elementor-widget-heading\" data-id=\"5de964f\" data-element_type=\"widget\" data-widget_type=\"heading.default\">\n<div class=\"elementor-widget-container\">\n<h2 class=\"elementor-heading-title elementor-size-default\">\u00c9clairage efficace par LED<\/h2>\n<\/div>\n<\/div>\n<div class=\"elementor-element elementor-element-58d6615 elementor-widget elementor-widget-text-editor\" data-id=\"58d6615\" data-element_type=\"widget\" data-widget_type=\"text-editor.default\">\n<div class=\"elementor-widget-container\">\n<p>L'\u00e9clairage LED install\u00e9 \u00e0 l'avant et \u00e0 l'arri\u00e8re du rouleau fournit une lumi\u00e8re vive, permettant \u00e0 l'op\u00e9rateur de voir clairement la zone de travail m\u00eame dans des conditions d'\u00e9clairage sombres, am\u00e9liorant ainsi l'efficacit\u00e9 du travail et r\u00e9duisant la probabilit\u00e9 d'accidents.<\/p>\n<\/div>\n<\/div>\n<\/div>\n<div class=\"elementor-element elementor-element-4f660a0 e-con-full e-flex e-con e-child\" data-id=\"4f660a0\" data-element_type=\"container\">\n<div class=\"elementor-element elementor-element-481d635 elementor-widget elementor-widget-image\" data-id=\"481d635\" data-element_type=\"widget\" data-widget_type=\"image.default\">\n<div class=\"elementor-widget-container\"><img loading=\"lazy\" decoding=\"async\" class=\"attachment-large size-large wp-image-1121\" title=\"Rouleau routier enti\u00e8rement hydraulique HT-1000 1T 6\" src=\"https:\/\/hightopgroup.com\/wp-content\/uploads\/2024\/08\/1\u5428\u538b\u8def\u673a-\u7279\u5f81\u56fe6_WH_1000x1000px.jpg\" sizes=\"(max-width: 800px) 100vw, 800px\" srcset=\"https:\/\/hightopgroup.com\/wp-content\/uploads\/2024\/08\/1\u5428\u538b\u8def\u673a-\u7279\u5f81\u56fe6_WH_1000x1000px.jpg 1000w, https:\/\/hightopgroup.com\/wp-content\/uploads\/2024\/08\/1\u5428\u538b\u8def\u673a-\u7279\u5f81\u56fe6_WH_1000x1000px-300x300.jpg 300w, https:\/\/hightopgroup.com\/wp-content\/uploads\/2024\/08\/1\u5428\u538b\u8def\u673a-\u7279\u5f81\u56fe6_WH_1000x1000px-150x150.jpg 150w, https:\/\/hightopgroup.com\/wp-content\/uploads\/2024\/08\/1\u5428\u538b\u8def\u673a-\u7279\u5f81\u56fe6_WH_1000x1000px-768x768.jpg 768w, https:\/\/hightopgroup.com\/wp-content\/uploads\/2024\/08\/1\u5428\u538b\u8def\u673a-\u7279\u5f81\u56fe6_WH_1000x1000px-600x600.jpg 600w, https:\/\/hightopgroup.com\/wp-content\/uploads\/2024\/08\/1\u5428\u538b\u8def\u673a-\u7279\u5f81\u56fe6_WH_1000x1000px-100x100.jpg 100w\" alt=\"1\u5428\u538b\u8def\u673a\" width=\"800\" height=\"800\" \/><\/div>\n<\/div>\n<div class=\"elementor-element elementor-element-740612e elementor-widget elementor-widget-heading\" data-id=\"740612e\" data-element_type=\"widget\" data-widget_type=\"heading.default\">\n<div class=\"elementor-widget-container\">\n<h2 class=\"elementor-heading-title elementor-size-default\">Conception durable<\/h2>\n<\/div>\n<\/div>\n<div class=\"elementor-element elementor-element-a03a793 elementor-widget elementor-widget-text-editor\" data-id=\"a03a793\" data-element_type=\"widget\" data-widget_type=\"text-editor.default\">\n<div class=\"elementor-widget-container\">\n<p>Les pi\u00e8ces structurelles de l'ensemble de la machine sont trait\u00e9es par des fabricants renomm\u00e9s, et l'ensemble du v\u00e9hicule est grenaill\u00e9 et d\u00e9cap\u00e9, phosphat\u00e9 et pulv\u00e9ris\u00e9, ce qui augmente l'adh\u00e9rence des mol\u00e9cules de peinture et rend la peinture plus durable, non d\u00e9color\u00e9e et plus lisse.<\/p>\n<\/div>\n<\/div>\n<\/div>\n<p>&nbsp;<\/p>\n<p>Param\u00e8tres<\/p>\n<div class=\"elementor-element elementor-element-4f314c1 e-con-full e-flex e-con e-child\" data-id=\"4f314c1\" data-element_type=\"container\">\n<div class=\"elementor-element elementor-element-55ddb7f elementor-widget elementor-widget-text-editor\" data-id=\"55ddb7f\" data-element_type=\"widget\" data-widget_type=\"text-editor.default\">\n<div class=\"elementor-widget-container\">\n<p><strong>Marcher<\/strong><\/p>\n<ul>\n<li>Vitesse : 0-8km\/h<\/li>\n<li>Rayon de braquage : 2000mm<\/li>\n<li>Capacit\u00e9 d'escalade : 30%<\/li>\n<\/ul>\n<p><strong>Le compactage<\/strong><\/p>\n<ul>\n<li>Capacit\u00e9 d'escalade : 77\/56N\/cm<\/li>\n<li>Amplitude nominale : 0,5 mm<\/li>\n<li>Fr\u00e9quence de vibration : 75Hz<\/li>\n<li>Force d'excitation : 30kN<\/li>\n<\/ul>\n<p><strong>Emploi<\/strong><\/p>\n<ul>\n<li>Conduire :\n<ul>\n<li>Actionnement hydraulique<\/li>\n<li>Deux roues motrices \u00e0 l'avant et \u00e0 l'arri\u00e8re<\/li>\n<\/ul>\n<\/li>\n<li>Vibration : Embrayage \u00e9lectromagn\u00e9tique \u00e0 vibration \u00e0 une touche<\/li>\n<li>Veer : Direction hydraulique<\/li>\n<li>M\u00e9thode d'arrosage : Eau pulv\u00e9ris\u00e9e sous pression contr\u00f4l\u00e9e \u00e9lectroniquement<\/li>\n<\/ul>\n<p><strong>Moteur<\/strong><\/p>\n<ul>\n<li>Mod\u00e8le : Honda GX390\/Changfa CF186FAE<\/li>\n<li>Type : Essence\/diesel, quatre temps, refroidi par air<\/li>\n<li>Puissance : 13hp\/9hp\/3600rpm<\/li>\n<li>Capacit\u00e9 du r\u00e9servoir : 5.5L<\/li>\n<li>Consommation de carburant : 300g\/kw-h<\/li>\n<\/ul>\n<p><strong>Sp\u00e9cifications de la taille<\/strong><\/p>\n<ul>\n<li>Largeur du tambour (avant, arri\u00e8re) : 700mm<\/li>\n<li>Diam\u00e8tre du tambour (avant, arri\u00e8re) : 530 mm<\/li>\n<li>Longueur totale : 2100 mm<\/li>\n<li>Largeur totale : 860 mm<\/li>\n<li>Hauteur totale (sans la poutre d'impact) :1600mm<\/li>\n<li>Taille de l'emballage d'exportation : 2200x950x1650mm<\/li>\n<\/ul>\n<p><strong>poids<\/strong><\/p>\n<ul>\n<li>Poids en ordre de marche : 1100kg<\/li>\n<\/ul>\n<\/div>\n<\/div>\n<\/div>\n<div class=\"elementor-element elementor-element-8de1db2 e-con-full e-flex e-con e-child\" data-id=\"8de1db2\" data-element_type=\"container\">\n<div class=\"elementor-element elementor-element-19f7998 elementor-widget elementor-widget-image\" data-id=\"19f7998\" data-element_type=\"widget\" data-widget_type=\"image.default\">\n<div class=\"elementor-widget-container\"><img loading=\"lazy\" decoding=\"async\" class=\"attachment-large size-large wp-image-1124\" title=\"Rouleau routier enti\u00e8rement hydraulique HT-1000 1T 7\" src=\"https:\/\/hightopgroup.com\/wp-content\/uploads\/2024\/08\/1ton\u538b\u8def\u673a-12.jpg\" sizes=\"(max-width: 800px) 100vw, 800px\" srcset=\"https:\/\/hightopgroup.com\/wp-content\/uploads\/2024\/08\/1ton\u538b\u8def\u673a-12.jpg 1000w, https:\/\/hightopgroup.com\/wp-content\/uploads\/2024\/08\/1ton\u538b\u8def\u673a-12-300x300.jpg 300w, https:\/\/hightopgroup.com\/wp-content\/uploads\/2024\/08\/1ton\u538b\u8def\u673a-12-150x150.jpg 150w, https:\/\/hightopgroup.com\/wp-content\/uploads\/2024\/08\/1ton\u538b\u8def\u673a-12-768x768.jpg 768w, https:\/\/hightopgroup.com\/wp-content\/uploads\/2024\/08\/1ton\u538b\u8def\u673a-12-600x600.jpg 600w, https:\/\/hightopgroup.com\/wp-content\/uploads\/2024\/08\/1ton\u538b\u8def\u673a-12-100x100.jpg 100w\" alt=\"1ton\u538b\u8def\u673a 12\" width=\"800\" height=\"800\" \/><\/div>\n<\/div>\n<\/div>","protected":false},"excerpt":{"rendered":"<p>Vue d'ensemble Les rouleaux HIGHTOP sont id\u00e9aux pour la construction de routes, offrant une gamme de mod\u00e8les de 0,5 \u00e0 3,5 tonnes. Ils sont efficaces<\/p>","protected":false},"featured_media":17024,"template":"","meta":{"rank_math_lock_modified_date":false},"product_brand":[],"product_cat":[38],"product_tag":[],"class_list":{"0":"post-17029","1":"product","2":"type-product","3":"status-publish","4":"has-post-thumbnail","6":"product_cat-road-roller","8":"first","9":"instock","10":"taxable","11":"shipping-taxable","12":"purchasable","13":"product-type-simple"},"_links":{"self":[{"href":"https:\/\/beleevo.prowebplanners.com\/fr\/wp-json\/wp\/v2\/product\/17029","targetHints":{"allow":["GET"]}}],"collection":[{"href":"https:\/\/beleevo.prowebplanners.com\/fr\/wp-json\/wp\/v2\/product"}],"about":[{"href":"https:\/\/beleevo.prowebplanners.com\/fr\/wp-json\/wp\/v2\/types\/product"}],"version-history":[{"count":2,"href":"https:\/\/beleevo.prowebplanners.com\/fr\/wp-json\/wp\/v2\/product\/17029\/revisions"}],"predecessor-version":[{"id":17347,"href":"https:\/\/beleevo.prowebplanners.com\/fr\/wp-json\/wp\/v2\/product\/17029\/revisions\/17347"}],"wp:featuredmedia":[{"embeddable":true,"href":"https:\/\/beleevo.prowebplanners.com\/fr\/wp-json\/wp\/v2\/media\/17024"}],"wp:attachment":[{"href":"https:\/\/beleevo.prowebplanners.com\/fr\/wp-json\/wp\/v2\/media?parent=17029"}],"wp:term":[{"taxonomy":"product_brand","embeddable":true,"href":"https:\/\/beleevo.prowebplanners.com\/fr\/wp-json\/wp\/v2\/product_brand?post=17029"},{"taxonomy":"product_cat","embeddable":true,"href":"https:\/\/beleevo.prowebplanners.com\/fr\/wp-json\/wp\/v2\/product_cat?post=17029"},{"taxonomy":"product_tag","embeddable":true,"href":"https:\/\/beleevo.prowebplanners.com\/fr\/wp-json\/wp\/v2\/product_tag?post=17029"}],"curies":[{"name":"wp","href":"https:\/\/api.w.org\/{rel}","templated":true}]}}