{"id":17000,"date":"2025-07-23T13:40:32","date_gmt":"2025-07-23T13:40:32","guid":{"rendered":"https:\/\/beleevo.prowebplanners.com\/produit\/ht-3000-3t-full-hydraulic-road-roller\/"},"modified":"2025-07-23T13:42:38","modified_gmt":"2025-07-23T13:42:38","slug":"ht-3000-3t-full-hydraulic-road-roller","status":"publish","type":"product","link":"https:\/\/beleevo.prowebplanners.com\/fr\/produit\/ht-3000-3t-full-hydraulic-road-roller\/","title":{"rendered":"Rouleau routier enti\u00e8rement hydraulique HT-3000 3T"},"content":{"rendered":"<p>Vue d'ensemble<\/p>\n<div class=\"elementor-element elementor-element-733c768 elementor-widget__width-initial elementor-widget elementor-widget-text-editor\" data-id=\"733c768\" data-element_type=\"widget\" data-widget_type=\"text-editor.default\">\n<div class=\"elementor-widget-container\">\n<p>Les rouleaux HIGHTOP sont id\u00e9aux pour la construction de routes et offrent une gamme de mod\u00e8les de 0,5 \u00e0 3,5 tonnes. Ils am\u00e9liorent efficacement la compacit\u00e9 et la douceur des mat\u00e9riaux gr\u00e2ce \u00e0 une pression vibratoire ou statique. Dot\u00e9s d'un syst\u00e8me de commande avanc\u00e9, nos rouleaux sont faciles \u00e0 utiliser et leur structure robuste est con\u00e7ue pour durer dans des conditions difficiles. \u00c9quip\u00e9s de moteurs \u00e0 faibles \u00e9missions et d'une technologie d'\u00e9conomie d'\u00e9nergie, ils r\u00e9duisent l'impact sur l'environnement et la consommation d'\u00e9nergie. Parfaits pour compacter la terre, l'asphalte et le gravier, les rouleaux HIGHTOP am\u00e9liorent l'uni de la surface de la route et la capacit\u00e9 de charge.<\/p>\n<p>Nous offrons des solutions rentables avec des co\u00fbts de production r\u00e9duits gr\u00e2ce \u00e0 notre usine bas\u00e9e en Chine. Nous disposons de plus de 10 entrep\u00f4ts dans le monde et offrons une assistance exceptionnelle, notamment une garantie d'un an et une assistance technique \u00e0 vie.<\/p>\n<\/div>\n<\/div>\n<div class=\"elementor-element elementor-element-6d06274 elementor-widget__width-initial elementor-widget elementor-widget-video\" data-id=\"6d06274\" data-element_type=\"widget\" data-settings=\"{&quot;youtube_url&quot;:&quot;https:\/\/youtu.be\/conD9CSBrIU?si=SWf4aM4LH9wwWZwn&quot;,&quot;show_image_overlay&quot;:&quot;yes&quot;,&quot;image_overlay&quot;:{&quot;url&quot;:&quot;https:\/\/hightopgroup.com\/wp-content\/uploads\/2024\/09\/3Tu538bu8defu673au4e3bu56fe-3.jpg&quot;,&quot;id&quot;:2687,&quot;size&quot;:&quot;&quot;,&quot;alt&quot;:&quot;&quot;,&quot;source&quot;:&quot;library&quot;},&quot;video_type&quot;:&quot;youtube&quot;,&quot;controls&quot;:&quot;yes&quot;}\" data-widget_type=\"video.default\">\n<div class=\"elementor-widget-container\">\n<div class=\"elementor-wrapper elementor-open-inline\">\n<div class=\"elementor-video\"><\/div>\n<div class=\"elementor-custom-embed-image-overlay\" style=\"background-image: url(https:\/\/hightopgroup.com\/wp-content\/uploads\/2024\/09\/3T\u538b\u8def\u673a\u4e3b\u56fe-3.jpg);\">\n<div class=\"elementor-custom-embed-play\" role=\"button\" aria-label=\"Lire la vid\u00e9o\" tabindex=\"0\"> <svg aria-hidden=\"true\" class=\"e-font-icon-svg e-eicon-play\" viewbox=\"0 0 1000 1000\"><path d=\"M838 162C746 71 633 25 500 25 371 25 258 71 163 162 71 254 25 367 25 500 25 633 71 746 163 837 254 929 367 979 500 979 633 979 746 933 838 837 929 746 975 633 975 500 975 367 929 254 838 162M808 192C892 279 933 379 933 500 933 621 892 725 808 808 725 892 621 938 500 938 379 938 279 896 196 808 113 725 67 621 67 500 67 379 108 279 196 192 279 108 383 62 500 62 621 62 721 108 808 192M438 392V642L642 517 438 392Z\" \/><\/svg><\/div>\n<\/div>\n<\/div>\n<\/div>\n<\/div>\n<p>&nbsp;<\/p>\n<p>Caract\u00e9ristiques et avantages<\/p>\n<div class=\"elementor-element elementor-element-9c58ae8 e-con-full e-flex e-con e-child\" data-id=\"9c58ae8\" data-element_type=\"container\">\n<div class=\"elementor-element elementor-element-23d85c2 elementor-widget elementor-widget-image\" data-id=\"23d85c2\" data-element_type=\"widget\" data-widget_type=\"image.default\">\n<div class=\"elementor-widget-container\"> <img fetchpriority=\"high\" decoding=\"async\" width=\"800\" height=\"800\" src=\"https:\/\/hightopgroup.com\/wp-content\/uploads\/2024\/09\/3T\u538b\u8def\u673a\u7279\u5f81-1.jpg\" class=\"attachment-large size-large wp-image-2693\" alt=\"3T\u538b\u8def\u673a\u7279\u5f81 1\" srcset=\"https:\/\/hightopgroup.com\/wp-content\/uploads\/2024\/09\/3T\u538b\u8def\u673a\u7279\u5f81-1.jpg 1000w, https:\/\/hightopgroup.com\/wp-content\/uploads\/2024\/09\/3T\u538b\u8def\u673a\u7279\u5f81-1-300x300.jpg 300w, https:\/\/hightopgroup.com\/wp-content\/uploads\/2024\/09\/3T\u538b\u8def\u673a\u7279\u5f81-1-150x150.jpg 150w, https:\/\/hightopgroup.com\/wp-content\/uploads\/2024\/09\/3T\u538b\u8def\u673a\u7279\u5f81-1-768x768.jpg 768w, https:\/\/hightopgroup.com\/wp-content\/uploads\/2024\/09\/3T\u538b\u8def\u673a\u7279\u5f81-1-600x600.jpg 600w\" sizes=\"(max-width: 800px) 100vw, 800px\" title=\"Rouleau routier enti\u00e8rement hydraulique HT-3000 3T 1\"><\/div>\n<\/div>\n<div class=\"elementor-element elementor-element-6d4361a elementor-widget elementor-widget-heading\" data-id=\"6d4361a\" data-element_type=\"widget\" data-widget_type=\"heading.default\">\n<div class=\"elementor-widget-container\">\n<h2 class=\"elementor-heading-title elementor-size-default\">Un syst\u00e8me hydraulique parfaitement adapt\u00e9<\/h2>\n<\/div>\n<\/div>\n<div class=\"elementor-element elementor-element-101f08b elementor-widget elementor-widget-text-editor\" data-id=\"101f08b\" data-element_type=\"widget\" data-widget_type=\"text-editor.default\">\n<div class=\"elementor-widget-container\">\n<p>Le rouleau enti\u00e8rement hydraulique de 3 tonnes est un rouleau \u00e0 double roue en acier \u00e9quip\u00e9 d'un moteur diesel ZN390B d'une puissance de 39HP\/2600rpm.Large gamme d'applications, performances sup\u00e9rieures, facile \u00e0 utiliser et durable.<\/p>\n<\/div>\n<\/div>\n<\/div>\n<div class=\"elementor-element elementor-element-298c44a e-con-full e-flex e-con e-child\" data-id=\"298c44a\" data-element_type=\"container\">\n<div class=\"elementor-element elementor-element-4d046ce elementor-widget elementor-widget-image\" data-id=\"4d046ce\" data-element_type=\"widget\" data-widget_type=\"image.default\">\n<div class=\"elementor-widget-container\"> <img decoding=\"async\" width=\"800\" height=\"800\" src=\"https:\/\/hightopgroup.com\/wp-content\/uploads\/2024\/09\/3T\u538b\u8def\u673a\u7279\u5f81-2.jpg\" class=\"attachment-large size-large wp-image-2698\" alt=\"3T\u538b\u8def\u673a\u7279\u5f81 2\" srcset=\"https:\/\/hightopgroup.com\/wp-content\/uploads\/2024\/09\/3T\u538b\u8def\u673a\u7279\u5f81-2.jpg 1000w, https:\/\/hightopgroup.com\/wp-content\/uploads\/2024\/09\/3T\u538b\u8def\u673a\u7279\u5f81-2-300x300.jpg 300w, https:\/\/hightopgroup.com\/wp-content\/uploads\/2024\/09\/3T\u538b\u8def\u673a\u7279\u5f81-2-150x150.jpg 150w, https:\/\/hightopgroup.com\/wp-content\/uploads\/2024\/09\/3T\u538b\u8def\u673a\u7279\u5f81-2-768x768.jpg 768w, https:\/\/hightopgroup.com\/wp-content\/uploads\/2024\/09\/3T\u538b\u8def\u673a\u7279\u5f81-2-600x600.jpg 600w\" sizes=\"(max-width: 800px) 100vw, 800px\" title=\"HT-3000 Rouleau routier enti\u00e8rement hydraulique 3T 2\"><\/div>\n<\/div>\n<div class=\"elementor-element elementor-element-cb157d5 elementor-widget elementor-widget-heading\" data-id=\"cb157d5\" data-element_type=\"widget\" data-widget_type=\"heading.default\">\n<div class=\"elementor-widget-container\">\n<h2 class=\"elementor-heading-title elementor-size-default\">Roue double en acier<\/h2>\n<\/div>\n<\/div>\n<div class=\"elementor-element elementor-element-2191854 elementor-widget elementor-widget-text-editor\" data-id=\"2191854\" data-element_type=\"widget\" data-widget_type=\"text-editor.default\">\n<div class=\"elementor-widget-container\">\n<p>Dans certains petits projets d'entretien des routes municipales, si vous devez r\u00e9parer la chauss\u00e9e en asphalte pour un compactage fin, le compacteur \u00e0 double roue en acier HT-3000 est un meilleur choix.<\/p>\n<\/div>\n<\/div>\n<\/div>\n<div class=\"elementor-element elementor-element-158d1bf e-con-full e-flex e-con e-child\" data-id=\"158d1bf\" data-element_type=\"container\">\n<div class=\"elementor-element elementor-element-232e882 elementor-widget elementor-widget-image\" data-id=\"232e882\" data-element_type=\"widget\" data-widget_type=\"image.default\">\n<div class=\"elementor-widget-container\"> <img decoding=\"async\" width=\"800\" height=\"800\" src=\"https:\/\/hightopgroup.com\/wp-content\/uploads\/2024\/09\/3T\u538b\u8def\u673a\u7279\u5f81-4.jpg\" class=\"attachment-large size-large wp-image-2695\" alt=\"3T\u538b\u8def\u673a\u7279\u5f81 4\" srcset=\"https:\/\/hightopgroup.com\/wp-content\/uploads\/2024\/09\/3T\u538b\u8def\u673a\u7279\u5f81-4.jpg 1000w, https:\/\/hightopgroup.com\/wp-content\/uploads\/2024\/09\/3T\u538b\u8def\u673a\u7279\u5f81-4-300x300.jpg 300w, https:\/\/hightopgroup.com\/wp-content\/uploads\/2024\/09\/3T\u538b\u8def\u673a\u7279\u5f81-4-150x150.jpg 150w, https:\/\/hightopgroup.com\/wp-content\/uploads\/2024\/09\/3T\u538b\u8def\u673a\u7279\u5f81-4-768x768.jpg 768w, https:\/\/hightopgroup.com\/wp-content\/uploads\/2024\/09\/3T\u538b\u8def\u673a\u7279\u5f81-4-600x600.jpg 600w\" sizes=\"(max-width: 800px) 100vw, 800px\" title=\"HT-3000 3T Rouleau routier enti\u00e8rement hydraulique 3\"><\/div>\n<\/div>\n<div class=\"elementor-element elementor-element-c7cd61e elementor-widget elementor-widget-heading\" data-id=\"c7cd61e\" data-element_type=\"widget\" data-widget_type=\"heading.default\">\n<div class=\"elementor-widget-container\">\n<h2 class=\"elementor-heading-title elementor-size-default\">\u00c9CLAIRAGE EFFICACE PAR LED<\/h2>\n<\/div>\n<\/div>\n<div class=\"elementor-element elementor-element-539e316 elementor-widget elementor-widget-text-editor\" data-id=\"539e316\" data-element_type=\"widget\" data-widget_type=\"text-editor.default\">\n<div class=\"elementor-widget-container\">\n<p>Double \u00e9clairage LED efficace \u00e0 l'avant et \u00e0 l'arri\u00e8re, pour un travail de nuit plus pratique<br \/>L'\u00e9clairage LED install\u00e9 \u00e0 l'avant et \u00e0 l'arri\u00e8re du rouleau fournit une lumi\u00e8re vive, permettant \u00e0 l'op\u00e9rateur de voir clairement la zone de travail m\u00eame dans des conditions d'\u00e9clairage sombres, am\u00e9liorant ainsi l'efficacit\u00e9 du travail et r\u00e9duisant la probabilit\u00e9 d'accidents.<\/p>\n<\/div>\n<\/div>\n<\/div>\n<div class=\"elementor-element elementor-element-377c734 e-con-full e-flex e-con e-child\" data-id=\"377c734\" data-element_type=\"container\">\n<div class=\"elementor-element elementor-element-7847a83 elementor-widget elementor-widget-image\" data-id=\"7847a83\" data-element_type=\"widget\" data-widget_type=\"image.default\">\n<div class=\"elementor-widget-container\"> <img loading=\"lazy\" decoding=\"async\" width=\"800\" height=\"800\" src=\"https:\/\/hightopgroup.com\/wp-content\/uploads\/2024\/09\/3T\u538b\u8def\u673a\u7279\u5f81-3.jpg\" class=\"attachment-large size-large wp-image-2694\" alt=\"3T\u538b\u8def\u673a\u7279\u5f81 3\" srcset=\"https:\/\/hightopgroup.com\/wp-content\/uploads\/2024\/09\/3T\u538b\u8def\u673a\u7279\u5f81-3.jpg 1000w, https:\/\/hightopgroup.com\/wp-content\/uploads\/2024\/09\/3T\u538b\u8def\u673a\u7279\u5f81-3-300x300.jpg 300w, https:\/\/hightopgroup.com\/wp-content\/uploads\/2024\/09\/3T\u538b\u8def\u673a\u7279\u5f81-3-150x150.jpg 150w, https:\/\/hightopgroup.com\/wp-content\/uploads\/2024\/09\/3T\u538b\u8def\u673a\u7279\u5f81-3-768x768.jpg 768w, https:\/\/hightopgroup.com\/wp-content\/uploads\/2024\/09\/3T\u538b\u8def\u673a\u7279\u5f81-3-600x600.jpg 600w\" sizes=\"auto, (max-width: 800px) 100vw, 800px\" title=\"Rouleau routier enti\u00e8rement hydraulique HT-3000 3T 4\"><\/div>\n<\/div>\n<div class=\"elementor-element elementor-element-e081075 elementor-widget elementor-widget-heading\" data-id=\"e081075\" data-element_type=\"widget\" data-widget_type=\"heading.default\">\n<div class=\"elementor-widget-container\">\n<h2 class=\"elementor-heading-title elementor-size-default\">Roues plus larges pour une meilleure efficacit\u00e9 de travail<\/h2>\n<\/div>\n<\/div>\n<div class=\"elementor-element elementor-element-39366f4 elementor-widget elementor-widget-text-editor\" data-id=\"39366f4\" data-element_type=\"widget\" data-widget_type=\"text-editor.default\">\n<div class=\"elementor-widget-container\">\n<p>Largeur des roues : 1200 mm, diam\u00e8tre des roues : 710 mm. La surface de contact relativement importante des roues de grande taille avec le sol permet de couvrir une route ou une surface de travail plus large en un seul passage. R\u00e9duit le nombre de passages du rouleau lors du compactage de grandes surfaces.<\/p>\n<\/div>\n<\/div>\n<\/div>\n<div class=\"elementor-element elementor-element-8cc64ca e-con-full e-flex e-con e-child\" data-id=\"8cc64ca\" data-element_type=\"container\">\n<div class=\"elementor-element elementor-element-a912f83 elementor-widget elementor-widget-image\" data-id=\"a912f83\" data-element_type=\"widget\" data-widget_type=\"image.default\">\n<div class=\"elementor-widget-container\"> <img loading=\"lazy\" decoding=\"async\" width=\"800\" height=\"800\" src=\"https:\/\/hightopgroup.com\/wp-content\/uploads\/2024\/09\/3T\u538b\u8def\u673a\u7279\u5f81-5.jpg\" class=\"attachment-large size-large wp-image-2696\" alt=\"3T\u538b\u8def\u673a\u7279\u5f81 5\" srcset=\"https:\/\/hightopgroup.com\/wp-content\/uploads\/2024\/09\/3T\u538b\u8def\u673a\u7279\u5f81-5.jpg 1000w, https:\/\/hightopgroup.com\/wp-content\/uploads\/2024\/09\/3T\u538b\u8def\u673a\u7279\u5f81-5-300x300.jpg 300w, https:\/\/hightopgroup.com\/wp-content\/uploads\/2024\/09\/3T\u538b\u8def\u673a\u7279\u5f81-5-150x150.jpg 150w, https:\/\/hightopgroup.com\/wp-content\/uploads\/2024\/09\/3T\u538b\u8def\u673a\u7279\u5f81-5-768x768.jpg 768w, https:\/\/hightopgroup.com\/wp-content\/uploads\/2024\/09\/3T\u538b\u8def\u673a\u7279\u5f81-5-600x600.jpg 600w\" sizes=\"auto, (max-width: 800px) 100vw, 800px\" title=\"Rouleau routier enti\u00e8rement hydraulique HT-3000 3T 5\"><\/div>\n<\/div>\n<div class=\"elementor-element elementor-element-5de964f elementor-widget elementor-widget-heading\" data-id=\"5de964f\" data-element_type=\"widget\" data-widget_type=\"heading.default\">\n<div class=\"elementor-widget-container\">\n<h2 class=\"elementor-heading-title elementor-size-default\">Double entra\u00eenement hydraulique<\/h2>\n<\/div>\n<\/div>\n<div class=\"elementor-element elementor-element-58d6615 elementor-widget elementor-widget-text-editor\" data-id=\"58d6615\" data-element_type=\"widget\" data-widget_type=\"text-editor.default\">\n<div class=\"elementor-widget-container\">\n<p>Moteur hydraulique pendulaire de marque fran\u00e7aise, augmentant la force d'excitation, peut \u00eatre utilis\u00e9 pour le compactage de la terre, peut compacter l'asphalte, le remblai, le gravier et d'autres surfaces routi\u00e8res. Le moteur est \u00e9quip\u00e9 d'un centre autobloquant, ce qui lui conf\u00e8re des performances sup\u00e9rieures.<\/p>\n<\/div>\n<\/div>\n<\/div>\n<div class=\"elementor-element elementor-element-4f660a0 e-con-full e-flex e-con e-child\" data-id=\"4f660a0\" data-element_type=\"container\">\n<div class=\"elementor-element elementor-element-481d635 elementor-widget elementor-widget-image\" data-id=\"481d635\" data-element_type=\"widget\" data-widget_type=\"image.default\">\n<div class=\"elementor-widget-container\"> <img loading=\"lazy\" decoding=\"async\" width=\"800\" height=\"800\" src=\"https:\/\/hightopgroup.com\/wp-content\/uploads\/2024\/09\/3T\u538b\u8def\u673a\u7279\u5f81-6.jpg\" class=\"attachment-large size-large wp-image-2697\" alt=\"3T\u538b\u8def\u673a\u7279\u5f81 6\" srcset=\"https:\/\/hightopgroup.com\/wp-content\/uploads\/2024\/09\/3T\u538b\u8def\u673a\u7279\u5f81-6.jpg 1000w, https:\/\/hightopgroup.com\/wp-content\/uploads\/2024\/09\/3T\u538b\u8def\u673a\u7279\u5f81-6-300x300.jpg 300w, https:\/\/hightopgroup.com\/wp-content\/uploads\/2024\/09\/3T\u538b\u8def\u673a\u7279\u5f81-6-150x150.jpg 150w, https:\/\/hightopgroup.com\/wp-content\/uploads\/2024\/09\/3T\u538b\u8def\u673a\u7279\u5f81-6-768x768.jpg 768w, https:\/\/hightopgroup.com\/wp-content\/uploads\/2024\/09\/3T\u538b\u8def\u673a\u7279\u5f81-6-600x600.jpg 600w\" sizes=\"auto, (max-width: 800px) 100vw, 800px\" title=\"HT-3000 Rouleau routier enti\u00e8rement hydraulique 3T 6\"><\/div>\n<\/div>\n<div class=\"elementor-element elementor-element-740612e elementor-widget elementor-widget-heading\" data-id=\"740612e\" data-element_type=\"widget\" data-widget_type=\"heading.default\">\n<div class=\"elementor-widget-container\">\n<h2 class=\"elementor-heading-title elementor-size-default\">Connexion articul\u00e9e, pas facile \u00e0 renverser.<\/h2>\n<\/div>\n<\/div>\n<div class=\"elementor-element elementor-element-a03a793 elementor-widget elementor-widget-text-editor\" data-id=\"a03a793\" data-element_type=\"widget\" data-widget_type=\"text-editor.default\">\n<div class=\"elementor-widget-container\">\n<p>Les ch\u00e2ssis avant et arri\u00e8re du rouleau compresseur enti\u00e8rement hydraulique Hightop de 2,5 tonnes sont articul\u00e9s, avec un grand angle de pivotement, ce qui ne facilite pas le renversement. Direction hydraulique assist\u00e9e, direction l\u00e9g\u00e8re. Lorsque vous travaillez sur une surface de route in\u00e9gale, la connexion articul\u00e9e aide le rouleau \u00e0 rester stable.<\/p>\n<\/div>\n<\/div>\n<\/div>\n<p>&nbsp;<\/p>\n<p>Param\u00e8tres<\/p>\n<div class=\"elementor-element elementor-element-4f314c1 e-con-full e-flex e-con e-child\" data-id=\"4f314c1\" data-element_type=\"container\">\n<div class=\"elementor-element elementor-element-55ddb7f elementor-widget elementor-widget-text-editor\" data-id=\"55ddb7f\" data-element_type=\"widget\" data-widget_type=\"text-editor.default\">\n<div class=\"elementor-widget-container\">\n<p>Mod\u00e8le:HT-3000<\/p>\n<p>Vitesse : 0-12km\/h<\/p>\n<p>Rayon de braquage : 2300mm<\/p>\n<p>Capacit\u00e9 d'escalade : 30%<\/p>\n<p>Charge statique avant\/apr\u00e8s : 125\/87N\/cm<\/p>\n<p>Amplitude nominale : 0,5 mm<\/p>\n<p>Fr\u00e9quence de vibration : 75Hz<\/p>\n<p>Force d'excitation : 35kN<\/p>\n<p>&nbsp;<\/p>\n<p>Forme de conduite : deux roues motrices hydrauliques<\/p>\n<p>Mode de vibration : vibration hydraulique, vibration des roues avant\/deux roues<\/p>\n<p>Forme de direction : direction hydraulique<\/p>\n<p>Forme d'arrosage : pulv\u00e9risation sous pression \u00e0 commande \u00e9lectronique<\/p>\n<p>&nbsp;<\/p>\n<p>Moteur : Chang Chai ZN390B<\/p>\n<p>Type : trois cylindres verticaux refroidis \u00e0 l'eau<\/p>\n<p>Puissance : 39HP\/2600rpm<\/p>\n<p>Capacit\u00e9 du r\u00e9servoir : 38L<\/p>\n<p>Consommation sp\u00e9cifique de carburant : 240g\/kw-h<\/p>\n<p>&nbsp;<\/p>\n<p>Largeur des roues en acier (avant, arri\u00e8re) : 1200 mm<\/p>\n<p>Diam\u00e8tre des roues en acier (avant et arri\u00e8re) : 710 mm<\/p>\n<p>Longueur totale : 2700 mm<\/p>\n<p>Largeur totale : 1320 mm<\/p>\n<p>Hauteur totale (sans la poutre anti-collision) : 1900 mm<\/p>\n<p>Taille de l'emballage d'exportation : 2800*1350*2000mm<\/p>\n<p>Poids en ordre de marche : 3140kg<\/p>\n<\/div>\n<\/div>\n<\/div>\n<div class=\"elementor-element elementor-element-8de1db2 e-con-full e-flex e-con e-child\" data-id=\"8de1db2\" data-element_type=\"container\">\n<div class=\"elementor-element elementor-element-19f7998 elementor-widget elementor-widget-image\" data-id=\"19f7998\" data-element_type=\"widget\" data-widget_type=\"image.default\">\n<div class=\"elementor-widget-container\"> <img loading=\"lazy\" decoding=\"async\" width=\"681\" height=\"1024\" src=\"https:\/\/hightopgroup.com\/wp-content\/uploads\/2024\/09\/3T\u538b\u8def\u673a\u4e3b\u56fe-8-681x1024.jpg\" class=\"attachment-large size-large wp-image-2703\" alt=\"3T\u538b\u8def\u673a\u4e3b\u56fe 8\" srcset=\"https:\/\/hightopgroup.com\/wp-content\/uploads\/2024\/09\/3T\u538b\u8def\u673a\u4e3b\u56fe-8-681x1024.jpg 681w, https:\/\/hightopgroup.com\/wp-content\/uploads\/2024\/09\/3T\u538b\u8def\u673a\u4e3b\u56fe-8-199x300.jpg 199w, https:\/\/hightopgroup.com\/wp-content\/uploads\/2024\/09\/3T\u538b\u8def\u673a\u4e3b\u56fe-8-768x1155.jpg 768w, https:\/\/hightopgroup.com\/wp-content\/uploads\/2024\/09\/3T\u538b\u8def\u673a\u4e3b\u56fe-8-600x902.jpg 600w, https:\/\/hightopgroup.com\/wp-content\/uploads\/2024\/09\/3T\u538b\u8def\u673a\u4e3b\u56fe-8.jpg 1000w\" sizes=\"auto, (max-width: 681px) 100vw, 681px\" title=\"Rouleau routier enti\u00e8rement hydraulique HT-3000 3T 7\"><\/div>\n<\/div>\n<\/div>","protected":false},"excerpt":{"rendered":"<p>Vue d'ensemble Les rouleaux HIGHTOP sont id\u00e9aux pour la construction de routes, offrant une gamme de mod\u00e8les de 0,5 \u00e0 3,5 tonnes. Ils sont efficaces<\/p>","protected":false},"featured_media":17002,"template":"","meta":{"rank_math_lock_modified_date":false},"product_brand":[],"product_cat":[38],"product_tag":[],"class_list":{"0":"post-17000","1":"product","2":"type-product","3":"status-publish","4":"has-post-thumbnail","6":"product_cat-road-roller","8":"first","9":"instock","10":"product-type-simple"},"_links":{"self":[{"href":"https:\/\/beleevo.prowebplanners.com\/fr\/wp-json\/wp\/v2\/product\/17000","targetHints":{"allow":["GET"]}}],"collection":[{"href":"https:\/\/beleevo.prowebplanners.com\/fr\/wp-json\/wp\/v2\/product"}],"about":[{"href":"https:\/\/beleevo.prowebplanners.com\/fr\/wp-json\/wp\/v2\/types\/product"}],"version-history":[{"count":1,"href":"https:\/\/beleevo.prowebplanners.com\/fr\/wp-json\/wp\/v2\/product\/17000\/revisions"}],"predecessor-version":[{"id":17001,"href":"https:\/\/beleevo.prowebplanners.com\/fr\/wp-json\/wp\/v2\/product\/17000\/revisions\/17001"}],"wp:featuredmedia":[{"embeddable":true,"href":"https:\/\/beleevo.prowebplanners.com\/fr\/wp-json\/wp\/v2\/media\/17002"}],"wp:attachment":[{"href":"https:\/\/beleevo.prowebplanners.com\/fr\/wp-json\/wp\/v2\/media?parent=17000"}],"wp:term":[{"taxonomy":"product_brand","embeddable":true,"href":"https:\/\/beleevo.prowebplanners.com\/fr\/wp-json\/wp\/v2\/product_brand?post=17000"},{"taxonomy":"product_cat","embeddable":true,"href":"https:\/\/beleevo.prowebplanners.com\/fr\/wp-json\/wp\/v2\/product_cat?post=17000"},{"taxonomy":"product_tag","embeddable":true,"href":"https:\/\/beleevo.prowebplanners.com\/fr\/wp-json\/wp\/v2\/product_tag?post=17000"}],"curies":[{"name":"wp","href":"https:\/\/api.w.org\/{rel}","templated":true}]}}