{"id":16979,"date":"2025-07-23T13:40:32","date_gmt":"2025-07-23T13:40:32","guid":{"rendered":"https:\/\/beleevo.prowebplanners.com\/produit\/ht-js700c-small-ride-on-road-roller-water-cooled-diesel\/"},"modified":"2025-07-23T13:41:56","modified_gmt":"2025-07-23T13:41:56","slug":"ht-js700c-small-ride-on-road-roller-water-cooled-diesel","status":"publish","type":"product","link":"https:\/\/beleevo.prowebplanners.com\/fr\/produit\/ht-js700c-small-ride-on-road-roller-water-cooled-diesel\/","title":{"rendered":"HT-JS700C Petit rouleau compresseur \u00e0 conducteur port\u00e9 (diesel refroidi \u00e0 l'eau)"},"content":{"rendered":"<p>Vue d'ensemble<\/p>\n<div class=\"elementor-element elementor-element-733c768 elementor-widget__width-initial elementor-widget elementor-widget-text-editor\" data-id=\"733c768\" data-element_type=\"widget\" data-widget_type=\"text-editor.default\">\n<div class=\"elementor-widget-container\">\n<p>Les rouleaux compresseurs HIGHTOP sont id\u00e9aux pour la construction de routes, avec une gamme de mod\u00e8les de 0,5 \u00e0 3,5 tonnes. Ils am\u00e9liorent efficacement la compacit\u00e9 et la r\u00e9gularit\u00e9 des mat\u00e9riaux gr\u00e2ce \u00e0 une pression vibratoire ou statique. Dot\u00e9s d'un syst\u00e8me de commande avanc\u00e9, nos rouleaux sont faciles \u00e0 utiliser et leur structure robuste est con\u00e7ue pour durer dans des conditions difficiles. \u00c9quip\u00e9s de moteurs \u00e0 faibles \u00e9missions et d'une technologie d'\u00e9conomie d'\u00e9nergie, ils r\u00e9duisent l'impact sur l'environnement et la consommation d'\u00e9nergie. Parfaits pour compacter la terre, l'asphalte et le gravier, les rouleaux HIGHTOP am\u00e9liorent l'uni de la surface de la route et la capacit\u00e9 de charge.<\/p>\n<p>Nous offrons des solutions rentables avec des co\u00fbts de production r\u00e9duits gr\u00e2ce \u00e0 notre usine bas\u00e9e en Chine. Nous disposons de plus de 10 entrep\u00f4ts dans le monde et offrons une assistance exceptionnelle, notamment une garantie d'un an et une assistance technique \u00e0 vie.<\/p>\n<\/div>\n<\/div>\n<div class=\"elementor-element elementor-element-6d06274 elementor-widget__width-initial elementor-widget elementor-widget-video\" data-id=\"6d06274\" data-element_type=\"widget\" data-settings=\"{&quot;youtube_url&quot;:&quot;https:\/\/youtu.be\/conD9CSBrIU?si=SWf4aM4LH9wwWZwn&quot;,&quot;show_image_overlay&quot;:&quot;yes&quot;,&quot;image_overlay&quot;:{&quot;url&quot;:&quot;https:\/\/hightopgroup.com\/wp-content\/uploads\/2024\/09\/JS700Cu4e3bu56fe-2.jpg&quot;,&quot;id&quot;:2778,&quot;size&quot;:&quot;&quot;,&quot;alt&quot;:&quot;&quot;,&quot;source&quot;:&quot;library&quot;},&quot;video_type&quot;:&quot;youtube&quot;,&quot;controls&quot;:&quot;yes&quot;}\" data-widget_type=\"video.default\">\n<div class=\"elementor-widget-container\">\n<div class=\"elementor-wrapper elementor-open-inline\">\n<div class=\"elementor-video\"><\/div>\n<div class=\"elementor-custom-embed-image-overlay\" style=\"background-image: url(https:\/\/hightopgroup.com\/wp-content\/uploads\/2024\/09\/JS700C\u4e3b\u56fe-2.jpg);\">\n<div class=\"elementor-custom-embed-play\" role=\"button\" aria-label=\"Lire la vid\u00e9o\" tabindex=\"0\"> <svg aria-hidden=\"true\" class=\"e-font-icon-svg e-eicon-play\" viewbox=\"0 0 1000 1000\"><path d=\"M838 162C746 71 633 25 500 25 371 25 258 71 163 162 71 254 25 367 25 500 25 633 71 746 163 837 254 929 367 979 500 979 633 979 746 933 838 837 929 746 975 633 975 500 975 367 929 254 838 162M808 192C892 279 933 379 933 500 933 621 892 725 808 808 725 892 621 938 500 938 379 938 279 896 196 808 113 725 67 621 67 500 67 379 108 279 196 192 279 108 383 62 500 62 621 62 721 108 808 192M438 392V642L642 517 438 392Z\" \/><\/svg><\/div>\n<\/div>\n<\/div>\n<\/div>\n<\/div>\n<p>&nbsp;<\/p>\n<p>Caract\u00e9ristiques et avantages<\/p>\n<div class=\"elementor-element elementor-element-9c58ae8 e-con-full e-flex e-con e-child\" data-id=\"9c58ae8\" data-element_type=\"container\">\n<div class=\"elementor-element elementor-element-23d85c2 elementor-widget elementor-widget-image\" data-id=\"23d85c2\" data-element_type=\"widget\" data-widget_type=\"image.default\">\n<div class=\"elementor-widget-container\"> <img fetchpriority=\"high\" decoding=\"async\" width=\"800\" height=\"800\" src=\"https:\/\/hightopgroup.com\/wp-content\/uploads\/2024\/09\/JS700C\u7279\u5f81-1.jpg\" class=\"attachment-large size-large wp-image-2771\" alt=\"JS700C\u7279\u5f81 1\" srcset=\"https:\/\/hightopgroup.com\/wp-content\/uploads\/2024\/09\/JS700C\u7279\u5f81-1.jpg 1000w, https:\/\/hightopgroup.com\/wp-content\/uploads\/2024\/09\/JS700C\u7279\u5f81-1-300x300.jpg 300w, https:\/\/hightopgroup.com\/wp-content\/uploads\/2024\/09\/JS700C\u7279\u5f81-1-150x150.jpg 150w, https:\/\/hightopgroup.com\/wp-content\/uploads\/2024\/09\/JS700C\u7279\u5f81-1-768x768.jpg 768w, https:\/\/hightopgroup.com\/wp-content\/uploads\/2024\/09\/JS700C\u7279\u5f81-1-600x600.jpg 600w\" sizes=\"(max-width: 800px) 100vw, 800px\" title=\"HT-JS700C Petit rouleau compresseur \u00e0 conducteur port\u00e9 (diesel refroidi \u00e0 l&#039;eau) 1\"><\/div>\n<\/div>\n<div class=\"elementor-element elementor-element-6d4361a elementor-widget elementor-widget-heading\" data-id=\"6d4361a\" data-element_type=\"widget\" data-widget_type=\"heading.default\">\n<div class=\"elementor-widget-container\">\n<h2 class=\"elementor-heading-title elementor-size-default\">Belle forme et r\u00e9sistance \u00e0 la corrosion<\/h2>\n<\/div>\n<\/div>\n<div class=\"elementor-element elementor-element-101f08b elementor-widget elementor-widget-text-editor\" data-id=\"101f08b\" data-element_type=\"widget\" data-widget_type=\"text-editor.default\">\n<div class=\"elementor-widget-container\">\n<p>La surface du corps de la machine est soumise \u00e0 des processus de grenaillage et de d\u00e9capage, de phosphatation et de pulv\u00e9risation de plastique, qui augmentent l'adh\u00e9rence des mol\u00e9cules de peinture, pr\u00e9viennent la rouille et la r\u00e9sistance \u00e0 la corrosion, rendant le rouleau compresseur plus beau et plus durable.<\/p>\n<\/div>\n<\/div>\n<\/div>\n<div class=\"elementor-element elementor-element-298c44a e-con-full e-flex e-con e-child\" data-id=\"298c44a\" data-element_type=\"container\">\n<div class=\"elementor-element elementor-element-4d046ce elementor-widget elementor-widget-image\" data-id=\"4d046ce\" data-element_type=\"widget\" data-widget_type=\"image.default\">\n<div class=\"elementor-widget-container\"> <img decoding=\"async\" width=\"800\" height=\"800\" src=\"https:\/\/hightopgroup.com\/wp-content\/uploads\/2024\/09\/JS700C\u7279\u5f81-2.jpg\" class=\"attachment-large size-large wp-image-2772\" alt=\"JS700C\u7279\u5f81 2\" srcset=\"https:\/\/hightopgroup.com\/wp-content\/uploads\/2024\/09\/JS700C\u7279\u5f81-2.jpg 1000w, https:\/\/hightopgroup.com\/wp-content\/uploads\/2024\/09\/JS700C\u7279\u5f81-2-300x300.jpg 300w, https:\/\/hightopgroup.com\/wp-content\/uploads\/2024\/09\/JS700C\u7279\u5f81-2-150x150.jpg 150w, https:\/\/hightopgroup.com\/wp-content\/uploads\/2024\/09\/JS700C\u7279\u5f81-2-768x768.jpg 768w, https:\/\/hightopgroup.com\/wp-content\/uploads\/2024\/09\/JS700C\u7279\u5f81-2-600x600.jpg 600w\" sizes=\"(max-width: 800px) 100vw, 800px\" title=\"HT-JS700C Petit rouleau compresseur \u00e0 conducteur port\u00e9 (diesel refroidi \u00e0 l&#039;eau) 2\"><\/div>\n<\/div>\n<div class=\"elementor-element elementor-element-cb157d5 elementor-widget elementor-widget-heading\" data-id=\"cb157d5\" data-element_type=\"widget\" data-widget_type=\"heading.default\">\n<div class=\"elementor-widget-container\">\n<h2 class=\"elementor-heading-title elementor-size-default\">Direction flexible<\/h2>\n<\/div>\n<\/div>\n<div class=\"elementor-element elementor-element-2191854 elementor-widget elementor-widget-text-editor\" data-id=\"2191854\" data-element_type=\"widget\" data-widget_type=\"text-editor.default\">\n<div class=\"elementor-widget-container\">\n<p>Le petit rouleau compresseur \u00e0 conducteur port\u00e9 HT-JS700C est un rouleau compresseur hydraulique bidirectionnel \u00e0 changement de vitesse progressif, qui a un petit rayon de travail, une op\u00e9ration facile, une direction flexible et une grande efficacit\u00e9 de construction pendant les travaux de compactage.<\/p>\n<\/div>\n<\/div>\n<\/div>\n<div class=\"elementor-element elementor-element-158d1bf e-con-full e-flex e-con e-child\" data-id=\"158d1bf\" data-element_type=\"container\">\n<div class=\"elementor-element elementor-element-232e882 elementor-widget elementor-widget-image\" data-id=\"232e882\" data-element_type=\"widget\" data-widget_type=\"image.default\">\n<div class=\"elementor-widget-container\"> <img decoding=\"async\" width=\"800\" height=\"800\" src=\"https:\/\/hightopgroup.com\/wp-content\/uploads\/2024\/09\/JS700C\u7279\u5f81-3.jpg\" class=\"attachment-large size-large wp-image-2773\" alt=\"JS700C\u7279\u5f81 3\" srcset=\"https:\/\/hightopgroup.com\/wp-content\/uploads\/2024\/09\/JS700C\u7279\u5f81-3.jpg 1000w, https:\/\/hightopgroup.com\/wp-content\/uploads\/2024\/09\/JS700C\u7279\u5f81-3-300x300.jpg 300w, https:\/\/hightopgroup.com\/wp-content\/uploads\/2024\/09\/JS700C\u7279\u5f81-3-150x150.jpg 150w, https:\/\/hightopgroup.com\/wp-content\/uploads\/2024\/09\/JS700C\u7279\u5f81-3-768x768.jpg 768w, https:\/\/hightopgroup.com\/wp-content\/uploads\/2024\/09\/JS700C\u7279\u5f81-3-600x600.jpg 600w\" sizes=\"(max-width: 800px) 100vw, 800px\" title=\"HT-JS700C Petit rouleau compresseur \u00e0 conducteur port\u00e9 (diesel refroidi \u00e0 l&#039;eau) 3\"><\/div>\n<\/div>\n<div class=\"elementor-element elementor-element-c7cd61e elementor-widget elementor-widget-heading\" data-id=\"c7cd61e\" data-element_type=\"widget\" data-widget_type=\"heading.default\">\n<div class=\"elementor-widget-container\">\n<h2 class=\"elementor-heading-title elementor-size-default\">Moteur Changchai<\/h2>\n<\/div>\n<\/div>\n<div class=\"elementor-element elementor-element-539e316 elementor-widget elementor-widget-text-editor\" data-id=\"539e316\" data-element_type=\"widget\" data-widget_type=\"text-editor.default\">\n<div class=\"elementor-widget-container\">\n<p>Moteur diesel Changchai refroidi par eau, d\u00e9marrage \u00e9lectrique. Puissance \u00e9lev\u00e9e, d\u00e9marrage facile. Les roulements \u00e0 billes radiaux de haute pr\u00e9cision NSK de marque internationale avec si\u00e8ges assurent la performance globale de l'\u00e9quipement.<\/p>\n<\/div>\n<\/div>\n<\/div>\n<div class=\"elementor-element elementor-element-377c734 e-con-full e-flex e-con e-child\" data-id=\"377c734\" data-element_type=\"container\">\n<div class=\"elementor-element elementor-element-7847a83 elementor-widget elementor-widget-image\" data-id=\"7847a83\" data-element_type=\"widget\" data-widget_type=\"image.default\">\n<div class=\"elementor-widget-container\"> <img loading=\"lazy\" decoding=\"async\" width=\"800\" height=\"800\" src=\"https:\/\/hightopgroup.com\/wp-content\/uploads\/2024\/09\/JS700C\u7279\u5f81-4.jpg\" class=\"attachment-large size-large wp-image-2774\" alt=\"JS700C\u7279\u5f81 4\" srcset=\"https:\/\/hightopgroup.com\/wp-content\/uploads\/2024\/09\/JS700C\u7279\u5f81-4.jpg 1000w, https:\/\/hightopgroup.com\/wp-content\/uploads\/2024\/09\/JS700C\u7279\u5f81-4-300x300.jpg 300w, https:\/\/hightopgroup.com\/wp-content\/uploads\/2024\/09\/JS700C\u7279\u5f81-4-150x150.jpg 150w, https:\/\/hightopgroup.com\/wp-content\/uploads\/2024\/09\/JS700C\u7279\u5f81-4-768x768.jpg 768w, https:\/\/hightopgroup.com\/wp-content\/uploads\/2024\/09\/JS700C\u7279\u5f81-4-600x600.jpg 600w\" sizes=\"auto, (max-width: 800px) 100vw, 800px\" title=\"HT-JS700C Petit rouleau compresseur \u00e0 conducteur port\u00e9 (diesel refroidi \u00e0 l&#039;eau) 4\"><\/div>\n<\/div>\n<div class=\"elementor-element elementor-element-e081075 elementor-widget elementor-widget-heading\" data-id=\"e081075\" data-element_type=\"widget\" data-widget_type=\"heading.default\">\n<div class=\"elementor-widget-container\">\n<h2 class=\"elementor-heading-title elementor-size-default\">Fonctionnement simple et pratique<\/h2>\n<\/div>\n<\/div>\n<div class=\"elementor-element elementor-element-39366f4 elementor-widget elementor-widget-text-editor\" data-id=\"39366f4\" data-element_type=\"widget\" data-widget_type=\"text-editor.default\">\n<div class=\"elementor-widget-container\">\n<p>Levier de commande compact, facile \u00e0 utiliser, am\u00e9liore efficacement l'efficacit\u00e9 du travail.<\/p>\n<\/div>\n<\/div>\n<\/div>\n<div class=\"elementor-element elementor-element-8cc64ca e-con-full e-flex e-con e-child\" data-id=\"8cc64ca\" data-element_type=\"container\">\n<div class=\"elementor-element elementor-element-a912f83 elementor-widget elementor-widget-image\" data-id=\"a912f83\" data-element_type=\"widget\" data-widget_type=\"image.default\">\n<div class=\"elementor-widget-container\"> <img loading=\"lazy\" decoding=\"async\" width=\"800\" height=\"800\" src=\"https:\/\/hightopgroup.com\/wp-content\/uploads\/2024\/09\/JS700C\u7279\u5f81-5.jpg\" class=\"attachment-large size-large wp-image-2775\" alt=\"JS700C\u7279\u5f81 5\" srcset=\"https:\/\/hightopgroup.com\/wp-content\/uploads\/2024\/09\/JS700C\u7279\u5f81-5.jpg 1000w, https:\/\/hightopgroup.com\/wp-content\/uploads\/2024\/09\/JS700C\u7279\u5f81-5-300x300.jpg 300w, https:\/\/hightopgroup.com\/wp-content\/uploads\/2024\/09\/JS700C\u7279\u5f81-5-150x150.jpg 150w, https:\/\/hightopgroup.com\/wp-content\/uploads\/2024\/09\/JS700C\u7279\u5f81-5-768x768.jpg 768w, https:\/\/hightopgroup.com\/wp-content\/uploads\/2024\/09\/JS700C\u7279\u5f81-5-600x600.jpg 600w\" sizes=\"auto, (max-width: 800px) 100vw, 800px\" title=\"HT-JS700C Petit rouleau compresseur \u00e0 conducteur port\u00e9 (diesel refroidi \u00e0 l&#039;eau) 5\"><\/div>\n<\/div>\n<div class=\"elementor-element elementor-element-5de964f elementor-widget elementor-widget-heading\" data-id=\"5de964f\" data-element_type=\"widget\" data-widget_type=\"heading.default\">\n<div class=\"elementor-widget-container\">\n<h2 class=\"elementor-heading-title elementor-size-default\">Large application<\/h2>\n<\/div>\n<\/div>\n<div class=\"elementor-element elementor-element-58d6615 elementor-widget elementor-widget-text-editor\" data-id=\"58d6615\" data-element_type=\"widget\" data-widget_type=\"text-editor.default\">\n<div class=\"elementor-widget-container\">\n<p>Le petit rouleau d'entra\u00eenement est largement utilis\u00e9 pour le compactage de la surface de l'asphalte, le compactage du gravier, du sable et d'autres fondations techniques. Performances sup\u00e9rieures, facilit\u00e9 d'utilisation, caract\u00e9ristiques durables.<\/p>\n<\/div>\n<\/div>\n<\/div>\n<div class=\"elementor-element elementor-element-4f660a0 e-con-full e-flex e-con e-child\" data-id=\"4f660a0\" data-element_type=\"container\">\n<div class=\"elementor-element elementor-element-481d635 elementor-widget elementor-widget-image\" data-id=\"481d635\" data-element_type=\"widget\" data-widget_type=\"image.default\">\n<div class=\"elementor-widget-container\"> <img loading=\"lazy\" decoding=\"async\" width=\"800\" height=\"800\" src=\"https:\/\/hightopgroup.com\/wp-content\/uploads\/2024\/09\/JS700C\u7279\u5f81-6.jpg\" class=\"attachment-large size-large wp-image-2776\" alt=\"JS700C\u7279\u5f81 6\" srcset=\"https:\/\/hightopgroup.com\/wp-content\/uploads\/2024\/09\/JS700C\u7279\u5f81-6.jpg 1000w, https:\/\/hightopgroup.com\/wp-content\/uploads\/2024\/09\/JS700C\u7279\u5f81-6-300x300.jpg 300w, https:\/\/hightopgroup.com\/wp-content\/uploads\/2024\/09\/JS700C\u7279\u5f81-6-150x150.jpg 150w, https:\/\/hightopgroup.com\/wp-content\/uploads\/2024\/09\/JS700C\u7279\u5f81-6-768x768.jpg 768w, https:\/\/hightopgroup.com\/wp-content\/uploads\/2024\/09\/JS700C\u7279\u5f81-6-600x600.jpg 600w\" sizes=\"auto, (max-width: 800px) 100vw, 800px\" title=\"HT-JS700C Petit rouleau compresseur \u00e0 conducteur port\u00e9 (diesel refroidi \u00e0 l&#039;eau) 6\"><\/div>\n<\/div>\n<div class=\"elementor-element elementor-element-740612e elementor-widget elementor-widget-heading\" data-id=\"740612e\" data-element_type=\"widget\" data-widget_type=\"heading.default\">\n<div class=\"elementor-widget-container\">\n<h2 class=\"elementor-heading-title elementor-size-default\">Roue vibrante de 700 mm de large<\/h2>\n<\/div>\n<\/div>\n<div class=\"elementor-element elementor-element-a03a793 elementor-widget elementor-widget-text-editor\" data-id=\"a03a793\" data-element_type=\"widget\" data-widget_type=\"text-editor.default\">\n<div class=\"elementor-widget-container\">\n<p>La petite taille du rouleau permet de compacter une petite surface, ce qui le rend plus flexible et plus applicable.<\/p>\n<\/div>\n<\/div>\n<\/div>\n<p>&nbsp;<\/p>\n<p>Param\u00e8tres<\/p>\n<div class=\"elementor-element elementor-element-4f314c1 e-con-full e-flex e-con e-child\" data-id=\"4f314c1\" data-element_type=\"container\">\n<div class=\"elementor-element elementor-element-55ddb7f elementor-widget elementor-widget-text-editor\" data-id=\"55ddb7f\" data-element_type=\"widget\" data-widget_type=\"text-editor.default\">\n<div class=\"elementor-widget-container\">\n<p>Mod\u00e8le:HT-JS700C<\/p>\n<p>Vitesse : 0-6km\/h<\/p>\n<p>Rayon de braquage : 1800mm<\/p>\n<p>Capacit\u00e9 d'escalade : 30%<\/p>\n<p>Charge statique avant\/apr\u00e8s : 32\/22N\/cm<\/p>\n<p>Amplitude nominale : 0,5 mm<\/p>\n<p>Fr\u00e9quence de vibration : 75Hz<\/p>\n<p>Force d'excitation : 20KN<\/p>\n<p>Forme d'entra\u00eenement : entra\u00eenement hydraulique<\/p>\n<p>Mode de vibration : vibration \u00e0 une touche-embrayage \u00e9lectromagn\u00e9tique, vibration de la roue avant<\/p>\n<p>Forme de la direction : vibration de la roue arri\u00e8re<\/p>\n<p>Moteur : Chang Chai R180<\/p>\n<p>Type : Moteur diesel, trois cylindres verticaux, refroidissement par eau<\/p>\n<p>Puissance : 8HP\/2300rpm<\/p>\n<p>Capacit\u00e9 du r\u00e9servoir : 3.5L<\/p>\n<p>Consommation sp\u00e9cifique de carburant : 280\/395\/313g\/kw-h<\/p>\n<p>Largeur de la roue vibrante\uff1a700mm<\/p>\n<p>Diam\u00e8tre de la roue vibrante\uff1a530mm<\/p>\n<p>Longueur totale : 1750 mm<\/p>\n<p>Largeur totale : 860 mm<\/p>\n<p>Hauteur totale : 1250 mm<\/p>\n<p>Taille de l'emballage : 1900*1000*1420mm<\/p>\n<p>Poids en ordre de marche : 720 kg<\/p>\n<\/div>\n<\/div>\n<\/div>\n<div class=\"elementor-element elementor-element-8de1db2 e-con-full e-flex e-con e-child\" data-id=\"8de1db2\" data-element_type=\"container\">\n<div class=\"elementor-element elementor-element-19f7998 elementor-widget elementor-widget-image\" data-id=\"19f7998\" data-element_type=\"widget\" data-widget_type=\"image.default\">\n<div class=\"elementor-widget-container\"> <img loading=\"lazy\" decoding=\"async\" width=\"732\" height=\"1024\" src=\"https:\/\/hightopgroup.com\/wp-content\/uploads\/2024\/09\/JS700C\u4e3b\u56fe-4-732x1024.jpg\" class=\"attachment-large size-large wp-image-2790\" alt=\"JS700C\u4e3b\u56fe 4\" srcset=\"https:\/\/hightopgroup.com\/wp-content\/uploads\/2024\/09\/JS700C\u4e3b\u56fe-4-732x1024.jpg 732w, https:\/\/hightopgroup.com\/wp-content\/uploads\/2024\/09\/JS700C\u4e3b\u56fe-4-215x300.jpg 215w, https:\/\/hightopgroup.com\/wp-content\/uploads\/2024\/09\/JS700C\u4e3b\u56fe-4-768x1074.jpg 768w, https:\/\/hightopgroup.com\/wp-content\/uploads\/2024\/09\/JS700C\u4e3b\u56fe-4-600x839.jpg 600w, https:\/\/hightopgroup.com\/wp-content\/uploads\/2024\/09\/JS700C\u4e3b\u56fe-4.jpg 1000w\" sizes=\"auto, (max-width: 732px) 100vw, 732px\" title=\"HT-JS700C Petit rouleau compresseur \u00e0 conducteur port\u00e9 (diesel refroidi \u00e0 l&#039;eau) 7\"><\/div>\n<\/div>\n<\/div>","protected":false},"excerpt":{"rendered":"<p>Vue d'ensemble Les rouleaux compresseurs HIGHTOP sont id\u00e9aux pour la construction de routes, offrant une gamme de mod\u00e8les de 0,5 \u00e0 3,5 tonnes. Ils sont<\/p>","protected":false},"featured_media":16981,"template":"","meta":{"rank_math_lock_modified_date":false},"product_brand":[],"product_cat":[38],"product_tag":[],"class_list":{"0":"post-16979","1":"product","2":"type-product","3":"status-publish","4":"has-post-thumbnail","6":"product_cat-road-roller","8":"first","9":"instock","10":"product-type-simple"},"_links":{"self":[{"href":"https:\/\/beleevo.prowebplanners.com\/fr\/wp-json\/wp\/v2\/product\/16979","targetHints":{"allow":["GET"]}}],"collection":[{"href":"https:\/\/beleevo.prowebplanners.com\/fr\/wp-json\/wp\/v2\/product"}],"about":[{"href":"https:\/\/beleevo.prowebplanners.com\/fr\/wp-json\/wp\/v2\/types\/product"}],"version-history":[{"count":1,"href":"https:\/\/beleevo.prowebplanners.com\/fr\/wp-json\/wp\/v2\/product\/16979\/revisions"}],"predecessor-version":[{"id":16980,"href":"https:\/\/beleevo.prowebplanners.com\/fr\/wp-json\/wp\/v2\/product\/16979\/revisions\/16980"}],"wp:featuredmedia":[{"embeddable":true,"href":"https:\/\/beleevo.prowebplanners.com\/fr\/wp-json\/wp\/v2\/media\/16981"}],"wp:attachment":[{"href":"https:\/\/beleevo.prowebplanners.com\/fr\/wp-json\/wp\/v2\/media?parent=16979"}],"wp:term":[{"taxonomy":"product_brand","embeddable":true,"href":"https:\/\/beleevo.prowebplanners.com\/fr\/wp-json\/wp\/v2\/product_brand?post=16979"},{"taxonomy":"product_cat","embeddable":true,"href":"https:\/\/beleevo.prowebplanners.com\/fr\/wp-json\/wp\/v2\/product_cat?post=16979"},{"taxonomy":"product_tag","embeddable":true,"href":"https:\/\/beleevo.prowebplanners.com\/fr\/wp-json\/wp\/v2\/product_tag?post=16979"}],"curies":[{"name":"wp","href":"https:\/\/api.w.org\/{rel}","templated":true}]}}