{"id":16970,"date":"2025-07-23T13:40:32","date_gmt":"2025-07-23T13:40:32","guid":{"rendered":"https:\/\/beleevo.prowebplanners.com\/produit\/ht500y-5-lift-mini-dumper\/"},"modified":"2025-07-23T13:41:35","modified_gmt":"2025-07-23T13:41:35","slug":"ht500y-5-lift-mini-dumper","status":"publish","type":"product","link":"https:\/\/beleevo.prowebplanners.com\/fr\/produit\/ht500y-5-lift-mini-dumper\/","title":{"rendered":"Mini-basculeur HT500Y-5 Lift"},"content":{"rendered":"<p>Vue d'ensemble<\/p>\n<div class=\"elementor-element elementor-element-2aabf2d elementor-widget__width-initial elementor-widget elementor-widget-text-editor\" data-id=\"2aabf2d\" data-element_type=\"widget\" data-widget_type=\"text-editor.default\">\n<div class=\"elementor-widget-container\">\n<p>Les mini-basculeurs sur chenilles HIGHTOP sont parfaits pour la construction, la r\u00e9novation et l'am\u00e9nagement paysager sur des terrains difficiles. Avec des capacit\u00e9s de charge de 500 kg \u00e0 2 900 kg, ils offrent une robustesse et une polyvalence exceptionnelles. Leur conception compacte et leur technologie avanc\u00e9e garantissent des performances et une s\u00e9curit\u00e9 \u00e9lev\u00e9es, m\u00eame dans des conditions o\u00f9 les machines \u00e0 roues peuvent \u00e9prouver des difficult\u00e9s.<\/p>\n<p>Nous offrons des solutions rentables avec des co\u00fbts de production inf\u00e9rieurs \u00e0 partir de notre usine bas\u00e9e en Chine. En tant que guichet unique pour des machines certifi\u00e9es et de haute qualit\u00e9\u3002, nous disposons de plus de 10 entrep\u00f4ts dans le monde et offrons un soutien exceptionnel, notamment une garantie d'un an et une assistance technique \u00e0 vie.<\/p>\n<\/div>\n<\/div>\n<div class=\"elementor-element elementor-element-92a5d15 elementor-widget__width-initial elementor-widget elementor-widget-video\" data-id=\"92a5d15\" data-element_type=\"widget\" data-settings=\"{&quot;youtube_url&quot;:&quot;https:\/\/youtu.be\/79aUfjjLEz0&quot;,&quot;show_image_overlay&quot;:&quot;yes&quot;,&quot;image_overlay&quot;:{&quot;url&quot;:&quot;https:\/\/hightopgroup.com\/wp-content\/uploads\/2024\/08\/1-u62f7u8d1d.jpg&quot;,&quot;id&quot;:1365,&quot;size&quot;:&quot;&quot;,&quot;alt&quot;:&quot;&quot;,&quot;source&quot;:&quot;library&quot;},&quot;video_type&quot;:&quot;youtube&quot;,&quot;controls&quot;:&quot;yes&quot;}\" data-widget_type=\"video.default\">\n<div class=\"elementor-widget-container\">\n<div class=\"elementor-wrapper elementor-open-inline\">\n<div class=\"elementor-video\"><\/div>\n<div class=\"elementor-custom-embed-image-overlay\" style=\"background-image: url(https:\/\/hightopgroup.com\/wp-content\/uploads\/2024\/08\/1-\u62f7\u8d1d.jpg);\">\n<div class=\"elementor-custom-embed-play\" role=\"button\" aria-label=\"Lire la vid\u00e9o\" tabindex=\"0\"> <svg aria-hidden=\"true\" class=\"e-font-icon-svg e-eicon-play\" viewbox=\"0 0 1000 1000\"><path d=\"M838 162C746 71 633 25 500 25 371 25 258 71 163 162 71 254 25 367 25 500 25 633 71 746 163 837 254 929 367 979 500 979 633 979 746 933 838 837 929 746 975 633 975 500 975 367 929 254 838 162M808 192C892 279 933 379 933 500 933 621 892 725 808 808 725 892 621 938 500 938 379 938 279 896 196 808 113 725 67 621 67 500 67 379 108 279 196 192 279 108 383 62 500 62 621 62 721 108 808 192M438 392V642L642 517 438 392Z\" \/><\/svg><\/div>\n<\/div>\n<\/div>\n<\/div>\n<\/div>\n<p>&nbsp;<\/p>\n<p>Caract\u00e9ristiques et avantages<\/p>\n<div class=\"elementor-element elementor-element-3354db3 e-con-full e-flex e-con e-child\" data-id=\"3354db3\" data-element_type=\"container\">\n<div class=\"elementor-element elementor-element-85052e6 elementor-widget elementor-widget-image\" data-id=\"85052e6\" data-element_type=\"widget\" data-widget_type=\"image.default\">\n<div class=\"elementor-widget-container\"> <img fetchpriority=\"high\" decoding=\"async\" width=\"800\" height=\"800\" src=\"https:\/\/hightopgroup.com\/wp-content\/uploads\/2024\/08\/BS6.5HP_WH_1000x1000px.jpg\" class=\"attachment-large size-large wp-image-1109\" alt srcset =\"https:\/\/hightopgroup.com\/wp-content\/uploads\/2024\/08\/BS6.5HP_WH_1000x1000px.jpg 1000w, https:\/\/hightopgroup.com\/wp-content\/uploads\/2024\/08\/BS6.5HP_WH_1000x1000px-300x300.jpg 300w, https:\/\/hightopgroup.com\/wp-content\/uploads\/2024\/08\/BS6.5HP_WH_1000x1000px-150x150.jpg 150w, https:\/\/hightopgroup.com\/wp-content\/uploads\/2024\/08\/BS6.5HP_WH_1000x1000px-768x768.jpg 768w, https:\/\/hightopgroup.com\/wp-content\/uploads\/2024\/08\/BS6.5HP_WH_1000x1000px-600x600.jpg 600w, https:\/\/hightopgroup.com\/wp-content\/uploads\/2024\/08\/BS6.5HP_WH_1000x1000px-100x100.jpg 100w\" sizes=\"(max-width: 800px) 100vw, 800px\" title=\"HT500Y-5 Lift Mini Dumper 1\"><\/div>\n<\/div>\n<div class=\"elementor-element elementor-element-913ece4 elementor-widget elementor-widget-heading\" data-id=\"913ece4\" data-element_type=\"widget\" data-widget_type=\"heading.default\">\n<div class=\"elementor-widget-container\">\n<h2 class=\"elementor-heading-title elementor-size-default\">Moteur Briggs &amp; Stratton<\/h2>\n<\/div>\n<\/div>\n<div class=\"elementor-element elementor-element-6d9b92f elementor-widget elementor-widget-text-editor\" data-id=\"6d9b92f\" data-element_type=\"widget\" data-widget_type=\"text-editor.default\">\n<div class=\"elementor-widget-container\">\n<p>Gr\u00e2ce \u00e0 son moteur Briggs &amp; Stratton, notre mini-benne sur chenilles offre des performances puissantes et \u00e9conomes en carburant, ainsi qu'une excellente dispersion de la chaleur. Il excelle dans la pr\u00e9cision et la facilit\u00e9. Profitez d'un fonctionnement en douceur, de vibrations minimales et d'une durabilit\u00e9 \u00e0 long terme.<\/p>\n<\/div>\n<\/div>\n<\/div>\n<div class=\"elementor-element elementor-element-5dbcb54 e-con-full e-flex e-con e-child\" data-id=\"5dbcb54\" data-element_type=\"container\">\n<div class=\"elementor-element elementor-element-a0abeb2 elementor-widget elementor-widget-image\" data-id=\"a0abeb2\" data-element_type=\"widget\" data-widget_type=\"image.default\">\n<div class=\"elementor-widget-container\"> <img decoding=\"async\" width=\"800\" height=\"800\" src=\"https:\/\/hightopgroup.com\/wp-content\/uploads\/2024\/08\/\u5347\u964d\u7ffb\u6597\u8f66-4_WH_1000x1000px.jpg\" class=\"attachment-large size-large wp-image-1110\" alt=\"\u5347\u964d\u7ffb\u6597\u8f66\" srcset=\"https:\/\/hightopgroup.com\/wp-content\/uploads\/2024\/08\/\u5347\u964d\u7ffb\u6597\u8f66-4_WH_1000x1000px.jpg 1000w, https:\/\/hightopgroup.com\/wp-content\/uploads\/2024\/08\/\u5347\u964d\u7ffb\u6597\u8f66-4_WH_1000x1000px-300x300.jpg 300w, https:\/\/hightopgroup.com\/wp-content\/uploads\/2024\/08\/\u5347\u964d\u7ffb\u6597\u8f66-4_WH_1000x1000px-150x150.jpg 150w, https:\/\/hightopgroup.com\/wp-content\/uploads\/2024\/08\/\u5347\u964d\u7ffb\u6597\u8f66-4_WH_1000x1000px-768x768.jpg 768w, https:\/\/hightopgroup.com\/wp-content\/uploads\/2024\/08\/\u5347\u964d\u7ffb\u6597\u8f66-4_WH_1000x1000px-600x600.jpg 600w, https:\/\/hightopgroup.com\/wp-content\/uploads\/2024\/08\/\u5347\u964d\u7ffb\u6597\u8f66-4_WH_1000x1000px-100x100.jpg 100w\" sizes=\"(max-width: 800px) 100vw, 800px\" title=\"HT500Y-5 Lift Mini Dumper 2\"><\/div>\n<\/div>\n<div class=\"elementor-element elementor-element-ac2d2ea elementor-widget elementor-widget-heading\" data-id=\"ac2d2ea\" data-element_type=\"widget\" data-widget_type=\"heading.default\">\n<div class=\"elementor-widget-container\">\n<h2 class=\"elementor-heading-title elementor-size-default\">1500mm Hauteur de d\u00e9charge max.<\/h2>\n<\/div>\n<\/div>\n<div class=\"elementor-element elementor-element-08fc060 elementor-widget elementor-widget-text-editor\" data-id=\"08fc060\" data-element_type=\"widget\" data-widget_type=\"text-editor.default\">\n<div class=\"elementor-widget-container\">\n<p>Avec une hauteur de d\u00e9chargement allant jusqu'\u00e0 1500 mm, ce mini-basculeur Hightop vous permet de charger et de d\u00e9charger facilement des mat\u00e9riaux en hauteur.<\/p>\n<\/div>\n<\/div>\n<\/div>\n<div class=\"elementor-element elementor-element-64aa418 e-con-full e-flex e-con e-child\" data-id=\"64aa418\" data-element_type=\"container\">\n<div class=\"elementor-element elementor-element-bae469a elementor-widget elementor-widget-image\" data-id=\"bae469a\" data-element_type=\"widget\" data-widget_type=\"image.default\">\n<div class=\"elementor-widget-container\"> <img decoding=\"async\" width=\"800\" height=\"800\" src=\"https:\/\/hightopgroup.com\/wp-content\/uploads\/2024\/08\/\u5347\u964d\u7ffb\u6597\u8f66-5-1_WH_1000x1000px.jpg\" class=\"attachment-large size-large wp-image-1111\" alt=\"\u5347\u964d\u7ffb\u6597\u8f66 5\" srcset=\"https:\/\/hightopgroup.com\/wp-content\/uploads\/2024\/08\/\u5347\u964d\u7ffb\u6597\u8f66-5-1_WH_1000x1000px.jpg 1000w, https:\/\/hightopgroup.com\/wp-content\/uploads\/2024\/08\/\u5347\u964d\u7ffb\u6597\u8f66-5-1_WH_1000x1000px-300x300.jpg 300w, https:\/\/hightopgroup.com\/wp-content\/uploads\/2024\/08\/\u5347\u964d\u7ffb\u6597\u8f66-5-1_WH_1000x1000px-150x150.jpg 150w, https:\/\/hightopgroup.com\/wp-content\/uploads\/2024\/08\/\u5347\u964d\u7ffb\u6597\u8f66-5-1_WH_1000x1000px-768x768.jpg 768w, https:\/\/hightopgroup.com\/wp-content\/uploads\/2024\/08\/\u5347\u964d\u7ffb\u6597\u8f66-5-1_WH_1000x1000px-600x600.jpg 600w, https:\/\/hightopgroup.com\/wp-content\/uploads\/2024\/08\/\u5347\u964d\u7ffb\u6597\u8f66-5-1_WH_1000x1000px-100x100.jpg 100w\" sizes=\"(max-width: 800px) 100vw, 800px\" title=\"HT500Y-5 Lift Mini Dumper 3\"><\/div>\n<\/div>\n<div class=\"elementor-element elementor-element-fc45a04 elementor-widget elementor-widget-heading\" data-id=\"fc45a04\" data-element_type=\"widget\" data-widget_type=\"heading.default\">\n<div class=\"elementor-widget-container\">\n<h2 class=\"elementor-heading-title elementor-size-default\">Plate-forme pliable<\/h2>\n<\/div>\n<\/div>\n<div class=\"elementor-element elementor-element-68e4805 elementor-widget elementor-widget-text-editor\" data-id=\"68e4805\" data-element_type=\"widget\" data-widget_type=\"text-editor.default\">\n<div class=\"elementor-widget-container\">\n<p>Ce tombereau \u00e0 chenilles HIHGTOP est \u00e9quip\u00e9 d'une cale de pied pliable, qui peut \u00eatre repli\u00e9e pour vous aider \u00e0 franchir rapidement les tron\u00e7ons de route escarp\u00e9s et \u00e9troits.<\/p>\n<\/div>\n<\/div>\n<\/div>\n<div class=\"elementor-element elementor-element-2742236 e-con-full e-flex e-con e-child\" data-id=\"2742236\" data-element_type=\"container\">\n<div class=\"elementor-element elementor-element-c5071b1 elementor-widget elementor-widget-image\" data-id=\"c5071b1\" data-element_type=\"widget\" data-widget_type=\"image.default\">\n<div class=\"elementor-widget-container\"> <img loading=\"lazy\" decoding=\"async\" width=\"800\" height=\"800\" src=\"https:\/\/hightopgroup.com\/wp-content\/uploads\/2024\/08\/\u5347\u964d\u7ffb\u6597\u8f66-6_WH_1000x1000px.jpg\" class=\"attachment-large size-large wp-image-1107\" alt=\"\u5347\u964d\u7ffb\u6597\u8f66\" srcset=\"https:\/\/hightopgroup.com\/wp-content\/uploads\/2024\/08\/\u5347\u964d\u7ffb\u6597\u8f66-6_WH_1000x1000px.jpg 1000w, https:\/\/hightopgroup.com\/wp-content\/uploads\/2024\/08\/\u5347\u964d\u7ffb\u6597\u8f66-6_WH_1000x1000px-300x300.jpg 300w, https:\/\/hightopgroup.com\/wp-content\/uploads\/2024\/08\/\u5347\u964d\u7ffb\u6597\u8f66-6_WH_1000x1000px-150x150.jpg 150w, https:\/\/hightopgroup.com\/wp-content\/uploads\/2024\/08\/\u5347\u964d\u7ffb\u6597\u8f66-6_WH_1000x1000px-768x768.jpg 768w, https:\/\/hightopgroup.com\/wp-content\/uploads\/2024\/08\/\u5347\u964d\u7ffb\u6597\u8f66-6_WH_1000x1000px-600x600.jpg 600w, https:\/\/hightopgroup.com\/wp-content\/uploads\/2024\/08\/\u5347\u964d\u7ffb\u6597\u8f66-6_WH_1000x1000px-100x100.jpg 100w\" sizes=\"auto, (max-width: 800px) 100vw, 800px\" title=\"HT500Y-5 Lift Mini Dumper 4\"><\/div>\n<\/div>\n<div class=\"elementor-element elementor-element-af1f649 elementor-widget elementor-widget-heading\" data-id=\"af1f649\" data-element_type=\"widget\" data-widget_type=\"heading.default\">\n<div class=\"elementor-widget-container\">\n<h2 class=\"elementor-heading-title elementor-size-default\">Chargement et d\u00e9chargement puissants<\/h2>\n<\/div>\n<\/div>\n<div class=\"elementor-element elementor-element-72a07e3 elementor-widget elementor-widget-text-editor\" data-id=\"72a07e3\" data-element_type=\"widget\" data-widget_type=\"text-editor.default\">\n<div class=\"elementor-widget-container\">\n<p>R\u00e9volutionnez votre flux de travail gr\u00e2ce \u00e0 notre fonction de basculement et de r\u00e9traction hydraulique, facilement contr\u00f4lable par un seul bouton. Dites adieu au basculement laborieux et aux commandes complexes. Con\u00e7ue pour les entrepreneurs qui privil\u00e9gient l'efficacit\u00e9, cette innovation simplifie les t\u00e2ches, am\u00e9liore la pr\u00e9cision et la commodit\u00e9 pour une ex\u00e9cution plus intelligente des projets.<\/p>\n<\/div>\n<\/div>\n<\/div>\n<div class=\"elementor-element elementor-element-a158f8f e-con-full e-flex e-con e-child\" data-id=\"a158f8f\" data-element_type=\"container\">\n<div class=\"elementor-element elementor-element-45cd0f2 elementor-widget elementor-widget-image\" data-id=\"45cd0f2\" data-element_type=\"widget\" data-widget_type=\"image.default\">\n<div class=\"elementor-widget-container\"> <img loading=\"lazy\" decoding=\"async\" width=\"800\" height=\"800\" src=\"https:\/\/hightopgroup.com\/wp-content\/uploads\/2024\/08\/\u5347\u964d\u7ffb\u6597\u8f66-7-1_WH_1000x1000px.jpg\" class=\"attachment-large size-large wp-image-1108\" alt=\"\u5347\u964d\u7ffb\u6597\u8f66 7\" srcset=\"https:\/\/hightopgroup.com\/wp-content\/uploads\/2024\/08\/\u5347\u964d\u7ffb\u6597\u8f66-7-1_WH_1000x1000px.jpg 1000w, https:\/\/hightopgroup.com\/wp-content\/uploads\/2024\/08\/\u5347\u964d\u7ffb\u6597\u8f66-7-1_WH_1000x1000px-300x300.jpg 300w, https:\/\/hightopgroup.com\/wp-content\/uploads\/2024\/08\/\u5347\u964d\u7ffb\u6597\u8f66-7-1_WH_1000x1000px-150x150.jpg 150w, https:\/\/hightopgroup.com\/wp-content\/uploads\/2024\/08\/\u5347\u964d\u7ffb\u6597\u8f66-7-1_WH_1000x1000px-768x768.jpg 768w, https:\/\/hightopgroup.com\/wp-content\/uploads\/2024\/08\/\u5347\u964d\u7ffb\u6597\u8f66-7-1_WH_1000x1000px-600x600.jpg 600w, https:\/\/hightopgroup.com\/wp-content\/uploads\/2024\/08\/\u5347\u964d\u7ffb\u6597\u8f66-7-1_WH_1000x1000px-100x100.jpg 100w\" sizes=\"auto, (max-width: 800px) 100vw, 800px\" title=\"HT500Y-5 Lift Mini Dumper 5\"><\/div>\n<\/div>\n<div class=\"elementor-element elementor-element-43042b4 elementor-widget elementor-widget-heading\" data-id=\"43042b4\" data-element_type=\"widget\" data-widget_type=\"heading.default\">\n<div class=\"elementor-widget-container\">\n<h2 class=\"elementor-heading-title elementor-size-default\">Capacit\u00e9 de chargement de 500 kg<\/h2>\n<\/div>\n<\/div>\n<div class=\"elementor-element elementor-element-a214294 elementor-widget elementor-widget-text-editor\" data-id=\"a214294\" data-element_type=\"widget\" data-widget_type=\"text-editor.default\">\n<div class=\"elementor-widget-container\">\n<p>Maximisez votre efficacit\u00e9 sur le terrain avec ce tombereau sur chenilles, dot\u00e9 d'une formidable capacit\u00e9 de charge de 500 kg, qui vous permet de transporter des mat\u00e9riaux lourds en moins de trajets et de r\u00e9duire consid\u00e9rablement la dur\u00e9e du projet. Ce dumper est l'outil ultime pour \u00e9lever votre productivit\u00e9 op\u00e9rationnelle \u00e0 de nouveaux niveaux.<\/p>\n<\/div>\n<\/div>\n<\/div>\n<div class=\"elementor-element elementor-element-a858b6c e-con-full e-flex e-con e-child\" data-id=\"a858b6c\" data-element_type=\"container\">\n<div class=\"elementor-element elementor-element-335bab6 elementor-widget elementor-widget-image\" data-id=\"335bab6\" data-element_type=\"widget\" data-widget_type=\"image.default\">\n<div class=\"elementor-widget-container\"> <img loading=\"lazy\" decoding=\"async\" width=\"800\" height=\"800\" src=\"https:\/\/hightopgroup.com\/wp-content\/uploads\/2024\/08\/500Y-5-65.jpg\" class=\"attachment-large size-large wp-image-2540\" alt=\"500Y 5 65\" srcset=\"https:\/\/hightopgroup.com\/wp-content\/uploads\/2024\/08\/500Y-5-65.jpg 800w, https:\/\/hightopgroup.com\/wp-content\/uploads\/2024\/08\/500Y-5-65-300x300.jpg 300w, https:\/\/hightopgroup.com\/wp-content\/uploads\/2024\/08\/500Y-5-65-150x150.jpg 150w, https:\/\/hightopgroup.com\/wp-content\/uploads\/2024\/08\/500Y-5-65-768x768.jpg 768w, https:\/\/hightopgroup.com\/wp-content\/uploads\/2024\/08\/500Y-5-65-600x600.jpg 600w\" sizes=\"auto, (max-width: 800px) 100vw, 800px\" title=\"HT500Y-5 Lift Mini Dumper 6\"><\/div>\n<\/div>\n<div class=\"elementor-element elementor-element-0bc7c12 elementor-widget elementor-widget-heading\" data-id=\"0bc7c12\" data-element_type=\"widget\" data-widget_type=\"heading.default\">\n<div class=\"elementor-widget-container\">\n<h2 class=\"elementor-heading-title elementor-size-default\">Des dimensions polyvalentes pour tous les espaces<\/h2>\n<\/div>\n<\/div>\n<div class=\"elementor-element elementor-element-f2fef79 elementor-widget elementor-widget-text-editor\" data-id=\"f2fef79\" data-element_type=\"widget\" data-widget_type=\"text-editor.default\">\n<div class=\"elementor-widget-container\">\n<p>Adaptez-vous \u00e0 tous les environnements gr\u00e2ce aux dimensions flexibles de notre mini-basculeur. Sa conception compacte lui permet de man\u0153uvrer facilement dans des espaces restreints et sur des terrains difficiles, ce qui le rend parfait pour divers chantiers. Qu'il s'agisse de travailler dans des zones confin\u00e9es ou sur des projets de grande envergure, cette adaptabilit\u00e9 garantit des performances et une efficacit\u00e9 optimales, am\u00e9liorant ainsi la polyvalence et la facilit\u00e9 d'exploitation de votre projet.<\/p>\n<\/div>\n<\/div>\n<\/div>\n<p>&nbsp;<\/p>\n<p>Param\u00e8tres<\/p>\n<div class=\"elementor-element elementor-element-151e3f1 e-con-full e-flex e-con e-child\" data-id=\"151e3f1\" data-element_type=\"container\">\n<div class=\"elementor-element elementor-element-b02a979 elementor-widget elementor-widget-text-editor\" data-id=\"b02a979\" data-element_type=\"widget\" data-widget_type=\"text-editor.default\">\n<div class=\"elementor-widget-container\">\n<p>Mod\u00e8le:HT500Y-5<\/p>\n<p>Mod\u00e8le de moteur:BRIGGS STRATTON 420<\/p>\n<p>Type de moteur : monocylindre, soupapes en t\u00eate, 4 temps, refroidissement par air<\/p>\n<p>Cylindr\u00e9e :420CC<\/p>\n<p>Puissance nominale : 13.5HP\/3600rpm<\/p>\n<p>Type de carburant:92 # essence<\/p>\n<p>Consommation de carburant : \u22640,7g\/kw-h<\/p>\n<p>Capacit\u00e9 du r\u00e9servoir de carburant : 6,5 litres<\/p>\n<p>Capacit\u00e9 d'huile moteur : 1.1L<\/p>\n<p>Poids total : 880 kg<\/p>\n<p>Poids de chargement maximal pour le transport horizontal : 1000 kg<\/p>\n<p>Charge de levage max. Charge de levage : 550kg<\/p>\n<p>Taille de la machine\uff08Sans p\u00e9dale, sans godet\uff09:1800*880*1920mm<\/p>\n<p>Taille de la benne avec p\u00e9dale : 2700*880*1920mm<\/p>\n<p>Taille du conteneur\uff1a1220*800*600mm<\/p>\n<p>Largeur du ch\u00e2ssis\uff1a850mm<\/p>\n<p>Hauteur de d\u00e9charge maximale : 1500 mm<\/p>\n<p>Intervalle de basculement : 350 mm<\/p>\n<p>largeur de la voie\uff1a180mm<\/p>\n<p>Longueur de mise \u00e0 la terre des rails\uff1a915mm<\/p>\n<p>Garde au sol du ch\u00e2ssis : 100 mm<\/p>\n<p>Capacit\u00e9 du coffre : 290 dm\u00b3<\/p>\n<p>Syst\u00e8me de basculement:Benne hydraulique<\/p>\n<p>Angle d'inclinaison ; 100\u00b0.<\/p>\n<p>Vitesse de marche :3km\/h<\/p>\n<p>Rayon de braquage minimal : 1300 mm<\/p>\n<p>\u00c9cartement des rails : 670 mm<\/p>\n<p>Garde au sol du ch\u00e2ssis : 100 mm<\/p>\n<p>Capacit\u00e9 de mont\u00e9e : 25km\/h<\/p>\n<p>Capacit\u00e9 du r\u00e9servoir hydraulique : 12L<\/p>\n<\/div>\n<\/div>\n<\/div>\n<div class=\"elementor-element elementor-element-49c3b7d e-con-full e-flex e-con e-child\" data-id=\"49c3b7d\" data-element_type=\"container\">\n<div class=\"elementor-element elementor-element-1e2c99c elementor-widget elementor-widget-image\" data-id=\"1e2c99c\" data-element_type=\"widget\" data-widget_type=\"image.default\">\n<div class=\"elementor-widget-container\"> <img loading=\"lazy\" decoding=\"async\" width=\"800\" height=\"800\" src=\"https:\/\/hightopgroup.com\/wp-content\/uploads\/2024\/08\/\u5347\u964d\u7ffb\u6597\u8f66-9-1.jpg\" class=\"attachment-large size-large wp-image-1112\" alt=\"\u5347\u964d\u7ffb\u6597\u8f66 9 1\" srcset=\"https:\/\/hightopgroup.com\/wp-content\/uploads\/2024\/08\/\u5347\u964d\u7ffb\u6597\u8f66-9-1.jpg 1000w, https:\/\/hightopgroup.com\/wp-content\/uploads\/2024\/08\/\u5347\u964d\u7ffb\u6597\u8f66-9-1-300x300.jpg 300w, https:\/\/hightopgroup.com\/wp-content\/uploads\/2024\/08\/\u5347\u964d\u7ffb\u6597\u8f66-9-1-150x150.jpg 150w, https:\/\/hightopgroup.com\/wp-content\/uploads\/2024\/08\/\u5347\u964d\u7ffb\u6597\u8f66-9-1-768x768.jpg 768w, https:\/\/hightopgroup.com\/wp-content\/uploads\/2024\/08\/\u5347\u964d\u7ffb\u6597\u8f66-9-1-600x600.jpg 600w, https:\/\/hightopgroup.com\/wp-content\/uploads\/2024\/08\/\u5347\u964d\u7ffb\u6597\u8f66-9-1-100x100.jpg 100w\" sizes=\"auto, (max-width: 800px) 100vw, 800px\" title=\"HT500Y-5 Lift Mini Dumper 7\"><\/div>\n<\/div>\n<\/div>","protected":false},"excerpt":{"rendered":"<p>Vue d'ensemble Les mini-basculeurs sur chenilles HIGHTOP sont parfaits pour la construction, la r\u00e9novation et l'am\u00e9nagement paysager sur des terrains difficiles. Avec des capacit\u00e9s de charge de 500<\/p>","protected":false},"featured_media":16972,"template":"","meta":{"rank_math_lock_modified_date":false},"product_brand":[],"product_cat":[31],"product_tag":[],"class_list":{"0":"post-16970","1":"product","2":"type-product","3":"status-publish","4":"has-post-thumbnail","6":"product_cat-mini-dumper","8":"first","9":"instock","10":"product-type-simple"},"_links":{"self":[{"href":"https:\/\/beleevo.prowebplanners.com\/fr\/wp-json\/wp\/v2\/product\/16970","targetHints":{"allow":["GET"]}}],"collection":[{"href":"https:\/\/beleevo.prowebplanners.com\/fr\/wp-json\/wp\/v2\/product"}],"about":[{"href":"https:\/\/beleevo.prowebplanners.com\/fr\/wp-json\/wp\/v2\/types\/product"}],"version-history":[{"count":1,"href":"https:\/\/beleevo.prowebplanners.com\/fr\/wp-json\/wp\/v2\/product\/16970\/revisions"}],"predecessor-version":[{"id":16971,"href":"https:\/\/beleevo.prowebplanners.com\/fr\/wp-json\/wp\/v2\/product\/16970\/revisions\/16971"}],"wp:featuredmedia":[{"embeddable":true,"href":"https:\/\/beleevo.prowebplanners.com\/fr\/wp-json\/wp\/v2\/media\/16972"}],"wp:attachment":[{"href":"https:\/\/beleevo.prowebplanners.com\/fr\/wp-json\/wp\/v2\/media?parent=16970"}],"wp:term":[{"taxonomy":"product_brand","embeddable":true,"href":"https:\/\/beleevo.prowebplanners.com\/fr\/wp-json\/wp\/v2\/product_brand?post=16970"},{"taxonomy":"product_cat","embeddable":true,"href":"https:\/\/beleevo.prowebplanners.com\/fr\/wp-json\/wp\/v2\/product_cat?post=16970"},{"taxonomy":"product_tag","embeddable":true,"href":"https:\/\/beleevo.prowebplanners.com\/fr\/wp-json\/wp\/v2\/product_tag?post=16970"}],"curies":[{"name":"wp","href":"https:\/\/api.w.org\/{rel}","templated":true}]}}