{"id":16962,"date":"2025-07-23T13:40:32","date_gmt":"2025-07-23T13:40:32","guid":{"rendered":"https:\/\/beleevo.prowebplanners.com\/produit\/ht500-1-mini-dumper\/"},"modified":"2025-07-23T13:41:20","modified_gmt":"2025-07-23T13:41:20","slug":"ht500-1-mini-dumper","status":"publish","type":"product","link":"https:\/\/beleevo.prowebplanners.com\/fr\/produit\/ht500-1-mini-dumper\/","title":{"rendered":"HT500-1 Mini Dumper"},"content":{"rendered":"<p>Vue d'ensemble<\/p>\n<div class=\"elementor-element elementor-element-2aabf2d elementor-widget__width-initial elementor-widget elementor-widget-text-editor\" data-id=\"2aabf2d\" data-element_type=\"widget\" data-widget_type=\"text-editor.default\">\n<div class=\"elementor-widget-container\">\n<p>Les mini-basculeurs sur chenilles HIGHTOP sont parfaits pour la construction, la r\u00e9novation et l'am\u00e9nagement paysager sur des terrains difficiles. Avec des capacit\u00e9s de charge de 500 kg \u00e0 2 900 kg, ils offrent une robustesse et une polyvalence exceptionnelles. Leur conception compacte et leur technologie avanc\u00e9e garantissent des performances et une s\u00e9curit\u00e9 \u00e9lev\u00e9es, m\u00eame dans des conditions o\u00f9 les machines \u00e0 roues peuvent \u00e9prouver des difficult\u00e9s.<\/p>\n<p>Nous offrons des solutions rentables avec des co\u00fbts de production inf\u00e9rieurs \u00e0 partir de notre usine bas\u00e9e en Chine. En tant que guichet unique pour des machines certifi\u00e9es et de haute qualit\u00e9\u3002, nous disposons de plus de 10 entrep\u00f4ts dans le monde et offrons un soutien exceptionnel, notamment une garantie d'un an et une assistance technique \u00e0 vie.<\/p>\n<\/div>\n<\/div>\n<div class=\"elementor-element elementor-element-92a5d15 elementor-widget__width-initial elementor-widget elementor-widget-video\" data-id=\"92a5d15\" data-element_type=\"widget\" data-settings=\"{&quot;youtube_url&quot;:&quot;https:\/\/youtu.be\/79aUfjjLEz0?si=QpbpflnrcPl6cWrO&quot;,&quot;show_image_overlay&quot;:&quot;yes&quot;,&quot;image_overlay&quot;:{&quot;url&quot;:&quot;https:\/\/hightopgroup.com\/wp-content\/uploads\/2024\/09\/500-1u4e3bu56fe-1.jpg&quot;,&quot;id&quot;:2554,&quot;size&quot;:&quot;&quot;,&quot;alt&quot;:&quot;&quot;,&quot;source&quot;:&quot;library&quot;},&quot;video_type&quot;:&quot;youtube&quot;,&quot;controls&quot;:&quot;yes&quot;}\" data-widget_type=\"video.default\">\n<div class=\"elementor-widget-container\">\n<div class=\"elementor-wrapper elementor-open-inline\">\n<div class=\"elementor-video\"><\/div>\n<div class=\"elementor-custom-embed-image-overlay\" style=\"background-image: url(https:\/\/hightopgroup.com\/wp-content\/uploads\/2024\/09\/500-1\u4e3b\u56fe-1.jpg);\">\n<div class=\"elementor-custom-embed-play\" role=\"button\" aria-label=\"Lire la vid\u00e9o\" tabindex=\"0\"> <svg aria-hidden=\"true\" class=\"e-font-icon-svg e-eicon-play\" viewbox=\"0 0 1000 1000\"><path d=\"M838 162C746 71 633 25 500 25 371 25 258 71 163 162 71 254 25 367 25 500 25 633 71 746 163 837 254 929 367 979 500 979 633 979 746 933 838 837 929 746 975 633 975 500 975 367 929 254 838 162M808 192C892 279 933 379 933 500 933 621 892 725 808 808 725 892 621 938 500 938 379 938 279 896 196 808 113 725 67 621 67 500 67 379 108 279 196 192 279 108 383 62 500 62 621 62 721 108 808 192M438 392V642L642 517 438 392Z\" \/><\/svg><\/div>\n<\/div>\n<\/div>\n<\/div>\n<\/div>\n<p>&nbsp;<\/p>\n<p>Caract\u00e9ristiques et avantages<\/p>\n<div class=\"elementor-element elementor-element-3354db3 e-con-full e-flex e-con e-child\" data-id=\"3354db3\" data-element_type=\"container\">\n<div class=\"elementor-element elementor-element-85052e6 elementor-widget elementor-widget-image\" data-id=\"85052e6\" data-element_type=\"widget\" data-widget_type=\"image.default\">\n<div class=\"elementor-widget-container\"> <img fetchpriority=\"high\" decoding=\"async\" width=\"800\" height=\"800\" src=\"https:\/\/hightopgroup.com\/wp-content\/uploads\/2024\/09\/500-1\u7279\u5f81-2.jpg\" class=\"attachment-large size-large wp-image-2564\" alt=\"500 1\u7279\u5f81 2\" srcset=\"https:\/\/hightopgroup.com\/wp-content\/uploads\/2024\/09\/500-1\u7279\u5f81-2.jpg 1000w, https:\/\/hightopgroup.com\/wp-content\/uploads\/2024\/09\/500-1\u7279\u5f81-2-300x300.jpg 300w, https:\/\/hightopgroup.com\/wp-content\/uploads\/2024\/09\/500-1\u7279\u5f81-2-150x150.jpg 150w, https:\/\/hightopgroup.com\/wp-content\/uploads\/2024\/09\/500-1\u7279\u5f81-2-768x768.jpg 768w, https:\/\/hightopgroup.com\/wp-content\/uploads\/2024\/09\/500-1\u7279\u5f81-2-600x600.jpg 600w\" sizes=\"(max-width: 800px) 100vw, 800px\" title=\"HT500-1 Mini Dumper 1\"><\/div>\n<\/div>\n<div class=\"elementor-element elementor-element-913ece4 elementor-widget elementor-widget-heading\" data-id=\"913ece4\" data-element_type=\"widget\" data-widget_type=\"heading.default\">\n<div class=\"elementor-widget-container\">\n<h2 class=\"elementor-heading-title elementor-size-default\">Moteur efficace Briggs&amp;Stratton<\/h2>\n<\/div>\n<\/div>\n<div class=\"elementor-element elementor-element-6d9b92f elementor-widget elementor-widget-text-editor\" data-id=\"6d9b92f\" data-element_type=\"widget\" data-widget_type=\"text-editor.default\">\n<div class=\"elementor-widget-container\">\n<p>Le Mini Crawler Dumper Hightop est \u00e9quip\u00e9 d'un moteur Briggs&amp;Stratton haut de gamme d'une puissance allant jusqu'\u00e0 4,2KW\/3600rpm pour un fonctionnement puissant mais \u00e9conome en carburant et une distribution de chaleur sup\u00e9rieure.&nbsp;<\/p>\n<\/div>\n<\/div>\n<\/div>\n<div class=\"elementor-element elementor-element-5dbcb54 e-con-full e-flex e-con e-child\" data-id=\"5dbcb54\" data-element_type=\"container\">\n<div class=\"elementor-element elementor-element-a0abeb2 elementor-widget elementor-widget-image\" data-id=\"a0abeb2\" data-element_type=\"widget\" data-widget_type=\"image.default\">\n<div class=\"elementor-widget-container\"> <img decoding=\"async\" width=\"800\" height=\"800\" src=\"https:\/\/hightopgroup.com\/wp-content\/uploads\/2024\/09\/500-1\u7279\u5f81-3.jpg\" class=\"attachment-large size-large wp-image-2559\" alt=\"500 1\u7279\u5f81 3\" srcset=\"https:\/\/hightopgroup.com\/wp-content\/uploads\/2024\/09\/500-1\u7279\u5f81-3.jpg 1000w, https:\/\/hightopgroup.com\/wp-content\/uploads\/2024\/09\/500-1\u7279\u5f81-3-300x300.jpg 300w, https:\/\/hightopgroup.com\/wp-content\/uploads\/2024\/09\/500-1\u7279\u5f81-3-150x150.jpg 150w, https:\/\/hightopgroup.com\/wp-content\/uploads\/2024\/09\/500-1\u7279\u5f81-3-768x768.jpg 768w, https:\/\/hightopgroup.com\/wp-content\/uploads\/2024\/09\/500-1\u7279\u5f81-3-600x600.jpg 600w\" sizes=\"(max-width: 800px) 100vw, 800px\" title=\"HT500-1 Mini Dumper 2\"><\/div>\n<\/div>\n<div class=\"elementor-element elementor-element-ac2d2ea elementor-widget elementor-widget-heading\" data-id=\"ac2d2ea\" data-element_type=\"widget\" data-widget_type=\"heading.default\">\n<div class=\"elementor-widget-container\">\n<h2 class=\"elementor-heading-title elementor-size-default\">\u00c9quipement de transition personnalis\u00e9<\/h2>\n<\/div>\n<\/div>\n<div class=\"elementor-element elementor-element-08fc060 elementor-widget elementor-widget-text-editor\" data-id=\"08fc060\" data-element_type=\"widget\" data-widget_type=\"text-editor.default\">\n<div class=\"elementor-widget-container\">\n<p>Bo\u00eetier de transition personnalis\u00e9 pour faciliter le d\u00e9marrage du moteur \u00e0 basse temp\u00e9rature ambiante.<\/p>\n<\/div>\n<\/div>\n<\/div>\n<div class=\"elementor-element elementor-element-64aa418 e-con-full e-flex e-con e-child\" data-id=\"64aa418\" data-element_type=\"container\">\n<div class=\"elementor-element elementor-element-bae469a elementor-widget elementor-widget-image\" data-id=\"bae469a\" data-element_type=\"widget\" data-widget_type=\"image.default\">\n<div class=\"elementor-widget-container\"> <img decoding=\"async\" width=\"800\" height=\"800\" src=\"https:\/\/hightopgroup.com\/wp-content\/uploads\/2024\/09\/500-1\u7279\u5f81-4.jpg\" class=\"attachment-large size-large wp-image-2560\" alt=\"500 1\u7279\u5f81 4\" srcset=\"https:\/\/hightopgroup.com\/wp-content\/uploads\/2024\/09\/500-1\u7279\u5f81-4.jpg 1000w, https:\/\/hightopgroup.com\/wp-content\/uploads\/2024\/09\/500-1\u7279\u5f81-4-300x300.jpg 300w, https:\/\/hightopgroup.com\/wp-content\/uploads\/2024\/09\/500-1\u7279\u5f81-4-150x150.jpg 150w, https:\/\/hightopgroup.com\/wp-content\/uploads\/2024\/09\/500-1\u7279\u5f81-4-768x768.jpg 768w, https:\/\/hightopgroup.com\/wp-content\/uploads\/2024\/09\/500-1\u7279\u5f81-4-600x600.jpg 600w\" sizes=\"(max-width: 800px) 100vw, 800px\" title=\"HT500-1 Mini Dumper 3\"><\/div>\n<\/div>\n<div class=\"elementor-element elementor-element-fc45a04 elementor-widget elementor-widget-heading\" data-id=\"fc45a04\" data-element_type=\"widget\" data-widget_type=\"heading.default\">\n<div class=\"elementor-widget-container\">\n<h2 class=\"elementor-heading-title elementor-size-default\">Circuit hydraulique s\u00e9par\u00e9<\/h2>\n<\/div>\n<\/div>\n<div class=\"elementor-element elementor-element-68e4805 elementor-widget elementor-widget-text-editor\" data-id=\"68e4805\" data-element_type=\"widget\" data-widget_type=\"text-editor.default\">\n<div class=\"elementor-widget-container\">\n<p>Circuit hydraulique s\u00e9par\u00e9 pour la traction de l'\u00e9quipement<\/p>\n<\/div>\n<\/div>\n<\/div>\n<div class=\"elementor-element elementor-element-2742236 e-con-full e-flex e-con e-child\" data-id=\"2742236\" data-element_type=\"container\">\n<div class=\"elementor-element elementor-element-c5071b1 elementor-widget elementor-widget-image\" data-id=\"c5071b1\" data-element_type=\"widget\" data-widget_type=\"image.default\">\n<div class=\"elementor-widget-container\"> <img loading=\"lazy\" decoding=\"async\" width=\"800\" height=\"800\" src=\"https:\/\/hightopgroup.com\/wp-content\/uploads\/2024\/09\/500-1\u7279\u5f81-5.jpg\" class=\"attachment-large size-large wp-image-2561\" alt=\"500 1\u7279\u5f81 5\" srcset=\"https:\/\/hightopgroup.com\/wp-content\/uploads\/2024\/09\/500-1\u7279\u5f81-5.jpg 1000w, https:\/\/hightopgroup.com\/wp-content\/uploads\/2024\/09\/500-1\u7279\u5f81-5-300x300.jpg 300w, https:\/\/hightopgroup.com\/wp-content\/uploads\/2024\/09\/500-1\u7279\u5f81-5-150x150.jpg 150w, https:\/\/hightopgroup.com\/wp-content\/uploads\/2024\/09\/500-1\u7279\u5f81-5-768x768.jpg 768w, https:\/\/hightopgroup.com\/wp-content\/uploads\/2024\/09\/500-1\u7279\u5f81-5-600x600.jpg 600w\" sizes=\"auto, (max-width: 800px) 100vw, 800px\" title=\"HT500-1 Mini Dumper 4\"><\/div>\n<\/div>\n<div class=\"elementor-element elementor-element-af1f649 elementor-widget elementor-widget-heading\" data-id=\"af1f649\" data-element_type=\"widget\" data-widget_type=\"heading.default\">\n<div class=\"elementor-widget-container\">\n<h2 class=\"elementor-heading-title elementor-size-default\">Facile \u00e0 utiliser<\/h2>\n<\/div>\n<\/div>\n<div class=\"elementor-element elementor-element-72a07e3 elementor-widget elementor-widget-text-editor\" data-id=\"72a07e3\" data-element_type=\"widget\" data-widget_type=\"text-editor.default\">\n<div class=\"elementor-widget-container\">\n<p>Commandes de la marche avant et de la marche arri\u00e8re par la poign\u00e9e<\/p>\n<\/div>\n<\/div>\n<\/div>\n<div class=\"elementor-element elementor-element-a158f8f e-con-full e-flex e-con e-child\" data-id=\"a158f8f\" data-element_type=\"container\">\n<div class=\"elementor-element elementor-element-45cd0f2 elementor-widget elementor-widget-image\" data-id=\"45cd0f2\" data-element_type=\"widget\" data-widget_type=\"image.default\">\n<div class=\"elementor-widget-container\"> <img loading=\"lazy\" decoding=\"async\" width=\"790\" height=\"870\" src=\"https:\/\/hightopgroup.com\/wp-content\/uploads\/2024\/09\/500-1\u7279\u5f81-6.jpg\" class=\"attachment-large size-large wp-image-2562\" alt=\"500 1\u7279\u5f81 6\" srcset=\"https:\/\/hightopgroup.com\/wp-content\/uploads\/2024\/09\/500-1\u7279\u5f81-6.jpg 790w, https:\/\/hightopgroup.com\/wp-content\/uploads\/2024\/09\/500-1\u7279\u5f81-6-272x300.jpg 272w, https:\/\/hightopgroup.com\/wp-content\/uploads\/2024\/09\/500-1\u7279\u5f81-6-768x846.jpg 768w, https:\/\/hightopgroup.com\/wp-content\/uploads\/2024\/09\/500-1\u7279\u5f81-6-600x661.jpg 600w\" sizes=\"auto, (max-width: 790px) 100vw, 790px\" title=\"HT500-1 Mini Dumper 5\"><\/div>\n<\/div>\n<div class=\"elementor-element elementor-element-43042b4 elementor-widget elementor-widget-heading\" data-id=\"43042b4\" data-element_type=\"widget\" data-widget_type=\"heading.default\">\n<div class=\"elementor-widget-container\">\n<h2 class=\"elementor-heading-title elementor-size-default\">Protection amovible de la tr\u00e9mie<\/h2>\n<\/div>\n<\/div>\n<div class=\"elementor-element elementor-element-a214294 elementor-widget elementor-widget-text-editor\" data-id=\"a214294\" data-element_type=\"widget\" data-widget_type=\"text-editor.default\">\n<div class=\"elementor-widget-container\">\n<p>Protection amovible de la tr\u00e9mie<\/p>\n<\/div>\n<\/div>\n<\/div>\n<div class=\"elementor-element elementor-element-a858b6c e-con-full e-flex e-con e-child\" data-id=\"a858b6c\" data-element_type=\"container\">\n<div class=\"elementor-element elementor-element-335bab6 elementor-widget elementor-widget-image\" data-id=\"335bab6\" data-element_type=\"widget\" data-widget_type=\"image.default\">\n<div class=\"elementor-widget-container\"> <img loading=\"lazy\" decoding=\"async\" width=\"790\" height=\"790\" src=\"https:\/\/hightopgroup.com\/wp-content\/uploads\/2024\/09\/500-1\u7279\u5f81-1-1.jpg\" class=\"attachment-large size-large wp-image-2898\" alt=\"500 1\u7279\u5f81 1 1\" srcset=\"https:\/\/hightopgroup.com\/wp-content\/uploads\/2024\/09\/500-1\u7279\u5f81-1-1.jpg 790w, https:\/\/hightopgroup.com\/wp-content\/uploads\/2024\/09\/500-1\u7279\u5f81-1-1-300x300.jpg 300w, https:\/\/hightopgroup.com\/wp-content\/uploads\/2024\/09\/500-1\u7279\u5f81-1-1-150x150.jpg 150w, https:\/\/hightopgroup.com\/wp-content\/uploads\/2024\/09\/500-1\u7279\u5f81-1-1-768x768.jpg 768w, https:\/\/hightopgroup.com\/wp-content\/uploads\/2024\/09\/500-1\u7279\u5f81-1-1-600x600.jpg 600w\" sizes=\"auto, (max-width: 790px) 100vw, 790px\" title=\"HT500-1 Mini Dumper 6\"><\/div>\n<\/div>\n<div class=\"elementor-element elementor-element-0bc7c12 elementor-widget elementor-widget-heading\" data-id=\"0bc7c12\" data-element_type=\"widget\" data-widget_type=\"heading.default\">\n<div class=\"elementor-widget-container\">\n<h2 class=\"elementor-heading-title elementor-size-default\">Plate-forme pliable<\/h2>\n<\/div>\n<\/div>\n<div class=\"elementor-element elementor-element-f2fef79 elementor-widget elementor-widget-text-editor\" data-id=\"f2fef79\" data-element_type=\"widget\" data-widget_type=\"text-editor.default\">\n<div class=\"elementor-widget-container\">\n<p>Plate-forme pliable pour des man\u0153uvres flexibles<\/p>\n<\/div>\n<\/div>\n<\/div>\n<p>&nbsp;<\/p>\n<p>Param\u00e8tres<\/p>\n<div class=\"elementor-element elementor-element-151e3f1 e-con-full e-flex e-con e-child\" data-id=\"151e3f1\" data-element_type=\"container\">\n<div class=\"elementor-element elementor-element-b02a979 elementor-widget elementor-widget-text-editor\" data-id=\"b02a979\" data-element_type=\"widget\" data-widget_type=\"text-editor.default\">\n<div class=\"elementor-widget-container\">\n<p>Mod\u00e8le:HT500-1<\/p>\n<p>Moteur:Briggs&amp;Stratton<\/p>\n<p>Mode de refroidissement : refroidissement par air<\/p>\n<p>Carburant :essence<\/p>\n<p>\u00c9missions : Euro 5\/EPA<\/p>\n<p>Capacit\u00e9 de chargement : 500 kg<\/p>\n<p>Longueur de la bo\u00eete : 816 mm<\/p>\n<p>Largeur de la bo\u00eete : 680 mm<\/p>\n<p>Profondeur de la bo\u00eete : 620 mm<\/p>\n<p>Type de bo\u00eete Int\u00e9gr\u00e9\/monobloc<\/p>\n<p>Largeur de la voie : 180 mm<\/p>\n<p>D\u00e9bit de la pompe : 6L\/min<\/p>\n<p>Mini Dumper poids:413kg<\/p>\n<p>Overall dimension(L*W*H):1056*700*1225mm<\/p>\n<p>Mode de d\u00e9marrage : manuel\/\u00e9lectrique<\/p>\n<p>Type d'entra\u00eenement : hydraulique<\/p>\n<p>Mode de direction : hydraulique<\/p>\n<p>Mode de d\u00e9chargement : hydraulique<\/p>\n<\/div>\n<\/div>\n<\/div>\n<div class=\"elementor-element elementor-element-49c3b7d e-con-full e-flex e-con e-child\" data-id=\"49c3b7d\" data-element_type=\"container\">\n<div class=\"elementor-element elementor-element-1e2c99c elementor-widget elementor-widget-image\" data-id=\"1e2c99c\" data-element_type=\"widget\" data-widget_type=\"image.default\">\n<div class=\"elementor-widget-container\"> <img loading=\"lazy\" decoding=\"async\" width=\"800\" height=\"800\" src=\"https:\/\/hightopgroup.com\/wp-content\/uploads\/2024\/09\/500-1\u4e3b\u56fe-2.jpg\" class=\"attachment-large size-large wp-image-2899\" alt=\"500 1\u4e3b\u56fe 2\" srcset=\"https:\/\/hightopgroup.com\/wp-content\/uploads\/2024\/09\/500-1\u4e3b\u56fe-2.jpg 1000w, https:\/\/hightopgroup.com\/wp-content\/uploads\/2024\/09\/500-1\u4e3b\u56fe-2-300x300.jpg 300w, https:\/\/hightopgroup.com\/wp-content\/uploads\/2024\/09\/500-1\u4e3b\u56fe-2-150x150.jpg 150w, https:\/\/hightopgroup.com\/wp-content\/uploads\/2024\/09\/500-1\u4e3b\u56fe-2-768x768.jpg 768w, https:\/\/hightopgroup.com\/wp-content\/uploads\/2024\/09\/500-1\u4e3b\u56fe-2-600x600.jpg 600w\" sizes=\"auto, (max-width: 800px) 100vw, 800px\" title=\"HT500-1 Mini Dumper 7\"><\/div>\n<\/div>\n<\/div>","protected":false},"excerpt":{"rendered":"<p>Vue d'ensemble Les mini-basculeurs sur chenilles HIGHTOP sont parfaits pour la construction, la r\u00e9novation et l'am\u00e9nagement paysager sur des terrains difficiles. Avec des capacit\u00e9s de charge de 500<\/p>","protected":false},"featured_media":16964,"template":"","meta":{"rank_math_lock_modified_date":false},"product_brand":[],"product_cat":[31],"product_tag":[],"class_list":{"0":"post-16962","1":"product","2":"type-product","3":"status-publish","4":"has-post-thumbnail","6":"product_cat-mini-dumper","8":"first","9":"instock","10":"product-type-simple"},"_links":{"self":[{"href":"https:\/\/beleevo.prowebplanners.com\/fr\/wp-json\/wp\/v2\/product\/16962","targetHints":{"allow":["GET"]}}],"collection":[{"href":"https:\/\/beleevo.prowebplanners.com\/fr\/wp-json\/wp\/v2\/product"}],"about":[{"href":"https:\/\/beleevo.prowebplanners.com\/fr\/wp-json\/wp\/v2\/types\/product"}],"version-history":[{"count":1,"href":"https:\/\/beleevo.prowebplanners.com\/fr\/wp-json\/wp\/v2\/product\/16962\/revisions"}],"predecessor-version":[{"id":16963,"href":"https:\/\/beleevo.prowebplanners.com\/fr\/wp-json\/wp\/v2\/product\/16962\/revisions\/16963"}],"wp:featuredmedia":[{"embeddable":true,"href":"https:\/\/beleevo.prowebplanners.com\/fr\/wp-json\/wp\/v2\/media\/16964"}],"wp:attachment":[{"href":"https:\/\/beleevo.prowebplanners.com\/fr\/wp-json\/wp\/v2\/media?parent=16962"}],"wp:term":[{"taxonomy":"product_brand","embeddable":true,"href":"https:\/\/beleevo.prowebplanners.com\/fr\/wp-json\/wp\/v2\/product_brand?post=16962"},{"taxonomy":"product_cat","embeddable":true,"href":"https:\/\/beleevo.prowebplanners.com\/fr\/wp-json\/wp\/v2\/product_cat?post=16962"},{"taxonomy":"product_tag","embeddable":true,"href":"https:\/\/beleevo.prowebplanners.com\/fr\/wp-json\/wp\/v2\/product_tag?post=16962"}],"curies":[{"name":"wp","href":"https:\/\/api.w.org\/{rel}","templated":true}]}}