{"id":16922,"date":"2025-07-23T13:37:57","date_gmt":"2025-07-23T13:37:57","guid":{"rendered":"https:\/\/beleevo.prowebplanners.com\/produit\/ht180-mini-wheel-loader\/"},"modified":"2025-07-23T13:40:00","modified_gmt":"2025-07-23T13:40:00","slug":"ht180-mini-wheel-loader","status":"publish","type":"product","link":"https:\/\/beleevo.prowebplanners.com\/fr\/produit\/ht180-mini-wheel-loader\/","title":{"rendered":"HT180 Mini chargeuse sur pneus"},"content":{"rendered":"<p>Vue d'ensemble<\/p>\n<div class=\"elementor-element elementor-element-3d00484 elementor-widget__width-initial elementor-widget elementor-widget-text-editor\" data-id=\"3d00484\" data-element_type=\"widget\" data-widget_type=\"text-editor.default\">\n<div class=\"elementor-widget-container\">\n<p>Les chargeuses sur pneus de HIGHTOP, dot\u00e9es de moteurs et de syst\u00e8mes hydrauliques avanc\u00e9s, am\u00e9liorent l'efficacit\u00e9 et l'\u00e9conomie de carburant. Avec des poids de travail de 0,5 \u00e0 5 tonnes, elles offrent des cabines conviviales avec climatisation et si\u00e8ges amortisseurs pour un confort optimal. Polyvalentes et adaptables, ces chargeuses effectuent diverses t\u00e2ches telles que le creusement, le broyage et le balayage gr\u00e2ce \u00e0 des accessoires interchangeables. Id\u00e9ales pour la construction, le terrassement, la manutention et bien plus encore, les chargeuses sur pneus HIGHTOP allient efficacit\u00e9, flexibilit\u00e9 et polyvalence pour devenir incontournables\u3002.<\/p>\n<p>Nous offrons des solutions rentables avec des co\u00fbts de production r\u00e9duits gr\u00e2ce \u00e0 notre usine bas\u00e9e en Chine. Avec plus de 10 entrep\u00f4ts dans le monde, nous offrons une assistance exceptionnelle, notamment une garantie d'un an et une assistance technique \u00e0 vie.<\/p>\n<\/div>\n<\/div>\n<div class=\"elementor-element elementor-element-eec99f5 elementor-widget__width-initial elementor-widget elementor-widget-video\" data-id=\"eec99f5\" data-element_type=\"widget\" data-settings=\"{&quot;youtube_url&quot;:&quot;https:\/\/youtu.be\/YWFzfgPEuDA?si=QYGu-F_V5gP3AKq1&quot;,&quot;show_image_overlay&quot;:&quot;yes&quot;,&quot;image_overlay&quot;:{&quot;url&quot;:&quot;https:\/\/hightopgroup.com\/wp-content\/uploads\/2024\/09\/HT180u4e3bu56fe-1.jpg&quot;,&quot;id&quot;:2761,&quot;size&quot;:&quot;&quot;,&quot;alt&quot;:&quot;&quot;,&quot;source&quot;:&quot;library&quot;},&quot;video_type&quot;:&quot;youtube&quot;,&quot;controls&quot;:&quot;yes&quot;}\" data-widget_type=\"video.default\">\n<div class=\"elementor-widget-container\">\n<div class=\"elementor-wrapper elementor-open-inline\">\n<div class=\"elementor-video\"><\/div>\n<div class=\"elementor-custom-embed-image-overlay\" style=\"background-image: url(https:\/\/hightopgroup.com\/wp-content\/uploads\/2024\/09\/HT180\u4e3b\u56fe-1.jpg);\">\n<div class=\"elementor-custom-embed-play\" role=\"button\" aria-label=\"Lire la vid\u00e9o\" tabindex=\"0\"> <svg aria-hidden=\"true\" class=\"e-font-icon-svg e-eicon-play\" viewbox=\"0 0 1000 1000\"><path d=\"M838 162C746 71 633 25 500 25 371 25 258 71 163 162 71 254 25 367 25 500 25 633 71 746 163 837 254 929 367 979 500 979 633 979 746 933 838 837 929 746 975 633 975 500 975 367 929 254 838 162M808 192C892 279 933 379 933 500 933 621 892 725 808 808 725 892 621 938 500 938 379 938 279 896 196 808 113 725 67 621 67 500 67 379 108 279 196 192 279 108 383 62 500 62 621 62 721 108 808 192M438 392V642L642 517 438 392Z\" \/><\/svg><\/div>\n<\/div>\n<\/div>\n<\/div>\n<\/div>\n<p>&nbsp;<\/p>\n<p>Caract\u00e9ristiques et avantages<\/p>\n<div class=\"elementor-element elementor-element-138b23e e-con-full e-flex e-con e-child\" data-id=\"138b23e\" data-element_type=\"container\">\n<div class=\"elementor-element elementor-element-dc31022 elementor-widget elementor-widget-image\" data-id=\"dc31022\" data-element_type=\"widget\" data-widget_type=\"image.default\">\n<div class=\"elementor-widget-container\"> <img fetchpriority=\"high\" decoding=\"async\" width=\"800\" height=\"800\" src=\"https:\/\/hightopgroup.com\/wp-content\/uploads\/2024\/09\/HT180-5.jpg\" class=\"attachment-large size-large wp-image-2757\" alt=\"HT180 5\" srcset=\"https:\/\/hightopgroup.com\/wp-content\/uploads\/2024\/09\/HT180-5.jpg 1000w, https:\/\/hightopgroup.com\/wp-content\/uploads\/2024\/09\/HT180-5-300x300.jpg 300w, https:\/\/hightopgroup.com\/wp-content\/uploads\/2024\/09\/HT180-5-150x150.jpg 150w, https:\/\/hightopgroup.com\/wp-content\/uploads\/2024\/09\/HT180-5-768x768.jpg 768w, https:\/\/hightopgroup.com\/wp-content\/uploads\/2024\/09\/HT180-5-600x600.jpg 600w\" sizes=\"(max-width: 800px) 100vw, 800px\" title=\"HT180 Mini chargeuse sur pneus 1\"><\/div>\n<\/div>\n<div class=\"elementor-element elementor-element-7fcb316 elementor-widget elementor-widget-heading\" data-id=\"7fcb316\" data-element_type=\"widget\" data-widget_type=\"heading.default\">\n<div class=\"elementor-widget-container\">\n<h2 class=\"elementor-heading-title elementor-size-default\">Moteur efficace Kubota<\/h2>\n<\/div>\n<\/div>\n<div class=\"elementor-element elementor-element-1aa33d7 elementor-widget elementor-widget-text-editor\" data-id=\"1aa33d7\" data-element_type=\"widget\" data-widget_type=\"text-editor.default\">\n<div class=\"elementor-widget-container\">\n<p>Cette mini chargeuse sur pneus est \u00e9quip\u00e9e d'un moteur Kubota haut de gamme d'une puissance allant jusqu'\u00e0 28 CV pour un fonctionnement puissant mais \u00e9conome en carburant et une distribution sup\u00e9rieure de la chaleur. Le mod\u00e8le L, dot\u00e9 d'une fl\u00e8che plus longue, permet d'atteindre une hauteur de chargement encore plus \u00e9lev\u00e9e\uff0cjusqu'\u00e0 2952 mm.<\/p>\n<\/div>\n<\/div>\n<\/div>\n<div class=\"elementor-element elementor-element-b74d99a e-con-full e-flex e-con e-child\" data-id=\"b74d99a\" data-element_type=\"container\">\n<div class=\"elementor-element elementor-element-d474faf elementor-widget elementor-widget-image\" data-id=\"d474faf\" data-element_type=\"widget\" data-widget_type=\"image.default\">\n<div class=\"elementor-widget-container\"> <img decoding=\"async\" width=\"800\" height=\"800\" src=\"https:\/\/hightopgroup.com\/wp-content\/uploads\/2024\/09\/HT180-6.jpg\" class=\"attachment-large size-large wp-image-2758\" alt=\"HT180 6\" srcset=\"https:\/\/hightopgroup.com\/wp-content\/uploads\/2024\/09\/HT180-6.jpg 1000w, https:\/\/hightopgroup.com\/wp-content\/uploads\/2024\/09\/HT180-6-300x300.jpg 300w, https:\/\/hightopgroup.com\/wp-content\/uploads\/2024\/09\/HT180-6-150x150.jpg 150w, https:\/\/hightopgroup.com\/wp-content\/uploads\/2024\/09\/HT180-6-768x768.jpg 768w, https:\/\/hightopgroup.com\/wp-content\/uploads\/2024\/09\/HT180-6-600x600.jpg 600w\" sizes=\"(max-width: 800px) 100vw, 800px\" title=\"HT180 Mini chargeuse sur pneus 2\"><\/div>\n<\/div>\n<div class=\"elementor-element elementor-element-97e9dde elementor-widget elementor-widget-heading\" data-id=\"97e9dde\" data-element_type=\"widget\" data-widget_type=\"heading.default\">\n<div class=\"elementor-widget-container\">\n<h2 class=\"elementor-heading-title elementor-size-default\">Conception environnementale<\/h2>\n<\/div>\n<\/div>\n<div class=\"elementor-element elementor-element-2c77c6d elementor-widget elementor-widget-text-editor\" data-id=\"2c77c6d\" data-element_type=\"widget\" data-widget_type=\"text-editor.default\">\n<div class=\"elementor-widget-container\">\n<p>28 ch avec la norme d'\u00e9mission Stage V\/epa4 offre une grande puissance sans traitement des gaz d'\u00e9chappement.<\/p>\n<\/div>\n<\/div>\n<\/div>\n<div class=\"elementor-element elementor-element-7aad0d8 e-con-full e-flex e-con e-child\" data-id=\"7aad0d8\" data-element_type=\"container\">\n<div class=\"elementor-element elementor-element-fbca415 elementor-widget elementor-widget-image\" data-id=\"fbca415\" data-element_type=\"widget\" data-widget_type=\"image.default\">\n<div class=\"elementor-widget-container\"> <img decoding=\"async\" width=\"800\" height=\"800\" src=\"https:\/\/hightopgroup.com\/wp-content\/uploads\/2024\/09\/JS700C\u7279\u5f81-5.jpg\" class=\"attachment-large size-large wp-image-2775\" alt=\"JS700C\u7279\u5f81 5\" srcset=\"https:\/\/hightopgroup.com\/wp-content\/uploads\/2024\/09\/JS700C\u7279\u5f81-5.jpg 1000w, https:\/\/hightopgroup.com\/wp-content\/uploads\/2024\/09\/JS700C\u7279\u5f81-5-300x300.jpg 300w, https:\/\/hightopgroup.com\/wp-content\/uploads\/2024\/09\/JS700C\u7279\u5f81-5-150x150.jpg 150w, https:\/\/hightopgroup.com\/wp-content\/uploads\/2024\/09\/JS700C\u7279\u5f81-5-768x768.jpg 768w, https:\/\/hightopgroup.com\/wp-content\/uploads\/2024\/09\/JS700C\u7279\u5f81-5-600x600.jpg 600w\" sizes=\"(max-width: 800px) 100vw, 800px\" title=\"HT180 Mini chargeuse sur pneus 3\"><\/div>\n<\/div>\n<div class=\"elementor-element elementor-element-1a03bb3 elementor-widget elementor-widget-heading\" data-id=\"1a03bb3\" data-element_type=\"widget\" data-widget_type=\"heading.default\">\n<div class=\"elementor-widget-container\">\n<h2 class=\"elementor-heading-title elementor-size-default\">Large \u00e9ventail d'applications<\/h2>\n<\/div>\n<\/div>\n<div class=\"elementor-element elementor-element-cb9ac85 elementor-widget elementor-widget-text-editor\" data-id=\"cb9ac85\" data-element_type=\"widget\" data-widget_type=\"text-editor.default\">\n<div class=\"elementor-widget-container\">\n<p>La chargeuse HT180 est plus petite et plus puissante, non seulement pour les routes, les chemins de fer, les ports, les mines, les fermes, les ranchs et autres environnements, mais aussi pour l'agriculture, le jardinage, l'aquaculture, la construction ou d'autres applications.<br \/>Lieux \u00e0 grande distance.<\/p>\n<\/div>\n<\/div>\n<\/div>\n<div class=\"elementor-element elementor-element-c6bb502 e-con-full e-flex e-con e-child\" data-id=\"c6bb502\" data-element_type=\"container\">\n<div class=\"elementor-element elementor-element-a654cb5 elementor-widget elementor-widget-image\" data-id=\"a654cb5\" data-element_type=\"widget\" data-widget_type=\"image.default\">\n<div class=\"elementor-widget-container\"> <img loading=\"lazy\" decoding=\"async\" width=\"800\" height=\"800\" src=\"https:\/\/hightopgroup.com\/wp-content\/uploads\/2024\/09\/HT180\u4e3b\u56fe-3.jpg\" class=\"attachment-large size-large wp-image-2763\" alt=\"HT180\u4e3b\u56fe 3\" srcset=\"https:\/\/hightopgroup.com\/wp-content\/uploads\/2024\/09\/HT180\u4e3b\u56fe-3.jpg 1000w, https:\/\/hightopgroup.com\/wp-content\/uploads\/2024\/09\/HT180\u4e3b\u56fe-3-300x300.jpg 300w, https:\/\/hightopgroup.com\/wp-content\/uploads\/2024\/09\/HT180\u4e3b\u56fe-3-150x150.jpg 150w, https:\/\/hightopgroup.com\/wp-content\/uploads\/2024\/09\/HT180\u4e3b\u56fe-3-768x768.jpg 768w, https:\/\/hightopgroup.com\/wp-content\/uploads\/2024\/09\/HT180\u4e3b\u56fe-3-600x600.jpg 600w\" sizes=\"auto, (max-width: 800px) 100vw, 800px\" title=\"HT180 Mini chargeuse sur pneus 4\"><\/div>\n<\/div>\n<div class=\"elementor-element elementor-element-84b165c elementor-widget elementor-widget-heading\" data-id=\"84b165c\" data-element_type=\"widget\" data-widget_type=\"heading.default\">\n<div class=\"elementor-widget-container\">\n<h2 class=\"elementor-heading-title elementor-size-default\">Diff\u00e9rents accessoires peuvent \u00eatre install\u00e9s<\/h2>\n<\/div>\n<\/div>\n<div class=\"elementor-element elementor-element-9db03b7 elementor-widget elementor-widget-text-editor\" data-id=\"9db03b7\" data-element_type=\"widget\" data-widget_type=\"text-editor.default\">\n<div class=\"elementor-widget-container\">\n<p>La fourche \u00e0 herbe, la balayeuse \u00e0 neige, la tari\u00e8re, la lame \u00e0 neige, le godet \u00e0 neige, la fourche \u00e0 palette, le godet de criblage, le godet 4 en 1 et d'autres accessoires peuvent \u00eatre install\u00e9s sur la chargeuse compacte sur pneus pour r\u00e9aliser diff\u00e9rentes fonctions.<\/p>\n<\/div>\n<\/div>\n<\/div>\n<div class=\"elementor-element elementor-element-b2de1b5 e-con-full e-flex e-con e-child\" data-id=\"b2de1b5\" data-element_type=\"container\">\n<div class=\"elementor-element elementor-element-eec0d58 elementor-widget elementor-widget-image\" data-id=\"eec0d58\" data-element_type=\"widget\" data-widget_type=\"image.default\">\n<div class=\"elementor-widget-container\"> <img loading=\"lazy\" decoding=\"async\" width=\"650\" height=\"650\" src=\"https:\/\/hightopgroup.com\/wp-content\/uploads\/2024\/09\/180-6.jpg\" class=\"attachment-large size-large wp-image-2796\" alt=\"180 6\" srcset=\"https:\/\/hightopgroup.com\/wp-content\/uploads\/2024\/09\/180-6.jpg 650w, https:\/\/hightopgroup.com\/wp-content\/uploads\/2024\/09\/180-6-300x300.jpg 300w, https:\/\/hightopgroup.com\/wp-content\/uploads\/2024\/09\/180-6-150x150.jpg 150w, https:\/\/hightopgroup.com\/wp-content\/uploads\/2024\/09\/180-6-600x600.jpg 600w\" sizes=\"auto, (max-width: 650px) 100vw, 650px\" title=\"HT180 Mini chargeuse sur pneus 5\"><\/div>\n<\/div>\n<div class=\"elementor-element elementor-element-cb9c692 elementor-widget elementor-widget-heading\" data-id=\"cb9c692\" data-element_type=\"widget\" data-widget_type=\"heading.default\">\n<div class=\"elementor-widget-container\">\n<h2 class=\"elementor-heading-title elementor-size-default\">Une cabine ferm\u00e9e peut \u00eatre install\u00e9e<\/h2>\n<\/div>\n<\/div>\n<div class=\"elementor-element elementor-element-4da304d elementor-widget elementor-widget-text-editor\" data-id=\"4da304d\" data-element_type=\"widget\" data-widget_type=\"text-editor.default\">\n<div class=\"elementor-widget-container\">\n<p>L'installation d'un poste de pilotage ferm\u00e9 peut r\u00e9duire l'interf\u00e9rence de la poussi\u00e8re et des d\u00e9bris, r\u00e9duire l'impact du bruit, du vent, de la pluie et de la protection solaire, prot\u00e9ger le conducteur des intemp\u00e9ries.<\/p>\n<\/div>\n<\/div>\n<\/div>\n<div class=\"elementor-element elementor-element-c218b52 e-con-full e-flex e-con e-child\" data-id=\"c218b52\" data-element_type=\"container\">\n<div class=\"elementor-element elementor-element-f6c1e7c elementor-widget elementor-widget-image\" data-id=\"f6c1e7c\" data-element_type=\"widget\" data-widget_type=\"image.default\">\n<div class=\"elementor-widget-container\"> <img loading=\"lazy\" decoding=\"async\" width=\"650\" height=\"650\" src=\"https:\/\/hightopgroup.com\/wp-content\/uploads\/2024\/09\/180-8.jpg\" class=\"attachment-large size-large wp-image-2797\" alt=\"180 8\" srcset=\"https:\/\/hightopgroup.com\/wp-content\/uploads\/2024\/09\/180-8.jpg 650w, https:\/\/hightopgroup.com\/wp-content\/uploads\/2024\/09\/180-8-300x300.jpg 300w, https:\/\/hightopgroup.com\/wp-content\/uploads\/2024\/09\/180-8-150x150.jpg 150w, https:\/\/hightopgroup.com\/wp-content\/uploads\/2024\/09\/180-8-600x600.jpg 600w\" sizes=\"auto, (max-width: 650px) 100vw, 650px\" title=\"HT180 Mini chargeuse sur pneus 6\"><\/div>\n<\/div>\n<div class=\"elementor-element elementor-element-ff7b179 elementor-widget elementor-widget-heading\" data-id=\"ff7b179\" data-element_type=\"widget\" data-widget_type=\"heading.default\">\n<div class=\"elementor-widget-container\">\n<h2 class=\"elementor-heading-title elementor-size-default\">L\u00e9ger et facile \u00e0 utiliser<\/h2>\n<\/div>\n<\/div>\n<div class=\"elementor-element elementor-element-2c6cde4 elementor-widget elementor-widget-text-editor\" data-id=\"2c6cde4\" data-element_type=\"widget\" data-widget_type=\"text-editor.default\">\n<div class=\"elementor-widget-container\">\n<p>Lorsqu'il conduit une petite chargeuse, l'op\u00e9rateur peut facilement contr\u00f4ler la chargeuse pour charger et d\u00e9charger des mat\u00e9riaux en vrac et pour effectuer des travaux l\u00e9gers de pelletage et de creusement et d'autres op\u00e9rations, ce qui r\u00e9duit l'intensit\u00e9 du travail et am\u00e9liore l'efficacit\u00e9 du travail.<\/p>\n<\/div>\n<\/div>\n<\/div>\n<p>&nbsp;<\/p>\n<p>Param\u00e8tres<\/p>\n<div class=\"elementor-element elementor-element-de5a9f0 e-con-full e-flex e-con e-child\" data-id=\"de5a9f0\" data-element_type=\"container\">\n<div class=\"elementor-element elementor-element-e52e0c9 elementor-widget elementor-widget-text-editor\" data-id=\"e52e0c9\" data-element_type=\"widget\" data-widget_type=\"text-editor.default\">\n<div class=\"elementor-widget-container\">\n<p>Mod\u00e8le H180<\/p>\n<p>Charge nominale 800kg<\/p>\n<p>Poids en ordre de marche 2000kg<\/p>\n<p>Max. Largeur de la pelle 1180mm<\/p>\n<p>Capacit\u00e9 du godet 0.3cbm<\/p>\n<p>Capacit\u00e9 de pente maximale 30<\/p>\n<p>Garde au sol min. 200mm<\/p>\n<p>Empattement 1540mm<\/p>\n<p>Angle de braquage 49\u00b0.<\/p>\n<p>Hauteur de d\u00e9versement max. 2167mm<\/p>\n<p>Hauteur de chargement 2634mm<\/p>\n<p>Hauteur de l'axe de charni\u00e8re 2900mm<\/p>\n<p>Profondeur d'encastrement 94 mm<\/p>\n<p>Distance de d\u00e9versement 920mm<\/p>\n<p>Dimensions globales (L*L*H) 4300x1160x2150mm<\/p>\n<p>Rayon de braquage min. de la pelle 2691mm<\/p>\n<p>Rayon de braquage min. au-dessus des pneus 2257mm<\/p>\n<p>Socle de la voie 872mm<\/p>\n<p>Angle de d\u00e9versement 45<\/p>\n<p>Fonction de mise \u00e0 niveau automatique Oui<\/p>\n<p>Moteur KUBATA D1105-EF02<\/p>\n<p>Puissance nominale 18.2KW<\/p>\n<p>Syst\u00e8me de transmission<\/p>\n<p>Type Hydrostatique<\/p>\n<p>Type de pompe du syst\u00e8me Piston \u00e0 cylindr\u00e9e variable<\/p>\n<p>Type d'entra\u00eenement Moteurs de roue ind\u00e9pendants<\/p>\n<p>Oscillation angulaire classique 7,5 dans chaque sens<\/p>\n<p>Vitesse maximale 20km\/h<\/p>\n<p>Hydraulique du chargeur<\/p>\n<p>Type de pompe Engrenage<\/p>\n<p>D\u00e9bit maximum de la pompe 42L\/min<\/p>\n<p>Pression maximale de la pompe 200bar<\/p>\n<p>Puissance \u00e9lectrique<\/p>\n<p>Tension du syst\u00e8me 12V<\/p>\n<p>Sortie de l'alternateur 65Ah<\/p>\n<p>Capacit\u00e9 de la batterie 60Ah<\/p>\n<p>Mod\u00e8le de pneu 10.0\/75-15.3<\/p>\n<p>Capacit\u00e9 de remplissage<\/p>\n<p>Syst\u00e8me hydraulique et de transmission 40L<\/p>\n<p>R\u00e9servoir de carburant 45L<\/p>\n<p>Carter d'huile moteur 7.1L<\/p>\n<\/div>\n<\/div>\n<\/div>\n<div class=\"elementor-element elementor-element-3fbb200 e-con-full e-flex e-con e-child\" data-id=\"3fbb200\" data-element_type=\"container\">\n<div class=\"elementor-element elementor-element-9b29a08 elementor-widget elementor-widget-image\" data-id=\"9b29a08\" data-element_type=\"widget\" data-widget_type=\"image.default\">\n<div class=\"elementor-widget-container\"> <img loading=\"lazy\" decoding=\"async\" width=\"337\" height=\"1024\" src=\"https:\/\/hightopgroup.com\/wp-content\/uploads\/2024\/09\/HT180\u4e3b\u56fe-5-337x1024.jpg\" class=\"attachment-large size-large wp-image-2798\" alt=\"HT180\u4e3b\u56fe 5\" srcset=\"https:\/\/hightopgroup.com\/wp-content\/uploads\/2024\/09\/HT180\u4e3b\u56fe-5-337x1024.jpg 337w, https:\/\/hightopgroup.com\/wp-content\/uploads\/2024\/09\/HT180\u4e3b\u56fe-5-99x300.jpg 99w, https:\/\/hightopgroup.com\/wp-content\/uploads\/2024\/09\/HT180\u4e3b\u56fe-5-768x2331.jpg 768w, https:\/\/hightopgroup.com\/wp-content\/uploads\/2024\/09\/HT180\u4e3b\u56fe-5-506x1536.jpg 506w, https:\/\/hightopgroup.com\/wp-content\/uploads\/2024\/09\/HT180\u4e3b\u56fe-5-600x1821.jpg 600w, https:\/\/hightopgroup.com\/wp-content\/uploads\/2024\/09\/HT180\u4e3b\u56fe-5-scaled.jpg 843w\" sizes=\"auto, (max-width: 337px) 100vw, 337px\" title=\"HT180 Mini chargeuse sur pneus 7\"><\/div>\n<\/div>\n<\/div>","protected":false},"excerpt":{"rendered":"<p>Vue d'ensemble Les chargeuses sur pneus de HIGHTOP, dot\u00e9es de moteurs et de syst\u00e8mes hydrauliques avanc\u00e9s, am\u00e9liorent l'efficacit\u00e9 et l'\u00e9conomie de carburant. Avec des poids de travail de 0,5<\/p>","protected":false},"featured_media":16924,"template":"","meta":{"rank_math_lock_modified_date":false},"product_brand":[],"product_cat":[29],"product_tag":[],"class_list":{"0":"post-16922","1":"product","2":"type-product","3":"status-publish","4":"has-post-thumbnail","6":"product_cat-wheel-loader","8":"first","9":"instock","10":"product-type-simple"},"_links":{"self":[{"href":"https:\/\/beleevo.prowebplanners.com\/fr\/wp-json\/wp\/v2\/product\/16922","targetHints":{"allow":["GET"]}}],"collection":[{"href":"https:\/\/beleevo.prowebplanners.com\/fr\/wp-json\/wp\/v2\/product"}],"about":[{"href":"https:\/\/beleevo.prowebplanners.com\/fr\/wp-json\/wp\/v2\/types\/product"}],"version-history":[{"count":1,"href":"https:\/\/beleevo.prowebplanners.com\/fr\/wp-json\/wp\/v2\/product\/16922\/revisions"}],"predecessor-version":[{"id":16923,"href":"https:\/\/beleevo.prowebplanners.com\/fr\/wp-json\/wp\/v2\/product\/16922\/revisions\/16923"}],"wp:featuredmedia":[{"embeddable":true,"href":"https:\/\/beleevo.prowebplanners.com\/fr\/wp-json\/wp\/v2\/media\/16924"}],"wp:attachment":[{"href":"https:\/\/beleevo.prowebplanners.com\/fr\/wp-json\/wp\/v2\/media?parent=16922"}],"wp:term":[{"taxonomy":"product_brand","embeddable":true,"href":"https:\/\/beleevo.prowebplanners.com\/fr\/wp-json\/wp\/v2\/product_brand?post=16922"},{"taxonomy":"product_cat","embeddable":true,"href":"https:\/\/beleevo.prowebplanners.com\/fr\/wp-json\/wp\/v2\/product_cat?post=16922"},{"taxonomy":"product_tag","embeddable":true,"href":"https:\/\/beleevo.prowebplanners.com\/fr\/wp-json\/wp\/v2\/product_tag?post=16922"}],"curies":[{"name":"wp","href":"https:\/\/api.w.org\/{rel}","templated":true}]}}