{"id":16906,"date":"2025-07-23T13:37:57","date_gmt":"2025-07-23T13:37:57","guid":{"rendered":"https:\/\/beleevo.prowebplanners.com\/produit\/ht910-wheel-loader\/"},"modified":"2025-07-23T13:39:31","modified_gmt":"2025-07-23T13:39:31","slug":"ht910-wheel-loader","status":"publish","type":"product","link":"https:\/\/beleevo.prowebplanners.com\/fr\/produit\/ht910-wheel-loader\/","title":{"rendered":"Chargeuse sur pneus HT910"},"content":{"rendered":"<p>Vue d'ensemble<\/p>\n<div class=\"elementor-element elementor-element-3d00484 elementor-widget__width-initial elementor-widget elementor-widget-text-editor\" data-id=\"3d00484\" data-element_type=\"widget\" data-widget_type=\"text-editor.default\">\n<div class=\"elementor-widget-container\">\n<p>Les chargeuses sur pneus de HIGHTOP, dot\u00e9es de moteurs et de syst\u00e8mes hydrauliques avanc\u00e9s, am\u00e9liorent l'efficacit\u00e9 et l'\u00e9conomie de carburant. Avec des poids de travail de 0,5 \u00e0 5 tonnes, elles offrent des cabines conviviales avec climatisation et si\u00e8ges amortisseurs pour un confort optimal. Polyvalentes et adaptables, ces chargeuses effectuent diverses t\u00e2ches telles que le creusement, le broyage et le balayage gr\u00e2ce \u00e0 des accessoires interchangeables. Id\u00e9ales pour la construction, le terrassement, la manutention et bien plus encore, les chargeuses sur pneus HIGHTOP allient efficacit\u00e9, flexibilit\u00e9 et polyvalence pour devenir incontournables\u3002.<\/p>\n<p>Nous offrons des solutions rentables avec des co\u00fbts de production r\u00e9duits gr\u00e2ce \u00e0 notre usine bas\u00e9e en Chine. Avec plus de 10 entrep\u00f4ts dans le monde, nous offrons une assistance exceptionnelle, notamment une garantie d'un an et une assistance technique \u00e0 vie.<\/p>\n<\/div>\n<\/div>\n<div class=\"elementor-element elementor-element-eec99f5 elementor-widget__width-initial elementor-widget elementor-widget-video\" data-id=\"eec99f5\" data-element_type=\"widget\" data-settings=\"{&quot;youtube_url&quot;:&quot;https:\/\/youtu.be\/OjF3mnGl8-k?si=yHCixyTW0s6eIqAA&quot;,&quot;show_image_overlay&quot;:&quot;yes&quot;,&quot;image_overlay&quot;:{&quot;url&quot;:&quot;https:\/\/hightopgroup.com\/wp-content\/uploads\/2024\/09\/910-4.jpg&quot;,&quot;id&quot;:2953,&quot;size&quot;:&quot;&quot;,&quot;alt&quot;:&quot;&quot;,&quot;source&quot;:&quot;library&quot;},&quot;video_type&quot;:&quot;youtube&quot;,&quot;controls&quot;:&quot;yes&quot;}\" data-widget_type=\"video.default\">\n<div class=\"elementor-widget-container\">\n<div class=\"elementor-wrapper elementor-open-inline\">\n<div class=\"elementor-video\"><\/div>\n<div class=\"elementor-custom-embed-image-overlay\" style=\"background-image: url(https:\/\/hightopgroup.com\/wp-content\/uploads\/2024\/09\/910-4.jpg);\">\n<div class=\"elementor-custom-embed-play\" role=\"button\" aria-label=\"Lire la vid\u00e9o\" tabindex=\"0\"> <svg aria-hidden=\"true\" class=\"e-font-icon-svg e-eicon-play\" viewbox=\"0 0 1000 1000\"><path d=\"M838 162C746 71 633 25 500 25 371 25 258 71 163 162 71 254 25 367 25 500 25 633 71 746 163 837 254 929 367 979 500 979 633 979 746 933 838 837 929 746 975 633 975 500 975 367 929 254 838 162M808 192C892 279 933 379 933 500 933 621 892 725 808 808 725 892 621 938 500 938 379 938 279 896 196 808 113 725 67 621 67 500 67 379 108 279 196 192 279 108 383 62 500 62 621 62 721 108 808 192M438 392V642L642 517 438 392Z\" \/><\/svg><\/div>\n<\/div>\n<\/div>\n<\/div>\n<\/div>\n<p>&nbsp;<\/p>\n<p>Caract\u00e9ristiques et avantages<\/p>\n<div class=\"elementor-element elementor-element-138b23e e-con-full e-flex e-con e-child\" data-id=\"138b23e\" data-element_type=\"container\">\n<div class=\"elementor-element elementor-element-dc31022 elementor-widget elementor-widget-image\" data-id=\"dc31022\" data-element_type=\"widget\" data-widget_type=\"image.default\">\n<div class=\"elementor-widget-container\"> <img fetchpriority=\"high\" decoding=\"async\" width=\"800\" height=\"800\" src=\"https:\/\/hightopgroup.com\/wp-content\/uploads\/2024\/09\/910-7.jpg\" class=\"attachment-large size-large wp-image-2954\" alt=\"910 7\" srcset=\"https:\/\/hightopgroup.com\/wp-content\/uploads\/2024\/09\/910-7.jpg 800w, https:\/\/hightopgroup.com\/wp-content\/uploads\/2024\/09\/910-7-300x300.jpg 300w, https:\/\/hightopgroup.com\/wp-content\/uploads\/2024\/09\/910-7-150x150.jpg 150w, https:\/\/hightopgroup.com\/wp-content\/uploads\/2024\/09\/910-7-768x768.jpg 768w, https:\/\/hightopgroup.com\/wp-content\/uploads\/2024\/09\/910-7-600x600.jpg 600w\" sizes=\"(max-width: 800px) 100vw, 800px\" title=\"Chargeuse sur pneus HT910 1\"><\/div>\n<\/div>\n<div class=\"elementor-element elementor-element-7fcb316 elementor-widget elementor-widget-heading\" data-id=\"7fcb316\" data-element_type=\"widget\" data-widget_type=\"heading.default\">\n<div class=\"elementor-widget-container\">\n<h2 class=\"elementor-heading-title elementor-size-default\">Environnement de travail agr\u00e9able<\/h2>\n<\/div>\n<\/div>\n<div class=\"elementor-element elementor-element-1aa33d7 elementor-widget elementor-widget-text-editor\" data-id=\"1aa33d7\" data-element_type=\"widget\" data-widget_type=\"text-editor.default\">\n<div class=\"elementor-widget-container\">\n<p>L'environnement de travail dans la cabine de la chargeuse sur pneus HT910 est excellent, gr\u00e2ce \u00e0 un syst\u00e8me de chauffage et de ventilation efficace avec un ventilateur, un filtre \u00e0 air frais et des buses d'air bien plac\u00e9es.<\/p>\n<\/div>\n<\/div>\n<\/div>\n<div class=\"elementor-element elementor-element-b74d99a e-con-full e-flex e-con e-child\" data-id=\"b74d99a\" data-element_type=\"container\">\n<div class=\"elementor-element elementor-element-d474faf elementor-widget elementor-widget-image\" data-id=\"d474faf\" data-element_type=\"widget\" data-widget_type=\"image.default\">\n<div class=\"elementor-widget-container\"> <img decoding=\"async\" width=\"800\" height=\"800\" src=\"https:\/\/hightopgroup.com\/wp-content\/uploads\/2024\/09\/910-58.jpg\" class=\"attachment-large size-large wp-image-2962\" alt=\"910 58\" srcset=\"https:\/\/hightopgroup.com\/wp-content\/uploads\/2024\/09\/910-58.jpg 800w, https:\/\/hightopgroup.com\/wp-content\/uploads\/2024\/09\/910-58-300x300.jpg 300w, https:\/\/hightopgroup.com\/wp-content\/uploads\/2024\/09\/910-58-150x150.jpg 150w, https:\/\/hightopgroup.com\/wp-content\/uploads\/2024\/09\/910-58-768x768.jpg 768w, https:\/\/hightopgroup.com\/wp-content\/uploads\/2024\/09\/910-58-600x600.jpg 600w\" sizes=\"(max-width: 800px) 100vw, 800px\" title=\"Chargeuse sur pneus HT910 2\"><\/div>\n<\/div>\n<div class=\"elementor-element elementor-element-97e9dde elementor-widget elementor-widget-heading\" data-id=\"97e9dde\" data-element_type=\"widget\" data-widget_type=\"heading.default\">\n<div class=\"elementor-widget-container\">\n<h2 class=\"elementor-heading-title elementor-size-default\">Bonne visibilit\u00e9 panoramique - lieu de travail ergonomique<\/h2>\n<\/div>\n<\/div>\n<div class=\"elementor-element elementor-element-2c77c6d elementor-widget elementor-widget-text-editor\" data-id=\"2c77c6d\" data-element_type=\"widget\" data-widget_type=\"text-editor.default\">\n<div class=\"elementor-widget-container\">\n<p>La fen\u00eatre sup\u00e9rieure en arc de cercle permet au conducteur d'avoir une vue optimale sur les accessoires, ce qui est un gage de s\u00e9curit\u00e9.<\/p>\n<\/div>\n<\/div>\n<\/div>\n<div class=\"elementor-element elementor-element-7aad0d8 e-con-full e-flex e-con e-child\" data-id=\"7aad0d8\" data-element_type=\"container\">\n<div class=\"elementor-element elementor-element-fbca415 elementor-widget elementor-widget-image\" data-id=\"fbca415\" data-element_type=\"widget\" data-widget_type=\"image.default\">\n<div class=\"elementor-widget-container\"> <img decoding=\"async\" width=\"800\" height=\"800\" src=\"https:\/\/hightopgroup.com\/wp-content\/uploads\/2024\/09\/JS700C\u7279\u5f81-5.jpg\" class=\"attachment-large size-large wp-image-2775\" alt=\"JS700C\u7279\u5f81 5\" srcset=\"https:\/\/hightopgroup.com\/wp-content\/uploads\/2024\/09\/JS700C\u7279\u5f81-5.jpg 1000w, https:\/\/hightopgroup.com\/wp-content\/uploads\/2024\/09\/JS700C\u7279\u5f81-5-300x300.jpg 300w, https:\/\/hightopgroup.com\/wp-content\/uploads\/2024\/09\/JS700C\u7279\u5f81-5-150x150.jpg 150w, https:\/\/hightopgroup.com\/wp-content\/uploads\/2024\/09\/JS700C\u7279\u5f81-5-768x768.jpg 768w, https:\/\/hightopgroup.com\/wp-content\/uploads\/2024\/09\/JS700C\u7279\u5f81-5-600x600.jpg 600w\" sizes=\"(max-width: 800px) 100vw, 800px\" title=\"Chargeuse sur pneus HT910 3\"><\/div>\n<\/div>\n<div class=\"elementor-element elementor-element-1a03bb3 elementor-widget elementor-widget-heading\" data-id=\"1a03bb3\" data-element_type=\"widget\" data-widget_type=\"heading.default\">\n<div class=\"elementor-widget-container\">\n<h2 class=\"elementor-heading-title elementor-size-default\">Large \u00e9ventail d'applications<\/h2>\n<\/div>\n<\/div>\n<div class=\"elementor-element elementor-element-cb9ac85 elementor-widget elementor-widget-text-editor\" data-id=\"cb9ac85\" data-element_type=\"widget\" data-widget_type=\"text-editor.default\">\n<div class=\"elementor-widget-container\">\n<p>La chargeuse sur pneus HT910 est plus petite et plus puissante, non seulement pour les routes, les chemins de fer, les ports, les mines, les fermes, les ranchs et autres environnements, mais aussi pour l'agriculture, le jardinage, l'aquaculture, la construction ou d'autres applications.<\/p>\n<\/div>\n<\/div>\n<\/div>\n<div class=\"elementor-element elementor-element-c6bb502 e-con-full e-flex e-con e-child\" data-id=\"c6bb502\" data-element_type=\"container\">\n<div class=\"elementor-element elementor-element-a654cb5 elementor-widget elementor-widget-image\" data-id=\"a654cb5\" data-element_type=\"widget\" data-widget_type=\"image.default\">\n<div class=\"elementor-widget-container\"> <img loading=\"lazy\" decoding=\"async\" width=\"800\" height=\"800\" src=\"https:\/\/hightopgroup.com\/wp-content\/uploads\/2024\/09\/\u8f6e\u88c5\u5c5e\u5177.jpg\" class=\"attachment-large size-large wp-image-2963\" alt=\"\u8f6e\u88c5\u5c5e\u5177\" srcset=\"https:\/\/hightopgroup.com\/wp-content\/uploads\/2024\/09\/\u8f6e\u88c5\u5c5e\u5177.jpg 800w, https:\/\/hightopgroup.com\/wp-content\/uploads\/2024\/09\/\u8f6e\u88c5\u5c5e\u5177-300x300.jpg 300w, https:\/\/hightopgroup.com\/wp-content\/uploads\/2024\/09\/\u8f6e\u88c5\u5c5e\u5177-150x150.jpg 150w, https:\/\/hightopgroup.com\/wp-content\/uploads\/2024\/09\/\u8f6e\u88c5\u5c5e\u5177-768x768.jpg 768w, https:\/\/hightopgroup.com\/wp-content\/uploads\/2024\/09\/\u8f6e\u88c5\u5c5e\u5177-600x600.jpg 600w\" sizes=\"auto, (max-width: 800px) 100vw, 800px\" title=\"Chargeuse sur pneus HT910 4\"><\/div>\n<\/div>\n<div class=\"elementor-element elementor-element-84b165c elementor-widget elementor-widget-heading\" data-id=\"84b165c\" data-element_type=\"widget\" data-widget_type=\"heading.default\">\n<div class=\"elementor-widget-container\">\n<h2 class=\"elementor-heading-title elementor-size-default\">Diff\u00e9rents accessoires peuvent \u00eatre install\u00e9s<\/h2>\n<\/div>\n<\/div>\n<div class=\"elementor-element elementor-element-9db03b7 elementor-widget elementor-widget-text-editor\" data-id=\"9db03b7\" data-element_type=\"widget\" data-widget_type=\"text-editor.default\">\n<div class=\"elementor-widget-container\">\n<p>La fourche \u00e0 herbe, la balayeuse \u00e0 neige, la tari\u00e8re, la lame \u00e0 neige, le godet \u00e0 neige, la fourche \u00e0 palette, le godet de criblage, le godet 4 en 1 et d'autres accessoires peuvent \u00eatre install\u00e9s sur la chargeuse compacte sur pneus pour r\u00e9aliser diff\u00e9rentes fonctions.<\/p>\n<\/div>\n<\/div>\n<\/div>\n<div class=\"elementor-element elementor-element-b2de1b5 e-con-full e-flex e-con e-child\" data-id=\"b2de1b5\" data-element_type=\"container\">\n<div class=\"elementor-element elementor-element-eec0d58 elementor-widget elementor-widget-image\" data-id=\"eec0d58\" data-element_type=\"widget\" data-widget_type=\"image.default\">\n<div class=\"elementor-widget-container\"> <img loading=\"lazy\" decoding=\"async\" width=\"800\" height=\"800\" src=\"https:\/\/hightopgroup.com\/wp-content\/uploads\/2024\/09\/910-22.jpg\" class=\"attachment-large size-large wp-image-2964\" alt=\"910 22\" srcset=\"https:\/\/hightopgroup.com\/wp-content\/uploads\/2024\/09\/910-22.jpg 800w, https:\/\/hightopgroup.com\/wp-content\/uploads\/2024\/09\/910-22-300x300.jpg 300w, https:\/\/hightopgroup.com\/wp-content\/uploads\/2024\/09\/910-22-150x150.jpg 150w, https:\/\/hightopgroup.com\/wp-content\/uploads\/2024\/09\/910-22-768x768.jpg 768w, https:\/\/hightopgroup.com\/wp-content\/uploads\/2024\/09\/910-22-600x600.jpg 600w\" sizes=\"auto, (max-width: 800px) 100vw, 800px\" title=\"Chargeuse sur pneus HT910 5\"><\/div>\n<\/div>\n<div class=\"elementor-element elementor-element-cb9c692 elementor-widget elementor-widget-heading\" data-id=\"cb9c692\" data-element_type=\"widget\" data-widget_type=\"heading.default\">\n<div class=\"elementor-widget-container\">\n<h2 class=\"elementor-heading-title elementor-size-default\">Rev\u00eatement en poudre de haute qualit\u00e9<\/h2>\n<\/div>\n<\/div>\n<div class=\"elementor-element elementor-element-4da304d elementor-widget elementor-widget-text-editor\" data-id=\"4da304d\" data-element_type=\"widget\" data-widget_type=\"text-editor.default\">\n<div class=\"elementor-widget-container\">\n<p>L'excellente protection contre la corrosion du rev\u00eatement en poudre a consid\u00e9rablement prolong\u00e9 la dur\u00e9e de vie de la chargeuse sur pneus Hightop.<\/p>\n<\/div>\n<\/div>\n<\/div>\n<div class=\"elementor-element elementor-element-c218b52 e-con-full e-flex e-con e-child\" data-id=\"c218b52\" data-element_type=\"container\">\n<div class=\"elementor-element elementor-element-f6c1e7c elementor-widget elementor-widget-image\" data-id=\"f6c1e7c\" data-element_type=\"widget\" data-widget_type=\"image.default\">\n<div class=\"elementor-widget-container\"> <img loading=\"lazy\" decoding=\"async\" width=\"800\" height=\"800\" src=\"https:\/\/hightopgroup.com\/wp-content\/uploads\/2024\/09\/910-45.jpg\" class=\"attachment-large size-large wp-image-2965\" alt=\"910 45\" srcset=\"https:\/\/hightopgroup.com\/wp-content\/uploads\/2024\/09\/910-45.jpg 800w, https:\/\/hightopgroup.com\/wp-content\/uploads\/2024\/09\/910-45-300x300.jpg 300w, https:\/\/hightopgroup.com\/wp-content\/uploads\/2024\/09\/910-45-150x150.jpg 150w, https:\/\/hightopgroup.com\/wp-content\/uploads\/2024\/09\/910-45-768x768.jpg 768w, https:\/\/hightopgroup.com\/wp-content\/uploads\/2024\/09\/910-45-600x600.jpg 600w\" sizes=\"auto, (max-width: 800px) 100vw, 800px\" title=\"Chargeuse sur pneus HT910 6\"><\/div>\n<\/div>\n<div class=\"elementor-element elementor-element-ff7b179 elementor-widget elementor-widget-heading\" data-id=\"ff7b179\" data-element_type=\"widget\" data-widget_type=\"heading.default\">\n<div class=\"elementor-widget-container\">\n<h2 class=\"elementor-heading-title elementor-size-default\">Volant ergonomique<\/h2>\n<\/div>\n<\/div>\n<div class=\"elementor-element elementor-element-2c6cde4 elementor-widget elementor-widget-text-editor\" data-id=\"2c6cde4\" data-element_type=\"widget\" data-widget_type=\"text-editor.default\">\n<div class=\"elementor-widget-container\">\n<p>Le volant est \u00e0 la fois s\u00fbr et confortable \u00e0 tenir dans les mains, robuste et r\u00e9actif. Vous pouvez ainsi contr\u00f4ler la machine et les fonctions cl\u00e9s \u00e0 tout moment, avec une utilisation facile et pratique pour une productivit\u00e9 accrue.<\/p>\n<\/div>\n<\/div>\n<\/div>\n<p>&nbsp;<\/p>\n<p>Param\u00e8tres<\/p>\n<div class=\"elementor-element elementor-element-de5a9f0 e-con-full e-flex e-con e-child\" data-id=\"de5a9f0\" data-element_type=\"container\">\n<div class=\"elementor-element elementor-element-e52e0c9 elementor-widget elementor-widget-text-editor\" data-id=\"e52e0c9\" data-element_type=\"widget\" data-widget_type=\"text-editor.default\">\n<div class=\"elementor-widget-container\">\n<p>Mod\u00e8le:HT910<\/p>\n<p>Mode de chargement et de d\u00e9chargement D\u00e9chargement frontal<\/p>\n<p>Mode de marche Roues<\/p>\n<p>Moteur Changjia25<\/p>\n<p>Pneu 750-16<\/p>\n<p>Capacit\u00e9 standard du godet 0,3m3<\/p>\n<p>Largeur du godet 1300MM<\/p>\n<p>VOIE DES ROUES 1370MM<\/p>\n<p>Type de pont d'entra\u00eenement Essieu \u00e0 demi-essieu<\/p>\n<p>Puissance du moteur 18KW<\/p>\n<p>Qualit\u00e9 de l'ensemble du v\u00e9hicule 1700KG<\/p>\n<p>Empattement 1810MM<\/p>\n<p>Type de commande Transmission manuelle<\/p>\n<p>Marque Walker<\/p>\n<p>Dimensions globales (LxLxH) 4400*1300*2330mm<\/p>\n<p>Syst\u00e8me d'entra\u00eenement Bo\u00eete de vitesses m\u00e9canique<\/p>\n<p>syst\u00e8me hydraulique fonctionnel joystick m\u00e9canique unique<\/p>\n<p>dur\u00e9e de levage 4s<\/p>\n<p>Temps de chute 3.2s<\/p>\n<p>Frein de service Frein \u00e0 tambour m\u00e9canique sur la bo\u00eete de vitesses<\/p>\n<p>frein de stationnement \u00e0 main<\/p>\n<p>Hauteur maximale de d\u00e9chargement 2400-2700MM<\/p>\n<p>Charge nominale 500-800KG<\/p>\n<p>Nombre de cylindres 1<\/p>\n<p>Aides \u00e0 l'installation en option Godet, pince \u00e0 herbe, fourche<\/p>\n<\/div>\n<\/div>\n<\/div>\n<div class=\"elementor-element elementor-element-3fbb200 e-con-full e-flex e-con e-child\" data-id=\"3fbb200\" data-element_type=\"container\">\n<div class=\"elementor-element elementor-element-9b29a08 elementor-widget elementor-widget-image\" data-id=\"9b29a08\" data-element_type=\"widget\" data-widget_type=\"image.default\">\n<div class=\"elementor-widget-container\"> <img loading=\"lazy\" decoding=\"async\" width=\"642\" height=\"1024\" src=\"https:\/\/hightopgroup.com\/wp-content\/uploads\/2024\/09\/910-59-642x1024.jpg\" class=\"attachment-large size-large wp-image-2967\" alt=\"910 59\" srcset=\"https:\/\/hightopgroup.com\/wp-content\/uploads\/2024\/09\/910-59-642x1024.jpg 642w, https:\/\/hightopgroup.com\/wp-content\/uploads\/2024\/09\/910-59-188x300.jpg 188w, https:\/\/hightopgroup.com\/wp-content\/uploads\/2024\/09\/910-59-768x1225.jpg 768w, https:\/\/hightopgroup.com\/wp-content\/uploads\/2024\/09\/910-59-600x957.jpg 600w, https:\/\/hightopgroup.com\/wp-content\/uploads\/2024\/09\/910-59.jpg 800w\" sizes=\"auto, (max-width: 642px) 100vw, 642px\" title=\"Chargeuse sur pneus HT910 7\"><\/div>\n<\/div>\n<\/div>","protected":false},"excerpt":{"rendered":"<p>Vue d'ensemble Les chargeuses sur pneus de HIGHTOP, dot\u00e9es de moteurs et de syst\u00e8mes hydrauliques avanc\u00e9s, am\u00e9liorent l'efficacit\u00e9 et l'\u00e9conomie de carburant. Avec des poids de travail de 0,5<\/p>","protected":false},"featured_media":16908,"template":"","meta":{"rank_math_lock_modified_date":false},"product_brand":[],"product_cat":[29],"product_tag":[],"class_list":{"0":"post-16906","1":"product","2":"type-product","3":"status-publish","4":"has-post-thumbnail","6":"product_cat-wheel-loader","8":"first","9":"instock","10":"product-type-simple"},"_links":{"self":[{"href":"https:\/\/beleevo.prowebplanners.com\/fr\/wp-json\/wp\/v2\/product\/16906","targetHints":{"allow":["GET"]}}],"collection":[{"href":"https:\/\/beleevo.prowebplanners.com\/fr\/wp-json\/wp\/v2\/product"}],"about":[{"href":"https:\/\/beleevo.prowebplanners.com\/fr\/wp-json\/wp\/v2\/types\/product"}],"version-history":[{"count":1,"href":"https:\/\/beleevo.prowebplanners.com\/fr\/wp-json\/wp\/v2\/product\/16906\/revisions"}],"predecessor-version":[{"id":16907,"href":"https:\/\/beleevo.prowebplanners.com\/fr\/wp-json\/wp\/v2\/product\/16906\/revisions\/16907"}],"wp:featuredmedia":[{"embeddable":true,"href":"https:\/\/beleevo.prowebplanners.com\/fr\/wp-json\/wp\/v2\/media\/16908"}],"wp:attachment":[{"href":"https:\/\/beleevo.prowebplanners.com\/fr\/wp-json\/wp\/v2\/media?parent=16906"}],"wp:term":[{"taxonomy":"product_brand","embeddable":true,"href":"https:\/\/beleevo.prowebplanners.com\/fr\/wp-json\/wp\/v2\/product_brand?post=16906"},{"taxonomy":"product_cat","embeddable":true,"href":"https:\/\/beleevo.prowebplanners.com\/fr\/wp-json\/wp\/v2\/product_cat?post=16906"},{"taxonomy":"product_tag","embeddable":true,"href":"https:\/\/beleevo.prowebplanners.com\/fr\/wp-json\/wp\/v2\/product_tag?post=16906"}],"curies":[{"name":"wp","href":"https:\/\/api.w.org\/{rel}","templated":true}]}}