{"id":16890,"date":"2025-07-23T13:37:57","date_gmt":"2025-07-23T13:37:57","guid":{"rendered":"https:\/\/beleevo.prowebplanners.com\/produit\/htdl06-wheel-loader\/"},"modified":"2025-07-23T13:39:00","modified_gmt":"2025-07-23T13:39:00","slug":"htdl06-wheel-loader","status":"publish","type":"product","link":"https:\/\/beleevo.prowebplanners.com\/fr\/produit\/htdl06-wheel-loader\/","title":{"rendered":"HTDL06 Chargeuse sur pneus"},"content":{"rendered":"<p>Vue d'ensemble<\/p>\n<div class=\"elementor-element elementor-element-3d00484 elementor-widget__width-initial elementor-widget elementor-widget-text-editor\" data-id=\"3d00484\" data-element_type=\"widget\" data-widget_type=\"text-editor.default\">\n<div class=\"elementor-widget-container\">\n<p>Les chargeuses sur pneus de HIGHTOP, dot\u00e9es de moteurs et de syst\u00e8mes hydrauliques avanc\u00e9s, am\u00e9liorent l'efficacit\u00e9 et l'\u00e9conomie de carburant. Avec des poids de travail de 0,5 \u00e0 5 tonnes, elles offrent des cabines conviviales avec climatisation et si\u00e8ges amortisseurs pour un confort optimal. Polyvalentes et adaptables, ces chargeuses effectuent diverses t\u00e2ches telles que le creusement, le broyage et le balayage gr\u00e2ce \u00e0 des accessoires interchangeables. Id\u00e9ales pour la construction, le terrassement, la manutention et bien plus encore, les chargeuses sur pneus HIGHTOP allient efficacit\u00e9, flexibilit\u00e9 et polyvalence pour devenir incontournables\u3002.<\/p>\n<p>Nous offrons des solutions rentables avec des co\u00fbts de production r\u00e9duits gr\u00e2ce \u00e0 notre usine bas\u00e9e en Chine. Avec plus de 10 entrep\u00f4ts dans le monde, nous offrons une assistance exceptionnelle, notamment une garantie d'un an et une assistance technique \u00e0 vie.<\/p>\n<\/div>\n<\/div>\n<div class=\"elementor-element elementor-element-eec99f5 elementor-widget__width-initial elementor-widget elementor-widget-video\" data-id=\"eec99f5\" data-element_type=\"widget\" data-settings=\"{&quot;youtube_url&quot;:&quot;https:\/\/youtu.be\/HBdk9mWqeU4?si=jrsg5C8cFjmHjuT-&quot;,&quot;show_image_overlay&quot;:&quot;yes&quot;,&quot;image_overlay&quot;:{&quot;url&quot;:&quot;https:\/\/hightopgroup.com\/wp-content\/uploads\/2024\/11\/DL06u88c5u8f7du673au4e3bu56fe-21.jpg&quot;,&quot;id&quot;:3201,&quot;size&quot;:&quot;&quot;,&quot;alt&quot;:&quot;&quot;,&quot;source&quot;:&quot;library&quot;},&quot;video_type&quot;:&quot;youtube&quot;,&quot;controls&quot;:&quot;yes&quot;}\" data-widget_type=\"video.default\">\n<div class=\"elementor-widget-container\">\n<div class=\"elementor-wrapper elementor-open-inline\">\n<div class=\"elementor-video\"><\/div>\n<div class=\"elementor-custom-embed-image-overlay\" style=\"background-image: url(https:\/\/hightopgroup.com\/wp-content\/uploads\/2024\/11\/DL06\u88c5\u8f7d\u673a\u4e3b\u56fe-21.jpg);\">\n<div class=\"elementor-custom-embed-play\" role=\"button\" aria-label=\"Lire la vid\u00e9o\" tabindex=\"0\"> <svg aria-hidden=\"true\" class=\"e-font-icon-svg e-eicon-play\" viewbox=\"0 0 1000 1000\"><path d=\"M838 162C746 71 633 25 500 25 371 25 258 71 163 162 71 254 25 367 25 500 25 633 71 746 163 837 254 929 367 979 500 979 633 979 746 933 838 837 929 746 975 633 975 500 975 367 929 254 838 162M808 192C892 279 933 379 933 500 933 621 892 725 808 808 725 892 621 938 500 938 379 938 279 896 196 808 113 725 67 621 67 500 67 379 108 279 196 192 279 108 383 62 500 62 621 62 721 108 808 192M438 392V642L642 517 438 392Z\" \/><\/svg><\/div>\n<\/div>\n<\/div>\n<\/div>\n<\/div>\n<p>&nbsp;<\/p>\n<p>Caract\u00e9ristiques et avantages<\/p>\n<div class=\"elementor-element elementor-element-138b23e e-con-full e-flex e-con e-child\" data-id=\"138b23e\" data-element_type=\"container\">\n<div class=\"elementor-element elementor-element-dc31022 elementor-widget elementor-widget-image\" data-id=\"dc31022\" data-element_type=\"widget\" data-widget_type=\"image.default\">\n<div class=\"elementor-widget-container\"> <img fetchpriority=\"high\" decoding=\"async\" width=\"790\" height=\"790\" src=\"https:\/\/hightopgroup.com\/wp-content\/uploads\/2024\/11\/DL06\u88c5\u8f7d\u673a\u7279\u5f811.jpg\" class=\"attachment-large size-large wp-image-3190\" alt=\"DL06\u88c5\u8f7d\u673a\u7279\u5f811\" srcset=\"https:\/\/hightopgroup.com\/wp-content\/uploads\/2024\/11\/DL06\u88c5\u8f7d\u673a\u7279\u5f811.jpg 790w, https:\/\/hightopgroup.com\/wp-content\/uploads\/2024\/11\/DL06\u88c5\u8f7d\u673a\u7279\u5f811-300x300.jpg 300w, https:\/\/hightopgroup.com\/wp-content\/uploads\/2024\/11\/DL06\u88c5\u8f7d\u673a\u7279\u5f811-150x150.jpg 150w, https:\/\/hightopgroup.com\/wp-content\/uploads\/2024\/11\/DL06\u88c5\u8f7d\u673a\u7279\u5f811-768x768.jpg 768w, https:\/\/hightopgroup.com\/wp-content\/uploads\/2024\/11\/DL06\u88c5\u8f7d\u673a\u7279\u5f811-600x600.jpg 600w\" sizes=\"(max-width: 790px) 100vw, 790px\" title=\"HTDL06 Chargeuse sur pneus 1\"><\/div>\n<\/div>\n<div class=\"elementor-element elementor-element-7fcb316 elementor-widget elementor-widget-heading\" data-id=\"7fcb316\" data-element_type=\"widget\" data-widget_type=\"heading.default\">\n<div class=\"elementor-widget-container\">\n<h2 class=\"elementor-heading-title elementor-size-default\">capacit\u00e9 de chargement\uff1a0,4-0,6m\u00b3(600kg)<\/h2>\n<\/div>\n<\/div>\n<div class=\"elementor-element elementor-element-1aa33d7 elementor-widget elementor-widget-text-editor\" data-id=\"1aa33d7\" data-element_type=\"widget\" data-widget_type=\"text-editor.default\">\n<div class=\"elementor-widget-container\">\n<p>La chargeuse sur pneus HTDL06 est une machine de construction tr\u00e8s performante avec une capacit\u00e9 de charge de 600 kg, ce qui permet \u00e0 la chargeuse sur pneus Hightop de jouer un r\u00f4le important dans un large \u00e9ventail de projets, qu'il s'agisse de projets de terrassement \u00e0 grande \u00e9chelle ou de petits projets de construction.<\/p>\n<\/div>\n<\/div>\n<\/div>\n<div class=\"elementor-element elementor-element-b74d99a e-con-full e-flex e-con e-child\" data-id=\"b74d99a\" data-element_type=\"container\">\n<div class=\"elementor-element elementor-element-d474faf elementor-widget elementor-widget-image\" data-id=\"d474faf\" data-element_type=\"widget\" data-widget_type=\"image.default\">\n<div class=\"elementor-widget-container\"> <img decoding=\"async\" width=\"790\" height=\"790\" src=\"https:\/\/hightopgroup.com\/wp-content\/uploads\/2024\/11\/DL06\u88c5\u8f7d\u673a\u7279\u5f812.jpg\" class=\"attachment-large size-large wp-image-3191\" alt=\"DL06\u88c5\u8f7d\u673a\u7279\u5f812\" srcset=\"https:\/\/hightopgroup.com\/wp-content\/uploads\/2024\/11\/DL06\u88c5\u8f7d\u673a\u7279\u5f812.jpg 790w, https:\/\/hightopgroup.com\/wp-content\/uploads\/2024\/11\/DL06\u88c5\u8f7d\u673a\u7279\u5f812-300x300.jpg 300w, https:\/\/hightopgroup.com\/wp-content\/uploads\/2024\/11\/DL06\u88c5\u8f7d\u673a\u7279\u5f812-150x150.jpg 150w, https:\/\/hightopgroup.com\/wp-content\/uploads\/2024\/11\/DL06\u88c5\u8f7d\u673a\u7279\u5f812-768x768.jpg 768w, https:\/\/hightopgroup.com\/wp-content\/uploads\/2024\/11\/DL06\u88c5\u8f7d\u673a\u7279\u5f812-600x600.jpg 600w\" sizes=\"(max-width: 790px) 100vw, 790px\" title=\"HTDL06 Chargeuse sur pneus 2\"><\/div>\n<\/div>\n<div class=\"elementor-element elementor-element-97e9dde elementor-widget elementor-widget-heading\" data-id=\"97e9dde\" data-element_type=\"widget\" data-widget_type=\"heading.default\">\n<div class=\"elementor-widget-container\">\n<h2 class=\"elementor-heading-title elementor-size-default\">Pneu tout-terrain d'ing\u00e9nierie<\/h2>\n<\/div>\n<\/div>\n<div class=\"elementor-element elementor-element-2c77c6d elementor-widget elementor-widget-text-editor\" data-id=\"2c77c6d\" data-element_type=\"widget\" data-widget_type=\"text-editor.default\">\n<div class=\"elementor-widget-container\">\n<p>La chargeuse compacte sur pneus HTDL06 utilise des pneus en caoutchouc technique, antid\u00e9rapants, r\u00e9sistants \u00e0 l'usure et \u00e0 la chaleur. Ils ont \u00e9galement un bon effet d'absorption des chocs, ce qui permet d'att\u00e9nuer efficacement les vibrations et les impacts du v\u00e9hicule pendant la conduite, et d'am\u00e9liorer le confort du conducteur et la stabilit\u00e9 op\u00e9rationnelle.<\/p>\n<\/div>\n<\/div>\n<\/div>\n<div class=\"elementor-element elementor-element-7aad0d8 e-con-full e-flex e-con e-child\" data-id=\"7aad0d8\" data-element_type=\"container\">\n<div class=\"elementor-element elementor-element-fbca415 elementor-widget elementor-widget-image\" data-id=\"fbca415\" data-element_type=\"widget\" data-widget_type=\"image.default\">\n<div class=\"elementor-widget-container\"> <img decoding=\"async\" width=\"790\" height=\"790\" src=\"https:\/\/hightopgroup.com\/wp-content\/uploads\/2024\/11\/DL06\u88c5\u8f7d\u673a\u7279\u5f813.jpg\" class=\"attachment-large size-large wp-image-3192\" alt=\"DL06\u88c5\u8f7d\u673a\u7279\u5f813\" srcset=\"https:\/\/hightopgroup.com\/wp-content\/uploads\/2024\/11\/DL06\u88c5\u8f7d\u673a\u7279\u5f813.jpg 790w, https:\/\/hightopgroup.com\/wp-content\/uploads\/2024\/11\/DL06\u88c5\u8f7d\u673a\u7279\u5f813-300x300.jpg 300w, https:\/\/hightopgroup.com\/wp-content\/uploads\/2024\/11\/DL06\u88c5\u8f7d\u673a\u7279\u5f813-150x150.jpg 150w, https:\/\/hightopgroup.com\/wp-content\/uploads\/2024\/11\/DL06\u88c5\u8f7d\u673a\u7279\u5f813-768x768.jpg 768w, https:\/\/hightopgroup.com\/wp-content\/uploads\/2024\/11\/DL06\u88c5\u8f7d\u673a\u7279\u5f813-600x600.jpg 600w\" sizes=\"(max-width: 790px) 100vw, 790px\" title=\"HTDL06 Chargeuse sur pneus 3\"><\/div>\n<\/div>\n<div class=\"elementor-element elementor-element-1a03bb3 elementor-widget elementor-widget-heading\" data-id=\"1a03bb3\" data-element_type=\"widget\" data-widget_type=\"heading.default\">\n<div class=\"elementor-widget-container\">\n<h2 class=\"elementor-heading-title elementor-size-default\">Hauteur maximale de d\u00e9chargement 2260mm<\/h2>\n<\/div>\n<\/div>\n<div class=\"elementor-element elementor-element-cb9ac85 elementor-widget elementor-widget-text-editor\" data-id=\"cb9ac85\" data-element_type=\"widget\" data-widget_type=\"text-editor.default\">\n<div class=\"elementor-widget-container\">\n<p>La hauteur de d\u00e9chargement maximale est de 2260 mm, et le bras de levage hydraulique peut fournir une force motrice puissante et un contr\u00f4le pr\u00e9cis. La conception de l'attache rapide hydraulique peut am\u00e9liorer la flexibilit\u00e9 et l'efficacit\u00e9 des op\u00e9rations. L'\u00e9tanch\u00e9it\u00e9 du cylindre hydraulique, la grande capacit\u00e9 d'huile, la vitesse de levage rapide permettent de r\u00e9aliser des travaux de chargement et de d\u00e9chargement importants.<\/p>\n<\/div>\n<\/div>\n<\/div>\n<div class=\"elementor-element elementor-element-c6bb502 e-con-full e-flex e-con e-child\" data-id=\"c6bb502\" data-element_type=\"container\">\n<div class=\"elementor-element elementor-element-a654cb5 elementor-widget elementor-widget-image\" data-id=\"a654cb5\" data-element_type=\"widget\" data-widget_type=\"image.default\">\n<div class=\"elementor-widget-container\"> <img loading=\"lazy\" decoding=\"async\" width=\"790\" height=\"790\" src=\"https:\/\/hightopgroup.com\/wp-content\/uploads\/2024\/11\/DL06\u88c5\u8f7d\u673a\u7279\u5f814.jpg\" class=\"attachment-large size-large wp-image-3193\" alt=\"DL06\u88c5\u8f7d\u673a\u7279\u5f814\" srcset=\"https:\/\/hightopgroup.com\/wp-content\/uploads\/2024\/11\/DL06\u88c5\u8f7d\u673a\u7279\u5f814.jpg 790w, https:\/\/hightopgroup.com\/wp-content\/uploads\/2024\/11\/DL06\u88c5\u8f7d\u673a\u7279\u5f814-300x300.jpg 300w, https:\/\/hightopgroup.com\/wp-content\/uploads\/2024\/11\/DL06\u88c5\u8f7d\u673a\u7279\u5f814-150x150.jpg 150w, https:\/\/hightopgroup.com\/wp-content\/uploads\/2024\/11\/DL06\u88c5\u8f7d\u673a\u7279\u5f814-768x768.jpg 768w, https:\/\/hightopgroup.com\/wp-content\/uploads\/2024\/11\/DL06\u88c5\u8f7d\u673a\u7279\u5f814-600x600.jpg 600w\" sizes=\"auto, (max-width: 790px) 100vw, 790px\" title=\"HTDL06 Chargeuse sur pneus 4\"><\/div>\n<\/div>\n<div class=\"elementor-element elementor-element-84b165c elementor-widget elementor-widget-heading\" data-id=\"84b165c\" data-element_type=\"widget\" data-widget_type=\"heading.default\">\n<div class=\"elementor-widget-container\">\n<h2 class=\"elementor-heading-title elementor-size-default\">Une machine multifonctionnelle<\/h2>\n<\/div>\n<\/div>\n<div class=\"elementor-element elementor-element-9db03b7 elementor-widget elementor-widget-text-editor\" data-id=\"9db03b7\" data-element_type=\"widget\" data-widget_type=\"text-editor.default\">\n<div class=\"elementor-widget-container\">\n<p>La chargeuse sur pneus Hightop est un \u00e9quipement de construction polyvalent et performant. Elle peut non seulement effectuer efficacement des op\u00e9rations de pelletage, mais aussi r\u00e9aliser facilement toute une s\u00e9rie de t\u00e2ches telles que le d\u00e9chargement, le chargement et le transport.<\/p>\n<\/div>\n<\/div>\n<\/div>\n<div class=\"elementor-element elementor-element-b2de1b5 e-con-full e-flex e-con e-child\" data-id=\"b2de1b5\" data-element_type=\"container\">\n<div class=\"elementor-element elementor-element-eec0d58 elementor-widget elementor-widget-image\" data-id=\"eec0d58\" data-element_type=\"widget\" data-widget_type=\"image.default\">\n<div class=\"elementor-widget-container\"> <img loading=\"lazy\" decoding=\"async\" width=\"790\" height=\"790\" src=\"https:\/\/hightopgroup.com\/wp-content\/uploads\/2024\/11\/DL06\u88c5\u8f7d\u673a\u7279\u5f816.jpg\" class=\"attachment-large size-large wp-image-3195\" alt=\"DL06\u88c5\u8f7d\u673a\u7279\u5f816\" srcset=\"https:\/\/hightopgroup.com\/wp-content\/uploads\/2024\/11\/DL06\u88c5\u8f7d\u673a\u7279\u5f816.jpg 790w, https:\/\/hightopgroup.com\/wp-content\/uploads\/2024\/11\/DL06\u88c5\u8f7d\u673a\u7279\u5f816-300x300.jpg 300w, https:\/\/hightopgroup.com\/wp-content\/uploads\/2024\/11\/DL06\u88c5\u8f7d\u673a\u7279\u5f816-150x150.jpg 150w, https:\/\/hightopgroup.com\/wp-content\/uploads\/2024\/11\/DL06\u88c5\u8f7d\u673a\u7279\u5f816-768x768.jpg 768w, https:\/\/hightopgroup.com\/wp-content\/uploads\/2024\/11\/DL06\u88c5\u8f7d\u673a\u7279\u5f816-600x600.jpg 600w\" sizes=\"auto, (max-width: 790px) 100vw, 790px\" title=\"HTDL06 Chargeuse sur pneus 5\"><\/div>\n<\/div>\n<div class=\"elementor-element elementor-element-cb9c692 elementor-widget elementor-widget-heading\" data-id=\"cb9c692\" data-element_type=\"widget\" data-widget_type=\"heading.default\">\n<div class=\"elementor-widget-container\">\n<h2 class=\"elementor-heading-title elementor-size-default\">Grande capacit\u00e9 de charge<\/h2>\n<\/div>\n<\/div>\n<div class=\"elementor-element elementor-element-4da304d elementor-widget elementor-widget-text-editor\" data-id=\"4da304d\" data-element_type=\"widget\" data-widget_type=\"text-editor.default\">\n<div class=\"elementor-widget-container\">\n<p>Ce chargeur \u00e0 quatre roues a une grande capacit\u00e9 de transport, un godet standard de grande capacit\u00e9, un mat\u00e9riau \u00e9pais, r\u00e9sistant \u00e0 l'usure et durable, un tube hydraulique, un fil d'acier antid\u00e9flagrant, une protection multiple, pratique et plus s\u00fbr.<\/p>\n<\/div>\n<\/div>\n<\/div>\n<div class=\"elementor-element elementor-element-c218b52 e-con-full e-flex e-con e-child\" data-id=\"c218b52\" data-element_type=\"container\">\n<div class=\"elementor-element elementor-element-f6c1e7c elementor-widget elementor-widget-image\" data-id=\"f6c1e7c\" data-element_type=\"widget\" data-widget_type=\"image.default\">\n<div class=\"elementor-widget-container\"> <img loading=\"lazy\" decoding=\"async\" width=\"790\" height=\"790\" src=\"https:\/\/hightopgroup.com\/wp-content\/uploads\/2024\/11\/DL06\u88c5\u8f7d\u673a\u7279\u5f815.jpg\" class=\"attachment-large size-large wp-image-3194\" alt=\"DL06\u88c5\u8f7d\u673a\u7279\u5f815\" srcset=\"https:\/\/hightopgroup.com\/wp-content\/uploads\/2024\/11\/DL06\u88c5\u8f7d\u673a\u7279\u5f815.jpg 790w, https:\/\/hightopgroup.com\/wp-content\/uploads\/2024\/11\/DL06\u88c5\u8f7d\u673a\u7279\u5f815-300x300.jpg 300w, https:\/\/hightopgroup.com\/wp-content\/uploads\/2024\/11\/DL06\u88c5\u8f7d\u673a\u7279\u5f815-150x150.jpg 150w, https:\/\/hightopgroup.com\/wp-content\/uploads\/2024\/11\/DL06\u88c5\u8f7d\u673a\u7279\u5f815-768x768.jpg 768w, https:\/\/hightopgroup.com\/wp-content\/uploads\/2024\/11\/DL06\u88c5\u8f7d\u673a\u7279\u5f815-600x600.jpg 600w\" sizes=\"auto, (max-width: 790px) 100vw, 790px\" title=\"HTDL06 Chargeuse sur pneus 6\"><\/div>\n<\/div>\n<div class=\"elementor-element elementor-element-ff7b179 elementor-widget elementor-widget-heading\" data-id=\"ff7b179\" data-element_type=\"widget\" data-widget_type=\"heading.default\">\n<div class=\"elementor-widget-container\">\n<h2 class=\"elementor-heading-title elementor-size-default\">Plusieurs pi\u00e8ces jointes disponibles<\/h2>\n<\/div>\n<\/div>\n<div class=\"elementor-element elementor-element-2c6cde4 elementor-widget elementor-widget-text-editor\" data-id=\"2c6cde4\" data-element_type=\"widget\" data-widget_type=\"text-editor.default\">\n<div class=\"elementor-widget-container\">\n<p>Cette chargeuse compacte sur pneus peut \u00eatre \u00e9quip\u00e9e de plus de 30 accessoires tels que marteau, tari\u00e8re, bois, grappin, pionnier, fourche, excavateur, m\u00e9langeur, trancheuse et bien d'autres encore.<\/p>\n<\/div>\n<\/div>\n<\/div>\n<p>&nbsp;<\/p>\n<p>Param\u00e8tres<\/p>\n<div class=\"elementor-element elementor-element-de5a9f0 e-con-full e-flex e-con e-child\" data-id=\"de5a9f0\" data-element_type=\"container\">\n<div class=\"elementor-element elementor-element-e52e0c9 elementor-widget elementor-widget-text-editor\" data-id=\"e52e0c9\" data-element_type=\"widget\" data-widget_type=\"text-editor.default\">\n<div class=\"elementor-widget-container\">\n<table style=\"border-collapse: collapse; width: 354.02pt; height: 513px;\" border=\"0\" width=\"472\" cellspacing=\"0\" cellpadding=\"0\">\n<tbody>\n<tr style=\"height: 17.25pt;\">\n<td class=\"et2\" style=\"height: 17px; width: 248.297px;\" height=\"23\">Longueur X Largeur x Hauteur (AxLxC)<\/td>\n<td class=\"et3\" style=\"width: 220.719px; height: 17px;\">3820mmx1170mmx2250mm<\/td>\n<\/tr>\n<tr style=\"height: 17.25pt;\">\n<td class=\"et2\" style=\"height: 17px; width: 248.297px;\" height=\"23\">Garde au sol minimale (D)<\/td>\n<td class=\"et4\" style=\"height: 17px; width: 220.719px;\">95mm<\/td>\n<\/tr>\n<tr style=\"height: 17.25pt;\">\n<td class=\"et2\" style=\"height: 17px; width: 248.297px;\" height=\"23\">Hauteur maximale de d\u00e9chargement (E)<\/td>\n<td class=\"et3\" style=\"height: 17px; width: 220.719px;\">2260mm<\/td>\n<\/tr>\n<tr style=\"height: 17.25pt;\">\n<td class=\"et2\" style=\"height: 17px; width: 248.297px;\" height=\"23\">Distance de d\u00e9chargement correspondante (G)<\/td>\n<td class=\"et4\" style=\"height: 17px; width: 220.719px;\">1100mm<\/td>\n<\/tr>\n<tr style=\"height: 17.25pt;\">\n<td class=\"et2\" style=\"height: 17px; width: 248.297px;\" height=\"23\">Angle de d\u00e9chargement (J)<\/td>\n<td class=\"et3\" style=\"height: 17px; width: 220.719px;\">23\u00b0<\/td>\n<\/tr>\n<tr style=\"height: 17.25pt;\">\n<td class=\"et2\" style=\"height: 17px; width: 248.297px;\" height=\"23\">Angle de braquage (O)<\/td>\n<td class=\"et3\" style=\"height: 17px; width: 220.719px;\">35\u00b0<\/td>\n<\/tr>\n<tr style=\"height: 17.25pt;\">\n<td class=\"et2\" style=\"height: 17px; width: 248.297px;\" height=\"23\">Rayon de passage horizontal (\u00e0 l'ext\u00e9rieur du godet)(P)<\/td>\n<td class=\"et3\" style=\"height: 17px; width: 220.719px;\">2880mm<\/td>\n<\/tr>\n<tr style=\"height: 17.25pt;\">\n<td class=\"et2\" style=\"height: 17px; width: 248.297px;\" height=\"23\">Rayon de braquage minimal (Q)<\/td>\n<td class=\"et3\" style=\"height: 17px; width: 220.719px;\">2540mm<\/td>\n<\/tr>\n<tr style=\"height: 22.50pt;\">\n<td class=\"et2\" style=\"height: 22px; width: 248.297px;\" height=\"30\">poids<\/td>\n<td class=\"et5\" style=\"height: 22px; width: 220.719px;\">2000kg<\/td>\n<\/tr>\n<tr style=\"height: 22.50pt;\">\n<td class=\"et2\" style=\"height: 22px; width: 248.297px;\" height=\"30\">Param\u00e8tres<\/td>\n<td class=\"et6\" style=\"height: 22px; width: 220.719px;\">&nbsp;<\/td>\n<\/tr>\n<tr style=\"height: 17.25pt;\">\n<td class=\"et2\" style=\"height: 17px; width: 248.297px;\" height=\"23\">Qualit\u00e9 de travail (kG)<\/td>\n<td class=\"et4\" style=\"height: 17px; width: 220.719px;\">&nbsp;<\/td>\n<\/tr>\n<tr style=\"height: 17.25pt;\">\n<td class=\"et2\" style=\"height: 17px; width: 248.297px;\" height=\"23\">Capacit\u00e9 du godet M^3<\/td>\n<td class=\"et3\" style=\"height: 17px; width: 220.719px;\">0.4~0.6\u00b3<\/td>\n<\/tr>\n<tr style=\"height: 17.25pt;\">\n<td class=\"et2\" style=\"height: 17px; width: 248.297px;\" height=\"23\">Charge nominale<\/td>\n<td class=\"et7\" style=\"height: 17px; width: 220.719px;\">600 kg<\/td>\n<\/tr>\n<tr style=\"height: 17.25pt;\">\n<td class=\"et2\" style=\"height: 17px; width: 248.297px;\" height=\"23\">Effort de traction maximal<\/td>\n<td class=\"et7\" style=\"height: 17px; width: 220.719px;\">7.5KN<\/td>\n<\/tr>\n<tr style=\"height: 17.25pt;\">\n<td class=\"et2\" style=\"height: 17px; width: 248.297px;\" height=\"23\">Vitesse de d\u00e9placement<\/td>\n<td class=\"et7\" style=\"height: 17px; width: 220.719px;\">0-10km\/h<\/td>\n<\/tr>\n<tr style=\"height: 22.50pt;\">\n<td class=\"et2\" style=\"height: 22px; width: 248.297px;\" height=\"30\">Moteur<\/td>\n<td class=\"et6\" style=\"height: 22px; width: 220.719px;\">&nbsp;<\/td>\n<\/tr>\n<tr style=\"height: 17.25pt;\">\n<td class=\"et2\" style=\"height: 17px; width: 248.297px;\" height=\"23\">Mod\u00e8le<\/td>\n<td class=\"et4\" style=\"height: 17px; width: 220.719px;\">Kubota D1105<\/td>\n<\/tr>\n<tr style=\"height: 51.75pt;\">\n<td class=\"et2\" style=\"height: 51px; width: 248.297px;\" height=\"69\">type<\/td>\n<td class=\"et8\" style=\"width: 220.719px; height: 51px;\">Diesel vertical, refroidi \u00e0 l'eau, \u00e0 4 temps<\/td>\n<\/tr>\n<tr style=\"height: 17.25pt;\">\n<td class=\"et2\" style=\"height: 17px; width: 248.297px;\" height=\"23\">Nombre de cylindres<\/td>\n<td class=\"et4\" style=\"height: 17px; width: 220.719px;\">3\u7f38 3 cylindres<\/td>\n<\/tr>\n<tr style=\"height: 17.25pt;\">\n<td class=\"et2\" style=\"height: 17px; width: 248.297px;\" height=\"23\">Puissance nominale<\/td>\n<td class=\"et4\" style=\"height: 17px; width: 220.719px;\">18.2KW<\/td>\n<\/tr>\n<tr style=\"height: 17.25pt;\">\n<td class=\"et2\" style=\"height: 17px; width: 248.297px;\" height=\"23\">Vitesse nominale<\/td>\n<td class=\"et3\" style=\"height: 17px; width: 220.719px;\">3000r\/min<\/td>\n<\/tr>\n<tr style=\"height: 22.50pt;\">\n<td class=\"et2\" style=\"height: 22px; width: 248.297px;\" height=\"30\">Capacit\u00e9 du r\u00e9servoir (L)<\/td>\n<td class=\"et6\" style=\"height: 22px; width: 220.719px;\">&nbsp;<\/td>\n<\/tr>\n<tr style=\"height: 17.25pt;\">\n<td class=\"et2\" style=\"height: 17px; width: 248.297px;\" height=\"23\">Fioul<\/td>\n<td class=\"et9\" style=\"height: 17px; width: 220.719px;\">25L<\/td>\n<\/tr>\n<tr style=\"height: 17.25pt;\">\n<td class=\"et2\" style=\"height: 17px; width: 248.297px;\" height=\"23\">Huile hydraulique<\/td>\n<td class=\"et9\" style=\"height: 17px; width: 220.719px;\">50L<\/td>\n<\/tr>\n<tr style=\"height: 17.25pt;\">\n<td class=\"et2\" style=\"height: 17px; width: 248.297px;\" height=\"23\">moteur<\/td>\n<td class=\"et9\" style=\"height: 17px; width: 220.719px;\">5L<\/td>\n<\/tr>\n<tr style=\"height: 17.25pt;\">\n<td class=\"et2\" style=\"height: 17px; width: 248.297px;\" height=\"23\">Essieu moteur<\/td>\n<td class=\"et9\" style=\"height: 17px; width: 220.719px;\">3L<\/td>\n<\/tr>\n<tr style=\"height: 17.25pt;\">\n<td class=\"et2\" style=\"height: 17px; width: 248.297px;\" height=\"23\">Syst\u00e8me de freinage<\/td>\n<td class=\"et9\" style=\"height: 17px; width: 220.719px;\">3L<\/td>\n<\/tr>\n<\/tbody>\n<\/table>\n<\/div>\n<\/div>\n<\/div>\n<div class=\"elementor-element elementor-element-3fbb200 e-con-full e-flex e-con e-child\" data-id=\"3fbb200\" data-element_type=\"container\">\n<div class=\"elementor-element elementor-element-9b29a08 elementor-widget elementor-widget-image\" data-id=\"9b29a08\" data-element_type=\"widget\" data-widget_type=\"image.default\">\n<div class=\"elementor-widget-container\"> <img loading=\"lazy\" decoding=\"async\" width=\"594\" height=\"1024\" src=\"https:\/\/hightopgroup.com\/wp-content\/uploads\/2024\/11\/DL06\u88c5\u8f7d\u673a\u8be6\u60c52-594x1024.jpg\" class=\"attachment-large size-large wp-image-3203\" alt=\"DL06\u88c5\u8f7d\u673a\u8be6\u60c52\" srcset=\"https:\/\/hightopgroup.com\/wp-content\/uploads\/2024\/11\/DL06\u88c5\u8f7d\u673a\u8be6\u60c52-594x1024.jpg 594w, https:\/\/hightopgroup.com\/wp-content\/uploads\/2024\/11\/DL06\u88c5\u8f7d\u673a\u8be6\u60c52-174x300.jpg 174w, https:\/\/hightopgroup.com\/wp-content\/uploads\/2024\/11\/DL06\u88c5\u8f7d\u673a\u8be6\u60c52-768x1324.jpg 768w, https:\/\/hightopgroup.com\/wp-content\/uploads\/2024\/11\/DL06\u88c5\u8f7d\u673a\u8be6\u60c52-600x1034.jpg 600w, https:\/\/hightopgroup.com\/wp-content\/uploads\/2024\/11\/DL06\u88c5\u8f7d\u673a\u8be6\u60c52.jpg 790w\" sizes=\"auto, (max-width: 594px) 100vw, 594px\" title=\"HTDL06 Chargeuse sur pneus 7\"><\/div>\n<\/div>\n<\/div>","protected":false},"excerpt":{"rendered":"<p>Vue d'ensemble Les chargeuses sur pneus de HIGHTOP, dot\u00e9es de moteurs et de syst\u00e8mes hydrauliques avanc\u00e9s, am\u00e9liorent l'efficacit\u00e9 et l'\u00e9conomie de carburant. Avec des poids de travail de 0,5<\/p>","protected":false},"featured_media":16892,"template":"","meta":{"rank_math_lock_modified_date":false},"product_brand":[],"product_cat":[29],"product_tag":[],"class_list":{"0":"post-16890","1":"product","2":"type-product","3":"status-publish","4":"has-post-thumbnail","6":"product_cat-wheel-loader","8":"first","9":"instock","10":"product-type-simple"},"_links":{"self":[{"href":"https:\/\/beleevo.prowebplanners.com\/fr\/wp-json\/wp\/v2\/product\/16890","targetHints":{"allow":["GET"]}}],"collection":[{"href":"https:\/\/beleevo.prowebplanners.com\/fr\/wp-json\/wp\/v2\/product"}],"about":[{"href":"https:\/\/beleevo.prowebplanners.com\/fr\/wp-json\/wp\/v2\/types\/product"}],"version-history":[{"count":1,"href":"https:\/\/beleevo.prowebplanners.com\/fr\/wp-json\/wp\/v2\/product\/16890\/revisions"}],"predecessor-version":[{"id":16891,"href":"https:\/\/beleevo.prowebplanners.com\/fr\/wp-json\/wp\/v2\/product\/16890\/revisions\/16891"}],"wp:featuredmedia":[{"embeddable":true,"href":"https:\/\/beleevo.prowebplanners.com\/fr\/wp-json\/wp\/v2\/media\/16892"}],"wp:attachment":[{"href":"https:\/\/beleevo.prowebplanners.com\/fr\/wp-json\/wp\/v2\/media?parent=16890"}],"wp:term":[{"taxonomy":"product_brand","embeddable":true,"href":"https:\/\/beleevo.prowebplanners.com\/fr\/wp-json\/wp\/v2\/product_brand?post=16890"},{"taxonomy":"product_cat","embeddable":true,"href":"https:\/\/beleevo.prowebplanners.com\/fr\/wp-json\/wp\/v2\/product_cat?post=16890"},{"taxonomy":"product_tag","embeddable":true,"href":"https:\/\/beleevo.prowebplanners.com\/fr\/wp-json\/wp\/v2\/product_tag?post=16890"}],"curies":[{"name":"wp","href":"https:\/\/api.w.org\/{rel}","templated":true}]}}