{"id":16883,"date":"2025-07-23T13:37:57","date_gmt":"2025-07-23T13:37:57","guid":{"rendered":"https:\/\/beleevo.prowebplanners.com\/produit\/html16-gasoline-mini-wheel-loader\/"},"modified":"2025-07-23T13:38:46","modified_gmt":"2025-07-23T13:38:46","slug":"html16-gasoline-mini-wheel-loader","status":"publish","type":"product","link":"https:\/\/beleevo.prowebplanners.com\/fr\/produit\/html16-gasoline-mini-wheel-loader\/","title":{"rendered":"HTML16 Mini chargeuse sur pneus \u00e0 essence"},"content":{"rendered":"<p>Vue d'ensemble<\/p>\n<div class=\"elementor-element elementor-element-3d00484 elementor-widget__width-initial elementor-widget elementor-widget-text-editor\" data-id=\"3d00484\" data-element_type=\"widget\" data-widget_type=\"text-editor.default\">\n<div class=\"elementor-widget-container\">\n<p>Les chargeuses sur pneus de HIGHTOP, dot\u00e9es de moteurs et de syst\u00e8mes hydrauliques avanc\u00e9s, am\u00e9liorent l'efficacit\u00e9 et l'\u00e9conomie de carburant. Avec des poids de travail de 0,5 \u00e0 5 tonnes, elles offrent des cabines conviviales avec climatisation et si\u00e8ges amortisseurs pour un confort optimal. Polyvalentes et adaptables, ces chargeuses effectuent diverses t\u00e2ches telles que le creusement, le broyage et le balayage gr\u00e2ce \u00e0 des accessoires interchangeables. Id\u00e9ales pour la construction, le terrassement, la manutention et bien plus encore, les chargeuses sur pneus HIGHTOP allient efficacit\u00e9, flexibilit\u00e9 et polyvalence pour devenir incontournables\u3002.<\/p>\n<p>Nous offrons des solutions rentables avec des co\u00fbts de production r\u00e9duits gr\u00e2ce \u00e0 notre usine bas\u00e9e en Chine. Avec plus de 10 entrep\u00f4ts dans le monde, nous offrons une assistance exceptionnelle, notamment une garantie d'un an et une assistance technique \u00e0 vie.<\/p>\n<\/div>\n<\/div>\n<div class=\"elementor-element elementor-element-eec99f5 elementor-widget__width-initial elementor-widget elementor-widget-video\" data-id=\"eec99f5\" data-element_type=\"widget\" data-settings=\"{&quot;youtube_url&quot;:&quot;https:\/\/youtu.be\/YWFzfgPEuDA?si=QYGu-F_V5gP3AKq1&quot;,&quot;show_image_overlay&quot;:&quot;yes&quot;,&quot;image_overlay&quot;:{&quot;url&quot;:&quot;https:\/\/hightopgroup.com\/wp-content\/uploads\/2024\/09\/ML16-28.jpg&quot;,&quot;id&quot;:2994,&quot;size&quot;:&quot;&quot;,&quot;alt&quot;:&quot;&quot;,&quot;source&quot;:&quot;library&quot;},&quot;video_type&quot;:&quot;youtube&quot;,&quot;controls&quot;:&quot;yes&quot;}\" data-widget_type=\"video.default\">\n<div class=\"elementor-widget-container\">\n<div class=\"elementor-wrapper elementor-open-inline\">\n<div class=\"elementor-video\"><\/div>\n<div class=\"elementor-custom-embed-image-overlay\" style=\"background-image: url(https:\/\/hightopgroup.com\/wp-content\/uploads\/2024\/09\/ML16-28.jpg);\">\n<div class=\"elementor-custom-embed-play\" role=\"button\" aria-label=\"Lire la vid\u00e9o\" tabindex=\"0\"> <svg aria-hidden=\"true\" class=\"e-font-icon-svg e-eicon-play\" viewbox=\"0 0 1000 1000\"><path d=\"M838 162C746 71 633 25 500 25 371 25 258 71 163 162 71 254 25 367 25 500 25 633 71 746 163 837 254 929 367 979 500 979 633 979 746 933 838 837 929 746 975 633 975 500 975 367 929 254 838 162M808 192C892 279 933 379 933 500 933 621 892 725 808 808 725 892 621 938 500 938 379 938 279 896 196 808 113 725 67 621 67 500 67 379 108 279 196 192 279 108 383 62 500 62 621 62 721 108 808 192M438 392V642L642 517 438 392Z\" \/><\/svg><\/div>\n<\/div>\n<\/div>\n<\/div>\n<\/div>\n<p>&nbsp;<\/p>\n<p>Caract\u00e9ristiques et avantages<\/p>\n<div class=\"elementor-element elementor-element-138b23e e-con-full e-flex e-con e-child\" data-id=\"138b23e\" data-element_type=\"container\">\n<div class=\"elementor-element elementor-element-dc31022 elementor-widget elementor-widget-image\" data-id=\"dc31022\" data-element_type=\"widget\" data-widget_type=\"image.default\">\n<div class=\"elementor-widget-container\"> <img fetchpriority=\"high\" decoding=\"async\" width=\"800\" height=\"800\" src=\"https:\/\/hightopgroup.com\/wp-content\/uploads\/2024\/09\/ML16-32.jpg\" class=\"attachment-large size-large wp-image-3004\" alt=\"ML16 32\" srcset=\"https:\/\/hightopgroup.com\/wp-content\/uploads\/2024\/09\/ML16-32.jpg 800w, https:\/\/hightopgroup.com\/wp-content\/uploads\/2024\/09\/ML16-32-300x300.jpg 300w, https:\/\/hightopgroup.com\/wp-content\/uploads\/2024\/09\/ML16-32-150x150.jpg 150w, https:\/\/hightopgroup.com\/wp-content\/uploads\/2024\/09\/ML16-32-768x768.jpg 768w, https:\/\/hightopgroup.com\/wp-content\/uploads\/2024\/09\/ML16-32-600x600.jpg 600w\" sizes=\"(max-width: 800px) 100vw, 800px\" title=\"HTML16 Mini chargeuse \u00e0 essence 1\"><\/div>\n<\/div>\n<div class=\"elementor-element elementor-element-7fcb316 elementor-widget elementor-widget-heading\" data-id=\"7fcb316\" data-element_type=\"widget\" data-widget_type=\"heading.default\">\n<div class=\"elementor-widget-container\">\n<h2 class=\"elementor-heading-title elementor-size-default\">MOTEUR \u00e0 essence de 25HP<\/h2>\n<\/div>\n<\/div>\n<div class=\"elementor-element elementor-element-1aa33d7 elementor-widget elementor-widget-text-editor\" data-id=\"1aa33d7\" data-element_type=\"widget\" data-widget_type=\"text-editor.default\">\n<div class=\"elementor-widget-container\">\n<p>La chargeuse compacte HTML16 adopte un moteur \u00e0 essence \u00e0 puissance et couple \u00e9lev\u00e9s, qui convient \u00e0 diverses conditions de travail complexes. Le moteur est conforme aux normes europ\u00e9ennes et am\u00e9ricaines en mati\u00e8re d'\u00e9missions, ce qui r\u00e9duit la pollution.<\/p>\n<\/div>\n<\/div>\n<\/div>\n<div class=\"elementor-element elementor-element-b74d99a e-con-full e-flex e-con e-child\" data-id=\"b74d99a\" data-element_type=\"container\">\n<div class=\"elementor-element elementor-element-d474faf elementor-widget elementor-widget-image\" data-id=\"d474faf\" data-element_type=\"widget\" data-widget_type=\"image.default\">\n<div class=\"elementor-widget-container\"> <img decoding=\"async\" width=\"800\" height=\"800\" src=\"https:\/\/hightopgroup.com\/wp-content\/uploads\/2024\/09\/ML16-29.jpg\" class=\"attachment-large size-large wp-image-2995\" alt=\"ML16 29\" srcset=\"https:\/\/hightopgroup.com\/wp-content\/uploads\/2024\/09\/ML16-29.jpg 800w, https:\/\/hightopgroup.com\/wp-content\/uploads\/2024\/09\/ML16-29-300x300.jpg 300w, https:\/\/hightopgroup.com\/wp-content\/uploads\/2024\/09\/ML16-29-150x150.jpg 150w, https:\/\/hightopgroup.com\/wp-content\/uploads\/2024\/09\/ML16-29-768x768.jpg 768w, https:\/\/hightopgroup.com\/wp-content\/uploads\/2024\/09\/ML16-29-600x600.jpg 600w\" sizes=\"(max-width: 800px) 100vw, 800px\" title=\"HTML16 Mini chargeuse sur pneus \u00e0 essence 2\"><\/div>\n<\/div>\n<div class=\"elementor-element elementor-element-97e9dde elementor-widget elementor-widget-heading\" data-id=\"97e9dde\" data-element_type=\"widget\" data-widget_type=\"heading.default\">\n<div class=\"elementor-widget-container\">\n<h2 class=\"elementor-heading-title elementor-size-default\">Quatre roues motrices, performances stables<\/h2>\n<\/div>\n<\/div>\n<div class=\"elementor-element elementor-element-2c77c6d elementor-widget elementor-widget-text-editor\" data-id=\"2c77c6d\" data-element_type=\"widget\" data-widget_type=\"text-editor.default\">\n<div class=\"elementor-widget-container\">\n<p>Cette petite chargeuse sur pneus, dot\u00e9e de quatre roues motrices, offre une bonne maniabilit\u00e9 et une bonne stabilit\u00e9, et peut \u00eatre utilis\u00e9e dans des espaces restreints. Elle adopte un syst\u00e8me de man\u0153uvre hydraulique pour une utilisation facile et une r\u00e9ponse rapide, et est \u00e9quip\u00e9e d'un volant ou d'un joystick pour une conduite confortable.<\/p>\n<\/div>\n<\/div>\n<\/div>\n<div class=\"elementor-element elementor-element-7aad0d8 e-con-full e-flex e-con e-child\" data-id=\"7aad0d8\" data-element_type=\"container\">\n<div class=\"elementor-element elementor-element-fbca415 elementor-widget elementor-widget-image\" data-id=\"fbca415\" data-element_type=\"widget\" data-widget_type=\"image.default\">\n<div class=\"elementor-widget-container\"> <img decoding=\"async\" width=\"800\" height=\"800\" src=\"https:\/\/hightopgroup.com\/wp-content\/uploads\/2024\/09\/JS700C\u7279\u5f81-5.jpg\" class=\"attachment-large size-large wp-image-2775\" alt=\"JS700C\u7279\u5f81 5\" srcset=\"https:\/\/hightopgroup.com\/wp-content\/uploads\/2024\/09\/JS700C\u7279\u5f81-5.jpg 1000w, https:\/\/hightopgroup.com\/wp-content\/uploads\/2024\/09\/JS700C\u7279\u5f81-5-300x300.jpg 300w, https:\/\/hightopgroup.com\/wp-content\/uploads\/2024\/09\/JS700C\u7279\u5f81-5-150x150.jpg 150w, https:\/\/hightopgroup.com\/wp-content\/uploads\/2024\/09\/JS700C\u7279\u5f81-5-768x768.jpg 768w, https:\/\/hightopgroup.com\/wp-content\/uploads\/2024\/09\/JS700C\u7279\u5f81-5-600x600.jpg 600w\" sizes=\"(max-width: 800px) 100vw, 800px\" title=\"HTML16 Mini chargeuse sur pneus \u00e0 essence 3\"><\/div>\n<\/div>\n<div class=\"elementor-element elementor-element-1a03bb3 elementor-widget elementor-widget-heading\" data-id=\"1a03bb3\" data-element_type=\"widget\" data-widget_type=\"heading.default\">\n<div class=\"elementor-widget-container\">\n<h2 class=\"elementor-heading-title elementor-size-default\">Large \u00e9ventail d'applications<\/h2>\n<\/div>\n<\/div>\n<div class=\"elementor-element elementor-element-cb9ac85 elementor-widget elementor-widget-text-editor\" data-id=\"cb9ac85\" data-element_type=\"widget\" data-widget_type=\"text-editor.default\">\n<div class=\"elementor-widget-container\">\n<p>La chargeuse HT180 est plus petite et plus puissante, non seulement pour les routes, les chemins de fer, les ports, les mines, les fermes, les ranchs et autres environnements, mais aussi pour l'agriculture, le jardinage, l'aquaculture, la construction ou d'autres applications.<br \/>Lieux \u00e0 grande distance.<\/p>\n<\/div>\n<\/div>\n<\/div>\n<div class=\"elementor-element elementor-element-c6bb502 e-con-full e-flex e-con e-child\" data-id=\"c6bb502\" data-element_type=\"container\">\n<div class=\"elementor-element elementor-element-a654cb5 elementor-widget elementor-widget-image\" data-id=\"a654cb5\" data-element_type=\"widget\" data-widget_type=\"image.default\">\n<div class=\"elementor-widget-container\"> <img loading=\"lazy\" decoding=\"async\" width=\"800\" height=\"800\" src=\"https:\/\/hightopgroup.com\/wp-content\/uploads\/2024\/09\/ML16-16.jpg\" class=\"attachment-large size-large wp-image-3003\" alt=\"ML16 16\" srcset=\"https:\/\/hightopgroup.com\/wp-content\/uploads\/2024\/09\/ML16-16.jpg 800w, https:\/\/hightopgroup.com\/wp-content\/uploads\/2024\/09\/ML16-16-300x300.jpg 300w, https:\/\/hightopgroup.com\/wp-content\/uploads\/2024\/09\/ML16-16-150x150.jpg 150w, https:\/\/hightopgroup.com\/wp-content\/uploads\/2024\/09\/ML16-16-768x768.jpg 768w, https:\/\/hightopgroup.com\/wp-content\/uploads\/2024\/09\/ML16-16-600x600.jpg 600w\" sizes=\"auto, (max-width: 800px) 100vw, 800px\" title=\"HTML16 Mini chargeuse sur pneus \u00e0 essence 4\"><\/div>\n<\/div>\n<div class=\"elementor-element elementor-element-84b165c elementor-widget elementor-widget-heading\" data-id=\"84b165c\" data-element_type=\"widget\" data-widget_type=\"heading.default\">\n<div class=\"elementor-widget-container\">\n<h2 class=\"elementor-heading-title elementor-size-default\">Diff\u00e9rents accessoires peuvent \u00eatre install\u00e9s<\/h2>\n<\/div>\n<\/div>\n<div class=\"elementor-element elementor-element-9db03b7 elementor-widget elementor-widget-text-editor\" data-id=\"9db03b7\" data-element_type=\"widget\" data-widget_type=\"text-editor.default\">\n<div class=\"elementor-widget-container\">\n<p>La fourche \u00e0 herbe, la balayeuse \u00e0 neige, la tari\u00e8re, la lame \u00e0 neige, le godet \u00e0 neige, la fourche \u00e0 palette, le godet de criblage, le godet 4 en 1 et d'autres accessoires peuvent \u00eatre install\u00e9s sur la chargeuse compacte sur pneus pour r\u00e9aliser diff\u00e9rentes fonctions.<\/p>\n<\/div>\n<\/div>\n<\/div>\n<div class=\"elementor-element elementor-element-b2de1b5 e-con-full e-flex e-con e-child\" data-id=\"b2de1b5\" data-element_type=\"container\">\n<div class=\"elementor-element elementor-element-eec0d58 elementor-widget elementor-widget-image\" data-id=\"eec0d58\" data-element_type=\"widget\" data-widget_type=\"image.default\">\n<div class=\"elementor-widget-container\"> <img loading=\"lazy\" decoding=\"async\" width=\"800\" height=\"800\" src=\"https:\/\/hightopgroup.com\/wp-content\/uploads\/2024\/09\/ML16-31.jpg\" class=\"attachment-large size-large wp-image-2997\" alt=\"ML16 31\" srcset=\"https:\/\/hightopgroup.com\/wp-content\/uploads\/2024\/09\/ML16-31.jpg 800w, https:\/\/hightopgroup.com\/wp-content\/uploads\/2024\/09\/ML16-31-300x300.jpg 300w, https:\/\/hightopgroup.com\/wp-content\/uploads\/2024\/09\/ML16-31-150x150.jpg 150w, https:\/\/hightopgroup.com\/wp-content\/uploads\/2024\/09\/ML16-31-768x768.jpg 768w, https:\/\/hightopgroup.com\/wp-content\/uploads\/2024\/09\/ML16-31-600x600.jpg 600w\" sizes=\"auto, (max-width: 800px) 100vw, 800px\" title=\"HTML16 Mini chargeuse sur pneus \u00e0 essence 5\"><\/div>\n<\/div>\n<div class=\"elementor-element elementor-element-cb9c692 elementor-widget elementor-widget-heading\" data-id=\"cb9c692\" data-element_type=\"widget\" data-widget_type=\"heading.default\">\n<div class=\"elementor-widget-container\">\n<h2 class=\"elementor-heading-title elementor-size-default\">Facilit\u00e9 d'entretien et de maintenance<\/h2>\n<\/div>\n<\/div>\n<div class=\"elementor-element elementor-element-4da304d elementor-widget elementor-widget-text-editor\" data-id=\"4da304d\" data-element_type=\"widget\" data-widget_type=\"text-editor.default\">\n<div class=\"elementor-widget-container\">\n<p>La mini chargeuse sur pneus Hightop est facile \u00e0 entretenir, l'inspection et l'entretien quotidiens sont pratiques. Forte g\u00e9n\u00e9ralisation des accessoires, faible co\u00fbt d'entretien.<\/p>\n<\/div>\n<\/div>\n<\/div>\n<div class=\"elementor-element elementor-element-c218b52 e-con-full e-flex e-con e-child\" data-id=\"c218b52\" data-element_type=\"container\">\n<div class=\"elementor-element elementor-element-f6c1e7c elementor-widget elementor-widget-image\" data-id=\"f6c1e7c\" data-element_type=\"widget\" data-widget_type=\"image.default\">\n<div class=\"elementor-widget-container\"> <img loading=\"lazy\" decoding=\"async\" width=\"800\" height=\"800\" src=\"https:\/\/hightopgroup.com\/wp-content\/uploads\/2024\/09\/ML16-30.jpg\" class=\"attachment-large size-large wp-image-2996\" alt=\"ML16 30\" srcset=\"https:\/\/hightopgroup.com\/wp-content\/uploads\/2024\/09\/ML16-30.jpg 800w, https:\/\/hightopgroup.com\/wp-content\/uploads\/2024\/09\/ML16-30-300x300.jpg 300w, https:\/\/hightopgroup.com\/wp-content\/uploads\/2024\/09\/ML16-30-150x150.jpg 150w, https:\/\/hightopgroup.com\/wp-content\/uploads\/2024\/09\/ML16-30-768x768.jpg 768w, https:\/\/hightopgroup.com\/wp-content\/uploads\/2024\/09\/ML16-30-600x600.jpg 600w\" sizes=\"auto, (max-width: 800px) 100vw, 800px\" title=\"HTML16 Mini chargeuse sur pneus \u00e0 essence 6\"><\/div>\n<\/div>\n<div class=\"elementor-element elementor-element-ff7b179 elementor-widget elementor-widget-heading\" data-id=\"ff7b179\" data-element_type=\"widget\" data-widget_type=\"heading.default\">\n<div class=\"elementor-widget-container\">\n<h2 class=\"elementor-heading-title elementor-size-default\">L\u00e9ger et facile \u00e0 utiliser<\/h2>\n<\/div>\n<\/div>\n<div class=\"elementor-element elementor-element-2c6cde4 elementor-widget elementor-widget-text-editor\" data-id=\"2c6cde4\" data-element_type=\"widget\" data-widget_type=\"text-editor.default\">\n<div class=\"elementor-widget-container\">\n<p>La chargeuse sur pneus HTML16 peut \u00eatre utilis\u00e9e pour le chargement de divers mat\u00e9riaux en vrac tels que le sable, le gravier, la terre, le charbon, etc. La capacit\u00e9 du godet peut \u00eatre s\u00e9lectionn\u00e9e en fonction des besoins, s'adaptant ainsi aux exigences de travail de diff\u00e9rentes \u00e9chelles.<\/p>\n<\/div>\n<\/div>\n<\/div>\n<p>&nbsp;<\/p>\n<p>Param\u00e8tres<\/p>\n<div class=\"elementor-element elementor-element-de5a9f0 e-con-full e-flex e-con e-child\" data-id=\"de5a9f0\" data-element_type=\"container\">\n<div class=\"elementor-element elementor-element-e52e0c9 elementor-widget elementor-widget-text-editor\" data-id=\"e52e0c9\" data-element_type=\"widget\" data-widget_type=\"text-editor.default\">\n<div class=\"elementor-widget-container\">\n<p>Mod\u00e8le:HTML16<\/p>\n<p>Puissance du moteur : 25 ch<\/p>\n<p>Moteur:DUCAR<\/p>\n<p>Poids de d\u00e9chargement : 2200mm<\/p>\n<p>Capacit\u00e9 de chargement : 500 kg<\/p>\n<p>Hauteur de levage : 2200mm<\/p>\n<p>Poids du moteur : 750 kg<\/p>\n<\/div>\n<\/div>\n<\/div>\n<div class=\"elementor-element elementor-element-3fbb200 e-con-full e-flex e-con e-child\" data-id=\"3fbb200\" data-element_type=\"container\">\n<div class=\"elementor-element elementor-element-9b29a08 elementor-widget elementor-widget-image\" data-id=\"9b29a08\" data-element_type=\"widget\" data-widget_type=\"image.default\">\n<div class=\"elementor-widget-container\"> <img loading=\"lazy\" decoding=\"async\" width=\"650\" height=\"650\" src=\"https:\/\/hightopgroup.com\/wp-content\/uploads\/2024\/09\/ML16-19.jpg\" class=\"attachment-large size-large wp-image-2991\" alt=\"ML16 19\" srcset=\"https:\/\/hightopgroup.com\/wp-content\/uploads\/2024\/09\/ML16-19.jpg 650w, https:\/\/hightopgroup.com\/wp-content\/uploads\/2024\/09\/ML16-19-300x300.jpg 300w, https:\/\/hightopgroup.com\/wp-content\/uploads\/2024\/09\/ML16-19-150x150.jpg 150w, https:\/\/hightopgroup.com\/wp-content\/uploads\/2024\/09\/ML16-19-600x600.jpg 600w\" sizes=\"auto, (max-width: 650px) 100vw, 650px\" title=\"HTML16 Mini chargeuse sur pneus \u00e0 essence 7\"><\/div>\n<\/div>\n<\/div>","protected":false},"excerpt":{"rendered":"<p>Vue d'ensemble Les chargeuses sur pneus de HIGHTOP, dot\u00e9es de moteurs et de syst\u00e8mes hydrauliques avanc\u00e9s, am\u00e9liorent l'efficacit\u00e9 et l'\u00e9conomie de carburant. Avec des poids de travail de 0,5<\/p>","protected":false},"featured_media":16885,"template":"","meta":{"rank_math_lock_modified_date":false},"product_brand":[],"product_cat":[29],"product_tag":[],"class_list":{"0":"post-16883","1":"product","2":"type-product","3":"status-publish","4":"has-post-thumbnail","6":"product_cat-wheel-loader","8":"first","9":"instock","10":"product-type-simple"},"_links":{"self":[{"href":"https:\/\/beleevo.prowebplanners.com\/fr\/wp-json\/wp\/v2\/product\/16883","targetHints":{"allow":["GET"]}}],"collection":[{"href":"https:\/\/beleevo.prowebplanners.com\/fr\/wp-json\/wp\/v2\/product"}],"about":[{"href":"https:\/\/beleevo.prowebplanners.com\/fr\/wp-json\/wp\/v2\/types\/product"}],"version-history":[{"count":1,"href":"https:\/\/beleevo.prowebplanners.com\/fr\/wp-json\/wp\/v2\/product\/16883\/revisions"}],"predecessor-version":[{"id":16884,"href":"https:\/\/beleevo.prowebplanners.com\/fr\/wp-json\/wp\/v2\/product\/16883\/revisions\/16884"}],"wp:featuredmedia":[{"embeddable":true,"href":"https:\/\/beleevo.prowebplanners.com\/fr\/wp-json\/wp\/v2\/media\/16885"}],"wp:attachment":[{"href":"https:\/\/beleevo.prowebplanners.com\/fr\/wp-json\/wp\/v2\/media?parent=16883"}],"wp:term":[{"taxonomy":"product_brand","embeddable":true,"href":"https:\/\/beleevo.prowebplanners.com\/fr\/wp-json\/wp\/v2\/product_brand?post=16883"},{"taxonomy":"product_cat","embeddable":true,"href":"https:\/\/beleevo.prowebplanners.com\/fr\/wp-json\/wp\/v2\/product_cat?post=16883"},{"taxonomy":"product_tag","embeddable":true,"href":"https:\/\/beleevo.prowebplanners.com\/fr\/wp-json\/wp\/v2\/product_tag?post=16883"}],"curies":[{"name":"wp","href":"https:\/\/api.w.org\/{rel}","templated":true}]}}