{"id":16875,"date":"2025-07-23T13:37:57","date_gmt":"2025-07-23T13:37:57","guid":{"rendered":"https:\/\/beleevo.prowebplanners.com\/produit\/htel18-electric-mini-wheel-loader\/"},"modified":"2025-07-23T13:38:34","modified_gmt":"2025-07-23T13:38:34","slug":"htel18-electric-mini-wheel-loader","status":"publish","type":"product","link":"https:\/\/beleevo.prowebplanners.com\/fr\/produit\/htel18-electric-mini-wheel-loader\/","title":{"rendered":"Mini chargeuse \u00e9lectrique sur pneus HTEL18"},"content":{"rendered":"<p>Vue d'ensemble<\/p>\n<div class=\"elementor-element elementor-element-3d00484 elementor-widget__width-initial elementor-widget elementor-widget-text-editor\" data-id=\"3d00484\" data-element_type=\"widget\" data-widget_type=\"text-editor.default\">\n<div class=\"elementor-widget-container\">\n<p>Les chargeuses sur pneus de HIGHTOP, dot\u00e9es de moteurs et de syst\u00e8mes hydrauliques avanc\u00e9s, am\u00e9liorent l'efficacit\u00e9 et l'\u00e9conomie de carburant. Avec des poids de travail de 0,5 \u00e0 5 tonnes, elles offrent des cabines conviviales avec climatisation et si\u00e8ges amortisseurs pour un confort optimal. Polyvalentes et adaptables, ces chargeuses effectuent diverses t\u00e2ches telles que le creusement, le broyage et le balayage gr\u00e2ce \u00e0 des accessoires interchangeables. Id\u00e9ales pour la construction, le terrassement, la manutention et bien plus encore, les chargeuses sur pneus HIGHTOP allient efficacit\u00e9, flexibilit\u00e9 et polyvalence pour devenir incontournables\u3002.<\/p>\n<p>Nous offrons des solutions rentables avec des co\u00fbts de production r\u00e9duits gr\u00e2ce \u00e0 notre usine bas\u00e9e en Chine. Avec plus de 10 entrep\u00f4ts dans le monde, nous offrons une assistance exceptionnelle, notamment une garantie d'un an et une assistance technique \u00e0 vie.<\/p>\n<\/div>\n<\/div>\n<div class=\"elementor-element elementor-element-eec99f5 elementor-widget__width-initial elementor-widget elementor-widget-video\" data-id=\"eec99f5\" data-element_type=\"widget\" data-settings=\"{&quot;youtube_url&quot;:&quot;https:\/\/youtu.be\/YWFzfgPEuDA?si=QYGu-F_V5gP3AKq1&quot;,&quot;show_image_overlay&quot;:&quot;yes&quot;,&quot;image_overlay&quot;:{&quot;url&quot;:&quot;https:\/\/hightopgroup.com\/wp-content\/uploads\/2024\/09\/EL18-17.jpg&quot;,&quot;id&quot;:3017,&quot;size&quot;:&quot;&quot;,&quot;alt&quot;:&quot;&quot;,&quot;source&quot;:&quot;library&quot;},&quot;video_type&quot;:&quot;youtube&quot;,&quot;controls&quot;:&quot;yes&quot;}\" data-widget_type=\"video.default\">\n<div class=\"elementor-widget-container\">\n<div class=\"elementor-wrapper elementor-open-inline\">\n<div class=\"elementor-video\"><\/div>\n<div class=\"elementor-custom-embed-image-overlay\" style=\"background-image: url(https:\/\/hightopgroup.com\/wp-content\/uploads\/2024\/09\/EL18-17.jpg);\">\n<div class=\"elementor-custom-embed-play\" role=\"button\" aria-label=\"Lire la vid\u00e9o\" tabindex=\"0\"> <svg aria-hidden=\"true\" class=\"e-font-icon-svg e-eicon-play\" viewbox=\"0 0 1000 1000\"><path d=\"M838 162C746 71 633 25 500 25 371 25 258 71 163 162 71 254 25 367 25 500 25 633 71 746 163 837 254 929 367 979 500 979 633 979 746 933 838 837 929 746 975 633 975 500 975 367 929 254 838 162M808 192C892 279 933 379 933 500 933 621 892 725 808 808 725 892 621 938 500 938 379 938 279 896 196 808 113 725 67 621 67 500 67 379 108 279 196 192 279 108 383 62 500 62 621 62 721 108 808 192M438 392V642L642 517 438 392Z\" \/><\/svg><\/div>\n<\/div>\n<\/div>\n<\/div>\n<\/div>\n<p>&nbsp;<\/p>\n<p>Caract\u00e9ristiques et avantages<\/p>\n<div class=\"elementor-element elementor-element-138b23e e-con-full e-flex e-con e-child\" data-id=\"138b23e\" data-element_type=\"container\">\n<div class=\"elementor-element elementor-element-dc31022 elementor-widget elementor-widget-image\" data-id=\"dc31022\" data-element_type=\"widget\" data-widget_type=\"image.default\">\n<div class=\"elementor-widget-container\"> <img fetchpriority=\"high\" decoding=\"async\" width=\"800\" height=\"800\" src=\"https:\/\/hightopgroup.com\/wp-content\/uploads\/2024\/09\/EL18-1.jpg\" class=\"attachment-large size-large wp-image-3009\" alt=\"EL18 1\" srcset=\"https:\/\/hightopgroup.com\/wp-content\/uploads\/2024\/09\/EL18-1.jpg 1000w, https:\/\/hightopgroup.com\/wp-content\/uploads\/2024\/09\/EL18-1-300x300.jpg 300w, https:\/\/hightopgroup.com\/wp-content\/uploads\/2024\/09\/EL18-1-150x150.jpg 150w, https:\/\/hightopgroup.com\/wp-content\/uploads\/2024\/09\/EL18-1-768x768.jpg 768w, https:\/\/hightopgroup.com\/wp-content\/uploads\/2024\/09\/EL18-1-600x600.jpg 600w\" sizes=\"(max-width: 800px) 100vw, 800px\" title=\"HTEL18 Mini chargeuse \u00e9lectrique sur pneus 1\"><\/div>\n<\/div>\n<div class=\"elementor-element elementor-element-7fcb316 elementor-widget elementor-widget-heading\" data-id=\"7fcb316\" data-element_type=\"widget\" data-widget_type=\"heading.default\">\n<div class=\"elementor-widget-container\">\n<h2 class=\"elementor-heading-title elementor-size-default\">Conception d'une nouvelle \u00e9nergie pour la protection de l'environnement<\/h2>\n<\/div>\n<\/div>\n<div class=\"elementor-element elementor-element-1aa33d7 elementor-widget elementor-widget-text-editor\" data-id=\"1aa33d7\" data-element_type=\"widget\" data-widget_type=\"text-editor.default\">\n<div class=\"elementor-widget-container\">\n<p>Les petites chargeuses \u00e9lectriques utilisent l'\u00e9lectricit\u00e9 comme source d'\u00e9nergie et n'ont pas besoin de carburant. Elles n'\u00e9mettent donc pas de gaz nocifs pendant leur fonctionnement, ce qui est respectueux de l'environnement. Par ailleurs, l'\u00e9lectricit\u00e9, en tant que ressource renouvelable, a une longue dur\u00e9e de vie et un faible co\u00fbt d'utilisation, ce qui contribue \u00e0 r\u00e9duire les co\u00fbts d'exploitation.<\/p>\n<\/div>\n<\/div>\n<\/div>\n<div class=\"elementor-element elementor-element-b74d99a e-con-full e-flex e-con e-child\" data-id=\"b74d99a\" data-element_type=\"container\">\n<div class=\"elementor-element elementor-element-d474faf elementor-widget elementor-widget-image\" data-id=\"d474faf\" data-element_type=\"widget\" data-widget_type=\"image.default\">\n<div class=\"elementor-widget-container\"> <img decoding=\"async\" width=\"800\" height=\"800\" src=\"https:\/\/hightopgroup.com\/wp-content\/uploads\/2024\/09\/EL18-22.jpg\" class=\"attachment-large size-large wp-image-3023\" alt=\"EL18 22\" srcset=\"https:\/\/hightopgroup.com\/wp-content\/uploads\/2024\/09\/EL18-22.jpg 800w, https:\/\/hightopgroup.com\/wp-content\/uploads\/2024\/09\/EL18-22-300x300.jpg 300w, https:\/\/hightopgroup.com\/wp-content\/uploads\/2024\/09\/EL18-22-150x150.jpg 150w, https:\/\/hightopgroup.com\/wp-content\/uploads\/2024\/09\/EL18-22-768x768.jpg 768w, https:\/\/hightopgroup.com\/wp-content\/uploads\/2024\/09\/EL18-22-600x600.jpg 600w\" sizes=\"(max-width: 800px) 100vw, 800px\" title=\"HTEL18 Mini chargeuse \u00e9lectrique sur pneus 2\"><\/div>\n<\/div>\n<div class=\"elementor-element elementor-element-97e9dde elementor-widget elementor-widget-heading\" data-id=\"97e9dde\" data-element_type=\"widget\" data-widget_type=\"heading.default\">\n<div class=\"elementor-widget-container\">\n<h2 class=\"elementor-heading-title elementor-size-default\">Moteur hydraulique 2000W, forte capacit\u00e9 de charge<\/h2>\n<\/div>\n<\/div>\n<div class=\"elementor-element elementor-element-2c77c6d elementor-widget elementor-widget-text-editor\" data-id=\"2c77c6d\" data-element_type=\"widget\" data-widget_type=\"text-editor.default\">\n<div class=\"elementor-widget-container\">\n<p>Le moteur hydraulique de 2000 W fournit un couple et une puissance consid\u00e9rables pour entra\u00eener le godet de la chargeuse et soulever de lourdes charges, avec des niveaux de puissance \u00e9lev\u00e9s, une grande capacit\u00e9 de charge et une action rapide.<\/p>\n<\/div>\n<\/div>\n<\/div>\n<div class=\"elementor-element elementor-element-7aad0d8 e-con-full e-flex e-con e-child\" data-id=\"7aad0d8\" data-element_type=\"container\">\n<div class=\"elementor-element elementor-element-fbca415 elementor-widget elementor-widget-image\" data-id=\"fbca415\" data-element_type=\"widget\" data-widget_type=\"image.default\">\n<div class=\"elementor-widget-container\"> <img decoding=\"async\" width=\"800\" height=\"800\" src=\"https:\/\/hightopgroup.com\/wp-content\/uploads\/2024\/09\/EL18-12.jpg\" class=\"attachment-large size-large wp-image-3026\" alt=\"EL18 12\" srcset=\"https:\/\/hightopgroup.com\/wp-content\/uploads\/2024\/09\/EL18-12.jpg 800w, https:\/\/hightopgroup.com\/wp-content\/uploads\/2024\/09\/EL18-12-300x300.jpg 300w, https:\/\/hightopgroup.com\/wp-content\/uploads\/2024\/09\/EL18-12-150x150.jpg 150w, https:\/\/hightopgroup.com\/wp-content\/uploads\/2024\/09\/EL18-12-768x768.jpg 768w, https:\/\/hightopgroup.com\/wp-content\/uploads\/2024\/09\/EL18-12-600x600.jpg 600w\" sizes=\"(max-width: 800px) 100vw, 800px\" title=\"HTEL18 Mini chargeuse \u00e9lectrique sur pneus 3\"><\/div>\n<\/div>\n<div class=\"elementor-element elementor-element-1a03bb3 elementor-widget elementor-widget-heading\" data-id=\"1a03bb3\" data-element_type=\"widget\" data-widget_type=\"heading.default\">\n<div class=\"elementor-widget-container\">\n<h2 class=\"elementor-heading-title elementor-size-default\">Syst\u00e8me de double v\u00e9rin de levage, haute stabilit\u00e9<\/h2>\n<\/div>\n<\/div>\n<div class=\"elementor-element elementor-element-cb9ac85 elementor-widget elementor-widget-text-editor\" data-id=\"cb9ac85\" data-element_type=\"widget\" data-widget_type=\"text-editor.default\">\n<div class=\"elementor-widget-container\">\n<p>Le syst\u00e8me de levage \u00e0 double barre peut fournir un meilleur soutien et une meilleure stabilit\u00e9, en particulier lors du transport de charges lourdes, ce qui peut assurer la stabilit\u00e9 du chargeur et r\u00e9duire les risques de renversement et autres dangers pour la s\u00e9curit\u00e9. En travaillant en tandem, les barres jumelles peuvent mieux r\u00e9partir et \u00e9quilibrer la charge, augmentant ainsi la capacit\u00e9 de charge globale du chargeur.<\/p>\n<\/div>\n<\/div>\n<\/div>\n<div class=\"elementor-element elementor-element-c6bb502 e-con-full e-flex e-con e-child\" data-id=\"c6bb502\" data-element_type=\"container\">\n<div class=\"elementor-element elementor-element-a654cb5 elementor-widget elementor-widget-image\" data-id=\"a654cb5\" data-element_type=\"widget\" data-widget_type=\"image.default\">\n<div class=\"elementor-widget-container\"> <img loading=\"lazy\" decoding=\"async\" width=\"800\" height=\"800\" src=\"https:\/\/hightopgroup.com\/wp-content\/uploads\/2024\/09\/EL18-26.jpg\" class=\"attachment-large size-large wp-image-3028\" alt=\"EL18 26\" srcset=\"https:\/\/hightopgroup.com\/wp-content\/uploads\/2024\/09\/EL18-26.jpg 800w, https:\/\/hightopgroup.com\/wp-content\/uploads\/2024\/09\/EL18-26-300x300.jpg 300w, https:\/\/hightopgroup.com\/wp-content\/uploads\/2024\/09\/EL18-26-150x150.jpg 150w, https:\/\/hightopgroup.com\/wp-content\/uploads\/2024\/09\/EL18-26-768x768.jpg 768w, https:\/\/hightopgroup.com\/wp-content\/uploads\/2024\/09\/EL18-26-600x600.jpg 600w\" sizes=\"auto, (max-width: 800px) 100vw, 800px\" title=\"HTEL18 Mini chargeuse \u00e9lectrique sur pneus 4\"><\/div>\n<\/div>\n<div class=\"elementor-element elementor-element-84b165c elementor-widget elementor-widget-heading\" data-id=\"84b165c\" data-element_type=\"widget\" data-widget_type=\"heading.default\">\n<div class=\"elementor-widget-container\">\n<h2 class=\"elementor-heading-title elementor-size-default\">Puissance \u00e9lev\u00e9e, haut rendement<\/h2>\n<\/div>\n<\/div>\n<div class=\"elementor-element elementor-element-9db03b7 elementor-widget elementor-widget-text-editor\" data-id=\"9db03b7\" data-element_type=\"widget\" data-widget_type=\"text-editor.default\">\n<div class=\"elementor-widget-container\">\n<p>Le moteur d'entra\u00eenement de 2000 W fournit une puissance \u00e9lev\u00e9e, permettant \u00e0 la chargeuse compacte sur pneus de conserver de bonnes performances de conduite et de fonctionnement, m\u00eame en cas de transport de lourdes charges ou de conditions de terrain difficiles.<\/p>\n<\/div>\n<\/div>\n<\/div>\n<div class=\"elementor-element elementor-element-b2de1b5 e-con-full e-flex e-con e-child\" data-id=\"b2de1b5\" data-element_type=\"container\">\n<div class=\"elementor-element elementor-element-eec0d58 elementor-widget elementor-widget-image\" data-id=\"eec0d58\" data-element_type=\"widget\" data-widget_type=\"image.default\">\n<div class=\"elementor-widget-container\"> <img loading=\"lazy\" decoding=\"async\" width=\"800\" height=\"800\" src=\"https:\/\/hightopgroup.com\/wp-content\/uploads\/2024\/09\/EL18-25.jpg\" class=\"attachment-large size-large wp-image-3027\" alt=\"EL18 25\" srcset=\"https:\/\/hightopgroup.com\/wp-content\/uploads\/2024\/09\/EL18-25.jpg 800w, https:\/\/hightopgroup.com\/wp-content\/uploads\/2024\/09\/EL18-25-300x300.jpg 300w, https:\/\/hightopgroup.com\/wp-content\/uploads\/2024\/09\/EL18-25-150x150.jpg 150w, https:\/\/hightopgroup.com\/wp-content\/uploads\/2024\/09\/EL18-25-768x768.jpg 768w, https:\/\/hightopgroup.com\/wp-content\/uploads\/2024\/09\/EL18-25-600x600.jpg 600w\" sizes=\"auto, (max-width: 800px) 100vw, 800px\" title=\"HTEL18 Mini chargeuse \u00e9lectrique sur pneus 5\"><\/div>\n<\/div>\n<div class=\"elementor-element elementor-element-cb9c692 elementor-widget elementor-widget-heading\" data-id=\"cb9c692\" data-element_type=\"widget\" data-widget_type=\"heading.default\">\n<div class=\"elementor-widget-container\">\n<h2 class=\"elementor-heading-title elementor-size-default\">Longue dur\u00e9e de vie de la batterie<\/h2>\n<\/div>\n<\/div>\n<div class=\"elementor-element elementor-element-4da304d elementor-widget elementor-widget-text-editor\" data-id=\"4da304d\" data-element_type=\"widget\" data-widget_type=\"text-editor.default\">\n<div class=\"elementor-widget-container\">\n<p>Batterie 140a, 60v, charge et utilisation pendant 6-8 heures \u00e0 la fois. La batterie peut encore maintenir des performances relativement stables apr\u00e8s des cycles r\u00e9p\u00e9t\u00e9s de charge et de d\u00e9charge.<\/p>\n<\/div>\n<\/div>\n<\/div>\n<div class=\"elementor-element elementor-element-c218b52 e-con-full e-flex e-con e-child\" data-id=\"c218b52\" data-element_type=\"container\">\n<div class=\"elementor-element elementor-element-f6c1e7c elementor-widget elementor-widget-image\" data-id=\"f6c1e7c\" data-element_type=\"widget\" data-widget_type=\"image.default\">\n<div class=\"elementor-widget-container\"> <img loading=\"lazy\" decoding=\"async\" width=\"800\" height=\"800\" src=\"https:\/\/hightopgroup.com\/wp-content\/uploads\/2024\/09\/EL18-5.jpg\" class=\"attachment-large size-large wp-image-3024\" alt=\"EL18 5\" srcset=\"https:\/\/hightopgroup.com\/wp-content\/uploads\/2024\/09\/EL18-5.jpg 800w, https:\/\/hightopgroup.com\/wp-content\/uploads\/2024\/09\/EL18-5-300x300.jpg 300w, https:\/\/hightopgroup.com\/wp-content\/uploads\/2024\/09\/EL18-5-150x150.jpg 150w, https:\/\/hightopgroup.com\/wp-content\/uploads\/2024\/09\/EL18-5-768x768.jpg 768w, https:\/\/hightopgroup.com\/wp-content\/uploads\/2024\/09\/EL18-5-600x600.jpg 600w\" sizes=\"auto, (max-width: 800px) 100vw, 800px\" title=\"HTEL18 Mini chargeuse \u00e9lectrique sur pneus 6\"><\/div>\n<\/div>\n<div class=\"elementor-element elementor-element-ff7b179 elementor-widget elementor-widget-heading\" data-id=\"ff7b179\" data-element_type=\"widget\" data-widget_type=\"heading.default\">\n<div class=\"elementor-widget-container\">\n<h2 class=\"elementor-heading-title elementor-size-default\">Plusieurs pi\u00e8ces jointes disponibles<\/h2>\n<\/div>\n<\/div>\n<div class=\"elementor-element elementor-element-2c6cde4 elementor-widget elementor-widget-text-editor\" data-id=\"2c6cde4\" data-element_type=\"widget\" data-widget_type=\"text-editor.default\">\n<div class=\"elementor-widget-container\">\n<p>Des accessoires sont disponibles pour cette petite chargeuse \u00e9lectrique sur pneus afin de l'utiliser pour toute une s\u00e9rie de t\u00e2ches. Saisissez et d\u00e9chargez des branches et de la paille avec le grappin utilitaire, d\u00e9neigez le sol en hiver avec la lame \u00e0 neige, et soulevez et empilez des charges lourdes avec la fourche \u00e0 palettes.<\/p>\n<\/div>\n<\/div>\n<\/div>\n<p>&nbsp;<\/p>\n<p>Param\u00e8tres<\/p>\n<div class=\"elementor-element elementor-element-de5a9f0 e-con-full e-flex e-con e-child\" data-id=\"de5a9f0\" data-element_type=\"container\">\n<div class=\"elementor-element elementor-element-e52e0c9 elementor-widget elementor-widget-text-editor\" data-id=\"e52e0c9\" data-element_type=\"widget\" data-widget_type=\"text-editor.default\">\n<div class=\"elementor-widget-container\">\n<p>Mod\u00e8le:HTEL18<\/p>\n<p>Batterie : 140A\uff0c60V<\/p>\n<p>Moteur d'entra\u00eenement : 2000W<\/p>\n<p>Moteur hydraulique : 2000W<\/p>\n<p>Poids : 1500 kg<\/p>\n<p>Poids de la charge : 700 kg<\/p>\n<p>Hauteur de levage : 2,7 m<\/p>\n<p>Hauteur de d\u00e9chargement : 1,9 m<\/p>\n<p>Pneu : 23*8.5-12<\/p>\n<p>Taille : 3,27*1,06*1,45m<\/p>\n<\/div>\n<\/div>\n<\/div>\n<div class=\"elementor-element elementor-element-3fbb200 e-con-full e-flex e-con e-child\" data-id=\"3fbb200\" data-element_type=\"container\">\n<div class=\"elementor-element elementor-element-9b29a08 elementor-widget elementor-widget-image\" data-id=\"9b29a08\" data-element_type=\"widget\" data-widget_type=\"image.default\">\n<div class=\"elementor-widget-container\"> <img loading=\"lazy\" decoding=\"async\" width=\"800\" height=\"800\" src=\"https:\/\/hightopgroup.com\/wp-content\/uploads\/2024\/09\/EL18-27.jpg\" class=\"attachment-large size-large wp-image-3029\" alt=\"EL18 27\" srcset=\"https:\/\/hightopgroup.com\/wp-content\/uploads\/2024\/09\/EL18-27.jpg 800w, https:\/\/hightopgroup.com\/wp-content\/uploads\/2024\/09\/EL18-27-300x300.jpg 300w, https:\/\/hightopgroup.com\/wp-content\/uploads\/2024\/09\/EL18-27-150x150.jpg 150w, https:\/\/hightopgroup.com\/wp-content\/uploads\/2024\/09\/EL18-27-768x768.jpg 768w, https:\/\/hightopgroup.com\/wp-content\/uploads\/2024\/09\/EL18-27-600x600.jpg 600w\" sizes=\"auto, (max-width: 800px) 100vw, 800px\" title=\"HTEL18 Mini chargeuse \u00e9lectrique sur pneus 7\"><\/div>\n<\/div>\n<\/div>","protected":false},"excerpt":{"rendered":"<p>Vue d'ensemble Les chargeuses sur pneus de HIGHTOP, dot\u00e9es de moteurs et de syst\u00e8mes hydrauliques avanc\u00e9s, am\u00e9liorent l'efficacit\u00e9 et l'\u00e9conomie de carburant. Avec des poids de travail de 0,5<\/p>","protected":false},"featured_media":16877,"template":"","meta":{"rank_math_lock_modified_date":false},"product_brand":[],"product_cat":[29],"product_tag":[],"class_list":{"0":"post-16875","1":"product","2":"type-product","3":"status-publish","4":"has-post-thumbnail","6":"product_cat-wheel-loader","8":"first","9":"instock","10":"product-type-simple"},"_links":{"self":[{"href":"https:\/\/beleevo.prowebplanners.com\/fr\/wp-json\/wp\/v2\/product\/16875","targetHints":{"allow":["GET"]}}],"collection":[{"href":"https:\/\/beleevo.prowebplanners.com\/fr\/wp-json\/wp\/v2\/product"}],"about":[{"href":"https:\/\/beleevo.prowebplanners.com\/fr\/wp-json\/wp\/v2\/types\/product"}],"version-history":[{"count":1,"href":"https:\/\/beleevo.prowebplanners.com\/fr\/wp-json\/wp\/v2\/product\/16875\/revisions"}],"predecessor-version":[{"id":16876,"href":"https:\/\/beleevo.prowebplanners.com\/fr\/wp-json\/wp\/v2\/product\/16875\/revisions\/16876"}],"wp:featuredmedia":[{"embeddable":true,"href":"https:\/\/beleevo.prowebplanners.com\/fr\/wp-json\/wp\/v2\/media\/16877"}],"wp:attachment":[{"href":"https:\/\/beleevo.prowebplanners.com\/fr\/wp-json\/wp\/v2\/media?parent=16875"}],"wp:term":[{"taxonomy":"product_brand","embeddable":true,"href":"https:\/\/beleevo.prowebplanners.com\/fr\/wp-json\/wp\/v2\/product_brand?post=16875"},{"taxonomy":"product_cat","embeddable":true,"href":"https:\/\/beleevo.prowebplanners.com\/fr\/wp-json\/wp\/v2\/product_cat?post=16875"},{"taxonomy":"product_tag","embeddable":true,"href":"https:\/\/beleevo.prowebplanners.com\/fr\/wp-json\/wp\/v2\/product_tag?post=16875"}],"curies":[{"name":"wp","href":"https:\/\/api.w.org\/{rel}","templated":true}]}}