{"id":16864,"date":"2025-07-23T13:37:57","date_gmt":"2025-07-23T13:37:57","guid":{"rendered":"https:\/\/beleevo.prowebplanners.com\/produit\/hts50-wheel-skid-steer-loader\/"},"modified":"2025-07-23T13:38:12","modified_gmt":"2025-07-23T13:38:12","slug":"hts50-wheel-skid-steer-loader","status":"publish","type":"product","link":"https:\/\/beleevo.prowebplanners.com\/fr\/produit\/hts50-wheel-skid-steer-loader\/","title":{"rendered":"Chargeuse compacte sur pneus HTS50"},"content":{"rendered":"<p>Vue d'ensemble<\/p>\n<div class=\"elementor-element elementor-element-47a0d0d elementor-widget__width-initial elementor-widget elementor-widget-text-editor\" data-id=\"47a0d0d\" data-element_type=\"widget\" data-widget_type=\"text-editor.default\">\n<div class=\"elementor-widget-container\">\n<p>Les chargeuses compactes HIGHTOP sont id\u00e9ales pour les paysagistes et les arboriculteurs professionnels. Elles sont con\u00e7ues pour les espaces restreints et les t\u00e2ches l\u00e9g\u00e8res. \u00c9quip\u00e9es de divers accessoires et d'une plaque de montage universelle \u00e0 connexion rapide, ces chargeuses s'acquittent des t\u00e2ches du chantier avec facilit\u00e9. La s\u00e9rie offre une capacit\u00e9 de travail de 500 lb \u00e0 1 600 lb (226,8 kg - 725,7 kg) et pr\u00e9sente des mesures de s\u00e9curit\u00e9 optimales pour la protection de l'op\u00e9rateur.<\/p>\n<p>Nous offrons des solutions rentables avec des co\u00fbts de production r\u00e9duits dans notre usine bas\u00e9e en Chine. En tant que guichet unique pour des machines certifi\u00e9es et de haute qualit\u00e9, nos produits comprennent des accessoires durables compatibles avec la plupart des pelles compactes et des chargeuses compactes. Avec plus de 10 entrep\u00f4ts dans le monde, nous assurons une livraison rapide en une semaine et fournissons une assistance exceptionnelle, y compris une garantie d'un an et une assistance technique \u00e0 vie.<\/p>\n<\/div>\n<\/div>\n<div class=\"elementor-element elementor-element-2d20c28 elementor-widget__width-initial elementor-widget elementor-widget-video\" data-id=\"2d20c28\" data-element_type=\"widget\" data-settings=\"{&quot;youtube_url&quot;:&quot;https:\/\/youtu.be\/8lDwrJU3vko&quot;,&quot;show_image_overlay&quot;:&quot;yes&quot;,&quot;image_overlay&quot;:{&quot;url&quot;:&quot;https:\/\/hightopgroup.com\/wp-content\/uploads\/2025\/06\/HTS50u4e3bu56fe-9.jpg&quot;,&quot;id&quot;:4137,&quot;size&quot;:&quot;&quot;,&quot;alt&quot;:&quot;&quot;,&quot;source&quot;:&quot;library&quot;},&quot;video_type&quot;:&quot;youtube&quot;,&quot;controls&quot;:&quot;yes&quot;}\" data-widget_type=\"video.default\">\n<div class=\"elementor-widget-container\">\n<div class=\"elementor-wrapper elementor-open-inline\">\n<div class=\"elementor-video\"><\/div>\n<div class=\"elementor-custom-embed-image-overlay\" style=\"background-image: url(https:\/\/hightopgroup.com\/wp-content\/uploads\/2025\/06\/HTS50\u4e3b\u56fe-9.jpg);\">\n<div class=\"elementor-custom-embed-play\" role=\"button\" aria-label=\"Lire la vid\u00e9o\" tabindex=\"0\"> <svg aria-hidden=\"true\" class=\"e-font-icon-svg e-eicon-play\" viewbox=\"0 0 1000 1000\"><path d=\"M838 162C746 71 633 25 500 25 371 25 258 71 163 162 71 254 25 367 25 500 25 633 71 746 163 837 254 929 367 979 500 979 633 979 746 933 838 837 929 746 975 633 975 500 975 367 929 254 838 162M808 192C892 279 933 379 933 500 933 621 892 725 808 808 725 892 621 938 500 938 379 938 279 896 196 808 113 725 67 621 67 500 67 379 108 279 196 192 279 108 383 62 500 62 621 62 721 108 808 192M438 392V642L642 517 438 392Z\" \/><\/svg><\/div>\n<\/div>\n<\/div>\n<\/div>\n<\/div>\n<p>&nbsp;<\/p>\n<p>Caract\u00e9ristiques et avantages<\/p>\n<div class=\"elementor-element elementor-element-671ad53 e-con-full e-flex e-con e-child\" data-id=\"671ad53\" data-element_type=\"container\">\n<div class=\"elementor-element elementor-element-8e7f6ca elementor-widget elementor-widget-image\" data-id=\"8e7f6ca\" data-element_type=\"widget\" data-widget_type=\"image.default\">\n<div class=\"elementor-widget-container\"> <img fetchpriority=\"high\" decoding=\"async\" width=\"790\" height=\"790\" src=\"https:\/\/hightopgroup.com\/wp-content\/uploads\/2025\/06\/HTS50-1.jpg\" class=\"attachment-large size-large wp-image-4123\" alt=\"HTS50 1\" srcset=\"https:\/\/hightopgroup.com\/wp-content\/uploads\/2025\/06\/HTS50-1.jpg 790w, https:\/\/hightopgroup.com\/wp-content\/uploads\/2025\/06\/HTS50-1-300x300.jpg 300w, https:\/\/hightopgroup.com\/wp-content\/uploads\/2025\/06\/HTS50-1-150x150.jpg 150w, https:\/\/hightopgroup.com\/wp-content\/uploads\/2025\/06\/HTS50-1-768x768.jpg 768w, https:\/\/hightopgroup.com\/wp-content\/uploads\/2025\/06\/HTS50-1-600x600.jpg 600w\" sizes=\"(max-width: 790px) 100vw, 790px\" title=\"Chargeuse compacte sur pneus HTS50 1\"><\/div>\n<\/div>\n<div class=\"elementor-element elementor-element-f6d54c3 elementor-widget elementor-widget-heading\" data-id=\"f6d54c3\" data-element_type=\"widget\" data-widget_type=\"heading.default\">\n<div class=\"elementor-widget-container\">\n<h2 class=\"elementor-heading-title elementor-size-default\">Moteur de marque \u00e0 haute puissance<\/h2>\n<\/div>\n<\/div>\n<div class=\"elementor-element elementor-element-41454c7 elementor-widget elementor-widget-text-editor\" data-id=\"41454c7\" data-element_type=\"widget\" data-widget_type=\"text-editor.default\">\n<div class=\"elementor-widget-container\">\n<p>La chargeuse compacte HTS50 est \u00e9quip\u00e9e d'un moteur haute puissance de marque r\u00e9put\u00e9e, d'une puissance de 36,8 kW et d'une vitesse de 2500 tr\/min. Qu'il s'agisse de transporter des objets lourds ou de travailler sur des terrains accident\u00e9s, les t\u00e2ches peuvent \u00eatre accomplies de mani\u00e8re stable et efficace. Pendant les op\u00e9rations \u00e0 forte charge, le moteur peut \u00e9galement assurer un fonctionnement continu et stable de l'\u00e9quipement.<\/p>\n<\/div>\n<\/div>\n<\/div>\n<div class=\"elementor-element elementor-element-fd5dc69 e-con-full e-flex e-con e-child\" data-id=\"fd5dc69\" data-element_type=\"container\">\n<div class=\"elementor-element elementor-element-d16414d elementor-widget elementor-widget-image\" data-id=\"d16414d\" data-element_type=\"widget\" data-widget_type=\"image.default\">\n<div class=\"elementor-widget-container\"> <img decoding=\"async\" width=\"790\" height=\"790\" src=\"https:\/\/hightopgroup.com\/wp-content\/uploads\/2025\/06\/HTS50-2.jpg\" class=\"attachment-large size-large wp-image-4124\" alt=\"HTS50 2\" srcset=\"https:\/\/hightopgroup.com\/wp-content\/uploads\/2025\/06\/HTS50-2.jpg 790w, https:\/\/hightopgroup.com\/wp-content\/uploads\/2025\/06\/HTS50-2-300x300.jpg 300w, https:\/\/hightopgroup.com\/wp-content\/uploads\/2025\/06\/HTS50-2-150x150.jpg 150w, https:\/\/hightopgroup.com\/wp-content\/uploads\/2025\/06\/HTS50-2-768x768.jpg 768w, https:\/\/hightopgroup.com\/wp-content\/uploads\/2025\/06\/HTS50-2-600x600.jpg 600w\" sizes=\"(max-width: 790px) 100vw, 790px\" title=\"Chargeuse compacte sur pneus HTS50 2\"><\/div>\n<\/div>\n<div class=\"elementor-element elementor-element-2e27820 elementor-widget elementor-widget-heading\" data-id=\"2e27820\" data-element_type=\"widget\" data-widget_type=\"heading.default\">\n<div class=\"elementor-widget-container\">\n<h2 class=\"elementor-heading-title elementor-size-default\">CONFIGURATION DE BASE<\/h2>\n<\/div>\n<\/div>\n<div class=\"elementor-element elementor-element-c464c27 elementor-widget elementor-widget-text-editor\" data-id=\"c464c27\" data-element_type=\"widget\" data-widget_type=\"text-editor.default\">\n<div class=\"elementor-widget-container\">\n<p>Il est \u00e9quip\u00e9 de multiples configurations fonctionnelles telles qu'un dispositif de changement d'eau, un dispositif de s\u00e9curit\u00e9 autobloquant, un dispositif de support de fl\u00e8che, une \u00e9ponge antibruit, un dispositif hydraulique auxiliaire avant, une alarme de recul et un klaxon.<\/p>\n<\/div>\n<\/div>\n<\/div>\n<div class=\"elementor-element elementor-element-92fd98f e-con-full e-flex e-con e-child\" data-id=\"92fd98f\" data-element_type=\"container\">\n<div class=\"elementor-element elementor-element-803a7fa elementor-widget elementor-widget-image\" data-id=\"803a7fa\" data-element_type=\"widget\" data-widget_type=\"image.default\">\n<div class=\"elementor-widget-container\"> <img decoding=\"async\" width=\"790\" height=\"790\" src=\"https:\/\/hightopgroup.com\/wp-content\/uploads\/2025\/06\/HTS50-3.jpg\" class=\"attachment-large size-large wp-image-4125\" alt=\"HTS50 3\" srcset=\"https:\/\/hightopgroup.com\/wp-content\/uploads\/2025\/06\/HTS50-3.jpg 790w, https:\/\/hightopgroup.com\/wp-content\/uploads\/2025\/06\/HTS50-3-300x300.jpg 300w, https:\/\/hightopgroup.com\/wp-content\/uploads\/2025\/06\/HTS50-3-150x150.jpg 150w, https:\/\/hightopgroup.com\/wp-content\/uploads\/2025\/06\/HTS50-3-768x768.jpg 768w, https:\/\/hightopgroup.com\/wp-content\/uploads\/2025\/06\/HTS50-3-600x600.jpg 600w\" sizes=\"(max-width: 790px) 100vw, 790px\" title=\"Chargeuse compacte sur pneus HTS50 3\"><\/div>\n<\/div>\n<div class=\"elementor-element elementor-element-f75745c elementor-widget elementor-widget-heading\" data-id=\"f75745c\" data-element_type=\"widget\" data-widget_type=\"heading.default\">\n<div class=\"elementor-widget-container\">\n<h2 class=\"elementor-heading-title elementor-size-default\">Plus de 30 types de pi\u00e8ces jointes<\/h2>\n<\/div>\n<\/div>\n<div class=\"elementor-element elementor-element-b043378 elementor-widget elementor-widget-text-editor\" data-id=\"b043378\" data-element_type=\"widget\" data-widget_type=\"text-editor.default\">\n<div class=\"elementor-widget-container\">\n<p>De nombreux outils auxiliaires sont disponibles, notamment des godets de chantier, des balayeuses ferm\u00e9es, des godets quatre en un, des \u0153illets de levage \u00e0 quatre points, des chasse-neige, des godets \u00e0 benne, des foss\u00e9s, des racleurs de fumier, des transplanteurs d'arbres, des rota-tors, des fraiseuses, des marteaux brise-roche, des fourches de chariots \u00e9l\u00e9vateurs \u00e0 fourche, etc.<\/p>\n<\/div>\n<\/div>\n<\/div>\n<div class=\"elementor-element elementor-element-7d35127 e-con-full e-flex e-con e-child\" data-id=\"7d35127\" data-element_type=\"container\">\n<div class=\"elementor-element elementor-element-717f837 elementor-widget elementor-widget-image\" data-id=\"717f837\" data-element_type=\"widget\" data-widget_type=\"image.default\">\n<div class=\"elementor-widget-container\"> <img loading=\"lazy\" decoding=\"async\" width=\"790\" height=\"790\" src=\"https:\/\/hightopgroup.com\/wp-content\/uploads\/2025\/06\/HTS50-4.jpg\" class=\"attachment-large size-large wp-image-4126\" alt=\"HTS50 4\" srcset=\"https:\/\/hightopgroup.com\/wp-content\/uploads\/2025\/06\/HTS50-4.jpg 790w, https:\/\/hightopgroup.com\/wp-content\/uploads\/2025\/06\/HTS50-4-300x300.jpg 300w, https:\/\/hightopgroup.com\/wp-content\/uploads\/2025\/06\/HTS50-4-150x150.jpg 150w, https:\/\/hightopgroup.com\/wp-content\/uploads\/2025\/06\/HTS50-4-768x768.jpg 768w, https:\/\/hightopgroup.com\/wp-content\/uploads\/2025\/06\/HTS50-4-600x600.jpg 600w\" sizes=\"auto, (max-width: 790px) 100vw, 790px\" title=\"Chargeuse compacte sur pneus HTS50 4\"><\/div>\n<\/div>\n<div class=\"elementor-element elementor-element-d175a9b elementor-widget elementor-widget-heading\" data-id=\"d175a9b\" data-element_type=\"widget\" data-widget_type=\"heading.default\">\n<div class=\"elementor-widget-container\">\n<h2 class=\"elementor-heading-title elementor-size-default\">Cabine ferm\u00e9e<\/h2>\n<\/div>\n<\/div>\n<div class=\"elementor-element elementor-element-773bcda elementor-widget elementor-widget-text-editor\" data-id=\"773bcda\" data-element_type=\"widget\" data-widget_type=\"text-editor.default\">\n<div class=\"elementor-widget-container\">\n<p>La cabine ferm\u00e9e isole efficacement les polluants tels que le bruit, la poussi\u00e8re et les conditions m\u00e9t\u00e9orologiques difficiles, offrant ainsi un environnement de travail plus confortable. Elle peut \u00e9galement prot\u00e9ger l'op\u00e9rateur en cas de renversement ou de chute d'objet. La cabine est \u00e9quip\u00e9e d'un dispositif de lutte contre l'incendie pour une utilisation plus s\u00fbre.<br \/>Un cockpit semi-ferm\u00e9 est \u00e9galement disponible en option<\/p>\n<\/div>\n<\/div>\n<\/div>\n<div class=\"elementor-element elementor-element-dbe80cf e-con-full e-flex e-con e-child\" data-id=\"dbe80cf\" data-element_type=\"container\">\n<div class=\"elementor-element elementor-element-e1ce989 elementor-widget elementor-widget-image\" data-id=\"e1ce989\" data-element_type=\"widget\" data-widget_type=\"image.default\">\n<div class=\"elementor-widget-container\"> <img loading=\"lazy\" decoding=\"async\" width=\"790\" height=\"790\" src=\"https:\/\/hightopgroup.com\/wp-content\/uploads\/2025\/06\/HTS50-5.jpg\" class=\"attachment-large size-large wp-image-4127\" alt=\"HTS50 5\" srcset=\"https:\/\/hightopgroup.com\/wp-content\/uploads\/2025\/06\/HTS50-5.jpg 790w, https:\/\/hightopgroup.com\/wp-content\/uploads\/2025\/06\/HTS50-5-300x300.jpg 300w, https:\/\/hightopgroup.com\/wp-content\/uploads\/2025\/06\/HTS50-5-150x150.jpg 150w, https:\/\/hightopgroup.com\/wp-content\/uploads\/2025\/06\/HTS50-5-768x768.jpg 768w, https:\/\/hightopgroup.com\/wp-content\/uploads\/2025\/06\/HTS50-5-600x600.jpg 600w\" sizes=\"auto, (max-width: 790px) 100vw, 790px\" title=\"Chargeuse compacte sur pneus HTS50 5\"><\/div>\n<\/div>\n<div class=\"elementor-element elementor-element-7c58bc8 elementor-widget elementor-widget-heading\" data-id=\"7c58bc8\" data-element_type=\"widget\" data-widget_type=\"heading.default\">\n<div class=\"elementor-widget-container\">\n<h2 class=\"elementor-heading-title elementor-size-default\">D\u00c9TAIL DE L'EXPOSITION<\/h2>\n<\/div>\n<\/div>\n<div class=\"elementor-element elementor-element-43c0b7b elementor-widget elementor-widget-text-editor\" data-id=\"43c0b7b\" data-element_type=\"widget\" data-widget_type=\"text-editor.default\">\n<div class=\"elementor-widget-container\">\n<p>Les moteurs hydrauliques import\u00e9s ont une force motrice plus puissante et plus fiable. Structure rotative avec radiateur mont\u00e9 \u00e0 l'arri\u00e8re, pratique pour la maintenance et l'entretien de la machine. L'augmentation du godet accro\u00eet la capacit\u00e9 de chargement. Les pneus \u00e0 usage intensif avec une capacit\u00e9 de charge \u00e9lev\u00e9e sont r\u00e9sistants \u00e0 l'usure et durables. Le si\u00e8ge est confortable et \u00e9lastique. Les lumi\u00e8res LED sont pratiques pour les travaux de nuit.<\/p>\n<\/div>\n<\/div>\n<\/div>\n<div class=\"elementor-element elementor-element-fb0c918 e-con-full e-flex e-con e-child\" data-id=\"fb0c918\" data-element_type=\"container\">\n<div class=\"elementor-element elementor-element-62d4240 elementor-widget elementor-widget-image\" data-id=\"62d4240\" data-element_type=\"widget\" data-widget_type=\"image.default\">\n<div class=\"elementor-widget-container\"> <img loading=\"lazy\" decoding=\"async\" width=\"790\" height=\"790\" src=\"https:\/\/hightopgroup.com\/wp-content\/uploads\/2025\/06\/HTS50-6.jpg\" class=\"attachment-large size-large wp-image-4128\" alt=\"HTS50 6\" srcset=\"https:\/\/hightopgroup.com\/wp-content\/uploads\/2025\/06\/HTS50-6.jpg 790w, https:\/\/hightopgroup.com\/wp-content\/uploads\/2025\/06\/HTS50-6-300x300.jpg 300w, https:\/\/hightopgroup.com\/wp-content\/uploads\/2025\/06\/HTS50-6-150x150.jpg 150w, https:\/\/hightopgroup.com\/wp-content\/uploads\/2025\/06\/HTS50-6-768x768.jpg 768w, https:\/\/hightopgroup.com\/wp-content\/uploads\/2025\/06\/HTS50-6-600x600.jpg 600w\" sizes=\"auto, (max-width: 790px) 100vw, 790px\" title=\"Chargeuse compacte sur pneus HTS50 6\"><\/div>\n<\/div>\n<div class=\"elementor-element elementor-element-75da3d1 elementor-widget elementor-widget-heading\" data-id=\"75da3d1\" data-element_type=\"widget\" data-widget_type=\"heading.default\">\n<div class=\"elementor-widget-container\">\n<h2 class=\"elementor-heading-title elementor-size-default\">fonction optionnelle<\/h2>\n<\/div>\n<\/div>\n<div class=\"elementor-element elementor-element-ccc22db elementor-widget elementor-widget-text-editor\" data-id=\"ccc22db\" data-element_type=\"widget\" data-widget_type=\"text-editor.default\">\n<div class=\"elementor-widget-container\">\n<p>10-16.5-12PR RG400 pneus \u00e0 usage intensif, ainsi que des pneus pleins avec la sp\u00e9cification de 30 *10-16(160\/205)<\/p>\n<p>Feux d'avertissement rotatifs, cabine semi-ferm\u00e9e (sans chauffage\/climatisation, ni \u00e9l\u00e9ments de porte ou de fen\u00eatre)<\/p>\n<p>Les couleurs de la machine et les logos peuvent \u00eatre personnalis\u00e9s<\/p>\n<\/div>\n<\/div>\n<\/div>\n<p>&nbsp;<\/p>\n<p>Param\u00e8tres<\/p>\n<div class=\"elementor-element elementor-element-3cf7ca8 e-con-full e-flex e-con e-child\" data-id=\"3cf7ca8\" data-element_type=\"container\">\n<div class=\"elementor-element elementor-element-c75b589 elementor-widget elementor-widget-text-editor\" data-id=\"c75b589\" data-element_type=\"widget\" data-widget_type=\"text-editor.default\">\n<div class=\"elementor-widget-container\">\n<p><strong>Num\u00e9ro de mod\u00e8le:HTS50<\/strong><\/p>\n<p>Hauteur de fonctionnement maximale : 4058 mm<\/p>\n<p>Hauteur de l'axe d'articulation du godet : 3077mm<\/p>\n<p>Hauteur au sommet de la cabine : 2007mm<\/p>\n<p>Hauteur horizontale maximale du fond de la benne : 2908 mm<\/p>\n<p>Longueur sans godet : 2700mm<\/p>\n<p>Longueur avec godet 3413mm<\/p>\n<p>Hauteur de d\u00e9chargement maximale : 2303 mm<\/p>\n<p>Distance de d\u00e9chargement : 675 mm<\/p>\n<p>Empattement : 999 mm<\/p>\n<p>Angle de d\u00e9part : 23\u00b0.<\/p>\n<p>Garde au sol : 185 mm<\/p>\n<p>Rayon de braquage arri\u00e8re :1627mm<\/p>\n<p>Largeur de la machine : 1469 mm<\/p>\n<p>Largeur du bord du pneu : 1740 mm<\/p>\n<p>Largeur du bord de la benne : 1780 mm<\/p>\n<p>Capacit\u00e9 de la benne : 0,35 m\u00b3<\/p>\n<p>Capacit\u00e9 du r\u00e9servoir de carburant diesel : 88L<\/p>\n<p>Capacit\u00e9 du r\u00e9servoir hydraulique : 70L<\/p>\n<p>Capacit\u00e9 de travail nominale : 750 kg<\/p>\n<p>Capacit\u00e9 de renversement : 1500kg<\/p>\n<p>Poids en ordre de marche : 3003kg<\/p>\n<p>Vitesse de travail maximale : 12km\/h<\/p>\n<p>Moteur standard : Xinchai490<\/p>\n<p>Puissance : 36.8KW\/2500rpm<\/p>\n<p>M\u00e9thode de fonctionnement :Commande m\u00e9canique\/hydraulique<\/p>\n<\/div>\n<\/div>\n<\/div>\n<div class=\"elementor-element elementor-element-1190f5d e-con-full e-flex e-con e-child\" data-id=\"1190f5d\" data-element_type=\"container\">\n<div class=\"elementor-element elementor-element-e480a06 elementor-widget elementor-widget-image\" data-id=\"e480a06\" data-element_type=\"widget\" data-widget_type=\"image.default\">\n<div class=\"elementor-widget-container\"> <img loading=\"lazy\" decoding=\"async\" width=\"635\" height=\"1024\" src=\"https:\/\/hightopgroup.com\/wp-content\/uploads\/2025\/06\/HTS50\u53c2\u6570-635x1024.jpg\" class=\"attachment-large size-large wp-image-4139\" alt=\"HTS50\u53c2\u6570\" srcset=\"https:\/\/hightopgroup.com\/wp-content\/uploads\/2025\/06\/HTS50\u53c2\u6570-635x1024.jpg 635w, https:\/\/hightopgroup.com\/wp-content\/uploads\/2025\/06\/HTS50\u53c2\u6570-186x300.jpg 186w, https:\/\/hightopgroup.com\/wp-content\/uploads\/2025\/06\/HTS50\u53c2\u6570-768x1238.jpg 768w, https:\/\/hightopgroup.com\/wp-content\/uploads\/2025\/06\/HTS50\u53c2\u6570-600x967.jpg 600w, https:\/\/hightopgroup.com\/wp-content\/uploads\/2025\/06\/HTS50\u53c2\u6570.jpg 790w\" sizes=\"auto, (max-width: 635px) 100vw, 635px\" title=\"Chargeuse compacte sur pneus HTS50 7\"><\/div>\n<\/div>\n<\/div>","protected":false},"excerpt":{"rendered":"<p>Overview Les chargeuses compactes HIGHTOP sont id\u00e9ales pour les paysagistes et les arboriculteurs professionnels. Elles sont con\u00e7ues pour les espaces restreints et les t\u00e2ches l\u00e9g\u00e8res. \u00c9quip\u00e9es<\/p>","protected":false},"featured_media":16866,"template":"","meta":{"rank_math_lock_modified_date":false},"product_brand":[],"product_cat":[28],"product_tag":[],"class_list":{"0":"post-16864","1":"product","2":"type-product","3":"status-publish","4":"has-post-thumbnail","6":"product_cat-skid-steer-loader","8":"first","9":"instock","10":"product-type-simple"},"_links":{"self":[{"href":"https:\/\/beleevo.prowebplanners.com\/fr\/wp-json\/wp\/v2\/product\/16864","targetHints":{"allow":["GET"]}}],"collection":[{"href":"https:\/\/beleevo.prowebplanners.com\/fr\/wp-json\/wp\/v2\/product"}],"about":[{"href":"https:\/\/beleevo.prowebplanners.com\/fr\/wp-json\/wp\/v2\/types\/product"}],"version-history":[{"count":1,"href":"https:\/\/beleevo.prowebplanners.com\/fr\/wp-json\/wp\/v2\/product\/16864\/revisions"}],"predecessor-version":[{"id":16865,"href":"https:\/\/beleevo.prowebplanners.com\/fr\/wp-json\/wp\/v2\/product\/16864\/revisions\/16865"}],"wp:featuredmedia":[{"embeddable":true,"href":"https:\/\/beleevo.prowebplanners.com\/fr\/wp-json\/wp\/v2\/media\/16866"}],"wp:attachment":[{"href":"https:\/\/beleevo.prowebplanners.com\/fr\/wp-json\/wp\/v2\/media?parent=16864"}],"wp:term":[{"taxonomy":"product_brand","embeddable":true,"href":"https:\/\/beleevo.prowebplanners.com\/fr\/wp-json\/wp\/v2\/product_brand?post=16864"},{"taxonomy":"product_cat","embeddable":true,"href":"https:\/\/beleevo.prowebplanners.com\/fr\/wp-json\/wp\/v2\/product_cat?post=16864"},{"taxonomy":"product_tag","embeddable":true,"href":"https:\/\/beleevo.prowebplanners.com\/fr\/wp-json\/wp\/v2\/product_tag?post=16864"}],"curies":[{"name":"wp","href":"https:\/\/api.w.org\/{rel}","templated":true}]}}