{"id":16856,"date":"2025-07-23T13:37:57","date_gmt":"2025-07-23T13:37:57","guid":{"rendered":"https:\/\/beleevo.prowebplanners.com\/produit\/ht-l25-wheeled-skid-steer-loader\/"},"modified":"2025-07-23T13:37:57","modified_gmt":"2025-07-23T13:37:57","slug":"ht-l25-wheeled-skid-steer-loader","status":"publish","type":"product","link":"https:\/\/beleevo.prowebplanners.com\/fr\/produit\/ht-l25-wheeled-skid-steer-loader\/","title":{"rendered":"Chargeuse compacte sur roues HT-L25"},"content":{"rendered":"<p>Vue d'ensemble<\/p>\n<div class=\"elementor-element elementor-element-47a0d0d elementor-widget__width-initial elementor-widget elementor-widget-text-editor\" data-id=\"47a0d0d\" data-element_type=\"widget\" data-widget_type=\"text-editor.default\">\n<div class=\"elementor-widget-container\">\n<p>Les chargeuses compactes HIGHTOP sont id\u00e9ales pour les paysagistes et les arboriculteurs professionnels. Elles sont con\u00e7ues pour les espaces restreints et les t\u00e2ches l\u00e9g\u00e8res. \u00c9quip\u00e9es de divers accessoires et d'une plaque de montage universelle \u00e0 connexion rapide, ces chargeuses s'acquittent des t\u00e2ches du chantier avec facilit\u00e9. La s\u00e9rie offre une capacit\u00e9 de travail de 500 lb \u00e0 1 600 lb (226,8 kg - 725,7 kg) et pr\u00e9sente des mesures de s\u00e9curit\u00e9 optimales pour la protection de l'op\u00e9rateur.<\/p>\n<p>Nous offrons des solutions rentables avec des co\u00fbts de production r\u00e9duits dans notre usine bas\u00e9e en Chine. En tant que guichet unique pour des machines certifi\u00e9es et de haute qualit\u00e9, nos produits comprennent des accessoires durables compatibles avec la plupart des pelles compactes et des chargeuses compactes. Avec plus de 10 entrep\u00f4ts dans le monde, nous assurons une livraison rapide en une semaine et fournissons une assistance exceptionnelle, y compris une garantie d'un an et une assistance technique \u00e0 vie.<\/p>\n<\/div>\n<\/div>\n<div class=\"elementor-element elementor-element-2d20c28 elementor-widget__width-initial elementor-widget elementor-widget-video\" data-id=\"2d20c28\" data-element_type=\"widget\" data-settings=\"{&quot;youtube_url&quot;:&quot;https:\/\/youtu.be\/UA69WtIxxLM&quot;,&quot;show_image_overlay&quot;:&quot;yes&quot;,&quot;image_overlay&quot;:{&quot;url&quot;:&quot;https:\/\/hightopgroup.com\/wp-content\/uploads\/2025\/03\/MG_7473.jpg&quot;,&quot;id&quot;:3732,&quot;size&quot;:&quot;&quot;,&quot;alt&quot;:&quot;&quot;,&quot;source&quot;:&quot;library&quot;},&quot;video_type&quot;:&quot;youtube&quot;,&quot;controls&quot;:&quot;yes&quot;}\" data-widget_type=\"video.default\">\n<div class=\"elementor-widget-container\">\n<div class=\"elementor-wrapper elementor-open-inline\">\n<div class=\"elementor-video\"><\/div>\n<div class=\"elementor-custom-embed-image-overlay\" style=\"background-image: url(https:\/\/hightopgroup.com\/wp-content\/uploads\/2025\/03\/MG_7473.jpg);\">\n<div class=\"elementor-custom-embed-play\" role=\"button\" aria-label=\"Lire la vid\u00e9o\" tabindex=\"0\"> <svg aria-hidden=\"true\" class=\"e-font-icon-svg e-eicon-play\" viewbox=\"0 0 1000 1000\"><path d=\"M838 162C746 71 633 25 500 25 371 25 258 71 163 162 71 254 25 367 25 500 25 633 71 746 163 837 254 929 367 979 500 979 633 979 746 933 838 837 929 746 975 633 975 500 975 367 929 254 838 162M808 192C892 279 933 379 933 500 933 621 892 725 808 808 725 892 621 938 500 938 379 938 279 896 196 808 113 725 67 621 67 500 67 379 108 279 196 192 279 108 383 62 500 62 621 62 721 108 808 192M438 392V642L642 517 438 392Z\" \/><\/svg><\/div>\n<\/div>\n<\/div>\n<\/div>\n<\/div>\n<p>&nbsp;<\/p>\n<p>Caract\u00e9ristiques et avantages<\/p>\n<div class=\"elementor-element elementor-element-671ad53 e-con-full e-flex e-con e-child\" data-id=\"671ad53\" data-element_type=\"container\">\n<div class=\"elementor-element elementor-element-8e7f6ca elementor-widget elementor-widget-image\" data-id=\"8e7f6ca\" data-element_type=\"widget\" data-widget_type=\"image.default\">\n<div class=\"elementor-widget-container\"> <img fetchpriority=\"high\" decoding=\"async\" width=\"800\" height=\"800\" src=\"https:\/\/hightopgroup.com\/wp-content\/uploads\/2025\/03\/L25\u6ed1\u79fb\u4e3b\u56fe-18.jpg\" class=\"attachment-large size-large wp-image-3731\" alt=\"L25\u6ed1\u79fb\u4e3b\u56fe 18\" srcset=\"https:\/\/hightopgroup.com\/wp-content\/uploads\/2025\/03\/L25\u6ed1\u79fb\u4e3b\u56fe-18.jpg 1000w, https:\/\/hightopgroup.com\/wp-content\/uploads\/2025\/03\/L25\u6ed1\u79fb\u4e3b\u56fe-18-300x300.jpg 300w, https:\/\/hightopgroup.com\/wp-content\/uploads\/2025\/03\/L25\u6ed1\u79fb\u4e3b\u56fe-18-150x150.jpg 150w, https:\/\/hightopgroup.com\/wp-content\/uploads\/2025\/03\/L25\u6ed1\u79fb\u4e3b\u56fe-18-768x768.jpg 768w, https:\/\/hightopgroup.com\/wp-content\/uploads\/2025\/03\/L25\u6ed1\u79fb\u4e3b\u56fe-18-600x600.jpg 600w\" sizes=\"(max-width: 800px) 100vw, 800px\" title=\"HT-L25 Chargeur compact \u00e0 roues 1\"><\/div>\n<\/div>\n<div class=\"elementor-element elementor-element-f6d54c3 elementor-widget elementor-widget-heading\" data-id=\"f6d54c3\" data-element_type=\"widget\" data-widget_type=\"heading.default\">\n<div class=\"elementor-widget-container\">\n<h2 class=\"elementor-heading-title elementor-size-default\">Moteur de la marque<\/h2>\n<\/div>\n<\/div>\n<div class=\"elementor-element elementor-element-41454c7 elementor-widget elementor-widget-text-editor\" data-id=\"41454c7\" data-element_type=\"widget\" data-widget_type=\"text-editor.default\">\n<div class=\"elementor-widget-container\">\n<p>Forte puissance, respectueuse de l'environnement, conforme aux normes EPA Tier 4\/Euro Stage V, \u00e9quip\u00e9e d'une radiation intelligente ind\u00e9pendante et d'une bo\u00eete \u00e0 pignons sans entretien.<\/p>\n<\/div>\n<\/div>\n<\/div>\n<div class=\"elementor-element elementor-element-fd5dc69 e-con-full e-flex e-con e-child\" data-id=\"fd5dc69\" data-element_type=\"container\">\n<div class=\"elementor-element elementor-element-d16414d elementor-widget elementor-widget-image\" data-id=\"d16414d\" data-element_type=\"widget\" data-widget_type=\"image.default\">\n<div class=\"elementor-widget-container\"> <img decoding=\"async\" width=\"800\" height=\"800\" src=\"https:\/\/hightopgroup.com\/wp-content\/uploads\/2025\/03\/HTL25-5.jpg\" class=\"attachment-large size-large wp-image-3725\" alt=\"HTL25 5\" srcset=\"https:\/\/hightopgroup.com\/wp-content\/uploads\/2025\/03\/HTL25-5.jpg 1001w, https:\/\/hightopgroup.com\/wp-content\/uploads\/2025\/03\/HTL25-5-300x300.jpg 300w, https:\/\/hightopgroup.com\/wp-content\/uploads\/2025\/03\/HTL25-5-150x150.jpg 150w, https:\/\/hightopgroup.com\/wp-content\/uploads\/2025\/03\/HTL25-5-768x768.jpg 768w, https:\/\/hightopgroup.com\/wp-content\/uploads\/2025\/03\/HTL25-5-600x600.jpg 600w\" sizes=\"(max-width: 800px) 100vw, 800px\" title=\"Chargeur compact \u00e0 roues HT-L25 2\"><\/div>\n<\/div>\n<div class=\"elementor-element elementor-element-2e27820 elementor-widget elementor-widget-heading\" data-id=\"2e27820\" data-element_type=\"widget\" data-widget_type=\"heading.default\">\n<div class=\"elementor-widget-container\">\n<h2 class=\"elementor-heading-title elementor-size-default\">Cabine plus large<\/h2>\n<\/div>\n<\/div>\n<div class=\"elementor-element elementor-element-c464c27 elementor-widget elementor-widget-text-editor\" data-id=\"c464c27\" data-element_type=\"widget\" data-widget_type=\"text-editor.default\">\n<div class=\"elementor-widget-container\">\n<p><span data-slate-fragment=\"JTVCJTdCJTIydHlwZSUyMiUzQSUyMnBhcmFncmFwaCUyMiUyQyUyMmNoaWxkcmVuJTIyJTNBJTVCJTdCJTIyaWQlMjIlM0ElMjJlM1I0a01RUEdCJTIyJTJDJTIycGFyYUlkeCUyMiUzQTEwJTJDJTIyc3JjJTIyJTNBJTIyVW5kZXIlMjB0aGUlMjBjb25kaXRpb24lMjB0aGF0JTIwdGhlJTIwdmVoaWNsZSUyMHdpZHRoJTIwaXMlMjAxMDY1bW0oU3RhbmRhcmQlMjBUaXJlKSUyMCUyQyUyMHRoZWNhYmluJTIwaXMlMjAxMDBtbSUyMHdpZGVyJTJDJTIwcHJvdmlkaW5nJTIwYSUyMG1vcmUlMjBzcGFjaW91cyUyMGFuZCUyMGNvbWZvcnRhYmxlJTIwd29ya2luZ2Vudmlyb25tZW50JTIwZm9yJTIwdGhlJTIwb3BlcmF0b3IuJTIyJTJDJTIyZHN0JTIyJTNBJTIyJUU1JTlDJUE4JUU4JUJEJUE2JUU4JUJFJTg2JUU1JUFFJUJEJUU1JUJBJUE2JUU0JUI4JUJBMTA2NW1tJUVGJUJDJTg4JUU2JUEwJTg3JUU1JTg3JTg2JUU4JUJEJUFFJUU4JTgzJThFJUVGJUJDJTg5JUU3JTlBJTg0JUU2JTgzJTg1JUU1JTg2JUI1JUU0JUI4JThCJUVGJUJDJThDJUU4JUExJThDJUU2JTlEJThFJUU3JUFFJUIxJUU1JUFFJUJEMTAwbW0lRUYlQkMlOEMlRTQlQjglQkElRTYlOTMlOEQlRTQlQkQlOUMlRTUlOTElOTglRTYlOEYlOTAlRTQlQkUlOUIlRTQlQkElODYlRTYlOUIlQjQlRTUlQUUlQkQlRTYlOTUlOUUlRTglODglOTIlRTklODAlODIlRTclOUElODQlRTUlQjclQTUlRTQlQkQlOUMlRTclOEUlQUYlRTUlQTIlODMlRTMlODAlODIlMjIlMkMlMjJtZXRhZGF0YSUyMiUzQSUyMiUyMiUyQyUyMm1hdGNoZXMlMjIlM0FudWxsJTJDJTIybWV0YURhdGElMjIlM0ElNUIlNUQlMkMlMjJ0ZXh0JTIyJTNBJTIyVW5kZXIlMjB0aGUlMjBjb25kaXRpb24lMjB0aGF0JTIwdGhlJTIwdmVoaWNsZSUyMHdpZHRoJTIwaXMlMjAxMDY1bW0oU3RhbmRhcmQlMjBUaXJlKSUyMCUyQyUyMHRoZWNhYmluJTIwaXMlMjAxMDBtbSUyMHdpZGVyJTJDJTIwcHJvdmlkaW5nJTIwYSUyMG1vcmUlMjBzcGFjaW91cyUyMGFuZCUyMGNvbWZvcnRhYmxlJTIwd29ya2luZ2Vudmlyb25tZW50JTIwZm9yJTIwdGhlJTIwb3BlcmF0b3IuJTIyJTdEJTVEJTdEJTVE\">Si la largeur du v\u00e9hicule est de 1065 mm (pneu standard), la cabine est plus large de 100 mm, ce qui offre un environnement de travail plus spacieux et plus confortable \u00e0 l'op\u00e9rateur.<\/span><\/p>\n<\/div>\n<\/div>\n<\/div>\n<div class=\"elementor-element elementor-element-92fd98f e-con-full e-flex e-con e-child\" data-id=\"92fd98f\" data-element_type=\"container\">\n<div class=\"elementor-element elementor-element-803a7fa elementor-widget elementor-widget-image\" data-id=\"803a7fa\" data-element_type=\"widget\" data-widget_type=\"image.default\">\n<div class=\"elementor-widget-container\"> <img decoding=\"async\" width=\"800\" height=\"800\" src=\"https:\/\/hightopgroup.com\/wp-content\/uploads\/2025\/03\/HTL25-7.jpg\" class=\"attachment-large size-large wp-image-3717\" alt=\"HTL25 7\" srcset=\"https:\/\/hightopgroup.com\/wp-content\/uploads\/2025\/03\/HTL25-7.jpg 1001w, https:\/\/hightopgroup.com\/wp-content\/uploads\/2025\/03\/HTL25-7-300x300.jpg 300w, https:\/\/hightopgroup.com\/wp-content\/uploads\/2025\/03\/HTL25-7-150x150.jpg 150w, https:\/\/hightopgroup.com\/wp-content\/uploads\/2025\/03\/HTL25-7-768x768.jpg 768w, https:\/\/hightopgroup.com\/wp-content\/uploads\/2025\/03\/HTL25-7-600x600.jpg 600w\" sizes=\"(max-width: 800px) 100vw, 800px\" title=\"HT-L25 Chargeur compact \u00e0 roues 3\"><\/div>\n<\/div>\n<div class=\"elementor-element elementor-element-f75745c elementor-widget elementor-widget-heading\" data-id=\"f75745c\" data-element_type=\"widget\" data-widget_type=\"heading.default\">\n<div class=\"elementor-widget-container\">\n<h2 class=\"elementor-heading-title elementor-size-default\">Capacit\u00e9 de charge plus \u00e9lev\u00e9e<\/h2>\n<\/div>\n<\/div>\n<div class=\"elementor-element elementor-element-b043378 elementor-widget elementor-widget-text-editor\" data-id=\"b043378\" data-element_type=\"widget\" data-widget_type=\"text-editor.default\">\n<div class=\"elementor-widget-container\">\n<p><span data-slate-node=\"text\"><span class=\"null\" data-slate-leaf=\"true\" data-sent-id=\"e64oKj38vz\">M\u00e9canisme d'\u00e9l\u00e9vation verticale auto-innovant dot\u00e9 d'une grande puissance et d'un dispositif g\u00e9n\u00e9ral de changement rapide.<\/span><\/span><span data-slate-node=\"text\" data-slate-fragment=\"JTVCJTdCJTIydHlwZSUyMiUzQSUyMnBhcmFncmFwaCUyMiUyQyUyMmNoaWxkcmVuJTIyJTNBJTVCJTdCJTIyaWQlMjIlM0ElMjJlNjRvS2ozOHZ6JTIyJTJDJTIycGFyYUlkeCUyMiUzQTElMkMlMjJzcmMlMjIlM0ElMjJTZWxmLWlubm92YXRpdmUlMjB2ZXJ0aWNhbCUyMGVsZXZhdGluZyUyMG1lY2hhbmlzbSUyMHdpdGglMjBzdHJvbmdwb3dlciUyMGFuZCUyMGdlbmVyYWwlMjBmYXN0LWNoYW5naW5nJTIwZGV2aWNlLiUyMiUyQyUyMmRzdCUyMiUzQSUyMiVFOCU4NyVBQSVFNCVCOCVCQiVFNSU4OCU5QiVFNiU5NiVCMCVFNyU5QSU4NCVFNSU5RSU4MiVFNyU5QiVCNCVFNSU4RCU4NyVFOSU5OSU4RCVFNiU5QyVCQSVFNiU5RSU4NCVFRiVCQyU4QyVFNSU4QSVBOCVFNSU4QSU5QiVFNSVCQyVCQSVFNSU4QSVCMiVFRiVCQyU4QyVFOSU4MCU5QSVFNyU5NCVBOCVFNSVCRiVBQiVFOSU4MCU5RiVFNiU5QiVCNCVFNiU4RCVBMiVFOCVBMyU4NSVFNyVCRCVBRSVFMyU4MCU4MiUyMiUyQyUyMm1ldGFkYXRhJTIyJTNBJTIyJTIyJTJDJTIybWF0Y2hlcyUyMiUzQW51bGwlMkMlMjJtZXRhRGF0YSUyMiUzQSU1QiU1RCUyQyUyMnRleHQlMjIlM0ElMjJTZWxmLWlubm92YXRpdmUlMjB2ZXJ0aWNhbCUyMGVsZXZhdGluZyUyMG1lY2hhbmlzbSUyMHdpdGglMjBzdHJvbmdwb3dlciUyMGFuZCUyMGdlbmVyYWwlMjBmYXN0LWNoYW5naW5nJTIwZGV2aWNlLiUyMiU3RCUyQyU3QiUyMmlkJTIyJTNBJTIyVlJXWGo0TzZueiUyMiUyQyUyMnBhcmFJZHglMjIlM0ExJTJDJTIyc3JjJTIyJTNBJTIyVGhlJTIwYWRvcHRpb24lMjBvZnRoZSUyMHZhcmlhYmxlJTIwd2lkdGglMjB3b3JraW5nJTIwYXJtJTIwZW5zdXJlcyUyMHRoYXQlMjBhJTIwaGlnaGVybG9hZCUyMGNhcnJ5aW5nJTIwY2FwYWNpdHklMjBpcyUyMHJlYWxpemVkJTIwd2l0aCUyMGElMjBzbWFsbGVyJTIwd2lkdGguJTIyJTJDJTIyZHN0JTIyJTNBJTIyJUU5JTg3JTg3JUU3JTk0JUE4JUU1JThGJUFGJUU1JThGJTk4JUU1JUFFJUJEJUU1JUJBJUE2JUU1JUI3JUE1JUU0JUJEJTlDJUU4JTg3JTgyJUVGJUJDJThDJUU3JUExJUFFJUU0JUJGJTlEJUU0JUJBJTg2JUU0JUJCJUE1JUU4JUJFJTgzJUU1JUIwJThGJUU3JTlBJTg0JUU1JUFFJUJEJUU1JUJBJUE2JUU1JUFFJTlFJUU3JThFJUIwJUU2JTlCJUI0JUU5JUFCJTk4JUU3JTlBJTg0JUU2JTg5JUJGJUU4JUJEJUJEJUU4JTgzJUJEJUU1JThBJTlCJUUzJTgwJTgyJTIyJTJDJTIybWV0YWRhdGElMjIlM0ElMjIlMjIlMkMlMjJtYXRjaGVzJTIyJTNBbnVsbCUyQyUyMm1ldGFEYXRhJTIyJTNBJTVCJTVEJTJDJTIydGV4dCUyMiUzQSUyMlRoZSUyMGFkb3B0aW9uJTIwb2Z0aGUlMjB2YXJpYWJsZSUyMHdpZHRoJTIwd29ya2luZyUyMGFybSUyMGVuc3VyZXMlMjB0aGF0JTIwYSUyMGhpZ2hlcmxvYWQlMjBjYXJyeWluZyUyMGNhcGFjaXR5JTIwaXMlMjByZWFsaXplZCUyMHdpdGglMjBhJTIwc21hbGxlciUyMHdpZHRoLiUyMiU3RCU1RCU3RCU1RA==\"><span class=\"null\" data-slate-leaf=\"true\" data-sent-id=\"VRWXj4O6nz\">L'adoption d'un bras de travail \u00e0 largeur variable permet d'obtenir une capacit\u00e9 de charge plus \u00e9lev\u00e9e avec une largeur plus petite.<\/span><\/span><\/p>\n<\/div>\n<\/div>\n<\/div>\n<div class=\"elementor-element elementor-element-7d35127 e-con-full e-flex e-con e-child\" data-id=\"7d35127\" data-element_type=\"container\">\n<div class=\"elementor-element elementor-element-717f837 elementor-widget elementor-widget-image\" data-id=\"717f837\" data-element_type=\"widget\" data-widget_type=\"image.default\">\n<div class=\"elementor-widget-container\"> <img loading=\"lazy\" decoding=\"async\" width=\"800\" height=\"800\" src=\"https:\/\/hightopgroup.com\/wp-content\/uploads\/2025\/03\/HTL25-4.jpg\" class=\"attachment-large size-large wp-image-3724\" alt=\"HTL25 4\" srcset=\"https:\/\/hightopgroup.com\/wp-content\/uploads\/2025\/03\/HTL25-4.jpg 1001w, https:\/\/hightopgroup.com\/wp-content\/uploads\/2025\/03\/HTL25-4-300x300.jpg 300w, https:\/\/hightopgroup.com\/wp-content\/uploads\/2025\/03\/HTL25-4-150x150.jpg 150w, https:\/\/hightopgroup.com\/wp-content\/uploads\/2025\/03\/HTL25-4-768x768.jpg 768w, https:\/\/hightopgroup.com\/wp-content\/uploads\/2025\/03\/HTL25-4-600x600.jpg 600w\" sizes=\"auto, (max-width: 800px) 100vw, 800px\" title=\"HT-L25 Chargeur compact \u00e0 roues 4\"><\/div>\n<\/div>\n<div class=\"elementor-element elementor-element-d175a9b elementor-widget elementor-widget-heading\" data-id=\"d175a9b\" data-element_type=\"widget\" data-widget_type=\"heading.default\">\n<div class=\"elementor-widget-container\">\n<h2 class=\"elementor-heading-title elementor-size-default\">Syst\u00e8me \u00e0 double vitesse<\/h2>\n<\/div>\n<\/div>\n<div class=\"elementor-element elementor-element-773bcda elementor-widget elementor-widget-text-editor\" data-id=\"773bcda\" data-element_type=\"widget\" data-widget_type=\"text-editor.default\">\n<div class=\"elementor-widget-container\">\n<p><span data-slate-node=\"text\"><span class=\"null\" data-slate-leaf=\"true\" data-sent-id=\"e2lkYRPagz\">HT-L25 adopte des pi\u00e8ces hydrauliques import\u00e9es d'Europe et d'Am\u00e9rique.<\/span><\/span><span data-slate-node=\"text\" data-slate-fragment=\"JTVCJTdCJTIydHlwZSUyMiUzQSUyMnBhcmFncmFwaCUyMiUyQyUyMmNoaWxkcmVuJTIyJTNBJTVCJTdCJTIyaWQlMjIlM0ElMjJlMmxrWVJQYWd6JTIyJTJDJTIycGFyYUlkeCUyMiUzQTQlMkMlMjJzcmMlMjIlM0ElMjJIVC1MMjUlMjBhZG9wdHMlMjBpbXBvcnRlZCUyMEV1cm9wZWFuJTIwYW5kJTIwQW1lcmljYW5oeWRyYXVsaWMlMjBwYXJ0cy4lMjIlMkMlMjJkc3QlMjIlM0ElMjJIVC1MMjUlRTklODclODclRTclOTQlQTglRTYlQUMlQTclRTclQkUlOEUlRTglQkYlOUIlRTUlOEYlQTMlRTYlQjYlQjIlRTUlOEUlOEIlRTQlQkIlQjYlRTMlODAlODIlMjIlMkMlMjJtZXRhZGF0YSUyMiUzQSUyMiUyMiUyQyUyMm1hdGNoZXMlMjIlM0FudWxsJTJDJTIybWV0YURhdGElMjIlM0ElNUIlNUQlMkMlMjJ0ZXh0JTIyJTNBJTIySFQtTDI1JTIwYWRvcHRzJTIwaW1wb3J0ZWQlMjBFdXJvcGVhbiUyMGFuZCUyMEFtZXJpY2FuaHlkcmF1bGljJTIwcGFydHMuJTIyJTdEJTJDJTdCJTIyaWQlMjIlM0ElMjJlRVcyWllvSlp6JTIyJTJDJTIycGFyYUlkeCUyMiUzQTQlMkMlMjJzcmMlMjIlM0ElMjJNYW5pcHVsYXRpb24lMjBhZG9wdHMlMjBwaWxvdCUyMHNlcnZvJTIwc3lzdGVtJTJDc2Vuc2l0aXZlJTIwY29udHJvbCUyQyUyMHF1aWNrJTIwcmVzcG9uc2UlMkMlMjBjYW4lMjB3b3JrJTIwc21vb3RobHklMjBpbiUyMG5hcnJvd3IlMjBzb2FjZSUyMiUyQyUyMmRzdCUyMiUzQSUyMiVFNiU5MyU4RCVFNyVCQSVCNSVFOSU4NyU4NyVFNyU5NCVBOCVFNSU4NSU4OCVFNSVBRiVCQyVFNCVCQyVCQSVFNiU5QyU4RCVFNyVCMyVCQiVFNyVCQiU5RiVFRiVCQyU4QyVFNiU4RSVBNyVFNSU4OCVCNiVFNyU4MSVCNSVFNiU5NSU4RiVFRiVCQyU4QyVFNSU4RiU4RCVFNSVCQSU5NCVFOCVCRiU4NSVFOSU4MCU5RiVFRiVCQyU4QyVFNSU4RiVBRiVFNSU5QyVBOCVFNyU4QiVBRCVFNyVBQSU4NCVFNyVBOSVCQSVFOSU5NyVCNCVFNSU4NiU4NSVFNSVCOSVCMyVFNyVBOCVCMyVFNSVCNyVBNSVFNCVCRCU5QyUyMiUyQyUyMm1ldGFkYXRhJTIyJTNBJTIyJTIyJTJDJTIybWF0Y2hlcyUyMiUzQW51bGwlMkMlMjJtZXRhRGF0YSUyMiUzQSU1QiU1RCUyQyUyMnRleHQlMjIlM0ElMjJNYW5pcHVsYXRpb24lMjBhZG9wdHMlMjBwaWxvdCUyMHNlcnZvJTIwc3lzdGVtJTJDc2Vuc2l0aXZlJTIwY29udHJvbCUyQyUyMHF1aWNrJTIwcmVzcG9uc2UlMkMlMjBjYW4lMjB3b3JrJTIwc21vb3RobHklMjBpbiUyMG5hcnJvd3IlMjBzb2FjZSUyMiU3RCU1RCU3RCU1RA==\"><span class=\"null\" data-slate-leaf=\"true\" data-sent-id=\"eEW2ZYoJZz\">La manipulation adopte un syst\u00e8me pilote servo, un contr\u00f4le sensible, une r\u00e9ponse rapide, et peut fonctionner sans probl\u00e8me dans un espace \u00e9troit.<\/span><\/span><\/p>\n<\/div>\n<\/div>\n<\/div>\n<div class=\"elementor-element elementor-element-dbe80cf e-con-full e-flex e-con e-child\" data-id=\"dbe80cf\" data-element_type=\"container\">\n<div class=\"elementor-element elementor-element-e1ce989 elementor-widget elementor-widget-image\" data-id=\"e1ce989\" data-element_type=\"widget\" data-widget_type=\"image.default\">\n<div class=\"elementor-widget-container\"> <img loading=\"lazy\" decoding=\"async\" width=\"800\" height=\"800\" src=\"https:\/\/hightopgroup.com\/wp-content\/uploads\/2025\/03\/L25\u6ed1\u79fb\u4e3b\u56fe-17.jpg\" class=\"attachment-large size-large wp-image-3734\" alt=\"L25\u6ed1\u79fb\u4e3b\u56fe 17\" srcset=\"https:\/\/hightopgroup.com\/wp-content\/uploads\/2025\/03\/L25\u6ed1\u79fb\u4e3b\u56fe-17.jpg 1000w, https:\/\/hightopgroup.com\/wp-content\/uploads\/2025\/03\/L25\u6ed1\u79fb\u4e3b\u56fe-17-300x300.jpg 300w, https:\/\/hightopgroup.com\/wp-content\/uploads\/2025\/03\/L25\u6ed1\u79fb\u4e3b\u56fe-17-150x150.jpg 150w, https:\/\/hightopgroup.com\/wp-content\/uploads\/2025\/03\/L25\u6ed1\u79fb\u4e3b\u56fe-17-768x768.jpg 768w, https:\/\/hightopgroup.com\/wp-content\/uploads\/2025\/03\/L25\u6ed1\u79fb\u4e3b\u56fe-17-600x600.jpg 600w\" sizes=\"auto, (max-width: 800px) 100vw, 800px\" title=\"HT-L25 Chargeur compact \u00e0 roues 5\"><\/div>\n<\/div>\n<div class=\"elementor-element elementor-element-7c58bc8 elementor-widget elementor-widget-heading\" data-id=\"7c58bc8\" data-element_type=\"widget\" data-widget_type=\"heading.default\">\n<div class=\"elementor-widget-container\">\n<h2 class=\"elementor-heading-title elementor-size-default\">Pneus et chenilles r\u00e9sistants \u00e0 l'usure<\/h2>\n<\/div>\n<\/div>\n<div class=\"elementor-element elementor-element-43c0b7b elementor-widget elementor-widget-text-editor\" data-id=\"43c0b7b\" data-element_type=\"widget\" data-widget_type=\"text-editor.default\">\n<div class=\"elementor-widget-container\">\n<p><span data-slate-fragment=\"JTVCJTdCJTIydHlwZSUyMiUzQSUyMnBhcmFncmFwaCUyMiUyQyUyMmNoaWxkcmVuJTIyJTNBJTVCJTdCJTIyaWQlMjIlM0ElMjJCUFhXMTBLWG1CJTIyJTJDJTIycGFyYUlkeCUyMiUzQTI0JTJDJTIyc3JjJTIyJTNBJTIyQW50aS1zbGlwJTIwYW5kJTIwd2Vhci1yZXNpc3RhbnQuZmxleGlibGUlMjB0dXJuaW5nJTJDJTIwbG9uZyUyMHNlcnZpY2VsaWZlLiUyMiUyQyUyMmRzdCUyMiUzQSUyMiVFOSU5OCVCMiVFNiVCQiU5MSVFOCU4MCU5MCVFNyVBMyVBOCVFRiVCQyU4QyVFOCVCRCVBQyVFNSU4QSVBOCVFNyU4MSVCNSVFNiVCNCVCQiVFRiVCQyU4QyVFNCVCRCVCRiVFNyU5NCVBOCVFNSVBRiVCRiVFNSU5MSVCRCVFOSU5NSVCRiVFMyU4MCU4MiUyMiUyQyUyMm1ldGFkYXRhJTIyJTNBJTIyJTIyJTJDJTIybWF0Y2hlcyUyMiUzQW51bGwlMkMlMjJtZXRhRGF0YSUyMiUzQSU1QiU1RCUyQyUyMnRleHQlMjIlM0ElMjJBbnRpLXNsaXAlMjBhbmQlMjB3ZWFyLXJlc2lzdGFudC5mbGV4aWJsZSUyMHR1cm5pbmclMkMlMjBsb25nJTIwc2VydmljZWxpZmUuJTIyJTdEJTVEJTdEJTVE\">Antid\u00e9rapant et r\u00e9sistant \u00e0 l'usure, rotation souple, longue dur\u00e9e de vie.<\/span><\/p>\n<p>la chenille peut \u00eatre s\u00e9lectionn\u00e9e en fonction de vos besoins<\/p>\n<\/div>\n<\/div>\n<\/div>\n<div class=\"elementor-element elementor-element-fb0c918 e-con-full e-flex e-con e-child\" data-id=\"fb0c918\" data-element_type=\"container\">\n<div class=\"elementor-element elementor-element-62d4240 elementor-widget elementor-widget-image\" data-id=\"62d4240\" data-element_type=\"widget\" data-widget_type=\"image.default\">\n<div class=\"elementor-widget-container\"> <img loading=\"lazy\" decoding=\"async\" width=\"800\" height=\"800\" src=\"https:\/\/hightopgroup.com\/wp-content\/uploads\/2025\/03\/HTL25-9.jpg\" class=\"attachment-large size-large wp-image-3719\" alt=\"HTL25 9\" srcset=\"https:\/\/hightopgroup.com\/wp-content\/uploads\/2025\/03\/HTL25-9.jpg 1001w, https:\/\/hightopgroup.com\/wp-content\/uploads\/2025\/03\/HTL25-9-300x300.jpg 300w, https:\/\/hightopgroup.com\/wp-content\/uploads\/2025\/03\/HTL25-9-150x150.jpg 150w, https:\/\/hightopgroup.com\/wp-content\/uploads\/2025\/03\/HTL25-9-768x768.jpg 768w, https:\/\/hightopgroup.com\/wp-content\/uploads\/2025\/03\/HTL25-9-600x600.jpg 600w\" sizes=\"auto, (max-width: 800px) 100vw, 800px\" title=\"HT-L25 Chargeur compact \u00e0 roues 6\"><\/div>\n<\/div>\n<div class=\"elementor-element elementor-element-75da3d1 elementor-widget elementor-widget-heading\" data-id=\"75da3d1\" data-element_type=\"widget\" data-widget_type=\"heading.default\">\n<div class=\"elementor-widget-container\">\n<h2 class=\"elementor-heading-title elementor-size-default\">S'adapte \u00e0 plus de 60 accessoires<\/h2>\n<\/div>\n<\/div>\n<div class=\"elementor-element elementor-element-ccc22db elementor-widget elementor-widget-text-editor\" data-id=\"ccc22db\" data-element_type=\"widget\" data-widget_type=\"text-editor.default\">\n<div class=\"elementor-widget-container\">\n<p>Les diff\u00e9rentes unit\u00e9s de travail peuvent \u00eatre rapidement chang\u00e9es ou connect\u00e9es sur le chantier, souvent en quelques minutes seulement, et peuvent donc \u00eatre utilis\u00e9es pour pelleter, empiler, soulever, creuser, forer, \u00e9craser, saisir, pousser, desserrer, creuser des tranch\u00e9es, \u00e9craser, m\u00e9langer, d\u00e9neiger et balayer les routes.<\/p>\n<\/div>\n<\/div>\n<\/div>\n<p>&nbsp;<\/p>\n<p>Param\u00e8tres<\/p>\n<div class=\"elementor-element elementor-element-3cf7ca8 e-con-full e-flex e-con e-child\" data-id=\"3cf7ca8\" data-element_type=\"container\">\n<div class=\"elementor-element elementor-element-c75b589 elementor-widget elementor-widget-text-editor\" data-id=\"c75b589\" data-element_type=\"widget\" data-widget_type=\"text-editor.default\">\n<div class=\"elementor-widget-container\">\n<p>Mod\u00e8le\uff1aHT-L25<\/p>\n<p>Hauteur totale de fonctionnement : 3050 mm<\/p>\n<p>Hauteur \u00e0 l'axe d'articulation de la benne : 2580 mm<\/p>\n<p>Hauteur au sommet de la cabine : 1940 mm<\/p>\n<p>Hauteur jusqu'au fond du godet : 2625 mm<\/p>\n<p>Sans godet longueur : 2060 mm<\/p>\n<p>Longueur totale avec godet : 2570 mm<\/p>\n<p>Angle de d\u00e9versement \u00e0 la hauteur maximale:23\u3002<\/p>\n<p>Hauteur de d\u00e9versement : 2150 mm<\/p>\n<p>Port\u00e9e de d\u00e9versement : 560 mm<\/p>\n<p>Retournement du seau sur le sol:33\u3002<\/p>\n<p>Retour du godet \u00e0 pleine hauteur:45\u3002<\/p>\n<p>Empattement : 760 mm<\/p>\n<p>Garde au sol : 120 mm<\/p>\n<p>Angle de d\u00e9part : 10\u3002<\/p>\n<p>Rayon de braquage avant sans benne : 1025<\/p>\n<p>Rayon de r\u00e9glage avant : 1560 mm<\/p>\n<p>Rayon de r\u00e9glage arri\u00e8re : 1140 mm<\/p>\n<p>De l'essieu arri\u00e8re au pare-chocs : 1120 mm<\/p>\n<p>Largeur de la bande de roulement : 920 mm<\/p>\n<p>Largeur : 1065 mm<\/p>\n<p>Largeur du godet : 1010 mm<\/p>\n<\/div>\n<\/div>\n<\/div>\n<div class=\"elementor-element elementor-element-1190f5d e-con-full e-flex e-con e-child\" data-id=\"1190f5d\" data-element_type=\"container\">\n<div class=\"elementor-element elementor-element-e480a06 elementor-widget elementor-widget-image\" data-id=\"e480a06\" data-element_type=\"widget\" data-widget_type=\"image.default\">\n<div class=\"elementor-widget-container\"> <img loading=\"lazy\" decoding=\"async\" width=\"800\" height=\"800\" src=\"https:\/\/hightopgroup.com\/wp-content\/uploads\/2025\/03\/HTL25-3.jpg\" class=\"attachment-large size-large wp-image-3723\" alt=\"HTL25 3\" srcset=\"https:\/\/hightopgroup.com\/wp-content\/uploads\/2025\/03\/HTL25-3.jpg 1001w, https:\/\/hightopgroup.com\/wp-content\/uploads\/2025\/03\/HTL25-3-300x300.jpg 300w, https:\/\/hightopgroup.com\/wp-content\/uploads\/2025\/03\/HTL25-3-150x150.jpg 150w, https:\/\/hightopgroup.com\/wp-content\/uploads\/2025\/03\/HTL25-3-768x768.jpg 768w, https:\/\/hightopgroup.com\/wp-content\/uploads\/2025\/03\/HTL25-3-600x600.jpg 600w\" sizes=\"auto, (max-width: 800px) 100vw, 800px\" title=\"HT-L25 Chargeur compact \u00e0 roues 7\"><\/div>\n<\/div>\n<\/div>","protected":false},"excerpt":{"rendered":"<p>Overview Les chargeuses compactes HIGHTOP sont id\u00e9ales pour les paysagistes et les arboriculteurs professionnels. Elles sont con\u00e7ues pour les espaces restreints et les t\u00e2ches l\u00e9g\u00e8res. \u00c9quip\u00e9es<\/p>","protected":false},"featured_media":16858,"template":"","meta":{"rank_math_lock_modified_date":false},"product_brand":[],"product_cat":[28],"product_tag":[],"class_list":{"0":"post-16856","1":"product","2":"type-product","3":"status-publish","4":"has-post-thumbnail","6":"product_cat-skid-steer-loader","8":"first","9":"instock","10":"product-type-simple"},"_links":{"self":[{"href":"https:\/\/beleevo.prowebplanners.com\/fr\/wp-json\/wp\/v2\/product\/16856","targetHints":{"allow":["GET"]}}],"collection":[{"href":"https:\/\/beleevo.prowebplanners.com\/fr\/wp-json\/wp\/v2\/product"}],"about":[{"href":"https:\/\/beleevo.prowebplanners.com\/fr\/wp-json\/wp\/v2\/types\/product"}],"version-history":[{"count":1,"href":"https:\/\/beleevo.prowebplanners.com\/fr\/wp-json\/wp\/v2\/product\/16856\/revisions"}],"predecessor-version":[{"id":16857,"href":"https:\/\/beleevo.prowebplanners.com\/fr\/wp-json\/wp\/v2\/product\/16856\/revisions\/16857"}],"wp:featuredmedia":[{"embeddable":true,"href":"https:\/\/beleevo.prowebplanners.com\/fr\/wp-json\/wp\/v2\/media\/16858"}],"wp:attachment":[{"href":"https:\/\/beleevo.prowebplanners.com\/fr\/wp-json\/wp\/v2\/media?parent=16856"}],"wp:term":[{"taxonomy":"product_brand","embeddable":true,"href":"https:\/\/beleevo.prowebplanners.com\/fr\/wp-json\/wp\/v2\/product_brand?post=16856"},{"taxonomy":"product_cat","embeddable":true,"href":"https:\/\/beleevo.prowebplanners.com\/fr\/wp-json\/wp\/v2\/product_cat?post=16856"},{"taxonomy":"product_tag","embeddable":true,"href":"https:\/\/beleevo.prowebplanners.com\/fr\/wp-json\/wp\/v2\/product_tag?post=16856"}],"curies":[{"name":"wp","href":"https:\/\/api.w.org\/{rel}","templated":true}]}}