{"id":16847,"date":"2025-07-23T13:34:44","date_gmt":"2025-07-23T13:34:44","guid":{"rendered":"https:\/\/beleevo.prowebplanners.com\/produit\/hts25-crawler-wheel-skid-steer-loader\/"},"modified":"2025-07-23T13:37:39","modified_gmt":"2025-07-23T13:37:39","slug":"hts25-crawler-wheel-skid-steer-loader","status":"publish","type":"product","link":"https:\/\/beleevo.prowebplanners.com\/fr\/produit\/hts25-crawler-wheel-skid-steer-loader\/","title":{"rendered":"Chargeuse compacte \u00e0 chenilles et \u00e0 roues HTS25"},"content":{"rendered":"<p>Vue d'ensemble<\/p>\n<div class=\"elementor-element elementor-element-47a0d0d elementor-widget__width-initial elementor-widget elementor-widget-text-editor\" data-id=\"47a0d0d\" data-element_type=\"widget\" data-widget_type=\"text-editor.default\">\n<div class=\"elementor-widget-container\">\n<p>Les chargeuses compactes HIGHTOP sont id\u00e9ales pour les paysagistes et les arboriculteurs professionnels. Elles sont con\u00e7ues pour les espaces restreints et les t\u00e2ches l\u00e9g\u00e8res. \u00c9quip\u00e9es de divers accessoires et d'une plaque de montage universelle \u00e0 connexion rapide, ces chargeuses s'acquittent des t\u00e2ches du chantier avec facilit\u00e9. La s\u00e9rie offre une capacit\u00e9 de travail de 500 lb \u00e0 1 600 lb (226,8 kg - 725,7 kg) et pr\u00e9sente des mesures de s\u00e9curit\u00e9 optimales pour la protection de l'op\u00e9rateur.<\/p>\n<p>Nous offrons des solutions rentables avec des co\u00fbts de production r\u00e9duits dans notre usine bas\u00e9e en Chine. En tant que guichet unique pour des machines certifi\u00e9es et de haute qualit\u00e9, nos produits comprennent des accessoires durables compatibles avec la plupart des pelles compactes et des chargeuses compactes. Avec plus de 10 entrep\u00f4ts dans le monde, nous assurons une livraison rapide en une semaine et fournissons une assistance exceptionnelle, y compris une garantie d'un an et une assistance technique \u00e0 vie.<\/p>\n<\/div>\n<\/div>\n<div class=\"elementor-element elementor-element-2d20c28 elementor-widget__width-initial elementor-widget elementor-widget-video\" data-id=\"2d20c28\" data-element_type=\"widget\" data-settings=\"{&quot;youtube_url&quot;:&quot;https:\/\/youtu.be\/PpMAcLFR13M&quot;,&quot;show_image_overlay&quot;:&quot;yes&quot;,&quot;image_overlay&quot;:{&quot;url&quot;:&quot;https:\/\/hightopgroup.com\/wp-content\/uploads\/2024\/11\/25u6ed1u79fbu4e3bu56fe-5.jpg&quot;,&quot;id&quot;:3291,&quot;size&quot;:&quot;&quot;,&quot;alt&quot;:&quot;&quot;,&quot;source&quot;:&quot;library&quot;},&quot;video_type&quot;:&quot;youtube&quot;,&quot;controls&quot;:&quot;yes&quot;}\" data-widget_type=\"video.default\">\n<div class=\"elementor-widget-container\">\n<div class=\"elementor-wrapper elementor-open-inline\">\n<div class=\"elementor-video\"><\/div>\n<div class=\"elementor-custom-embed-image-overlay\" style=\"background-image: url(https:\/\/hightopgroup.com\/wp-content\/uploads\/2024\/11\/25\u6ed1\u79fb\u4e3b\u56fe-5.jpg);\">\n<div class=\"elementor-custom-embed-play\" role=\"button\" aria-label=\"Lire la vid\u00e9o\" tabindex=\"0\"> <svg aria-hidden=\"true\" class=\"e-font-icon-svg e-eicon-play\" viewbox=\"0 0 1000 1000\"><path d=\"M838 162C746 71 633 25 500 25 371 25 258 71 163 162 71 254 25 367 25 500 25 633 71 746 163 837 254 929 367 979 500 979 633 979 746 933 838 837 929 746 975 633 975 500 975 367 929 254 838 162M808 192C892 279 933 379 933 500 933 621 892 725 808 808 725 892 621 938 500 938 379 938 279 896 196 808 113 725 67 621 67 500 67 379 108 279 196 192 279 108 383 62 500 62 621 62 721 108 808 192M438 392V642L642 517 438 392Z\" \/><\/svg><\/div>\n<\/div>\n<\/div>\n<\/div>\n<\/div>\n<p>&nbsp;<\/p>\n<p>Caract\u00e9ristiques et avantages<\/p>\n<div class=\"elementor-element elementor-element-671ad53 e-con-full e-flex e-con e-child\" data-id=\"671ad53\" data-element_type=\"container\">\n<div class=\"elementor-element elementor-element-8e7f6ca elementor-widget elementor-widget-image\" data-id=\"8e7f6ca\" data-element_type=\"widget\" data-widget_type=\"image.default\">\n<div class=\"elementor-widget-container\"> <img fetchpriority=\"high\" decoding=\"async\" width=\"790\" height=\"790\" src=\"https:\/\/hightopgroup.com\/wp-content\/uploads\/2024\/11\/25\u6ed1\u79fb\u7279\u6027-1.jpg\" class=\"attachment-large size-large wp-image-3296\" alt=\"25\u6ed1\u79fb\u7279\u6027 1\" srcset=\"https:\/\/hightopgroup.com\/wp-content\/uploads\/2024\/11\/25\u6ed1\u79fb\u7279\u6027-1.jpg 790w, https:\/\/hightopgroup.com\/wp-content\/uploads\/2024\/11\/25\u6ed1\u79fb\u7279\u6027-1-300x300.jpg 300w, https:\/\/hightopgroup.com\/wp-content\/uploads\/2024\/11\/25\u6ed1\u79fb\u7279\u6027-1-150x150.jpg 150w, https:\/\/hightopgroup.com\/wp-content\/uploads\/2024\/11\/25\u6ed1\u79fb\u7279\u6027-1-768x768.jpg 768w, https:\/\/hightopgroup.com\/wp-content\/uploads\/2024\/11\/25\u6ed1\u79fb\u7279\u6027-1-600x600.jpg 600w\" sizes=\"(max-width: 790px) 100vw, 790px\" title=\"Chargeuse compacte \u00e0 chenilles et \u00e0 roues HTS25 1\"><\/div>\n<\/div>\n<div class=\"elementor-element elementor-element-f6d54c3 elementor-widget elementor-widget-heading\" data-id=\"f6d54c3\" data-element_type=\"widget\" data-widget_type=\"heading.default\">\n<div class=\"elementor-widget-container\">\n<h2 class=\"elementor-heading-title elementor-size-default\">Syst\u00e8me d'entra\u00eenement motoris\u00e9, moteur de marque r\u00e9put\u00e9e<\/h2>\n<\/div>\n<\/div>\n<div class=\"elementor-element elementor-element-41454c7 elementor-widget elementor-widget-text-editor\" data-id=\"41454c7\" data-element_type=\"widget\" data-widget_type=\"text-editor.default\">\n<div class=\"elementor-widget-container\">\n<p>Le moteur est import\u00e9 d'une marque de renomm\u00e9e internationale, avec une forte puissance et une protection de l'environnement, conforme \u00e0 la norme EPA Tier 4\/Euro Stage V, configur\u00e9 avec une radiation intelligente ind\u00e9pendante et un carter de roue \u00e0 cha\u00eene sans entretien.<\/p>\n<\/div>\n<\/div>\n<\/div>\n<div class=\"elementor-element elementor-element-fd5dc69 e-con-full e-flex e-con e-child\" data-id=\"fd5dc69\" data-element_type=\"container\">\n<div class=\"elementor-element elementor-element-d16414d elementor-widget elementor-widget-image\" data-id=\"d16414d\" data-element_type=\"widget\" data-widget_type=\"image.default\">\n<div class=\"elementor-widget-container\"> <img decoding=\"async\" width=\"790\" height=\"790\" src=\"https:\/\/hightopgroup.com\/wp-content\/uploads\/2024\/11\/25\u6ed1\u79fb\u7279\u6027-2.jpg\" class=\"attachment-large size-large wp-image-3297\" alt=\"25\u6ed1\u79fb\u7279\u6027 2\" srcset=\"https:\/\/hightopgroup.com\/wp-content\/uploads\/2024\/11\/25\u6ed1\u79fb\u7279\u6027-2.jpg 790w, https:\/\/hightopgroup.com\/wp-content\/uploads\/2024\/11\/25\u6ed1\u79fb\u7279\u6027-2-300x300.jpg 300w, https:\/\/hightopgroup.com\/wp-content\/uploads\/2024\/11\/25\u6ed1\u79fb\u7279\u6027-2-150x150.jpg 150w, https:\/\/hightopgroup.com\/wp-content\/uploads\/2024\/11\/25\u6ed1\u79fb\u7279\u6027-2-768x768.jpg 768w, https:\/\/hightopgroup.com\/wp-content\/uploads\/2024\/11\/25\u6ed1\u79fb\u7279\u6027-2-600x600.jpg 600w\" sizes=\"(max-width: 790px) 100vw, 790px\" title=\"Chargeuse compacte \u00e0 chenilles et \u00e0 roues HTS25 2\"><\/div>\n<\/div>\n<div class=\"elementor-element elementor-element-2e27820 elementor-widget elementor-widget-heading\" data-id=\"2e27820\" data-element_type=\"widget\" data-widget_type=\"heading.default\">\n<div class=\"elementor-widget-container\">\n<h2 class=\"elementor-heading-title elementor-size-default\">Compact Excellente praticabilit\u00e9<\/h2>\n<\/div>\n<\/div>\n<div class=\"elementor-element elementor-element-c464c27 elementor-widget elementor-widget-text-editor\" data-id=\"c464c27\" data-element_type=\"widget\" data-widget_type=\"text-editor.default\">\n<div class=\"elementor-widget-container\">\n<p>Gr\u00e2ce \u00e0 la conception compacte de cette s\u00e9rie, la largeur de la machine principale est relativement faible dans tous les produits de type skid steer, avec une bonne praticabilit\u00e9, ce qui permet de r\u00e9pondre aux exigences des op\u00e9rations sur des sc\u00e8nes sp\u00e9ciales.<\/p>\n<\/div>\n<\/div>\n<\/div>\n<div class=\"elementor-element elementor-element-92fd98f e-con-full e-flex e-con e-child\" data-id=\"92fd98f\" data-element_type=\"container\">\n<div class=\"elementor-element elementor-element-803a7fa elementor-widget elementor-widget-image\" data-id=\"803a7fa\" data-element_type=\"widget\" data-widget_type=\"image.default\">\n<div class=\"elementor-widget-container\"> <img decoding=\"async\" width=\"790\" height=\"790\" src=\"https:\/\/hightopgroup.com\/wp-content\/uploads\/2024\/11\/25\u6ed1\u79fb\u7279\u6027-3.jpg\" class=\"attachment-large size-large wp-image-3298\" alt=\"25\u6ed1\u79fb\u7279\u6027 3\" srcset=\"https:\/\/hightopgroup.com\/wp-content\/uploads\/2024\/11\/25\u6ed1\u79fb\u7279\u6027-3.jpg 790w, https:\/\/hightopgroup.com\/wp-content\/uploads\/2024\/11\/25\u6ed1\u79fb\u7279\u6027-3-300x300.jpg 300w, https:\/\/hightopgroup.com\/wp-content\/uploads\/2024\/11\/25\u6ed1\u79fb\u7279\u6027-3-150x150.jpg 150w, https:\/\/hightopgroup.com\/wp-content\/uploads\/2024\/11\/25\u6ed1\u79fb\u7279\u6027-3-768x768.jpg 768w, https:\/\/hightopgroup.com\/wp-content\/uploads\/2024\/11\/25\u6ed1\u79fb\u7279\u6027-3-600x600.jpg 600w\" sizes=\"(max-width: 790px) 100vw, 790px\" title=\"HTS25 Chargeuse compacte \u00e0 chenilles et \u00e0 roues 3\"><\/div>\n<\/div>\n<div class=\"elementor-element elementor-element-f75745c elementor-widget elementor-widget-heading\" data-id=\"f75745c\" data-element_type=\"widget\" data-widget_type=\"heading.default\">\n<div class=\"elementor-widget-container\">\n<h2 class=\"elementor-heading-title elementor-size-default\">Bras de guindant, capacit\u00e9 de charge plus \u00e9lev\u00e9e<\/h2>\n<\/div>\n<\/div>\n<div class=\"elementor-element elementor-element-b043378 elementor-widget elementor-widget-text-editor\" data-id=\"b043378\" data-element_type=\"widget\" data-widget_type=\"text-editor.default\">\n<div class=\"elementor-widget-container\">\n<p>M\u00e9canisme d'\u00e9l\u00e9vation verticale auto-innovant dot\u00e9 d'une grande puissance et d'un dispositif g\u00e9n\u00e9ral de changement rapide. L'adoption d'un bras de travail \u00e0 largeur variable permet d'obtenir une capacit\u00e9 de charge plus \u00e9lev\u00e9e avec une largeur plus petite.<\/p>\n<\/div>\n<\/div>\n<\/div>\n<div class=\"elementor-element elementor-element-7d35127 e-con-full e-flex e-con e-child\" data-id=\"7d35127\" data-element_type=\"container\">\n<div class=\"elementor-element elementor-element-717f837 elementor-widget elementor-widget-image\" data-id=\"717f837\" data-element_type=\"widget\" data-widget_type=\"image.default\">\n<div class=\"elementor-widget-container\"> <img loading=\"lazy\" decoding=\"async\" width=\"790\" height=\"790\" src=\"https:\/\/hightopgroup.com\/wp-content\/uploads\/2024\/11\/25\u6ed1\u79fb\u7279\u6027-4.jpg\" class=\"attachment-large size-large wp-image-3299\" alt=\"25\u6ed1\u79fb\u7279\u6027 4\" srcset=\"https:\/\/hightopgroup.com\/wp-content\/uploads\/2024\/11\/25\u6ed1\u79fb\u7279\u6027-4.jpg 790w, https:\/\/hightopgroup.com\/wp-content\/uploads\/2024\/11\/25\u6ed1\u79fb\u7279\u6027-4-300x300.jpg 300w, https:\/\/hightopgroup.com\/wp-content\/uploads\/2024\/11\/25\u6ed1\u79fb\u7279\u6027-4-150x150.jpg 150w, https:\/\/hightopgroup.com\/wp-content\/uploads\/2024\/11\/25\u6ed1\u79fb\u7279\u6027-4-768x768.jpg 768w, https:\/\/hightopgroup.com\/wp-content\/uploads\/2024\/11\/25\u6ed1\u79fb\u7279\u6027-4-600x600.jpg 600w\" sizes=\"auto, (max-width: 790px) 100vw, 790px\" title=\"HTS25 Chargeur \u00e0 chenilles\/roues Skid Steer Loader 4\"><\/div>\n<\/div>\n<div class=\"elementor-element elementor-element-d175a9b elementor-widget elementor-widget-heading\" data-id=\"d175a9b\" data-element_type=\"widget\" data-widget_type=\"heading.default\">\n<div class=\"elementor-widget-container\">\n<h2 class=\"elementor-heading-title elementor-size-default\">hauteur de travail 3200mm<\/h2>\n<\/div>\n<\/div>\n<div class=\"elementor-element elementor-element-773bcda elementor-widget elementor-widget-text-editor\" data-id=\"773bcda\" data-element_type=\"widget\" data-widget_type=\"text-editor.default\">\n<div class=\"elementor-widget-container\">\n<p>La chargeuse compacte HTS25 est contr\u00f4l\u00e9e et r\u00e9gl\u00e9e avec pr\u00e9cision gr\u00e2ce au m\u00e9canisme d'\u00e9l\u00e9vation verticale, avec une hauteur de travail pouvant atteindre 3200 mm. Ce m\u00e9canisme permet des op\u00e9rations de levage et d'abaissement souples et efficaces, utiles dans les environnements de travail plus \u00e9lev\u00e9s et plus complexes, tout en am\u00e9liorant l'efficacit\u00e9 du travail et la s\u00e9curit\u00e9 op\u00e9rationnelle.<\/p>\n<\/div>\n<\/div>\n<\/div>\n<div class=\"elementor-element elementor-element-dbe80cf e-con-full e-flex e-con e-child\" data-id=\"dbe80cf\" data-element_type=\"container\">\n<div class=\"elementor-element elementor-element-e1ce989 elementor-widget elementor-widget-image\" data-id=\"e1ce989\" data-element_type=\"widget\" data-widget_type=\"image.default\">\n<div class=\"elementor-widget-container\"> <img loading=\"lazy\" decoding=\"async\" width=\"790\" height=\"790\" src=\"https:\/\/hightopgroup.com\/wp-content\/uploads\/2024\/11\/25\u6ed1\u79fb\u7279\u6027-5.jpg\" class=\"attachment-large size-large wp-image-3300\" alt=\"25\u6ed1\u79fb\u7279\u6027 5\" srcset=\"https:\/\/hightopgroup.com\/wp-content\/uploads\/2024\/11\/25\u6ed1\u79fb\u7279\u6027-5.jpg 790w, https:\/\/hightopgroup.com\/wp-content\/uploads\/2024\/11\/25\u6ed1\u79fb\u7279\u6027-5-300x300.jpg 300w, https:\/\/hightopgroup.com\/wp-content\/uploads\/2024\/11\/25\u6ed1\u79fb\u7279\u6027-5-150x150.jpg 150w, https:\/\/hightopgroup.com\/wp-content\/uploads\/2024\/11\/25\u6ed1\u79fb\u7279\u6027-5-768x768.jpg 768w, https:\/\/hightopgroup.com\/wp-content\/uploads\/2024\/11\/25\u6ed1\u79fb\u7279\u6027-5-600x600.jpg 600w\" sizes=\"auto, (max-width: 790px) 100vw, 790px\" title=\"HTS25 Chargeur \u00e0 chenilles et \u00e0 roues Skid Steer 5\"><\/div>\n<\/div>\n<div class=\"elementor-element elementor-element-7c58bc8 elementor-widget elementor-widget-heading\" data-id=\"7c58bc8\" data-element_type=\"widget\" data-widget_type=\"heading.default\">\n<div class=\"elementor-widget-container\">\n<h2 class=\"elementor-heading-title elementor-size-default\">Syst\u00e8me hydraulique Forte puissance<\/h2>\n<\/div>\n<\/div>\n<div class=\"elementor-element elementor-element-43c0b7b elementor-widget elementor-widget-text-editor\" data-id=\"43c0b7b\" data-element_type=\"widget\" data-widget_type=\"text-editor.default\">\n<div class=\"elementor-widget-container\">\n<p>&nbsp;HTS25 adopte des pi\u00e8ces hydrauliques import\u00e9es d'Europe et d'Am\u00e9rique. La manipulation adopte un syst\u00e8me servo pilote, un contr\u00f4le sensible, une r\u00e9ponse rapide, peut travailler en douceur dans un espace \u00e9troit.nivellement bidirectionnel du bras mobile.module de contr\u00f4le de stabilisation.syst\u00e8me \u00e0 double vitesse.combinaison interne \u00e0 haut d\u00e9bit.cylindre de travail avec absorption des chocs.<\/p>\n<\/div>\n<\/div>\n<\/div>\n<div class=\"elementor-element elementor-element-fb0c918 e-con-full e-flex e-con e-child\" data-id=\"fb0c918\" data-element_type=\"container\">\n<div class=\"elementor-element elementor-element-62d4240 elementor-widget elementor-widget-image\" data-id=\"62d4240\" data-element_type=\"widget\" data-widget_type=\"image.default\">\n<div class=\"elementor-widget-container\"> <img loading=\"lazy\" decoding=\"async\" width=\"790\" height=\"790\" src=\"https:\/\/hightopgroup.com\/wp-content\/uploads\/2024\/11\/25\u6ed1\u79fb\u7279\u6027-7-1.jpg\" class=\"attachment-large size-large wp-image-3305\" alt=\"25\u6ed1\u79fb\u7279\u6027 7 1\" srcset=\"https:\/\/hightopgroup.com\/wp-content\/uploads\/2024\/11\/25\u6ed1\u79fb\u7279\u6027-7-1.jpg 790w, https:\/\/hightopgroup.com\/wp-content\/uploads\/2024\/11\/25\u6ed1\u79fb\u7279\u6027-7-1-300x300.jpg 300w, https:\/\/hightopgroup.com\/wp-content\/uploads\/2024\/11\/25\u6ed1\u79fb\u7279\u6027-7-1-150x150.jpg 150w, https:\/\/hightopgroup.com\/wp-content\/uploads\/2024\/11\/25\u6ed1\u79fb\u7279\u6027-7-1-768x768.jpg 768w, https:\/\/hightopgroup.com\/wp-content\/uploads\/2024\/11\/25\u6ed1\u79fb\u7279\u6027-7-1-600x600.jpg 600w\" sizes=\"auto, (max-width: 790px) 100vw, 790px\" title=\"HTS25 Chargeuse compacte \u00e0 chenilles et \u00e0 roues 6\"><\/div>\n<\/div>\n<div class=\"elementor-element elementor-element-75da3d1 elementor-widget elementor-widget-heading\" data-id=\"75da3d1\" data-element_type=\"widget\" data-widget_type=\"heading.default\">\n<div class=\"elementor-widget-container\">\n<h2 class=\"elementor-heading-title elementor-size-default\">En option, roues ou chenilles<\/h2>\n<\/div>\n<\/div>\n<div class=\"elementor-element elementor-element-ccc22db elementor-widget elementor-widget-text-editor\" data-id=\"ccc22db\" data-element_type=\"widget\" data-widget_type=\"text-editor.default\">\n<div class=\"elementor-widget-container\">\n<p>Les chargeuses compactes Hightop sont disponibles en version sur roues ou sur chenilles. Les deux types ont leurs propres avantages et sc\u00e9narios d'application. Le choix sp\u00e9cifique d\u00e9pend du type de travail, de l'environnement de travail, du budget d'achat et d'autres facteurs.<\/p>\n<\/div>\n<\/div>\n<\/div>\n<p>&nbsp;<\/p>\n<p>Param\u00e8tres<\/p>\n<div class=\"elementor-element elementor-element-3cf7ca8 e-con-full e-flex e-con e-child\" data-id=\"3cf7ca8\" data-element_type=\"container\">\n<div class=\"elementor-element elementor-element-c75b589 elementor-widget elementor-widget-text-editor\" data-id=\"c75b589\" data-element_type=\"widget\" data-widget_type=\"text-editor.default\">\n<div class=\"elementor-widget-container\">\n<p><strong><b>Mod\u00e8le:HTS25<\/b><\/strong><\/p>\n<p>Charge utile\uff1a380 kg<\/p>\n<p>Hauteur totale de fonctionnement\uff1a3400 mm<\/p>\n<p>Flux nominal\uff1a50 L\/min<\/p>\n<p>Hauteur au sommet de la cabine : 1813 mm<\/p>\n<p>Mod\u00e8le de pneu (piste) : 6.5-10<\/p>\n<p>Hauteur de d\u00e9versement : 2000mm<\/p>\n<p>Puissance nominale : Moteur Kubota 25cv\/2800rpm<\/p>\n<p>Largeur du godet : 920 mm<\/p>\n<p>Capacit\u00e9 du r\u00e9servoir de carburant : 28L<\/p>\n<p>Port\u00e9e de d\u00e9versement : 441 mm<\/p>\n<p>Poids de la machine : 1300 kg<\/p>\n<p>Largeur de la bande de roulement : 785 mm<\/p>\n<p>Capacit\u00e9 de la benne : 0,2 m\u00b3<\/p>\n<\/div>\n<\/div>\n<\/div>\n<div class=\"elementor-element elementor-element-1190f5d e-con-full e-flex e-con e-child\" data-id=\"1190f5d\" data-element_type=\"container\">\n<div class=\"elementor-element elementor-element-e480a06 elementor-widget elementor-widget-image\" data-id=\"e480a06\" data-element_type=\"widget\" data-widget_type=\"image.default\">\n<div class=\"elementor-widget-container\"> <img loading=\"lazy\" decoding=\"async\" width=\"790\" height=\"862\" src=\"https:\/\/hightopgroup.com\/wp-content\/uploads\/2024\/11\/25\u6ed1\u79fb\u8f6e\u5f0f\u53c2\u65703.jpg\" class=\"attachment-large size-large wp-image-3322\" alt=\"25\u6ed1\u79fb\u8f6e\u5f0f\u53c2\u65703\" srcset=\"https:\/\/hightopgroup.com\/wp-content\/uploads\/2024\/11\/25\u6ed1\u79fb\u8f6e\u5f0f\u53c2\u65703.jpg 790w, https:\/\/hightopgroup.com\/wp-content\/uploads\/2024\/11\/25\u6ed1\u79fb\u8f6e\u5f0f\u53c2\u65703-275x300.jpg 275w, https:\/\/hightopgroup.com\/wp-content\/uploads\/2024\/11\/25\u6ed1\u79fb\u8f6e\u5f0f\u53c2\u65703-768x838.jpg 768w, https:\/\/hightopgroup.com\/wp-content\/uploads\/2024\/11\/25\u6ed1\u79fb\u8f6e\u5f0f\u53c2\u65703-600x655.jpg 600w\" sizes=\"auto, (max-width: 790px) 100vw, 790px\" title=\"Chargeuse compacte \u00e0 chenilles et \u00e0 roues HTS25 7\"><\/div>\n<\/div>\n<\/div>","protected":false},"excerpt":{"rendered":"<p>Overview Les chargeuses compactes HIGHTOP sont id\u00e9ales pour les paysagistes et les arboriculteurs professionnels. Elles sont con\u00e7ues pour les espaces restreints et les t\u00e2ches l\u00e9g\u00e8res. \u00c9quip\u00e9es<\/p>","protected":false},"featured_media":16849,"template":"","meta":{"rank_math_lock_modified_date":false},"product_brand":[],"product_cat":[28],"product_tag":[],"class_list":{"0":"post-16847","1":"product","2":"type-product","3":"status-publish","4":"has-post-thumbnail","6":"product_cat-skid-steer-loader","8":"first","9":"instock","10":"product-type-simple"},"_links":{"self":[{"href":"https:\/\/beleevo.prowebplanners.com\/fr\/wp-json\/wp\/v2\/product\/16847","targetHints":{"allow":["GET"]}}],"collection":[{"href":"https:\/\/beleevo.prowebplanners.com\/fr\/wp-json\/wp\/v2\/product"}],"about":[{"href":"https:\/\/beleevo.prowebplanners.com\/fr\/wp-json\/wp\/v2\/types\/product"}],"version-history":[{"count":1,"href":"https:\/\/beleevo.prowebplanners.com\/fr\/wp-json\/wp\/v2\/product\/16847\/revisions"}],"predecessor-version":[{"id":16848,"href":"https:\/\/beleevo.prowebplanners.com\/fr\/wp-json\/wp\/v2\/product\/16847\/revisions\/16848"}],"wp:featuredmedia":[{"embeddable":true,"href":"https:\/\/beleevo.prowebplanners.com\/fr\/wp-json\/wp\/v2\/media\/16849"}],"wp:attachment":[{"href":"https:\/\/beleevo.prowebplanners.com\/fr\/wp-json\/wp\/v2\/media?parent=16847"}],"wp:term":[{"taxonomy":"product_brand","embeddable":true,"href":"https:\/\/beleevo.prowebplanners.com\/fr\/wp-json\/wp\/v2\/product_brand?post=16847"},{"taxonomy":"product_cat","embeddable":true,"href":"https:\/\/beleevo.prowebplanners.com\/fr\/wp-json\/wp\/v2\/product_cat?post=16847"},{"taxonomy":"product_tag","embeddable":true,"href":"https:\/\/beleevo.prowebplanners.com\/fr\/wp-json\/wp\/v2\/product_tag?post=16847"}],"curies":[{"name":"wp","href":"https:\/\/api.w.org\/{rel}","templated":true}]}}