{"id":16840,"date":"2025-07-23T13:34:44","date_gmt":"2025-07-23T13:34:44","guid":{"rendered":"https:\/\/beleevo.prowebplanners.com\/produit\/hthy800-seat-driven-skid-steer-loader\/"},"modified":"2025-07-23T13:37:27","modified_gmt":"2025-07-23T13:37:27","slug":"hthy800-seat-driven-skid-steer-loader","status":"publish","type":"product","link":"https:\/\/beleevo.prowebplanners.com\/fr\/produit\/hthy800-seat-driven-skid-steer-loader\/","title":{"rendered":"Chargeur compact rigide \u00e0 si\u00e8ge HTHY800"},"content":{"rendered":"<p>Vue d'ensemble<\/p>\n<div class=\"elementor-element elementor-element-3d00484 elementor-widget__width-initial elementor-widget elementor-widget-text-editor\" data-id=\"3d00484\" data-element_type=\"widget\" data-widget_type=\"text-editor.default\">\n<div class=\"elementor-widget-container\">\n<p>1. Haute rentabilit\u00e9 : En tant qu'usine directe situ\u00e9e dans la base de production de machines de construction en Chine, nous sommes capables de produire la chargeuse compacte \u00e0 moindre co\u00fbt, y compris le co\u00fbt de la main d'\u0153uvre, les mati\u00e8res premi\u00e8res, etc. et de fournir aux clients des produits rentables.<br \/>2. achat en une seule fois : En tant qu'usine ind\u00e9pendante, nous disposons d'une ligne de produits riche, couvrant les machines de construction compactes, et les clients peuvent acheter les \u00e9quipements requis chez nous en une seule fois.<br \/>3. qualit\u00e9 et performance professionnelles : Apr\u00e8s des ann\u00e9es d'exp\u00e9rience de production, nos produits ont obtenu les certifications CE, SGS, TUV et ISO. Ils offrent une qualit\u00e9 et des performances de niveau professionnel pour les petits projets de construction.<br \/>4. des accessoires durables et polyvalents : Nous proposons une gamme d'accessoires con\u00e7us sp\u00e9cifiquement pour les projets \u00e0 usage intensif et compatibles avec la plupart des chargeuses compactes du march\u00e9.<br \/>5. un service apr\u00e8s-vente parfait : Nos \u00e9quipes professionnelles de vente et de maintenance fournissent des conseils et une assistance apr\u00e8s-vente. Elles s'engagent \u00e0 maximiser les performances de l'\u00e9quipement, \u00e0 assurer le bon d\u00e9roulement du projet et \u00e0 fournir une assistance technique tout au long de la vie.<\/p>\n<\/div>\n<\/div>\n<div class=\"elementor-element elementor-element-eec99f5 elementor-widget__width-initial elementor-widget elementor-widget-video\" data-id=\"eec99f5\" data-element_type=\"widget\" data-settings=\"{&quot;youtube_url&quot;:&quot;https:\/\/youtu.be\/-vxMHVX19Jw&quot;,&quot;image_overlay&quot;:{&quot;url&quot;:&quot;https:\/\/hightopgroup.com\/wp-content\/uploads\/2024\/09\/800-Yu6ed1u79fbu4e3bu56fe-4.jpg&quot;,&quot;id&quot;:2811,&quot;size&quot;:&quot;&quot;,&quot;alt&quot;:&quot;&quot;,&quot;source&quot;:&quot;library&quot;},&quot;show_image_overlay&quot;:&quot;yes&quot;,&quot;video_type&quot;:&quot;youtube&quot;,&quot;controls&quot;:&quot;yes&quot;}\" data-widget_type=\"video.default\">\n<div class=\"elementor-widget-container\">\n<div class=\"elementor-wrapper elementor-open-inline\">\n<div class=\"elementor-video\"><\/div>\n<div class=\"elementor-custom-embed-image-overlay\" style=\"background-image: url(https:\/\/hightopgroup.com\/wp-content\/uploads\/2024\/09\/800-Y\u6ed1\u79fb\u4e3b\u56fe-4.jpg);\">\n<div class=\"elementor-custom-embed-play\" role=\"button\" aria-label=\"Lire la vid\u00e9o\" tabindex=\"0\"> <svg aria-hidden=\"true\" class=\"e-font-icon-svg e-eicon-play\" viewbox=\"0 0 1000 1000\"><path d=\"M838 162C746 71 633 25 500 25 371 25 258 71 163 162 71 254 25 367 25 500 25 633 71 746 163 837 254 929 367 979 500 979 633 979 746 933 838 837 929 746 975 633 975 500 975 367 929 254 838 162M808 192C892 279 933 379 933 500 933 621 892 725 808 808 725 892 621 938 500 938 379 938 279 896 196 808 113 725 67 621 67 500 67 379 108 279 196 192 279 108 383 62 500 62 621 62 721 108 808 192M438 392V642L642 517 438 392Z\" \/><\/svg><\/div>\n<\/div>\n<\/div>\n<\/div>\n<\/div>\n<p>&nbsp;<\/p>\n<p>Caract\u00e9ristiques et avantages<\/p>\n<div class=\"elementor-element elementor-element-138b23e e-con-full e-flex e-con e-child\" data-id=\"138b23e\" data-element_type=\"container\">\n<div class=\"elementor-element elementor-element-dc31022 elementor-widget elementor-widget-image\" data-id=\"dc31022\" data-element_type=\"widget\" data-widget_type=\"image.default\">\n<div class=\"elementor-widget-container\"> <img fetchpriority=\"high\" decoding=\"async\" width=\"800\" height=\"800\" src=\"https:\/\/hightopgroup.com\/wp-content\/uploads\/2024\/09\/800-Y\u6ed1\u79fb\u7279\u5f81-1.jpg\" class=\"attachment-large size-large wp-image-2816\" alt=\"800 Y\u6ed1\u79fb\u7279\u5f81 1\" srcset=\"https:\/\/hightopgroup.com\/wp-content\/uploads\/2024\/09\/800-Y\u6ed1\u79fb\u7279\u5f81-1.jpg 1000w, https:\/\/hightopgroup.com\/wp-content\/uploads\/2024\/09\/800-Y\u6ed1\u79fb\u7279\u5f81-1-300x300.jpg 300w, https:\/\/hightopgroup.com\/wp-content\/uploads\/2024\/09\/800-Y\u6ed1\u79fb\u7279\u5f81-1-150x150.jpg 150w, https:\/\/hightopgroup.com\/wp-content\/uploads\/2024\/09\/800-Y\u6ed1\u79fb\u7279\u5f81-1-768x768.jpg 768w, https:\/\/hightopgroup.com\/wp-content\/uploads\/2024\/09\/800-Y\u6ed1\u79fb\u7279\u5f81-1-600x600.jpg 600w\" sizes=\"(max-width: 800px) 100vw, 800px\" title=\"Chargeur compact \u00e0 si\u00e8ge HTHY800 1\"><\/div>\n<\/div>\n<div class=\"elementor-element elementor-element-7fcb316 elementor-widget elementor-widget-heading\" data-id=\"7fcb316\" data-element_type=\"widget\" data-widget_type=\"heading.default\">\n<div class=\"elementor-widget-container\">\n<h2 class=\"elementor-heading-title elementor-size-default\">Conception compacte<\/h2>\n<\/div>\n<\/div>\n<div class=\"elementor-element elementor-element-1aa33d7 elementor-widget elementor-widget-text-editor\" data-id=\"1aa33d7\" data-element_type=\"widget\" data-widget_type=\"text-editor.default\">\n<div class=\"elementor-widget-container\">\n<p>La s\u00e9rie a une conception compacte, une petite largeur d'accueil et une bonne praticabilit\u00e9. Utilise un bras de travail \u00e0 amplitude variable. Assure une forte capacit\u00e9 de charge dans une largeur r\u00e9duite.<\/p>\n<\/div>\n<\/div>\n<\/div>\n<div class=\"elementor-element elementor-element-b74d99a e-con-full e-flex e-con e-child\" data-id=\"b74d99a\" data-element_type=\"container\">\n<div class=\"elementor-element elementor-element-d474faf elementor-widget elementor-widget-image\" data-id=\"d474faf\" data-element_type=\"widget\" data-widget_type=\"image.default\">\n<div class=\"elementor-widget-container\"> <img decoding=\"async\" width=\"800\" height=\"800\" src=\"https:\/\/hightopgroup.com\/wp-content\/uploads\/2024\/09\/800-Y\u6ed1\u79fb\u7279\u5f81-5.jpg\" class=\"attachment-large size-large wp-image-2806\" alt=\"800 Y\u6ed1\u79fb\u7279\u5f81 5\" srcset=\"https:\/\/hightopgroup.com\/wp-content\/uploads\/2024\/09\/800-Y\u6ed1\u79fb\u7279\u5f81-5.jpg 1000w, https:\/\/hightopgroup.com\/wp-content\/uploads\/2024\/09\/800-Y\u6ed1\u79fb\u7279\u5f81-5-300x300.jpg 300w, https:\/\/hightopgroup.com\/wp-content\/uploads\/2024\/09\/800-Y\u6ed1\u79fb\u7279\u5f81-5-150x150.jpg 150w, https:\/\/hightopgroup.com\/wp-content\/uploads\/2024\/09\/800-Y\u6ed1\u79fb\u7279\u5f81-5-768x768.jpg 768w, https:\/\/hightopgroup.com\/wp-content\/uploads\/2024\/09\/800-Y\u6ed1\u79fb\u7279\u5f81-5-600x600.jpg 600w\" sizes=\"(max-width: 800px) 100vw, 800px\" title=\"Chargeur compact \u00e0 si\u00e8ge HTHY800 2\"><\/div>\n<\/div>\n<div class=\"elementor-element elementor-element-97e9dde elementor-widget elementor-widget-heading\" data-id=\"97e9dde\" data-element_type=\"widget\" data-widget_type=\"heading.default\">\n<div class=\"elementor-widget-container\">\n<h2 class=\"elementor-heading-title elementor-size-default\">Moteur de la marque<\/h2>\n<\/div>\n<\/div>\n<div class=\"elementor-element elementor-element-2c77c6d elementor-widget elementor-widget-text-editor\" data-id=\"2c77c6d\" data-element_type=\"widget\" data-widget_type=\"text-editor.default\">\n<div class=\"elementor-widget-container\">\n<p>Cette mini-pelle est \u00e9quip\u00e9e d'un moteur Briggs&amp;Stratton de premi\u00e8re qualit\u00e9 d'une puissance maximale de 13,5 CV pour un fonctionnement puissant mais \u00e9conome en carburant et une distribution sup\u00e9rieure de la chaleur. Dites adieu aux vibrations grin\u00e7antes, savourez un fonctionnement sans faille et anticipez sa long\u00e9vit\u00e9.<\/p>\n<\/div>\n<\/div>\n<\/div>\n<div class=\"elementor-element elementor-element-7aad0d8 e-con-full e-flex e-con e-child\" data-id=\"7aad0d8\" data-element_type=\"container\">\n<div class=\"elementor-element elementor-element-fbca415 elementor-widget elementor-widget-image\" data-id=\"fbca415\" data-element_type=\"widget\" data-widget_type=\"image.default\">\n<div class=\"elementor-widget-container\"> <img decoding=\"async\" width=\"800\" height=\"800\" src=\"https:\/\/hightopgroup.com\/wp-content\/uploads\/2024\/09\/800-Y\u6ed1\u79fb\u7279\u5f81-6.jpg\" class=\"attachment-large size-large wp-image-2807\" alt=\"800 Y\u6ed1\u79fb\u7279\u5f81 6\" srcset=\"https:\/\/hightopgroup.com\/wp-content\/uploads\/2024\/09\/800-Y\u6ed1\u79fb\u7279\u5f81-6.jpg 1000w, https:\/\/hightopgroup.com\/wp-content\/uploads\/2024\/09\/800-Y\u6ed1\u79fb\u7279\u5f81-6-300x300.jpg 300w, https:\/\/hightopgroup.com\/wp-content\/uploads\/2024\/09\/800-Y\u6ed1\u79fb\u7279\u5f81-6-150x150.jpg 150w, https:\/\/hightopgroup.com\/wp-content\/uploads\/2024\/09\/800-Y\u6ed1\u79fb\u7279\u5f81-6-768x768.jpg 768w, https:\/\/hightopgroup.com\/wp-content\/uploads\/2024\/09\/800-Y\u6ed1\u79fb\u7279\u5f81-6-600x600.jpg 600w\" sizes=\"(max-width: 800px) 100vw, 800px\" title=\"Chargeur compact \u00e0 si\u00e8ge HTHY800 3\"><\/div>\n<\/div>\n<div class=\"elementor-element elementor-element-1a03bb3 elementor-widget elementor-widget-heading\" data-id=\"1a03bb3\" data-element_type=\"widget\" data-widget_type=\"heading.default\">\n<div class=\"elementor-widget-container\">\n<h2 class=\"elementor-heading-title elementor-size-default\">Seau d'agrandissement<\/h2>\n<\/div>\n<\/div>\n<div class=\"elementor-element elementor-element-cb9ac85 elementor-widget elementor-widget-text-editor\" data-id=\"cb9ac85\" data-element_type=\"widget\" data-widget_type=\"text-editor.default\">\n<div class=\"elementor-widget-container\">\n<p>La chargeuse \u00e0 conducteur port\u00e9 HTHY800 est \u00e9quip\u00e9e d'un godet de grande capacit\u00e9. Elle peut charger plus de mat\u00e9riaux, \u00e9conomiser le nombre d'exp\u00e9ditions, avoir une grande efficacit\u00e9 et une bonne mobilit\u00e9.<\/p>\n<\/div>\n<\/div>\n<\/div>\n<div class=\"elementor-element elementor-element-c6bb502 e-con-full e-flex e-con e-child\" data-id=\"c6bb502\" data-element_type=\"container\">\n<div class=\"elementor-element elementor-element-a654cb5 elementor-widget elementor-widget-image\" data-id=\"a654cb5\" data-element_type=\"widget\" data-widget_type=\"image.default\">\n<div class=\"elementor-widget-container\"> <img loading=\"lazy\" decoding=\"async\" width=\"800\" height=\"800\" src=\"https:\/\/hightopgroup.com\/wp-content\/uploads\/2024\/09\/800-Y\u6ed1\u79fb\u7279\u5f81-4.jpg\" class=\"attachment-large size-large wp-image-2805\" alt=\"800 Y\u6ed1\u79fb\u7279\u5f81 4\" srcset=\"https:\/\/hightopgroup.com\/wp-content\/uploads\/2024\/09\/800-Y\u6ed1\u79fb\u7279\u5f81-4.jpg 1000w, https:\/\/hightopgroup.com\/wp-content\/uploads\/2024\/09\/800-Y\u6ed1\u79fb\u7279\u5f81-4-300x300.jpg 300w, https:\/\/hightopgroup.com\/wp-content\/uploads\/2024\/09\/800-Y\u6ed1\u79fb\u7279\u5f81-4-150x150.jpg 150w, https:\/\/hightopgroup.com\/wp-content\/uploads\/2024\/09\/800-Y\u6ed1\u79fb\u7279\u5f81-4-768x768.jpg 768w, https:\/\/hightopgroup.com\/wp-content\/uploads\/2024\/09\/800-Y\u6ed1\u79fb\u7279\u5f81-4-600x600.jpg 600w\" sizes=\"auto, (max-width: 800px) 100vw, 800px\" title=\"Chargeur compact \u00e0 si\u00e8ge HTHY800 4\"><\/div>\n<\/div>\n<div class=\"elementor-element elementor-element-84b165c elementor-widget elementor-widget-heading\" data-id=\"84b165c\" data-element_type=\"widget\" data-widget_type=\"heading.default\">\n<div class=\"elementor-widget-container\">\n<h2 class=\"elementor-heading-title elementor-size-default\">Pneumatique r\u00e9sistant \u00e0 l'usure<\/h2>\n<\/div>\n<\/div>\n<div class=\"elementor-element elementor-element-9db03b7 elementor-widget elementor-widget-text-editor\" data-id=\"9db03b7\" data-element_type=\"widget\" data-widget_type=\"text-editor.default\">\n<div class=\"elementor-widget-container\">\n<p>Cette chargeuse compacte est \u00e9quip\u00e9e de pneus r\u00e9sistants \u00e0 l'usure, s'adapte \u00e0 diff\u00e9rentes surfaces, ne craint pas le terrain et augmente l'\u00e9paisseur.<\/p>\n<\/div>\n<\/div>\n<\/div>\n<div class=\"elementor-element elementor-element-b2de1b5 e-con-full e-flex e-con e-child\" data-id=\"b2de1b5\" data-element_type=\"container\">\n<div class=\"elementor-element elementor-element-eec0d58 elementor-widget elementor-widget-image\" data-id=\"eec0d58\" data-element_type=\"widget\" data-widget_type=\"image.default\">\n<div class=\"elementor-widget-container\"> <img loading=\"lazy\" decoding=\"async\" width=\"800\" height=\"800\" src=\"https:\/\/hightopgroup.com\/wp-content\/uploads\/2024\/09\/800-Y\u6ed1\u79fb\u7279\u5f81-2.jpg\" class=\"attachment-large size-large wp-image-2803\" alt=\"800 Y\u6ed1\u79fb\u7279\u5f81 2\" srcset=\"https:\/\/hightopgroup.com\/wp-content\/uploads\/2024\/09\/800-Y\u6ed1\u79fb\u7279\u5f81-2.jpg 1000w, https:\/\/hightopgroup.com\/wp-content\/uploads\/2024\/09\/800-Y\u6ed1\u79fb\u7279\u5f81-2-300x300.jpg 300w, https:\/\/hightopgroup.com\/wp-content\/uploads\/2024\/09\/800-Y\u6ed1\u79fb\u7279\u5f81-2-150x150.jpg 150w, https:\/\/hightopgroup.com\/wp-content\/uploads\/2024\/09\/800-Y\u6ed1\u79fb\u7279\u5f81-2-768x768.jpg 768w, https:\/\/hightopgroup.com\/wp-content\/uploads\/2024\/09\/800-Y\u6ed1\u79fb\u7279\u5f81-2-600x600.jpg 600w\" sizes=\"auto, (max-width: 800px) 100vw, 800px\" title=\"Chargeur compact \u00e0 si\u00e8ge HTHY800 5\"><\/div>\n<\/div>\n<div class=\"elementor-element elementor-element-cb9c692 elementor-widget elementor-widget-heading\" data-id=\"cb9c692\" data-element_type=\"widget\" data-widget_type=\"heading.default\">\n<div class=\"elementor-widget-container\">\n<h2 class=\"elementor-heading-title elementor-size-default\">Syst\u00e8me hydraulique de levage libre<\/h2>\n<\/div>\n<\/div>\n<div class=\"elementor-element elementor-element-4da304d elementor-widget elementor-widget-text-editor\" data-id=\"4da304d\" data-element_type=\"widget\" data-widget_type=\"text-editor.default\">\n<div class=\"elementor-widget-container\">\n<p>Le chargeur compact rigide \u00e0 si\u00e8ge HTHY800 utilise des pi\u00e8ces hydrauliques import\u00e9es d'Europe et d'Am\u00e9rique. Contr\u00f4le sensible, r\u00e9ponse rapide, c'est le meilleur choix pour les op\u00e9rations dans des espaces restreints.<\/p>\n<\/div>\n<\/div>\n<\/div>\n<div class=\"elementor-element elementor-element-c218b52 e-con-full e-flex e-con e-child\" data-id=\"c218b52\" data-element_type=\"container\">\n<div class=\"elementor-element elementor-element-f6c1e7c elementor-widget elementor-widget-image\" data-id=\"f6c1e7c\" data-element_type=\"widget\" data-widget_type=\"image.default\">\n<div class=\"elementor-widget-container\"> <img loading=\"lazy\" decoding=\"async\" width=\"800\" height=\"800\" src=\"https:\/\/hightopgroup.com\/wp-content\/uploads\/2024\/09\/800-Y\u6ed1\u79fb\u7279\u5f81-3.jpg\" class=\"attachment-large size-large wp-image-2804\" alt=\"800 Y\u6ed1\u79fb\u7279\u5f81 3\" srcset=\"https:\/\/hightopgroup.com\/wp-content\/uploads\/2024\/09\/800-Y\u6ed1\u79fb\u7279\u5f81-3.jpg 1000w, https:\/\/hightopgroup.com\/wp-content\/uploads\/2024\/09\/800-Y\u6ed1\u79fb\u7279\u5f81-3-300x300.jpg 300w, https:\/\/hightopgroup.com\/wp-content\/uploads\/2024\/09\/800-Y\u6ed1\u79fb\u7279\u5f81-3-150x150.jpg 150w, https:\/\/hightopgroup.com\/wp-content\/uploads\/2024\/09\/800-Y\u6ed1\u79fb\u7279\u5f81-3-768x768.jpg 768w, https:\/\/hightopgroup.com\/wp-content\/uploads\/2024\/09\/800-Y\u6ed1\u79fb\u7279\u5f81-3-600x600.jpg 600w\" sizes=\"auto, (max-width: 800px) 100vw, 800px\" title=\"Chargeur compact \u00e0 si\u00e8ge HTHY800 6\"><\/div>\n<\/div>\n<div class=\"elementor-element elementor-element-ff7b179 elementor-widget elementor-widget-heading\" data-id=\"ff7b179\" data-element_type=\"widget\" data-widget_type=\"heading.default\">\n<div class=\"elementor-widget-container\">\n<h2 class=\"elementor-heading-title elementor-size-default\">Console simple<\/h2>\n<\/div>\n<\/div>\n<div class=\"elementor-element elementor-element-2c6cde4 elementor-widget elementor-widget-text-editor\" data-id=\"2c6cde4\" data-element_type=\"widget\" data-widget_type=\"text-editor.default\">\n<div class=\"elementor-widget-container\">\n<p>La chargeuse compacte \u00e0 si\u00e8ge est d'une conception raisonnable, facile \u00e0 man\u0153uvrer et \u00e0 utiliser.<\/p>\n<\/div>\n<\/div>\n<\/div>\n<p>&nbsp;<\/p>\n<p>Param\u00e8tres<\/p>\n<div class=\"elementor-element elementor-element-de5a9f0 e-con-full e-flex e-con e-child\" data-id=\"de5a9f0\" data-element_type=\"container\">\n<div class=\"elementor-element elementor-element-e52e0c9 elementor-widget elementor-widget-text-editor\" data-id=\"e52e0c9\" data-element_type=\"widget\" data-widget_type=\"text-editor.default\">\n<div class=\"elementor-widget-container\">\n<p>Mod\u00e8le\uff1aHTHY800<\/p>\n<p>Charge d'exploitation : 300 kg<\/p>\n<p>Vitesse d'avancement maximale : (vitesse \u00e9lev\u00e9e):8<\/p>\n<p>Vitesse de d\u00e9placement minimale : (vitesse lente):4<\/p>\n<p>Pneus\uff08track\uff09:mod\u00e8le 18*8.5-8<\/p>\n<p>Marque du moteur:Briggs&amp;Stratton<\/p>\n<p>Puissance nominale :13.5HP<\/p>\n<p>Capacit\u00e9 du r\u00e9servoir de carburant : 20L<\/p>\n<p>Poids net de la machine : 800 kg<\/p>\n<p>Poids en ordre de marche : 1200KG<\/p>\n<p>Capacit\u00e9 du godet \uff1a0.15m\u00b3<\/p>\n<p>Hauteur totale de fonctionnement :2750mm<\/p>\n<p>Hauteur \u00e0 l'axe d'articulation de la benne : 2200 mm<\/p>\n<p>Longueur totale sans godet : 2180 mm<\/p>\n<p>Longueur totale avec godet : 2680 mm<\/p>\n<p>Angle de d\u00e9versement \u00e0 la hauteur maximale : 38\u00b0.<\/p>\n<p>Hauteur de d\u00e9versement : 1770 mm<\/p>\n<p>Port\u00e9e de d\u00e9versement : 200 mm<\/p>\n<p>Empattement : 950 mm<\/p>\n<p>Garde au sol : 140 mm<\/p>\n<p>Largeur du bras : 340 mm<\/p>\n<p>Largeur : 960 mm<\/p>\n<p>Largeur du godet :1000mm<\/p>\n<\/div>\n<\/div>\n<\/div>\n<div class=\"elementor-element elementor-element-3fbb200 e-con-full e-flex e-con e-child\" data-id=\"3fbb200\" data-element_type=\"container\">\n<div class=\"elementor-element elementor-element-9b29a08 elementor-widget elementor-widget-image\" data-id=\"9b29a08\" data-element_type=\"widget\" data-widget_type=\"image.default\">\n<div class=\"elementor-widget-container\"> <img decoding=\"async\" src=\"https:\/\/hightopgroup.com\/wp-content\/uploads\/2024\/09\/800-Y\u6ed1\u79fb\u4e3b\u56fe-8.jpg\" title=\"800-Y\u6ed1\u79fb\u4e3b\u56fe (8)\" alt=\"800-Y\u6ed1\u79fb\u4e3b\u56fe (8)\" loading=\"lazy\"><\/div>\n<\/div>\n<\/div>","protected":false},"excerpt":{"rendered":"<p>Vue d'ensemble 1. haute rentabilit\u00e9 : En tant qu'usine g\u00e9r\u00e9e directement et situ\u00e9e dans la base de production d'engins de construction de la Chine, nous sommes en mesure de<\/p>","protected":false},"featured_media":16842,"template":"","meta":{"rank_math_lock_modified_date":false},"product_brand":[],"product_cat":[28],"product_tag":[],"class_list":{"0":"post-16840","1":"product","2":"type-product","3":"status-publish","4":"has-post-thumbnail","6":"product_cat-skid-steer-loader","8":"first","9":"instock","10":"product-type-simple"},"_links":{"self":[{"href":"https:\/\/beleevo.prowebplanners.com\/fr\/wp-json\/wp\/v2\/product\/16840","targetHints":{"allow":["GET"]}}],"collection":[{"href":"https:\/\/beleevo.prowebplanners.com\/fr\/wp-json\/wp\/v2\/product"}],"about":[{"href":"https:\/\/beleevo.prowebplanners.com\/fr\/wp-json\/wp\/v2\/types\/product"}],"version-history":[{"count":1,"href":"https:\/\/beleevo.prowebplanners.com\/fr\/wp-json\/wp\/v2\/product\/16840\/revisions"}],"predecessor-version":[{"id":16841,"href":"https:\/\/beleevo.prowebplanners.com\/fr\/wp-json\/wp\/v2\/product\/16840\/revisions\/16841"}],"wp:featuredmedia":[{"embeddable":true,"href":"https:\/\/beleevo.prowebplanners.com\/fr\/wp-json\/wp\/v2\/media\/16842"}],"wp:attachment":[{"href":"https:\/\/beleevo.prowebplanners.com\/fr\/wp-json\/wp\/v2\/media?parent=16840"}],"wp:term":[{"taxonomy":"product_brand","embeddable":true,"href":"https:\/\/beleevo.prowebplanners.com\/fr\/wp-json\/wp\/v2\/product_brand?post=16840"},{"taxonomy":"product_cat","embeddable":true,"href":"https:\/\/beleevo.prowebplanners.com\/fr\/wp-json\/wp\/v2\/product_cat?post=16840"},{"taxonomy":"product_tag","embeddable":true,"href":"https:\/\/beleevo.prowebplanners.com\/fr\/wp-json\/wp\/v2\/product_tag?post=16840"}],"curies":[{"name":"wp","href":"https:\/\/api.w.org\/{rel}","templated":true}]}}