{"id":16823,"date":"2025-07-23T13:34:44","date_gmt":"2025-07-23T13:34:44","guid":{"rendered":"https:\/\/beleevo.prowebplanners.com\/produit\/hts530-skid-steer-loader\/"},"modified":"2025-07-23T13:36:59","modified_gmt":"2025-07-23T13:36:59","slug":"hts530-skid-steer-loader","status":"publish","type":"product","link":"https:\/\/beleevo.prowebplanners.com\/fr\/produit\/hts530-skid-steer-loader\/","title":{"rendered":"Chargeuse compacte HTS530"},"content":{"rendered":"<p>Vue d'ensemble<\/p>\n<div class=\"elementor-element elementor-element-3d00484 elementor-widget__width-initial elementor-widget elementor-widget-text-editor\" data-id=\"3d00484\" data-element_type=\"widget\" data-widget_type=\"text-editor.default\">\n<div class=\"elementor-widget-container\">\n<ol>\n<li>Un rapport co\u00fbt-efficacit\u00e9 \u00e9lev\u00e9 : En tant qu'usine g\u00e9r\u00e9e directement et situ\u00e9e dans la base de production d'engins de construction en Chine, nous sommes en mesure de fabriquer des produits \u00e0 des co\u00fbts inf\u00e9rieurs, y compris les co\u00fbts de main-d'\u0153uvre, les mati\u00e8res premi\u00e8res, etc. et de fournir aux clients des produits rentables.<\/li>\n<li>Achat en une seule fois : En tant qu'usine autonome, nous disposons d'une riche gamme de produits, couvrant les machines de construction compactes, et les clients peuvent acheter l'\u00e9quipement requis aupr\u00e8s de nous en une seule fois.<\/li>\n<li>Qualit\u00e9 et performances professionnelles : Apr\u00e8s des ann\u00e9es d'exp\u00e9rience de production, nos produits ont obtenu les certifications CE, SGS, TUV et ISO. Ils offrent une qualit\u00e9 et des performances de niveau professionnel pour les petits projets de construction.<\/li>\n<li>Des accessoires durables et polyvalents : Nous proposons une gamme d'accessoires con\u00e7us sp\u00e9cifiquement pour les projets \u00e0 usage intensif et compatibles avec la plupart des pelles compactes et des chargeuses compactes du march\u00e9.<\/li>\n<li>Un service apr\u00e8s-vente parfait : Nos \u00e9quipes professionnelles de vente et de maintenance fournissent des conseils et une assistance apr\u00e8s-vente. Elles s'engagent \u00e0 maximiser les performances de l'\u00e9quipement, \u00e0 assurer le bon d\u00e9roulement du projet et \u00e0 fournir une assistance technique tout au long de la vie.<\/li>\n<\/ol>\n<\/div>\n<\/div>\n<div class=\"elementor-element elementor-element-eec99f5 elementor-widget__width-initial elementor-widget elementor-widget-video\" data-id=\"eec99f5\" data-element_type=\"widget\" data-settings=\"{&quot;youtube_url&quot;:&quot;https:\/\/youtu.be\/GU3JdUg5e6U&quot;,&quot;image_overlay&quot;:{&quot;url&quot;:&quot;https:\/\/hightopgroup.com\/wp-content\/uploads\/2024\/10\/530-9.jpg&quot;,&quot;id&quot;:3095,&quot;size&quot;:&quot;&quot;,&quot;alt&quot;:&quot;&quot;,&quot;source&quot;:&quot;library&quot;},&quot;show_image_overlay&quot;:&quot;yes&quot;,&quot;video_type&quot;:&quot;youtube&quot;,&quot;controls&quot;:&quot;yes&quot;}\" data-widget_type=\"video.default\">\n<div class=\"elementor-widget-container\">\n<div class=\"elementor-wrapper elementor-open-inline\">\n<div class=\"elementor-video\"><\/div>\n<div class=\"elementor-custom-embed-image-overlay\" style=\"background-image: url(https:\/\/hightopgroup.com\/wp-content\/uploads\/2024\/10\/530-9.jpg);\">\n<div class=\"elementor-custom-embed-play\" role=\"button\" aria-label=\"Lire la vid\u00e9o\" tabindex=\"0\"> <svg aria-hidden=\"true\" class=\"e-font-icon-svg e-eicon-play\" viewbox=\"0 0 1000 1000\"><path d=\"M838 162C746 71 633 25 500 25 371 25 258 71 163 162 71 254 25 367 25 500 25 633 71 746 163 837 254 929 367 979 500 979 633 979 746 933 838 837 929 746 975 633 975 500 975 367 929 254 838 162M808 192C892 279 933 379 933 500 933 621 892 725 808 808 725 892 621 938 500 938 379 938 279 896 196 808 113 725 67 621 67 500 67 379 108 279 196 192 279 108 383 62 500 62 621 62 721 108 808 192M438 392V642L642 517 438 392Z\" \/><\/svg><\/div>\n<\/div>\n<\/div>\n<\/div>\n<\/div>\n<p>&nbsp;<\/p>\n<p>Caract\u00e9ristiques et avantages<\/p>\n<div class=\"elementor-element elementor-element-138b23e e-con-full e-flex e-con e-child\" data-id=\"138b23e\" data-element_type=\"container\">\n<div class=\"elementor-element elementor-element-dc31022 elementor-widget elementor-widget-image\" data-id=\"dc31022\" data-element_type=\"widget\" data-widget_type=\"image.default\">\n<div class=\"elementor-widget-container\"> <img fetchpriority=\"high\" decoding=\"async\" width=\"800\" height=\"800\" src=\"https:\/\/hightopgroup.com\/wp-content\/uploads\/2024\/08\/530\u7279\u5f811.jpg\" class=\"attachment-large size-large wp-image-2050\" alt=\"530\u7279\u5f811\" srcset=\"https:\/\/hightopgroup.com\/wp-content\/uploads\/2024\/08\/530\u7279\u5f811.jpg 1000w, https:\/\/hightopgroup.com\/wp-content\/uploads\/2024\/08\/530\u7279\u5f811-300x300.jpg 300w, https:\/\/hightopgroup.com\/wp-content\/uploads\/2024\/08\/530\u7279\u5f811-150x150.jpg 150w, https:\/\/hightopgroup.com\/wp-content\/uploads\/2024\/08\/530\u7279\u5f811-768x768.jpg 768w, https:\/\/hightopgroup.com\/wp-content\/uploads\/2024\/08\/530\u7279\u5f811-600x600.jpg 600w\" sizes=\"(max-width: 800px) 100vw, 800px\" title=\"Chargeuse compacte HTS530 1\"><\/div>\n<\/div>\n<div class=\"elementor-element elementor-element-7fcb316 elementor-widget elementor-widget-heading\" data-id=\"7fcb316\" data-element_type=\"widget\" data-widget_type=\"heading.default\">\n<div class=\"elementor-widget-container\">\n<h2 class=\"elementor-heading-title elementor-size-default\">Moteur efficace KUBOTA D1105<\/h2>\n<\/div>\n<\/div>\n<div class=\"elementor-element elementor-element-1aa33d7 elementor-widget elementor-widget-text-editor\" data-id=\"1aa33d7\" data-element_type=\"widget\" data-widget_type=\"text-editor.default\">\n<div class=\"elementor-widget-container\">\n<p>Ce chargeur compact rigide est \u00e9quip\u00e9 d'un moteur KUBOTA D1105 de premi\u00e8re qualit\u00e9, d'une puissance de 14 kW, pour un fonctionnement puissant mais \u00e9conome en carburant et une distribution sup\u00e9rieure de la chaleur. Dites adieu aux vibrations d\u00e9sagr\u00e9ables, savourez un fonctionnement sans faille et anticipez sa long\u00e9vit\u00e9.Dur\u00e9e de vie plus longue : Compar\u00e9 aux moteurs ordinaires, celui-ci a une dur\u00e9e de vie beaucoup plus longue, ce qui garantit des performances accrues.<\/p>\n<\/div>\n<\/div>\n<\/div>\n<div class=\"elementor-element elementor-element-b74d99a e-con-full e-flex e-con e-child\" data-id=\"b74d99a\" data-element_type=\"container\">\n<div class=\"elementor-element elementor-element-d474faf elementor-widget elementor-widget-image\" data-id=\"d474faf\" data-element_type=\"widget\" data-widget_type=\"image.default\">\n<div class=\"elementor-widget-container\"> <img decoding=\"async\" width=\"800\" height=\"800\" src=\"https:\/\/hightopgroup.com\/wp-content\/uploads\/2024\/08\/530\u7279\u5f812.jpg\" class=\"attachment-large size-large wp-image-2051\" alt=\"530\u7279\u5f812\" srcset=\"https:\/\/hightopgroup.com\/wp-content\/uploads\/2024\/08\/530\u7279\u5f812.jpg 1000w, https:\/\/hightopgroup.com\/wp-content\/uploads\/2024\/08\/530\u7279\u5f812-300x300.jpg 300w, https:\/\/hightopgroup.com\/wp-content\/uploads\/2024\/08\/530\u7279\u5f812-150x150.jpg 150w, https:\/\/hightopgroup.com\/wp-content\/uploads\/2024\/08\/530\u7279\u5f812-768x768.jpg 768w, https:\/\/hightopgroup.com\/wp-content\/uploads\/2024\/08\/530\u7279\u5f812-600x600.jpg 600w\" sizes=\"(max-width: 800px) 100vw, 800px\" title=\"Chargeuse compacte HTS530 2\"><\/div>\n<\/div>\n<div class=\"elementor-element elementor-element-97e9dde elementor-widget elementor-widget-heading\" data-id=\"97e9dde\" data-element_type=\"widget\" data-widget_type=\"heading.default\">\n<div class=\"elementor-widget-container\">\n<h2 class=\"elementor-heading-title elementor-size-default\">Convient \u00e0 de nombreux accessoires \u00e0 volume \u00e9lev\u00e9<\/h2>\n<\/div>\n<\/div>\n<div class=\"elementor-element elementor-element-2c77c6d elementor-widget elementor-widget-text-editor\" data-id=\"2c77c6d\" data-element_type=\"widget\" data-widget_type=\"text-editor.default\">\n<div class=\"elementor-widget-container\">\n<p>Les diff\u00e9rents dispositifs de travail peuvent \u00eatre rapidement chang\u00e9s ou raccord\u00e9s sur le chantier, g\u00e9n\u00e9ralement en quelques minutes seulement, de sorte qu'ils peuvent \u00eatre utilis\u00e9s pour pelleter, empiler, soulever, creuser, forer, \u00e9craser, saisir, pousser, ameublir, creuser des foss\u00e9s, balayer et compacter les routes.<\/p>\n<\/div>\n<\/div>\n<\/div>\n<div class=\"elementor-element elementor-element-7aad0d8 e-con-full e-flex e-con e-child\" data-id=\"7aad0d8\" data-element_type=\"container\">\n<div class=\"elementor-element elementor-element-fbca415 elementor-widget elementor-widget-image\" data-id=\"fbca415\" data-element_type=\"widget\" data-widget_type=\"image.default\">\n<div class=\"elementor-widget-container\"> <img decoding=\"async\" width=\"800\" height=\"800\" src=\"https:\/\/hightopgroup.com\/wp-content\/uploads\/2024\/10\/\u4e13\u7528530\u4e3b\u56fe\u7279\u5f81\u56fe3.jpg\" class=\"attachment-large size-large wp-image-3097\" alt=\"\u4e13\u7528530\u4e3b\u56fe\u7279\u5f81\u56fe3\" srcset=\"https:\/\/hightopgroup.com\/wp-content\/uploads\/2024\/10\/\u4e13\u7528530\u4e3b\u56fe\u7279\u5f81\u56fe3.jpg 1000w, https:\/\/hightopgroup.com\/wp-content\/uploads\/2024\/10\/\u4e13\u7528530\u4e3b\u56fe\u7279\u5f81\u56fe3-300x300.jpg 300w, https:\/\/hightopgroup.com\/wp-content\/uploads\/2024\/10\/\u4e13\u7528530\u4e3b\u56fe\u7279\u5f81\u56fe3-150x150.jpg 150w, https:\/\/hightopgroup.com\/wp-content\/uploads\/2024\/10\/\u4e13\u7528530\u4e3b\u56fe\u7279\u5f81\u56fe3-768x768.jpg 768w, https:\/\/hightopgroup.com\/wp-content\/uploads\/2024\/10\/\u4e13\u7528530\u4e3b\u56fe\u7279\u5f81\u56fe3-600x600.jpg 600w\" sizes=\"(max-width: 800px) 100vw, 800px\" title=\"Chargeuse compacte HTS530 3\"><\/div>\n<\/div>\n<div class=\"elementor-element elementor-element-1a03bb3 elementor-widget elementor-widget-heading\" data-id=\"1a03bb3\" data-element_type=\"widget\" data-widget_type=\"heading.default\">\n<div class=\"elementor-widget-container\">\n<h2 class=\"elementor-heading-title elementor-size-default\">Facilit\u00e9 d'utilisation<\/h2>\n<\/div>\n<\/div>\n<div class=\"elementor-element elementor-element-cb9ac85 elementor-widget elementor-widget-text-editor\" data-id=\"cb9ac85\" data-element_type=\"widget\" data-widget_type=\"text-editor.default\">\n<div class=\"elementor-widget-container\">\n<p>Les manettes pratiques permettent de r\u00e9gler sans effort la vitesse, la direction et la hauteur de levage. Pour des mouvements simples et pr\u00e9cis, ce petit skid steer convient aussi bien aux paysagistes inexp\u00e9riment\u00e9s qu'aux plus exp\u00e9riment\u00e9s.<\/p>\n<\/div>\n<\/div>\n<\/div>\n<div class=\"elementor-element elementor-element-c6bb502 e-con-full e-flex e-con e-child\" data-id=\"c6bb502\" data-element_type=\"container\">\n<div class=\"elementor-element elementor-element-a654cb5 elementor-widget elementor-widget-image\" data-id=\"a654cb5\" data-element_type=\"widget\" data-widget_type=\"image.default\">\n<div class=\"elementor-widget-container\"> <img loading=\"lazy\" decoding=\"async\" width=\"800\" height=\"800\" src=\"https:\/\/hightopgroup.com\/wp-content\/uploads\/2024\/10\/530-16.jpg\" class=\"attachment-large size-large wp-image-3092\" alt=\"530 16\" srcset=\"https:\/\/hightopgroup.com\/wp-content\/uploads\/2024\/10\/530-16.jpg 800w, https:\/\/hightopgroup.com\/wp-content\/uploads\/2024\/10\/530-16-300x300.jpg 300w, https:\/\/hightopgroup.com\/wp-content\/uploads\/2024\/10\/530-16-150x150.jpg 150w, https:\/\/hightopgroup.com\/wp-content\/uploads\/2024\/10\/530-16-768x768.jpg 768w, https:\/\/hightopgroup.com\/wp-content\/uploads\/2024\/10\/530-16-600x600.jpg 600w\" sizes=\"auto, (max-width: 800px) 100vw, 800px\" title=\"Chargeuse compacte HTS530 4\"><\/div>\n<\/div>\n<div class=\"elementor-element elementor-element-84b165c elementor-widget elementor-widget-heading\" data-id=\"84b165c\" data-element_type=\"widget\" data-widget_type=\"heading.default\">\n<div class=\"elementor-widget-container\">\n<h2 class=\"elementor-heading-title elementor-size-default\">Taille compacte<\/h2>\n<\/div>\n<\/div>\n<div class=\"elementor-element elementor-element-9db03b7 elementor-widget elementor-widget-text-editor\" data-id=\"9db03b7\" data-element_type=\"widget\" data-widget_type=\"text-editor.default\">\n<div class=\"elementor-widget-container\">\n<p>Sa taille est relativement petiteIl peut se faufiler \u00e0 travers la porte d'entr\u00e9e et la porte de cl\u00f4tureVous pouvez \u00e9galement travailler \u00e0 l'int\u00e9rieur\uff0cHauteur de travail maximale jusqu'\u00e0 2630 mm<\/p>\n<\/div>\n<\/div>\n<\/div>\n<div class=\"elementor-element elementor-element-b2de1b5 e-con-full e-flex e-con e-child\" data-id=\"b2de1b5\" data-element_type=\"container\">\n<div class=\"elementor-element elementor-element-eec0d58 elementor-widget elementor-widget-image\" data-id=\"eec0d58\" data-element_type=\"widget\" data-widget_type=\"image.default\">\n<div class=\"elementor-widget-container\"> <img loading=\"lazy\" decoding=\"async\" width=\"800\" height=\"800\" src=\"https:\/\/hightopgroup.com\/wp-content\/uploads\/2024\/10\/530-1.jpg\" class=\"attachment-large size-large wp-image-3099\" alt=\"530 1\" srcset=\"https:\/\/hightopgroup.com\/wp-content\/uploads\/2024\/10\/530-1.jpg 800w, https:\/\/hightopgroup.com\/wp-content\/uploads\/2024\/10\/530-1-300x300.jpg 300w, https:\/\/hightopgroup.com\/wp-content\/uploads\/2024\/10\/530-1-150x150.jpg 150w, https:\/\/hightopgroup.com\/wp-content\/uploads\/2024\/10\/530-1-768x768.jpg 768w, https:\/\/hightopgroup.com\/wp-content\/uploads\/2024\/10\/530-1-600x600.jpg 600w\" sizes=\"auto, (max-width: 800px) 100vw, 800px\" title=\"Chargeuse compacte HTS530 5\"><\/div>\n<\/div>\n<div class=\"elementor-element elementor-element-cb9c692 elementor-widget elementor-widget-heading\" data-id=\"cb9c692\" data-element_type=\"widget\" data-widget_type=\"heading.default\">\n<div class=\"elementor-widget-container\">\n<h2 class=\"elementor-heading-title elementor-size-default\">Entretien facile<\/h2>\n<\/div>\n<\/div>\n<div class=\"elementor-element elementor-element-4da304d elementor-widget elementor-widget-text-editor\" data-id=\"4da304d\" data-element_type=\"widget\" data-widget_type=\"text-editor.default\">\n<div class=\"elementor-widget-container\">\n<p>La plaque de couverture avant est facile \u00e0 ouvrir et soutenue par des tiges doubles pour faciliter l'entretien et l'inspection \u00e0 l'int\u00e9rieur de la cabine.le cadre de support du cylindre est utilis\u00e9 pendant les essais, ce qui pr\u00e9sente un facteur de s\u00e9curit\u00e9 plus \u00e9lev\u00e9.<\/p>\n<\/div>\n<\/div>\n<\/div>\n<div class=\"elementor-element elementor-element-c218b52 e-con-full e-flex e-con e-child\" data-id=\"c218b52\" data-element_type=\"container\">\n<div class=\"elementor-element elementor-element-f6c1e7c elementor-widget elementor-widget-image\" data-id=\"f6c1e7c\" data-element_type=\"widget\" data-widget_type=\"image.default\">\n<div class=\"elementor-widget-container\"> <img loading=\"lazy\" decoding=\"async\" width=\"800\" height=\"800\" src=\"https:\/\/hightopgroup.com\/wp-content\/uploads\/2024\/10\/530-27.jpg\" class=\"attachment-large size-large wp-image-3101\" alt=\"530 27\" srcset=\"https:\/\/hightopgroup.com\/wp-content\/uploads\/2024\/10\/530-27.jpg 800w, https:\/\/hightopgroup.com\/wp-content\/uploads\/2024\/10\/530-27-300x300.jpg 300w, https:\/\/hightopgroup.com\/wp-content\/uploads\/2024\/10\/530-27-150x150.jpg 150w, https:\/\/hightopgroup.com\/wp-content\/uploads\/2024\/10\/530-27-768x768.jpg 768w, https:\/\/hightopgroup.com\/wp-content\/uploads\/2024\/10\/530-27-600x600.jpg 600w\" sizes=\"auto, (max-width: 800px) 100vw, 800px\" title=\"Chargeuse compacte HTS530 6\"><\/div>\n<\/div>\n<div class=\"elementor-element elementor-element-ff7b179 elementor-widget elementor-widget-heading\" data-id=\"ff7b179\" data-element_type=\"widget\" data-widget_type=\"heading.default\">\n<div class=\"elementor-widget-container\">\n<h2 class=\"elementor-heading-title elementor-size-default\">Des pistes performantes<\/h2>\n<\/div>\n<\/div>\n<div class=\"elementor-element elementor-element-2c6cde4 elementor-widget elementor-widget-text-editor\" data-id=\"2c6cde4\" data-element_type=\"widget\" data-widget_type=\"text-editor.default\">\n<div class=\"elementor-widget-container\">\n<p>Les chenilles de la chargeuse compacte Hightop assurent une traction et une stabilit\u00e9 sup\u00e9rieures. Ces chenilles sont soutenues par une bo\u00eete de vitesses attach\u00e9e \u00e0 chaque moteur d'entra\u00eenement, ce qui garantit un mouvement synchronis\u00e9 et puissant. Cette combinaison de chenilles et d'entra\u00eenements par bo\u00eete de vitesses est d\u00e9terminante pour la conqu\u00eate des pentes et des terrains difficiles.<\/p>\n<\/div>\n<\/div>\n<\/div>\n<p>&nbsp;<\/p>\n<p>Param\u00e8tres<\/p>\n<div class=\"elementor-element elementor-element-de5a9f0 e-con-full e-flex e-con e-child\" data-id=\"de5a9f0\" data-element_type=\"container\">\n<div class=\"elementor-element elementor-element-e52e0c9 elementor-widget elementor-widget-text-editor\" data-id=\"e52e0c9\" data-element_type=\"widget\" data-widget_type=\"text-editor.default\">\n<div class=\"elementor-widget-container\">\n<p>Mod\u00e8le\uff1aHTS530<\/p>\n<p>Hauteur de travail maximale 2630mm<\/p>\n<p>Hauteur maximale de l'axe 2090 mm<\/p>\n<p>Hauteur de d\u00e9versement maximale 1535 mm<\/p>\n<p>Distance de d\u00e9versement maximale 715 mm<\/p>\n<p>Angle de d\u00e9versement maximum 38\u00b0.<\/p>\n<p>Hauteur totale 1630 mm<\/p>\n<p>Garde au sol 150 mm<\/p>\n<p>Longueur totale sans godet 2220 mm<\/p>\n<p>Largeur totale 1050 mm<\/p>\n<p>Largeur du godet 1150mm<\/p>\n<p>Longueur totale avec godet 2745 mm<\/p>\n<p>longueur totale sans la benne apr\u00e8s avoir repli\u00e9 la p\u00e9dale\uff1a2100 mm<\/p>\n<p>Moteur\uff1aKubota D1105<\/p>\n<p>Puissance nominale : 14KW<\/p>\n<p>Vitesse de rotation :2200rpm<\/p>\n<p>Bruit \u226493Db<\/p>\n<p>Syst\u00e8me hydraulique<\/p>\n<p>Pression 0-17Mpa<\/p>\n<p>D\u00e9bit 0-32L<\/p>\n<p>Charge d'exploitation 450 Kg<\/p>\n<p>Capacit\u00e9 du godet 0.2m\u00b3<\/p>\n<p>Force de levage max. 530 Kg<\/p>\n<p>Vitesse de d\u00e9placement 0-4.5Km\/h<\/p>\n<p>Poids en ordre de marche : 1330 Kg<\/p>\n<p>Huile<\/p>\n<p>R\u00e9servoir de carburant 30L<\/p>\n<p>Huile moteur 4L<\/p>\n<p>R\u00e9servoir hydraulique 35L<\/p>\n<\/div>\n<\/div>\n<\/div>\n<div class=\"elementor-element elementor-element-3fbb200 e-con-full e-flex e-con e-child\" data-id=\"3fbb200\" data-element_type=\"container\">\n<div class=\"elementor-element elementor-element-9b29a08 elementor-widget elementor-widget-image\" data-id=\"9b29a08\" data-element_type=\"widget\" data-widget_type=\"image.default\">\n<div class=\"elementor-widget-container\"> <img decoding=\"async\" src=\"https:\/\/hightopgroup.com\/wp-content\/uploads\/2024\/10\/530-5.jpg\" title=\"530 (5)\" alt=\"530 (5)\" loading=\"lazy\"><\/div>\n<\/div>\n<\/div>","protected":false},"excerpt":{"rendered":"<p>Vue d'ensemble Un rapport co\u00fbt-efficacit\u00e9 \u00e9lev\u00e9 : En tant qu'usine g\u00e9r\u00e9e directement et situ\u00e9e dans la base de production des machines de construction en Chine, nous sommes en mesure de produire<\/p>","protected":false},"featured_media":16825,"template":"","meta":{"rank_math_lock_modified_date":false},"product_brand":[],"product_cat":[28],"product_tag":[],"class_list":{"0":"post-16823","1":"product","2":"type-product","3":"status-publish","4":"has-post-thumbnail","6":"product_cat-skid-steer-loader","8":"first","9":"instock","10":"product-type-simple"},"_links":{"self":[{"href":"https:\/\/beleevo.prowebplanners.com\/fr\/wp-json\/wp\/v2\/product\/16823","targetHints":{"allow":["GET"]}}],"collection":[{"href":"https:\/\/beleevo.prowebplanners.com\/fr\/wp-json\/wp\/v2\/product"}],"about":[{"href":"https:\/\/beleevo.prowebplanners.com\/fr\/wp-json\/wp\/v2\/types\/product"}],"version-history":[{"count":1,"href":"https:\/\/beleevo.prowebplanners.com\/fr\/wp-json\/wp\/v2\/product\/16823\/revisions"}],"predecessor-version":[{"id":16824,"href":"https:\/\/beleevo.prowebplanners.com\/fr\/wp-json\/wp\/v2\/product\/16823\/revisions\/16824"}],"wp:featuredmedia":[{"embeddable":true,"href":"https:\/\/beleevo.prowebplanners.com\/fr\/wp-json\/wp\/v2\/media\/16825"}],"wp:attachment":[{"href":"https:\/\/beleevo.prowebplanners.com\/fr\/wp-json\/wp\/v2\/media?parent=16823"}],"wp:term":[{"taxonomy":"product_brand","embeddable":true,"href":"https:\/\/beleevo.prowebplanners.com\/fr\/wp-json\/wp\/v2\/product_brand?post=16823"},{"taxonomy":"product_cat","embeddable":true,"href":"https:\/\/beleevo.prowebplanners.com\/fr\/wp-json\/wp\/v2\/product_cat?post=16823"},{"taxonomy":"product_tag","embeddable":true,"href":"https:\/\/beleevo.prowebplanners.com\/fr\/wp-json\/wp\/v2\/product_tag?post=16823"}],"curies":[{"name":"wp","href":"https:\/\/api.w.org\/{rel}","templated":true}]}}