{"id":16819,"date":"2025-07-23T13:34:44","date_gmt":"2025-07-23T13:34:44","guid":{"rendered":"https:\/\/beleevo.prowebplanners.com\/produit\/ht380t-crawler-skid-steer-loader\/"},"modified":"2025-07-23T13:36:54","modified_gmt":"2025-07-23T13:36:54","slug":"ht380t-crawler-skid-steer-loader","status":"publish","type":"product","link":"https:\/\/beleevo.prowebplanners.com\/fr\/produit\/ht380t-crawler-skid-steer-loader\/","title":{"rendered":"HT380T Chargeuse compacte sur chenilles"},"content":{"rendered":"<p>Vue d'ensemble<\/p>\n<div class=\"elementor-element elementor-element-47a0d0d elementor-widget__width-initial elementor-widget elementor-widget-text-editor\" data-id=\"47a0d0d\" data-element_type=\"widget\" data-widget_type=\"text-editor.default\">\n<div class=\"elementor-widget-container\">\n<p>Les chargeuses compactes HIGHTOP sont id\u00e9ales pour les paysagistes et les arboriculteurs professionnels. Elles sont con\u00e7ues pour les espaces restreints et les t\u00e2ches l\u00e9g\u00e8res. \u00c9quip\u00e9es de divers accessoires et d'une plaque de montage universelle \u00e0 connexion rapide, ces chargeuses s'acquittent des t\u00e2ches du chantier avec facilit\u00e9. La s\u00e9rie offre une capacit\u00e9 de travail de 500 lb \u00e0 1 600 lb (226,8 kg - 725,7 kg) et pr\u00e9sente des mesures de s\u00e9curit\u00e9 optimales pour la protection de l'op\u00e9rateur.<\/p>\n<p>Nous offrons des solutions rentables avec des co\u00fbts de production r\u00e9duits dans notre usine bas\u00e9e en Chine. En tant que guichet unique pour des machines certifi\u00e9es et de haute qualit\u00e9, nos produits comprennent des accessoires durables compatibles avec la plupart des pelles compactes et des chargeuses compactes. Avec plus de 10 entrep\u00f4ts dans le monde, nous assurons une livraison rapide en une semaine et fournissons une assistance exceptionnelle, y compris une garantie d'un an et une assistance technique \u00e0 vie.<\/p>\n<\/div>\n<\/div>\n<div class=\"elementor-element elementor-element-2d20c28 elementor-widget__width-initial elementor-widget elementor-widget-video\" data-id=\"2d20c28\" data-element_type=\"widget\" data-settings=\"{&quot;youtube_url&quot;:&quot;https:\/\/youtu.be\/IlU2pZlEtOE&quot;,&quot;show_image_overlay&quot;:&quot;yes&quot;,&quot;image_overlay&quot;:{&quot;url&quot;:&quot;https:\/\/hightopgroup.com\/wp-content\/uploads\/2024\/08\/380T-3.jpg&quot;,&quot;id&quot;:982,&quot;size&quot;:&quot;&quot;,&quot;alt&quot;:&quot;&quot;,&quot;source&quot;:&quot;library&quot;},&quot;video_type&quot;:&quot;youtube&quot;,&quot;controls&quot;:&quot;yes&quot;}\" data-widget_type=\"video.default\">\n<div class=\"elementor-widget-container\">\n<div class=\"elementor-wrapper elementor-open-inline\">\n<div class=\"elementor-video\"><\/div>\n<div class=\"elementor-custom-embed-image-overlay\" style=\"background-image: url(https:\/\/hightopgroup.com\/wp-content\/uploads\/2024\/08\/380T-3.jpg);\">\n<div class=\"elementor-custom-embed-play\" role=\"button\" aria-label=\"Lire la vid\u00e9o\" tabindex=\"0\"> <svg aria-hidden=\"true\" class=\"e-font-icon-svg e-eicon-play\" viewbox=\"0 0 1000 1000\"><path d=\"M838 162C746 71 633 25 500 25 371 25 258 71 163 162 71 254 25 367 25 500 25 633 71 746 163 837 254 929 367 979 500 979 633 979 746 933 838 837 929 746 975 633 975 500 975 367 929 254 838 162M808 192C892 279 933 379 933 500 933 621 892 725 808 808 725 892 621 938 500 938 379 938 279 896 196 808 113 725 67 621 67 500 67 379 108 279 196 192 279 108 383 62 500 62 621 62 721 108 808 192M438 392V642L642 517 438 392Z\" \/><\/svg><\/div>\n<\/div>\n<\/div>\n<\/div>\n<\/div>\n<p>&nbsp;<\/p>\n<p>Caract\u00e9ristiques et avantages<\/p>\n<div class=\"elementor-element elementor-element-671ad53 e-con-full e-flex e-con e-child\" data-id=\"671ad53\" data-element_type=\"container\">\n<div class=\"elementor-element elementor-element-8e7f6ca elementor-widget elementor-widget-image\" data-id=\"8e7f6ca\" data-element_type=\"widget\" data-widget_type=\"image.default\">\n<div class=\"elementor-widget-container\"> <img fetchpriority=\"high\" decoding=\"async\" width=\"800\" height=\"800\" src=\"https:\/\/hightopgroup.com\/wp-content\/uploads\/2024\/08\/RATO-739cc-1.jpg\" class=\"attachment-large size-large wp-image-3279\" alt=\"RATO 739cc 1\" srcset=\"https:\/\/hightopgroup.com\/wp-content\/uploads\/2024\/08\/RATO-739cc-1.jpg 1000w, https:\/\/hightopgroup.com\/wp-content\/uploads\/2024\/08\/RATO-739cc-1-300x300.jpg 300w, https:\/\/hightopgroup.com\/wp-content\/uploads\/2024\/08\/RATO-739cc-1-150x150.jpg 150w, https:\/\/hightopgroup.com\/wp-content\/uploads\/2024\/08\/RATO-739cc-1-768x768.jpg 768w, https:\/\/hightopgroup.com\/wp-content\/uploads\/2024\/08\/RATO-739cc-1-600x600.jpg 600w\" sizes=\"(max-width: 800px) 100vw, 800px\" title=\"HT380T Chargeuse compacte sur chenilles 1\"><\/div>\n<\/div>\n<div class=\"elementor-element elementor-element-f6d54c3 elementor-widget elementor-widget-heading\" data-id=\"f6d54c3\" data-element_type=\"widget\" data-widget_type=\"heading.default\">\n<div class=\"elementor-widget-container\">\n<h2 class=\"elementor-heading-title elementor-size-default\">Moteur RATO<\/h2>\n<\/div>\n<\/div>\n<div class=\"elementor-element elementor-element-41454c7 elementor-widget elementor-widget-text-editor\" data-id=\"41454c7\" data-element_type=\"widget\" data-widget_type=\"text-editor.default\">\n<div class=\"elementor-widget-container\">\n<p>Cette chargeuse compacte est \u00e9quip\u00e9e d'un moteur RATO haut de gamme d'une puissance allant jusqu'\u00e0 16KW pour un fonctionnement puissant mais \u00e9conome en carburant et une distribution sup\u00e9rieure de la chaleur. Dites adieu aux vibrations grin\u00e7antes, savourez un fonctionnement sans faille et anticipez sa long\u00e9vit\u00e9.<\/p>\n<\/div>\n<\/div>\n<\/div>\n<div class=\"elementor-element elementor-element-fd5dc69 e-con-full e-flex e-con e-child\" data-id=\"fd5dc69\" data-element_type=\"container\">\n<div class=\"elementor-element elementor-element-d16414d elementor-widget elementor-widget-image\" data-id=\"d16414d\" data-element_type=\"widget\" data-widget_type=\"image.default\">\n<div class=\"elementor-widget-container\"> <img decoding=\"async\" width=\"800\" height=\"800\" src=\"https:\/\/hightopgroup.com\/wp-content\/uploads\/2024\/08\/380T-9.jpg\" class=\"attachment-large size-large wp-image-1132\" alt=\"380T 9\" srcset=\"https:\/\/hightopgroup.com\/wp-content\/uploads\/2024\/08\/380T-9.jpg 1000w, https:\/\/hightopgroup.com\/wp-content\/uploads\/2024\/08\/380T-9-300x300.jpg 300w, https:\/\/hightopgroup.com\/wp-content\/uploads\/2024\/08\/380T-9-150x150.jpg 150w, https:\/\/hightopgroup.com\/wp-content\/uploads\/2024\/08\/380T-9-768x768.jpg 768w, https:\/\/hightopgroup.com\/wp-content\/uploads\/2024\/08\/380T-9-600x600.jpg 600w, https:\/\/hightopgroup.com\/wp-content\/uploads\/2024\/08\/380T-9-100x100.jpg 100w\" sizes=\"(max-width: 800px) 100vw, 800px\" title=\"HT380T Chargeuse compacte sur chenilles 2\"><\/div>\n<\/div>\n<div class=\"elementor-element elementor-element-2e27820 elementor-widget elementor-widget-heading\" data-id=\"2e27820\" data-element_type=\"widget\" data-widget_type=\"heading.default\">\n<div class=\"elementor-widget-container\">\n<h2 class=\"elementor-heading-title elementor-size-default\">Facilit\u00e9 d'utilisation<\/h2>\n<\/div>\n<\/div>\n<div class=\"elementor-element elementor-element-c464c27 elementor-widget elementor-widget-text-editor\" data-id=\"c464c27\" data-element_type=\"widget\" data-widget_type=\"text-editor.default\">\n<div class=\"elementor-widget-container\">\n<p>Les manettes pratiques permettent de r\u00e9gler sans effort la vitesse, la direction et la hauteur de levage. Pour des mouvements simples et pr\u00e9cis, ce petit skid steer convient aussi bien aux paysagistes inexp\u00e9riment\u00e9s qu'aux plus exp\u00e9riment\u00e9s.<\/p>\n<\/div>\n<\/div>\n<\/div>\n<div class=\"elementor-element elementor-element-92fd98f e-con-full e-flex e-con e-child\" data-id=\"92fd98f\" data-element_type=\"container\">\n<div class=\"elementor-element elementor-element-803a7fa elementor-widget elementor-widget-image\" data-id=\"803a7fa\" data-element_type=\"widget\" data-widget_type=\"image.default\">\n<div class=\"elementor-widget-container\"> <img decoding=\"async\" width=\"800\" height=\"800\" src=\"https:\/\/hightopgroup.com\/wp-content\/uploads\/2024\/08\/380T-12.jpg\" class=\"attachment-large size-large wp-image-1135\" alt=\"380T 12\" srcset=\"https:\/\/hightopgroup.com\/wp-content\/uploads\/2024\/08\/380T-12.jpg 1000w, https:\/\/hightopgroup.com\/wp-content\/uploads\/2024\/08\/380T-12-300x300.jpg 300w, https:\/\/hightopgroup.com\/wp-content\/uploads\/2024\/08\/380T-12-150x150.jpg 150w, https:\/\/hightopgroup.com\/wp-content\/uploads\/2024\/08\/380T-12-768x768.jpg 768w, https:\/\/hightopgroup.com\/wp-content\/uploads\/2024\/08\/380T-12-600x600.jpg 600w, https:\/\/hightopgroup.com\/wp-content\/uploads\/2024\/08\/380T-12-100x100.jpg 100w\" sizes=\"(max-width: 800px) 100vw, 800px\" title=\"HT380T Chargeuse compacte sur chenilles 3\"><\/div>\n<\/div>\n<div class=\"elementor-element elementor-element-f75745c elementor-widget elementor-widget-heading\" data-id=\"f75745c\" data-element_type=\"widget\" data-widget_type=\"heading.default\">\n<div class=\"elementor-widget-container\">\n<h2 class=\"elementor-heading-title elementor-size-default\">CONCEPTION HUMANIS\u00c9E<\/h2>\n<\/div>\n<\/div>\n<div class=\"elementor-element elementor-element-b043378 elementor-widget elementor-widget-text-editor\" data-id=\"b043378\" data-element_type=\"widget\" data-widget_type=\"text-editor.default\">\n<div class=\"elementor-widget-container\">\n<p>La plaque de couverture avant est facile \u00e0 ouvrir, le support \u00e0 double barre, et l'entretien et l'inspection \u00e0 l'int\u00e9rieur de la cabine sont pratiques.<\/p>\n<\/div>\n<\/div>\n<\/div>\n<div class=\"elementor-element elementor-element-7d35127 e-con-full e-flex e-con e-child\" data-id=\"7d35127\" data-element_type=\"container\">\n<div class=\"elementor-element elementor-element-717f837 elementor-widget elementor-widget-image\" data-id=\"717f837\" data-element_type=\"widget\" data-widget_type=\"image.default\">\n<div class=\"elementor-widget-container\"> <img loading=\"lazy\" decoding=\"async\" width=\"790\" height=\"790\" src=\"https:\/\/hightopgroup.com\/wp-content\/uploads\/2025\/06\/382T\u7279\u5f81-8.jpg\" class=\"attachment-large size-large wp-image-4155\" alt=\"382T\u7279\u5f81 8\" srcset=\"https:\/\/hightopgroup.com\/wp-content\/uploads\/2025\/06\/382T\u7279\u5f81-8.jpg 790w, https:\/\/hightopgroup.com\/wp-content\/uploads\/2025\/06\/382T\u7279\u5f81-8-300x300.jpg 300w, https:\/\/hightopgroup.com\/wp-content\/uploads\/2025\/06\/382T\u7279\u5f81-8-150x150.jpg 150w, https:\/\/hightopgroup.com\/wp-content\/uploads\/2025\/06\/382T\u7279\u5f81-8-768x768.jpg 768w, https:\/\/hightopgroup.com\/wp-content\/uploads\/2025\/06\/382T\u7279\u5f81-8-600x600.jpg 600w\" sizes=\"auto, (max-width: 790px) 100vw, 790px\" title=\"HT380T Crawler Skid Steer Loader 4\"><\/div>\n<\/div>\n<div class=\"elementor-element elementor-element-d175a9b elementor-widget elementor-widget-heading\" data-id=\"d175a9b\" data-element_type=\"widget\" data-widget_type=\"heading.default\">\n<div class=\"elementor-widget-container\">\n<h2 class=\"elementor-heading-title elementor-size-default\">CONVIENT \u00c0 DE NOMBREUSES PI\u00c8CES JOINTES \u00c0 VOLUME \u00c9LEV\u00c9<\/h2>\n<\/div>\n<\/div>\n<div class=\"elementor-element elementor-element-773bcda elementor-widget elementor-widget-text-editor\" data-id=\"773bcda\" data-element_type=\"widget\" data-widget_type=\"text-editor.default\">\n<div class=\"elementor-widget-container\">\n<p>Les diff\u00e9rentes unit\u00e9s de travail peuvent \u00eatre rapidement chang\u00e9es ou connect\u00e9es sur le chantier, souvent en quelques minutes seulement, et peuvent donc \u00eatre utilis\u00e9es pour pelleter, empiler, soulever, creuser, forer, \u00e9craser, saisir, pousser, desserrer, creuser des tranch\u00e9es, \u00e9craser, m\u00e9langer, d\u00e9neiger et balayer les routes.<\/p>\n<\/div>\n<\/div>\n<\/div>\n<div class=\"elementor-element elementor-element-dbe80cf e-con-full e-flex e-con e-child\" data-id=\"dbe80cf\" data-element_type=\"container\">\n<div class=\"elementor-element elementor-element-e1ce989 elementor-widget elementor-widget-image\" data-id=\"e1ce989\" data-element_type=\"widget\" data-widget_type=\"image.default\">\n<div class=\"elementor-widget-container\"> <img loading=\"lazy\" decoding=\"async\" width=\"800\" height=\"800\" src=\"https:\/\/hightopgroup.com\/wp-content\/uploads\/2024\/08\/380T-11.jpg\" class=\"attachment-large size-large wp-image-1134\" alt=\"380T 11\" srcset=\"https:\/\/hightopgroup.com\/wp-content\/uploads\/2024\/08\/380T-11.jpg 1000w, https:\/\/hightopgroup.com\/wp-content\/uploads\/2024\/08\/380T-11-300x300.jpg 300w, https:\/\/hightopgroup.com\/wp-content\/uploads\/2024\/08\/380T-11-150x150.jpg 150w, https:\/\/hightopgroup.com\/wp-content\/uploads\/2024\/08\/380T-11-768x768.jpg 768w, https:\/\/hightopgroup.com\/wp-content\/uploads\/2024\/08\/380T-11-600x600.jpg 600w, https:\/\/hightopgroup.com\/wp-content\/uploads\/2024\/08\/380T-11-100x100.jpg 100w\" sizes=\"auto, (max-width: 800px) 100vw, 800px\" title=\"HT380T Chargeuse compacte sur chenilles 5\"><\/div>\n<\/div>\n<div class=\"elementor-element elementor-element-7c58bc8 elementor-widget elementor-widget-heading\" data-id=\"7c58bc8\" data-element_type=\"widget\" data-widget_type=\"heading.default\">\n<div class=\"elementor-widget-container\">\n<h2 class=\"elementor-heading-title elementor-size-default\">Des pistes performantes<\/h2>\n<\/div>\n<\/div>\n<div class=\"elementor-element elementor-element-43c0b7b elementor-widget elementor-widget-text-editor\" data-id=\"43c0b7b\" data-element_type=\"widget\" data-widget_type=\"text-editor.default\">\n<div class=\"elementor-widget-container\">\n<p>Le v\u00e9hicule inf\u00e9rieur adopte une structure de chenilles triangulaires, ce qui rend la marche plus stable. La chargeuse sur chenilles est capable de fournir une plus grande pouss\u00e9e, adapt\u00e9e aux travaux lourds et aux conditions de terrain complexes. La chargeuse sur chenilles est capable de fournir une pouss\u00e9e plus importante. Elle convient aux travaux lourds et aux terrains complexes. Elle est particuli\u00e8rement adapt\u00e9e au travail sur des terrains complexes tels que les jardins, les fermes et les zones montagneuses.<\/p>\n<\/div>\n<\/div>\n<\/div>\n<div class=\"elementor-element elementor-element-fb0c918 e-con-full e-flex e-con e-child\" data-id=\"fb0c918\" data-element_type=\"container\">\n<div class=\"elementor-element elementor-element-62d4240 elementor-widget elementor-widget-image\" data-id=\"62d4240\" data-element_type=\"widget\" data-widget_type=\"image.default\">\n<div class=\"elementor-widget-container\"> <img loading=\"lazy\" decoding=\"async\" width=\"800\" height=\"800\" src=\"https:\/\/hightopgroup.com\/wp-content\/uploads\/2024\/08\/380T-10.jpg\" class=\"attachment-large size-large wp-image-1133\" alt=\"380T 10\" srcset=\"https:\/\/hightopgroup.com\/wp-content\/uploads\/2024\/08\/380T-10.jpg 1000w, https:\/\/hightopgroup.com\/wp-content\/uploads\/2024\/08\/380T-10-300x300.jpg 300w, https:\/\/hightopgroup.com\/wp-content\/uploads\/2024\/08\/380T-10-150x150.jpg 150w, https:\/\/hightopgroup.com\/wp-content\/uploads\/2024\/08\/380T-10-768x768.jpg 768w, https:\/\/hightopgroup.com\/wp-content\/uploads\/2024\/08\/380T-10-600x600.jpg 600w, https:\/\/hightopgroup.com\/wp-content\/uploads\/2024\/08\/380T-10-100x100.jpg 100w\" sizes=\"auto, (max-width: 800px) 100vw, 800px\" title=\"HT380T Chargeuse compacte sur chenilles 6\"><\/div>\n<\/div>\n<div class=\"elementor-element elementor-element-75da3d1 elementor-widget elementor-widget-heading\" data-id=\"75da3d1\" data-element_type=\"widget\" data-widget_type=\"heading.default\">\n<div class=\"elementor-widget-container\">\n<h2 class=\"elementor-heading-title elementor-size-default\">Fonctionnement souple<\/h2>\n<\/div>\n<\/div>\n<div class=\"elementor-element elementor-element-ccc22db elementor-widget elementor-widget-text-editor\" data-id=\"ccc22db\" data-element_type=\"widget\" data-widget_type=\"text-editor.default\">\n<div class=\"elementor-widget-container\">\n<p>La capacit\u00e9 d'utiliser ind\u00e9pendamment le bras de levage, le godet et les accessoires am\u00e9liore la flexibilit\u00e9, la pr\u00e9cision et le contr\u00f4le.Hauteur de travail maximale jusqu'\u00e0 2120 mm et maintien du godet au niveau du sol.Le bras de levage, le godet et les accessoires sont actionn\u00e9s s\u00e9par\u00e9ment.<\/p>\n<\/div>\n<\/div>\n<\/div>\n<p>&nbsp;<\/p>\n<p>Param\u00e8tres<\/p>\n<div class=\"elementor-element elementor-element-3cf7ca8 e-con-full e-flex e-con e-child\" data-id=\"3cf7ca8\" data-element_type=\"container\">\n<div class=\"elementor-element elementor-element-c75b589 elementor-widget elementor-widget-text-editor\" data-id=\"c75b589\" data-element_type=\"widget\" data-widget_type=\"text-editor.default\">\n<div class=\"elementor-widget-container\">\n<ul>\n<li>Hauteur de travail maximale : 2120 mm<\/li>\n<li>Hauteur maximale de la broche : 1865 mm<\/li>\n<li>Hauteur de d\u00e9versement maximale : 1405 mm<\/li>\n<li>Distance de d\u00e9versement maximale : 575mm<\/li>\n<li>Angle de d\u00e9versement maximal : 37\u00b0.<\/li>\n<li>Hauteur totale : 1350 mm<\/li>\n<li>Garde au sol : 121 mm<\/li>\n<li>0Longueur totale sans godet : 1495 mm<\/li>\n<li>Largeur totale : 1021 mm<\/li>\n<li>Largeur du godet : 1150mm<\/li>\n<li>Longueur totale avec godet : 2245 mm<\/li>\n<li>Longueur totale sans le godet apr\u00e8s avoir repli\u00e9 la p\u00e9dale : 1990 mm<\/li>\n<li>Moteur : Rato R740-1<\/li>\n<li>Puissance nominale (Kw) :16Kw\/3600rpm<\/li>\n<li>Vitesse de rotation (tr\/min) : 3600<\/li>\n<li>Bruit(Db) :\u226495<\/li>\n<li>Pression (Mpa) : 0-17<\/li>\n<li>D\u00e9bit : 0-21.6L<\/li>\n<li>Charge d'exploitation : 300 kg<\/li>\n<li>Capacit\u00e9 du godet : 0,15 m\u00b3<\/li>\n<li>Force de levage maximale : 380 kg<\/li>\n<li>Vitesse de d\u00e9placement : 0-4.5Km\/h<\/li>\n<li>Poids en ordre de marche : 890 Kg<\/li>\n<\/ul>\n<\/div>\n<\/div>\n<\/div>\n<div class=\"elementor-element elementor-element-1190f5d e-con-full e-flex e-con e-child\" data-id=\"1190f5d\" data-element_type=\"container\">\n<div class=\"elementor-element elementor-element-e480a06 elementor-widget elementor-widget-image\" data-id=\"e480a06\" data-element_type=\"widget\" data-widget_type=\"image.default\">\n<div class=\"elementor-widget-container\"> <img loading=\"lazy\" decoding=\"async\" width=\"800\" height=\"800\" src=\"https:\/\/hightopgroup.com\/wp-content\/uploads\/2024\/08\/380T-7.jpg\" class=\"attachment-large size-large wp-image-1137\" alt=\"380T 7\" srcset=\"https:\/\/hightopgroup.com\/wp-content\/uploads\/2024\/08\/380T-7.jpg 1000w, https:\/\/hightopgroup.com\/wp-content\/uploads\/2024\/08\/380T-7-300x300.jpg 300w, https:\/\/hightopgroup.com\/wp-content\/uploads\/2024\/08\/380T-7-150x150.jpg 150w, https:\/\/hightopgroup.com\/wp-content\/uploads\/2024\/08\/380T-7-768x768.jpg 768w, https:\/\/hightopgroup.com\/wp-content\/uploads\/2024\/08\/380T-7-600x600.jpg 600w, https:\/\/hightopgroup.com\/wp-content\/uploads\/2024\/08\/380T-7-100x100.jpg 100w\" sizes=\"auto, (max-width: 800px) 100vw, 800px\" title=\"HT380T Chargeuse compacte sur chenilles 7\"><\/div>\n<\/div>\n<\/div>","protected":false},"excerpt":{"rendered":"<p>Overview Les chargeuses compactes HIGHTOP sont id\u00e9ales pour les paysagistes et les arboriculteurs professionnels. Elles sont con\u00e7ues pour les espaces restreints et les t\u00e2ches l\u00e9g\u00e8res. \u00c9quip\u00e9es<\/p>","protected":false},"featured_media":16821,"template":"","meta":{"rank_math_lock_modified_date":false},"product_brand":[],"product_cat":[28],"product_tag":[],"class_list":{"0":"post-16819","1":"product","2":"type-product","3":"status-publish","4":"has-post-thumbnail","6":"product_cat-skid-steer-loader","8":"first","9":"instock","10":"product-type-simple"},"_links":{"self":[{"href":"https:\/\/beleevo.prowebplanners.com\/fr\/wp-json\/wp\/v2\/product\/16819","targetHints":{"allow":["GET"]}}],"collection":[{"href":"https:\/\/beleevo.prowebplanners.com\/fr\/wp-json\/wp\/v2\/product"}],"about":[{"href":"https:\/\/beleevo.prowebplanners.com\/fr\/wp-json\/wp\/v2\/types\/product"}],"version-history":[{"count":1,"href":"https:\/\/beleevo.prowebplanners.com\/fr\/wp-json\/wp\/v2\/product\/16819\/revisions"}],"predecessor-version":[{"id":16820,"href":"https:\/\/beleevo.prowebplanners.com\/fr\/wp-json\/wp\/v2\/product\/16819\/revisions\/16820"}],"wp:featuredmedia":[{"embeddable":true,"href":"https:\/\/beleevo.prowebplanners.com\/fr\/wp-json\/wp\/v2\/media\/16821"}],"wp:attachment":[{"href":"https:\/\/beleevo.prowebplanners.com\/fr\/wp-json\/wp\/v2\/media?parent=16819"}],"wp:term":[{"taxonomy":"product_brand","embeddable":true,"href":"https:\/\/beleevo.prowebplanners.com\/fr\/wp-json\/wp\/v2\/product_brand?post=16819"},{"taxonomy":"product_cat","embeddable":true,"href":"https:\/\/beleevo.prowebplanners.com\/fr\/wp-json\/wp\/v2\/product_cat?post=16819"},{"taxonomy":"product_tag","embeddable":true,"href":"https:\/\/beleevo.prowebplanners.com\/fr\/wp-json\/wp\/v2\/product_tag?post=16819"}],"curies":[{"name":"wp","href":"https:\/\/api.w.org\/{rel}","templated":true}]}}