{"id":16811,"date":"2025-07-23T13:34:44","date_gmt":"2025-07-23T13:34:44","guid":{"rendered":"https:\/\/beleevo.prowebplanners.com\/produit\/hts382t-crawler-skid-steer-loader\/"},"modified":"2025-07-23T13:36:39","modified_gmt":"2025-07-23T13:36:39","slug":"hts382t-crawler-skid-steer-loader","status":"publish","type":"product","link":"https:\/\/beleevo.prowebplanners.com\/fr\/produit\/hts382t-crawler-skid-steer-loader\/","title":{"rendered":"Chargeuse compacte sur chenilles HTS382T"},"content":{"rendered":"<p>Vue d'ensemble<\/p>\n<div class=\"elementor-element elementor-element-47a0d0d elementor-widget__width-initial elementor-widget elementor-widget-text-editor\" data-id=\"47a0d0d\" data-element_type=\"widget\" data-widget_type=\"text-editor.default\">\n<div class=\"elementor-widget-container\">\n<p>Les chargeuses compactes HIGHTOP sont id\u00e9ales pour les paysagistes et les arboriculteurs professionnels. Elles sont con\u00e7ues pour les espaces restreints et les t\u00e2ches l\u00e9g\u00e8res. \u00c9quip\u00e9es de divers accessoires et d'une plaque de montage universelle \u00e0 connexion rapide, ces chargeuses s'acquittent des t\u00e2ches du chantier avec facilit\u00e9. La s\u00e9rie offre une capacit\u00e9 de travail de 500 lb \u00e0 1 600 lb (226,8 kg - 725,7 kg) et pr\u00e9sente des mesures de s\u00e9curit\u00e9 optimales pour la protection de l'op\u00e9rateur.<\/p>\n<p>Nous offrons des solutions rentables avec des co\u00fbts de production r\u00e9duits dans notre usine bas\u00e9e en Chine. En tant que guichet unique pour des machines certifi\u00e9es et de haute qualit\u00e9, nos produits comprennent des accessoires durables compatibles avec la plupart des pelles compactes et des chargeuses compactes. Avec plus de 10 entrep\u00f4ts dans le monde, nous assurons une livraison rapide en une semaine et fournissons une assistance exceptionnelle, y compris une garantie d'un an et une assistance technique \u00e0 vie.<\/p>\n<\/div>\n<\/div>\n<div class=\"elementor-element elementor-element-2d20c28 elementor-widget__width-initial elementor-widget elementor-widget-video\" data-id=\"2d20c28\" data-element_type=\"widget\" data-settings=\"{&quot;youtube_url&quot;:&quot;https:\/\/youtu.be\/Frc9hrtM-w8&quot;,&quot;show_image_overlay&quot;:&quot;yes&quot;,&quot;image_overlay&quot;:{&quot;url&quot;:&quot;https:\/\/hightopgroup.com\/wp-content\/uploads\/2024\/10\/382Tu4e3bu56fe-4.jpg&quot;,&quot;id&quot;:3071,&quot;size&quot;:&quot;&quot;,&quot;alt&quot;:&quot;&quot;,&quot;source&quot;:&quot;library&quot;},&quot;video_type&quot;:&quot;youtube&quot;,&quot;controls&quot;:&quot;yes&quot;}\" data-widget_type=\"video.default\">\n<div class=\"elementor-widget-container\">\n<div class=\"elementor-wrapper elementor-open-inline\">\n<div class=\"elementor-video\"><\/div>\n<div class=\"elementor-custom-embed-image-overlay\" style=\"background-image: url(https:\/\/hightopgroup.com\/wp-content\/uploads\/2024\/10\/382T\u4e3b\u56fe-4.jpg);\">\n<div class=\"elementor-custom-embed-play\" role=\"button\" aria-label=\"Lire la vid\u00e9o\" tabindex=\"0\"> <svg aria-hidden=\"true\" class=\"e-font-icon-svg e-eicon-play\" viewbox=\"0 0 1000 1000\"><path d=\"M838 162C746 71 633 25 500 25 371 25 258 71 163 162 71 254 25 367 25 500 25 633 71 746 163 837 254 929 367 979 500 979 633 979 746 933 838 837 929 746 975 633 975 500 975 367 929 254 838 162M808 192C892 279 933 379 933 500 933 621 892 725 808 808 725 892 621 938 500 938 379 938 279 896 196 808 113 725 67 621 67 500 67 379 108 279 196 192 279 108 383 62 500 62 621 62 721 108 808 192M438 392V642L642 517 438 392Z\" \/><\/svg><\/div>\n<\/div>\n<\/div>\n<\/div>\n<\/div>\n<p>&nbsp;<\/p>\n<p>Caract\u00e9ristiques et avantages<\/p>\n<div class=\"elementor-element elementor-element-671ad53 e-con-full e-flex e-con e-child\" data-id=\"671ad53\" data-element_type=\"container\">\n<div class=\"elementor-element elementor-element-8e7f6ca elementor-widget elementor-widget-image\" data-id=\"8e7f6ca\" data-element_type=\"widget\" data-widget_type=\"image.default\">\n<div class=\"elementor-widget-container\"> <img fetchpriority=\"high\" decoding=\"async\" width=\"800\" height=\"800\" src=\"https:\/\/hightopgroup.com\/wp-content\/uploads\/2024\/10\/382T\u7279\u5f81-1.jpg\" class=\"attachment-large size-large wp-image-3062\" alt=\"382T\u7279\u5f81 1\" srcset=\"https:\/\/hightopgroup.com\/wp-content\/uploads\/2024\/10\/382T\u7279\u5f81-1.jpg 1000w, https:\/\/hightopgroup.com\/wp-content\/uploads\/2024\/10\/382T\u7279\u5f81-1-300x300.jpg 300w, https:\/\/hightopgroup.com\/wp-content\/uploads\/2024\/10\/382T\u7279\u5f81-1-150x150.jpg 150w, https:\/\/hightopgroup.com\/wp-content\/uploads\/2024\/10\/382T\u7279\u5f81-1-768x768.jpg 768w, https:\/\/hightopgroup.com\/wp-content\/uploads\/2024\/10\/382T\u7279\u5f81-1-600x600.jpg 600w\" sizes=\"(max-width: 800px) 100vw, 800px\" title=\"HTS382T Chargeur compact \u00e0 chenilles 1\"><\/div>\n<\/div>\n<div class=\"elementor-element elementor-element-f6d54c3 elementor-widget elementor-widget-heading\" data-id=\"f6d54c3\" data-element_type=\"widget\" data-widget_type=\"heading.default\">\n<div class=\"elementor-widget-container\">\n<h2 class=\"elementor-heading-title elementor-size-default\">Moteur RATO<\/h2>\n<\/div>\n<\/div>\n<div class=\"elementor-element elementor-element-41454c7 elementor-widget elementor-widget-text-editor\" data-id=\"41454c7\" data-element_type=\"widget\" data-widget_type=\"text-editor.default\">\n<div class=\"elementor-widget-container\">\n<p>Cette chargeuse compacte Hightop est \u00e9quip\u00e9e d'un moteur RATO haut de gamme de 26HP avec une puissance de 19,2KW pour un fonctionnement puissant mais \u00e9conome en carburant et une distribution sup\u00e9rieure de la chaleur. Dites adieu aux vibrations grin\u00e7antes, savourez un fonctionnement sans faille et anticipez sa long\u00e9vit\u00e9.<\/p>\n<\/div>\n<\/div>\n<\/div>\n<div class=\"elementor-element elementor-element-fd5dc69 e-con-full e-flex e-con e-child\" data-id=\"fd5dc69\" data-element_type=\"container\">\n<div class=\"elementor-element elementor-element-d16414d elementor-widget elementor-widget-image\" data-id=\"d16414d\" data-element_type=\"widget\" data-widget_type=\"image.default\">\n<div class=\"elementor-widget-container\"> <img decoding=\"async\" width=\"800\" height=\"800\" src=\"https:\/\/hightopgroup.com\/wp-content\/uploads\/2024\/10\/382T\u7279\u5f81-3.jpg\" class=\"attachment-large size-large wp-image-3064\" alt=\"382T\u7279\u5f81 3\" srcset=\"https:\/\/hightopgroup.com\/wp-content\/uploads\/2024\/10\/382T\u7279\u5f81-3.jpg 1000w, https:\/\/hightopgroup.com\/wp-content\/uploads\/2024\/10\/382T\u7279\u5f81-3-300x300.jpg 300w, https:\/\/hightopgroup.com\/wp-content\/uploads\/2024\/10\/382T\u7279\u5f81-3-150x150.jpg 150w, https:\/\/hightopgroup.com\/wp-content\/uploads\/2024\/10\/382T\u7279\u5f81-3-768x768.jpg 768w, https:\/\/hightopgroup.com\/wp-content\/uploads\/2024\/10\/382T\u7279\u5f81-3-600x600.jpg 600w\" sizes=\"(max-width: 800px) 100vw, 800px\" title=\"HTS382T Chargeuse compacte sur chenilles 2\"><\/div>\n<\/div>\n<div class=\"elementor-element elementor-element-2e27820 elementor-widget elementor-widget-heading\" data-id=\"2e27820\" data-element_type=\"widget\" data-widget_type=\"heading.default\">\n<div class=\"elementor-widget-container\">\n<h2 class=\"elementor-heading-title elementor-size-default\">Facilit\u00e9 d'utilisation<\/h2>\n<\/div>\n<\/div>\n<div class=\"elementor-element elementor-element-c464c27 elementor-widget elementor-widget-text-editor\" data-id=\"c464c27\" data-element_type=\"widget\" data-widget_type=\"text-editor.default\">\n<div class=\"elementor-widget-container\">\n<p>Double levier de commande hydrauliqueUtilisation flexible d'un facteur de s\u00e9curit\u00e9 \u00e9lev\u00e9Les chiffres sont clairs \u00e0 mes yeux.<span style=\"color: var( --e-global-color-secondary ); font-family: var( --e-global-typography-text-font-family ), Sans-serif; font-size: var( --e-global-typography-text-font-size ); font-style: var( --e-global-typography-text-font-style ); font-weight: var( --e-global-typography-text-font-weight ); text-transform: var( --e-global-typography-text-text-transform ); text-align: var(--text-align); background-color: var( --e-global-color-accent );\">Le panneau de commande adopte une technologie de tr\u00e9filage et de gravure en acier inoxydable. Les manettes pratiques permettent de r\u00e9gler sans effort la vitesse, la direction et la hauteur de levage.&nbsp;<\/span><\/p>\n<\/div>\n<\/div>\n<\/div>\n<div class=\"elementor-element elementor-element-92fd98f e-con-full e-flex e-con e-child\" data-id=\"92fd98f\" data-element_type=\"container\">\n<div class=\"elementor-element elementor-element-803a7fa elementor-widget elementor-widget-image\" data-id=\"803a7fa\" data-element_type=\"widget\" data-widget_type=\"image.default\">\n<div class=\"elementor-widget-container\"> <img decoding=\"async\" width=\"800\" height=\"800\" src=\"https:\/\/hightopgroup.com\/wp-content\/uploads\/2024\/10\/382T\u7279\u5f81-4.jpg\" class=\"attachment-large size-large wp-image-3065\" alt=\"382T\u7279\u5f81 4\" srcset=\"https:\/\/hightopgroup.com\/wp-content\/uploads\/2024\/10\/382T\u7279\u5f81-4.jpg 1000w, https:\/\/hightopgroup.com\/wp-content\/uploads\/2024\/10\/382T\u7279\u5f81-4-300x300.jpg 300w, https:\/\/hightopgroup.com\/wp-content\/uploads\/2024\/10\/382T\u7279\u5f81-4-150x150.jpg 150w, https:\/\/hightopgroup.com\/wp-content\/uploads\/2024\/10\/382T\u7279\u5f81-4-768x768.jpg 768w, https:\/\/hightopgroup.com\/wp-content\/uploads\/2024\/10\/382T\u7279\u5f81-4-600x600.jpg 600w\" sizes=\"(max-width: 800px) 100vw, 800px\" title=\"HTS382T Chargeuse compacte sur chenilles 3\"><\/div>\n<\/div>\n<div class=\"elementor-element elementor-element-f75745c elementor-widget elementor-widget-heading\" data-id=\"f75745c\" data-element_type=\"widget\" data-widget_type=\"heading.default\">\n<div class=\"elementor-widget-container\">\n<h2 class=\"elementor-heading-title elementor-size-default\">Taille compacte\uff0cHydraulique<\/h2>\n<\/div>\n<\/div>\n<div class=\"elementor-element elementor-element-b043378 elementor-widget elementor-widget-text-editor\" data-id=\"b043378\" data-element_type=\"widget\" data-widget_type=\"text-editor.default\">\n<div class=\"elementor-widget-container\">\n<p>Sa taille est relativement petitePeut se faufiler \u00e0 travers l'entr\u00e9e et la porte de cl\u00f4tureVous pouvez \u00e9galement travailler \u00e0 l'int\u00e9rieur\uff0cla largeur de travail n'est que de 1025mm\uff0cHauteur de d\u00e9versement maximale jusqu'\u00e0 1390 mm.Tubes hydrauliques \u00e9pais, \u00e9tanch\u00e9it\u00e9 forte, pas de fuite d'huile et de fuite d'huile, op\u00e9ration de levage stable et stable.<\/p>\n<\/div>\n<\/div>\n<\/div>\n<div class=\"elementor-element elementor-element-7d35127 e-con-full e-flex e-con e-child\" data-id=\"7d35127\" data-element_type=\"container\">\n<div class=\"elementor-element elementor-element-717f837 elementor-widget elementor-widget-image\" data-id=\"717f837\" data-element_type=\"widget\" data-widget_type=\"image.default\">\n<div class=\"elementor-widget-container\"> <img loading=\"lazy\" decoding=\"async\" width=\"790\" height=\"790\" src=\"https:\/\/hightopgroup.com\/wp-content\/uploads\/2024\/11\/382T\u7279\u5f81-7.jpg\" class=\"attachment-large size-large wp-image-4150\" alt=\"382T\u7279\u5f81 7\" srcset=\"https:\/\/hightopgroup.com\/wp-content\/uploads\/2024\/11\/382T\u7279\u5f81-7.jpg 790w, https:\/\/hightopgroup.com\/wp-content\/uploads\/2024\/11\/382T\u7279\u5f81-7-300x300.jpg 300w, https:\/\/hightopgroup.com\/wp-content\/uploads\/2024\/11\/382T\u7279\u5f81-7-150x150.jpg 150w, https:\/\/hightopgroup.com\/wp-content\/uploads\/2024\/11\/382T\u7279\u5f81-7-768x768.jpg 768w, https:\/\/hightopgroup.com\/wp-content\/uploads\/2024\/11\/382T\u7279\u5f81-7-600x600.jpg 600w\" sizes=\"auto, (max-width: 790px) 100vw, 790px\" title=\"HTS382T Chargeuse compacte sur chenilles 4\"><\/div>\n<\/div>\n<div class=\"elementor-element elementor-element-d175a9b elementor-widget elementor-widget-heading\" data-id=\"d175a9b\" data-element_type=\"widget\" data-widget_type=\"heading.default\">\n<div class=\"elementor-widget-container\">\n<h2 class=\"elementor-heading-title elementor-size-default\">Entretien facile<\/h2>\n<\/div>\n<\/div>\n<div class=\"elementor-element elementor-element-773bcda elementor-widget elementor-widget-text-editor\" data-id=\"773bcda\" data-element_type=\"widget\" data-widget_type=\"text-editor.default\">\n<div class=\"elementor-widget-container\">\n<p>La plaque de couverture avant est facile \u00e0 ouvrir et soutenue par des tiges doubles pour faciliter l'entretien et l'inspection \u00e0 l'int\u00e9rieur de la cabine.<\/p>\n<\/div>\n<\/div>\n<\/div>\n<div class=\"elementor-element elementor-element-dbe80cf e-con-full e-flex e-con e-child\" data-id=\"dbe80cf\" data-element_type=\"container\">\n<div class=\"elementor-element elementor-element-e1ce989 elementor-widget elementor-widget-image\" data-id=\"e1ce989\" data-element_type=\"widget\" data-widget_type=\"image.default\">\n<div class=\"elementor-widget-container\"> <img loading=\"lazy\" decoding=\"async\" width=\"800\" height=\"800\" src=\"https:\/\/hightopgroup.com\/wp-content\/uploads\/2024\/10\/382T\u7279\u5f81-6.jpg\" class=\"attachment-large size-large wp-image-3067\" alt=\"382T\u7279\u5f81 6\" srcset=\"https:\/\/hightopgroup.com\/wp-content\/uploads\/2024\/10\/382T\u7279\u5f81-6.jpg 1000w, https:\/\/hightopgroup.com\/wp-content\/uploads\/2024\/10\/382T\u7279\u5f81-6-300x300.jpg 300w, https:\/\/hightopgroup.com\/wp-content\/uploads\/2024\/10\/382T\u7279\u5f81-6-150x150.jpg 150w, https:\/\/hightopgroup.com\/wp-content\/uploads\/2024\/10\/382T\u7279\u5f81-6-768x768.jpg 768w, https:\/\/hightopgroup.com\/wp-content\/uploads\/2024\/10\/382T\u7279\u5f81-6-600x600.jpg 600w\" sizes=\"auto, (max-width: 800px) 100vw, 800px\" title=\"HTS382T Chargeuse compacte sur chenilles 5\"><\/div>\n<\/div>\n<div class=\"elementor-element elementor-element-7c58bc8 elementor-widget elementor-widget-heading\" data-id=\"7c58bc8\" data-element_type=\"widget\" data-widget_type=\"heading.default\">\n<div class=\"elementor-widget-container\">\n<h2 class=\"elementor-heading-title elementor-size-default\">Des pistes performantes<\/h2>\n<\/div>\n<\/div>\n<div class=\"elementor-element elementor-element-43c0b7b elementor-widget elementor-widget-text-editor\" data-id=\"43c0b7b\" data-element_type=\"widget\" data-widget_type=\"text-editor.default\">\n<div class=\"elementor-widget-container\">\n<p>Pneus\/cha\u00eenes r\u00e9sistants \u00e0 l'usure personnalisablesDirection souple, forte adh\u00e9renceConvient \u00e0 une grande vari\u00e9t\u00e9 de terrains Les chenilles de notre chargeuse compacte offrent une traction et une stabilit\u00e9 sup\u00e9rieures.&nbsp;<\/p>\n<\/div>\n<\/div>\n<\/div>\n<div class=\"elementor-element elementor-element-fb0c918 e-con-full e-flex e-con e-child\" data-id=\"fb0c918\" data-element_type=\"container\">\n<div class=\"elementor-element elementor-element-62d4240 elementor-widget elementor-widget-image\" data-id=\"62d4240\" data-element_type=\"widget\" data-widget_type=\"image.default\">\n<div class=\"elementor-widget-container\"> <img loading=\"lazy\" decoding=\"async\" width=\"800\" height=\"800\" src=\"https:\/\/hightopgroup.com\/wp-content\/uploads\/2024\/10\/382T\u7279\u5f81-5.jpg\" class=\"attachment-large size-large wp-image-3066\" alt=\"382T\u7279\u5f81 5\" srcset=\"https:\/\/hightopgroup.com\/wp-content\/uploads\/2024\/10\/382T\u7279\u5f81-5.jpg 1000w, https:\/\/hightopgroup.com\/wp-content\/uploads\/2024\/10\/382T\u7279\u5f81-5-300x300.jpg 300w, https:\/\/hightopgroup.com\/wp-content\/uploads\/2024\/10\/382T\u7279\u5f81-5-150x150.jpg 150w, https:\/\/hightopgroup.com\/wp-content\/uploads\/2024\/10\/382T\u7279\u5f81-5-768x768.jpg 768w, https:\/\/hightopgroup.com\/wp-content\/uploads\/2024\/10\/382T\u7279\u5f81-5-600x600.jpg 600w\" sizes=\"auto, (max-width: 800px) 100vw, 800px\" title=\"HTS382T Chargeuse compacte sur chenilles 6\"><\/div>\n<\/div>\n<div class=\"elementor-element elementor-element-75da3d1 elementor-widget elementor-widget-heading\" data-id=\"75da3d1\" data-element_type=\"widget\" data-widget_type=\"heading.default\">\n<div class=\"elementor-widget-container\">\n<h2 class=\"elementor-heading-title elementor-size-default\">Refroidissement rapide en 3 secondes<\/h2>\n<\/div>\n<\/div>\n<div class=\"elementor-element elementor-element-ccc22db elementor-widget elementor-widget-text-editor\" data-id=\"ccc22db\" data-element_type=\"widget\" data-widget_type=\"text-editor.default\">\n<div class=\"elementor-widget-container\">\n<p>Radiateur, 3 secondes, refroidissement rapide de la machine.<br \/>Conception raisonnable des conduits d'air, structure compacte, dissipation rapide de la chaleur<\/p>\n<\/div>\n<\/div>\n<\/div>\n<p>&nbsp;<\/p>\n<p>Param\u00e8tres<\/p>\n<div class=\"elementor-element elementor-element-3cf7ca8 e-con-full e-flex e-con e-child\" data-id=\"3cf7ca8\" data-element_type=\"container\">\n<div class=\"elementor-element elementor-element-c75b589 elementor-widget elementor-widget-text-editor\" data-id=\"c75b589\" data-element_type=\"widget\" data-widget_type=\"text-editor.default\">\n<div class=\"elementor-widget-container\">\n<p><strong><b>Taille principale<\/b><\/strong> <strong><b>382T<\/b><\/strong><\/p>\n<p><strong><b>Hauteur de travail maximale (A)<\/b><\/strong> <strong><b>2200mm<\/b><\/strong><\/p>\n<p><strong><b>Hauteur maximale de la broche (B)<\/b><\/strong> <strong><b>1884mm<\/b><\/strong><\/p>\n<p><strong><b>Hauteur de d\u00e9charge maximale (C)<\/b><\/strong> <strong><b>1488mm<\/b><\/strong><\/p>\n<p><strong><b>Distance maximale de d\u00e9versement (D)<\/b><\/strong> <strong><b>348mm<\/b><\/strong><\/p>\n<p><strong><b>Angle d'oscillation du godet (\u03b2)<\/b><\/strong> <strong><b>55\u00b0<\/b><\/strong><\/p>\n<p><strong><b>Angle de d\u00e9versement du godet (\u03b3)<\/b><\/strong> <strong><b>30\u00b0<\/b><\/strong><\/p>\n<p><strong><b>Angle d'aspiration (\u03b8)<\/b><\/strong> <strong><b>25\u00b0<\/b><\/strong><\/p>\n<p><strong><b>Angle de d\u00e9part (\u03b1)<\/b><\/strong> <strong><b>11\u00b0<\/b><\/strong><\/p>\n<p><strong><b>Hauteur totale (H)<\/b><\/strong> <strong><b>1280mm<\/b><\/strong><\/p>\n<p><strong><b>Hauteur du sol (F)<\/b><\/strong> <strong><b>100mm<\/b><\/strong><\/p>\n<p><strong><b>Empattement (G)<\/b><\/strong> <strong><b>860 mm<\/b><\/strong><\/p>\n<p><strong><b>Longueur du godet (J)<\/b><\/strong> <strong><b>1780mm<\/b><\/strong><\/p>\n<p><strong><b>Largeur totale (W)<\/b><\/strong> <strong><b>1200mm<\/b><\/strong><\/p>\n<p><strong><b>Largeur du godet (K)<\/b><\/strong> <strong><b>1190mm<\/b><\/strong><\/p>\n<p><strong><b>Longueur totale (L) (avec godet)<\/b><\/strong> <strong><b>2500mm<\/b><\/strong><\/p>\n<p><strong><b>Rayon de braquage avant (R)<\/b><\/strong> <strong><b>1307mm<\/b><\/strong><\/p>\n<p><strong><b>Heures de travail<\/b><\/strong><\/p>\n<p><strong><b>lift(S)<\/b><\/strong> <strong><b>4.27<\/b><\/strong><\/p>\n<p><strong><b>charge(S)<\/b><\/strong> <strong><b>1.34<\/b><\/strong><\/p>\n<p><strong><b>atterrissage(s)<\/b><\/strong> <strong><b>3.31<\/b><\/strong><\/p>\n<p><strong><b>Pneu \u00e0 chevrons<\/b><\/strong> <strong><b>18*8.5-8<\/b><\/strong><\/p>\n<p><strong><b>Capacit\u00e9 de charge<\/b><\/strong> <strong><b>380Kg (charge de basculement 62%)<\/b><\/strong><\/p>\n<p><strong><b>Volume du seau<\/b><\/strong> <strong><b>0.15 m3<\/b><\/strong><\/p>\n<p><strong><b>Force de levage maximale<\/b><\/strong> <strong><b>550KG<\/b><\/strong><\/p>\n<p><strong><b>Lev\u00e9e maximale<\/b><\/strong> <strong><b>380 Kg<\/b><\/strong><\/p>\n<p><strong><b>vitesse<\/b><\/strong> <strong><b>0-5.5 Km\/h<\/b><\/strong><\/p>\n<p><strong><b>Poids en ordre de marche<\/b><\/strong> <strong><b>860Kg <\/b><\/strong><\/p>\n<p><strong><b>Effort de traction<\/b><\/strong> <strong><b>Sans charge : 520KG<\/b><\/strong><\/p>\n<p><strong><b>Angle de mont\u00e9e<\/b><\/strong> <strong><b>17degr\u00e9<\/b><\/strong><\/p>\n<p><strong><b>Dur\u00e9e d'utilisation (plein d'huile)<\/b><\/strong> <strong><b>3-4h<\/b><\/strong><\/p>\n<p><strong><b>Puissance nominale (KW)<\/b><\/strong> <strong><b>19.2KW(26HP) (marque Runtong)<\/b><\/strong><\/p>\n<p><strong><b>Vitesse nominale (tr\/min)<\/b><\/strong> <strong><b>3600<\/b><\/strong><\/p>\n<p><strong><b>Bruit (Db)<\/b><\/strong> <strong><b>\u226495<\/b><\/strong><\/p>\n<p><strong><b>Volume du r\u00e9servoir de carburant (L)<\/b><\/strong> <strong><b>28 L<\/b><\/strong><\/p>\n<p><strong><b>Volume du r\u00e9servoir hydraulique (L)<\/b><\/strong> <strong><b>20 L<\/b><\/strong><\/p>\n<p><strong><b>Pression du syst\u00e8me <\/b><\/strong> <strong><b>17MPa=170bar=2465psi<\/b><\/strong><\/p>\n<p><strong><b>D\u00e9bit standard<\/b><\/strong> <strong><b>25L\/min<\/b><\/strong><\/p>\n<p><strong><b>D\u00e9bit de la pompe mobile<\/b><\/strong> <strong><b>22L\/min<\/b><\/strong><\/p>\n<p><strong><b>D\u00e9bit de la pompe de r\u00e9approvisionnement<\/b><\/strong> <strong><b>10L\/min<\/b><\/strong><\/p>\n<p><strong><b>Syst\u00e8me de travail<\/b><\/strong> <strong><b>44L\/min<\/b><\/strong><\/p>\n<\/div>\n<\/div>\n<\/div>\n<div class=\"elementor-element elementor-element-1190f5d e-con-full e-flex e-con e-child\" data-id=\"1190f5d\" data-element_type=\"container\">\n<div class=\"elementor-element elementor-element-e480a06 elementor-widget elementor-widget-image\" data-id=\"e480a06\" data-element_type=\"widget\" data-widget_type=\"image.default\">\n<div class=\"elementor-widget-container\"> <img loading=\"lazy\" decoding=\"async\" width=\"680\" height=\"1024\" src=\"https:\/\/hightopgroup.com\/wp-content\/uploads\/2024\/10\/382T\u4e3b\u56fe-9-680x1024.jpg\" class=\"attachment-large size-large wp-image-3080\" alt=\"382T\u4e3b\u56fe 9\" srcset=\"https:\/\/hightopgroup.com\/wp-content\/uploads\/2024\/10\/382T\u4e3b\u56fe-9-680x1024.jpg 680w, https:\/\/hightopgroup.com\/wp-content\/uploads\/2024\/10\/382T\u4e3b\u56fe-9-199x300.jpg 199w, https:\/\/hightopgroup.com\/wp-content\/uploads\/2024\/10\/382T\u4e3b\u56fe-9-768x1157.jpg 768w, https:\/\/hightopgroup.com\/wp-content\/uploads\/2024\/10\/382T\u4e3b\u56fe-9-600x904.jpg 600w, https:\/\/hightopgroup.com\/wp-content\/uploads\/2024\/10\/382T\u4e3b\u56fe-9.jpg 1000w\" sizes=\"auto, (max-width: 680px) 100vw, 680px\" title=\"HTS382T Chargeuse compacte sur chenilles 7\"><\/div>\n<\/div>\n<\/div>","protected":false},"excerpt":{"rendered":"<p>Overview Les chargeuses compactes HIGHTOP sont id\u00e9ales pour les paysagistes et les arboriculteurs professionnels. Elles sont con\u00e7ues pour les espaces restreints et les t\u00e2ches l\u00e9g\u00e8res. \u00c9quip\u00e9es<\/p>","protected":false},"featured_media":16813,"template":"","meta":{"rank_math_lock_modified_date":false},"product_brand":[],"product_cat":[28],"product_tag":[],"class_list":{"0":"post-16811","1":"product","2":"type-product","3":"status-publish","4":"has-post-thumbnail","6":"product_cat-skid-steer-loader","8":"first","9":"instock","10":"product-type-simple"},"_links":{"self":[{"href":"https:\/\/beleevo.prowebplanners.com\/fr\/wp-json\/wp\/v2\/product\/16811","targetHints":{"allow":["GET"]}}],"collection":[{"href":"https:\/\/beleevo.prowebplanners.com\/fr\/wp-json\/wp\/v2\/product"}],"about":[{"href":"https:\/\/beleevo.prowebplanners.com\/fr\/wp-json\/wp\/v2\/types\/product"}],"version-history":[{"count":1,"href":"https:\/\/beleevo.prowebplanners.com\/fr\/wp-json\/wp\/v2\/product\/16811\/revisions"}],"predecessor-version":[{"id":16812,"href":"https:\/\/beleevo.prowebplanners.com\/fr\/wp-json\/wp\/v2\/product\/16811\/revisions\/16812"}],"wp:featuredmedia":[{"embeddable":true,"href":"https:\/\/beleevo.prowebplanners.com\/fr\/wp-json\/wp\/v2\/media\/16813"}],"wp:attachment":[{"href":"https:\/\/beleevo.prowebplanners.com\/fr\/wp-json\/wp\/v2\/media?parent=16811"}],"wp:term":[{"taxonomy":"product_brand","embeddable":true,"href":"https:\/\/beleevo.prowebplanners.com\/fr\/wp-json\/wp\/v2\/product_brand?post=16811"},{"taxonomy":"product_cat","embeddable":true,"href":"https:\/\/beleevo.prowebplanners.com\/fr\/wp-json\/wp\/v2\/product_cat?post=16811"},{"taxonomy":"product_tag","embeddable":true,"href":"https:\/\/beleevo.prowebplanners.com\/fr\/wp-json\/wp\/v2\/product_tag?post=16811"}],"curies":[{"name":"wp","href":"https:\/\/api.w.org\/{rel}","templated":true}]}}