{"id":16801,"date":"2025-07-23T13:34:44","date_gmt":"2025-07-23T13:34:44","guid":{"rendered":"https:\/\/beleevo.prowebplanners.com\/produit\/ht360w-crawler-skid-steer-loader\/"},"modified":"2025-07-23T13:36:18","modified_gmt":"2025-07-23T13:36:18","slug":"ht360w-crawler-skid-steer-loader","status":"publish","type":"product","link":"https:\/\/beleevo.prowebplanners.com\/fr\/produit\/ht360w-crawler-skid-steer-loader\/","title":{"rendered":"Chargeuse compacte sur chenilles HT360W"},"content":{"rendered":"<p>Vue d'ensemble<\/p>\n<div class=\"elementor-element elementor-element-3d00484 elementor-widget__width-initial elementor-widget elementor-widget-text-editor\" data-id=\"3d00484\" data-element_type=\"widget\" data-widget_type=\"text-editor.default\">\n<div class=\"elementor-widget-container\">\n<p>1. Haute rentabilit\u00e9 : En tant qu'usine directe situ\u00e9e dans la base de production de machines de construction en Chine, nous sommes capables de produire la chargeuse compacte \u00e0 moindre co\u00fbt, y compris le co\u00fbt de la main d'\u0153uvre, les mati\u00e8res premi\u00e8res, etc. et de fournir aux clients des produits rentables.<br \/>2. achat en une seule fois : En tant qu'usine ind\u00e9pendante, nous disposons d'une ligne de produits riche, couvrant les machines de construction compactes, et les clients peuvent acheter les \u00e9quipements requis chez nous en une seule fois.<br \/>3. qualit\u00e9 et performance professionnelles : Apr\u00e8s des ann\u00e9es d'exp\u00e9rience de production, nos produits ont obtenu les certifications CE, SGS, TUV et ISO. Ils offrent une qualit\u00e9 et des performances de niveau professionnel pour les petits projets de construction.<br \/>4. des accessoires durables et polyvalents : Nous proposons une gamme d'accessoires con\u00e7us sp\u00e9cifiquement pour les projets \u00e0 usage intensif et compatibles avec la plupart des chargeuses compactes du march\u00e9.<br \/>5. un service apr\u00e8s-vente parfait : Nos \u00e9quipes professionnelles de vente et de maintenance fournissent des conseils et une assistance apr\u00e8s-vente. Elles s'engagent \u00e0 maximiser les performances de l'\u00e9quipement, \u00e0 assurer le bon d\u00e9roulement du projet et \u00e0 fournir une assistance technique tout au long de la vie.<\/p>\n<\/div>\n<\/div>\n<div class=\"elementor-element elementor-element-eec99f5 elementor-widget__width-initial elementor-widget elementor-widget-video\" data-id=\"eec99f5\" data-element_type=\"widget\" data-settings=\"{&quot;youtube_url&quot;:&quot;https:\/\/youtu.be\/0bDVWwt_gnw&quot;,&quot;image_overlay&quot;:{&quot;url&quot;:&quot;https:\/\/hightopgroup.com\/wp-content\/uploads\/2025\/06\/360Wu4e3bu56fe-6.jpg&quot;,&quot;id&quot;:4115,&quot;size&quot;:&quot;&quot;,&quot;alt&quot;:&quot;&quot;,&quot;source&quot;:&quot;library&quot;},&quot;show_image_overlay&quot;:&quot;yes&quot;,&quot;video_type&quot;:&quot;youtube&quot;,&quot;controls&quot;:&quot;yes&quot;}\" data-widget_type=\"video.default\">\n<div class=\"elementor-widget-container\">\n<div class=\"elementor-wrapper elementor-open-inline\">\n<div class=\"elementor-video\"><\/div>\n<div class=\"elementor-custom-embed-image-overlay\" style=\"background-image: url(https:\/\/hightopgroup.com\/wp-content\/uploads\/2025\/06\/360W\u4e3b\u56fe-6.jpg);\">\n<div class=\"elementor-custom-embed-play\" role=\"button\" aria-label=\"Lire la vid\u00e9o\" tabindex=\"0\"> <svg aria-hidden=\"true\" class=\"e-font-icon-svg e-eicon-play\" viewbox=\"0 0 1000 1000\"><path d=\"M838 162C746 71 633 25 500 25 371 25 258 71 163 162 71 254 25 367 25 500 25 633 71 746 163 837 254 929 367 979 500 979 633 979 746 933 838 837 929 746 975 633 975 500 975 367 929 254 838 162M808 192C892 279 933 379 933 500 933 621 892 725 808 808 725 892 621 938 500 938 379 938 279 896 196 808 113 725 67 621 67 500 67 379 108 279 196 192 279 108 383 62 500 62 621 62 721 108 808 192M438 392V642L642 517 438 392Z\" \/><\/svg><\/div>\n<\/div>\n<\/div>\n<\/div>\n<\/div>\n<p>&nbsp;<\/p>\n<p>Caract\u00e9ristiques et avantages<\/p>\n<div class=\"elementor-element elementor-element-138b23e e-con-full e-flex e-con e-child\" data-id=\"138b23e\" data-element_type=\"container\">\n<div class=\"elementor-element elementor-element-dc31022 elementor-widget elementor-widget-image\" data-id=\"dc31022\" data-element_type=\"widget\" data-widget_type=\"image.default\">\n<div class=\"elementor-widget-container\"> <img fetchpriority=\"high\" decoding=\"async\" width=\"800\" height=\"800\" src=\"https:\/\/hightopgroup.com\/wp-content\/uploads\/2025\/06\/360W1-1.jpg\" class=\"attachment-large size-large wp-image-4111\" alt=\"360W1 1\" srcset=\"https:\/\/hightopgroup.com\/wp-content\/uploads\/2025\/06\/360W1-1.jpg 1000w, https:\/\/hightopgroup.com\/wp-content\/uploads\/2025\/06\/360W1-1-300x300.jpg 300w, https:\/\/hightopgroup.com\/wp-content\/uploads\/2025\/06\/360W1-1-150x150.jpg 150w, https:\/\/hightopgroup.com\/wp-content\/uploads\/2025\/06\/360W1-1-768x768.jpg 768w, https:\/\/hightopgroup.com\/wp-content\/uploads\/2025\/06\/360W1-1-600x600.jpg 600w\" sizes=\"(max-width: 800px) 100vw, 800px\" title=\"HT360W Chargeur compact \u00e0 chenilles 1\"><\/div>\n<\/div>\n<div class=\"elementor-element elementor-element-7fcb316 elementor-widget elementor-widget-heading\" data-id=\"7fcb316\" data-element_type=\"widget\" data-widget_type=\"heading.default\">\n<div class=\"elementor-widget-container\">\n<h2 class=\"elementor-heading-title elementor-size-default\">Moteur Briggs&amp;Stratton Moteur<\/h2>\n<\/div>\n<\/div>\n<div class=\"elementor-element elementor-element-1aa33d7 elementor-widget elementor-widget-text-editor\" data-id=\"1aa33d7\" data-element_type=\"widget\" data-widget_type=\"text-editor.default\">\n<div class=\"elementor-widget-container\">\n<p>Cette mini-pelle est \u00e9quip\u00e9e d'un moteur Briggs&amp;Stratton haut de gamme de 13,5 CV et d'une puissance de 10,1 kW pour un fonctionnement puissant mais \u00e9conome en carburant et une distribution sup\u00e9rieure de la chaleur. Dites adieu aux vibrations grin\u00e7antes, savourez un fonctionnement sans faille et anticipez sa long\u00e9vit\u00e9.<\/p>\n<\/div>\n<\/div>\n<\/div>\n<div class=\"elementor-element elementor-element-b74d99a e-con-full e-flex e-con e-child\" data-id=\"b74d99a\" data-element_type=\"container\">\n<div class=\"elementor-element elementor-element-d474faf elementor-widget elementor-widget-image\" data-id=\"d474faf\" data-element_type=\"widget\" data-widget_type=\"image.default\">\n<div class=\"elementor-widget-container\"> <img decoding=\"async\" width=\"790\" height=\"790\" src=\"https:\/\/hightopgroup.com\/wp-content\/uploads\/2025\/06\/382T\u7279\u5f81-8.jpg\" class=\"attachment-large size-large wp-image-4155\" alt=\"382T\u7279\u5f81 8\" srcset=\"https:\/\/hightopgroup.com\/wp-content\/uploads\/2025\/06\/382T\u7279\u5f81-8.jpg 790w, https:\/\/hightopgroup.com\/wp-content\/uploads\/2025\/06\/382T\u7279\u5f81-8-300x300.jpg 300w, https:\/\/hightopgroup.com\/wp-content\/uploads\/2025\/06\/382T\u7279\u5f81-8-150x150.jpg 150w, https:\/\/hightopgroup.com\/wp-content\/uploads\/2025\/06\/382T\u7279\u5f81-8-768x768.jpg 768w, https:\/\/hightopgroup.com\/wp-content\/uploads\/2025\/06\/382T\u7279\u5f81-8-600x600.jpg 600w\" sizes=\"(max-width: 790px) 100vw, 790px\" title=\"HT360W Chargeur compact \u00e0 chenilles 2\"><\/div>\n<\/div>\n<div class=\"elementor-element elementor-element-97e9dde elementor-widget elementor-widget-heading\" data-id=\"97e9dde\" data-element_type=\"widget\" data-widget_type=\"heading.default\">\n<div class=\"elementor-widget-container\">\n<h2 class=\"elementor-heading-title elementor-size-default\">Convient \u00e0 de nombreux accessoires<\/h2>\n<\/div>\n<\/div>\n<div class=\"elementor-element elementor-element-2c77c6d elementor-widget elementor-widget-text-editor\" data-id=\"2c77c6d\" data-element_type=\"widget\" data-widget_type=\"text-editor.default\">\n<div class=\"elementor-widget-container\">\n<p>Les diff\u00e9rentes unit\u00e9s de travail peuvent \u00eatre rapidement chang\u00e9es ou connect\u00e9es sur le chantier, souvent en quelques minutes seulement, et peuvent donc \u00eatre utilis\u00e9es pour pelleter, empiler, soulever, creuser, forer, \u00e9craser, saisir, pousser, desserrer, creuser des tranch\u00e9es, \u00e9craser, m\u00e9langer, d\u00e9neiger et balayer les routes.<\/p>\n<\/div>\n<\/div>\n<\/div>\n<div class=\"elementor-element elementor-element-7aad0d8 e-con-full e-flex e-con e-child\" data-id=\"7aad0d8\" data-element_type=\"container\">\n<div class=\"elementor-element elementor-element-fbca415 elementor-widget elementor-widget-image\" data-id=\"fbca415\" data-element_type=\"widget\" data-widget_type=\"image.default\">\n<div class=\"elementor-widget-container\"> <img decoding=\"async\" width=\"800\" height=\"800\" src=\"https:\/\/hightopgroup.com\/wp-content\/uploads\/2025\/06\/360W3.jpg\" class=\"attachment-large size-large wp-image-4112\" alt=\"360W3\" srcset=\"https:\/\/hightopgroup.com\/wp-content\/uploads\/2025\/06\/360W3.jpg 1000w, https:\/\/hightopgroup.com\/wp-content\/uploads\/2025\/06\/360W3-300x300.jpg 300w, https:\/\/hightopgroup.com\/wp-content\/uploads\/2025\/06\/360W3-150x150.jpg 150w, https:\/\/hightopgroup.com\/wp-content\/uploads\/2025\/06\/360W3-768x768.jpg 768w, https:\/\/hightopgroup.com\/wp-content\/uploads\/2025\/06\/360W3-600x600.jpg 600w\" sizes=\"(max-width: 800px) 100vw, 800px\" title=\"HT360W Chargeur compact \u00e0 chenilles 3\"><\/div>\n<\/div>\n<div class=\"elementor-element elementor-element-1a03bb3 elementor-widget elementor-widget-heading\" data-id=\"1a03bb3\" data-element_type=\"widget\" data-widget_type=\"heading.default\">\n<div class=\"elementor-widget-container\">\n<h2 class=\"elementor-heading-title elementor-size-default\">voie \u00e0 courroie en caoutchouc<\/h2>\n<\/div>\n<\/div>\n<div class=\"elementor-element elementor-element-cb9ac85 elementor-widget elementor-widget-text-editor\" data-id=\"cb9ac85\" data-element_type=\"widget\" data-widget_type=\"text-editor.default\">\n<div class=\"elementor-widget-container\">\n<div data-slate-node=\"element\"><span data-slate-node=\"text\">Les chenilles en caoutchouc anti-usure peuvent \u00eatre personnalis\u00e9esDirection souple, forte adh\u00e9renceConvient \u00e0 une grande vari\u00e9t\u00e9 de terrains.<\/span><\/div>\n<div data-slate-node=\"element\" data-slate-fragment=\"JTVCJTdCJTIydHlwZSUyMiUzQSUyMnBhcmFncmFwaCUyMiUyQyUyMmNoaWxkcmVuJTIyJTNBJTVCJTdCJTIyaWQlMjIlM0ElMjJCdmtRUlhXNldlJTIyJTJDJTIycGFyYUlkeCUyMiUzQTQlMkMlMjJzcmMlMjIlM0ElMjJXZWFyJTIwcnViYmVyJTIwdHJhY2tzJTIwY2FuJTIwYmUlMjBjdXN0b21pemVkRmxleGlibGUlMjBzdGVlcmluZyUyQyUyMHN0cm9uZyUyMGdyaXBTdWl0YWJsZSUyMGZvciUyMGElMjB2YXJpZXR5JTIwb2YlMjB0ZXJyYWluLiUyMiUyQyUyMmRzdCUyMiUzQSUyMiVFOCU4MCU5MCVFNyVBMyVBOCVFNiVBOSVBMSVFOCU4MyVCNiVFNSVCMSVBNSVFNSVCOCVBNiVFNSU4RiVBRiVFNSVBRSU5QSVFNSU4OCVCNiVFOCVCRCVBQyVFNSU5MCU5MSVFNyU4MSVCNSVFNiVCNCVCQiVFRiVCQyU4QyVFNiU4QSU5MyVFNSU5QyVCMCVFNSU4QSU5QiVFNSVCQyVCQSVFOSU4MCU4MiVFNyU5NCVBOCVFNCVCQSU4RSVFNSU5MCU4NCVFNyVBNyU4RCVFNSU5QyVCMCVFNSVCRCVBMiVFMyU4MCU4MiUyMiUyQyUyMm1ldGFkYXRhJTIyJTNBJTIyJTIyJTJDJTIybWF0Y2hlcyUyMiUzQW51bGwlMkMlMjJtZXRhRGF0YSUyMiUzQSU1QiU1RCUyQyUyMnRleHQlMjIlM0ElMjJXZWFyJTIwcnViYmVyJTIwdHJhY2tzJTIwY2FuJTIwYmUlMjBjdXN0b21pemVkRmxleGlibGUlMjBzdGVlcmluZyUyQyUyMHN0cm9uZyUyMGdyaXBTdWl0YWJsZSUyMGZvciUyMGElMjB2YXJpZXR5JTIwb2YlMjB0ZXJyYWluLiUyMiU3RCU1RCU3RCUyQyU3QiUyMnR5cGUlMjIlM0ElMjJwYXJhZ3JhcGglMjIlMkMlMjJjaGlsZHJlbiUyMiUzQSU1QiU3QiUyMmlkJTIyJTNBJTIyZWpydzRYYTZwZSUyMiUyQyUyMnBhcmFJZHglMjIlM0E1JTJDJTIyc3JjJTIyJTNBJTIyT3VyJTIwc2tpZCUyMHN0ZWVyJTIwbG9hZGVyJ3MlMjB0cmFja3MlMjBwcm92aWRlJTIwc3VwZXJpb3IlMjB0cmFjdGlvbiUyMGFuZCUyMHN0YWJpbGl0eS4lMjIlMkMlMjJkc3QlMjIlM0ElMjIlRTYlODglOTElRTQlQkIlQUMlRTclOUElODQlRTYlQkIlOTElRTclQTclQkIlRTglQTMlODUlRTglQkQlQkQlRTYlOUMlQkElRTUlQjElQTUlRTUlQjglQTYlRTYlOEYlOTAlRTQlQkUlOUIlRTUlOEQlOTMlRTglQjYlOEElRTclOUElODQlRTclODklQjUlRTUlQkMlOTUlRTUlOEElOUIlRTUlOTIlOEMlRTclQTglQjMlRTUlQUUlOUElRTYlODAlQTclRTMlODAlODIlMjIlMkMlMjJtZXRhZGF0YSUyMiUzQSUyMiUyMiUyQyUyMm1hdGNoZXMlMjIlM0FudWxsJTJDJTIybWV0YURhdGElMjIlM0ElNUIlNUQlMkMlMjJ0ZXh0JTIyJTNBJTIyT3VyJTIwc2tpZCUyMHN0ZWVyJTIwbG9hZGVyJ3MlMjB0cmFja3MlMjBwcm92aWRlJTIwc3VwZXJpb3IlMjB0cmFjdGlvbiUyMGFuZCUyMHN0YWJpbGl0eS4lMjIlN0QlMkMlN0IlMjJpZCUyMiUzQSUyMlZORFhtdjhMNEIlMjIlMkMlMjJwYXJhSWR4JTIyJTNBNSUyQyUyMnNyYyUyMiUzQSUyMiUyMFRoZXNlJTIwdHJhY2tzJTIwYXJlJTIwYmFja2VkJTIwYnklMjBhJTIwZ2VhcmJveCUyMGF0dGFjaGVkJTIwdG8lMjBlYWNoJTIwZHJpdmUlMjBtb3RvciUyQyUyMGVuc3VyaW5nJTIwc3luY2hyb25pemVkJTIwYW5kJTIwcG93ZXJmdWwlMjBtb3ZlbWVudC4lMjIlMkMlMjJkc3QlMjIlM0ElMjIlRTglQkYlOTklRTQlQkElOUIlRTglQkQlQTglRTklODElOTMlRTclOTQlQjElRTglQkYlOUUlRTYlOEUlQTUlRTUlODglQjAlRTYlQUYlOEYlRTQlQjglQUElRTklQTklQjElRTUlOEElQTglRTclOTQlQjUlRTYlOUMlQkElRTclOUElODQlRTUlOEYlOTglRTklODAlOUYlRTclQUUlQjElRTYlOTQlQUYlRTYlOTIlOTElRUYlQkMlOEMlRTclQTElQUUlRTQlQkYlOUQlRTUlOTAlOEMlRTYlQUQlQTUlRTUlOTIlOEMlRTUlQkMlQkElRTUlQTQlQTclRTclOUElODQlRTglQkYlOTAlRTUlOEElQTglRTMlODAlODIlMjIlMkMlMjJtZXRhZGF0YSUyMiUzQSUyMiUyMiUyQyUyMm1hdGNoZXMlMjIlM0FudWxsJTJDJTIybWV0YURhdGElMjIlM0ElNUIlNUQlMkMlMjJ0ZXh0JTIyJTNBJTIyJTIwVGhlc2UlMjB0cmFja3MlMjBhcmUlMjBiYWNrZWQlMjBieSUyMGElMjBnZWFyYm94JTIwYXR0YWNoZWQlMjB0byUyMGVhY2glMjBkcml2ZSUyMG1vdG9yJTJDJTIwZW5zdXJpbmclMjBzeW5jaHJvbml6ZWQlMjBhbmQlMjBwb3dlcmZ1bCUyMG1vdmVtZW50LiUyMiU3RCUyQyU3QiUyMmlkJTIyJTNBJTIyem5icktYbE54eiUyMiUyQyUyMnBhcmFJZHglMjIlM0E1JTJDJTIyc3JjJTIyJTNBJTIyJUMyJUEwJTIyJTJDJTIyZHN0JTIyJTNBJTIyJUMyJUEwJTIyJTJDJTIybWV0YWRhdGElMjIlM0ElMjIlMjIlMkMlMjJtYXRjaGVzJTIyJTNBbnVsbCUyQyUyMm1ldGFEYXRhJTIyJTNBJTVCJTVEJTJDJTIydGV4dCUyMiUzQSUyMiVDMiVBMCUyMiU3RCU1RCU3RCU1RA==\"><span data-slate-node=\"text\">Les chenilles de notre chargeuse compacte offrent une traction et une stabilit\u00e9 sup\u00e9rieures.<\/span><span data-slate-node=\"text\"> Ces chenilles sont soutenues par une bo\u00eete de vitesses attach\u00e9e \u00e0 chaque moteur d'entra\u00eenement, ce qui garantit un mouvement synchronis\u00e9 et puissant.<\/span><span data-slate-node=\"text\">&nbsp;<\/span><\/div>\n<\/div>\n<\/div>\n<\/div>\n<div class=\"elementor-element elementor-element-c6bb502 e-con-full e-flex e-con e-child\" data-id=\"c6bb502\" data-element_type=\"container\">\n<div class=\"elementor-element elementor-element-a654cb5 elementor-widget elementor-widget-image\" data-id=\"a654cb5\" data-element_type=\"widget\" data-widget_type=\"image.default\">\n<div class=\"elementor-widget-container\"> <img loading=\"lazy\" decoding=\"async\" width=\"800\" height=\"800\" src=\"https:\/\/hightopgroup.com\/wp-content\/uploads\/2025\/06\/360W4.jpg\" class=\"attachment-large size-large wp-image-4113\" alt=\"360W4\" srcset=\"https:\/\/hightopgroup.com\/wp-content\/uploads\/2025\/06\/360W4.jpg 1000w, https:\/\/hightopgroup.com\/wp-content\/uploads\/2025\/06\/360W4-300x300.jpg 300w, https:\/\/hightopgroup.com\/wp-content\/uploads\/2025\/06\/360W4-150x150.jpg 150w, https:\/\/hightopgroup.com\/wp-content\/uploads\/2025\/06\/360W4-768x768.jpg 768w, https:\/\/hightopgroup.com\/wp-content\/uploads\/2025\/06\/360W4-600x600.jpg 600w\" sizes=\"auto, (max-width: 800px) 100vw, 800px\" title=\"HT360W Chargeur compact \u00e0 chenilles 4\"><\/div>\n<\/div>\n<div class=\"elementor-element elementor-element-84b165c elementor-widget elementor-widget-heading\" data-id=\"84b165c\" data-element_type=\"widget\" data-widget_type=\"heading.default\">\n<div class=\"elementor-widget-container\">\n<h2 class=\"elementor-heading-title elementor-size-default\">PANNEAU DE CONTR\u00d4LE<\/h2>\n<\/div>\n<\/div>\n<div class=\"elementor-element elementor-element-9db03b7 elementor-widget elementor-widget-text-editor\" data-id=\"9db03b7\" data-element_type=\"widget\" data-widget_type=\"text-editor.default\">\n<div class=\"elementor-widget-container\">\n<p>Le joystick m\u00e9canique vous permet de naviguer avec agilit\u00e9 dans votre environnement tout en r\u00e9duisant la fatigue de vos mains. tout en r\u00e9duisant la fatigue des mains.<\/p>\n<\/div>\n<\/div>\n<\/div>\n<div class=\"elementor-element elementor-element-b2de1b5 e-con-full e-flex e-con e-child\" data-id=\"b2de1b5\" data-element_type=\"container\">\n<div class=\"elementor-element elementor-element-eec0d58 elementor-widget elementor-widget-image\" data-id=\"eec0d58\" data-element_type=\"widget\" data-widget_type=\"image.default\">\n<div class=\"elementor-widget-container\"> <img loading=\"lazy\" decoding=\"async\" width=\"800\" height=\"800\" src=\"https:\/\/hightopgroup.com\/wp-content\/uploads\/2025\/06\/360W5.jpg\" class=\"attachment-large size-large wp-image-4114\" alt=\"360W5\" srcset=\"https:\/\/hightopgroup.com\/wp-content\/uploads\/2025\/06\/360W5.jpg 1000w, https:\/\/hightopgroup.com\/wp-content\/uploads\/2025\/06\/360W5-300x300.jpg 300w, https:\/\/hightopgroup.com\/wp-content\/uploads\/2025\/06\/360W5-150x150.jpg 150w, https:\/\/hightopgroup.com\/wp-content\/uploads\/2025\/06\/360W5-768x768.jpg 768w, https:\/\/hightopgroup.com\/wp-content\/uploads\/2025\/06\/360W5-600x600.jpg 600w\" sizes=\"auto, (max-width: 800px) 100vw, 800px\" title=\"HT360W Chargeuse compacte sur chenilles 5\"><\/div>\n<\/div>\n<div class=\"elementor-element elementor-element-cb9c692 elementor-widget elementor-widget-heading\" data-id=\"cb9c692\" data-element_type=\"widget\" data-widget_type=\"heading.default\">\n<div class=\"elementor-widget-container\">\n<h2 class=\"elementor-heading-title elementor-size-default\">FAIBLE CONSOMMATION DE CARBURANT<\/h2>\n<\/div>\n<\/div>\n<div class=\"elementor-element elementor-element-4da304d elementor-widget elementor-widget-text-editor\" data-id=\"4da304d\" data-element_type=\"widget\" data-widget_type=\"text-editor.default\">\n<div class=\"elementor-widget-container\">\n<p>Tubes hydrauliques \u00e9pais, \u00e9tanch\u00e9it\u00e9 forte, pas de fuite d'huile, op\u00e9ration de levage stable.<\/p>\n<\/div>\n<\/div>\n<\/div>\n<div class=\"elementor-element elementor-element-c218b52 e-con-full e-flex e-con e-child\" data-id=\"c218b52\" data-element_type=\"container\">\n<div class=\"elementor-element elementor-element-f6c1e7c elementor-widget elementor-widget-image\" data-id=\"f6c1e7c\" data-element_type=\"widget\" data-widget_type=\"image.default\">\n<div class=\"elementor-widget-container\"> <img loading=\"lazy\" decoding=\"async\" width=\"800\" height=\"800\" src=\"https:\/\/hightopgroup.com\/wp-content\/uploads\/2025\/06\/360W6.jpg\" class=\"attachment-large size-large wp-image-4103\" alt=\"360W6\" srcset=\"https:\/\/hightopgroup.com\/wp-content\/uploads\/2025\/06\/360W6.jpg 1000w, https:\/\/hightopgroup.com\/wp-content\/uploads\/2025\/06\/360W6-300x300.jpg 300w, https:\/\/hightopgroup.com\/wp-content\/uploads\/2025\/06\/360W6-150x150.jpg 150w, https:\/\/hightopgroup.com\/wp-content\/uploads\/2025\/06\/360W6-768x768.jpg 768w, https:\/\/hightopgroup.com\/wp-content\/uploads\/2025\/06\/360W6-600x600.jpg 600w\" sizes=\"auto, (max-width: 800px) 100vw, 800px\" title=\"HT360W Chargeur compact \u00e0 chenilles 6\"><\/div>\n<\/div>\n<div class=\"elementor-element elementor-element-ff7b179 elementor-widget elementor-widget-heading\" data-id=\"ff7b179\" data-element_type=\"widget\" data-widget_type=\"heading.default\">\n<div class=\"elementor-widget-container\">\n<h2 class=\"elementor-heading-title elementor-size-default\">EFFICACIT\u00c9 PLUS RAPIDE<\/h2>\n<\/div>\n<\/div>\n<div class=\"elementor-element elementor-element-2c6cde4 elementor-widget elementor-widget-text-editor\" data-id=\"2c6cde4\" data-element_type=\"widget\" data-widget_type=\"text-editor.default\">\n<div class=\"elementor-widget-container\">\n<p>Tr\u00e8s maniable, petite et polyvalente, c'est la machine qu'il vous faut pour effectuer vos travaux dans des espaces confin\u00e9s.<\/p>\n<\/div>\n<\/div>\n<\/div>\n<p>&nbsp;<\/p>\n<p>Param\u00e8tres<\/p>\n<div class=\"elementor-element elementor-element-de5a9f0 e-con-full e-flex e-con e-child\" data-id=\"de5a9f0\" data-element_type=\"container\">\n<div class=\"elementor-element elementor-element-e52e0c9 elementor-widget elementor-widget-text-editor\" data-id=\"e52e0c9\" data-element_type=\"widget\" data-widget_type=\"text-editor.default\">\n<div class=\"elementor-widget-container\">\n<p>Mod\u00e8le HT360W<\/p>\n<p>Capacit\u00e9 de charge nominale 220kg<\/p>\n<p>Volume du godet 0,09 m\u00b3<\/p>\n<p>Force de levage maximale 375 kg<\/p>\n<p>Vitesse de travail 0-6,5 km\/h<\/p>\n<p>Pression nominale 17Mpa<\/p>\n<p>Temps de levage 4,5s<\/p>\n<p>Temps d'abaissement 3,5s<\/p>\n<p>Temps de basculement 1,5s<\/p>\n<p>Poids de travail 720kg<\/p>\n<p>Mod\u00e8le de moteur RATO Engine R420D<\/p>\n<p>Type de moteur Essence Monocylindre<\/p>\n<p>Puissance de sortie 8.5KW(15hp)\/3600rpm<\/p>\n<p>Consommation de carburant \u22644.1L\/h<\/p>\n<p>M\u00e9thode de d\u00e9marrage d\u00e9marrage \u00e9lectrique<\/p>\n<p>R\u00e9servoir de carburant 6.7L<\/p>\n<p>Huile moteur 1.1L<\/p>\n<p>R\u00e9servoir d'huile hydraulique 25L<\/p>\n<p>Dimension globale (L\u00d7L\u00d7H) 2400\u00d71030\u00d71330mm<\/p>\n<p>Dimensions de l'emballage (bo\u00eete en bois) (L\u00d7L\u00d7H) 1700\u00d71050\u00d71350mm<\/p>\n<\/div>\n<\/div>\n<\/div>\n<div class=\"elementor-element elementor-element-3fbb200 e-con-full e-flex e-con e-child\" data-id=\"3fbb200\" data-element_type=\"container\">\n<div class=\"elementor-element elementor-element-9b29a08 elementor-widget elementor-widget-image\" data-id=\"9b29a08\" data-element_type=\"widget\" data-widget_type=\"image.default\">\n<div class=\"elementor-widget-container\"> <img decoding=\"async\" src=\"https:\/\/hightopgroup.com\/wp-content\/uploads\/2025\/06\/360W\u53c2\u6570.jpg\" title=\"360W\u53c2\u6570\" alt=\"360W\u53c2\u6570\" loading=\"lazy\"><\/div>\n<\/div>\n<\/div>","protected":false},"excerpt":{"rendered":"<p>Vue d'ensemble 1. haute rentabilit\u00e9 : En tant qu'usine g\u00e9r\u00e9e directement et situ\u00e9e dans la base de production d'engins de construction de la Chine, nous sommes en mesure de<\/p>","protected":false},"featured_media":16803,"template":"","meta":{"rank_math_lock_modified_date":false},"product_brand":[],"product_cat":[28],"product_tag":[],"class_list":{"0":"post-16801","1":"product","2":"type-product","3":"status-publish","4":"has-post-thumbnail","6":"product_cat-skid-steer-loader","8":"first","9":"instock","10":"product-type-simple"},"_links":{"self":[{"href":"https:\/\/beleevo.prowebplanners.com\/fr\/wp-json\/wp\/v2\/product\/16801","targetHints":{"allow":["GET"]}}],"collection":[{"href":"https:\/\/beleevo.prowebplanners.com\/fr\/wp-json\/wp\/v2\/product"}],"about":[{"href":"https:\/\/beleevo.prowebplanners.com\/fr\/wp-json\/wp\/v2\/types\/product"}],"version-history":[{"count":1,"href":"https:\/\/beleevo.prowebplanners.com\/fr\/wp-json\/wp\/v2\/product\/16801\/revisions"}],"predecessor-version":[{"id":16802,"href":"https:\/\/beleevo.prowebplanners.com\/fr\/wp-json\/wp\/v2\/product\/16801\/revisions\/16802"}],"wp:featuredmedia":[{"embeddable":true,"href":"https:\/\/beleevo.prowebplanners.com\/fr\/wp-json\/wp\/v2\/media\/16803"}],"wp:attachment":[{"href":"https:\/\/beleevo.prowebplanners.com\/fr\/wp-json\/wp\/v2\/media?parent=16801"}],"wp:term":[{"taxonomy":"product_brand","embeddable":true,"href":"https:\/\/beleevo.prowebplanners.com\/fr\/wp-json\/wp\/v2\/product_brand?post=16801"},{"taxonomy":"product_cat","embeddable":true,"href":"https:\/\/beleevo.prowebplanners.com\/fr\/wp-json\/wp\/v2\/product_cat?post=16801"},{"taxonomy":"product_tag","embeddable":true,"href":"https:\/\/beleevo.prowebplanners.com\/fr\/wp-json\/wp\/v2\/product_tag?post=16801"}],"curies":[{"name":"wp","href":"https:\/\/api.w.org\/{rel}","templated":true}]}}