{"id":16778,"date":"2025-07-23T13:34:44","date_gmt":"2025-07-23T13:34:44","guid":{"rendered":"https:\/\/beleevo.prowebplanners.com\/produit\/ht35-3-5ton-mini-excavator\/"},"modified":"2025-07-23T13:34:44","modified_gmt":"2025-07-23T13:34:44","slug":"ht35-3-5ton-mini-excavator","status":"publish","type":"product","link":"https:\/\/beleevo.prowebplanners.com\/fr\/produit\/ht35-3-5ton-mini-excavator\/","title":{"rendered":"Mini-pelle HT35 de 3,5 tonnes"},"content":{"rendered":"<p>Vue d'ensemble<\/p>\n<div class=\"elementor-element elementor-element-3d00484 elementor-widget__width-initial elementor-widget elementor-widget-text-editor\" data-id=\"3d00484\" data-element_type=\"widget\" data-widget_type=\"text-editor.default\">\n<div class=\"elementor-widget-container\">\n<ol>\n<li>Haute rentabilit\u00e9 : En tant qu'usine autonome situ\u00e9e dans la base chinoise de fabrication de machines de construction, nous sommes capables de produire des mini-pelles \u00e0 des co\u00fbts inf\u00e9rieurs, y compris le co\u00fbt de la main-d'\u0153uvre et des mati\u00e8res premi\u00e8res, et de fournir \u00e0 nos clients des produits tr\u00e8s rentables.<\/li>\n<li>Approvisionnement \u00e0 guichet unique : En tant qu'usine autonome, nous proposons une large gamme de produits, couvrant les machines de construction compactes, ce qui permet aux clients de se procurer tout l'\u00e9quipement n\u00e9cessaire en un seul endroit.<\/li>\n<li>Qualit\u00e9 et performances professionnelles : Avec des ann\u00e9es d'exp\u00e9rience dans la production, nos produits ont obtenu les certifications CE, SGS, TUV et ISO, offrant une qualit\u00e9 et des performances de niveau professionnel pour les petits projets de construction.<\/li>\n<li>Capacit\u00e9 de livraison rapide : Nous nous engageons \u00e0 effectuer la livraison dans un d\u00e9lai d'une semaine apr\u00e8s la confirmation de la commande, afin de garantir que votre projet se d\u00e9roule comme pr\u00e9vu et de minimiser les temps d'arr\u00eat inutiles.<\/li>\n<li>Service apr\u00e8s-vente complet : Notre \u00e9quipe professionnelle de vente et de maintenance propose des services de consultation et d'assistance apr\u00e8s-vente, dans le but de maximiser les performances des \u00e9quipements, d'assurer une ex\u00e9cution sans heurts des projets et de fournir une assistance technique tout au long de la vie.<\/li>\n<\/ol>\n<\/div>\n<\/div>\n<div class=\"elementor-element elementor-element-eec99f5 elementor-widget__width-initial elementor-widget elementor-widget-video\" data-id=\"eec99f5\" data-element_type=\"widget\" data-settings=\"{&quot;youtube_url&quot;:&quot;https:\/\/youtu.be\/QcW6G5XJNQY&quot;,&quot;show_image_overlay&quot;:&quot;yes&quot;,&quot;image_overlay&quot;:{&quot;url&quot;:&quot;https:\/\/hightopgroup.com\/wp-content\/uploads\/2024\/09\/35u6316u673a-23.jpg&quot;,&quot;id&quot;:2859,&quot;size&quot;:&quot;&quot;,&quot;alt&quot;:&quot;&quot;,&quot;source&quot;:&quot;library&quot;},&quot;video_type&quot;:&quot;youtube&quot;,&quot;controls&quot;:&quot;yes&quot;}\" data-widget_type=\"video.default\">\n<div class=\"elementor-widget-container\">\n<div class=\"elementor-wrapper elementor-open-inline\">\n<div class=\"elementor-video\"><\/div>\n<div class=\"elementor-custom-embed-image-overlay\" style=\"background-image: url(https:\/\/hightopgroup.com\/wp-content\/uploads\/2024\/09\/35\u6316\u673a-23.jpg);\">\n<div class=\"elementor-custom-embed-play\" role=\"button\" aria-label=\"Lire la vid\u00e9o\" tabindex=\"0\"> <svg aria-hidden=\"true\" class=\"e-font-icon-svg e-eicon-play\" viewbox=\"0 0 1000 1000\"><path d=\"M838 162C746 71 633 25 500 25 371 25 258 71 163 162 71 254 25 367 25 500 25 633 71 746 163 837 254 929 367 979 500 979 633 979 746 933 838 837 929 746 975 633 975 500 975 367 929 254 838 162M808 192C892 279 933 379 933 500 933 621 892 725 808 808 725 892 621 938 500 938 379 938 279 896 196 808 113 725 67 621 67 500 67 379 108 279 196 192 279 108 383 62 500 62 621 62 721 108 808 192M438 392V642L642 517 438 392Z\" \/><\/svg><\/div>\n<\/div>\n<\/div>\n<\/div>\n<\/div>\n<p>&nbsp;<\/p>\n<p>Caract\u00e9ristiques et avantages<\/p>\n<div class=\"elementor-element elementor-element-138b23e e-con-full e-flex e-con e-child\" data-id=\"138b23e\" data-element_type=\"container\">\n<div class=\"elementor-element elementor-element-dc31022 elementor-widget elementor-widget-image\" data-id=\"dc31022\" data-element_type=\"widget\" data-widget_type=\"image.default\">\n<div class=\"elementor-widget-container\"> <img fetchpriority=\"high\" decoding=\"async\" width=\"800\" height=\"800\" src=\"https:\/\/hightopgroup.com\/wp-content\/uploads\/2024\/09\/HT35-12.jpg\" class=\"attachment-large size-large wp-image-2861\" alt=\"HT35 12\" srcset=\"https:\/\/hightopgroup.com\/wp-content\/uploads\/2024\/09\/HT35-12.jpg 1000w, https:\/\/hightopgroup.com\/wp-content\/uploads\/2024\/09\/HT35-12-300x300.jpg 300w, https:\/\/hightopgroup.com\/wp-content\/uploads\/2024\/09\/HT35-12-150x150.jpg 150w, https:\/\/hightopgroup.com\/wp-content\/uploads\/2024\/09\/HT35-12-768x768.jpg 768w, https:\/\/hightopgroup.com\/wp-content\/uploads\/2024\/09\/HT35-12-600x600.jpg 600w\" sizes=\"(max-width: 800px) 100vw, 800px\" title=\"HT35 3.5ton Mini Excavator 1\"><\/div>\n<\/div>\n<div class=\"elementor-element elementor-element-7fcb316 elementor-widget elementor-widget-heading\" data-id=\"7fcb316\" data-element_type=\"widget\" data-widget_type=\"heading.default\">\n<div class=\"elementor-widget-container\">\n<h2 class=\"elementor-heading-title elementor-size-default\">Conception sans queue<\/h2>\n<\/div>\n<\/div>\n<div class=\"elementor-element elementor-element-1aa33d7 elementor-widget elementor-widget-text-editor\" data-id=\"1aa33d7\" data-element_type=\"widget\" data-widget_type=\"text-editor.default\">\n<div class=\"elementor-widget-container\">\n<p>L'aspect g\u00e9n\u00e9ral adopte un design sans queue, qui est flexible et polyvalent. Il peut fonctionner dans des espaces \u00e9troits tels que les rues urbaines et les sous-sols. Le rayon de braquage ultra r\u00e9duit garantit la commodit\u00e9 de la construction et am\u00e9liore la s\u00e9curit\u00e9 des travaux.<\/p>\n<\/div>\n<\/div>\n<\/div>\n<div class=\"elementor-element elementor-element-b74d99a e-con-full e-flex e-con e-child\" data-id=\"b74d99a\" data-element_type=\"container\">\n<div class=\"elementor-element elementor-element-d474faf elementor-widget elementor-widget-image\" data-id=\"d474faf\" data-element_type=\"widget\" data-widget_type=\"image.default\">\n<div class=\"elementor-widget-container\"> <img decoding=\"async\" width=\"790\" height=\"790\" src=\"https:\/\/hightopgroup.com\/wp-content\/uploads\/2024\/09\/40\u6316\u673a\u7279\u5f81-2.jpg\" class=\"attachment-large size-large wp-image-2842\" alt=\"40\u6316\u673a\u7279\u5f81 2\" srcset=\"https:\/\/hightopgroup.com\/wp-content\/uploads\/2024\/09\/40\u6316\u673a\u7279\u5f81-2.jpg 790w, https:\/\/hightopgroup.com\/wp-content\/uploads\/2024\/09\/40\u6316\u673a\u7279\u5f81-2-300x300.jpg 300w, https:\/\/hightopgroup.com\/wp-content\/uploads\/2024\/09\/40\u6316\u673a\u7279\u5f81-2-150x150.jpg 150w, https:\/\/hightopgroup.com\/wp-content\/uploads\/2024\/09\/40\u6316\u673a\u7279\u5f81-2-768x768.jpg 768w, https:\/\/hightopgroup.com\/wp-content\/uploads\/2024\/09\/40\u6316\u673a\u7279\u5f81-2-600x600.jpg 600w\" sizes=\"(max-width: 790px) 100vw, 790px\" title=\"HT35 3.5ton Mini Excavator 2\"><\/div>\n<\/div>\n<div class=\"elementor-element elementor-element-97e9dde elementor-widget elementor-widget-heading\" data-id=\"97e9dde\" data-element_type=\"widget\" data-widget_type=\"heading.default\">\n<div class=\"elementor-widget-container\">\n<h2 class=\"elementor-heading-title elementor-size-default\">Cabine ferm\u00e9e<\/h2>\n<\/div>\n<\/div>\n<div class=\"elementor-element elementor-element-2c77c6d elementor-widget elementor-widget-text-editor\" data-id=\"2c77c6d\" data-element_type=\"widget\" data-widget_type=\"text-editor.default\">\n<div class=\"elementor-widget-container\">\n<p>La cabine adopte une structure en acier int\u00e9gr\u00e9e, s\u00fbre et fiable. Elle est \u00e9quip\u00e9e de la climatisation. Afin d'am\u00e9liorer encore le confort, l'espace est augment\u00e9 au maximum par rapport \u00e0 la norme d'espace de la cabine de m\u00eame niveau.<\/p>\n<\/div>\n<\/div>\n<\/div>\n<div class=\"elementor-element elementor-element-7aad0d8 e-con-full e-flex e-con e-child\" data-id=\"7aad0d8\" data-element_type=\"container\">\n<div class=\"elementor-element elementor-element-fbca415 elementor-widget elementor-widget-image\" data-id=\"fbca415\" data-element_type=\"widget\" data-widget_type=\"image.default\">\n<div class=\"elementor-widget-container\"> <img decoding=\"async\" width=\"800\" height=\"800\" src=\"https:\/\/hightopgroup.com\/wp-content\/uploads\/2024\/09\/HT35-26.jpg\" class=\"attachment-large size-large wp-image-2862\" alt=\"HT35 26\" srcset=\"https:\/\/hightopgroup.com\/wp-content\/uploads\/2024\/09\/HT35-26.jpg 1000w, https:\/\/hightopgroup.com\/wp-content\/uploads\/2024\/09\/HT35-26-300x300.jpg 300w, https:\/\/hightopgroup.com\/wp-content\/uploads\/2024\/09\/HT35-26-150x150.jpg 150w, https:\/\/hightopgroup.com\/wp-content\/uploads\/2024\/09\/HT35-26-768x768.jpg 768w, https:\/\/hightopgroup.com\/wp-content\/uploads\/2024\/09\/HT35-26-600x600.jpg 600w\" sizes=\"(max-width: 800px) 100vw, 800px\" title=\"HT35 3.5ton Mini Excavator 3\"><\/div>\n<\/div>\n<div class=\"elementor-element elementor-element-1a03bb3 elementor-widget elementor-widget-heading\" data-id=\"1a03bb3\" data-element_type=\"widget\" data-widget_type=\"heading.default\">\n<div class=\"elementor-widget-container\">\n<h2 class=\"elementor-heading-title elementor-size-default\">Fonctions de conduite<\/h2>\n<\/div>\n<\/div>\n<div class=\"elementor-element elementor-element-cb9ac85 elementor-widget elementor-widget-text-editor\" data-id=\"cb9ac85\" data-element_type=\"widget\" data-widget_type=\"text-editor.default\">\n<div class=\"elementor-widget-container\">\n<p>Le dispositif de travail a une fonction de d\u00e9flexion et peut \u00eatre combin\u00e9 avec la rotation sup\u00e9rieure. Le dispositif de travail a une nouvelle conception optimis\u00e9e, un corps de d\u00e9flexion renforc\u00e9 et une dur\u00e9e de vie consid\u00e9rablement am\u00e9lior\u00e9e.<\/p>\n<\/div>\n<\/div>\n<\/div>\n<div class=\"elementor-element elementor-element-c6bb502 e-con-full e-flex e-con e-child\" data-id=\"c6bb502\" data-element_type=\"container\">\n<div class=\"elementor-element elementor-element-a654cb5 elementor-widget elementor-widget-image\" data-id=\"a654cb5\" data-element_type=\"widget\" data-widget_type=\"image.default\">\n<div class=\"elementor-widget-container\"> <img loading=\"lazy\" decoding=\"async\" width=\"790\" height=\"790\" src=\"https:\/\/hightopgroup.com\/wp-content\/uploads\/2024\/09\/4-1.jpg\" class=\"attachment-large size-large wp-image-2860\" alt=\"4 1\" srcset=\"https:\/\/hightopgroup.com\/wp-content\/uploads\/2024\/09\/4-1.jpg 790w, https:\/\/hightopgroup.com\/wp-content\/uploads\/2024\/09\/4-1-300x300.jpg 300w, https:\/\/hightopgroup.com\/wp-content\/uploads\/2024\/09\/4-1-150x150.jpg 150w, https:\/\/hightopgroup.com\/wp-content\/uploads\/2024\/09\/4-1-768x768.jpg 768w, https:\/\/hightopgroup.com\/wp-content\/uploads\/2024\/09\/4-1-600x600.jpg 600w\" sizes=\"auto, (max-width: 790px) 100vw, 790px\" title=\"HT35 3.5ton Mini Excavator 4\"><\/div>\n<\/div>\n<div class=\"elementor-element elementor-element-84b165c elementor-widget elementor-widget-heading\" data-id=\"84b165c\" data-element_type=\"widget\" data-widget_type=\"heading.default\">\n<div class=\"elementor-widget-container\">\n<h2 class=\"elementor-heading-title elementor-size-default\">PLUSIEURS PI\u00c8CES JOINTES DISPONIBLES<\/h2>\n<\/div>\n<\/div>\n<div class=\"elementor-element elementor-element-9db03b7 elementor-widget elementor-widget-text-editor\" data-id=\"9db03b7\" data-element_type=\"widget\" data-widget_type=\"text-editor.default\">\n<div class=\"elementor-widget-container\">\n<p>Cette mini-pelle de 1 tonne peut \u00eatre \u00e9quip\u00e9e d'une attache rapide hydraulique, d'un godet \u00e9troit, d'un marteau, d'une tari\u00e8re, d'un godet basculant, d'un ripper, d'un r\u00e2teau, d'un grappin rotatif, d'une cisaille \u00e0 arbre et d'une tondeuse \u00e0 gazon.<\/p>\n<\/div>\n<\/div>\n<\/div>\n<div class=\"elementor-element elementor-element-b2de1b5 e-con-full e-flex e-con e-child\" data-id=\"b2de1b5\" data-element_type=\"container\">\n<div class=\"elementor-element elementor-element-eec0d58 elementor-widget elementor-widget-image\" data-id=\"eec0d58\" data-element_type=\"widget\" data-widget_type=\"image.default\">\n<div class=\"elementor-widget-container\"> <img loading=\"lazy\" decoding=\"async\" width=\"790\" height=\"790\" src=\"https:\/\/hightopgroup.com\/wp-content\/uploads\/2024\/09\/40\u6316\u673a\u7279\u5f81-4.jpg\" class=\"attachment-large size-large wp-image-2830\" alt=\"40\u6316\u673a\u7279\u5f81 4\" srcset=\"https:\/\/hightopgroup.com\/wp-content\/uploads\/2024\/09\/40\u6316\u673a\u7279\u5f81-4.jpg 790w, https:\/\/hightopgroup.com\/wp-content\/uploads\/2024\/09\/40\u6316\u673a\u7279\u5f81-4-300x300.jpg 300w, https:\/\/hightopgroup.com\/wp-content\/uploads\/2024\/09\/40\u6316\u673a\u7279\u5f81-4-150x150.jpg 150w, https:\/\/hightopgroup.com\/wp-content\/uploads\/2024\/09\/40\u6316\u673a\u7279\u5f81-4-768x768.jpg 768w, https:\/\/hightopgroup.com\/wp-content\/uploads\/2024\/09\/40\u6316\u673a\u7279\u5f81-4-600x600.jpg 600w\" sizes=\"auto, (max-width: 790px) 100vw, 790px\" title=\"HT35 3.5ton Mini Excavator 5\"><\/div>\n<\/div>\n<div class=\"elementor-element elementor-element-cb9c692 elementor-widget elementor-widget-heading\" data-id=\"cb9c692\" data-element_type=\"widget\" data-widget_type=\"heading.default\">\n<div class=\"elementor-widget-container\">\n<h2 class=\"elementor-heading-title elementor-size-default\">Moteur de la marque<\/h2>\n<\/div>\n<\/div>\n<div class=\"elementor-element elementor-element-4da304d elementor-widget elementor-widget-text-editor\" data-id=\"4da304d\" data-element_type=\"widget\" data-widget_type=\"text-editor.default\">\n<div class=\"elementor-widget-container\">\n<p>Kubota 1703, 18.5KW\/2200rpm, normes d'\u00e9mission EURO 5, pour assurer une forte puissance de sortie, fiable et durable, pour r\u00e9pondre aux exigences des clients.<\/p>\n<\/div>\n<\/div>\n<\/div>\n<div class=\"elementor-element elementor-element-c218b52 e-con-full e-flex e-con e-child\" data-id=\"c218b52\" data-element_type=\"container\">\n<div class=\"elementor-element elementor-element-f6c1e7c elementor-widget elementor-widget-image\" data-id=\"f6c1e7c\" data-element_type=\"widget\" data-widget_type=\"image.default\">\n<div class=\"elementor-widget-container\"> <img loading=\"lazy\" decoding=\"async\" width=\"800\" height=\"800\" src=\"https:\/\/hightopgroup.com\/wp-content\/uploads\/2024\/09\/HT35-40.jpg\" class=\"attachment-large size-large wp-image-2863\" alt=\"HT35 40\" srcset=\"https:\/\/hightopgroup.com\/wp-content\/uploads\/2024\/09\/HT35-40.jpg 1000w, https:\/\/hightopgroup.com\/wp-content\/uploads\/2024\/09\/HT35-40-300x300.jpg 300w, https:\/\/hightopgroup.com\/wp-content\/uploads\/2024\/09\/HT35-40-150x150.jpg 150w, https:\/\/hightopgroup.com\/wp-content\/uploads\/2024\/09\/HT35-40-768x768.jpg 768w, https:\/\/hightopgroup.com\/wp-content\/uploads\/2024\/09\/HT35-40-600x600.jpg 600w\" sizes=\"auto, (max-width: 800px) 100vw, 800px\" title=\"HT35 3.5ton Mini Excavator 6\"><\/div>\n<\/div>\n<div class=\"elementor-element elementor-element-ff7b179 elementor-widget elementor-widget-heading\" data-id=\"ff7b179\" data-element_type=\"widget\" data-widget_type=\"heading.default\">\n<div class=\"elementor-widget-container\">\n<h2 class=\"elementor-heading-title elementor-size-default\">Soupape + Pompe<\/h2>\n<\/div>\n<\/div>\n<div class=\"elementor-element elementor-element-2c6cde4 elementor-widget elementor-widget-text-editor\" data-id=\"2c6cde4\" data-element_type=\"widget\" data-widget_type=\"text-editor.default\">\n<div class=\"elementor-widget-container\">\n<p>Vanne principale sensible \u00e0 la charge : fonctionnement hautement coordonn\u00e9 et haute efficacit\u00e9.Structure \u00e0 plaques, r\u00e9glage flexible.Contr\u00f4le pr\u00e9cis et bon micro-mouvement.Faible perte de pression et plus grande \u00e9conomie d'\u00e9nergie.Fonctionnement confortable.<\/p>\n<\/div>\n<\/div>\n<\/div>\n<p>&nbsp;<\/p>\n<p>Param\u00e8tres<\/p>\n<div class=\"elementor-element elementor-element-de5a9f0 e-con-full e-flex e-con e-child\" data-id=\"de5a9f0\" data-element_type=\"container\">\n<div class=\"elementor-element elementor-element-e52e0c9 elementor-widget elementor-widget-text-editor\" data-id=\"e52e0c9\" data-element_type=\"widget\" data-widget_type=\"text-editor.default\">\n<div class=\"elementor-widget-container\">\n<p><span style=\"font-family: arial, helvetica, sans-serif;\">Longueur totale\/longueur de transport A 5029mm<\/span><\/p>\n<p><span style=\"font-family: arial, helvetica, sans-serif;\">Largeur totale B 1720mm<\/span><\/p>\n<p><span style=\"font-family: arial, helvetica, sans-serif;\">Largeur sup\u00e9rieure D 1554mm<\/span><\/p>\n<p><span style=\"font-family: arial, helvetica, sans-serif;\">Hauteur totale (toit en appentis\/cabine) C 2580<\/span><\/p>\n<p><span style=\"font-family: arial, helvetica, sans-serif;\">Largeur standard de la plaque de roulement F 300mm<\/span><\/p>\n<p><span style=\"font-family: arial, helvetica, sans-serif;\">Garde au sol minimale H 319mm<\/span><\/p>\n<p><span style=\"font-family: arial, helvetica, sans-serif;\">Rayon de braquage de la queue I 885mm<\/span><\/p>\n<p><span style=\"font-family: arial, helvetica, sans-serif;\">Longueur du sol de la voie J 1645mm<\/span><\/p>\n<p><span style=\"font-family: arial, helvetica, sans-serif;\">Longueur du rail K 2150mm<\/span><\/p>\n<p><span style=\"font-family: arial, helvetica, sans-serif;\">Hauteur de la pelle R 393mm<\/span><\/p>\n<p><span style=\"font-family: arial, helvetica, sans-serif;\">Profondeur de creusement de la pelle T 461mm<\/span><\/p>\n<p><span style=\"font-family: arial, helvetica, sans-serif;\">Param\u00e8tres de performance<\/span><\/p>\n<p><span style=\"font-family: arial, helvetica, sans-serif;\">Masse utile (KG) 3500kg<\/span><\/p>\n<p><span style=\"font-family: arial, helvetica, sans-serif;\">Capacit\u00e9 de la benne:3 0,12m\u00b3<\/span><\/p>\n<p><span style=\"font-family: arial, helvetica, sans-serif;\">Puissance nominale : 18.5KW\/2200rpm<\/span><\/p>\n<p><span style=\"font-family: arial, helvetica, sans-serif;\">Vitesse de rotation 9r\/min<\/span><\/p>\n<p><span style=\"font-family: arial, helvetica, sans-serif;\">Capacit\u00e9 d'escalade 58%<\/span><\/p>\n<p><span style=\"font-family: arial, helvetica, sans-serif;\">Force de creusement du godet 30,4KN<\/span><\/p>\n<p><span style=\"font-family: arial, helvetica, sans-serif;\">Force de creusement du godet 18,2KN<\/span><\/p>\n<p><span style=\"font-family: arial, helvetica, sans-serif;\">Plage de fonctionnement (unit\u00e9 mm)<\/span><\/p>\n<p><span style=\"font-family: arial, helvetica, sans-serif;\">Hauteur de creusement maximalea 4938mm<\/span><\/p>\n<p><span style=\"font-family: arial, helvetica, sans-serif;\">Hauteur maximale de d\u00e9chargementb 3376mm<\/span><\/p>\n<p><span style=\"font-family: arial, helvetica, sans-serif;\">Profondeur de fouille maximale c 3106mm<\/span><\/p>\n<p><span style=\"font-family: arial, helvetica, sans-serif;\">Distance de creusement maximale d 5175mm<\/span><\/p>\n<p><span style=\"font-family: arial, helvetica, sans-serif;\">Rayon de braquage minimum e 2634mm<\/span><\/p>\n<p><span style=\"font-family: arial, helvetica, sans-serif;\">Hauteur maximale au rayon de braquage minimal f 3716mm<\/span><\/p>\n<p><span style=\"font-family: arial, helvetica, sans-serif;\">Mod\u00e8le de moteur:Kubota D1703, trois cylindres \u00e0 injection directe<\/span><\/p>\n<p><span style=\"font-family: arial, helvetica, sans-serif;\">Puissance nominale 18.5KW\/220rpm<\/span><\/p>\n<p><span style=\"font-family: arial, helvetica, sans-serif;\">Capacit\u00e9 d'huile 5.1L<\/span><\/p>\n<p><span style=\"font-family: arial, helvetica, sans-serif;\">Vanne principale de partage des flux HVSE-09-09-P270-BE212<\/span><\/p>\n<p><span style=\"font-family: arial, helvetica, sans-serif;\">Partage du d\u00e9bit Pression de la vanne principale 24MP<\/span><\/p>\n<p><span style=\"font-family: arial, helvetica, sans-serif;\">D\u00e9bit du syst\u00e8me 79.2L\/min<\/span><\/p>\n<p><span style=\"font-family: arial, helvetica, sans-serif;\">Pompe \u00e0 piston axial variable \u00e0 plateau oscillant HP5V45\/AV10RB2S2MGA-L1\/1-HT1<\/span><\/p>\n<p><span style=\"font-family: arial, helvetica, sans-serif;\">Pompe \u00e0 piston axial \u00e0 plateau oscillant, cylindr\u00e9e variable 40cc<\/span><\/p>\n<p><span style=\"font-family: arial, helvetica, sans-serif;\">Vitesse maximale 3250r\/min<\/span><\/p>\n<p><span style=\"font-family: arial, helvetica, sans-serif;\">Moteur de translation : moteur \u00e0 piston variable\u201d<\/span><\/p>\n<p><span style=\"font-family: arial, helvetica, sans-serif;\">Vitesse de d\u00e9placement 4,2\/2,4km\/h<\/span><\/p>\n<p><span style=\"font-family: arial, helvetica, sans-serif;\">Capacit\u00e9 du r\u00e9servoir de carburant 50L<\/span><\/p>\n<p><span style=\"font-family: arial, helvetica, sans-serif;\">Capacit\u00e9 du syst\u00e8me de refroidissement 5.05L<\/span><\/p>\n<p><span style=\"font-family: arial, helvetica, sans-serif;\">Capacit\u00e9 du r\u00e9servoir d'huile hydraulique 55L<\/span><\/p>\n<\/div>\n<\/div>\n<\/div>\n<div class=\"elementor-element elementor-element-3fbb200 e-con-full e-flex e-con e-child\" data-id=\"3fbb200\" data-element_type=\"container\">\n<div class=\"elementor-element elementor-element-9b29a08 elementor-widget elementor-widget-image\" data-id=\"9b29a08\" data-element_type=\"widget\" data-widget_type=\"image.default\">\n<div class=\"elementor-widget-container\"> <img loading=\"lazy\" decoding=\"async\" width=\"409\" height=\"1024\" src=\"https:\/\/hightopgroup.com\/wp-content\/uploads\/2024\/09\/35\u6316\u673a\u8be6\u60c5-3-409x1024.jpg\" class=\"attachment-large size-large wp-image-2865\" alt=\"35\u6316\u673a\u8be6\u60c5 3\" srcset=\"https:\/\/hightopgroup.com\/wp-content\/uploads\/2024\/09\/35\u6316\u673a\u8be6\u60c5-3-409x1024.jpg 409w, https:\/\/hightopgroup.com\/wp-content\/uploads\/2024\/09\/35\u6316\u673a\u8be6\u60c5-3-120x300.jpg 120w, https:\/\/hightopgroup.com\/wp-content\/uploads\/2024\/09\/35\u6316\u673a\u8be6\u60c5-3-768x1923.jpg 768w, https:\/\/hightopgroup.com\/wp-content\/uploads\/2024\/09\/35\u6316\u673a\u8be6\u60c5-3-613x1536.jpg 613w, https:\/\/hightopgroup.com\/wp-content\/uploads\/2024\/09\/35\u6316\u673a\u8be6\u60c5-3-600x1502.jpg 600w, https:\/\/hightopgroup.com\/wp-content\/uploads\/2024\/09\/35\u6316\u673a\u8be6\u60c5-3.jpg 790w\" sizes=\"auto, (max-width: 409px) 100vw, 409px\" title=\"HT35 3.5ton Mini Excavator 7\"><\/div>\n<\/div>\n<\/div>","protected":false},"excerpt":{"rendered":"<p>Vue d'ensemble Grande efficacit\u00e9 en termes de co\u00fbts : En tant qu'usine autonome situ\u00e9e dans la base chinoise de fabrication d'engins de construction, nous sommes en mesure de produire des mini-mat\u00e9riaux de construction.<\/p>","protected":false},"featured_media":16780,"template":"","meta":{"rank_math_lock_modified_date":false},"product_brand":[],"product_cat":[21],"product_tag":[],"class_list":{"0":"post-16778","1":"product","2":"type-product","3":"status-publish","4":"has-post-thumbnail","6":"product_cat-mini-excavator","8":"first","9":"instock","10":"product-type-simple"},"_links":{"self":[{"href":"https:\/\/beleevo.prowebplanners.com\/fr\/wp-json\/wp\/v2\/product\/16778","targetHints":{"allow":["GET"]}}],"collection":[{"href":"https:\/\/beleevo.prowebplanners.com\/fr\/wp-json\/wp\/v2\/product"}],"about":[{"href":"https:\/\/beleevo.prowebplanners.com\/fr\/wp-json\/wp\/v2\/types\/product"}],"version-history":[{"count":1,"href":"https:\/\/beleevo.prowebplanners.com\/fr\/wp-json\/wp\/v2\/product\/16778\/revisions"}],"predecessor-version":[{"id":16779,"href":"https:\/\/beleevo.prowebplanners.com\/fr\/wp-json\/wp\/v2\/product\/16778\/revisions\/16779"}],"wp:featuredmedia":[{"embeddable":true,"href":"https:\/\/beleevo.prowebplanners.com\/fr\/wp-json\/wp\/v2\/media\/16780"}],"wp:attachment":[{"href":"https:\/\/beleevo.prowebplanners.com\/fr\/wp-json\/wp\/v2\/media?parent=16778"}],"wp:term":[{"taxonomy":"product_brand","embeddable":true,"href":"https:\/\/beleevo.prowebplanners.com\/fr\/wp-json\/wp\/v2\/product_brand?post=16778"},{"taxonomy":"product_cat","embeddable":true,"href":"https:\/\/beleevo.prowebplanners.com\/fr\/wp-json\/wp\/v2\/product_cat?post=16778"},{"taxonomy":"product_tag","embeddable":true,"href":"https:\/\/beleevo.prowebplanners.com\/fr\/wp-json\/wp\/v2\/product_tag?post=16778"}],"curies":[{"name":"wp","href":"https:\/\/api.w.org\/{rel}","templated":true}]}}