{"id":16743,"date":"2025-07-23T13:28:13","date_gmt":"2025-07-23T13:28:13","guid":{"rendered":"https:\/\/beleevo.prowebplanners.com\/produit\/ht22-2-2ton-mini-excavator\/"},"modified":"2025-07-23T13:32:49","modified_gmt":"2025-07-23T13:32:49","slug":"ht22-2-2ton-mini-excavator","status":"publish","type":"product","link":"https:\/\/beleevo.prowebplanners.com\/fr\/produit\/ht22-2-2ton-mini-excavator\/","title":{"rendered":"Mini-pelle HT22 de 2,2 tonnes"},"content":{"rendered":"<p>Vue d'ensemble<\/p>\n<div class=\"elementor-element elementor-element-3d00484 elementor-widget__width-initial elementor-widget elementor-widget-text-editor\" data-id=\"3d00484\" data-element_type=\"widget\" data-widget_type=\"text-editor.default\">\n<div class=\"elementor-widget-container\">\n<ol>\n<li>Grande rentabilit\u00e9 : En tant qu'usine autonome situ\u00e9e dans la base chinoise de fabrication de machines de construction, nous sommes en mesure de produire la mini-pelle \u00e0 des co\u00fbts inf\u00e9rieurs, y compris les co\u00fbts de la main-d'\u0153uvre et des mati\u00e8res premi\u00e8res, et de fournir \u00e0 nos clients des produits tr\u00e8s rentables.<\/li>\n<li>Approvisionnement \u00e0 guichet unique : En tant qu'usine autonome, nous proposons une large gamme de produits, couvrant les machines de construction compactes, ce qui permet aux clients de se procurer tout l'\u00e9quipement n\u00e9cessaire en un seul endroit.<\/li>\n<li>Qualit\u00e9 et performances professionnelles : Avec des ann\u00e9es d'exp\u00e9rience dans la production, nos produits ont obtenu les certifications CE, SGS, TUV et ISO, offrant une qualit\u00e9 et des performances de niveau professionnel pour les petits projets de construction.<\/li>\n<li>Service apr\u00e8s-vente complet : Notre \u00e9quipe professionnelle de vente et de maintenance propose des services de consultation et d'assistance apr\u00e8s-vente, dans le but de maximiser les performances des \u00e9quipements, d'assurer une ex\u00e9cution sans heurts des projets et de fournir une assistance technique tout au long de la vie.<\/li>\n<\/ol>\n<\/div>\n<\/div>\n<div class=\"elementor-element elementor-element-eec99f5 elementor-widget__width-initial elementor-widget elementor-widget-video\" data-id=\"eec99f5\" data-element_type=\"widget\" data-settings=\"{&quot;youtube_url&quot;:&quot;https:\/\/youtu.be\/_Qos7hcRMZM&quot;,&quot;show_image_overlay&quot;:&quot;yes&quot;,&quot;image_overlay&quot;:{&quot;url&quot;:&quot;https:\/\/hightopgroup.com\/wp-content\/uploads\/2024\/09\/HT22-2.jpg&quot;,&quot;id&quot;:2384,&quot;size&quot;:&quot;&quot;,&quot;alt&quot;:&quot;&quot;,&quot;source&quot;:&quot;library&quot;},&quot;video_type&quot;:&quot;youtube&quot;,&quot;controls&quot;:&quot;yes&quot;}\" data-widget_type=\"video.default\">\n<div class=\"elementor-widget-container\">\n<div class=\"elementor-wrapper elementor-open-inline\">\n<div class=\"elementor-video\"><\/div>\n<div class=\"elementor-custom-embed-image-overlay\" style=\"background-image: url(https:\/\/hightopgroup.com\/wp-content\/uploads\/2024\/09\/HT22-2.jpg);\">\n<div class=\"elementor-custom-embed-play\" role=\"button\" aria-label=\"Lire la vid\u00e9o\" tabindex=\"0\"> <svg aria-hidden=\"true\" class=\"e-font-icon-svg e-eicon-play\" viewbox=\"0 0 1000 1000\"><path d=\"M838 162C746 71 633 25 500 25 371 25 258 71 163 162 71 254 25 367 25 500 25 633 71 746 163 837 254 929 367 979 500 979 633 979 746 933 838 837 929 746 975 633 975 500 975 367 929 254 838 162M808 192C892 279 933 379 933 500 933 621 892 725 808 808 725 892 621 938 500 938 379 938 279 896 196 808 113 725 67 621 67 500 67 379 108 279 196 192 279 108 383 62 500 62 621 62 721 108 808 192M438 392V642L642 517 438 392Z\" \/><\/svg><\/div>\n<\/div>\n<\/div>\n<\/div>\n<\/div>\n<p>&nbsp;<\/p>\n<p>Caract\u00e9ristiques et avantages<\/p>\n<div class=\"elementor-element elementor-element-138b23e e-con-full e-flex e-con e-child\" data-id=\"138b23e\" data-element_type=\"container\">\n<div class=\"elementor-element elementor-element-dc31022 elementor-widget elementor-widget-image\" data-id=\"dc31022\" data-element_type=\"widget\" data-widget_type=\"image.default\">\n<div class=\"elementor-widget-container\"> <img fetchpriority=\"high\" decoding=\"async\" width=\"800\" height=\"800\" src=\"https:\/\/hightopgroup.com\/wp-content\/uploads\/2024\/09\/HT22-5.jpg\" class=\"attachment-large size-large wp-image-2394\" alt=\"HT22 5\" srcset=\"https:\/\/hightopgroup.com\/wp-content\/uploads\/2024\/09\/HT22-5.jpg 1000w, https:\/\/hightopgroup.com\/wp-content\/uploads\/2024\/09\/HT22-5-300x300.jpg 300w, https:\/\/hightopgroup.com\/wp-content\/uploads\/2024\/09\/HT22-5-150x150.jpg 150w, https:\/\/hightopgroup.com\/wp-content\/uploads\/2024\/09\/HT22-5-768x768.jpg 768w, https:\/\/hightopgroup.com\/wp-content\/uploads\/2024\/09\/HT22-5-600x600.jpg 600w\" sizes=\"(max-width: 800px) 100vw, 800px\" title=\"HT22 2.2ton Mini Excavator 1\"><\/div>\n<\/div>\n<div class=\"elementor-element elementor-element-7fcb316 elementor-widget elementor-widget-heading\" data-id=\"7fcb316\" data-element_type=\"widget\" data-widget_type=\"heading.default\">\n<div class=\"elementor-widget-container\">\n<h2 class=\"elementor-heading-title elementor-size-default\">Moteur efficace KOOP D1105<\/h2>\n<\/div>\n<\/div>\n<div class=\"elementor-element elementor-element-1aa33d7 elementor-widget elementor-widget-text-editor\" data-id=\"1aa33d7\" data-element_type=\"widget\" data-widget_type=\"text-editor.default\">\n<div class=\"elementor-widget-container\">\n<p>La mini-pelle Hightop HT22 de 2,2 tonnes est \u00e9quip\u00e9e d'un moteur KOOP D1105, trois cylindres \u00e0 injection directe, d'une puissance de 14,2 kW, d'une vitesse de d\u00e9placement de 2,2\/4,3 km\/h, d'une fl\u00e8che invers\u00e9e, d'une puissance de travail \u00e9lev\u00e9e et d'une \u00e9conomie de carburant, d'une distribution uniforme de la chaleur, de performances stables et d'une machine polyvalente.<\/p>\n<\/div>\n<\/div>\n<\/div>\n<div class=\"elementor-element elementor-element-b74d99a e-con-full e-flex e-con e-child\" data-id=\"b74d99a\" data-element_type=\"container\">\n<div class=\"elementor-element elementor-element-d474faf elementor-widget elementor-widget-image\" data-id=\"d474faf\" data-element_type=\"widget\" data-widget_type=\"image.default\">\n<div class=\"elementor-widget-container\"> <img decoding=\"async\" width=\"800\" height=\"800\" src=\"https:\/\/hightopgroup.com\/wp-content\/uploads\/2024\/09\/HT22-11.jpg\" class=\"attachment-large size-large wp-image-2397\" alt=\"HT22 11\" srcset=\"https:\/\/hightopgroup.com\/wp-content\/uploads\/2024\/09\/HT22-11.jpg 1000w, https:\/\/hightopgroup.com\/wp-content\/uploads\/2024\/09\/HT22-11-300x300.jpg 300w, https:\/\/hightopgroup.com\/wp-content\/uploads\/2024\/09\/HT22-11-150x150.jpg 150w, https:\/\/hightopgroup.com\/wp-content\/uploads\/2024\/09\/HT22-11-768x768.jpg 768w, https:\/\/hightopgroup.com\/wp-content\/uploads\/2024\/09\/HT22-11-600x600.jpg 600w\" sizes=\"(max-width: 800px) 100vw, 800px\" title=\"HT22 2.2ton Mini Excavator 2\"><\/div>\n<\/div>\n<div class=\"elementor-element elementor-element-97e9dde elementor-widget elementor-widget-heading\" data-id=\"97e9dde\" data-element_type=\"widget\" data-widget_type=\"heading.default\">\n<div class=\"elementor-widget-container\">\n<h2 class=\"elementor-heading-title elementor-size-default\">Contr\u00f4le total du pilote<\/h2>\n<\/div>\n<\/div>\n<div class=\"elementor-element elementor-element-2c77c6d elementor-widget elementor-widget-text-editor\" data-id=\"2c77c6d\" data-element_type=\"widget\" data-widget_type=\"text-editor.default\">\n<div class=\"elementor-widget-container\">\n<p>Le pilotage hydraulique int\u00e9gral comprend : les poign\u00e9es de pilotage des deux c\u00f4t\u00e9s, les bulldozers, les op\u00e9rations de marche, les marteaux brise-roche et les fonctions d'oscillation de la fl\u00e8che. Lors du travail, apr\u00e8s le d\u00e9marrage du moteur, le verrou de s\u00e9curit\u00e9 doit \u00eatre abaiss\u00e9 avant que l'ensemble du v\u00e9hicule ne puisse agir, ce qui peut \u00e9galement prot\u00e9ger efficacement le conducteur en tant que fonction de protection efficace.<\/p>\n<\/div>\n<\/div>\n<\/div>\n<div class=\"elementor-element elementor-element-7aad0d8 e-con-full e-flex e-con e-child\" data-id=\"7aad0d8\" data-element_type=\"container\">\n<div class=\"elementor-element elementor-element-fbca415 elementor-widget elementor-widget-image\" data-id=\"fbca415\" data-element_type=\"widget\" data-widget_type=\"image.default\">\n<div class=\"elementor-widget-container\"> <img decoding=\"async\" width=\"800\" height=\"800\" src=\"https:\/\/hightopgroup.com\/wp-content\/uploads\/2024\/09\/HT22-4.jpg\" class=\"attachment-large size-large wp-image-2393\" alt=\"HT22 4\" srcset=\"https:\/\/hightopgroup.com\/wp-content\/uploads\/2024\/09\/HT22-4.jpg 1000w, https:\/\/hightopgroup.com\/wp-content\/uploads\/2024\/09\/HT22-4-300x300.jpg 300w, https:\/\/hightopgroup.com\/wp-content\/uploads\/2024\/09\/HT22-4-150x150.jpg 150w, https:\/\/hightopgroup.com\/wp-content\/uploads\/2024\/09\/HT22-4-768x768.jpg 768w, https:\/\/hightopgroup.com\/wp-content\/uploads\/2024\/09\/HT22-4-600x600.jpg 600w\" sizes=\"(max-width: 800px) 100vw, 800px\" title=\"HT22 2.2ton Mini Excavator 3\"><\/div>\n<\/div>\n<div class=\"elementor-element elementor-element-1a03bb3 elementor-widget elementor-widget-heading\" data-id=\"1a03bb3\" data-element_type=\"widget\" data-widget_type=\"heading.default\">\n<div class=\"elementor-widget-container\">\n<h2 class=\"elementor-heading-title elementor-size-default\">Plusieurs pi\u00e8ces jointes disponibles<\/h2>\n<\/div>\n<\/div>\n<div class=\"elementor-element elementor-element-cb9ac85 elementor-widget elementor-widget-text-editor\" data-id=\"cb9ac85\" data-element_type=\"widget\" data-widget_type=\"text-editor.default\">\n<div class=\"elementor-widget-container\">\n<p>Cette mini-pelle de 2,2 tonnes peut \u00eatre \u00e9quip\u00e9e d'une attache rapide hydraulique, d'un godet \u00e9troit, d'un marteau, d'une tari\u00e8re, d'un godet basculant, d'un ripper, d'un r\u00e2teau, d'un grappin rotatif, d'une cisaille \u00e0 arbre et d'une tondeuse \u00e0 gazon.<br \/>Qu'il vous suffise d'acheter une pelleteuse pour effectuer toutes sortes de travaux.<\/p>\n<\/div>\n<\/div>\n<\/div>\n<div class=\"elementor-element elementor-element-c6bb502 e-con-full e-flex e-con e-child\" data-id=\"c6bb502\" data-element_type=\"container\">\n<div class=\"elementor-element elementor-element-a654cb5 elementor-widget elementor-widget-image\" data-id=\"a654cb5\" data-element_type=\"widget\" data-widget_type=\"image.default\">\n<div class=\"elementor-widget-container\"> <img loading=\"lazy\" decoding=\"async\" width=\"800\" height=\"800\" src=\"https:\/\/hightopgroup.com\/wp-content\/uploads\/2024\/09\/HT22-12.jpg\" class=\"attachment-large size-large wp-image-2398\" alt=\"HT22 12\" srcset=\"https:\/\/hightopgroup.com\/wp-content\/uploads\/2024\/09\/HT22-12.jpg 1000w, https:\/\/hightopgroup.com\/wp-content\/uploads\/2024\/09\/HT22-12-300x300.jpg 300w, https:\/\/hightopgroup.com\/wp-content\/uploads\/2024\/09\/HT22-12-150x150.jpg 150w, https:\/\/hightopgroup.com\/wp-content\/uploads\/2024\/09\/HT22-12-768x768.jpg 768w, https:\/\/hightopgroup.com\/wp-content\/uploads\/2024\/09\/HT22-12-600x600.jpg 600w\" sizes=\"auto, (max-width: 800px) 100vw, 800px\" title=\"HT22 2.2ton Mini Excavator 4\"><\/div>\n<\/div>\n<div class=\"elementor-element elementor-element-84b165c elementor-widget elementor-widget-heading\" data-id=\"84b165c\" data-element_type=\"widget\" data-widget_type=\"heading.default\">\n<div class=\"elementor-widget-container\">\n<h2 class=\"elementor-heading-title elementor-size-default\">Rail en acier (rails rempla\u00e7ables)<\/h2>\n<\/div>\n<\/div>\n<div class=\"elementor-element elementor-element-9db03b7 elementor-widget elementor-widget-text-editor\" data-id=\"9db03b7\" data-element_type=\"widget\" data-widget_type=\"text-editor.default\">\n<div class=\"elementor-widget-container\">\n<p>Chenilles en acier - La dur\u00e9e de vie des chenilles en acier est plus longue que celle des chenilles en caoutchouc, et elles peuvent \u00e9galement \u00eatre interchang\u00e9es avec les chenilles en caoutchouc.<br \/>Pr\u00e9vention de l'humidit\u00e9 et de la rouille, solide et durable, r\u00e9sistant \u00e0 l'usure<\/p>\n<\/div>\n<\/div>\n<\/div>\n<div class=\"elementor-element elementor-element-b2de1b5 e-con-full e-flex e-con e-child\" data-id=\"b2de1b5\" data-element_type=\"container\">\n<div class=\"elementor-element elementor-element-eec0d58 elementor-widget elementor-widget-image\" data-id=\"eec0d58\" data-element_type=\"widget\" data-widget_type=\"image.default\">\n<div class=\"elementor-widget-container\"> <img loading=\"lazy\" decoding=\"async\" width=\"800\" height=\"800\" src=\"https:\/\/hightopgroup.com\/wp-content\/uploads\/2024\/09\/HT22-8.jpg\" class=\"attachment-large size-large wp-image-2395\" alt=\"HT22 8\" srcset=\"https:\/\/hightopgroup.com\/wp-content\/uploads\/2024\/09\/HT22-8.jpg 1000w, https:\/\/hightopgroup.com\/wp-content\/uploads\/2024\/09\/HT22-8-300x300.jpg 300w, https:\/\/hightopgroup.com\/wp-content\/uploads\/2024\/09\/HT22-8-150x150.jpg 150w, https:\/\/hightopgroup.com\/wp-content\/uploads\/2024\/09\/HT22-8-768x768.jpg 768w, https:\/\/hightopgroup.com\/wp-content\/uploads\/2024\/09\/HT22-8-600x600.jpg 600w\" sizes=\"auto, (max-width: 800px) 100vw, 800px\" title=\"HT22 2.2ton Mini Excavator 5\"><\/div>\n<\/div>\n<div class=\"elementor-element elementor-element-cb9c692 elementor-widget elementor-widget-heading\" data-id=\"cb9c692\" data-element_type=\"widget\" data-widget_type=\"heading.default\">\n<div class=\"elementor-widget-container\">\n<h2 class=\"elementor-heading-title elementor-size-default\">Balancement de la fl\u00e8che,Ch\u00e2ssis t\u00e9lescopique<\/h2>\n<\/div>\n<\/div>\n<div class=\"elementor-element elementor-element-4da304d elementor-widget elementor-widget-text-editor\" data-id=\"4da304d\" data-element_type=\"widget\" data-widget_type=\"text-editor.default\">\n<div class=\"elementor-widget-container\">\n<p>Faire pivoter la fl\u00e8che du bras \u00e0 droite et \u00e0 gauche. Cela permet \u00e0 l'excavateur de passer plus facilement dans les passages \u00e9troits.<\/p>\n<\/div>\n<\/div>\n<\/div>\n<div class=\"elementor-element elementor-element-c218b52 e-con-full e-flex e-con e-child\" data-id=\"c218b52\" data-element_type=\"container\">\n<div class=\"elementor-element elementor-element-f6c1e7c elementor-widget elementor-widget-image\" data-id=\"f6c1e7c\" data-element_type=\"widget\" data-widget_type=\"image.default\">\n<div class=\"elementor-widget-container\"> <img loading=\"lazy\" decoding=\"async\" width=\"800\" height=\"800\" src=\"https:\/\/hightopgroup.com\/wp-content\/uploads\/2024\/09\/HT22-9.jpg\" class=\"attachment-large size-large wp-image-2396\" alt=\"HT22 9\" srcset=\"https:\/\/hightopgroup.com\/wp-content\/uploads\/2024\/09\/HT22-9.jpg 1000w, https:\/\/hightopgroup.com\/wp-content\/uploads\/2024\/09\/HT22-9-300x300.jpg 300w, https:\/\/hightopgroup.com\/wp-content\/uploads\/2024\/09\/HT22-9-150x150.jpg 150w, https:\/\/hightopgroup.com\/wp-content\/uploads\/2024\/09\/HT22-9-768x768.jpg 768w, https:\/\/hightopgroup.com\/wp-content\/uploads\/2024\/09\/HT22-9-600x600.jpg 600w\" sizes=\"auto, (max-width: 800px) 100vw, 800px\" title=\"HT22 2.2ton Mini Excavator 6\"><\/div>\n<\/div>\n<div class=\"elementor-element elementor-element-ff7b179 elementor-widget elementor-widget-heading\" data-id=\"ff7b179\" data-element_type=\"widget\" data-widget_type=\"heading.default\">\n<div class=\"elementor-widget-container\">\n<h2 class=\"elementor-heading-title elementor-size-default\">Double vitesse<\/h2>\n<\/div>\n<\/div>\n<div class=\"elementor-element elementor-element-2c6cde4 elementor-widget elementor-widget-text-editor\" data-id=\"2c6cde4\" data-element_type=\"widget\" data-widget_type=\"text-editor.default\">\n<div class=\"elementor-widget-container\">\n<p>Le moteur est un moteur \u00e0 piston \u00e0 haute et basse vitesse avec une structure cach\u00e9e, un si\u00e8ge \u00e0 haut dossier, un syst\u00e8me de contr\u00f4le am\u00e9lior\u00e9.<\/p>\n<\/div>\n<\/div>\n<\/div>\n<p>&nbsp;<\/p>\n<p>Param\u00e8tres<\/p>\n<div class=\"elementor-element elementor-element-de5a9f0 e-con-full e-flex e-con e-child\" data-id=\"de5a9f0\" data-element_type=\"container\">\n<div class=\"elementor-element elementor-element-e52e0c9 elementor-widget elementor-widget-text-editor\" data-id=\"e52e0c9\" data-element_type=\"widget\" data-widget_type=\"text-editor.default\">\n<div class=\"elementor-widget-container\">\n<p>Moteur:Kubota D1105 Trois cylindres \u00e0 injection directe<\/p>\n<p>Puissance nominale : 14.2KW\/2200<\/p>\n<p>Vanne principale de r\u00e9partition du d\u00e9bit : TRM10-BX-09-JNJT-01<\/p>\n<p>Pression:20.5MP,D\u00e9bit:67.8L\/min<\/p>\n<p>Pompe \u00e0 piston axial variable \u00e0 plateau oscillant:TFA10VO28\/53R<\/p>\n<p>D\u00e9placement : 28ml\/r<\/p>\n<p>Moteur de translation : moteur \u00e0 piston axial variable KTD-490<\/p>\n<p>Vitesse de d\u00e9placement : 2,2\/4,3km\/h, Traction : 18KN<\/p>\n<p>Capacit\u00e9 du r\u00e9servoir de carburant : 2L<\/p>\n<p>Capacit\u00e9 du syst\u00e8me de refroidissement : 5,05 L<\/p>\n<p>Capacit\u00e9 du r\u00e9servoir d'huile hydraulique : 21,4L<\/p>\n<p>Longueur totale\/longueur de transport :4750mm<\/p>\n<p>Largeur totale : 990mm\/1300mm<\/p>\n<p>Largeur sup\u00e9rieure : 1050 mm<\/p>\n<p>Hauteur totale (toit de la cabine) : 2470 mm<\/p>\n<p>Largeur standard de la plaque de roulement : 230 mm<\/p>\n<p>\u00c9cartement des rails : 780mm\/1090mm<\/p>\n<p>Garde au sol minimale :150mm<\/p>\n<p>Rayon de braquage de la queue : 780 mm<\/p>\n<p>Longueur de la piste : 1200mm<\/p>\n<p>Longueur de la voie : 1500 mm<\/p>\n<p>Hauteur de creusement maximale : 3500 mm<\/p>\n<p>Hauteur maximale de d\u00e9chargement : 2560 mm<\/p>\n<p>Profondeur de fouille maximale : 1850 mm<\/p>\n<p>Distance maximale de creusement :3030mm<\/p>\n<p>Rayon de braquage minimal : 1750 mm<\/p>\n<p>Hauteur maximale au rayon de braquage minimal : 2600 mm<\/p>\n<p>Qualit\u00e9 de travail:2172kg, Capacit\u00e9 du godet:0.056m\u00b3<\/p>\n<p>Puissance nominale : 14.2KW\/2200rpm<\/p>\n<p>Vitesse de rotation :9.5r\/min, Capacit\u00e9 de mont\u00e9e :58%<\/p>\n<\/div>\n<\/div>\n<\/div>\n<div class=\"elementor-element elementor-element-3fbb200 e-con-full e-flex e-con e-child\" data-id=\"3fbb200\" data-element_type=\"container\">\n<div class=\"elementor-element elementor-element-9b29a08 elementor-widget elementor-widget-image\" data-id=\"9b29a08\" data-element_type=\"widget\" data-widget_type=\"image.default\">\n<div class=\"elementor-widget-container\"> <img loading=\"lazy\" decoding=\"async\" width=\"508\" height=\"1024\" src=\"https:\/\/hightopgroup.com\/wp-content\/uploads\/2024\/09\/HT22-11-1-508x1024.jpg\" class=\"attachment-large size-large wp-image-2400\" alt=\"HT22 11 1\" srcset=\"https:\/\/hightopgroup.com\/wp-content\/uploads\/2024\/09\/HT22-11-1-508x1024.jpg 508w, https:\/\/hightopgroup.com\/wp-content\/uploads\/2024\/09\/HT22-11-1-149x300.jpg 149w, https:\/\/hightopgroup.com\/wp-content\/uploads\/2024\/09\/HT22-11-1-768x1549.jpg 768w, https:\/\/hightopgroup.com\/wp-content\/uploads\/2024\/09\/HT22-11-1-762x1536.jpg 762w, https:\/\/hightopgroup.com\/wp-content\/uploads\/2024\/09\/HT22-11-1-600x1210.jpg 600w, https:\/\/hightopgroup.com\/wp-content\/uploads\/2024\/09\/HT22-11-1.jpg 1000w\" sizes=\"auto, (max-width: 508px) 100vw, 508px\" title=\"HT22 2.2ton Mini Excavator 7\"><\/div>\n<\/div>\n<\/div>","protected":false},"excerpt":{"rendered":"<p>Vue d'ensemble Rentabilit\u00e9 \u00e9lev\u00e9e : En tant qu'usine autonome situ\u00e9e dans la base chinoise de fabrication d'engins de construction, nous sommes en mesure de produire les produits suivants<\/p>","protected":false},"featured_media":16745,"template":"","meta":{"rank_math_lock_modified_date":false},"product_brand":[],"product_cat":[21],"product_tag":[],"class_list":{"0":"post-16743","1":"product","2":"type-product","3":"status-publish","4":"has-post-thumbnail","6":"product_cat-mini-excavator","8":"first","9":"instock","10":"product-type-simple"},"_links":{"self":[{"href":"https:\/\/beleevo.prowebplanners.com\/fr\/wp-json\/wp\/v2\/product\/16743","targetHints":{"allow":["GET"]}}],"collection":[{"href":"https:\/\/beleevo.prowebplanners.com\/fr\/wp-json\/wp\/v2\/product"}],"about":[{"href":"https:\/\/beleevo.prowebplanners.com\/fr\/wp-json\/wp\/v2\/types\/product"}],"version-history":[{"count":1,"href":"https:\/\/beleevo.prowebplanners.com\/fr\/wp-json\/wp\/v2\/product\/16743\/revisions"}],"predecessor-version":[{"id":16744,"href":"https:\/\/beleevo.prowebplanners.com\/fr\/wp-json\/wp\/v2\/product\/16743\/revisions\/16744"}],"wp:featuredmedia":[{"embeddable":true,"href":"https:\/\/beleevo.prowebplanners.com\/fr\/wp-json\/wp\/v2\/media\/16745"}],"wp:attachment":[{"href":"https:\/\/beleevo.prowebplanners.com\/fr\/wp-json\/wp\/v2\/media?parent=16743"}],"wp:term":[{"taxonomy":"product_brand","embeddable":true,"href":"https:\/\/beleevo.prowebplanners.com\/fr\/wp-json\/wp\/v2\/product_brand?post=16743"},{"taxonomy":"product_cat","embeddable":true,"href":"https:\/\/beleevo.prowebplanners.com\/fr\/wp-json\/wp\/v2\/product_cat?post=16743"},{"taxonomy":"product_tag","embeddable":true,"href":"https:\/\/beleevo.prowebplanners.com\/fr\/wp-json\/wp\/v2\/product_tag?post=16743"}],"curies":[{"name":"wp","href":"https:\/\/api.w.org\/{rel}","templated":true}]}}