{"id":16725,"date":"2025-07-23T13:28:13","date_gmt":"2025-07-23T13:28:13","guid":{"rendered":"https:\/\/beleevo.prowebplanners.com\/produit\/ht20pro-2ton-mini-excavator\/"},"modified":"2025-07-23T13:32:09","modified_gmt":"2025-07-23T13:32:09","slug":"ht20pro-2ton-mini-excavator","status":"publish","type":"product","link":"https:\/\/beleevo.prowebplanners.com\/fr\/produit\/ht20pro-2ton-mini-excavator\/","title":{"rendered":"HT20Pro 2ton Mini Excavator"},"content":{"rendered":"<p>Vue d'ensemble<\/p>\n<div class=\"elementor-element elementor-element-3d00484 elementor-widget__width-initial elementor-widget elementor-widget-text-editor\" data-id=\"3d00484\" data-element_type=\"widget\" data-widget_type=\"text-editor.default\">\n<div class=\"elementor-widget-container\">\n<ol>\n<li>Grande rentabilit\u00e9 : En tant qu'usine autonome situ\u00e9e dans la base chinoise de fabrication de machines de construction, nous sommes en mesure de produire la mini-pelle \u00e0 des co\u00fbts inf\u00e9rieurs, y compris les co\u00fbts de la main-d'\u0153uvre et des mati\u00e8res premi\u00e8res, et de fournir \u00e0 nos clients des produits tr\u00e8s rentables.<\/li>\n<li>Approvisionnement \u00e0 guichet unique : En tant qu'usine autonome, nous proposons une large gamme de produits, couvrant les machines de construction compactes, ce qui permet aux clients de se procurer tout l'\u00e9quipement n\u00e9cessaire en un seul endroit.<\/li>\n<li>Qualit\u00e9 et performances professionnelles : Avec des ann\u00e9es d'exp\u00e9rience dans la production, nos produits ont obtenu les certifications CE, SGS, TUV et ISO, offrant une qualit\u00e9 et des performances de niveau professionnel pour les petits projets de construction.<\/li>\n<li>Service apr\u00e8s-vente complet : Notre \u00e9quipe professionnelle de vente et de maintenance propose des services de consultation et d'assistance apr\u00e8s-vente, dans le but de maximiser les performances des \u00e9quipements, d'assurer une ex\u00e9cution sans heurts des projets et de fournir une assistance technique tout au long de la vie.<\/li>\n<\/ol>\n<\/div>\n<\/div>\n<div class=\"elementor-element elementor-element-eec99f5 elementor-widget__width-initial elementor-widget elementor-widget-video\" data-id=\"eec99f5\" data-element_type=\"widget\" data-settings=\"{&quot;youtube_url&quot;:&quot;https:\/\/youtu.be\/p3b1thHodqQ&quot;,&quot;show_image_overlay&quot;:&quot;yes&quot;,&quot;image_overlay&quot;:{&quot;url&quot;:&quot;https:\/\/hightopgroup.com\/wp-content\/uploads\/2025\/05\/20Prou4e3bu56fe-6.jpg&quot;,&quot;id&quot;:4062,&quot;size&quot;:&quot;&quot;,&quot;alt&quot;:&quot;&quot;,&quot;source&quot;:&quot;library&quot;},&quot;video_type&quot;:&quot;youtube&quot;,&quot;controls&quot;:&quot;yes&quot;}\" data-widget_type=\"video.default\">\n<div class=\"elementor-widget-container\">\n<div class=\"elementor-wrapper elementor-open-inline\">\n<div class=\"elementor-video\"><\/div>\n<div class=\"elementor-custom-embed-image-overlay\" style=\"background-image: url(https:\/\/hightopgroup.com\/wp-content\/uploads\/2025\/05\/20Pro\u4e3b\u56fe-6.jpg);\">\n<div class=\"elementor-custom-embed-play\" role=\"button\" aria-label=\"Lire la vid\u00e9o\" tabindex=\"0\"> <svg aria-hidden=\"true\" class=\"e-font-icon-svg e-eicon-play\" viewbox=\"0 0 1000 1000\"><path d=\"M838 162C746 71 633 25 500 25 371 25 258 71 163 162 71 254 25 367 25 500 25 633 71 746 163 837 254 929 367 979 500 979 633 979 746 933 838 837 929 746 975 633 975 500 975 367 929 254 838 162M808 192C892 279 933 379 933 500 933 621 892 725 808 808 725 892 621 938 500 938 379 938 279 896 196 808 113 725 67 621 67 500 67 379 108 279 196 192 279 108 383 62 500 62 621 62 721 108 808 192M438 392V642L642 517 438 392Z\" \/><\/svg><\/div>\n<\/div>\n<\/div>\n<\/div>\n<\/div>\n<p>&nbsp;<\/p>\n<p>Caract\u00e9ristiques et avantages<\/p>\n<div class=\"elementor-element elementor-element-138b23e e-con-full e-flex e-con e-child\" data-id=\"138b23e\" data-element_type=\"container\">\n<div class=\"elementor-element elementor-element-dc31022 elementor-widget elementor-widget-image\" data-id=\"dc31022\" data-element_type=\"widget\" data-widget_type=\"image.default\">\n<div class=\"elementor-widget-container\"> <img fetchpriority=\"high\" decoding=\"async\" width=\"800\" height=\"800\" src=\"https:\/\/hightopgroup.com\/wp-content\/uploads\/2025\/05\/20P\u7279\u70b9-1.jpg\" class=\"attachment-large size-large wp-image-4064\" alt=\"20P\u7279\u70b9 1\" srcset=\"https:\/\/hightopgroup.com\/wp-content\/uploads\/2025\/05\/20P\u7279\u70b9-1.jpg 1000w, https:\/\/hightopgroup.com\/wp-content\/uploads\/2025\/05\/20P\u7279\u70b9-1-300x300.jpg 300w, https:\/\/hightopgroup.com\/wp-content\/uploads\/2025\/05\/20P\u7279\u70b9-1-150x150.jpg 150w, https:\/\/hightopgroup.com\/wp-content\/uploads\/2025\/05\/20P\u7279\u70b9-1-768x768.jpg 768w, https:\/\/hightopgroup.com\/wp-content\/uploads\/2025\/05\/20P\u7279\u70b9-1-600x600.jpg 600w\" sizes=\"(max-width: 800px) 100vw, 800px\" title=\"HT20Pro 2ton Mini Excavator 1\"><\/div>\n<\/div>\n<div class=\"elementor-element elementor-element-7fcb316 elementor-widget elementor-widget-heading\" data-id=\"7fcb316\" data-element_type=\"widget\" data-widget_type=\"heading.default\">\n<div class=\"elementor-widget-container\">\n<h2 class=\"elementor-heading-title elementor-size-default\">Moteur \u00e0 piston cach\u00e9<\/h2>\n<\/div>\n<\/div>\n<div class=\"elementor-element elementor-element-1aa33d7 elementor-widget elementor-widget-text-editor\" data-id=\"1aa33d7\" data-element_type=\"widget\" data-widget_type=\"text-editor.default\">\n<div class=\"elementor-widget-container\">\n<p>Performances stables, structure compacte, petite taille, adapt\u00e9e aux conditions de travail difficiles et aux travaux continus \u00e0 forte charge, pouvant fonctionner pendant une longue p\u00e9riode.<\/p>\n<\/div>\n<\/div>\n<\/div>\n<div class=\"elementor-element elementor-element-b74d99a e-con-full e-flex e-con e-child\" data-id=\"b74d99a\" data-element_type=\"container\">\n<div class=\"elementor-element elementor-element-d474faf elementor-widget elementor-widget-image\" data-id=\"d474faf\" data-element_type=\"widget\" data-widget_type=\"image.default\">\n<div class=\"elementor-widget-container\"> <img decoding=\"async\" width=\"800\" height=\"800\" src=\"https:\/\/hightopgroup.com\/wp-content\/uploads\/2025\/05\/20P\u7279\u70b9-2.jpg\" class=\"attachment-large size-large wp-image-4065\" alt=\"20P\u7279\u70b9 2\" srcset=\"https:\/\/hightopgroup.com\/wp-content\/uploads\/2025\/05\/20P\u7279\u70b9-2.jpg 1000w, https:\/\/hightopgroup.com\/wp-content\/uploads\/2025\/05\/20P\u7279\u70b9-2-300x300.jpg 300w, https:\/\/hightopgroup.com\/wp-content\/uploads\/2025\/05\/20P\u7279\u70b9-2-150x150.jpg 150w, https:\/\/hightopgroup.com\/wp-content\/uploads\/2025\/05\/20P\u7279\u70b9-2-768x768.jpg 768w, https:\/\/hightopgroup.com\/wp-content\/uploads\/2025\/05\/20P\u7279\u70b9-2-600x600.jpg 600w\" sizes=\"(max-width: 800px) 100vw, 800px\" title=\"HT20Pro 2ton Mini Excavator 2\"><\/div>\n<\/div>\n<div class=\"elementor-element elementor-element-97e9dde elementor-widget elementor-widget-heading\" data-id=\"97e9dde\" data-element_type=\"widget\" data-widget_type=\"heading.default\">\n<div class=\"elementor-widget-container\">\n<h2 class=\"elementor-heading-title elementor-size-default\">Balancement lat\u00e9ral du bras<\/h2>\n<\/div>\n<\/div>\n<div class=\"elementor-element elementor-element-2c77c6d elementor-widget elementor-widget-text-editor\" data-id=\"2c77c6d\" data-element_type=\"widget\" data-widget_type=\"text-editor.default\">\n<div class=\"elementor-widget-container\">\n<p>Ajustez le godet ou l'accessoire vers la gauche ou la droite sans d\u00e9placer le ch\u00e2ssis, ce qui am\u00e9liore la flexibilit\u00e9 de l'accessoire multifonctionnel.<\/p>\n<p>45\u00b0 \u00e0 droite<\/p>\n<p>44\u00b0 \u00e0 gauche<\/p>\n<\/div>\n<\/div>\n<\/div>\n<div class=\"elementor-element elementor-element-7aad0d8 e-con-full e-flex e-con e-child\" data-id=\"7aad0d8\" data-element_type=\"container\">\n<div class=\"elementor-element elementor-element-fbca415 elementor-widget elementor-widget-image\" data-id=\"fbca415\" data-element_type=\"widget\" data-widget_type=\"image.default\">\n<div class=\"elementor-widget-container\"> <img decoding=\"async\" width=\"800\" height=\"800\" src=\"https:\/\/hightopgroup.com\/wp-content\/uploads\/2025\/05\/20P\u7279\u70b9-3.jpg\" class=\"attachment-large size-large wp-image-4066\" alt=\"20P\u7279\u70b9 3\" srcset=\"https:\/\/hightopgroup.com\/wp-content\/uploads\/2025\/05\/20P\u7279\u70b9-3.jpg 1000w, https:\/\/hightopgroup.com\/wp-content\/uploads\/2025\/05\/20P\u7279\u70b9-3-300x300.jpg 300w, https:\/\/hightopgroup.com\/wp-content\/uploads\/2025\/05\/20P\u7279\u70b9-3-150x150.jpg 150w, https:\/\/hightopgroup.com\/wp-content\/uploads\/2025\/05\/20P\u7279\u70b9-3-768x768.jpg 768w, https:\/\/hightopgroup.com\/wp-content\/uploads\/2025\/05\/20P\u7279\u70b9-3-600x600.jpg 600w\" sizes=\"(max-width: 800px) 100vw, 800px\" title=\"HT20Pro 2ton Mini Excavator 3\"><\/div>\n<\/div>\n<div class=\"elementor-element elementor-element-1a03bb3 elementor-widget elementor-widget-heading\" data-id=\"1a03bb3\" data-element_type=\"widget\" data-widget_type=\"heading.default\">\n<div class=\"elementor-widget-container\">\n<h2 class=\"elementor-heading-title elementor-size-default\">Poign\u00e9e de vanne \u00e0 8 voies \u00e0 faible d\u00e9battement<\/h2>\n<\/div>\n<\/div>\n<div class=\"elementor-element elementor-element-cb9ac85 elementor-widget elementor-widget-text-editor\" data-id=\"cb9ac85\" data-element_type=\"widget\" data-widget_type=\"text-editor.default\">\n<div class=\"elementor-widget-container\">\n<p>2 actionneurs zingu\u00e9s + 4 p\u00e9dales en aluminium moul\u00e9.<\/p>\n<\/div>\n<\/div>\n<\/div>\n<div class=\"elementor-element elementor-element-c6bb502 e-con-full e-flex e-con e-child\" data-id=\"c6bb502\" data-element_type=\"container\">\n<div class=\"elementor-element elementor-element-a654cb5 elementor-widget elementor-widget-image\" data-id=\"a654cb5\" data-element_type=\"widget\" data-widget_type=\"image.default\">\n<div class=\"elementor-widget-container\"> <img loading=\"lazy\" decoding=\"async\" width=\"800\" height=\"800\" src=\"https:\/\/hightopgroup.com\/wp-content\/uploads\/2025\/05\/20P\u7279\u70b9-4.jpg\" class=\"attachment-large size-large wp-image-4067\" alt=\"20P\u7279\u70b9 4\" srcset=\"https:\/\/hightopgroup.com\/wp-content\/uploads\/2025\/05\/20P\u7279\u70b9-4.jpg 1000w, https:\/\/hightopgroup.com\/wp-content\/uploads\/2025\/05\/20P\u7279\u70b9-4-300x300.jpg 300w, https:\/\/hightopgroup.com\/wp-content\/uploads\/2025\/05\/20P\u7279\u70b9-4-150x150.jpg 150w, https:\/\/hightopgroup.com\/wp-content\/uploads\/2025\/05\/20P\u7279\u70b9-4-768x768.jpg 768w, https:\/\/hightopgroup.com\/wp-content\/uploads\/2025\/05\/20P\u7279\u70b9-4-600x600.jpg 600w\" sizes=\"auto, (max-width: 800px) 100vw, 800px\" title=\"HT20Pro 2ton Mini Excavator 4\"><\/div>\n<\/div>\n<div class=\"elementor-element elementor-element-84b165c elementor-widget elementor-widget-heading\" data-id=\"84b165c\" data-element_type=\"widget\" data-widget_type=\"heading.default\">\n<div class=\"elementor-widget-container\">\n<h2 class=\"elementor-heading-title elementor-size-default\">Moteur de marque r\u00e9put\u00e9e<\/h2>\n<\/div>\n<\/div>\n<div class=\"elementor-element elementor-element-9db03b7 elementor-widget elementor-widget-text-editor\" data-id=\"9db03b7\" data-element_type=\"widget\" data-widget_type=\"text-editor.default\">\n<div class=\"elementor-widget-container\">\n<p>Puissant, stable et durable, il r\u00e9pond aux exigences de travail les plus diverses.<\/p>\n<\/div>\n<\/div>\n<\/div>\n<div class=\"elementor-element elementor-element-b2de1b5 e-con-full e-flex e-con e-child\" data-id=\"b2de1b5\" data-element_type=\"container\">\n<div class=\"elementor-element elementor-element-eec0d58 elementor-widget elementor-widget-image\" data-id=\"eec0d58\" data-element_type=\"widget\" data-widget_type=\"image.default\">\n<div class=\"elementor-widget-container\"> <img loading=\"lazy\" decoding=\"async\" width=\"800\" height=\"800\" src=\"https:\/\/hightopgroup.com\/wp-content\/uploads\/2025\/05\/20P\u7279\u70b9-5.jpg\" class=\"attachment-large size-large wp-image-4068\" alt=\"20P\u7279\u70b9 5\" srcset=\"https:\/\/hightopgroup.com\/wp-content\/uploads\/2025\/05\/20P\u7279\u70b9-5.jpg 1000w, https:\/\/hightopgroup.com\/wp-content\/uploads\/2025\/05\/20P\u7279\u70b9-5-300x300.jpg 300w, https:\/\/hightopgroup.com\/wp-content\/uploads\/2025\/05\/20P\u7279\u70b9-5-150x150.jpg 150w, https:\/\/hightopgroup.com\/wp-content\/uploads\/2025\/05\/20P\u7279\u70b9-5-768x768.jpg 768w, https:\/\/hightopgroup.com\/wp-content\/uploads\/2025\/05\/20P\u7279\u70b9-5-600x600.jpg 600w\" sizes=\"auto, (max-width: 800px) 100vw, 800px\" title=\"HT20Pro 2ton Mini Excavator 5\"><\/div>\n<\/div>\n<div class=\"elementor-element elementor-element-cb9c692 elementor-widget elementor-widget-heading\" data-id=\"cb9c692\" data-element_type=\"widget\" data-widget_type=\"heading.default\">\n<div class=\"elementor-widget-container\">\n<h2 class=\"elementor-heading-title elementor-size-default\">Agrandissement du bras invers\u00e9<\/h2>\n<\/div>\n<\/div>\n<div class=\"elementor-element elementor-element-4da304d elementor-widget elementor-widget-text-editor\" data-id=\"4da304d\" data-element_type=\"widget\" data-widget_type=\"text-editor.default\">\n<div class=\"elementor-widget-container\">\n<p>Bonne capacit\u00e9 \u00e0 travailler sur les bords de la chauss\u00e9e.<\/p>\n<\/div>\n<\/div>\n<\/div>\n<div class=\"elementor-element elementor-element-c218b52 e-con-full e-flex e-con e-child\" data-id=\"c218b52\" data-element_type=\"container\">\n<div class=\"elementor-element elementor-element-f6c1e7c elementor-widget elementor-widget-image\" data-id=\"f6c1e7c\" data-element_type=\"widget\" data-widget_type=\"image.default\">\n<div class=\"elementor-widget-container\"> <img loading=\"lazy\" decoding=\"async\" width=\"800\" height=\"800\" src=\"https:\/\/hightopgroup.com\/wp-content\/uploads\/2025\/05\/20P\u7279\u70b9-6.jpg\" class=\"attachment-large size-large wp-image-4069\" alt=\"20P\u7279\u70b9 6\" srcset=\"https:\/\/hightopgroup.com\/wp-content\/uploads\/2025\/05\/20P\u7279\u70b9-6.jpg 1000w, https:\/\/hightopgroup.com\/wp-content\/uploads\/2025\/05\/20P\u7279\u70b9-6-300x300.jpg 300w, https:\/\/hightopgroup.com\/wp-content\/uploads\/2025\/05\/20P\u7279\u70b9-6-150x150.jpg 150w, https:\/\/hightopgroup.com\/wp-content\/uploads\/2025\/05\/20P\u7279\u70b9-6-768x768.jpg 768w, https:\/\/hightopgroup.com\/wp-content\/uploads\/2025\/05\/20P\u7279\u70b9-6-600x600.jpg 600w\" sizes=\"auto, (max-width: 800px) 100vw, 800px\" title=\"HT20Pro 2ton Mini Excavator 6\"><\/div>\n<\/div>\n<div class=\"elementor-element elementor-element-ff7b179 elementor-widget elementor-widget-heading\" data-id=\"ff7b179\" data-element_type=\"widget\" data-widget_type=\"heading.default\">\n<div class=\"elementor-widget-container\">\n<h2 class=\"elementor-heading-title elementor-size-default\">Vitesse \u00e9lev\u00e9e et faible<\/h2>\n<\/div>\n<\/div>\n<div class=\"elementor-element elementor-element-2c6cde4 elementor-widget elementor-widget-text-editor\" data-id=\"2c6cde4\" data-element_type=\"widget\" data-widget_type=\"text-editor.default\">\n<div class=\"elementor-widget-container\">\n<p>Faible vitesse : convient aux terrains complexes et aux man\u0153uvres d\u00e9licates : Optimise l'efficacit\u00e9 des d\u00e9placements sur de longues distances.<\/p>\n<\/div>\n<\/div>\n<\/div>\n<p>&nbsp;<\/p>\n<p>Param\u00e8tres<\/p>\n<div class=\"elementor-element elementor-element-de5a9f0 e-con-full e-flex e-con e-child\" data-id=\"de5a9f0\" data-element_type=\"container\">\n<div class=\"elementor-element elementor-element-e52e0c9 elementor-widget elementor-widget-text-editor\" data-id=\"e52e0c9\" data-element_type=\"widget\" data-widget_type=\"text-editor.default\">\n<div class=\"elementor-widget-container\">\n<p>Mod\u00e8le:HT20Pro<\/p>\n<p>Longueur de transport : 2650 mm<\/p>\n<p>Largeur totale : 970~1270mm<\/p>\n<p>Largeur sup\u00e9rieure : 1055 mm<\/p>\n<p>Hauteur totale (toit de la cabine) :2350mm<\/p>\n<p>Largeur standard de la plaque de roulement : 200 mm<\/p>\n<p>\u00c9cartement des rails : 770~1070mm<\/p>\n<p>Hauteur de la pelle au-dessus du sol : 290 mm<\/p>\n<p>Profondeur d'excavation du bulldozer : 285 mm<\/p>\n<p>Rayon de braquage de la queue : 980 mm<\/p>\n<p>Longueur de la piste : 1200mm<\/p>\n<p>Longueur de la voie : 1520 mm<\/p>\n<p>Moteur:kubota\/Laidong<\/p>\n<p>Hauteur de creusement maximale : 2875 mm<\/p>\n<p>Hauteur maximale de d\u00e9chargement : 1930 mm<\/p>\n<p>Profondeur de fouille maximale :1995mm<\/p>\n<p>Distance de creusement maximale : 3130 mm<\/p>\n<p>Rayon de braquage minimum :1670mm<\/p>\n<p>Hauteur maximale au minimum : 2285 mm<\/p>\n<p>rayon de braquage<\/p>\n<p>Qualit\u00e9 de travail : 1470kg<\/p>\n<p>Capacit\u00e9 du godet : 0,025m3<\/p>\n<p>Forme de l'engin de travail : pelleteuse<\/p>\n<p>Capacit\u00e9 d'escalade : 30\u00b0.<\/p>\n<p>Vanne principale:Tengfei<\/p>\n<\/div>\n<\/div>\n<\/div>\n<div class=\"elementor-element elementor-element-3fbb200 e-con-full e-flex e-con e-child\" data-id=\"3fbb200\" data-element_type=\"container\">\n<div class=\"elementor-element elementor-element-9b29a08 elementor-widget elementor-widget-image\" data-id=\"9b29a08\" data-element_type=\"widget\" data-widget_type=\"image.default\">\n<div class=\"elementor-widget-container\"> <img loading=\"lazy\" decoding=\"async\" width=\"677\" height=\"1024\" src=\"https:\/\/hightopgroup.com\/wp-content\/uploads\/2025\/05\/20Pro\u53c2\u65702-677x1024.jpg\" class=\"attachment-large size-large wp-image-4074\" alt=\"20Pro\u53c2\u65702\" srcset=\"https:\/\/hightopgroup.com\/wp-content\/uploads\/2025\/05\/20Pro\u53c2\u65702-677x1024.jpg 677w, https:\/\/hightopgroup.com\/wp-content\/uploads\/2025\/05\/20Pro\u53c2\u65702-198x300.jpg 198w, https:\/\/hightopgroup.com\/wp-content\/uploads\/2025\/05\/20Pro\u53c2\u65702-768x1162.jpg 768w, https:\/\/hightopgroup.com\/wp-content\/uploads\/2025\/05\/20Pro\u53c2\u65702-600x908.jpg 600w, https:\/\/hightopgroup.com\/wp-content\/uploads\/2025\/05\/20Pro\u53c2\u65702.jpg 1000w\" sizes=\"auto, (max-width: 677px) 100vw, 677px\" title=\"HT20Pro 2ton Mini Excavator 7\"><\/div>\n<\/div>\n<\/div>","protected":false},"excerpt":{"rendered":"<p>Vue d'ensemble Rentabilit\u00e9 \u00e9lev\u00e9e : En tant qu'usine autonome situ\u00e9e dans la base chinoise de fabrication d'engins de construction, nous sommes en mesure de produire les produits suivants<\/p>","protected":false},"featured_media":16727,"template":"","meta":{"rank_math_lock_modified_date":false},"product_brand":[],"product_cat":[21],"product_tag":[],"class_list":{"0":"post-16725","1":"product","2":"type-product","3":"status-publish","4":"has-post-thumbnail","6":"product_cat-mini-excavator","8":"first","9":"instock","10":"product-type-simple"},"_links":{"self":[{"href":"https:\/\/beleevo.prowebplanners.com\/fr\/wp-json\/wp\/v2\/product\/16725","targetHints":{"allow":["GET"]}}],"collection":[{"href":"https:\/\/beleevo.prowebplanners.com\/fr\/wp-json\/wp\/v2\/product"}],"about":[{"href":"https:\/\/beleevo.prowebplanners.com\/fr\/wp-json\/wp\/v2\/types\/product"}],"version-history":[{"count":1,"href":"https:\/\/beleevo.prowebplanners.com\/fr\/wp-json\/wp\/v2\/product\/16725\/revisions"}],"predecessor-version":[{"id":16726,"href":"https:\/\/beleevo.prowebplanners.com\/fr\/wp-json\/wp\/v2\/product\/16725\/revisions\/16726"}],"wp:featuredmedia":[{"embeddable":true,"href":"https:\/\/beleevo.prowebplanners.com\/fr\/wp-json\/wp\/v2\/media\/16727"}],"wp:attachment":[{"href":"https:\/\/beleevo.prowebplanners.com\/fr\/wp-json\/wp\/v2\/media?parent=16725"}],"wp:term":[{"taxonomy":"product_brand","embeddable":true,"href":"https:\/\/beleevo.prowebplanners.com\/fr\/wp-json\/wp\/v2\/product_brand?post=16725"},{"taxonomy":"product_cat","embeddable":true,"href":"https:\/\/beleevo.prowebplanners.com\/fr\/wp-json\/wp\/v2\/product_cat?post=16725"},{"taxonomy":"product_tag","embeddable":true,"href":"https:\/\/beleevo.prowebplanners.com\/fr\/wp-json\/wp\/v2\/product_tag?post=16725"}],"curies":[{"name":"wp","href":"https:\/\/api.w.org\/{rel}","templated":true}]}}