{"id":16700,"date":"2025-07-23T13:28:13","date_gmt":"2025-07-23T13:28:13","guid":{"rendered":"https:\/\/beleevo.prowebplanners.com\/produit\/ht18-3-1-8ton-mini-excavator\/"},"modified":"2025-07-23T13:31:21","modified_gmt":"2025-07-23T13:31:21","slug":"ht18-3-1-8ton-mini-excavator","status":"publish","type":"product","link":"https:\/\/beleevo.prowebplanners.com\/fr\/produit\/ht18-3-1-8ton-mini-excavator\/","title":{"rendered":"HT18-3 1.8ton Mini Excavator"},"content":{"rendered":"<p>Vue d'ensemble<\/p>\n<div class=\"elementor-element elementor-element-3d00484 elementor-widget__width-initial elementor-widget elementor-widget-text-editor\" data-id=\"3d00484\" data-element_type=\"widget\" data-widget_type=\"text-editor.default\">\n<div class=\"elementor-widget-container\">\n<ol>\n<li>Un rapport co\u00fbt-efficacit\u00e9 \u00e9lev\u00e9 : En tant qu'usine autonome situ\u00e9e dans la base chinoise de fabrication d'engins de chantier, nous sommes en mesure de fabriquer des produits \u00e0 des co\u00fbts inf\u00e9rieurs, notamment en termes de main-d'\u0153uvre et de mati\u00e8res premi\u00e8res, et de fournir \u00e0 nos clients des produits d'un excellent rapport co\u00fbt-efficacit\u00e9.<\/li>\n<li>Approvisionnement \u00e0 guichet unique : En tant qu'usine autonome, nous proposons une large gamme de produits, couvrant les machines de construction compactes, ce qui permet aux clients de se procurer tout l'\u00e9quipement n\u00e9cessaire en un seul endroit.<\/li>\n<li>Qualit\u00e9 et performances professionnelles : Avec des ann\u00e9es d'exp\u00e9rience dans la production, nos produits ont obtenu les certifications CE, SGS, TUV et ISO, offrant une qualit\u00e9 et des performances de niveau professionnel pour les petits projets de construction.<\/li>\n<li>Capacit\u00e9 de livraison rapide : Nous nous engageons \u00e0 effectuer la livraison dans un d\u00e9lai d'une semaine apr\u00e8s la confirmation de la commande, afin de garantir que votre projet se d\u00e9roule comme pr\u00e9vu et de minimiser les temps d'arr\u00eat inutiles.<\/li>\n<li>Service apr\u00e8s-vente complet : Notre \u00e9quipe professionnelle de vente et de maintenance propose des services de consultation et d'assistance apr\u00e8s-vente, dans le but de maximiser les performances des \u00e9quipements, d'assurer une ex\u00e9cution sans heurts des projets et de fournir une assistance technique tout au long de la vie.<\/li>\n<\/ol>\n<\/div>\n<\/div>\n<div class=\"elementor-element elementor-element-eec99f5 elementor-widget__width-initial elementor-widget elementor-widget-video\" data-id=\"eec99f5\" data-element_type=\"widget\" data-settings=\"{&quot;youtube_url&quot;:&quot;https:\/\/youtu.be\/e65TEUyDEh4&quot;,&quot;show_image_overlay&quot;:&quot;yes&quot;,&quot;image_overlay&quot;:{&quot;url&quot;:&quot;https:\/\/hightopgroup.com\/wp-content\/uploads\/2024\/08\/HT18-2.jpg&quot;,&quot;id&quot;:1969,&quot;size&quot;:&quot;&quot;,&quot;alt&quot;:&quot;&quot;,&quot;source&quot;:&quot;library&quot;},&quot;video_type&quot;:&quot;youtube&quot;,&quot;controls&quot;:&quot;yes&quot;}\" data-widget_type=\"video.default\">\n<div class=\"elementor-widget-container\">\n<div class=\"elementor-wrapper elementor-open-inline\">\n<div class=\"elementor-video\"><\/div>\n<div class=\"elementor-custom-embed-image-overlay\" style=\"background-image: url(https:\/\/hightopgroup.com\/wp-content\/uploads\/2024\/08\/HT18-2.jpg);\">\n<div class=\"elementor-custom-embed-play\" role=\"button\" aria-label=\"Lire la vid\u00e9o\" tabindex=\"0\"> <svg aria-hidden=\"true\" class=\"e-font-icon-svg e-eicon-play\" viewbox=\"0 0 1000 1000\"><path d=\"M838 162C746 71 633 25 500 25 371 25 258 71 163 162 71 254 25 367 25 500 25 633 71 746 163 837 254 929 367 979 500 979 633 979 746 933 838 837 929 746 975 633 975 500 975 367 929 254 838 162M808 192C892 279 933 379 933 500 933 621 892 725 808 808 725 892 621 938 500 938 379 938 279 896 196 808 113 725 67 621 67 500 67 379 108 279 196 192 279 108 383 62 500 62 621 62 721 108 808 192M438 392V642L642 517 438 392Z\" \/><\/svg><\/div>\n<\/div>\n<\/div>\n<\/div>\n<\/div>\n<p>&nbsp;<\/p>\n<p>Caract\u00e9ristiques et avantages<\/p>\n<div class=\"elementor-element elementor-element-138b23e e-con-full e-flex e-con e-child\" data-id=\"138b23e\" data-element_type=\"container\">\n<div class=\"elementor-element elementor-element-dc31022 elementor-widget elementor-widget-image\" data-id=\"dc31022\" data-element_type=\"widget\" data-widget_type=\"image.default\">\n<div class=\"elementor-widget-container\"> <img fetchpriority=\"high\" decoding=\"async\" width=\"800\" height=\"800\" src=\"https:\/\/hightopgroup.com\/wp-content\/uploads\/2024\/08\/HT18-5.jpg\" class=\"attachment-large size-large wp-image-1977\" alt=\"HT18 5\" srcset=\"https:\/\/hightopgroup.com\/wp-content\/uploads\/2024\/08\/HT18-5.jpg 1000w, https:\/\/hightopgroup.com\/wp-content\/uploads\/2024\/08\/HT18-5-300x300.jpg 300w, https:\/\/hightopgroup.com\/wp-content\/uploads\/2024\/08\/HT18-5-150x150.jpg 150w, https:\/\/hightopgroup.com\/wp-content\/uploads\/2024\/08\/HT18-5-768x768.jpg 768w, https:\/\/hightopgroup.com\/wp-content\/uploads\/2024\/08\/HT18-5-600x600.jpg 600w\" sizes=\"(max-width: 800px) 100vw, 800px\" title=\"HT18-3 1.8ton Mini Excavator 1\"><\/div>\n<\/div>\n<div class=\"elementor-element elementor-element-7fcb316 elementor-widget elementor-widget-heading\" data-id=\"7fcb316\" data-element_type=\"widget\" data-widget_type=\"heading.default\">\n<div class=\"elementor-widget-container\">\n<h2 class=\"elementor-heading-title elementor-size-default\">KOOP ou Kubota Efficient Engine<\/h2>\n<\/div>\n<\/div>\n<div class=\"elementor-element elementor-element-1aa33d7 elementor-widget elementor-widget-text-editor\" data-id=\"1aa33d7\" data-element_type=\"widget\" data-widget_type=\"text-editor.default\">\n<div class=\"elementor-widget-container\">\n<p>La mini-pelle HT18 a choisi le moteur KOOP 292, d'une puissance allant jusqu'\u00e0 14KW, qui permet de travailler avec force et d'\u00e9conomiser du carburant, avec une distribution uniforme de la chaleur.<\/p>\n<p>Dur\u00e9e de vie plus longue : Par rapport aux moteurs ordinaires, celui-ci a une dur\u00e9e de vie beaucoup plus longue, ce qui garantit des performances accrues.<\/p>\n<p><\/p>\n<\/div>\n<\/div>\n<\/div>\n<div class=\"elementor-element elementor-element-b74d99a e-con-full e-flex e-con e-child\" data-id=\"b74d99a\" data-element_type=\"container\">\n<div class=\"elementor-element elementor-element-d474faf elementor-widget elementor-widget-image\" data-id=\"d474faf\" data-element_type=\"widget\" data-widget_type=\"image.default\">\n<div class=\"elementor-widget-container\"> <img decoding=\"async\" width=\"800\" height=\"800\" src=\"https:\/\/hightopgroup.com\/wp-content\/uploads\/2024\/08\/HT18-6.jpg\" class=\"attachment-large size-large wp-image-1978\" alt=\"HT18 6\" srcset=\"https:\/\/hightopgroup.com\/wp-content\/uploads\/2024\/08\/HT18-6.jpg 1000w, https:\/\/hightopgroup.com\/wp-content\/uploads\/2024\/08\/HT18-6-300x300.jpg 300w, https:\/\/hightopgroup.com\/wp-content\/uploads\/2024\/08\/HT18-6-150x150.jpg 150w, https:\/\/hightopgroup.com\/wp-content\/uploads\/2024\/08\/HT18-6-768x768.jpg 768w, https:\/\/hightopgroup.com\/wp-content\/uploads\/2024\/08\/HT18-6-600x600.jpg 600w\" sizes=\"(max-width: 800px) 100vw, 800px\" title=\"HT18-3 1.8ton Mini Excavator 2\"><\/div>\n<\/div>\n<div class=\"elementor-element elementor-element-97e9dde elementor-widget elementor-widget-heading\" data-id=\"97e9dde\" data-element_type=\"widget\" data-widget_type=\"heading.default\">\n<div class=\"elementor-widget-container\">\n<h2 class=\"elementor-heading-title elementor-size-default\">Un syst\u00e8me hydraulique parfaitement adapt\u00e9<\/h2>\n<\/div>\n<\/div>\n<div class=\"elementor-element elementor-element-2c77c6d elementor-widget elementor-widget-text-editor\" data-id=\"2c77c6d\" data-element_type=\"widget\" data-widget_type=\"text-editor.default\">\n<div class=\"elementor-widget-container\">\n<p>Cette mini-pelle robuste est \u00e9quip\u00e9e d'un syst\u00e8me hydraulique en quatre parties qui vous aide \u00e0 man\u0153uvrer la machine avec facilit\u00e9 et simplicit\u00e9, et le tuyau d'huile hydraulique est en position fixe pour \u00e9viter de le toucher pendant la construction.Fonction en option : fl\u00e8che pivotante, chenille r\u00e9tractable, cabine ferm\u00e9e.<\/p>\n<\/div>\n<\/div>\n<\/div>\n<div class=\"elementor-element elementor-element-7aad0d8 e-con-full e-flex e-con e-child\" data-id=\"7aad0d8\" data-element_type=\"container\">\n<div class=\"elementor-element elementor-element-fbca415 elementor-widget elementor-widget-image\" data-id=\"fbca415\" data-element_type=\"widget\" data-widget_type=\"image.default\">\n<div class=\"elementor-widget-container\"> <img decoding=\"async\" width=\"800\" height=\"800\" src=\"https:\/\/hightopgroup.com\/wp-content\/uploads\/2024\/08\/HT18-3.jpg\" class=\"attachment-large size-large wp-image-1976\" alt=\"HT18 3\" srcset=\"https:\/\/hightopgroup.com\/wp-content\/uploads\/2024\/08\/HT18-3.jpg 1000w, https:\/\/hightopgroup.com\/wp-content\/uploads\/2024\/08\/HT18-3-300x300.jpg 300w, https:\/\/hightopgroup.com\/wp-content\/uploads\/2024\/08\/HT18-3-150x150.jpg 150w, https:\/\/hightopgroup.com\/wp-content\/uploads\/2024\/08\/HT18-3-768x768.jpg 768w, https:\/\/hightopgroup.com\/wp-content\/uploads\/2024\/08\/HT18-3-600x600.jpg 600w\" sizes=\"(max-width: 800px) 100vw, 800px\" title=\"HT18-3 1.8ton Mini Excavator 3\"><\/div>\n<\/div>\n<div class=\"elementor-element elementor-element-1a03bb3 elementor-widget elementor-widget-heading\" data-id=\"1a03bb3\" data-element_type=\"widget\" data-widget_type=\"heading.default\">\n<div class=\"elementor-widget-container\">\n<h2 class=\"elementor-heading-title elementor-size-default\">Plusieurs pi\u00e8ces jointes disponibles<\/h2>\n<\/div>\n<\/div>\n<div class=\"elementor-element elementor-element-cb9ac85 elementor-widget elementor-widget-text-editor\" data-id=\"cb9ac85\" data-element_type=\"widget\" data-widget_type=\"text-editor.default\">\n<div class=\"elementor-widget-container\">\n<p>Cette mini-pelle de 1 tonne peut \u00eatre install\u00e9e avec une attache rapide hydraulique\u3001un godet \u00e9troit\u3001un marteau\u3001une jauge\u3001un godet \u00e0 bascule\u3001un ripper\u3001un frein\u3001un grappin rotatif\u3001une cisaille \u00e0 arbres et une tondeuse \u00e0 gazon.<\/p>\n<p>Qu'il vous suffise d'acheter une pelleteuse pour effectuer toutes sortes de travaux.<\/p>\n<\/div>\n<\/div>\n<\/div>\n<div class=\"elementor-element elementor-element-c6bb502 e-con-full e-flex e-con e-child\" data-id=\"c6bb502\" data-element_type=\"container\">\n<div class=\"elementor-element elementor-element-a654cb5 elementor-widget elementor-widget-image\" data-id=\"a654cb5\" data-element_type=\"widget\" data-widget_type=\"image.default\">\n<div class=\"elementor-widget-container\"> <img loading=\"lazy\" decoding=\"async\" width=\"800\" height=\"800\" src=\"https:\/\/hightopgroup.com\/wp-content\/uploads\/2024\/08\/HT18-9.jpg\" class=\"attachment-large size-large wp-image-1980\" alt=\"HT18 9\" srcset=\"https:\/\/hightopgroup.com\/wp-content\/uploads\/2024\/08\/HT18-9.jpg 1000w, https:\/\/hightopgroup.com\/wp-content\/uploads\/2024\/08\/HT18-9-300x300.jpg 300w, https:\/\/hightopgroup.com\/wp-content\/uploads\/2024\/08\/HT18-9-150x150.jpg 150w, https:\/\/hightopgroup.com\/wp-content\/uploads\/2024\/08\/HT18-9-768x768.jpg 768w, https:\/\/hightopgroup.com\/wp-content\/uploads\/2024\/08\/HT18-9-600x600.jpg 600w\" sizes=\"auto, (max-width: 800px) 100vw, 800px\" title=\"HT18-3 1.8ton Mini Excavator 4\"><\/div>\n<\/div>\n<div class=\"elementor-element elementor-element-84b165c elementor-widget elementor-widget-heading\" data-id=\"84b165c\" data-element_type=\"widget\" data-widget_type=\"heading.default\">\n<div class=\"elementor-widget-container\">\n<h2 class=\"elementor-heading-title elementor-size-default\">Console d'exploitation portable<\/h2>\n<\/div>\n<\/div>\n<div class=\"elementor-element elementor-element-9db03b7 elementor-widget elementor-widget-text-editor\" data-id=\"9db03b7\" data-element_type=\"widget\" data-widget_type=\"text-editor.default\">\n<div class=\"elementor-widget-container\">\n<p>Cette mini-pelle HT18 l\u00e9g\u00e8re de Hightop est con\u00e7ue pour fonctionner dans des endroits restreints tels que les arri\u00e8re-cours, les jardins, les all\u00e9es et les voies d'acc\u00e8s \u00e9troites gr\u00e2ce \u00e0 sa conception compacte, son poids de 1800 kg et sa profondeur de fouille maximale de 2060 mm, facile \u00e0 utiliser.<\/p>\n<\/div>\n<\/div>\n<\/div>\n<div class=\"elementor-element elementor-element-b2de1b5 e-con-full e-flex e-con e-child\" data-id=\"b2de1b5\" data-element_type=\"container\">\n<div class=\"elementor-element elementor-element-eec0d58 elementor-widget elementor-widget-image\" data-id=\"eec0d58\" data-element_type=\"widget\" data-widget_type=\"image.default\">\n<div class=\"elementor-widget-container\"> <img loading=\"lazy\" decoding=\"async\" width=\"800\" height=\"800\" src=\"https:\/\/hightopgroup.com\/wp-content\/uploads\/2024\/08\/HT18-7.jpg\" class=\"attachment-large size-large wp-image-1979\" alt=\"HT18 7\" srcset=\"https:\/\/hightopgroup.com\/wp-content\/uploads\/2024\/08\/HT18-7.jpg 1000w, https:\/\/hightopgroup.com\/wp-content\/uploads\/2024\/08\/HT18-7-300x300.jpg 300w, https:\/\/hightopgroup.com\/wp-content\/uploads\/2024\/08\/HT18-7-150x150.jpg 150w, https:\/\/hightopgroup.com\/wp-content\/uploads\/2024\/08\/HT18-7-768x768.jpg 768w, https:\/\/hightopgroup.com\/wp-content\/uploads\/2024\/08\/HT18-7-600x600.jpg 600w\" sizes=\"auto, (max-width: 800px) 100vw, 800px\" title=\"HT18-3 1.8ton Mini Excavator 5\"><\/div>\n<\/div>\n<div class=\"elementor-element elementor-element-cb9c692 elementor-widget elementor-widget-heading\" data-id=\"cb9c692\" data-element_type=\"widget\" data-widget_type=\"heading.default\">\n<div class=\"elementor-widget-container\">\n<h2 class=\"elementor-heading-title elementor-size-default\">Fl\u00e8che pivotante<\/h2>\n<\/div>\n<\/div>\n<div class=\"elementor-element elementor-element-4da304d elementor-widget elementor-widget-text-editor\" data-id=\"4da304d\" data-element_type=\"widget\" data-widget_type=\"text-editor.default\">\n<div class=\"elementor-widget-container\">\n<p>La fl\u00e8che peut \u00eatre d\u00e9vi\u00e9e de 60 degr\u00e9s en tournant \u00e0 gauche et \u00e0 droite, ce qui rend le travail plus flexible.<\/p>\n<\/div>\n<\/div>\n<\/div>\n<div class=\"elementor-element elementor-element-c218b52 e-con-full e-flex e-con e-child\" data-id=\"c218b52\" data-element_type=\"container\">\n<div class=\"elementor-element elementor-element-f6c1e7c elementor-widget elementor-widget-image\" data-id=\"f6c1e7c\" data-element_type=\"widget\" data-widget_type=\"image.default\">\n<div class=\"elementor-widget-container\"> <img loading=\"lazy\" decoding=\"async\" width=\"800\" height=\"800\" src=\"https:\/\/hightopgroup.com\/wp-content\/uploads\/2024\/08\/HT18-10.jpg\" class=\"attachment-large size-large wp-image-1981\" alt=\"HT18 10\" srcset=\"https:\/\/hightopgroup.com\/wp-content\/uploads\/2024\/08\/HT18-10.jpg 1000w, https:\/\/hightopgroup.com\/wp-content\/uploads\/2024\/08\/HT18-10-300x300.jpg 300w, https:\/\/hightopgroup.com\/wp-content\/uploads\/2024\/08\/HT18-10-150x150.jpg 150w, https:\/\/hightopgroup.com\/wp-content\/uploads\/2024\/08\/HT18-10-768x768.jpg 768w, https:\/\/hightopgroup.com\/wp-content\/uploads\/2024\/08\/HT18-10-600x600.jpg 600w\" sizes=\"auto, (max-width: 800px) 100vw, 800px\" title=\"HT18-3 1.8ton Mini Excavator 6\"><\/div>\n<\/div>\n<div class=\"elementor-element elementor-element-ff7b179 elementor-widget elementor-widget-heading\" data-id=\"ff7b179\" data-element_type=\"widget\" data-widget_type=\"heading.default\">\n<div class=\"elementor-widget-container\">\n<h2 class=\"elementor-heading-title elementor-size-default\">Chenilles en caoutchouc\uff0cToutes avec vidange d'huile<\/h2>\n<\/div>\n<\/div>\n<div class=\"elementor-element elementor-element-2c6cde4 elementor-widget elementor-widget-text-editor\" data-id=\"2c6cde4\" data-element_type=\"widget\" data-widget_type=\"text-editor.default\">\n<div class=\"elementor-widget-container\">\n<p>Transmission par engrenage, forte adh\u00e9rence, chenilles t\u00e9lescopiques en option.<br \/>Tous les moteurs de translation et d'oscillation sont \u00e9quip\u00e9s d'un tuyau de vidange d'huile.<\/p>\n<\/div>\n<\/div>\n<\/div>\n<p>&nbsp;<\/p>\n<p>Param\u00e8tres<\/p>\n<div class=\"elementor-element elementor-element-de5a9f0 e-con-full e-flex e-con e-child\" data-id=\"de5a9f0\" data-element_type=\"container\">\n<div class=\"elementor-element elementor-element-e52e0c9 elementor-widget elementor-widget-text-editor\" data-id=\"e52e0c9\" data-element_type=\"widget\" data-widget_type=\"text-editor.default\">\n<div class=\"elementor-widget-container\">\n<table style=\"height: 260px; width: 100%;\" width=\"100%\">\n<tbody>\n<tr style=\"height: 16.80pt;\">\n<td class=\"et2\" style=\"text-align: left; vertical-align: middle; width: 60%; height: 10px;\" height=\"16\">Mod\u00e8le<\/td>\n<td class=\"et2\" style=\"width: 117.773px; height: 10px;\">HT18-3<\/td>\n<\/tr>\n<tr style=\"height: 16.80pt;\">\n<td class=\"et2\" style=\"width: 60%; height: 10px; text-align: left; vertical-align: middle;\" height=\"16\">Longueur totale A<\/td>\n<td class=\"et2\" style=\"width: 117.773px; height: 10px;\">4325\/1655mm<\/td>\n<\/tr>\n<tr style=\"height: 16.80pt;\">\n<td class=\"et3\" style=\"width: 60%; height: 10px; text-align: left; vertical-align: middle;\" height=\"16\">Largeur totale<\/td>\n<td class=\"et3\" style=\"width: 117.773px; height: 10px;\">1100mm<\/td>\n<\/tr>\n<tr style=\"height: 16.80pt;\">\n<td class=\"et3\" style=\"width: 60%; height: 10px; text-align: left; vertical-align: middle;\" height=\"16\">Largeur sup\u00e9rieure<\/td>\n<td class=\"et3\" style=\"width: 117.773px; height: 10px;\">990mm<\/td>\n<\/tr>\n<tr style=\"height: 16.80pt;\">\n<td class=\"et3\" style=\"width: 60%; height: 10px; text-align: left; vertical-align: middle;\" height=\"16\">Hauteur totale<\/td>\n<td class=\"et3\" style=\"width: 117.773px; height: 10px;\">2272mm<\/td>\n<\/tr>\n<tr style=\"height: 16.80pt;\">\n<td class=\"et3\" style=\"width: 60%; height: 10px; text-align: left; vertical-align: middle;\" height=\"16\">Largeur de voie standard<\/td>\n<td class=\"et3\" style=\"width: 117.773px; height: 10px;\">180 mm<\/td>\n<\/tr>\n<tr style=\"height: 16.80pt;\">\n<td class=\"et3\" style=\"width: 60%; height: 10px; text-align: left; vertical-align: middle;\" height=\"16\">\u00c9cartement des voies<\/td>\n<td class=\"et3\" style=\"width: 117.773px; height: 10px;\">920mm<\/td>\n<\/tr>\n<tr style=\"height: 16.80pt;\">\n<td class=\"et3\" style=\"width: 60%; height: 10px; text-align: left; vertical-align: middle;\" height=\"16\">Garde au sol minimale<\/td>\n<td class=\"et3\" style=\"width: 117.773px; height: 10px;\">119 mm<\/td>\n<\/tr>\n<tr style=\"height: 16.80pt;\">\n<td class=\"et3\" style=\"width: 60%; height: 10px; text-align: left; vertical-align: middle;\" height=\"16\">Rayon de braquage de la queue<\/td>\n<td class=\"et3\" style=\"width: 117.773px; height: 10px;\">790 mm<\/td>\n<\/tr>\n<tr style=\"height: 16.80pt;\">\n<td class=\"et3\" style=\"width: 60%; height: 10px; text-align: left; vertical-align: middle;\" height=\"16\">Longueur du sol de la voie<\/td>\n<td class=\"et3\" style=\"width: 117.773px; height: 10px;\">1050mm<\/td>\n<\/tr>\n<tr style=\"height: 16.80pt;\">\n<td class=\"et3\" style=\"width: 60%; height: 10px; text-align: left; vertical-align: middle;\" height=\"16\">Longueur de la voie<\/td>\n<td class=\"et3\" style=\"width: 117.773px; height: 10px;\">1545mm<\/td>\n<\/tr>\n<tr style=\"height: 16.80pt;\">\n<td class=\"et3\" style=\"width: 60%; height: 10px; text-align: left; vertical-align: middle;\" height=\"16\">Hauteur de fouille maximale<\/td>\n<td class=\"et3\" style=\"width: 117.773px; height: 10px;\">2580mm<\/td>\n<\/tr>\n<tr style=\"height: 16.80pt;\">\n<td class=\"et3\" style=\"width: 60%; height: 10px; text-align: left; vertical-align: middle;\" height=\"16\">Hauteur de d\u00e9chargement maximale<\/td>\n<td class=\"et3\" style=\"width: 117.773px; height: 10px;\">1637mm<\/td>\n<\/tr>\n<tr style=\"height: 16.80pt;\">\n<td class=\"et3\" style=\"width: 60%; height: 10px; text-align: left; vertical-align: middle;\" height=\"16\">Profondeur de fouille maximale<\/td>\n<td class=\"et3\" style=\"width: 117.773px; height: 10px;\">2060mm<\/td>\n<\/tr>\n<tr style=\"height: 16.80pt;\">\n<td class=\"et3\" style=\"width: 60%; height: 10px; text-align: left; vertical-align: middle;\" height=\"16\">Distance de creusement maximale<\/td>\n<td class=\"et3\" style=\"width: 117.773px; height: 10px;\">3160mm<\/td>\n<\/tr>\n<tr style=\"height: 16.80pt;\">\n<td class=\"et3\" style=\"width: 60%; height: 10px; text-align: left; vertical-align: middle;\" height=\"16\">Rayon de braquage minimal<\/td>\n<td class=\"et3\" style=\"width: 117.773px; height: 10px;\">1711mm<\/td>\n<\/tr>\n<tr style=\"height: 16.80pt;\">\n<td class=\"et3\" style=\"width: 60%; height: 10px; text-align: left; vertical-align: middle;\" height=\"16\">Hauteur maximale au rayon de braquage minimal<\/td>\n<td class=\"et3\" style=\"width: 117.773px; height: 10px;\">2048mm<\/td>\n<\/tr>\n<tr style=\"height: 16.80pt;\">\n<td class=\"et3\" style=\"width: 60%; height: 10px; text-align: left; vertical-align: middle;\" height=\"16\">Angle de pivotement du bras (gauche)<\/td>\n<td class=\"et3\" style=\"width: 117.773px; height: 10px;\">75\u00b0<\/td>\n<\/tr>\n<tr style=\"height: 16.80pt;\">\n<td class=\"et3\" style=\"width: 60%; height: 10px; text-align: left; vertical-align: middle;\" height=\"16\">Angle de pivotement de la fl\u00e8che (\u00e0 droite)<\/td>\n<td class=\"et3\" style=\"width: 117.773px; height: 10px;\">45\u00b0<\/td>\n<\/tr>\n<tr style=\"height: 16.80pt;\">\n<td class=\"et3\" style=\"width: 60%; height: 10px; text-align: left; vertical-align: middle;\" height=\"16\">Poids en ordre de marche<\/td>\n<td class=\"et3\" style=\"width: 117.773px; height: 10px;\">1800KG<\/td>\n<\/tr>\n<tr style=\"height: 16.80pt;\">\n<td class=\"et3\" style=\"width: 60%; height: 10px; text-align: left; vertical-align: middle;\" height=\"16\">Capacit\u00e9 du godet<\/td>\n<td class=\"et3\" style=\"width: 117.773px; height: 10px;\">0.03m\u00b3<\/td>\n<\/tr>\n<tr style=\"height: 16.80pt;\">\n<td class=\"et3\" style=\"width: 60%; height: 10px; text-align: left; vertical-align: middle;\" height=\"16\">Puissance<\/td>\n<td class=\"et3\" style=\"width: 117.773px; height: 10px;\">10,2KW\/14KW<\/td>\n<\/tr>\n<tr style=\"height: 16.80pt;\">\n<td class=\"et3\" style=\"width: 60%; height: 10px; text-align: left; vertical-align: middle;\" height=\"16\">Vitesse d'oscillation<\/td>\n<td class=\"et3\" style=\"width: 117.773px; height: 10px;\">12RMP<\/td>\n<\/tr>\n<tr style=\"height: 16.80pt;\">\n<td class=\"et3\" style=\"width: 60%; height: 10px; text-align: left; vertical-align: middle;\" height=\"16\">Aptitude au classement<\/td>\n<td class=\"et3\" style=\"width: 117.773px; height: 10px;\">30<\/td>\n<\/tr>\n<tr style=\"height: 16.80pt;\">\n<td class=\"et3\" style=\"width: 60%; height: 10px; text-align: left; vertical-align: middle;\" height=\"16\">Moteur<\/td>\n<td class=\"et3\" style=\"width: 117.773px; height: 10px;\">KUBOTA D722:KOOP 292<\/td>\n<\/tr>\n<tr style=\"height: 16.80pt;\">\n<td class=\"et3\" style=\"width: 60%; height: 10px; text-align: left; vertical-align: middle;\" height=\"16\">Vanne principale<\/td>\n<td class=\"et3\" style=\"width: 117.773px; height: 10px;\">BEIFANG<\/td>\n<\/tr>\n<\/tbody>\n<\/table>\n<\/div>\n<\/div>\n<\/div>\n<div class=\"elementor-element elementor-element-3fbb200 e-con-full e-flex e-con e-child\" data-id=\"3fbb200\" data-element_type=\"container\">\n<div class=\"elementor-element elementor-element-9b29a08 elementor-widget elementor-widget-image\" data-id=\"9b29a08\" data-element_type=\"widget\" data-widget_type=\"image.default\">\n<div class=\"elementor-widget-container\"> <img loading=\"lazy\" decoding=\"async\" width=\"800\" height=\"800\" src=\"https:\/\/hightopgroup.com\/wp-content\/uploads\/2024\/08\/HT18-4-1.jpg\" class=\"attachment-large size-large wp-image-2014\" alt=\"HT18 4 1\" srcset=\"https:\/\/hightopgroup.com\/wp-content\/uploads\/2024\/08\/HT18-4-1.jpg 1000w, https:\/\/hightopgroup.com\/wp-content\/uploads\/2024\/08\/HT18-4-1-300x300.jpg 300w, https:\/\/hightopgroup.com\/wp-content\/uploads\/2024\/08\/HT18-4-1-150x150.jpg 150w, https:\/\/hightopgroup.com\/wp-content\/uploads\/2024\/08\/HT18-4-1-768x768.jpg 768w, https:\/\/hightopgroup.com\/wp-content\/uploads\/2024\/08\/HT18-4-1-600x600.jpg 600w\" sizes=\"auto, (max-width: 800px) 100vw, 800px\" title=\"HT18-3 1.8ton Mini Excavator 7\"><\/div>\n<\/div>\n<\/div>","protected":false},"excerpt":{"rendered":"<p>Vue d'ensemble Un rapport co\u00fbt-efficacit\u00e9 \u00e9lev\u00e9 : En tant qu'usine autonome situ\u00e9e dans la base chinoise de fabrication d'engins de chantier, nous sommes en mesure de fabriquer des produits<\/p>","protected":false},"featured_media":16702,"template":"","meta":{"rank_math_lock_modified_date":false},"product_brand":[],"product_cat":[21],"product_tag":[],"class_list":{"0":"post-16700","1":"product","2":"type-product","3":"status-publish","4":"has-post-thumbnail","6":"product_cat-mini-excavator","8":"first","9":"instock","10":"product-type-simple"},"_links":{"self":[{"href":"https:\/\/beleevo.prowebplanners.com\/fr\/wp-json\/wp\/v2\/product\/16700","targetHints":{"allow":["GET"]}}],"collection":[{"href":"https:\/\/beleevo.prowebplanners.com\/fr\/wp-json\/wp\/v2\/product"}],"about":[{"href":"https:\/\/beleevo.prowebplanners.com\/fr\/wp-json\/wp\/v2\/types\/product"}],"version-history":[{"count":1,"href":"https:\/\/beleevo.prowebplanners.com\/fr\/wp-json\/wp\/v2\/product\/16700\/revisions"}],"predecessor-version":[{"id":16701,"href":"https:\/\/beleevo.prowebplanners.com\/fr\/wp-json\/wp\/v2\/product\/16700\/revisions\/16701"}],"wp:featuredmedia":[{"embeddable":true,"href":"https:\/\/beleevo.prowebplanners.com\/fr\/wp-json\/wp\/v2\/media\/16702"}],"wp:attachment":[{"href":"https:\/\/beleevo.prowebplanners.com\/fr\/wp-json\/wp\/v2\/media?parent=16700"}],"wp:term":[{"taxonomy":"product_brand","embeddable":true,"href":"https:\/\/beleevo.prowebplanners.com\/fr\/wp-json\/wp\/v2\/product_brand?post=16700"},{"taxonomy":"product_cat","embeddable":true,"href":"https:\/\/beleevo.prowebplanners.com\/fr\/wp-json\/wp\/v2\/product_cat?post=16700"},{"taxonomy":"product_tag","embeddable":true,"href":"https:\/\/beleevo.prowebplanners.com\/fr\/wp-json\/wp\/v2\/product_tag?post=16700"}],"curies":[{"name":"wp","href":"https:\/\/api.w.org\/{rel}","templated":true}]}}