{"id":16692,"date":"2025-07-23T13:28:13","date_gmt":"2025-07-23T13:28:13","guid":{"rendered":"https:\/\/beleevo.prowebplanners.com\/produit\/ht15pro-1-5t-mini-crawler-excavator\/"},"modified":"2025-07-23T13:31:00","modified_gmt":"2025-07-23T13:31:00","slug":"ht15pro-1-5t-mini-crawler-excavator","status":"publish","type":"product","link":"https:\/\/beleevo.prowebplanners.com\/fr\/produit\/ht15pro-1-5t-mini-crawler-excavator\/","title":{"rendered":"Mini-pelle sur chenilles HT15Pro 1,5T"},"content":{"rendered":"<p>Vue d'ensemble<\/p>\n<div class=\"elementor-element elementor-element-7e95c35 elementor-widget__width-initial elementor-widget elementor-widget-text-editor\" data-id=\"7e95c35\" data-element_type=\"widget\" data-widget_type=\"text-editor.default\">\n<div class=\"elementor-widget-container\">\n<p>Les mini-pelles sur chenilles HIGHTOP se distinguent par leur efficacit\u00e9 sur les petits chantiers, leur facilit\u00e9 de transport et leur maniabilit\u00e9 dans les espaces restreints. Disponibles de 0,8 \u00e0 4 tonnes, elles sont dot\u00e9es d'un ch\u00e2ssis inf\u00e9rieur \u00e0 largeur variable et de lames repliables. Certains mod\u00e8les sont \u00e9quip\u00e9s de cabines \u00e0 temp\u00e9rature contr\u00f4l\u00e9e.<\/p>\n<p>Nous offrons des solutions rentables avec des co\u00fbts de production r\u00e9duits dans notre usine bas\u00e9e en Chine. En tant que guichet unique pour des machines certifi\u00e9es et de haute qualit\u00e9, nos produits comprennent des accessoires durables compatibles avec la plupart des pelles compactes et des chargeuses compactes. Avec plus de 10 entrep\u00f4ts dans le monde, nous assurons une livraison rapide en une semaine et fournissons une assistance exceptionnelle, y compris une garantie d'un an et une assistance technique \u00e0 vie.<\/p>\n<\/div>\n<\/div>\n<div class=\"elementor-element elementor-element-61ab054 elementor-widget__width-initial elementor-widget elementor-widget-video\" data-id=\"61ab054\" data-element_type=\"widget\" data-settings=\"{&quot;youtube_url&quot;:&quot;https:\/\/youtu.be\/sgK8T3ZGZ1M?si=-M5EJ_HrO4TA2rrX&quot;,&quot;show_image_overlay&quot;:&quot;yes&quot;,&quot;image_overlay&quot;:{&quot;url&quot;:&quot;https:\/\/hightopgroup.com\/wp-content\/uploads\/2024\/09\/15prou6316u673au4e3bu56fe-3.jpg&quot;,&quot;id&quot;:2501,&quot;size&quot;:&quot;&quot;,&quot;alt&quot;:&quot;&quot;,&quot;source&quot;:&quot;library&quot;},&quot;video_type&quot;:&quot;youtube&quot;,&quot;controls&quot;:&quot;yes&quot;}\" data-widget_type=\"video.default\">\n<div class=\"elementor-widget-container\">\n<div class=\"elementor-wrapper elementor-open-inline\">\n<div class=\"elementor-video\"><\/div>\n<div class=\"elementor-custom-embed-image-overlay\" style=\"background-image: url(https:\/\/hightopgroup.com\/wp-content\/uploads\/2024\/09\/15pro\u6316\u673a\u4e3b\u56fe-3.jpg);\">\n<div class=\"elementor-custom-embed-play\" role=\"button\" aria-label=\"Lire la vid\u00e9o\" tabindex=\"0\"> <svg aria-hidden=\"true\" class=\"e-font-icon-svg e-eicon-play\" viewbox=\"0 0 1000 1000\"><path d=\"M838 162C746 71 633 25 500 25 371 25 258 71 163 162 71 254 25 367 25 500 25 633 71 746 163 837 254 929 367 979 500 979 633 979 746 933 838 837 929 746 975 633 975 500 975 367 929 254 838 162M808 192C892 279 933 379 933 500 933 621 892 725 808 808 725 892 621 938 500 938 379 938 279 896 196 808 113 725 67 621 67 500 67 379 108 279 196 192 279 108 383 62 500 62 621 62 721 108 808 192M438 392V642L642 517 438 392Z\" \/><\/svg><\/div>\n<\/div>\n<\/div>\n<\/div>\n<\/div>\n<p>&nbsp;<\/p>\n<p>Caract\u00e9ristiques et avantages<\/p>\n<div class=\"elementor-element elementor-element-55b81ed e-con-full e-flex e-con e-child\" data-id=\"55b81ed\" data-element_type=\"container\">\n<div class=\"elementor-element elementor-element-b364077 elementor-widget elementor-widget-image\" data-id=\"b364077\" data-element_type=\"widget\" data-widget_type=\"image.default\">\n<div class=\"elementor-widget-container\"> <img fetchpriority=\"high\" decoding=\"async\" width=\"800\" height=\"800\" src=\"https:\/\/hightopgroup.com\/wp-content\/uploads\/2024\/09\/15pro\u6316\u673a\u7279\u5f81-1.jpg\" class=\"attachment-large size-large wp-image-2506\" alt=\"15pro\u6316\u673a\u7279\u5f81 1\" srcset=\"https:\/\/hightopgroup.com\/wp-content\/uploads\/2024\/09\/15pro\u6316\u673a\u7279\u5f81-1.jpg 1000w, https:\/\/hightopgroup.com\/wp-content\/uploads\/2024\/09\/15pro\u6316\u673a\u7279\u5f81-1-300x300.jpg 300w, https:\/\/hightopgroup.com\/wp-content\/uploads\/2024\/09\/15pro\u6316\u673a\u7279\u5f81-1-150x150.jpg 150w, https:\/\/hightopgroup.com\/wp-content\/uploads\/2024\/09\/15pro\u6316\u673a\u7279\u5f81-1-768x768.jpg 768w, https:\/\/hightopgroup.com\/wp-content\/uploads\/2024\/09\/15pro\u6316\u673a\u7279\u5f81-1-600x600.jpg 600w\" sizes=\"(max-width: 800px) 100vw, 800px\" title=\"HT15Pro 1.5T Mini excavatrice sur chenilles 1\"><\/div>\n<\/div>\n<div class=\"elementor-element elementor-element-5259430 elementor-widget elementor-widget-heading\" data-id=\"5259430\" data-element_type=\"widget\" data-widget_type=\"heading.default\">\n<div class=\"elementor-widget-container\">\n<h2 class=\"elementor-heading-title elementor-size-default\">Pilotes hydrauliques<\/h2>\n<\/div>\n<\/div>\n<div class=\"elementor-element elementor-element-5d17f78 elementor-widget elementor-widget-text-editor\" data-id=\"5d17f78\" data-element_type=\"widget\" data-widget_type=\"text-editor.default\">\n<div class=\"elementor-widget-container\">\n<p>Les mouvements du client sont coordonn\u00e9s et fluides dans le travail de conduite<\/p>\n<\/div>\n<\/div>\n<\/div>\n<div class=\"elementor-element elementor-element-e24ba26 e-con-full e-flex e-con e-child\" data-id=\"e24ba26\" data-element_type=\"container\">\n<div class=\"elementor-element elementor-element-6f2d700 elementor-widget elementor-widget-image\" data-id=\"6f2d700\" data-element_type=\"widget\" data-widget_type=\"image.default\">\n<div class=\"elementor-widget-container\"> <img decoding=\"async\" width=\"800\" height=\"800\" src=\"https:\/\/hightopgroup.com\/wp-content\/uploads\/2024\/09\/15pro\u6316\u673a\u7279\u5f81-2.jpg\" class=\"attachment-large size-large wp-image-2507\" alt=\"15pro\u6316\u673a\u7279\u5f81 2\" srcset=\"https:\/\/hightopgroup.com\/wp-content\/uploads\/2024\/09\/15pro\u6316\u673a\u7279\u5f81-2.jpg 1000w, https:\/\/hightopgroup.com\/wp-content\/uploads\/2024\/09\/15pro\u6316\u673a\u7279\u5f81-2-300x300.jpg 300w, https:\/\/hightopgroup.com\/wp-content\/uploads\/2024\/09\/15pro\u6316\u673a\u7279\u5f81-2-150x150.jpg 150w, https:\/\/hightopgroup.com\/wp-content\/uploads\/2024\/09\/15pro\u6316\u673a\u7279\u5f81-2-768x768.jpg 768w, https:\/\/hightopgroup.com\/wp-content\/uploads\/2024\/09\/15pro\u6316\u673a\u7279\u5f81-2-600x600.jpg 600w\" sizes=\"(max-width: 800px) 100vw, 800px\" title=\"HT15Pro 1.5T Mini excavateur sur chenilles 2\"><\/div>\n<\/div>\n<div class=\"elementor-element elementor-element-684fd1c elementor-widget elementor-widget-heading\" data-id=\"684fd1c\" data-element_type=\"widget\" data-widget_type=\"heading.default\">\n<div class=\"elementor-widget-container\">\n<h2 class=\"elementor-heading-title elementor-size-default\">Fonction de fl\u00e8che pivotante en option<\/h2>\n<\/div>\n<\/div>\n<div class=\"elementor-element elementor-element-a5abdb4 elementor-widget elementor-widget-text-editor\" data-id=\"a5abdb4\" data-element_type=\"widget\" data-widget_type=\"text-editor.default\">\n<div class=\"elementor-widget-container\">\n<p>La fl\u00e8che peut \u00eatre d\u00e9vi\u00e9e de 60 degr\u00e9s en tournant \u00e0 gauche et \u00e0 droite, ce qui rend le travail plus flexible.<\/p>\n<\/div>\n<\/div>\n<\/div>\n<div class=\"elementor-element elementor-element-f311170 e-con-full e-flex e-con e-child\" data-id=\"f311170\" data-element_type=\"container\">\n<div class=\"elementor-element elementor-element-c0d003c elementor-widget elementor-widget-image\" data-id=\"c0d003c\" data-element_type=\"widget\" data-widget_type=\"image.default\">\n<div class=\"elementor-widget-container\"> <img decoding=\"async\" width=\"800\" height=\"800\" src=\"https:\/\/hightopgroup.com\/wp-content\/uploads\/2024\/09\/15pro\u6316\u673a\u7279\u5f81-3.jpg\" class=\"attachment-large size-large wp-image-2508\" alt=\"15pro\u6316\u673a\u7279\u5f81 3\" srcset=\"https:\/\/hightopgroup.com\/wp-content\/uploads\/2024\/09\/15pro\u6316\u673a\u7279\u5f81-3.jpg 1000w, https:\/\/hightopgroup.com\/wp-content\/uploads\/2024\/09\/15pro\u6316\u673a\u7279\u5f81-3-300x300.jpg 300w, https:\/\/hightopgroup.com\/wp-content\/uploads\/2024\/09\/15pro\u6316\u673a\u7279\u5f81-3-150x150.jpg 150w, https:\/\/hightopgroup.com\/wp-content\/uploads\/2024\/09\/15pro\u6316\u673a\u7279\u5f81-3-768x768.jpg 768w, https:\/\/hightopgroup.com\/wp-content\/uploads\/2024\/09\/15pro\u6316\u673a\u7279\u5f81-3-600x600.jpg 600w\" sizes=\"(max-width: 800px) 100vw, 800px\" title=\"HT15Pro 1.5T Mini excavatrice sur chenilles 3\"><\/div>\n<\/div>\n<div class=\"elementor-element elementor-element-20fa782 elementor-widget elementor-widget-heading\" data-id=\"20fa782\" data-element_type=\"widget\" data-widget_type=\"heading.default\">\n<div class=\"elementor-widget-container\">\n<h2 class=\"elementor-heading-title elementor-size-default\">Sans queue&amp;Piste en caoutchouc<\/h2>\n<\/div>\n<\/div>\n<div class=\"elementor-element elementor-element-397f75b elementor-widget elementor-widget-text-editor\" data-id=\"397f75b\" data-element_type=\"widget\" data-widget_type=\"text-editor.default\">\n<div class=\"elementor-widget-container\">\n<p>Transmission par engrenage, forte adh\u00e9rence, chenilles t\u00e9lescopiques en option<\/p>\n<\/div>\n<\/div>\n<\/div>\n<div class=\"elementor-element elementor-element-0c7f556 e-con-full e-flex e-con e-child\" data-id=\"0c7f556\" data-element_type=\"container\">\n<div class=\"elementor-element elementor-element-7390c5e elementor-widget elementor-widget-image\" data-id=\"7390c5e\" data-element_type=\"widget\" data-widget_type=\"image.default\">\n<div class=\"elementor-widget-container\"> <img loading=\"lazy\" decoding=\"async\" width=\"800\" height=\"800\" src=\"https:\/\/hightopgroup.com\/wp-content\/uploads\/2024\/09\/15pro\u6316\u673a\u7279\u5f81-6.jpg\" class=\"attachment-large size-large wp-image-2511\" alt=\"15pro\u6316\u673a\u7279\u5f81 6\" srcset=\"https:\/\/hightopgroup.com\/wp-content\/uploads\/2024\/09\/15pro\u6316\u673a\u7279\u5f81-6.jpg 1000w, https:\/\/hightopgroup.com\/wp-content\/uploads\/2024\/09\/15pro\u6316\u673a\u7279\u5f81-6-300x300.jpg 300w, https:\/\/hightopgroup.com\/wp-content\/uploads\/2024\/09\/15pro\u6316\u673a\u7279\u5f81-6-150x150.jpg 150w, https:\/\/hightopgroup.com\/wp-content\/uploads\/2024\/09\/15pro\u6316\u673a\u7279\u5f81-6-768x768.jpg 768w, https:\/\/hightopgroup.com\/wp-content\/uploads\/2024\/09\/15pro\u6316\u673a\u7279\u5f81-6-600x600.jpg 600w\" sizes=\"auto, (max-width: 800px) 100vw, 800px\" title=\"HT15Pro 1.5T Mini excavateur sur chenilles 4\"><\/div>\n<\/div>\n<div class=\"elementor-element elementor-element-3119829 elementor-widget elementor-widget-heading\" data-id=\"3119829\" data-element_type=\"widget\" data-widget_type=\"heading.default\">\n<div class=\"elementor-widget-container\">\n<h2 class=\"elementor-heading-title elementor-size-default\">Plusieurs pi\u00e8ces jointes disponibles<\/h2>\n<\/div>\n<\/div>\n<div class=\"elementor-element elementor-element-70b9186 elementor-widget elementor-widget-text-editor\" data-id=\"70b9186\" data-element_type=\"widget\" data-widget_type=\"text-editor.default\">\n<div class=\"elementor-widget-container\">\n<p>Cette mini-pelle de 1,5 tonnes peut \u00eatre \u00e9quip\u00e9e d'une attache rapide hydraulique, d'un godet \u00e9troit, d'un marteau, d'une tari\u00e8re, d'un godet basculant, d'un ripper, d'un r\u00e2teau, d'un grappin rotatif, d'une cisaille \u00e0 arbre et d'une tondeuse \u00e0 gazon.<\/p>\n<\/div>\n<\/div>\n<\/div>\n<div class=\"elementor-element elementor-element-ee153f7 e-con-full e-flex e-con e-child\" data-id=\"ee153f7\" data-element_type=\"container\">\n<div class=\"elementor-element elementor-element-a9a5da8 elementor-widget elementor-widget-image\" data-id=\"a9a5da8\" data-element_type=\"widget\" data-widget_type=\"image.default\">\n<div class=\"elementor-widget-container\"> <img loading=\"lazy\" decoding=\"async\" width=\"800\" height=\"800\" src=\"https:\/\/hightopgroup.com\/wp-content\/uploads\/2024\/09\/15pro\u6316\u673a\u7279\u5f81-4.jpg\" class=\"attachment-large size-large wp-image-2509\" alt=\"15pro\u6316\u673a\u7279\u5f81 4\" srcset=\"https:\/\/hightopgroup.com\/wp-content\/uploads\/2024\/09\/15pro\u6316\u673a\u7279\u5f81-4.jpg 1000w, https:\/\/hightopgroup.com\/wp-content\/uploads\/2024\/09\/15pro\u6316\u673a\u7279\u5f81-4-300x300.jpg 300w, https:\/\/hightopgroup.com\/wp-content\/uploads\/2024\/09\/15pro\u6316\u673a\u7279\u5f81-4-150x150.jpg 150w, https:\/\/hightopgroup.com\/wp-content\/uploads\/2024\/09\/15pro\u6316\u673a\u7279\u5f81-4-768x768.jpg 768w, https:\/\/hightopgroup.com\/wp-content\/uploads\/2024\/09\/15pro\u6316\u673a\u7279\u5f81-4-600x600.jpg 600w\" sizes=\"auto, (max-width: 800px) 100vw, 800px\" title=\"HT15Pro 1.5T Mini excavateur sur chenilles 5\"><\/div>\n<\/div>\n<div class=\"elementor-element elementor-element-427e3a0 elementor-widget elementor-widget-heading\" data-id=\"427e3a0\" data-element_type=\"widget\" data-widget_type=\"heading.default\">\n<div class=\"elementor-widget-container\">\n<h2 class=\"elementor-heading-title elementor-size-default\">Tableau de bord&amp;Tout avec vidange d'huile<\/h2>\n<\/div>\n<\/div>\n<div class=\"elementor-element elementor-element-3106b5b elementor-widget elementor-widget-text-editor\" data-id=\"3106b5b\" data-element_type=\"widget\" data-widget_type=\"text-editor.default\">\n<div class=\"elementor-widget-container\">\n<p>La quantit\u00e9 de carburant et d'autres valeurs peuvent \u00eatre clairement visualis\u00e9es sur le tableau de bord.<\/p>\n<\/div>\n<\/div>\n<\/div>\n<div class=\"elementor-element elementor-element-5cb5146 e-con-full e-flex e-con e-child\" data-id=\"5cb5146\" data-element_type=\"container\">\n<div class=\"elementor-element elementor-element-c99e658 elementor-widget elementor-widget-image\" data-id=\"c99e658\" data-element_type=\"widget\" data-widget_type=\"image.default\">\n<div class=\"elementor-widget-container\"> <img loading=\"lazy\" decoding=\"async\" width=\"800\" height=\"800\" src=\"https:\/\/hightopgroup.com\/wp-content\/uploads\/2024\/09\/15pro\u6316\u673a\u7279\u5f81-5.jpg\" class=\"attachment-large size-large wp-image-2510\" alt=\"15pro\u6316\u673a\u7279\u5f81 5\" srcset=\"https:\/\/hightopgroup.com\/wp-content\/uploads\/2024\/09\/15pro\u6316\u673a\u7279\u5f81-5.jpg 1000w, https:\/\/hightopgroup.com\/wp-content\/uploads\/2024\/09\/15pro\u6316\u673a\u7279\u5f81-5-300x300.jpg 300w, https:\/\/hightopgroup.com\/wp-content\/uploads\/2024\/09\/15pro\u6316\u673a\u7279\u5f81-5-150x150.jpg 150w, https:\/\/hightopgroup.com\/wp-content\/uploads\/2024\/09\/15pro\u6316\u673a\u7279\u5f81-5-768x768.jpg 768w, https:\/\/hightopgroup.com\/wp-content\/uploads\/2024\/09\/15pro\u6316\u673a\u7279\u5f81-5-600x600.jpg 600w\" sizes=\"auto, (max-width: 800px) 100vw, 800px\" title=\"HT15Pro 1.5T Mini excavateur sur chenilles 6\"><\/div>\n<\/div>\n<div class=\"elementor-element elementor-element-c01744a elementor-widget elementor-widget-heading\" data-id=\"c01744a\" data-element_type=\"widget\" data-widget_type=\"heading.default\">\n<div class=\"elementor-widget-container\">\n<h2 class=\"elementor-heading-title elementor-size-default\">Corps flexible et conception compacte<\/h2>\n<\/div>\n<\/div>\n<div class=\"elementor-element elementor-element-57c1c2b elementor-widget elementor-widget-text-editor\" data-id=\"57c1c2b\" data-element_type=\"widget\" data-widget_type=\"text-editor.default\">\n<div class=\"elementor-widget-container\">\n<p>Cette mini-pelle l\u00e9g\u00e8re HT15pro de Hightop est con\u00e7ue pour fonctionner dans des endroits restreints tels que les arri\u00e8re-cours, les jardins, les all\u00e9es et les voies d'acc\u00e8s \u00e9troites gr\u00e2ce \u00e0 sa conception compacte, son poids de 1500 kg et sa profondeur de fouille maximale de 1650 mm, facile \u00e0 utiliser.<\/p>\n<\/div>\n<\/div>\n<\/div>\n<p>&nbsp;<\/p>\n<p>Param\u00e8tres<\/p>\n<div class=\"elementor-element elementor-element-a466e24 e-con-full e-flex e-con e-child\" data-id=\"a466e24\" data-element_type=\"container\">\n<div class=\"elementor-element elementor-element-6e43699 elementor-widget elementor-widget-text-editor\" data-id=\"6e43699\" data-element_type=\"widget\" data-widget_type=\"text-editor.default\">\n<div class=\"elementor-widget-container\">\n<p>Moteur:Koop\/Briggs &amp; Stratton<\/p>\n<p>Puissance nominale : 10.2KW<\/p>\n<p>Longueur de transport : 2300 mm<\/p>\n<p>Largeur totale : 930 mm<\/p>\n<p>Largeur sup\u00e9rieure : 990 mm<\/p>\n<p>Hauteur totale (toit de la cabine) 2270mm<\/p>\n<p>Largeur standard de la plaque de roulement 180 mm<\/p>\n<p>\u00c9cartement des rails 750mm<\/p>\n<p>Hauteur de la pelle au-dessus du sol 110 mm<\/p>\n<p>Profondeur d'excavation du bulldozer 200mm<\/p>\n<p>Rayon de braquage de la queue 800mm<\/p>\n<p>Longueur de la voie au sol 890mm<\/p>\n<p>Longueur de la voie 1235mm<\/p>\n<p>Hauteur maximale de creusement 2690mm<\/p>\n<p>Hauteur maximale de d\u00e9chargement 1825mm<\/p>\n<p>Profondeur de fouille maximale 1710mm<\/p>\n<p>Distance maximale de creusement 2920mm<\/p>\n<p>Rayon de braquage minimum 1500mm<\/p>\n<p>Hauteur maximale au rayon de braquage minimal 2110mm<\/p>\n<p>Poids : 1500 kg<\/p>\n<p>Capacit\u00e9 du godet : 0,02 m\u00b3<\/p>\n<p>Forme de l'engin de travail : pelleteuse<\/p>\n<p>Capacit\u00e9 d'escalade : 30\u00b0.<\/p>\n<\/div>\n<\/div>\n<\/div>\n<div class=\"elementor-element elementor-element-4e87297 e-con-full e-flex e-con e-child\" data-id=\"4e87297\" data-element_type=\"container\">\n<div class=\"elementor-element elementor-element-034fa45 elementor-widget elementor-widget-image\" data-id=\"034fa45\" data-element_type=\"widget\" data-widget_type=\"image.default\">\n<div class=\"elementor-widget-container\"> <img loading=\"lazy\" decoding=\"async\" width=\"800\" height=\"800\" src=\"https:\/\/hightopgroup.com\/wp-content\/uploads\/2024\/09\/15pro\u6316\u673a\u4e3b\u56fe-4.jpg\" class=\"attachment-large size-large wp-image-2494\" alt=\"15pro\u6316\u673a\u4e3b\u56fe 4\" srcset=\"https:\/\/hightopgroup.com\/wp-content\/uploads\/2024\/09\/15pro\u6316\u673a\u4e3b\u56fe-4.jpg 1000w, https:\/\/hightopgroup.com\/wp-content\/uploads\/2024\/09\/15pro\u6316\u673a\u4e3b\u56fe-4-300x300.jpg 300w, https:\/\/hightopgroup.com\/wp-content\/uploads\/2024\/09\/15pro\u6316\u673a\u4e3b\u56fe-4-150x150.jpg 150w, https:\/\/hightopgroup.com\/wp-content\/uploads\/2024\/09\/15pro\u6316\u673a\u4e3b\u56fe-4-768x768.jpg 768w, https:\/\/hightopgroup.com\/wp-content\/uploads\/2024\/09\/15pro\u6316\u673a\u4e3b\u56fe-4-600x600.jpg 600w\" sizes=\"auto, (max-width: 800px) 100vw, 800px\" title=\"HT15Pro 1.5T Mini excavateur sur chenilles 7\"><\/div>\n<\/div>\n<\/div>","protected":false},"excerpt":{"rendered":"<p>Vue d'ensemble La mini-pelle sur chenilles HIGHTOP se distingue par son efficacit\u00e9 sur les petits chantiers, sa facilit\u00e9 de transport et sa maniabilit\u00e9 dans les espaces restreints.<\/p>","protected":false},"featured_media":16694,"template":"","meta":{"rank_math_lock_modified_date":false},"product_brand":[],"product_cat":[21],"product_tag":[],"class_list":{"0":"post-16692","1":"product","2":"type-product","3":"status-publish","4":"has-post-thumbnail","6":"product_cat-mini-excavator","8":"first","9":"instock","10":"product-type-simple"},"_links":{"self":[{"href":"https:\/\/beleevo.prowebplanners.com\/fr\/wp-json\/wp\/v2\/product\/16692","targetHints":{"allow":["GET"]}}],"collection":[{"href":"https:\/\/beleevo.prowebplanners.com\/fr\/wp-json\/wp\/v2\/product"}],"about":[{"href":"https:\/\/beleevo.prowebplanners.com\/fr\/wp-json\/wp\/v2\/types\/product"}],"version-history":[{"count":1,"href":"https:\/\/beleevo.prowebplanners.com\/fr\/wp-json\/wp\/v2\/product\/16692\/revisions"}],"predecessor-version":[{"id":16693,"href":"https:\/\/beleevo.prowebplanners.com\/fr\/wp-json\/wp\/v2\/product\/16692\/revisions\/16693"}],"wp:featuredmedia":[{"embeddable":true,"href":"https:\/\/beleevo.prowebplanners.com\/fr\/wp-json\/wp\/v2\/media\/16694"}],"wp:attachment":[{"href":"https:\/\/beleevo.prowebplanners.com\/fr\/wp-json\/wp\/v2\/media?parent=16692"}],"wp:term":[{"taxonomy":"product_brand","embeddable":true,"href":"https:\/\/beleevo.prowebplanners.com\/fr\/wp-json\/wp\/v2\/product_brand?post=16692"},{"taxonomy":"product_cat","embeddable":true,"href":"https:\/\/beleevo.prowebplanners.com\/fr\/wp-json\/wp\/v2\/product_cat?post=16692"},{"taxonomy":"product_tag","embeddable":true,"href":"https:\/\/beleevo.prowebplanners.com\/fr\/wp-json\/wp\/v2\/product_tag?post=16692"}],"curies":[{"name":"wp","href":"https:\/\/api.w.org\/{rel}","templated":true}]}}