{"id":16683,"date":"2025-07-23T13:28:13","date_gmt":"2025-07-23T13:28:13","guid":{"rendered":"https:\/\/beleevo.prowebplanners.com\/produit\/ht15-mini-excavator\/"},"modified":"2025-07-23T13:30:37","modified_gmt":"2025-07-23T13:30:37","slug":"ht15-mini-excavator","status":"publish","type":"product","link":"https:\/\/beleevo.prowebplanners.com\/fr\/produit\/ht15-mini-excavator\/","title":{"rendered":"Mini-pelle HT15"},"content":{"rendered":"<p>Vue d'ensemble<\/p>\n<div class=\"elementor-element elementor-element-7e95c35 elementor-widget__width-initial elementor-widget elementor-widget-text-editor\" data-id=\"7e95c35\" data-element_type=\"widget\" data-widget_type=\"text-editor.default\">\n<div class=\"elementor-widget-container\">\n<p>Les mini-pelles sur chenilles HIGHTOP se distinguent par leur efficacit\u00e9 sur les petits chantiers, leur facilit\u00e9 de transport et leur maniabilit\u00e9 dans les espaces restreints. Disponibles de 0,8 \u00e0 4 tonnes, elles sont dot\u00e9es d'un ch\u00e2ssis inf\u00e9rieur \u00e0 largeur variable et de lames repliables. Certains mod\u00e8les sont \u00e9quip\u00e9s de cabines \u00e0 temp\u00e9rature contr\u00f4l\u00e9e.<\/p>\n<p>Nous offrons des solutions rentables avec des co\u00fbts de production r\u00e9duits dans notre usine bas\u00e9e en Chine. En tant que guichet unique pour des machines certifi\u00e9es et de haute qualit\u00e9, nos produits comprennent des accessoires durables compatibles avec la plupart des pelles compactes et des chargeuses compactes. Avec plus de 10 entrep\u00f4ts dans le monde, nous assurons une livraison rapide en une semaine et fournissons une assistance exceptionnelle, y compris une garantie d'un an et une assistance technique \u00e0 vie.<\/p>\n<\/div>\n<\/div>\n<div class=\"elementor-element elementor-element-61ab054 elementor-widget__width-initial elementor-widget elementor-widget-video\" data-id=\"61ab054\" data-element_type=\"widget\" data-settings=\"{&quot;youtube_url&quot;:&quot;https:\/\/youtu.be\/tigaqXdsPKg&quot;,&quot;show_image_overlay&quot;:&quot;yes&quot;,&quot;image_overlay&quot;:{&quot;url&quot;:&quot;https:\/\/hightopgroup.com\/wp-content\/uploads\/2024\/08\/4_W_1000px.jpg&quot;,&quot;id&quot;:1404,&quot;size&quot;:&quot;&quot;,&quot;alt&quot;:&quot;&quot;,&quot;source&quot;:&quot;library&quot;},&quot;video_type&quot;:&quot;youtube&quot;,&quot;controls&quot;:&quot;yes&quot;}\" data-widget_type=\"video.default\">\n<div class=\"elementor-widget-container\">\n<div class=\"elementor-wrapper elementor-open-inline\">\n<div class=\"elementor-video\"><\/div>\n<div class=\"elementor-custom-embed-image-overlay\" style=\"background-image: url(https:\/\/hightopgroup.com\/wp-content\/uploads\/2024\/08\/4_W_1000px.jpg);\">\n<div class=\"elementor-custom-embed-play\" role=\"button\" aria-label=\"Lire la vid\u00e9o\" tabindex=\"0\"> <svg aria-hidden=\"true\" class=\"e-font-icon-svg e-eicon-play\" viewbox=\"0 0 1000 1000\"><path d=\"M838 162C746 71 633 25 500 25 371 25 258 71 163 162 71 254 25 367 25 500 25 633 71 746 163 837 254 929 367 979 500 979 633 979 746 933 838 837 929 746 975 633 975 500 975 367 929 254 838 162M808 192C892 279 933 379 933 500 933 621 892 725 808 808 725 892 621 938 500 938 379 938 279 896 196 808 113 725 67 621 67 500 67 379 108 279 196 192 279 108 383 62 500 62 621 62 721 108 808 192M438 392V642L642 517 438 392Z\" \/><\/svg><\/div>\n<\/div>\n<\/div>\n<\/div>\n<\/div>\n<p>&nbsp;<\/p>\n<p>Caract\u00e9ristiques et avantages<\/p>\n<div class=\"elementor-element elementor-element-55b81ed e-con-full e-flex e-con e-child\" data-id=\"55b81ed\" data-element_type=\"container\">\n<div class=\"elementor-element elementor-element-b364077 elementor-widget elementor-widget-image\" data-id=\"b364077\" data-element_type=\"widget\" data-widget_type=\"image.default\">\n<div class=\"elementor-widget-container\"> <img fetchpriority=\"high\" decoding=\"async\" width=\"500\" height=\"500\" src=\"https:\/\/hightopgroup.com\/wp-content\/uploads\/2024\/08\/15-2_W_500px.jpg\" class=\"attachment-large size-large wp-image-1044\" alt=\"15\" srcset=\"https:\/\/hightopgroup.com\/wp-content\/uploads\/2024\/08\/15-2_W_500px.jpg 500w, https:\/\/hightopgroup.com\/wp-content\/uploads\/2024\/08\/15-2_W_500px-300x300.jpg 300w, https:\/\/hightopgroup.com\/wp-content\/uploads\/2024\/08\/15-2_W_500px-150x150.jpg 150w, https:\/\/hightopgroup.com\/wp-content\/uploads\/2024\/08\/15-2_W_500px-100x100.jpg 100w\" sizes=\"(max-width: 500px) 100vw, 500px\" title=\"Mini-pelle sur chenilles HT15 1,5T 1\"><\/div>\n<\/div>\n<div class=\"elementor-element elementor-element-5259430 elementor-widget elementor-widget-heading\" data-id=\"5259430\" data-element_type=\"widget\" data-widget_type=\"heading.default\">\n<div class=\"elementor-widget-container\">\n<h2 class=\"elementor-heading-title elementor-size-default\">Facile \u00e0 utiliser<\/h2>\n<\/div>\n<\/div>\n<div class=\"elementor-element elementor-element-5d17f78 elementor-widget elementor-widget-text-editor\" data-id=\"5d17f78\" data-element_type=\"widget\" data-widget_type=\"text-editor.default\">\n<div class=\"elementor-widget-container\">\n<p>Avec une profondeur de fouille maximale de 47,24 pouces et un poids de 1 433 livres, la petite pelle HIGHTOP offre des performances exceptionnelles. Notre conception distinctive de petite fl\u00e8che am\u00e9liore la portabilit\u00e9 sur le travail et peut facilement manipuler de l'argile dure, des sols rocheux ou de la terre compact\u00e9e.<\/p>\n<\/div>\n<\/div>\n<\/div>\n<div class=\"elementor-element elementor-element-e24ba26 e-con-full e-flex e-con e-child\" data-id=\"e24ba26\" data-element_type=\"container\">\n<div class=\"elementor-element elementor-element-6f2d700 elementor-widget elementor-widget-image\" data-id=\"6f2d700\" data-element_type=\"widget\" data-widget_type=\"image.default\">\n<div class=\"elementor-widget-container\"> <img decoding=\"async\" width=\"500\" height=\"500\" src=\"https:\/\/hightopgroup.com\/wp-content\/uploads\/2024\/08\/2_W_500px.jpg\" class=\"attachment-large size-large wp-image-1036\" alt srcset=\"https:\/\/hightopgroup.com\/wp-content\/uploads\/2024\/08\/2_W_500px.jpg 500w, https:\/\/hightopgroup.com\/wp-content\/uploads\/2024\/08\/2_W_500px-300x300.jpg 300w, https:\/\/hightopgroup.com\/wp-content\/uploads\/2024\/08\/2_W_500px-150x150.jpg 150w, https:\/\/hightopgroup.com\/wp-content\/uploads\/2024\/08\/2_W_500px-100x100.jpg 100w\" sizes=\"(max-width: 500px) 100vw, 500px\" title=\"Mini-pelle sur chenilles HT15 1,5T 2\"><\/div>\n<\/div>\n<div class=\"elementor-element elementor-element-684fd1c elementor-widget elementor-widget-heading\" data-id=\"684fd1c\" data-element_type=\"widget\" data-widget_type=\"heading.default\">\n<div class=\"elementor-widget-container\">\n<h2 class=\"elementor-heading-title elementor-size-default\">Moteur RATO<\/h2>\n<\/div>\n<\/div>\n<div class=\"elementor-element elementor-element-a5abdb4 elementor-widget elementor-widget-text-editor\" data-id=\"a5abdb4\" data-element_type=\"widget\" data-widget_type=\"text-editor.default\">\n<div class=\"elementor-widget-container\">\n<p>Cette mini-pelle est \u00e9quip\u00e9e d'un moteur RATO 15HP de premi\u00e8re qualit\u00e9 d'une puissance maximale de 9,5KW pour un fonctionnement puissant mais \u00e9conome en carburant et une distribution sup\u00e9rieure de la chaleur. Dites adieu aux vibrations grin\u00e7antes, savourez un fonctionnement sans faille et anticipez sa long\u00e9vit\u00e9.<\/p>\n<\/div>\n<\/div>\n<\/div>\n<div class=\"elementor-element elementor-element-f311170 e-con-full e-flex e-con e-child\" data-id=\"f311170\" data-element_type=\"container\">\n<div class=\"elementor-element elementor-element-c0d003c elementor-widget elementor-widget-image\" data-id=\"c0d003c\" data-element_type=\"widget\" data-widget_type=\"image.default\">\n<div class=\"elementor-widget-container\"> <img decoding=\"async\" width=\"500\" height=\"500\" src=\"https:\/\/hightopgroup.com\/wp-content\/uploads\/2024\/08\/15-5._W_500px.jpg\" class=\"attachment-large size-large wp-image-1040\" alt=\"15\" srcset=\"https:\/\/hightopgroup.com\/wp-content\/uploads\/2024\/08\/15-5._W_500px.jpg 500w, https:\/\/hightopgroup.com\/wp-content\/uploads\/2024\/08\/15-5._W_500px-300x300.jpg 300w, https:\/\/hightopgroup.com\/wp-content\/uploads\/2024\/08\/15-5._W_500px-150x150.jpg 150w, https:\/\/hightopgroup.com\/wp-content\/uploads\/2024\/08\/15-5._W_500px-100x100.jpg 100w\" sizes=\"(max-width: 500px) 100vw, 500px\" title=\"Mini-pelle sur chenilles HT15 1,5T 3\"><\/div>\n<\/div>\n<div class=\"elementor-element elementor-element-20fa782 elementor-widget elementor-widget-heading\" data-id=\"20fa782\" data-element_type=\"widget\" data-widget_type=\"heading.default\">\n<div class=\"elementor-widget-container\">\n<h2 class=\"elementor-heading-title elementor-size-default\">Pi\u00e8ces jointes multiples<\/h2>\n<\/div>\n<\/div>\n<div class=\"elementor-element elementor-element-397f75b elementor-widget elementor-widget-text-editor\" data-id=\"397f75b\" data-element_type=\"widget\" data-widget_type=\"text-editor.default\">\n<div class=\"elementor-widget-container\">\n<p>Cette mini chargeuse multifonctionnelle est \u00e9quip\u00e9e d'un moteur \u00e0 essence de 13,5 chevaux et d'un r\u00e9servoir de carburant de 6,5 litres, qui permet de travailler pendant plusieurs heures apr\u00e8s avoir fait le plein. De plus, son syst\u00e8me de refroidissement assure une protection optimale du syst\u00e8me hydraulique de la machine.<\/p>\n<\/div>\n<\/div>\n<\/div>\n<div class=\"elementor-element elementor-element-0c7f556 e-con-full e-flex e-con e-child\" data-id=\"0c7f556\" data-element_type=\"container\">\n<div class=\"elementor-element elementor-element-7390c5e elementor-widget elementor-widget-image\" data-id=\"7390c5e\" data-element_type=\"widget\" data-widget_type=\"image.default\">\n<div class=\"elementor-widget-container\"> <img loading=\"lazy\" decoding=\"async\" width=\"500\" height=\"500\" src=\"https:\/\/hightopgroup.com\/wp-content\/uploads\/2024\/08\/15-11_W_500px.jpg\" class=\"attachment-large size-large wp-image-1038\" alt=\"15\" srcset=\"https:\/\/hightopgroup.com\/wp-content\/uploads\/2024\/08\/15-11_W_500px.jpg 500w, https:\/\/hightopgroup.com\/wp-content\/uploads\/2024\/08\/15-11_W_500px-300x300.jpg 300w, https:\/\/hightopgroup.com\/wp-content\/uploads\/2024\/08\/15-11_W_500px-150x150.jpg 150w, https:\/\/hightopgroup.com\/wp-content\/uploads\/2024\/08\/15-11_W_500px-100x100.jpg 100w\" sizes=\"auto, (max-width: 500px) 100vw, 500px\" title=\"HT15 1.5T Mini excavateur sur chenilles 4\"><\/div>\n<\/div>\n<div class=\"elementor-element elementor-element-3119829 elementor-widget elementor-widget-heading\" data-id=\"3119829\" data-element_type=\"widget\" data-widget_type=\"heading.default\">\n<div class=\"elementor-widget-container\">\n<h2 class=\"elementor-heading-title elementor-size-default\">Si\u00e8ge confortable<\/h2>\n<\/div>\n<\/div>\n<div class=\"elementor-element elementor-element-70b9186 elementor-widget elementor-widget-text-editor\" data-id=\"70b9186\" data-element_type=\"widget\" data-widget_type=\"text-editor.default\">\n<div class=\"elementor-widget-container\">\n<p>Notre mini-pelle vous permettra de rester \u00e0 l'aise tout au long de la journ\u00e9e. Elle est construite de mani\u00e8re ergonomique, avec un dossier de soutien et un si\u00e8ge confortable pour que votre journ\u00e9e se d\u00e9roule sans encombre.<br \/>Les leviers de commande sont \u00e0 port\u00e9e de main. Il suffit de s'enfoncer dans le si\u00e8ge confortable, d'actionner les leviers et d'accomplir votre t\u00e2che en douceur.<\/p>\n<\/div>\n<\/div>\n<\/div>\n<div class=\"elementor-element elementor-element-ee153f7 e-con-full e-flex e-con e-child\" data-id=\"ee153f7\" data-element_type=\"container\">\n<div class=\"elementor-element elementor-element-a9a5da8 elementor-widget elementor-widget-image\" data-id=\"a9a5da8\" data-element_type=\"widget\" data-widget_type=\"image.default\">\n<div class=\"elementor-widget-container\"> <img loading=\"lazy\" decoding=\"async\" width=\"500\" height=\"500\" src=\"https:\/\/hightopgroup.com\/wp-content\/uploads\/2024\/08\/10H-6_W_500px.jpg\" class=\"attachment-large size-large wp-image-1042\" alt=\"10H\" srcset=\"https:\/\/hightopgroup.com\/wp-content\/uploads\/2024\/08\/10H-6_W_500px.jpg 500w, https:\/\/hightopgroup.com\/wp-content\/uploads\/2024\/08\/10H-6_W_500px-300x300.jpg 300w, https:\/\/hightopgroup.com\/wp-content\/uploads\/2024\/08\/10H-6_W_500px-150x150.jpg 150w, https:\/\/hightopgroup.com\/wp-content\/uploads\/2024\/08\/10H-6_W_500px-100x100.jpg 100w\" sizes=\"auto, (max-width: 500px) 100vw, 500px\" title=\"HT15 1.5T Mini excavateur sur chenilles 5\"><\/div>\n<\/div>\n<div class=\"elementor-element elementor-element-427e3a0 elementor-widget elementor-widget-heading\" data-id=\"427e3a0\" data-element_type=\"widget\" data-widget_type=\"heading.default\">\n<div class=\"elementor-widget-container\">\n<h2 class=\"elementor-heading-title elementor-size-default\">Lame r\u00e9glable<\/h2>\n<\/div>\n<\/div>\n<div class=\"elementor-element elementor-element-3106b5b elementor-widget elementor-widget-text-editor\" data-id=\"3106b5b\" data-element_type=\"widget\" data-widget_type=\"text-editor.default\">\n<div class=\"elementor-widget-container\">\n<p>Par rapport \u00e0 ses concurrents, notre lame offre une couverture sup\u00e9rieure. Son r\u00e9glage en hauteur va de -15 \u00e0 +15 cm, ce qui lui permet de s'adapter \u00e0 diff\u00e9rentes surfaces. Le nettoyage est simple gr\u00e2ce \u00e0 des fonctions telles que le flotteur Dozer et le Dig-to-Blade.<\/p>\n<\/div>\n<\/div>\n<\/div>\n<div class=\"elementor-element elementor-element-5cb5146 e-con-full e-flex e-con e-child\" data-id=\"5cb5146\" data-element_type=\"container\">\n<div class=\"elementor-element elementor-element-c99e658 elementor-widget elementor-widget-image\" data-id=\"c99e658\" data-element_type=\"widget\" data-widget_type=\"image.default\">\n<div class=\"elementor-widget-container\"> <img loading=\"lazy\" decoding=\"async\" width=\"500\" height=\"500\" src=\"https:\/\/hightopgroup.com\/wp-content\/uploads\/2024\/08\/15_W_500px.jpg\" class=\"attachment-large size-large wp-image-1043\" alt srcset =\"https:\/\/hightopgroup.com\/wp-content\/uploads\/2024\/08\/15_W_500px.jpg 500w, https:\/\/hightopgroup.com\/wp-content\/uploads\/2024\/08\/15_W_500px-300x300.jpg 300w, https:\/\/hightopgroup.com\/wp-content\/uploads\/2024\/08\/15_W_500px-150x150.jpg 150w, https:\/\/hightopgroup.com\/wp-content\/uploads\/2024\/08\/15_W_500px-100x100.jpg 100w\" sizes=\"auto, (max-width: 500px) 100vw, 500px\" title=\"HT15 1.5T Mini excavateur sur chenilles 6\"><\/div>\n<\/div>\n<div class=\"elementor-element elementor-element-c01744a elementor-widget elementor-widget-heading\" data-id=\"c01744a\" data-element_type=\"widget\" data-widget_type=\"heading.default\">\n<div class=\"elementor-widget-container\">\n<h2 class=\"elementor-heading-title elementor-size-default\">Jauge visuelle d'huile hydraulique<\/h2>\n<\/div>\n<\/div>\n<div class=\"elementor-element elementor-element-57c1c2b elementor-widget elementor-widget-text-editor\" data-id=\"57c1c2b\" data-element_type=\"widget\" data-widget_type=\"text-editor.default\">\n<div class=\"elementor-widget-container\">\n<p>La jauge d'huile hydraulique est situ\u00e9e sur le c\u00f4t\u00e9 de la pelle pour une visualisation facile du niveau d'huile hydraulique, assurant une \u00e9valuation rapide et pr\u00e9cise afin d'optimiser les performances.<\/p>\n<\/div>\n<\/div>\n<\/div>\n<p>&nbsp;<\/p>\n<p>Param\u00e8tres<\/p>\n<div class=\"elementor-element elementor-element-a466e24 e-con-full e-flex e-con e-child\" data-id=\"a466e24\" data-element_type=\"container\">\n<div class=\"elementor-element elementor-element-6e43699 elementor-widget elementor-widget-text-editor\" data-id=\"6e43699\" data-element_type=\"widget\" data-widget_type=\"text-editor.default\">\n<div class=\"elementor-widget-container\">\n<p>Mod\u00e8le:HT15<br \/>Bande de roulement : 935mm<br \/>Longueur de la chenille :1235mm<br \/>Garde au sol de la plate-forme : 380 mm<br \/>Rayon de rotation de la queue de la plate-forme : 870 mm<br \/>Largeur du ch\u00e2ssis : 1000 mm<br \/>Largeur de la chenille : 175 mm<br \/>Hauteur de la chenille :320mm<br \/>Longueur de transport : 2590 mm<br \/>Hauteur du si\u00e8ge au sol : 1560mm<br \/>Hauteur totale du v\u00e9hicule : 2190 mm<br \/>Poids : 1500 kg<br \/>Capacit\u00e9 de la pelle standard : 0,03 m\u00b3<br \/>Forme de l'engin de travail : pelleteuse<br \/>Mod\u00e8le de moteur:Koop 292<br \/>Cylindr\u00e9e : 0,997 L<br \/>Vitesse de sortie nominale : 15,5\/3000, 16,5\/3600<br \/>Couple maximum : 48\/2700<br \/>Vitesse de marche maximale : 2,4 km\/h<br \/>Vitesse de giration : 9rpm<br \/>Capacit\u00e9 d'escalade maximale : 30\u00b0.<br \/>Force de creusement du godet : 10,5kn<br \/>Force d'excavation de la tige du godet : 7,2kn<br \/>Force de traction maximale :12,2kn<br \/>Tension sp\u00e9cifique au sol : 25,6 kpa<br \/>Mat\u00e9riel de piste :Cauciuc<br \/>Type de dispositif de tension de la voie : tension \u00e0 vis<br \/>Type de pompe hydraulique : pompes \u00e0 engrenages<br \/>Pression de travail : 18Mpa<br \/>Trafic : 16L\/min<br \/>Capacit\u00e9 du r\u00e9servoir hydraulique : 14L<br \/>Capacit\u00e9 maximale d'huile moteur (effective) : 2,75\/1,8 L<br \/>Capacit\u00e9 du r\u00e9servoir de carburant : 10L<\/p>\n<\/div>\n<\/div>\n<\/div>\n<div class=\"elementor-element elementor-element-4e87297 e-con-full e-flex e-con e-child\" data-id=\"4e87297\" data-element_type=\"container\">\n<div class=\"elementor-element elementor-element-034fa45 elementor-widget elementor-widget-image\" data-id=\"034fa45\" data-element_type=\"widget\" data-widget_type=\"image.default\">\n<div class=\"elementor-widget-container\"> <img loading=\"lazy\" decoding=\"async\" width=\"800\" height=\"800\" src=\"https:\/\/hightopgroup.com\/wp-content\/uploads\/2024\/08\/HT15-4.jpg\" class=\"attachment-large size-large wp-image-2190\" alt=\"HT15 4\" srcset=\"https:\/\/hightopgroup.com\/wp-content\/uploads\/2024\/08\/HT15-4.jpg 1000w, https:\/\/hightopgroup.com\/wp-content\/uploads\/2024\/08\/HT15-4-300x300.jpg 300w, https:\/\/hightopgroup.com\/wp-content\/uploads\/2024\/08\/HT15-4-150x150.jpg 150w, https:\/\/hightopgroup.com\/wp-content\/uploads\/2024\/08\/HT15-4-768x768.jpg 768w, https:\/\/hightopgroup.com\/wp-content\/uploads\/2024\/08\/HT15-4-600x600.jpg 600w\" sizes=\"auto, (max-width: 800px) 100vw, 800px\" title=\"HT15 1.5T Mini excavateur sur chenilles 7\"><\/div>\n<\/div>\n<\/div>","protected":false},"excerpt":{"rendered":"<p>Vue d'ensemble La mini-pelle sur chenilles HIGHTOP se distingue par son efficacit\u00e9 sur les petits chantiers, sa facilit\u00e9 de transport et sa maniabilit\u00e9 dans les espaces restreints.<\/p>","protected":false},"featured_media":16685,"template":"","meta":{"rank_math_lock_modified_date":false},"product_brand":[],"product_cat":[21],"product_tag":[],"class_list":{"0":"post-16683","1":"product","2":"type-product","3":"status-publish","4":"has-post-thumbnail","6":"product_cat-mini-excavator","8":"first","9":"instock","10":"product-type-simple"},"_links":{"self":[{"href":"https:\/\/beleevo.prowebplanners.com\/fr\/wp-json\/wp\/v2\/product\/16683","targetHints":{"allow":["GET"]}}],"collection":[{"href":"https:\/\/beleevo.prowebplanners.com\/fr\/wp-json\/wp\/v2\/product"}],"about":[{"href":"https:\/\/beleevo.prowebplanners.com\/fr\/wp-json\/wp\/v2\/types\/product"}],"version-history":[{"count":1,"href":"https:\/\/beleevo.prowebplanners.com\/fr\/wp-json\/wp\/v2\/product\/16683\/revisions"}],"predecessor-version":[{"id":16684,"href":"https:\/\/beleevo.prowebplanners.com\/fr\/wp-json\/wp\/v2\/product\/16683\/revisions\/16684"}],"wp:featuredmedia":[{"embeddable":true,"href":"https:\/\/beleevo.prowebplanners.com\/fr\/wp-json\/wp\/v2\/media\/16685"}],"wp:attachment":[{"href":"https:\/\/beleevo.prowebplanners.com\/fr\/wp-json\/wp\/v2\/media?parent=16683"}],"wp:term":[{"taxonomy":"product_brand","embeddable":true,"href":"https:\/\/beleevo.prowebplanners.com\/fr\/wp-json\/wp\/v2\/product_brand?post=16683"},{"taxonomy":"product_cat","embeddable":true,"href":"https:\/\/beleevo.prowebplanners.com\/fr\/wp-json\/wp\/v2\/product_cat?post=16683"},{"taxonomy":"product_tag","embeddable":true,"href":"https:\/\/beleevo.prowebplanners.com\/fr\/wp-json\/wp\/v2\/product_tag?post=16683"}],"curies":[{"name":"wp","href":"https:\/\/api.w.org\/{rel}","templated":true}]}}