{"id":16666,"date":"2025-07-23T13:28:13","date_gmt":"2025-07-23T13:28:13","guid":{"rendered":"https:\/\/beleevo.prowebplanners.com\/produit\/ht12-1-2ton-mini-excavator\/"},"modified":"2025-07-23T13:30:03","modified_gmt":"2025-07-23T13:30:03","slug":"ht12-1-2ton-mini-excavator","status":"publish","type":"product","link":"https:\/\/beleevo.prowebplanners.com\/fr\/produit\/ht12-1-2ton-mini-excavator\/","title":{"rendered":"HT12 1.2ton Mini Excavator"},"content":{"rendered":"<p>Vue d'ensemble<\/p>\n<div class=\"elementor-element elementor-element-3d00484 elementor-widget__width-initial elementor-widget elementor-widget-text-editor\" data-id=\"3d00484\" data-element_type=\"widget\" data-widget_type=\"text-editor.default\">\n<div class=\"elementor-widget-container\">\n<ol>\n<li>Rentabilit\u00e9 \u00e9lev\u00e9e : En tant qu'usine autonome situ\u00e9e dans la base chinoise de fabrication de machines de construction, nous sommes en mesure de produire des mini-pelles \u00e0 des co\u00fbts inf\u00e9rieurs, y compris les co\u00fbts de la main-d'\u0153uvre et des mati\u00e8res premi\u00e8res, et de fournir \u00e0 nos clients des produits tr\u00e8s rentables.<\/li>\n<li>Approvisionnement \u00e0 guichet unique : En tant qu'usine autonome, nous proposons une large gamme de produits, couvrant les machines de construction compactes, ce qui permet aux clients de se procurer tout l'\u00e9quipement n\u00e9cessaire en un seul endroit.<\/li>\n<li>Qualit\u00e9 et performances professionnelles : Avec des ann\u00e9es d'exp\u00e9rience dans la production, nos produits ont obtenu les certifications CE, SGS, TUV et ISO, offrant une qualit\u00e9 et des performances de niveau professionnel pour les petits projets de construction.<\/li>\n<li>Service apr\u00e8s-vente complet : Notre \u00e9quipe professionnelle de vente et de maintenance propose des services de consultation et d'assistance apr\u00e8s-vente, dans le but de maximiser les performances des \u00e9quipements, d'assurer une ex\u00e9cution sans heurts des projets et de fournir une assistance technique tout au long de la vie.<\/li>\n<\/ol>\n<\/div>\n<\/div>\n<div class=\"elementor-element elementor-element-eec99f5 elementor-widget__width-initial elementor-widget elementor-widget-video\" data-id=\"eec99f5\" data-element_type=\"widget\" data-settings=\"{&quot;youtube_url&quot;:&quot;https:\/\/youtu.be\/CtIHdkMxqlA&quot;,&quot;show_image_overlay&quot;:&quot;yes&quot;,&quot;image_overlay&quot;:{&quot;url&quot;:&quot;https:\/\/hightopgroup.com\/wp-content\/uploads\/2024\/11\/u65b012u4e3bu56fe-22.jpg&quot;,&quot;id&quot;:3160,&quot;size&quot;:&quot;&quot;,&quot;alt&quot;:&quot;&quot;,&quot;source&quot;:&quot;library&quot;},&quot;video_type&quot;:&quot;youtube&quot;,&quot;controls&quot;:&quot;yes&quot;}\" data-widget_type=\"video.default\">\n<div class=\"elementor-widget-container\">\n<div class=\"elementor-wrapper elementor-open-inline\">\n<div class=\"elementor-video\"><\/div>\n<div class=\"elementor-custom-embed-image-overlay\" style=\"background-image: url(https:\/\/hightopgroup.com\/wp-content\/uploads\/2024\/11\/\u65b012\u4e3b\u56fe-22.jpg);\">\n<div class=\"elementor-custom-embed-play\" role=\"button\" aria-label=\"Lire la vid\u00e9o\" tabindex=\"0\"> <svg aria-hidden=\"true\" class=\"e-font-icon-svg e-eicon-play\" viewbox=\"0 0 1000 1000\"><path d=\"M838 162C746 71 633 25 500 25 371 25 258 71 163 162 71 254 25 367 25 500 25 633 71 746 163 837 254 929 367 979 500 979 633 979 746 933 838 837 929 746 975 633 975 500 975 367 929 254 838 162M808 192C892 279 933 379 933 500 933 621 892 725 808 808 725 892 621 938 500 938 379 938 279 896 196 808 113 725 67 621 67 500 67 379 108 279 196 192 279 108 383 62 500 62 621 62 721 108 808 192M438 392V642L642 517 438 392Z\" \/><\/svg><\/div>\n<\/div>\n<\/div>\n<\/div>\n<\/div>\n<p>&nbsp;<\/p>\n<p>Caract\u00e9ristiques et avantages<\/p>\n<div class=\"elementor-element elementor-element-138b23e e-con-full e-flex e-con e-child\" data-id=\"138b23e\" data-element_type=\"container\">\n<div class=\"elementor-element elementor-element-dc31022 elementor-widget elementor-widget-image\" data-id=\"dc31022\" data-element_type=\"widget\" data-widget_type=\"image.default\">\n<div class=\"elementor-widget-container\"> <img fetchpriority=\"high\" decoding=\"async\" width=\"790\" height=\"790\" src=\"https:\/\/hightopgroup.com\/wp-content\/uploads\/2024\/11\/\u65b012\u7279\u5f810.jpg\" class=\"attachment-large size-large wp-image-3177\" alt=\"\u65b012\u7279\u5f810\" srcset=\"https:\/\/hightopgroup.com\/wp-content\/uploads\/2024\/11\/\u65b012\u7279\u5f810.jpg 790w, https:\/\/hightopgroup.com\/wp-content\/uploads\/2024\/11\/\u65b012\u7279\u5f810-300x300.jpg 300w, https:\/\/hightopgroup.com\/wp-content\/uploads\/2024\/11\/\u65b012\u7279\u5f810-150x150.jpg 150w, https:\/\/hightopgroup.com\/wp-content\/uploads\/2024\/11\/\u65b012\u7279\u5f810-768x768.jpg 768w, https:\/\/hightopgroup.com\/wp-content\/uploads\/2024\/11\/\u65b012\u7279\u5f810-600x600.jpg 600w\" sizes=\"(max-width: 790px) 100vw, 790px\" title=\"HT12 1.2ton Mini Excavator 1\"><\/div>\n<\/div>\n<div class=\"elementor-element elementor-element-7fcb316 elementor-widget elementor-widget-heading\" data-id=\"7fcb316\" data-element_type=\"widget\" data-widget_type=\"heading.default\">\n<div class=\"elementor-widget-container\">\n<h2 class=\"elementor-heading-title elementor-size-default\">moteur haute performance<\/h2>\n<\/div>\n<\/div>\n<div class=\"elementor-element elementor-element-1aa33d7 elementor-widget elementor-widget-text-editor\" data-id=\"1aa33d7\" data-element_type=\"widget\" data-widget_type=\"text-editor.default\">\n<div class=\"elementor-widget-container\">\n<p>Le moteur KOOP 192F, de marque r\u00e9put\u00e9e, offre une puissance \u00e9lev\u00e9e et un fonctionnement stable. Le moteur Koop, tr\u00e8s populaire, r\u00e9pond aux exigences europ\u00e9ennes en mati\u00e8re d'\u00e9missions.<\/p>\n<\/div>\n<\/div>\n<\/div>\n<div class=\"elementor-element elementor-element-b74d99a e-con-full e-flex e-con e-child\" data-id=\"b74d99a\" data-element_type=\"container\">\n<div class=\"elementor-element elementor-element-d474faf elementor-widget elementor-widget-image\" data-id=\"d474faf\" data-element_type=\"widget\" data-widget_type=\"image.default\">\n<div class=\"elementor-widget-container\"> <img decoding=\"async\" width=\"790\" height=\"790\" src=\"https:\/\/hightopgroup.com\/wp-content\/uploads\/2024\/11\/\u65b012\u7279\u5f811.jpg\" class=\"attachment-large size-large wp-image-3178\" alt=\"\u65b012\u7279\u5f811\" srcset=\"https:\/\/hightopgroup.com\/wp-content\/uploads\/2024\/11\/\u65b012\u7279\u5f811.jpg 790w, https:\/\/hightopgroup.com\/wp-content\/uploads\/2024\/11\/\u65b012\u7279\u5f811-300x300.jpg 300w, https:\/\/hightopgroup.com\/wp-content\/uploads\/2024\/11\/\u65b012\u7279\u5f811-150x150.jpg 150w, https:\/\/hightopgroup.com\/wp-content\/uploads\/2024\/11\/\u65b012\u7279\u5f811-768x768.jpg 768w, https:\/\/hightopgroup.com\/wp-content\/uploads\/2024\/11\/\u65b012\u7279\u5f811-600x600.jpg 600w\" sizes=\"(max-width: 790px) 100vw, 790px\" title=\"HT12 1.2ton Mini Excavator 2\"><\/div>\n<\/div>\n<div class=\"elementor-element elementor-element-97e9dde elementor-widget elementor-widget-heading\" data-id=\"97e9dde\" data-element_type=\"widget\" data-widget_type=\"heading.default\">\n<div class=\"elementor-widget-container\">\n<h2 class=\"elementor-heading-title elementor-size-default\">R\u00e9servoir hydraulique de 25 litres<\/h2>\n<\/div>\n<\/div>\n<div class=\"elementor-element elementor-element-2c77c6d elementor-widget elementor-widget-text-editor\" data-id=\"2c77c6d\" data-element_type=\"widget\" data-widget_type=\"text-editor.default\">\n<div class=\"elementor-widget-container\">\n<p>Le volume du r\u00e9servoir d'huile hydraulique est de 25 litres, soit 6 litres de plus que les r\u00e9servoirs d'huile hydraulique des autres fabricants, ce qui prolonge les heures de travail continu par temps chaud.<\/p>\n<\/div>\n<\/div>\n<\/div>\n<div class=\"elementor-element elementor-element-7aad0d8 e-con-full e-flex e-con e-child\" data-id=\"7aad0d8\" data-element_type=\"container\">\n<div class=\"elementor-element elementor-element-fbca415 elementor-widget elementor-widget-image\" data-id=\"fbca415\" data-element_type=\"widget\" data-widget_type=\"image.default\">\n<div class=\"elementor-widget-container\"> <img decoding=\"async\" width=\"790\" height=\"790\" src=\"https:\/\/hightopgroup.com\/wp-content\/uploads\/2024\/11\/\u65b012\u7279\u5f813.jpg\" class=\"attachment-large size-large wp-image-3180\" alt=\"\u65b012\u7279\u5f813\" srcset=\"https:\/\/hightopgroup.com\/wp-content\/uploads\/2024\/11\/\u65b012\u7279\u5f813.jpg 790w, https:\/\/hightopgroup.com\/wp-content\/uploads\/2024\/11\/\u65b012\u7279\u5f813-300x300.jpg 300w, https:\/\/hightopgroup.com\/wp-content\/uploads\/2024\/11\/\u65b012\u7279\u5f813-150x150.jpg 150w, https:\/\/hightopgroup.com\/wp-content\/uploads\/2024\/11\/\u65b012\u7279\u5f813-768x768.jpg 768w, https:\/\/hightopgroup.com\/wp-content\/uploads\/2024\/11\/\u65b012\u7279\u5f813-600x600.jpg 600w\" sizes=\"(max-width: 790px) 100vw, 790px\" title=\"HT12 1.2ton Mini Excavator 3\"><\/div>\n<\/div>\n<div class=\"elementor-element elementor-element-1a03bb3 elementor-widget elementor-widget-heading\" data-id=\"1a03bb3\" data-element_type=\"widget\" data-widget_type=\"heading.default\">\n<div class=\"elementor-widget-container\">\n<h2 class=\"elementor-heading-title elementor-size-default\">Conception durable<\/h2>\n<\/div>\n<\/div>\n<div class=\"elementor-element elementor-element-cb9ac85 elementor-widget elementor-widget-text-editor\" data-id=\"cb9ac85\" data-element_type=\"widget\" data-widget_type=\"text-editor.default\">\n<div class=\"elementor-widget-container\">\n<p>Les pi\u00e8ces structurelles et l'ensemble du v\u00e9hicule sont grenaill\u00e9s, d\u00e9cap\u00e9s, phosphat\u00e9s et pulv\u00e9ris\u00e9s, ce qui accro\u00eet l'adh\u00e9rence des mol\u00e9cules de peinture, la durabilit\u00e9, l'absence de d\u00e9coloration et le lissage.&nbsp;<\/p>\n<\/div>\n<\/div>\n<\/div>\n<div class=\"elementor-element elementor-element-c6bb502 e-con-full e-flex e-con e-child\" data-id=\"c6bb502\" data-element_type=\"container\">\n<div class=\"elementor-element elementor-element-a654cb5 elementor-widget elementor-widget-image\" data-id=\"a654cb5\" data-element_type=\"widget\" data-widget_type=\"image.default\">\n<div class=\"elementor-widget-container\"> <img loading=\"lazy\" decoding=\"async\" width=\"790\" height=\"790\" src=\"https:\/\/hightopgroup.com\/wp-content\/uploads\/2024\/11\/\u65b012\u7279\u5f812-1.jpg\" class=\"attachment-large size-large wp-image-3185\" alt=\"\u65b012\u7279\u5f812 1\" srcset=\"https:\/\/hightopgroup.com\/wp-content\/uploads\/2024\/11\/\u65b012\u7279\u5f812-1.jpg 790w, https:\/\/hightopgroup.com\/wp-content\/uploads\/2024\/11\/\u65b012\u7279\u5f812-1-300x300.jpg 300w, https:\/\/hightopgroup.com\/wp-content\/uploads\/2024\/11\/\u65b012\u7279\u5f812-1-150x150.jpg 150w, https:\/\/hightopgroup.com\/wp-content\/uploads\/2024\/11\/\u65b012\u7279\u5f812-1-768x768.jpg 768w, https:\/\/hightopgroup.com\/wp-content\/uploads\/2024\/11\/\u65b012\u7279\u5f812-1-600x600.jpg 600w\" sizes=\"auto, (max-width: 790px) 100vw, 790px\" title=\"HT12 1.2ton Mini Excavator 4\"><\/div>\n<\/div>\n<div class=\"elementor-element elementor-element-84b165c elementor-widget elementor-widget-heading\" data-id=\"84b165c\" data-element_type=\"widget\" data-widget_type=\"heading.default\">\n<div class=\"elementor-widget-container\">\n<h2 class=\"elementor-heading-title elementor-size-default\">Corps flexible et conception compacte<\/h2>\n<\/div>\n<\/div>\n<div class=\"elementor-element elementor-element-9db03b7 elementor-widget elementor-widget-text-editor\" data-id=\"9db03b7\" data-element_type=\"widget\" data-widget_type=\"text-editor.default\">\n<div class=\"elementor-widget-container\">\n<p>Il s'agit d'une pelle compacte, d'une largeur de seulement 940 mm, qui peut facilement passer par la plupart des portes, permettant ainsi l'acc\u00e8s \u00e0 l'int\u00e9rieur des b\u00e2timents.<\/p>\n<\/div>\n<\/div>\n<\/div>\n<div class=\"elementor-element elementor-element-b2de1b5 e-con-full e-flex e-con e-child\" data-id=\"b2de1b5\" data-element_type=\"container\">\n<div class=\"elementor-element elementor-element-eec0d58 elementor-widget elementor-widget-image\" data-id=\"eec0d58\" data-element_type=\"widget\" data-widget_type=\"image.default\">\n<div class=\"elementor-widget-container\"> <img loading=\"lazy\" decoding=\"async\" width=\"790\" height=\"790\" src=\"https:\/\/hightopgroup.com\/wp-content\/uploads\/2024\/11\/\u65b012\u7279\u5f814.jpg\" class=\"attachment-large size-large wp-image-3181\" alt=\"\u65b012\u7279\u5f814\" srcset=\"https:\/\/hightopgroup.com\/wp-content\/uploads\/2024\/11\/\u65b012\u7279\u5f814.jpg 790w, https:\/\/hightopgroup.com\/wp-content\/uploads\/2024\/11\/\u65b012\u7279\u5f814-300x300.jpg 300w, https:\/\/hightopgroup.com\/wp-content\/uploads\/2024\/11\/\u65b012\u7279\u5f814-150x150.jpg 150w, https:\/\/hightopgroup.com\/wp-content\/uploads\/2024\/11\/\u65b012\u7279\u5f814-768x768.jpg 768w, https:\/\/hightopgroup.com\/wp-content\/uploads\/2024\/11\/\u65b012\u7279\u5f814-600x600.jpg 600w\" sizes=\"auto, (max-width: 790px) 100vw, 790px\" title=\"HT12 1.2ton Mini Excavator 5\"><\/div>\n<\/div>\n<div class=\"elementor-element elementor-element-cb9c692 elementor-widget elementor-widget-heading\" data-id=\"cb9c692\" data-element_type=\"widget\" data-widget_type=\"heading.default\">\n<div class=\"elementor-widget-container\">\n<h2 class=\"elementor-heading-title elementor-size-default\">Tubes hydrauliques de marque import\u00e9e<\/h2>\n<\/div>\n<\/div>\n<div class=\"elementor-element elementor-element-4da304d elementor-widget elementor-widget-text-editor\" data-id=\"4da304d\" data-element_type=\"widget\" data-widget_type=\"text-editor.default\">\n<div class=\"elementor-widget-container\">\n<p>Les tuyaux hydrauliques sont tous import\u00e9s de Continental AG Germany Company .<\/p>\n<p>Pour les autres pi\u00e8ces hydrauliques et les chenilles, nous coop\u00e9rons avec des fabricants nationaux r\u00e9put\u00e9s.<\/p>\n<\/div>\n<\/div>\n<\/div>\n<div class=\"elementor-element elementor-element-c218b52 e-con-full e-flex e-con e-child\" data-id=\"c218b52\" data-element_type=\"container\">\n<div class=\"elementor-element elementor-element-f6c1e7c elementor-widget elementor-widget-image\" data-id=\"f6c1e7c\" data-element_type=\"widget\" data-widget_type=\"image.default\">\n<div class=\"elementor-widget-container\"> <img loading=\"lazy\" decoding=\"async\" width=\"790\" height=\"790\" src=\"https:\/\/hightopgroup.com\/wp-content\/uploads\/2024\/11\/\u65b012\u7279\u5f815.jpg\" class=\"attachment-large size-large wp-image-3182\" alt=\"\u65b012\u7279\u5f815\" srcset=\"https:\/\/hightopgroup.com\/wp-content\/uploads\/2024\/11\/\u65b012\u7279\u5f815.jpg 790w, https:\/\/hightopgroup.com\/wp-content\/uploads\/2024\/11\/\u65b012\u7279\u5f815-300x300.jpg 300w, https:\/\/hightopgroup.com\/wp-content\/uploads\/2024\/11\/\u65b012\u7279\u5f815-150x150.jpg 150w, https:\/\/hightopgroup.com\/wp-content\/uploads\/2024\/11\/\u65b012\u7279\u5f815-768x768.jpg 768w, https:\/\/hightopgroup.com\/wp-content\/uploads\/2024\/11\/\u65b012\u7279\u5f815-600x600.jpg 600w\" sizes=\"auto, (max-width: 790px) 100vw, 790px\" title=\"HT12 1.2ton Mini Excavator 6\"><\/div>\n<\/div>\n<div class=\"elementor-element elementor-element-ff7b179 elementor-widget elementor-widget-heading\" data-id=\"ff7b179\" data-element_type=\"widget\" data-widget_type=\"heading.default\">\n<div class=\"elementor-widget-container\">\n<h2 class=\"elementor-heading-title elementor-size-default\">Bouteur d'\u00e9largissement et d'\u00e9paississement<\/h2>\n<\/div>\n<\/div>\n<div class=\"elementor-element elementor-element-2c6cde4 elementor-widget elementor-widget-text-editor\" data-id=\"2c6cde4\" data-element_type=\"widget\" data-widget_type=\"text-editor.default\">\n<div class=\"elementor-widget-container\">\n<p>La lame de pelleteuse prot\u00e8ge efficacement le fuselage, am\u00e9liore l'efficacit\u00e9 du travail, mais aussi la s\u00e9curit\u00e9 des op\u00e9rations.<\/p>\n<\/div>\n<\/div>\n<\/div>\n<p>&nbsp;<\/p>\n<p>Param\u00e8tres<\/p>\n<div class=\"elementor-element elementor-element-de5a9f0 e-con-full e-flex e-con e-child\" data-id=\"de5a9f0\" data-element_type=\"container\">\n<div class=\"elementor-element elementor-element-e52e0c9 elementor-widget elementor-widget-text-editor\" data-id=\"e52e0c9\" data-element_type=\"widget\" data-widget_type=\"text-editor.default\">\n<div class=\"elementor-widget-container\">\n<table width=\"393\">\n<tbody>\n<tr>\n<td width=\"171\">Mod\u00e8le :<\/td>\n<td width=\"222\">HT12<\/td>\n<\/tr>\n<tr>\n<td>Moteur :<\/td>\n<td>KOOP 192F<\/td>\n<\/tr>\n<tr>\n<td>Moteur en option :<\/td>\n<td>RATO, Briggs&amp;stratton<\/td>\n<\/tr>\n<tr>\n<td>Puissance du moteur :<\/td>\n<td>7KW<\/td>\n<\/tr>\n<tr>\n<td>Poids en ordre de marche<\/td>\n<td>&nbsp;1200kg<\/td>\n<\/tr>\n<tr>\n<td>Capacit\u00e9 du godet :<\/td>\n<td>0.02m\u00b3<\/td>\n<\/tr>\n<tr>\n<td>Largeur de la voie :<\/td>\n<td>180 mm<\/td>\n<\/tr>\n<tr>\n<td>Longueur de la piste :<\/td>\n<td>1200mm<\/td>\n<\/tr>\n<tr>\n<td>Largeur de la benne :<\/td>\n<td>400mm<\/td>\n<\/tr>\n<tr>\n<td>Hauteur de creusement :<\/td>\n<td>2500mm<\/td>\n<\/tr>\n<tr>\n<td>Profondeur de fouille :<\/td>\n<td>1700mm<\/td>\n<\/tr>\n<tr>\n<td>Longueur de transport :<\/td>\n<td>2100mm<\/td>\n<\/tr>\n<tr>\n<td>Hauteur de d\u00e9chargement :<\/td>\n<td>1820mm<\/td>\n<\/tr>\n<tr>\n<td>Hauteur totale :<\/td>\n<td>2150mm<\/td>\n<\/tr>\n<tr>\n<td>Garde au sol :<\/td>\n<td>380 mm<\/td>\n<\/tr>\n<tr>\n<td>Pas de la roue<\/td>\n<td>580mm<\/td>\n<\/tr>\n<tr>\n<td>Largeur du ch\u00e2ssis<\/td>\n<td>940 mm ou 1100 mm<\/td>\n<\/tr>\n<tr>\n<td>Taille de la machine :<\/td>\n<td>2200*940*2150mm<\/td>\n<\/tr>\n<tr>\n<td>Fonction optionnelle :<\/td>\n<td>Boom swing<\/td>\n<\/tr>\n<tr>\n<td>&nbsp;<\/td>\n<td>Voie r\u00e9tractable<\/td>\n<\/tr>\n<tr>\n<td>&nbsp;<\/td>\n<td>Cabine<\/td>\n<\/tr>\n<tr>\n<td>&nbsp;<\/td>\n<td>Contr\u00f4le du pilote<\/td>\n<\/tr>\n<\/tbody>\n<\/table>\n<\/div>\n<\/div>\n<\/div>\n<div class=\"elementor-element elementor-element-3fbb200 e-con-full e-flex e-con e-child\" data-id=\"3fbb200\" data-element_type=\"container\">\n<div class=\"elementor-element elementor-element-9b29a08 elementor-widget elementor-widget-image\" data-id=\"9b29a08\" data-element_type=\"widget\" data-widget_type=\"image.default\">\n<div class=\"elementor-widget-container\"> <img loading=\"lazy\" decoding=\"async\" width=\"538\" height=\"1024\" src=\"https:\/\/hightopgroup.com\/wp-content\/uploads\/2024\/11\/\u65b012\u53c2\u6570-538x1024.jpg\" class=\"attachment-large size-large wp-image-3169\" alt=\"\u65b012\u53c2\u6570\" srcset=\"https:\/\/hightopgroup.com\/wp-content\/uploads\/2024\/11\/\u65b012\u53c2\u6570-538x1024.jpg 538w, https:\/\/hightopgroup.com\/wp-content\/uploads\/2024\/11\/\u65b012\u53c2\u6570-158x300.jpg 158w, https:\/\/hightopgroup.com\/wp-content\/uploads\/2024\/11\/\u65b012\u53c2\u6570-768x1462.jpg 768w, https:\/\/hightopgroup.com\/wp-content\/uploads\/2024\/11\/\u65b012\u53c2\u6570-600x1142.jpg 600w, https:\/\/hightopgroup.com\/wp-content\/uploads\/2024\/11\/\u65b012\u53c2\u6570.jpg 790w\" sizes=\"auto, (max-width: 538px) 100vw, 538px\" title=\"HT12 1.2ton Mini Excavator 7\"><\/div>\n<\/div>\n<\/div>","protected":false},"excerpt":{"rendered":"<p>Vue d'ensemble Grande efficacit\u00e9 en termes de co\u00fbts : En tant qu'usine autonome situ\u00e9e dans la base chinoise de fabrication d'engins de construction, nous sommes en mesure de produire des mini-mat\u00e9riaux de construction.<\/p>","protected":false},"featured_media":16668,"template":"","meta":{"rank_math_lock_modified_date":false},"product_brand":[],"product_cat":[21],"product_tag":[],"class_list":{"0":"post-16666","1":"product","2":"type-product","3":"status-publish","4":"has-post-thumbnail","6":"product_cat-mini-excavator","8":"first","9":"instock","10":"product-type-simple"},"_links":{"self":[{"href":"https:\/\/beleevo.prowebplanners.com\/fr\/wp-json\/wp\/v2\/product\/16666","targetHints":{"allow":["GET"]}}],"collection":[{"href":"https:\/\/beleevo.prowebplanners.com\/fr\/wp-json\/wp\/v2\/product"}],"about":[{"href":"https:\/\/beleevo.prowebplanners.com\/fr\/wp-json\/wp\/v2\/types\/product"}],"version-history":[{"count":1,"href":"https:\/\/beleevo.prowebplanners.com\/fr\/wp-json\/wp\/v2\/product\/16666\/revisions"}],"predecessor-version":[{"id":16667,"href":"https:\/\/beleevo.prowebplanners.com\/fr\/wp-json\/wp\/v2\/product\/16666\/revisions\/16667"}],"wp:featuredmedia":[{"embeddable":true,"href":"https:\/\/beleevo.prowebplanners.com\/fr\/wp-json\/wp\/v2\/media\/16668"}],"wp:attachment":[{"href":"https:\/\/beleevo.prowebplanners.com\/fr\/wp-json\/wp\/v2\/media?parent=16666"}],"wp:term":[{"taxonomy":"product_brand","embeddable":true,"href":"https:\/\/beleevo.prowebplanners.com\/fr\/wp-json\/wp\/v2\/product_brand?post=16666"},{"taxonomy":"product_cat","embeddable":true,"href":"https:\/\/beleevo.prowebplanners.com\/fr\/wp-json\/wp\/v2\/product_cat?post=16666"},{"taxonomy":"product_tag","embeddable":true,"href":"https:\/\/beleevo.prowebplanners.com\/fr\/wp-json\/wp\/v2\/product_tag?post=16666"}],"curies":[{"name":"wp","href":"https:\/\/api.w.org\/{rel}","templated":true}]}}