{"id":16643,"date":"2025-07-23T13:28:13","date_gmt":"2025-07-23T13:28:13","guid":{"rendered":"https:\/\/beleevo.prowebplanners.com\/produit\/ht10g-1ton-mini-excavator\/"},"modified":"2025-07-23T13:29:22","modified_gmt":"2025-07-23T13:29:22","slug":"ht10g-1ton-mini-excavator","status":"publish","type":"product","link":"https:\/\/beleevo.prowebplanners.com\/fr\/produit\/ht10g-1ton-mini-excavator\/","title":{"rendered":"HT10G 1ton Mini Excavator"},"content":{"rendered":"<p>Vue d'ensemble<\/p>\n<div class=\"elementor-element elementor-element-3d00484 elementor-widget__width-initial elementor-widget elementor-widget-text-editor\" data-id=\"3d00484\" data-element_type=\"widget\" data-widget_type=\"text-editor.default\">\n<div class=\"elementor-widget-container\">\n<ol>\n<li>Rentabilit\u00e9 \u00e9lev\u00e9e : En tant qu'usine autonome situ\u00e9e dans la base chinoise de fabrication de machines de construction, nous sommes en mesure de produire des mini-pelles \u00e0 des co\u00fbts inf\u00e9rieurs, y compris les co\u00fbts de la main-d'\u0153uvre et des mati\u00e8res premi\u00e8res, et de fournir \u00e0 nos clients des produits tr\u00e8s rentables.<\/li>\n<li>Approvisionnement \u00e0 guichet unique : En tant qu'usine autonome, nous proposons une large gamme de produits, couvrant les machines de construction compactes, ce qui permet aux clients de se procurer tout l'\u00e9quipement n\u00e9cessaire en un seul endroit.<\/li>\n<li>Qualit\u00e9 et performances professionnelles : Avec des ann\u00e9es d'exp\u00e9rience dans la production, nos produits ont obtenu les certifications CE, SGS, TUV et ISO, offrant une qualit\u00e9 et des performances de niveau professionnel pour les petits projets de construction.<\/li>\n<li>Service apr\u00e8s-vente complet : Notre \u00e9quipe professionnelle de vente et de maintenance propose des services de consultation et d'assistance apr\u00e8s-vente, dans le but de maximiser les performances des \u00e9quipements, d'assurer une ex\u00e9cution sans heurts des projets et de fournir une assistance technique tout au long de la vie.<\/li>\n<\/ol>\n<\/div>\n<\/div>\n<div class=\"elementor-element elementor-element-eec99f5 elementor-widget__width-initial elementor-widget elementor-widget-video\" data-id=\"eec99f5\" data-element_type=\"widget\" data-settings=\"{&quot;youtube_url&quot;:&quot;https:\/\/youtu.be\/RJp5b62ygHA&quot;,&quot;show_image_overlay&quot;:&quot;yes&quot;,&quot;image_overlay&quot;:{&quot;url&quot;:&quot;https:\/\/hightopgroup.com\/wp-content\/uploads\/2024\/11\/10Gu4e3bu56fe-2.jpg&quot;,&quot;id&quot;:3231,&quot;size&quot;:&quot;&quot;,&quot;alt&quot;:&quot;&quot;,&quot;source&quot;:&quot;library&quot;},&quot;video_type&quot;:&quot;youtube&quot;,&quot;controls&quot;:&quot;yes&quot;}\" data-widget_type=\"video.default\">\n<div class=\"elementor-widget-container\">\n<div class=\"elementor-wrapper elementor-open-inline\">\n<div class=\"elementor-video\"><\/div>\n<div class=\"elementor-custom-embed-image-overlay\" style=\"background-image: url(https:\/\/hightopgroup.com\/wp-content\/uploads\/2024\/11\/10G\u4e3b\u56fe-2.jpg);\">\n<div class=\"elementor-custom-embed-play\" role=\"button\" aria-label=\"Lire la vid\u00e9o\" tabindex=\"0\"> <svg aria-hidden=\"true\" class=\"e-font-icon-svg e-eicon-play\" viewbox=\"0 0 1000 1000\"><path d=\"M838 162C746 71 633 25 500 25 371 25 258 71 163 162 71 254 25 367 25 500 25 633 71 746 163 837 254 929 367 979 500 979 633 979 746 933 838 837 929 746 975 633 975 500 975 367 929 254 838 162M808 192C892 279 933 379 933 500 933 621 892 725 808 808 725 892 621 938 500 938 379 938 279 896 196 808 113 725 67 621 67 500 67 379 108 279 196 192 279 108 383 62 500 62 621 62 721 108 808 192M438 392V642L642 517 438 392Z\" \/><\/svg><\/div>\n<\/div>\n<\/div>\n<\/div>\n<\/div>\n<p>&nbsp;<\/p>\n<p>Caract\u00e9ristiques et avantages<\/p>\n<div class=\"elementor-element elementor-element-138b23e e-con-full e-flex e-con e-child\" data-id=\"138b23e\" data-element_type=\"container\">\n<div class=\"elementor-element elementor-element-dc31022 elementor-widget elementor-widget-image\" data-id=\"dc31022\" data-element_type=\"widget\" data-widget_type=\"image.default\">\n<div class=\"elementor-widget-container\"> <img fetchpriority=\"high\" decoding=\"async\" width=\"790\" height=\"790\" src=\"https:\/\/hightopgroup.com\/wp-content\/uploads\/2024\/11\/10G\u7279\u5f812\u53d1\u52a8\u673a.jpg\" class=\"attachment-large size-large wp-image-3239\" alt=\"10G\u7279\u5f812\u53d1\u52a8\u673a\" srcset=\"https:\/\/hightopgroup.com\/wp-content\/uploads\/2024\/11\/10G\u7279\u5f812\u53d1\u52a8\u673a.jpg 790w, https:\/\/hightopgroup.com\/wp-content\/uploads\/2024\/11\/10G\u7279\u5f812\u53d1\u52a8\u673a-300x300.jpg 300w, https:\/\/hightopgroup.com\/wp-content\/uploads\/2024\/11\/10G\u7279\u5f812\u53d1\u52a8\u673a-150x150.jpg 150w, https:\/\/hightopgroup.com\/wp-content\/uploads\/2024\/11\/10G\u7279\u5f812\u53d1\u52a8\u673a-768x768.jpg 768w, https:\/\/hightopgroup.com\/wp-content\/uploads\/2024\/11\/10G\u7279\u5f812\u53d1\u52a8\u673a-600x600.jpg 600w\" sizes=\"(max-width: 790px) 100vw, 790px\" title=\"HT10G 1ton Mini Excavator 1\"><\/div>\n<\/div>\n<div class=\"elementor-element elementor-element-7fcb316 elementor-widget elementor-widget-heading\" data-id=\"7fcb316\" data-element_type=\"widget\" data-widget_type=\"heading.default\">\n<div class=\"elementor-widget-container\">\n<h2 class=\"elementor-heading-title elementor-size-default\">moteur haute performance<\/h2>\n<\/div>\n<\/div>\n<div class=\"elementor-element elementor-element-1aa33d7 elementor-widget elementor-widget-text-editor\" data-id=\"1aa33d7\" data-element_type=\"widget\" data-widget_type=\"text-editor.default\">\n<div class=\"elementor-widget-container\">\n<p>La mini-pelle HT10G adopte le moteur KOOP 192F ou Bailiton de marque r\u00e9put\u00e9e, qui r\u00e9pond aux exigences europ\u00e9ennes et am\u00e9ricaines en mati\u00e8re d'\u00e9missions et dont la puissance peut atteindre 7KW. Sa puissance de sortie tr\u00e8s efficace et ses caract\u00e9ristiques de fonctionnement stables permettent \u00e0 cette mini-pelle d'\u00eatre performante sur une vari\u00e9t\u00e9 de terrains et d'environnements de travail complexes.<\/p>\n<\/div>\n<\/div>\n<\/div>\n<div class=\"elementor-element elementor-element-b74d99a e-con-full e-flex e-con e-child\" data-id=\"b74d99a\" data-element_type=\"container\">\n<div class=\"elementor-element elementor-element-d474faf elementor-widget elementor-widget-image\" data-id=\"d474faf\" data-element_type=\"widget\" data-widget_type=\"image.default\">\n<div class=\"elementor-widget-container\"> <img decoding=\"async\" width=\"790\" height=\"790\" src=\"https:\/\/hightopgroup.com\/wp-content\/uploads\/2024\/11\/10G\u7279\u5f812.jpg\" class=\"attachment-large size-large wp-image-3238\" alt=\"10G\u7279\u5f812\" srcset=\"https:\/\/hightopgroup.com\/wp-content\/uploads\/2024\/11\/10G\u7279\u5f812.jpg 790w, https:\/\/hightopgroup.com\/wp-content\/uploads\/2024\/11\/10G\u7279\u5f812-300x300.jpg 300w, https:\/\/hightopgroup.com\/wp-content\/uploads\/2024\/11\/10G\u7279\u5f812-150x150.jpg 150w, https:\/\/hightopgroup.com\/wp-content\/uploads\/2024\/11\/10G\u7279\u5f812-768x768.jpg 768w, https:\/\/hightopgroup.com\/wp-content\/uploads\/2024\/11\/10G\u7279\u5f812-600x600.jpg 600w\" sizes=\"(max-width: 790px) 100vw, 790px\" title=\"HT10G 1ton Mini Excavator 2\"><\/div>\n<\/div>\n<div class=\"elementor-element elementor-element-97e9dde elementor-widget elementor-widget-heading\" data-id=\"97e9dde\" data-element_type=\"widget\" data-widget_type=\"heading.default\">\n<div class=\"elementor-widget-container\">\n<h2 class=\"elementor-heading-title elementor-size-default\">Conception durable<\/h2>\n<\/div>\n<\/div>\n<div class=\"elementor-element elementor-element-2c77c6d elementor-widget elementor-widget-text-editor\" data-id=\"2c77c6d\" data-element_type=\"widget\" data-widget_type=\"text-editor.default\">\n<div class=\"elementor-widget-container\">\n<p>Les pi\u00e8ces structurelles de l'excavateur Hightop sont trait\u00e9es par des fabricants renomm\u00e9s, et l'ensemble du v\u00e9hicule est pass\u00e9 par les processus de grenaillage, de d\u00e9capage, de phosphatation et de pulv\u00e9risation de plastique, qui augmentent l'adh\u00e9rence des mol\u00e9cules de peinture, sans d\u00e9coloration, ce qui rend la machine plus lisse et plus durable. Alors que d'autres fabricants se contentent de polir et de pulv\u00e9riser de la peinture, la carrosserie de la machine rouille facilement.<\/p>\n<\/div>\n<\/div>\n<\/div>\n<div class=\"elementor-element elementor-element-7aad0d8 e-con-full e-flex e-con e-child\" data-id=\"7aad0d8\" data-element_type=\"container\">\n<div class=\"elementor-element elementor-element-fbca415 elementor-widget elementor-widget-image\" data-id=\"fbca415\" data-element_type=\"widget\" data-widget_type=\"image.default\">\n<div class=\"elementor-widget-container\"> <img decoding=\"async\" width=\"790\" height=\"790\" src=\"https:\/\/hightopgroup.com\/wp-content\/uploads\/2024\/11\/10G\u7279\u5f813\u6db2\u538b\u7ba1.jpg\" class=\"attachment-large size-large wp-image-3240\" alt=\"10G\u7279\u5f813\u6db2\u538b\u7ba1\" srcset=\"https:\/\/hightopgroup.com\/wp-content\/uploads\/2024\/11\/10G\u7279\u5f813\u6db2\u538b\u7ba1.jpg 790w, https:\/\/hightopgroup.com\/wp-content\/uploads\/2024\/11\/10G\u7279\u5f813\u6db2\u538b\u7ba1-300x300.jpg 300w, https:\/\/hightopgroup.com\/wp-content\/uploads\/2024\/11\/10G\u7279\u5f813\u6db2\u538b\u7ba1-150x150.jpg 150w, https:\/\/hightopgroup.com\/wp-content\/uploads\/2024\/11\/10G\u7279\u5f813\u6db2\u538b\u7ba1-768x768.jpg 768w, https:\/\/hightopgroup.com\/wp-content\/uploads\/2024\/11\/10G\u7279\u5f813\u6db2\u538b\u7ba1-600x600.jpg 600w\" sizes=\"(max-width: 790px) 100vw, 790px\" title=\"HT10G 1ton Mini Excavator 3\"><\/div>\n<\/div>\n<div class=\"elementor-element elementor-element-1a03bb3 elementor-widget elementor-widget-heading\" data-id=\"1a03bb3\" data-element_type=\"widget\" data-widget_type=\"heading.default\">\n<div class=\"elementor-widget-container\">\n<h2 class=\"elementor-heading-title elementor-size-default\">Grande sati\u00e9t\u00e9<\/h2>\n<\/div>\n<\/div>\n<div class=\"elementor-element elementor-element-cb9ac85 elementor-widget elementor-widget-text-editor\" data-id=\"cb9ac85\" data-element_type=\"widget\" data-widget_type=\"text-editor.default\">\n<div class=\"elementor-widget-container\">\n<p>Les tuyaux hydrauliques de la mini-pelle HT10G sont import\u00e9s d'Allemagne et poss\u00e8dent d'excellentes propri\u00e9t\u00e9s anti-usure et anti-vieillissement, ainsi qu'une bonne flexibilit\u00e9 et une bonne r\u00e9sistance \u00e0 la traction, ce qui permet d'\u00e9viter efficacement les fuites d'huile hydraulique, garantissant ainsi le fonctionnement normal de l'ensemble du syst\u00e8me hydraulique et am\u00e9liorant la fiabilit\u00e9 et la durabilit\u00e9 de la mini-pelle.<\/p>\n<\/div>\n<\/div>\n<\/div>\n<div class=\"elementor-element elementor-element-c6bb502 e-con-full e-flex e-con e-child\" data-id=\"c6bb502\" data-element_type=\"container\">\n<div class=\"elementor-element elementor-element-a654cb5 elementor-widget elementor-widget-image\" data-id=\"a654cb5\" data-element_type=\"widget\" data-widget_type=\"image.default\">\n<div class=\"elementor-widget-container\"> <img loading=\"lazy\" decoding=\"async\" width=\"790\" height=\"790\" src=\"https:\/\/hightopgroup.com\/wp-content\/uploads\/2024\/11\/10G\u7279\u5f8109\u4fa7\u6446.jpg\" class=\"attachment-large size-large wp-image-3242\" alt=\"10G\u7279\u5f8109\u4fa7\u6446\" srcset=\"https:\/\/hightopgroup.com\/wp-content\/uploads\/2024\/11\/10G\u7279\u5f8109\u4fa7\u6446.jpg 790w, https:\/\/hightopgroup.com\/wp-content\/uploads\/2024\/11\/10G\u7279\u5f8109\u4fa7\u6446-300x300.jpg 300w, https:\/\/hightopgroup.com\/wp-content\/uploads\/2024\/11\/10G\u7279\u5f8109\u4fa7\u6446-150x150.jpg 150w, https:\/\/hightopgroup.com\/wp-content\/uploads\/2024\/11\/10G\u7279\u5f8109\u4fa7\u6446-768x768.jpg 768w, https:\/\/hightopgroup.com\/wp-content\/uploads\/2024\/11\/10G\u7279\u5f8109\u4fa7\u6446-600x600.jpg 600w\" sizes=\"auto, (max-width: 790px) 100vw, 790px\" title=\"HT10G 1ton Mini Excavator 4\"><\/div>\n<\/div>\n<div class=\"elementor-element elementor-element-84b165c elementor-widget elementor-widget-heading\" data-id=\"84b165c\" data-element_type=\"widget\" data-widget_type=\"heading.default\">\n<div class=\"elementor-widget-container\">\n<h2 class=\"elementor-heading-title elementor-size-default\">FL\u00c8CHE PIVOTANTE EN OPTION<\/h2>\n<\/div>\n<\/div>\n<div class=\"elementor-element elementor-element-9db03b7 elementor-widget elementor-widget-text-editor\" data-id=\"9db03b7\" data-element_type=\"widget\" data-widget_type=\"text-editor.default\">\n<div class=\"elementor-widget-container\">\n<p>La fl\u00e8che peut \u00eatre d\u00e9vi\u00e9e de 60 degr\u00e9s en tournant \u00e0 gauche et \u00e0 droite, ce qui rend le travail plus flexible. Les autres usines ne peuvent concevoir qu'une fl\u00e8che fixe ou une rotation de 30 degr\u00e9s.<\/p>\n<\/div>\n<\/div>\n<\/div>\n<div class=\"elementor-element elementor-element-b2de1b5 e-con-full e-flex e-con e-child\" data-id=\"b2de1b5\" data-element_type=\"container\">\n<div class=\"elementor-element elementor-element-eec0d58 elementor-widget elementor-widget-image\" data-id=\"eec0d58\" data-element_type=\"widget\" data-widget_type=\"image.default\">\n<div class=\"elementor-widget-container\"> <img loading=\"lazy\" decoding=\"async\" width=\"790\" height=\"790\" src=\"https:\/\/hightopgroup.com\/wp-content\/uploads\/2024\/11\/10G\u7279\u5f8101\u4e3b\u9600.jpg\" class=\"attachment-large size-large wp-image-3237\" alt=\"10G\u7279\u5f8101\u4e3b\u9600\" srcset=\"https:\/\/hightopgroup.com\/wp-content\/uploads\/2024\/11\/10G\u7279\u5f8101\u4e3b\u9600.jpg 790w, https:\/\/hightopgroup.com\/wp-content\/uploads\/2024\/11\/10G\u7279\u5f8101\u4e3b\u9600-300x300.jpg 300w, https:\/\/hightopgroup.com\/wp-content\/uploads\/2024\/11\/10G\u7279\u5f8101\u4e3b\u9600-150x150.jpg 150w, https:\/\/hightopgroup.com\/wp-content\/uploads\/2024\/11\/10G\u7279\u5f8101\u4e3b\u9600-768x768.jpg 768w, https:\/\/hightopgroup.com\/wp-content\/uploads\/2024\/11\/10G\u7279\u5f8101\u4e3b\u9600-600x600.jpg 600w\" sizes=\"auto, (max-width: 790px) 100vw, 790px\" title=\"HT10G 1ton Mini Excavator 5\"><\/div>\n<\/div>\n<div class=\"elementor-element elementor-element-cb9c692 elementor-widget elementor-widget-heading\" data-id=\"cb9c692\" data-element_type=\"widget\" data-widget_type=\"heading.default\">\n<div class=\"elementor-widget-container\">\n<h2 class=\"elementor-heading-title elementor-size-default\">excellent composant majeur<\/h2>\n<\/div>\n<\/div>\n<div class=\"elementor-element elementor-element-4da304d elementor-widget elementor-widget-text-editor\" data-id=\"4da304d\" data-element_type=\"widget\" data-widget_type=\"text-editor.default\">\n<div class=\"elementor-widget-container\">\n<p>Les principaux composants de la machine proviennent des pays d\u00e9velopp\u00e9s : pompe hydraulique principale japonaise, soupape principale italienne, moteur de pivotement et moteur de translation italiens.<\/p>\n<\/div>\n<\/div>\n<\/div>\n<div class=\"elementor-element elementor-element-c218b52 e-con-full e-flex e-con e-child\" data-id=\"c218b52\" data-element_type=\"container\">\n<div class=\"elementor-element elementor-element-f6c1e7c elementor-widget elementor-widget-image\" data-id=\"f6c1e7c\" data-element_type=\"widget\" data-widget_type=\"image.default\">\n<div class=\"elementor-widget-container\"> <img loading=\"lazy\" decoding=\"async\" width=\"800\" height=\"800\" src=\"https:\/\/hightopgroup.com\/wp-content\/uploads\/2024\/11\/10G\u7279\u5f8107-1024x1024.jpg\" class=\"attachment-large size-large wp-image-3241\" alt=\"10G\u7279\u5f8107\" srcset=\"https:\/\/hightopgroup.com\/wp-content\/uploads\/2024\/11\/10G\u7279\u5f8107-1024x1024.jpg 1024w, https:\/\/hightopgroup.com\/wp-content\/uploads\/2024\/11\/10G\u7279\u5f8107-300x300.jpg 300w, https:\/\/hightopgroup.com\/wp-content\/uploads\/2024\/11\/10G\u7279\u5f8107-150x150.jpg 150w, https:\/\/hightopgroup.com\/wp-content\/uploads\/2024\/11\/10G\u7279\u5f8107-768x768.jpg 768w, https:\/\/hightopgroup.com\/wp-content\/uploads\/2024\/11\/10G\u7279\u5f8107-1536x1536.jpg 1536w, https:\/\/hightopgroup.com\/wp-content\/uploads\/2024\/11\/10G\u7279\u5f8107-600x600.jpg 600w, https:\/\/hightopgroup.com\/wp-content\/uploads\/2024\/11\/10G\u7279\u5f8107.jpg 1800w\" sizes=\"auto, (max-width: 800px) 100vw, 800px\" title=\"HT10G 1ton Mini Excavator 6\"><\/div>\n<\/div>\n<div class=\"elementor-element elementor-element-ff7b179 elementor-widget elementor-widget-heading\" data-id=\"ff7b179\" data-element_type=\"widget\" data-widget_type=\"heading.default\">\n<div class=\"elementor-widget-container\">\n<h2 class=\"elementor-heading-title elementor-size-default\">lame de remblayage<\/h2>\n<\/div>\n<\/div>\n<div class=\"elementor-element elementor-element-2c6cde4 elementor-widget elementor-widget-text-editor\" data-id=\"2c6cde4\" data-element_type=\"widget\" data-widget_type=\"text-editor.default\">\n<div class=\"elementor-widget-container\">\n<p>La longueur de la lame de remblayage peut \u00eatre ajust\u00e9e en fonction de l'\u00e9tendue du travail : 84cm-105cm, la hauteur de travail de la lame de remblayage peut \u00eatre r\u00e9gl\u00e9e de -15cm \u00e0 15cm. .<\/p>\n<\/div>\n<\/div>\n<\/div>\n<p>&nbsp;<\/p>\n<p>Param\u00e8tres<\/p>\n<div class=\"elementor-element elementor-element-de5a9f0 e-con-full e-flex e-con e-child\" data-id=\"de5a9f0\" data-element_type=\"container\">\n<div class=\"elementor-element elementor-element-e52e0c9 elementor-widget elementor-widget-text-editor\" data-id=\"e52e0c9\" data-element_type=\"widget\" data-widget_type=\"text-editor.default\">\n<div class=\"elementor-widget-container\">\n<p>Mod\u00e8le:HT10G<\/p>\n<p>Poids : 1000kg<\/p>\n<p>Capacit\u00e9 du godet de fouille : 0,025cbm\/120kg<\/p>\n<p>Vitesse de rotation : 12RMP<\/p>\n<p>Capacit\u00e9 d'escalade : 30\u00b0.<\/p>\n<p>Moteur : KOOP 192\/Briggs&amp;Stratton<\/p>\n<p>Valve principale : Beifang<\/p>\n<p>Puissance nominale : 7KW<\/p>\n<p>Longueur totale \/ longueur de transport A\/M :4000\/2380mm &nbsp;<\/p>\n<p>Largeur totale : 940 mm &nbsp;&nbsp;&nbsp;&nbsp;&nbsp;&nbsp;&nbsp;&nbsp;&nbsp;<\/p>\n<p>Hauteur totale (toit de la cabine) : 2268mm<\/p>\n<p>Largeur totale de la voie : 930 mm<\/p>\n<p>Largeur standard de la plaque de roulement : 180 mm<\/p>\n<p>\u00c9cartement des rails : 750mm<\/p>\n<p>Empattement : 884 mm<\/p>\n<p>Longueur de la voie au sol : 962 mm<\/p>\n<p>Longueur de la voie : 1204 mm<\/p>\n<p>Garde au sol minimale : 100 mm<\/p>\n<p>Rayon de pivotement de la queue : 810mm<\/p>\n<p>Max. Hauteur de fouille : 2455mm<\/p>\n<p>Hauteur de d\u00e9versement max. Hauteur de d\u00e9versement : 1650mm<\/p>\n<p>Profondeur de fouille max. Profondeur de fouille : 1855 mm<\/p>\n<p>Rayon de creusement max. Rayon de creusement sur le sol : 3050mm<\/p>\n<p>Rayon de creusement max. : 3130mm<\/p>\n<\/div>\n<\/div>\n<\/div>\n<div class=\"elementor-element elementor-element-3fbb200 e-con-full e-flex e-con e-child\" data-id=\"3fbb200\" data-element_type=\"container\">\n<div class=\"elementor-element elementor-element-9b29a08 elementor-widget elementor-widget-image\" data-id=\"9b29a08\" data-element_type=\"widget\" data-widget_type=\"image.default\">\n<div class=\"elementor-widget-container\"> <img loading=\"lazy\" decoding=\"async\" width=\"624\" height=\"1024\" src=\"https:\/\/hightopgroup.com\/wp-content\/uploads\/2024\/11\/10G\u53c2\u6570-624x1024.jpg\" class=\"attachment-large size-large wp-image-3236\" alt=\"10G\u53c2\u6570\" srcset=\"https:\/\/hightopgroup.com\/wp-content\/uploads\/2024\/11\/10G\u53c2\u6570-624x1024.jpg 624w, https:\/\/hightopgroup.com\/wp-content\/uploads\/2024\/11\/10G\u53c2\u6570-183x300.jpg 183w, https:\/\/hightopgroup.com\/wp-content\/uploads\/2024\/11\/10G\u53c2\u6570-768x1260.jpg 768w, https:\/\/hightopgroup.com\/wp-content\/uploads\/2024\/11\/10G\u53c2\u6570-600x984.jpg 600w, https:\/\/hightopgroup.com\/wp-content\/uploads\/2024\/11\/10G\u53c2\u6570.jpg 790w\" sizes=\"auto, (max-width: 624px) 100vw, 624px\" title=\"HT10G 1ton Mini Excavator 7\"><\/div>\n<\/div>\n<\/div>","protected":false},"excerpt":{"rendered":"<p>Vue d'ensemble Grande efficacit\u00e9 en termes de co\u00fbts : En tant qu'usine autonome situ\u00e9e dans la base chinoise de fabrication d'engins de construction, nous sommes en mesure de produire des mini-mat\u00e9riaux de construction.<\/p>","protected":false},"featured_media":16645,"template":"","meta":{"rank_math_lock_modified_date":false},"product_brand":[],"product_cat":[21],"product_tag":[],"class_list":{"0":"post-16643","1":"product","2":"type-product","3":"status-publish","4":"has-post-thumbnail","6":"product_cat-mini-excavator","8":"first","9":"instock","10":"product-type-simple"},"_links":{"self":[{"href":"https:\/\/beleevo.prowebplanners.com\/fr\/wp-json\/wp\/v2\/product\/16643","targetHints":{"allow":["GET"]}}],"collection":[{"href":"https:\/\/beleevo.prowebplanners.com\/fr\/wp-json\/wp\/v2\/product"}],"about":[{"href":"https:\/\/beleevo.prowebplanners.com\/fr\/wp-json\/wp\/v2\/types\/product"}],"version-history":[{"count":1,"href":"https:\/\/beleevo.prowebplanners.com\/fr\/wp-json\/wp\/v2\/product\/16643\/revisions"}],"predecessor-version":[{"id":16644,"href":"https:\/\/beleevo.prowebplanners.com\/fr\/wp-json\/wp\/v2\/product\/16643\/revisions\/16644"}],"wp:featuredmedia":[{"embeddable":true,"href":"https:\/\/beleevo.prowebplanners.com\/fr\/wp-json\/wp\/v2\/media\/16645"}],"wp:attachment":[{"href":"https:\/\/beleevo.prowebplanners.com\/fr\/wp-json\/wp\/v2\/media?parent=16643"}],"wp:term":[{"taxonomy":"product_brand","embeddable":true,"href":"https:\/\/beleevo.prowebplanners.com\/fr\/wp-json\/wp\/v2\/product_brand?post=16643"},{"taxonomy":"product_cat","embeddable":true,"href":"https:\/\/beleevo.prowebplanners.com\/fr\/wp-json\/wp\/v2\/product_cat?post=16643"},{"taxonomy":"product_tag","embeddable":true,"href":"https:\/\/beleevo.prowebplanners.com\/fr\/wp-json\/wp\/v2\/product_tag?post=16643"}],"curies":[{"name":"wp","href":"https:\/\/api.w.org\/{rel}","templated":true}]}}