{"id":16636,"date":"2025-07-23T13:28:13","date_gmt":"2025-07-23T13:28:13","guid":{"rendered":"https:\/\/beleevo.prowebplanners.com\/produit\/ht10c-1ton-mini-excavator\/"},"modified":"2025-07-23T13:29:09","modified_gmt":"2025-07-23T13:29:09","slug":"ht10c-1ton-mini-excavator","status":"publish","type":"product","link":"https:\/\/beleevo.prowebplanners.com\/fr\/produit\/ht10c-1ton-mini-excavator\/","title":{"rendered":"HT10C 1ton Mini Excavator"},"content":{"rendered":"<p>Vue d'ensemble<\/p>\n<div class=\"elementor-element elementor-element-3d00484 elementor-widget__width-initial elementor-widget elementor-widget-text-editor\" data-id=\"3d00484\" data-element_type=\"widget\" data-widget_type=\"text-editor.default\">\n<div class=\"elementor-widget-container\">\n<ol>\n<li>Un rapport co\u00fbt-efficacit\u00e9 \u00e9lev\u00e9 : En tant qu'usine autonome situ\u00e9e dans la base chinoise de fabrication d'engins de chantier, nous sommes en mesure de fabriquer des produits \u00e0 des co\u00fbts inf\u00e9rieurs, notamment en termes de main-d'\u0153uvre et de mati\u00e8res premi\u00e8res, et de fournir \u00e0 nos clients des produits d'un excellent rapport co\u00fbt-efficacit\u00e9.<\/li>\n<li>Approvisionnement \u00e0 guichet unique : En tant qu'usine autonome, nous proposons une large gamme de produits, couvrant les machines de construction compactes, ce qui permet aux clients de se procurer tout l'\u00e9quipement n\u00e9cessaire en un seul endroit.<\/li>\n<li>Qualit\u00e9 et performances professionnelles : Avec des ann\u00e9es d'exp\u00e9rience dans la production, nos produits ont obtenu les certifications CE, SGS, TUV et ISO, offrant une qualit\u00e9 et des performances de niveau professionnel pour les petits projets de construction.<\/li>\n<li>Service apr\u00e8s-vente complet : Notre \u00e9quipe professionnelle de vente et de maintenance propose des services de consultation et d'assistance apr\u00e8s-vente, dans le but de maximiser les performances des \u00e9quipements, d'assurer une ex\u00e9cution sans heurts des projets et de fournir une assistance technique tout au long de la vie.<\/li>\n<\/ol>\n<\/div>\n<\/div>\n<div class=\"elementor-element elementor-element-eec99f5 elementor-widget__width-initial elementor-widget elementor-widget-video\" data-id=\"eec99f5\" data-element_type=\"widget\" data-settings=\"{&quot;youtube_url&quot;:&quot;https:\/\/youtu.be\/YNTIR_erZrA?si=xT8p4D5zBuTw3xZH&quot;,&quot;show_image_overlay&quot;:&quot;yes&quot;,&quot;image_overlay&quot;:{&quot;url&quot;:&quot;https:\/\/hightopgroup.com\/wp-content\/uploads\/2024\/09\/10Cu6316u673a-6.jpg&quot;,&quot;id&quot;:2285,&quot;size&quot;:&quot;&quot;,&quot;alt&quot;:&quot;&quot;,&quot;source&quot;:&quot;library&quot;},&quot;video_type&quot;:&quot;youtube&quot;,&quot;controls&quot;:&quot;yes&quot;}\" data-widget_type=\"video.default\">\n<div class=\"elementor-widget-container\">\n<div class=\"elementor-wrapper elementor-open-inline\">\n<div class=\"elementor-video\"><\/div>\n<div class=\"elementor-custom-embed-image-overlay\" style=\"background-image: url(https:\/\/hightopgroup.com\/wp-content\/uploads\/2024\/09\/10C\u6316\u673a-6.jpg);\">\n<div class=\"elementor-custom-embed-play\" role=\"button\" aria-label=\"Lire la vid\u00e9o\" tabindex=\"0\"> <svg aria-hidden=\"true\" class=\"e-font-icon-svg e-eicon-play\" viewbox=\"0 0 1000 1000\"><path d=\"M838 162C746 71 633 25 500 25 371 25 258 71 163 162 71 254 25 367 25 500 25 633 71 746 163 837 254 929 367 979 500 979 633 979 746 933 838 837 929 746 975 633 975 500 975 367 929 254 838 162M808 192C892 279 933 379 933 500 933 621 892 725 808 808 725 892 621 938 500 938 379 938 279 896 196 808 113 725 67 621 67 500 67 379 108 279 196 192 279 108 383 62 500 62 621 62 721 108 808 192M438 392V642L642 517 438 392Z\" \/><\/svg><\/div>\n<\/div>\n<\/div>\n<\/div>\n<\/div>\n<p>&nbsp;<\/p>\n<p>Caract\u00e9ristiques et avantages<\/p>\n<div class=\"elementor-element elementor-element-138b23e e-con-full e-flex e-con e-child\" data-id=\"138b23e\" data-element_type=\"container\">\n<div class=\"elementor-element elementor-element-dc31022 elementor-widget elementor-widget-image\" data-id=\"dc31022\" data-element_type=\"widget\" data-widget_type=\"image.default\">\n<div class=\"elementor-widget-container\"> <img fetchpriority=\"high\" decoding=\"async\" width=\"800\" height=\"800\" src=\"https:\/\/hightopgroup.com\/wp-content\/uploads\/2024\/09\/10C\u7279\u5f81-3.jpg\" class=\"attachment-large size-large wp-image-2275\" alt=\"10C\u7279\u5f81 3\" srcset=\"https:\/\/hightopgroup.com\/wp-content\/uploads\/2024\/09\/10C\u7279\u5f81-3.jpg 1000w, https:\/\/hightopgroup.com\/wp-content\/uploads\/2024\/09\/10C\u7279\u5f81-3-300x300.jpg 300w, https:\/\/hightopgroup.com\/wp-content\/uploads\/2024\/09\/10C\u7279\u5f81-3-150x150.jpg 150w, https:\/\/hightopgroup.com\/wp-content\/uploads\/2024\/09\/10C\u7279\u5f81-3-768x768.jpg 768w, https:\/\/hightopgroup.com\/wp-content\/uploads\/2024\/09\/10C\u7279\u5f81-3-600x600.jpg 600w\" sizes=\"(max-width: 800px) 100vw, 800px\" title=\"HT10C 1ton Mini Excavator 1\"><\/div>\n<\/div>\n<div class=\"elementor-element elementor-element-7fcb316 elementor-widget elementor-widget-heading\" data-id=\"7fcb316\" data-element_type=\"widget\" data-widget_type=\"heading.default\">\n<div class=\"elementor-widget-container\">\n<h2 class=\"elementor-heading-title elementor-size-default\">Syst\u00e8me d'essai complet pour la recherche et le d\u00e9veloppement<\/h2>\n<\/div>\n<\/div>\n<div class=\"elementor-element elementor-element-1aa33d7 elementor-widget elementor-widget-text-editor\" data-id=\"1aa33d7\" data-element_type=\"widget\" data-widget_type=\"text-editor.default\">\n<div class=\"elementor-widget-container\">\n<p>Cette mini-pelle est \u00e9quip\u00e9e d'un moteur KOOP 192F de premi\u00e8re qualit\u00e9 d'une puissance maximale de 7,6 kW pour un fonctionnement puissant mais \u00e9conome en carburant et une distribution sup\u00e9rieure de la chaleur. Dites adieu aux vibrations grin\u00e7antes, savourez un fonctionnement sans faille et anticipez sa long\u00e9vit\u00e9.<\/p>\n<\/div>\n<\/div>\n<\/div>\n<div class=\"elementor-element elementor-element-b74d99a e-con-full e-flex e-con e-child\" data-id=\"b74d99a\" data-element_type=\"container\">\n<div class=\"elementor-element elementor-element-d474faf elementor-widget elementor-widget-image\" data-id=\"d474faf\" data-element_type=\"widget\" data-widget_type=\"image.default\">\n<div class=\"elementor-widget-container\"> <img decoding=\"async\" width=\"800\" height=\"800\" src=\"https:\/\/hightopgroup.com\/wp-content\/uploads\/2024\/09\/10C\u7279\u5f81-5.jpg\" class=\"attachment-large size-large wp-image-2277\" alt=\"10C\u7279\u5f81 5\" srcset=\"https:\/\/hightopgroup.com\/wp-content\/uploads\/2024\/09\/10C\u7279\u5f81-5.jpg 1000w, https:\/\/hightopgroup.com\/wp-content\/uploads\/2024\/09\/10C\u7279\u5f81-5-300x300.jpg 300w, https:\/\/hightopgroup.com\/wp-content\/uploads\/2024\/09\/10C\u7279\u5f81-5-150x150.jpg 150w, https:\/\/hightopgroup.com\/wp-content\/uploads\/2024\/09\/10C\u7279\u5f81-5-768x768.jpg 768w, https:\/\/hightopgroup.com\/wp-content\/uploads\/2024\/09\/10C\u7279\u5f81-5-600x600.jpg 600w\" sizes=\"(max-width: 800px) 100vw, 800px\" title=\"HT10C 1ton Mini Excavator 2\"><\/div>\n<\/div>\n<div class=\"elementor-element elementor-element-97e9dde elementor-widget elementor-widget-heading\" data-id=\"97e9dde\" data-element_type=\"widget\" data-widget_type=\"heading.default\">\n<div class=\"elementor-widget-container\">\n<h2 class=\"elementor-heading-title elementor-size-default\">Syst\u00e8me dynamique,Syst\u00e8me d'approvisionnement en p\u00e9trole<\/h2>\n<\/div>\n<\/div>\n<div class=\"elementor-element elementor-element-2c77c6d elementor-widget elementor-widget-text-editor\" data-id=\"2c77c6d\" data-element_type=\"widget\" data-widget_type=\"text-editor.default\">\n<div class=\"elementor-widget-container\">\n<p>Livr\u00e9 avec un accouplement flexible rouge qui agit comme un amortisseur de chocs. Si le moteur saute ou si les diff\u00e9rents arbres agissent, il compensera.<br \/>Syst\u00e8me d'alarme de pression d'huile de lubrification pour prot\u00e9ger la machine, une alarme se d\u00e9clenche automatiquement en cas d'absence d'huile de lubrification.<\/p>\n<\/div>\n<\/div>\n<\/div>\n<div class=\"elementor-element elementor-element-7aad0d8 e-con-full e-flex e-con e-child\" data-id=\"7aad0d8\" data-element_type=\"container\">\n<div class=\"elementor-element elementor-element-fbca415 elementor-widget elementor-widget-image\" data-id=\"fbca415\" data-element_type=\"widget\" data-widget_type=\"image.default\">\n<div class=\"elementor-widget-container\"> <img decoding=\"async\" width=\"800\" height=\"800\" src=\"https:\/\/hightopgroup.com\/wp-content\/uploads\/2024\/09\/10C\u7279\u5f81-2.jpg\" class=\"attachment-large size-large wp-image-2274\" alt=\"10C\u7279\u5f81 2\" srcset=\"https:\/\/hightopgroup.com\/wp-content\/uploads\/2024\/09\/10C\u7279\u5f81-2.jpg 1000w, https:\/\/hightopgroup.com\/wp-content\/uploads\/2024\/09\/10C\u7279\u5f81-2-300x300.jpg 300w, https:\/\/hightopgroup.com\/wp-content\/uploads\/2024\/09\/10C\u7279\u5f81-2-150x150.jpg 150w, https:\/\/hightopgroup.com\/wp-content\/uploads\/2024\/09\/10C\u7279\u5f81-2-768x768.jpg 768w, https:\/\/hightopgroup.com\/wp-content\/uploads\/2024\/09\/10C\u7279\u5f81-2-600x600.jpg 600w\" sizes=\"(max-width: 800px) 100vw, 800px\" title=\"HT10C 1ton Mini Excavator 3\"><\/div>\n<\/div>\n<div class=\"elementor-element elementor-element-1a03bb3 elementor-widget elementor-widget-heading\" data-id=\"1a03bb3\" data-element_type=\"widget\" data-widget_type=\"heading.default\">\n<div class=\"elementor-widget-container\">\n<h2 class=\"elementor-heading-title elementor-size-default\">Plusieurs pi\u00e8ces jointes disponibles<\/h2>\n<\/div>\n<\/div>\n<div class=\"elementor-element elementor-element-cb9ac85 elementor-widget elementor-widget-text-editor\" data-id=\"cb9ac85\" data-element_type=\"widget\" data-widget_type=\"text-editor.default\">\n<div class=\"elementor-widget-container\">\n<p>Cette pelle compacte de 1 tonne peut \u00eatre \u00e9quip\u00e9e d'une attache rapide hydraulique, d'un godet \u00e9troit, d'un marteau, d'une tari\u00e8re, d'un godet basculant, d'un ripper, d'un r\u00e2teau, d'un grappin rotatif, d'une cisaille \u00e0 arbre et d'une tondeuse \u00e0 gazon.<br \/>Qu'il vous suffise d'acheter une pelleteuse pour effectuer toutes sortes de travaux.<\/p>\n<\/div>\n<\/div>\n<\/div>\n<div class=\"elementor-element elementor-element-c6bb502 e-con-full e-flex e-con e-child\" data-id=\"c6bb502\" data-element_type=\"container\">\n<div class=\"elementor-element elementor-element-a654cb5 elementor-widget elementor-widget-image\" data-id=\"a654cb5\" data-element_type=\"widget\" data-widget_type=\"image.default\">\n<div class=\"elementor-widget-container\"> <img loading=\"lazy\" decoding=\"async\" width=\"800\" height=\"800\" src=\"https:\/\/hightopgroup.com\/wp-content\/uploads\/2024\/09\/10C\u7279\u5f81-4.jpg\" class=\"attachment-large size-large wp-image-2276\" alt=\"10C\u7279\u5f81 4\" srcset=\"https:\/\/hightopgroup.com\/wp-content\/uploads\/2024\/09\/10C\u7279\u5f81-4.jpg 1000w, https:\/\/hightopgroup.com\/wp-content\/uploads\/2024\/09\/10C\u7279\u5f81-4-300x300.jpg 300w, https:\/\/hightopgroup.com\/wp-content\/uploads\/2024\/09\/10C\u7279\u5f81-4-150x150.jpg 150w, https:\/\/hightopgroup.com\/wp-content\/uploads\/2024\/09\/10C\u7279\u5f81-4-768x768.jpg 768w, https:\/\/hightopgroup.com\/wp-content\/uploads\/2024\/09\/10C\u7279\u5f81-4-600x600.jpg 600w\" sizes=\"auto, (max-width: 800px) 100vw, 800px\" title=\"HT10C 1ton Mini Excavator 4\"><\/div>\n<\/div>\n<div class=\"elementor-element elementor-element-84b165c elementor-widget elementor-widget-heading\" data-id=\"84b165c\" data-element_type=\"widget\" data-widget_type=\"heading.default\">\n<div class=\"elementor-widget-container\">\n<h2 class=\"elementor-heading-title elementor-size-default\">Console d'exploitation portable<\/h2>\n<\/div>\n<\/div>\n<div class=\"elementor-element elementor-element-9db03b7 elementor-widget elementor-widget-text-editor\" data-id=\"9db03b7\" data-element_type=\"widget\" data-widget_type=\"text-editor.default\">\n<div class=\"elementor-widget-container\">\n<p>Chaque excavateur doit subir plus de 2000 heures de test de force d'excavation sur le terrain.<br \/>Les composants essentiels tels que le dispositif de travail, la cabine et les composants hydrauliques doivent subir plus de 800 000 tests anti-fatigue.<\/p>\n<\/div>\n<\/div>\n<\/div>\n<div class=\"elementor-element elementor-element-b2de1b5 e-con-full e-flex e-con e-child\" data-id=\"b2de1b5\" data-element_type=\"container\">\n<div class=\"elementor-element elementor-element-eec0d58 elementor-widget elementor-widget-image\" data-id=\"eec0d58\" data-element_type=\"widget\" data-widget_type=\"image.default\">\n<div class=\"elementor-widget-container\"> <img decoding=\"async\" width=\"800\" height=\"800\" src=\"https:\/\/hightopgroup.com\/wp-content\/uploads\/2024\/09\/10C\u7279\u5f81-5.jpg\" class=\"attachment-large size-large wp-image-2277\" alt=\"10C\u7279\u5f81 5\" srcset=\"https:\/\/hightopgroup.com\/wp-content\/uploads\/2024\/09\/10C\u7279\u5f81-5.jpg 1000w, https:\/\/hightopgroup.com\/wp-content\/uploads\/2024\/09\/10C\u7279\u5f81-5-300x300.jpg 300w, https:\/\/hightopgroup.com\/wp-content\/uploads\/2024\/09\/10C\u7279\u5f81-5-150x150.jpg 150w, https:\/\/hightopgroup.com\/wp-content\/uploads\/2024\/09\/10C\u7279\u5f81-5-768x768.jpg 768w, https:\/\/hightopgroup.com\/wp-content\/uploads\/2024\/09\/10C\u7279\u5f81-5-600x600.jpg 600w\" sizes=\"(max-width: 800px) 100vw, 800px\" title=\"HT10C 1ton Mini Excavator 2\"><\/div>\n<\/div>\n<div class=\"elementor-element elementor-element-cb9c692 elementor-widget elementor-widget-heading\" data-id=\"cb9c692\" data-element_type=\"widget\" data-widget_type=\"heading.default\">\n<div class=\"elementor-widget-container\">\n<h2 class=\"elementor-heading-title elementor-size-default\">Syst\u00e8me de s\u00e9curit\u00e9<\/h2>\n<\/div>\n<\/div>\n<div class=\"elementor-element elementor-element-4da304d elementor-widget elementor-widget-text-editor\" data-id=\"4da304d\" data-element_type=\"widget\" data-widget_type=\"text-editor.default\">\n<div class=\"elementor-widget-container\">\n<p>Le si\u00e8ge de s\u00e9curit\u00e9 est \u00e9quip\u00e9 d'une ceinture de s\u00e9curit\u00e9 mobile et plus confortable.Pipeline hydraulique allemand import\u00e9 \u00e0 haute r\u00e9sistance, supportant une pression plus \u00e9lev\u00e9e.Utilisation de boulons \u00e0 haute r\u00e9sistance 4.9 et 8.8, d'autres fabricants utilisent des boulons blancs 4.8.<\/p>\n<\/div>\n<\/div>\n<\/div>\n<div class=\"elementor-element elementor-element-c218b52 e-con-full e-flex e-con e-child\" data-id=\"c218b52\" data-element_type=\"container\">\n<div class=\"elementor-element elementor-element-f6c1e7c elementor-widget elementor-widget-image\" data-id=\"f6c1e7c\" data-element_type=\"widget\" data-widget_type=\"image.default\">\n<div class=\"elementor-widget-container\"> <img loading=\"lazy\" decoding=\"async\" width=\"800\" height=\"800\" src=\"https:\/\/hightopgroup.com\/wp-content\/uploads\/2024\/09\/10C\u7279\u5f81-6.jpg\" class=\"attachment-large size-large wp-image-2278\" alt=\"10C\u7279\u5f81 6\" srcset=\"https:\/\/hightopgroup.com\/wp-content\/uploads\/2024\/09\/10C\u7279\u5f81-6.jpg 1000w, https:\/\/hightopgroup.com\/wp-content\/uploads\/2024\/09\/10C\u7279\u5f81-6-300x300.jpg 300w, https:\/\/hightopgroup.com\/wp-content\/uploads\/2024\/09\/10C\u7279\u5f81-6-150x150.jpg 150w, https:\/\/hightopgroup.com\/wp-content\/uploads\/2024\/09\/10C\u7279\u5f81-6-768x768.jpg 768w, https:\/\/hightopgroup.com\/wp-content\/uploads\/2024\/09\/10C\u7279\u5f81-6-600x600.jpg 600w\" sizes=\"auto, (max-width: 800px) 100vw, 800px\" title=\"HT10C 1ton Mini Excavator 6\"><\/div>\n<\/div>\n<div class=\"elementor-element elementor-element-ff7b179 elementor-widget elementor-widget-heading\" data-id=\"ff7b179\" data-element_type=\"widget\" data-widget_type=\"heading.default\">\n<div class=\"elementor-widget-container\">\n<h2 class=\"elementor-heading-title elementor-size-default\">Syst\u00e8me de fonctionnement<\/h2>\n<\/div>\n<\/div>\n<div class=\"elementor-element elementor-element-2c6cde4 elementor-widget elementor-widget-text-editor\" data-id=\"2c6cde4\" data-element_type=\"widget\" data-widget_type=\"text-editor.default\">\n<div class=\"elementor-widget-container\">\n<p>Le moteur de voyage est \u00e9quip\u00e9 de trois tuyaux, dont l'un est le tuyau de d\u00e9chargement, qui emp\u00eache la pression interne du moteur d'\u00eatre trop \u00e9lev\u00e9e, et l'huile interne \u00e0 haute temp\u00e9rature sera d\u00e9charg\u00e9e dans le tuyau de d\u00e9chargement afin d'am\u00e9liorer la dur\u00e9e de vie du moteur de voyage.<\/p>\n<\/div>\n<\/div>\n<\/div>\n<p>&nbsp;<\/p>\n<p>Param\u00e8tres<\/p>\n<div class=\"elementor-element elementor-element-de5a9f0 e-con-full e-flex e-con e-child\" data-id=\"de5a9f0\" data-element_type=\"container\">\n<div class=\"elementor-element elementor-element-e52e0c9 elementor-widget elementor-widget-text-editor\" data-id=\"e52e0c9\" data-element_type=\"widget\" data-widget_type=\"text-editor.default\">\n<div class=\"elementor-widget-container\">\n<p><span style=\"font-family: arial, helvetica, sans-serif; font-size: 12pt;\">Param\u00e8tres techniques :<\/span><\/p>\n<p><span style=\"font-family: arial, helvetica, sans-serif; font-size: 12pt;\">Poids : 1000 kg<\/span><\/p>\n<p><span style=\"font-family: arial, helvetica, sans-serif; font-size: 12pt;\">Largeur du godet : 380 mm<\/span><\/p>\n<p><span style=\"font-family: arial, helvetica, sans-serif; font-size: 12pt;\">Capacit\u00e9 du godet de fouille : 0 025cbm\/120kg<\/span><\/p>\n<p><span style=\"font-family: arial, helvetica, sans-serif; font-size: 12pt;\">Moteur : moteur diesel KOOP 192F-1 EURO 5<\/span><\/p>\n<p><span style=\"font-family: arial, helvetica, sans-serif; font-size: 12pt;\">Moteur en option : Kubota<\/span><\/p>\n<p><span style=\"font-family: arial, helvetica, sans-serif; font-size: 12pt;\">Course de l'al\u00e9sage : monocylindre, refroidissement par ventilateur<\/span><\/p>\n<p><span style=\"font-family: arial, helvetica, sans-serif; font-size: 12pt;\">Puissance nominale : 7,6 kw\/13,5hp<\/span><\/p>\n<p><span style=\"font-family: arial, helvetica, sans-serif; font-size: 12pt;\">Pompe principale:G5-6<\/span><\/p>\n<p><span style=\"font-family: arial, helvetica, sans-serif; font-size: 12pt;\">Cylindr\u00e9e : 6 8ml\/r<\/span><\/p>\n<p><span style=\"font-family: arial, helvetica, sans-serif; font-size: 12pt;\">Moteur de balancier:SANYANG(BMRS -250)<\/span><\/p>\n<p><span style=\"font-family: arial, helvetica, sans-serif; font-size: 12pt;\">Moteur de d\u00e9placement : SANYANG(BMT245)<\/span><\/p>\n<p><span style=\"font-family: arial, helvetica, sans-serif; font-size: 12pt;\">Vitesse de d\u00e9placement : 1,5km\/h<\/span><\/p>\n<p><span style=\"font-family: arial, helvetica, sans-serif; font-size: 12pt;\">Dimensions totales( L x l x H):2775x 930 x 2219mm<\/span><\/p>\n<p><span style=\"font-family: arial, helvetica, sans-serif; font-size: 12pt;\">Empattement : 910 mm<\/span><\/p>\n<p><span style=\"font-family: arial, helvetica, sans-serif; font-size: 12pt;\">Longueur totale du rail : 1230mm<\/span><\/p>\n<p><span style=\"font-family: arial, helvetica, sans-serif; font-size: 12pt;\">Garde au sol de la plate-forme : 380 mm<\/span><\/p>\n<p><span style=\"font-family: arial, helvetica, sans-serif; font-size: 12pt;\">Largeur du ch\u00e2ssis : 896 mm<\/span><\/p>\n<p><span style=\"font-family: arial, helvetica, sans-serif; font-size: 12pt;\">Rayon de braquage de la plate-forme : 784 mm<\/span><\/p>\n<p><span style=\"font-family: arial, helvetica, sans-serif; font-size: 12pt;\">Largeur de la voie : 180 mm<\/span><\/p>\n<p><span style=\"font-family: arial, helvetica, sans-serif; font-size: 12pt;\">Garde au sol du ch\u00e2ssis : 132 mm<\/span><\/p>\n<p><span style=\"font-family: arial, helvetica, sans-serif; font-size: 12pt;\">Hauteur des chenilles : 320 mm<\/span><\/p>\n<p><span style=\"font-family: arial, helvetica, sans-serif; font-size: 12pt;\">Profondeur de fouille max. Profondeur de fouille : 1650 mm<\/span><\/p>\n<p><span style=\"font-family: arial, helvetica, sans-serif; font-size: 12pt;\">Profondeur de fouille verticale max. Profondeur de fouille verticale : 1375 mm<\/span><\/p>\n<p><span style=\"font-family: arial, helvetica, sans-serif; font-size: 12pt;\">Hauteur de fouille max. Hauteur de fouille : 2610 mm<\/span><\/p>\n<p><span style=\"font-family: arial, helvetica, sans-serif; font-size: 12pt;\">Hauteur de d\u00e9versement max. Hauteur de d\u00e9versement : 1850 mm<\/span><\/p>\n<p><span style=\"font-family: arial, helvetica, sans-serif; font-size: 12pt;\">Profondeur de fouille verticale max. Profondeur de fouille verticale : 1375 mm .<\/span><\/p>\n<p><span style=\"font-family: arial, helvetica, sans-serif; font-size: 12pt;\">Rayon de creusement max. Rayon de creusement sur le sol : 2850 mm<\/span><\/p>\n<p><span style=\"font-family: arial, helvetica, sans-serif; font-size: 12pt;\">Min. Rayon de rotation : 1330 mm<\/span><\/p>\n<p><span style=\"font-family: arial, helvetica, sans-serif; font-size: 12pt;\">Max. Hauteur de mise \u00e0 niveau de la lame du bulldozer : 345|mm<\/span><\/p>\n<p><span style=\"font-family: arial, helvetica, sans-serif; font-size: 12pt;\">Max. Profondeur de fouille de la lame du bulldozer : 255 mm<\/span><\/p>\n<\/div>\n<\/div>\n<\/div>\n<div class=\"elementor-element elementor-element-3fbb200 e-con-full e-flex e-con e-child\" data-id=\"3fbb200\" data-element_type=\"container\">\n<div class=\"elementor-element elementor-element-9b29a08 elementor-widget elementor-widget-image\" data-id=\"9b29a08\" data-element_type=\"widget\" data-widget_type=\"image.default\">\n<div class=\"elementor-widget-container\"> <img loading=\"lazy\" decoding=\"async\" width=\"536\" height=\"1024\" src=\"https:\/\/hightopgroup.com\/wp-content\/uploads\/2024\/09\/10C\u6316\u673a-10-536x1024.jpg\" class=\"attachment-large size-large wp-image-2272\" alt=\"10C\u6316\u673a 10\" srcset=\"https:\/\/hightopgroup.com\/wp-content\/uploads\/2024\/09\/10C\u6316\u673a-10-536x1024.jpg 536w, https:\/\/hightopgroup.com\/wp-content\/uploads\/2024\/09\/10C\u6316\u673a-10-157x300.jpg 157w, https:\/\/hightopgroup.com\/wp-content\/uploads\/2024\/09\/10C\u6316\u673a-10-768x1466.jpg 768w, https:\/\/hightopgroup.com\/wp-content\/uploads\/2024\/09\/10C\u6316\u673a-10-805x1536.jpg 805w, https:\/\/hightopgroup.com\/wp-content\/uploads\/2024\/09\/10C\u6316\u673a-10-600x1145.jpg 600w, https:\/\/hightopgroup.com\/wp-content\/uploads\/2024\/09\/10C\u6316\u673a-10.jpg 1000w\" sizes=\"auto, (max-width: 536px) 100vw, 536px\" title=\"HT10C 1ton Mini Excavator 7\"><\/div>\n<\/div>\n<\/div>","protected":false},"excerpt":{"rendered":"<p>Vue d'ensemble Un rapport co\u00fbt-efficacit\u00e9 \u00e9lev\u00e9 : En tant qu'usine autonome situ\u00e9e dans la base chinoise de fabrication d'engins de chantier, nous sommes en mesure de fabriquer des produits<\/p>","protected":false},"featured_media":16638,"template":"","meta":{"rank_math_lock_modified_date":false},"product_brand":[],"product_cat":[21],"product_tag":[],"class_list":{"0":"post-16636","1":"product","2":"type-product","3":"status-publish","4":"has-post-thumbnail","6":"product_cat-mini-excavator","8":"first","9":"instock","10":"product-type-simple"},"_links":{"self":[{"href":"https:\/\/beleevo.prowebplanners.com\/fr\/wp-json\/wp\/v2\/product\/16636","targetHints":{"allow":["GET"]}}],"collection":[{"href":"https:\/\/beleevo.prowebplanners.com\/fr\/wp-json\/wp\/v2\/product"}],"about":[{"href":"https:\/\/beleevo.prowebplanners.com\/fr\/wp-json\/wp\/v2\/types\/product"}],"version-history":[{"count":1,"href":"https:\/\/beleevo.prowebplanners.com\/fr\/wp-json\/wp\/v2\/product\/16636\/revisions"}],"predecessor-version":[{"id":16637,"href":"https:\/\/beleevo.prowebplanners.com\/fr\/wp-json\/wp\/v2\/product\/16636\/revisions\/16637"}],"wp:featuredmedia":[{"embeddable":true,"href":"https:\/\/beleevo.prowebplanners.com\/fr\/wp-json\/wp\/v2\/media\/16638"}],"wp:attachment":[{"href":"https:\/\/beleevo.prowebplanners.com\/fr\/wp-json\/wp\/v2\/media?parent=16636"}],"wp:term":[{"taxonomy":"product_brand","embeddable":true,"href":"https:\/\/beleevo.prowebplanners.com\/fr\/wp-json\/wp\/v2\/product_brand?post=16636"},{"taxonomy":"product_cat","embeddable":true,"href":"https:\/\/beleevo.prowebplanners.com\/fr\/wp-json\/wp\/v2\/product_cat?post=16636"},{"taxonomy":"product_tag","embeddable":true,"href":"https:\/\/beleevo.prowebplanners.com\/fr\/wp-json\/wp\/v2\/product_tag?post=16636"}],"curies":[{"name":"wp","href":"https:\/\/api.w.org\/{rel}","templated":true}]}}