{"id":16620,"date":"2025-07-23T13:28:13","date_gmt":"2025-07-23T13:28:13","guid":{"rendered":"https:\/\/beleevo.prowebplanners.com\/produit\/ht08-0-8ton-mini-excavator\/"},"modified":"2025-07-23T13:28:39","modified_gmt":"2025-07-23T13:28:39","slug":"ht08-0-8ton-mini-excavator","status":"publish","type":"product","link":"https:\/\/beleevo.prowebplanners.com\/fr\/produit\/ht08-0-8ton-mini-excavator\/","title":{"rendered":"HT08 0.8ton Mini Excavator"},"content":{"rendered":"<p>Vue d'ensemble<\/p>\n<div class=\"elementor-element elementor-element-3d00484 elementor-widget__width-initial elementor-widget elementor-widget-text-editor\" data-id=\"3d00484\" data-element_type=\"widget\" data-widget_type=\"text-editor.default\">\n<div class=\"elementor-widget-container\">\n<ol>\n<li>Un rapport co\u00fbt-efficacit\u00e9 \u00e9lev\u00e9 : En tant qu'usine autonome situ\u00e9e dans la base chinoise de fabrication d'engins de chantier, nous sommes en mesure de fabriquer des produits \u00e0 des co\u00fbts inf\u00e9rieurs, notamment en termes de main-d'\u0153uvre et de mati\u00e8res premi\u00e8res, et de fournir \u00e0 nos clients des produits d'un excellent rapport co\u00fbt-efficacit\u00e9.<\/li>\n<li>Approvisionnement \u00e0 guichet unique : En tant qu'usine autonome, nous proposons une large gamme de produits, couvrant les machines de construction compactes, ce qui permet aux clients de se procurer tout l'\u00e9quipement n\u00e9cessaire en un seul endroit.<\/li>\n<li>Qualit\u00e9 et performances professionnelles : Avec des ann\u00e9es d'exp\u00e9rience dans la production, nos produits ont obtenu les certifications CE, SGS, TUV et ISO, offrant une qualit\u00e9 et des performances de niveau professionnel pour les petits projets de construction.<\/li>\n<li>Service apr\u00e8s-vente complet : Notre \u00e9quipe professionnelle de vente et de maintenance propose des services de consultation et d'assistance apr\u00e8s-vente, dans le but de maximiser les performances des \u00e9quipements, d'assurer une ex\u00e9cution sans heurts des projets et de fournir une assistance technique tout au long de la vie.<\/li>\n<\/ol>\n<\/div>\n<\/div>\n<div class=\"elementor-element elementor-element-eec99f5 elementor-widget__width-initial elementor-widget elementor-widget-video\" data-id=\"eec99f5\" data-element_type=\"widget\" data-settings=\"{&quot;youtube_url&quot;:&quot;https:\/\/youtu.be\/PP9wVsP7Uto?si=igZYoqc_yMb72A26&quot;,&quot;show_image_overlay&quot;:&quot;yes&quot;,&quot;image_overlay&quot;:{&quot;url&quot;:&quot;https:\/\/hightopgroup.com\/wp-content\/uploads\/2024\/09\/u4e3bu56fe08-2.jpg&quot;,&quot;id&quot;:2331,&quot;size&quot;:&quot;&quot;,&quot;alt&quot;:&quot;&quot;,&quot;source&quot;:&quot;library&quot;},&quot;video_type&quot;:&quot;youtube&quot;,&quot;controls&quot;:&quot;yes&quot;}\" data-widget_type=\"video.default\">\n<div class=\"elementor-widget-container\">\n<div class=\"elementor-wrapper elementor-open-inline\">\n<div class=\"elementor-video\"><\/div>\n<div class=\"elementor-custom-embed-image-overlay\" style=\"background-image: url(https:\/\/hightopgroup.com\/wp-content\/uploads\/2024\/09\/\u4e3b\u56fe08-2.jpg);\">\n<div class=\"elementor-custom-embed-play\" role=\"button\" aria-label=\"Lire la vid\u00e9o\" tabindex=\"0\"> <svg aria-hidden=\"true\" class=\"e-font-icon-svg e-eicon-play\" viewbox=\"0 0 1000 1000\"><path d=\"M838 162C746 71 633 25 500 25 371 25 258 71 163 162 71 254 25 367 25 500 25 633 71 746 163 837 254 929 367 979 500 979 633 979 746 933 838 837 929 746 975 633 975 500 975 367 929 254 838 162M808 192C892 279 933 379 933 500 933 621 892 725 808 808 725 892 621 938 500 938 379 938 279 896 196 808 113 725 67 621 67 500 67 379 108 279 196 192 279 108 383 62 500 62 621 62 721 108 808 192M438 392V642L642 517 438 392Z\" \/><\/svg><\/div>\n<\/div>\n<\/div>\n<\/div>\n<\/div>\n<p>&nbsp;<\/p>\n<p>Caract\u00e9ristiques et avantages<\/p>\n<div class=\"elementor-element elementor-element-138b23e e-con-full e-flex e-con e-child\" data-id=\"138b23e\" data-element_type=\"container\">\n<div class=\"elementor-element elementor-element-dc31022 elementor-widget elementor-widget-image\" data-id=\"dc31022\" data-element_type=\"widget\" data-widget_type=\"image.default\">\n<div class=\"elementor-widget-container\"> <img fetchpriority=\"high\" decoding=\"async\" width=\"800\" height=\"800\" src=\"https:\/\/hightopgroup.com\/wp-content\/uploads\/2024\/09\/08\u7279\u5f81-10.jpg\" class=\"attachment-large size-large wp-image-2341\" alt=\"08\u7279\u5f81 10\" srcset=\"https:\/\/hightopgroup.com\/wp-content\/uploads\/2024\/09\/08\u7279\u5f81-10.jpg 1000w, https:\/\/hightopgroup.com\/wp-content\/uploads\/2024\/09\/08\u7279\u5f81-10-300x300.jpg 300w, https:\/\/hightopgroup.com\/wp-content\/uploads\/2024\/09\/08\u7279\u5f81-10-150x150.jpg 150w, https:\/\/hightopgroup.com\/wp-content\/uploads\/2024\/09\/08\u7279\u5f81-10-768x768.jpg 768w, https:\/\/hightopgroup.com\/wp-content\/uploads\/2024\/09\/08\u7279\u5f81-10-600x600.jpg 600w\" sizes=\"(max-width: 800px) 100vw, 800px\" title=\"HT08 0.8ton Mini Excavator 1\"><\/div>\n<\/div>\n<div class=\"elementor-element elementor-element-7fcb316 elementor-widget elementor-widget-heading\" data-id=\"7fcb316\" data-element_type=\"widget\" data-widget_type=\"heading.default\">\n<div class=\"elementor-widget-container\">\n<h2 class=\"elementor-heading-title elementor-size-default\">Moteur efficace KOOP<\/h2>\n<\/div>\n<\/div>\n<div class=\"elementor-element elementor-element-1aa33d7 elementor-widget elementor-widget-text-editor\" data-id=\"1aa33d7\" data-element_type=\"widget\" data-widget_type=\"text-editor.default\">\n<div class=\"elementor-widget-container\">\n<p>Cette mini-pelle est \u00e9quip\u00e9e d'un moteur KOOP 192 haut de gamme d'une puissance de 7,5 kW pour un fonctionnement puissant mais \u00e9conome en carburant et une distribution sup\u00e9rieure de la chaleur. Dites adieu aux vibrations grin\u00e7antes, savourez un fonctionnement sans faille et anticipez sa long\u00e9vit\u00e9.<\/p>\n<\/div>\n<\/div>\n<\/div>\n<div class=\"elementor-element elementor-element-b74d99a e-con-full e-flex e-con e-child\" data-id=\"b74d99a\" data-element_type=\"container\">\n<div class=\"elementor-element elementor-element-d474faf elementor-widget elementor-widget-image\" data-id=\"d474faf\" data-element_type=\"widget\" data-widget_type=\"image.default\">\n<div class=\"elementor-widget-container\"> <img decoding=\"async\" width=\"800\" height=\"800\" src=\"https:\/\/hightopgroup.com\/wp-content\/uploads\/2024\/09\/08\u7279\u5f81-4.jpg\" class=\"attachment-large size-large wp-image-2337\" alt=\"08\u7279\u5f81 4\" srcset=\"https:\/\/hightopgroup.com\/wp-content\/uploads\/2024\/09\/08\u7279\u5f81-4.jpg 1000w, https:\/\/hightopgroup.com\/wp-content\/uploads\/2024\/09\/08\u7279\u5f81-4-300x300.jpg 300w, https:\/\/hightopgroup.com\/wp-content\/uploads\/2024\/09\/08\u7279\u5f81-4-150x150.jpg 150w, https:\/\/hightopgroup.com\/wp-content\/uploads\/2024\/09\/08\u7279\u5f81-4-768x768.jpg 768w, https:\/\/hightopgroup.com\/wp-content\/uploads\/2024\/09\/08\u7279\u5f81-4-600x600.jpg 600w\" sizes=\"(max-width: 800px) 100vw, 800px\" title=\"HT08 0.8ton Mini Excavator 2\"><\/div>\n<\/div>\n<div class=\"elementor-element elementor-element-97e9dde elementor-widget elementor-widget-heading\" data-id=\"97e9dde\" data-element_type=\"widget\" data-widget_type=\"heading.default\">\n<div class=\"elementor-widget-container\">\n<h2 class=\"elementor-heading-title elementor-size-default\">Si\u00e8ges confortables<\/h2>\n<\/div>\n<\/div>\n<div class=\"elementor-element elementor-element-2c77c6d elementor-widget elementor-widget-text-editor\" data-id=\"2c77c6d\" data-element_type=\"widget\" data-widget_type=\"text-editor.default\">\n<div class=\"elementor-widget-container\">\n<p>La mini-pelle HT08 est \u00e9quip\u00e9e d'un si\u00e8ge qui met l'accent sur la s\u00e9curit\u00e9 et le confort. Le si\u00e8ge de la pelle est con\u00e7u de mani\u00e8re ergonomique pour offrir un bon soutien lombaire, r\u00e9duire la fatigue de l'op\u00e9rateur due \u00e0 de longues heures de conduite et assurer le confort de l'op\u00e9rateur pendant de longues heures d'utilisation.<\/p>\n<\/div>\n<\/div>\n<\/div>\n<div class=\"elementor-element elementor-element-7aad0d8 e-con-full e-flex e-con e-child\" data-id=\"7aad0d8\" data-element_type=\"container\">\n<div class=\"elementor-element elementor-element-fbca415 elementor-widget elementor-widget-image\" data-id=\"fbca415\" data-element_type=\"widget\" data-widget_type=\"image.default\">\n<div class=\"elementor-widget-container\"> <img decoding=\"async\" width=\"800\" height=\"800\" src=\"https:\/\/hightopgroup.com\/wp-content\/uploads\/2024\/09\/3.jpg\" class=\"attachment-large size-large wp-image-2312\" alt=\"3\" srcset=\"https:\/\/hightopgroup.com\/wp-content\/uploads\/2024\/09\/3.jpg 1000w, https:\/\/hightopgroup.com\/wp-content\/uploads\/2024\/09\/3-300x300.jpg 300w, https:\/\/hightopgroup.com\/wp-content\/uploads\/2024\/09\/3-150x150.jpg 150w, https:\/\/hightopgroup.com\/wp-content\/uploads\/2024\/09\/3-768x768.jpg 768w, https:\/\/hightopgroup.com\/wp-content\/uploads\/2024\/09\/3-600x600.jpg 600w\" sizes=\"(max-width: 800px) 100vw, 800px\" title=\"HT08 0.8ton Mini Excavator 3\"><\/div>\n<\/div>\n<div class=\"elementor-element elementor-element-1a03bb3 elementor-widget elementor-widget-heading\" data-id=\"1a03bb3\" data-element_type=\"widget\" data-widget_type=\"heading.default\">\n<div class=\"elementor-widget-container\">\n<h2 class=\"elementor-heading-title elementor-size-default\">Plusieurs pi\u00e8ces jointes disponibles<\/h2>\n<\/div>\n<\/div>\n<div class=\"elementor-element elementor-element-cb9ac85 elementor-widget elementor-widget-text-editor\" data-id=\"cb9ac85\" data-element_type=\"widget\" data-widget_type=\"text-editor.default\">\n<div class=\"elementor-widget-container\">\n<p>Des accessoires sont disponibles pour cette pelle compacte afin de l'utiliser pour toute une s\u00e9rie de t\u00e2ches. <br \/>Saisissez et soulevez les branches \u00e0 l'aide d'un grappin et d'un godet ; percez des trous pour les poteaux de cl\u00f4ture \u00e0 l'aide d'une tari\u00e8re ; ameublissez le sol \u00e0 l'aide d'un ripper ; manipulez le b\u00e9ton et l'asphalte \u00e0 l'aide d'un marteau ; enlevez et empilez les broussailles, les racines et les souches \u00e0 l'aide d'un r\u00e2teau ; et changez rapidement d'accessoire \u00e0 l'aide d'un attelage rapide.<\/p>\n<\/div>\n<\/div>\n<\/div>\n<div class=\"elementor-element elementor-element-c6bb502 e-con-full e-flex e-con e-child\" data-id=\"c6bb502\" data-element_type=\"container\">\n<div class=\"elementor-element elementor-element-a654cb5 elementor-widget elementor-widget-image\" data-id=\"a654cb5\" data-element_type=\"widget\" data-widget_type=\"image.default\">\n<div class=\"elementor-widget-container\"> <img loading=\"lazy\" decoding=\"async\" width=\"800\" height=\"800\" src=\"https:\/\/hightopgroup.com\/wp-content\/uploads\/2024\/09\/08\u7279\u5f81-3.jpg\" class=\"attachment-large size-large wp-image-2336\" alt=\"08\u7279\u5f81 3\" srcset=\"https:\/\/hightopgroup.com\/wp-content\/uploads\/2024\/09\/08\u7279\u5f81-3.jpg 1000w, https:\/\/hightopgroup.com\/wp-content\/uploads\/2024\/09\/08\u7279\u5f81-3-300x300.jpg 300w, https:\/\/hightopgroup.com\/wp-content\/uploads\/2024\/09\/08\u7279\u5f81-3-150x150.jpg 150w, https:\/\/hightopgroup.com\/wp-content\/uploads\/2024\/09\/08\u7279\u5f81-3-768x768.jpg 768w, https:\/\/hightopgroup.com\/wp-content\/uploads\/2024\/09\/08\u7279\u5f81-3-600x600.jpg 600w\" sizes=\"auto, (max-width: 800px) 100vw, 800px\" title=\"HT08 0.8ton Mini Excavator 4\"><\/div>\n<\/div>\n<div class=\"elementor-element elementor-element-84b165c elementor-widget elementor-widget-heading\" data-id=\"84b165c\" data-element_type=\"widget\" data-widget_type=\"heading.default\">\n<div class=\"elementor-widget-container\">\n<h2 class=\"elementor-heading-title elementor-size-default\">Avant-bras facile \u00e0 utiliser<\/h2>\n<\/div>\n<\/div>\n<div class=\"elementor-element elementor-element-9db03b7 elementor-widget elementor-widget-text-editor\" data-id=\"9db03b7\" data-element_type=\"widget\" data-widget_type=\"text-editor.default\">\n<div class=\"elementor-widget-container\">\n<p>Cette mini-pelle l\u00e9g\u00e8re de Hightop est con\u00e7ue pour fonctionner dans des endroits restreints tels que les arri\u00e8re-cours, les jardins, les all\u00e9es et les voies d'acc\u00e8s \u00e9troites gr\u00e2ce \u00e0 sa conception compacte, son poids de 800 kg et sa profondeur de fouille maximale de 1 200 mm, facile \u00e0 utiliser.<\/p>\n<\/div>\n<\/div>\n<\/div>\n<div class=\"elementor-element elementor-element-b2de1b5 e-con-full e-flex e-con e-child\" data-id=\"b2de1b5\" data-element_type=\"container\">\n<div class=\"elementor-element elementor-element-eec0d58 elementor-widget elementor-widget-image\" data-id=\"eec0d58\" data-element_type=\"widget\" data-widget_type=\"image.default\">\n<div class=\"elementor-widget-container\"> <img loading=\"lazy\" decoding=\"async\" width=\"800\" height=\"800\" src=\"https:\/\/hightopgroup.com\/wp-content\/uploads\/2024\/09\/08\u7279\u5f81-5.jpg\" class=\"attachment-large size-large wp-image-2338\" alt=\"08\u7279\u5f81 5\" srcset=\"https:\/\/hightopgroup.com\/wp-content\/uploads\/2024\/09\/08\u7279\u5f81-5.jpg 1000w, https:\/\/hightopgroup.com\/wp-content\/uploads\/2024\/09\/08\u7279\u5f81-5-300x300.jpg 300w, https:\/\/hightopgroup.com\/wp-content\/uploads\/2024\/09\/08\u7279\u5f81-5-150x150.jpg 150w, https:\/\/hightopgroup.com\/wp-content\/uploads\/2024\/09\/08\u7279\u5f81-5-768x768.jpg 768w, https:\/\/hightopgroup.com\/wp-content\/uploads\/2024\/09\/08\u7279\u5f81-5-600x600.jpg 600w\" sizes=\"auto, (max-width: 800px) 100vw, 800px\" title=\"HT08 0.8ton Mini Excavator 5\"><\/div>\n<\/div>\n<div class=\"elementor-element elementor-element-cb9c692 elementor-widget elementor-widget-heading\" data-id=\"cb9c692\" data-element_type=\"widget\" data-widget_type=\"heading.default\">\n<div class=\"elementor-widget-container\">\n<h2 class=\"elementor-heading-title elementor-size-default\">Pistes stables<\/h2>\n<\/div>\n<\/div>\n<div class=\"elementor-element elementor-element-4da304d elementor-widget elementor-widget-text-editor\" data-id=\"4da304d\" data-element_type=\"widget\" data-widget_type=\"text-editor.default\">\n<div class=\"elementor-widget-container\">\n<p>Nos pelles compactes sont fabriqu\u00e9es en acier solide et durable pour une grande stabilit\u00e9. Des bouteurs plus larges coupl\u00e9s \u00e0 des chenilles en caoutchouc permettent \u00e0 la pelle de se d\u00e9placer sur diff\u00e9rentes surfaces et d'offrir une excellente traction sans endommager les trottoirs, les sols int\u00e9rieurs ou les rev\u00eatements routiers. <br \/>tous les types de terrain.<\/p>\n<\/div>\n<\/div>\n<\/div>\n<div class=\"elementor-element elementor-element-c218b52 e-con-full e-flex e-con e-child\" data-id=\"c218b52\" data-element_type=\"container\">\n<div class=\"elementor-element elementor-element-f6c1e7c elementor-widget elementor-widget-image\" data-id=\"f6c1e7c\" data-element_type=\"widget\" data-widget_type=\"image.default\">\n<div class=\"elementor-widget-container\"> <img loading=\"lazy\" decoding=\"async\" width=\"800\" height=\"800\" src=\"https:\/\/hightopgroup.com\/wp-content\/uploads\/2024\/09\/08\u7279\u5f81-7.jpg\" class=\"attachment-large size-large wp-image-2339\" alt=\"08\u7279\u5f81 7\" srcset=\"https:\/\/hightopgroup.com\/wp-content\/uploads\/2024\/09\/08\u7279\u5f81-7.jpg 1000w, https:\/\/hightopgroup.com\/wp-content\/uploads\/2024\/09\/08\u7279\u5f81-7-300x300.jpg 300w, https:\/\/hightopgroup.com\/wp-content\/uploads\/2024\/09\/08\u7279\u5f81-7-150x150.jpg 150w, https:\/\/hightopgroup.com\/wp-content\/uploads\/2024\/09\/08\u7279\u5f81-7-768x768.jpg 768w, https:\/\/hightopgroup.com\/wp-content\/uploads\/2024\/09\/08\u7279\u5f81-7-600x600.jpg 600w\" sizes=\"auto, (max-width: 800px) 100vw, 800px\" title=\"HT08 0.8ton Mini Excavator 6\"><\/div>\n<\/div>\n<div class=\"elementor-element elementor-element-ff7b179 elementor-widget elementor-widget-heading\" data-id=\"ff7b179\" data-element_type=\"widget\" data-widget_type=\"heading.default\">\n<div class=\"elementor-widget-container\">\n<h2 class=\"elementor-heading-title elementor-size-default\">Large \u00e9ventail d'applications, fonctions compl\u00e8tes<\/h2>\n<\/div>\n<\/div>\n<div class=\"elementor-element elementor-element-2c6cde4 elementor-widget elementor-widget-text-editor\" data-id=\"2c6cde4\" data-element_type=\"widget\" data-widget_type=\"text-editor.default\">\n<div class=\"elementor-widget-container\">\n<p>La petite pelle Hightop de 0,8 tonne convient aux jardins, aux terres agricoles, au g\u00e9nie municipal, aux serres de l\u00e9gumes, au creusement de foss\u00e9s et \u00e0 d'autres projets de petite et moyenne envergure. Les godets peuvent \u00eatre remplac\u00e9s par des marteaux brise-roche, des tari\u00e8res, des r\u00e2teaux, des rippers, des godets \u00e9troits, des pinces \u00e0 pouce, des r\u00e2teaux, des remorques et d'autres accessoires.<\/p>\n<\/div>\n<\/div>\n<\/div>\n<p>&nbsp;<\/p>\n<p>Param\u00e8tres<\/p>\n<div class=\"elementor-element elementor-element-de5a9f0 e-con-full e-flex e-con e-child\" data-id=\"de5a9f0\" data-element_type=\"container\">\n<div class=\"elementor-element elementor-element-e52e0c9 elementor-widget elementor-widget-text-editor\" data-id=\"e52e0c9\" data-element_type=\"widget\" data-widget_type=\"text-editor.default\">\n<div class=\"elementor-widget-container\">\n<p>Param\u00e8tre de performance &nbsp;<\/p>\n<p>Puissance nominale : 7-7,5 kW<\/p>\n<p>Capacit\u00e9 de la benne : 0,025 m3<\/p>\n<p>Mod\u00e8le de moteur:Koop 192<\/p>\n<p>Poids : 800 kg<\/p>\n<p>Force de creusement maximale : 7,5KN<\/p>\n<p>Forme de la pompe : pompe \u00e0 engrenage simple<\/p>\n<p>Pression de service d\u00e9finie : 14Mpa<\/p>\n<p>Vitesse de rotation : 12 tr\/min<\/p>\n<p>Vitesse de d\u00e9placement : 2.2Km\/h<\/p>\n<p>Inclinaison : 30<\/p>\n<p>Pression au sol : 19Kpa<\/p>\n<p>Plage de travail &nbsp;<\/p>\n<p>Distance d'\u00e9loignement maximale :2450mm<\/p>\n<p>Profondeur de fouille maximale :1200mm<\/p>\n<p>Hauteur de creusement maximale : 2350 mm<\/p>\n<p>Hauteur de d\u00e9versement maximale : 1600 mm<\/p>\n<p>Rayon de pivotement minimal : 1100 mm<\/p>\n<p>Max. Hauteur de mise \u00e0 niveau de la lame du bulldozer : 120 mm<\/p>\n<p>Max. Profondeur de fouille de la lame du bouteur : 200 mm<\/p>\n<p>Dimensions &nbsp;<\/p>\n<p>Largeur totale : 720-780 mm<\/p>\n<p>Hauteur totale : 1300 mm<\/p>\n<p>Longueur totale : 2430 mm<\/p>\n<p>Garde au sol minimale : 80 mm<\/p>\n<p>Longueur de la voie au sol : 1140 mm<\/p>\n<p>Largeur de la voie : 150 mm<\/p>\n<\/div>\n<\/div>\n<\/div>\n<div class=\"elementor-element elementor-element-3fbb200 e-con-full e-flex e-con e-child\" data-id=\"3fbb200\" data-element_type=\"container\">\n<div class=\"elementor-element elementor-element-9b29a08 elementor-widget elementor-widget-image\" data-id=\"9b29a08\" data-element_type=\"widget\" data-widget_type=\"image.default\">\n<div class=\"elementor-widget-container\"> <img loading=\"lazy\" decoding=\"async\" width=\"800\" height=\"800\" src=\"https:\/\/hightopgroup.com\/wp-content\/uploads\/2024\/09\/\u4e3b\u56fe086.jpg\" class=\"attachment-large size-large wp-image-2335\" alt=\"\u4e3b\u56fe086\" srcset=\"https:\/\/hightopgroup.com\/wp-content\/uploads\/2024\/09\/\u4e3b\u56fe086.jpg 1000w, https:\/\/hightopgroup.com\/wp-content\/uploads\/2024\/09\/\u4e3b\u56fe086-300x300.jpg 300w, https:\/\/hightopgroup.com\/wp-content\/uploads\/2024\/09\/\u4e3b\u56fe086-150x150.jpg 150w, https:\/\/hightopgroup.com\/wp-content\/uploads\/2024\/09\/\u4e3b\u56fe086-768x768.jpg 768w, https:\/\/hightopgroup.com\/wp-content\/uploads\/2024\/09\/\u4e3b\u56fe086-600x600.jpg 600w\" sizes=\"auto, (max-width: 800px) 100vw, 800px\" title=\"HT08 0.8ton Mini Excavator 7\"><\/div>\n<\/div>\n<\/div>","protected":false},"excerpt":{"rendered":"<p>Vue d'ensemble Un rapport co\u00fbt-efficacit\u00e9 \u00e9lev\u00e9 : En tant qu'usine autonome situ\u00e9e dans la base chinoise de fabrication d'engins de chantier, nous sommes en mesure de fabriquer des produits<\/p>","protected":false},"featured_media":16622,"template":"","meta":{"rank_math_lock_modified_date":false},"product_brand":[],"product_cat":[21],"product_tag":[],"class_list":{"0":"post-16620","1":"product","2":"type-product","3":"status-publish","4":"has-post-thumbnail","6":"product_cat-mini-excavator","8":"first","9":"instock","10":"product-type-simple"},"_links":{"self":[{"href":"https:\/\/beleevo.prowebplanners.com\/fr\/wp-json\/wp\/v2\/product\/16620","targetHints":{"allow":["GET"]}}],"collection":[{"href":"https:\/\/beleevo.prowebplanners.com\/fr\/wp-json\/wp\/v2\/product"}],"about":[{"href":"https:\/\/beleevo.prowebplanners.com\/fr\/wp-json\/wp\/v2\/types\/product"}],"version-history":[{"count":1,"href":"https:\/\/beleevo.prowebplanners.com\/fr\/wp-json\/wp\/v2\/product\/16620\/revisions"}],"predecessor-version":[{"id":16621,"href":"https:\/\/beleevo.prowebplanners.com\/fr\/wp-json\/wp\/v2\/product\/16620\/revisions\/16621"}],"wp:featuredmedia":[{"embeddable":true,"href":"https:\/\/beleevo.prowebplanners.com\/fr\/wp-json\/wp\/v2\/media\/16622"}],"wp:attachment":[{"href":"https:\/\/beleevo.prowebplanners.com\/fr\/wp-json\/wp\/v2\/media?parent=16620"}],"wp:term":[{"taxonomy":"product_brand","embeddable":true,"href":"https:\/\/beleevo.prowebplanners.com\/fr\/wp-json\/wp\/v2\/product_brand?post=16620"},{"taxonomy":"product_cat","embeddable":true,"href":"https:\/\/beleevo.prowebplanners.com\/fr\/wp-json\/wp\/v2\/product_cat?post=16620"},{"taxonomy":"product_tag","embeddable":true,"href":"https:\/\/beleevo.prowebplanners.com\/fr\/wp-json\/wp\/v2\/product_tag?post=16620"}],"curies":[{"name":"wp","href":"https:\/\/api.w.org\/{rel}","templated":true}]}}