{"id":16611,"date":"2025-07-23T13:28:13","date_gmt":"2025-07-23T13:28:13","guid":{"rendered":"https:\/\/beleevo.prowebplanners.com\/produit\/se-900-spider-excavator\/"},"modified":"2025-07-23T13:28:19","modified_gmt":"2025-07-23T13:28:19","slug":"se-900-spider-excavator","status":"publish","type":"product","link":"https:\/\/beleevo.prowebplanners.com\/fr\/produit\/se-900-spider-excavator\/","title":{"rendered":"SE-900 Spider Excavator"},"content":{"rendered":"<p>Vue d'ensemble<\/p>\n<div class=\"elementor-element elementor-element-3d00484 elementor-widget__width-initial elementor-widget elementor-widget-text-editor\" data-id=\"3d00484\" data-element_type=\"widget\" data-widget_type=\"text-editor.default\">\n<div class=\"elementor-widget-container\">\n<ol>\n<li>Rentabilit\u00e9 \u00e9lev\u00e9e : En tant qu'usine autonome situ\u00e9e dans la base chinoise de fabrication de machines de construction, nous sommes capables de produire des pelles Spider \u00e0 des co\u00fbts inf\u00e9rieurs, y compris le co\u00fbt de la main d'\u0153uvre et des mati\u00e8res premi\u00e8res, et de fournir \u00e0 nos clients des produits hautement rentables.<\/li>\n<li>Approvisionnement \u00e0 guichet unique : En tant qu'usine autonome, nous proposons une large gamme de produits, couvrant les machines de construction compactes, ce qui permet aux clients de se procurer tout l'\u00e9quipement n\u00e9cessaire en un seul endroit.<\/li>\n<li>Qualit\u00e9 et performances professionnelles : Avec des ann\u00e9es d'exp\u00e9rience dans la production, nos produits ont obtenu les certifications CE, SGS, TUV et ISO, offrant une qualit\u00e9 et des performances de niveau professionnel pour les petits projets de construction.<\/li>\n<li>Service apr\u00e8s-vente complet : Notre \u00e9quipe professionnelle de vente et de maintenance propose des services de consultation et d'assistance apr\u00e8s-vente, dans le but de maximiser les performances des \u00e9quipements, d'assurer une ex\u00e9cution sans heurts des projets et de fournir une assistance technique tout au long de la vie.<\/li>\n<\/ol>\n<\/div>\n<\/div>\n<div class=\"elementor-element elementor-element-eec99f5 elementor-widget__width-initial elementor-widget elementor-widget-video\" data-id=\"eec99f5\" data-element_type=\"widget\" data-settings=\"{&quot;youtube_url&quot;:&quot;https:\/\/youtu.be\/3SE_QG6cGmM&quot;,&quot;show_image_overlay&quot;:&quot;yes&quot;,&quot;image_overlay&quot;:{&quot;url&quot;:&quot;https:\/\/hightopgroup.com\/wp-content\/uploads\/2025\/03\/u8718u86dbu6316u4e3bu56fe-4.jpg&quot;,&quot;id&quot;:3792,&quot;size&quot;:&quot;&quot;,&quot;alt&quot;:&quot;&quot;,&quot;source&quot;:&quot;library&quot;},&quot;video_type&quot;:&quot;youtube&quot;,&quot;controls&quot;:&quot;yes&quot;}\" data-widget_type=\"video.default\">\n<div class=\"elementor-widget-container\">\n<div class=\"elementor-wrapper elementor-open-inline\">\n<div class=\"elementor-video\"><\/div>\n<div class=\"elementor-custom-embed-image-overlay\" style=\"background-image: url(https:\/\/hightopgroup.com\/wp-content\/uploads\/2025\/03\/\u8718\u86db\u6316\u4e3b\u56fe-4.jpg);\">\n<div class=\"elementor-custom-embed-play\" role=\"button\" aria-label=\"Lire la vid\u00e9o\" tabindex=\"0\"> <svg aria-hidden=\"true\" class=\"e-font-icon-svg e-eicon-play\" viewbox=\"0 0 1000 1000\"><path d=\"M838 162C746 71 633 25 500 25 371 25 258 71 163 162 71 254 25 367 25 500 25 633 71 746 163 837 254 929 367 979 500 979 633 979 746 933 838 837 929 746 975 633 975 500 975 367 929 254 838 162M808 192C892 279 933 379 933 500 933 621 892 725 808 808 725 892 621 938 500 938 379 938 279 896 196 808 113 725 67 621 67 500 67 379 108 279 196 192 279 108 383 62 500 62 621 62 721 108 808 192M438 392V642L642 517 438 392Z\" \/><\/svg><\/div>\n<\/div>\n<\/div>\n<\/div>\n<\/div>\n<p>&nbsp;<\/p>\n<p>Caract\u00e9ristiques et avantages<\/p>\n<div class=\"elementor-element elementor-element-138b23e e-con-full e-flex e-con e-child\" data-id=\"138b23e\" data-element_type=\"container\">\n<div class=\"elementor-element elementor-element-dc31022 elementor-widget elementor-widget-image\" data-id=\"dc31022\" data-element_type=\"widget\" data-widget_type=\"image.default\">\n<div class=\"elementor-widget-container\"> <img fetchpriority=\"high\" decoding=\"async\" width=\"790\" height=\"790\" src=\"https:\/\/hightopgroup.com\/wp-content\/uploads\/2025\/03\/\u8718\u86db\u6316\u7279\u70b9-1.jpg\" class=\"attachment-large size-large wp-image-3783\" alt=\"\u8718\u86db\u6316\u7279\u70b9 1\" srcset=\"https:\/\/hightopgroup.com\/wp-content\/uploads\/2025\/03\/\u8718\u86db\u6316\u7279\u70b9-1.jpg 790w, https:\/\/hightopgroup.com\/wp-content\/uploads\/2025\/03\/\u8718\u86db\u6316\u7279\u70b9-1-300x300.jpg 300w, https:\/\/hightopgroup.com\/wp-content\/uploads\/2025\/03\/\u8718\u86db\u6316\u7279\u70b9-1-150x150.jpg 150w, https:\/\/hightopgroup.com\/wp-content\/uploads\/2025\/03\/\u8718\u86db\u6316\u7279\u70b9-1-768x768.jpg 768w, https:\/\/hightopgroup.com\/wp-content\/uploads\/2025\/03\/\u8718\u86db\u6316\u7279\u70b9-1-600x600.jpg 600w\" sizes=\"(max-width: 790px) 100vw, 790px\" title=\"SE-900 Spider Excavator 1\"><\/div>\n<\/div>\n<div class=\"elementor-element elementor-element-7fcb316 elementor-widget elementor-widget-heading\" data-id=\"7fcb316\" data-element_type=\"widget\" data-widget_type=\"heading.default\">\n<div class=\"elementor-widget-container\">\n<h2 class=\"elementor-heading-title elementor-size-default\">Structure d'orientation \u00e0 360 degr\u00e9s<\/h2>\n<\/div>\n<\/div>\n<div class=\"elementor-element elementor-element-1aa33d7 elementor-widget elementor-widget-text-editor\" data-id=\"1aa33d7\" data-element_type=\"widget\" data-widget_type=\"text-editor.default\">\n<div class=\"elementor-widget-container\">\n<div data-slate-node=\"element\"><span data-slate-node=\"text\">qui peut r\u00e9pondre aux besoins d'un fonctionnement flexible<\/span><\/div>\n<div data-slate-node=\"element\" data-slate-fragment=\"JTVCJTdCJTIydHlwZSUyMiUzQSUyMnBhcmFncmFwaCUyMiUyQyUyMmNoaWxkcmVuJTIyJTNBJTVCJTdCJTIyaWQlMjIlM0ElMjJWTk5kM05ETmJWJTIyJTJDJTIycGFyYUlkeCUyMiUzQTElMkMlMjJzcmMlMjIlM0ElMjJ3aGljaCUyMGNhbiUyMG1lZXQlMjB0aGUlMjBmbGV4aWJsZSUyMG9wZXJhdGlvbiUyMiUyQyUyMmRzdCUyMiUzQSUyMiVFNSU4RiVBRiVFNiVCQiVBMSVFOCVCNiVCMyVFNyU4MSVCNSVFNiVCNCVCQiVFNiU5MyU4RCVFNCVCRCU5QyUyMiUyQyUyMm1ldGFkYXRhJTIyJTNBJTIyJTIyJTJDJTIybWF0Y2hlcyUyMiUzQW51bGwlMkMlMjJtZXRhRGF0YSUyMiUzQSU1QiU1RCUyQyUyMnRleHQlMjIlM0ElMjJ3aGljaCUyMGNhbiUyMG1lZXQlMjB0aGUlMjBmbGV4aWJsZSUyMG9wZXJhdGlvbiUyMiU3RCU1RCU3RCUyQyU3QiUyMnR5cGUlMjIlM0ElMjJwYXJhZ3JhcGglMjIlMkMlMjJjaGlsZHJlbiUyMiUzQSU1QiU3QiUyMmlkJTIyJTNBJTIyem41RE41YjVkViUyMiUyQyUyMnBhcmFJZHglMjIlM0EyJTJDJTIyc3JjJTIyJTNBJTIybmVlZHMlMjBmcm9tJTIwbXVsdGlwbGUlMjBhbmdsZXMlMjBkdXJpbmclMjB0aGUlMjBtYWNoaW5lJ3MlMjBvcGVyYXRpb24uJTIyJTJDJTIyZHN0JTIyJTNBJTIyJUU1JTlDJUE4JUU2JTlDJUJBJUU1JTk5JUE4JUU4JUJGJTkwJUU4JUExJThDJUU4JUJGJTg3JUU3JUE4JThCJUU0JUI4JUFEJUVGJUJDJThDJUU5JTlDJTgwJUU4JUE2JTgxJUU0JUJCJThFJUU1JUE0JTlBJUU0JUI4JUFBJUU4JUE3JTkyJUU1JUJBJUE2JUU4JUJGJTlCJUU4JUExJThDJUU4JUIwJTgzJUU2JTk1JUI0JUUzJTgwJTgyJTIyJTJDJTIybWV0YWRhdGElMjIlM0ElMjIlMjIlMkMlMjJtYXRjaGVzJTIyJTNBbnVsbCUyQyUyMm1ldGFEYXRhJTIyJTNBJTVCJTVEJTJDJTIydGV4dCUyMiUzQSUyMm5lZWRzJTIwZnJvbSUyMG11bHRpcGxlJTIwYW5nbGVzJTIwZHVyaW5nJTIwdGhlJTIwbWFjaGluZSdzJTIwb3BlcmF0aW9uLiUyMiU3RCU1RCU3RCU1RA==\"><span data-slate-node=\"text\">sous plusieurs angles pendant le fonctionnement de la machine.<\/span><\/div>\n<\/div>\n<\/div>\n<\/div>\n<div class=\"elementor-element elementor-element-b74d99a e-con-full e-flex e-con e-child\" data-id=\"b74d99a\" data-element_type=\"container\">\n<div class=\"elementor-element elementor-element-d474faf elementor-widget elementor-widget-image\" data-id=\"d474faf\" data-element_type=\"widget\" data-widget_type=\"image.default\">\n<div class=\"elementor-widget-container\"> <img decoding=\"async\" width=\"790\" height=\"790\" src=\"https:\/\/hightopgroup.com\/wp-content\/uploads\/2025\/03\/\u8718\u86db\u6316\u7279\u70b9-3.jpg\" class=\"attachment-large size-large wp-image-3785\" alt=\"\u8718\u86db\u6316\u7279\u70b9 3\" srcset=\"https:\/\/hightopgroup.com\/wp-content\/uploads\/2025\/03\/\u8718\u86db\u6316\u7279\u70b9-3.jpg 790w, https:\/\/hightopgroup.com\/wp-content\/uploads\/2025\/03\/\u8718\u86db\u6316\u7279\u70b9-3-300x300.jpg 300w, https:\/\/hightopgroup.com\/wp-content\/uploads\/2025\/03\/\u8718\u86db\u6316\u7279\u70b9-3-150x150.jpg 150w, https:\/\/hightopgroup.com\/wp-content\/uploads\/2025\/03\/\u8718\u86db\u6316\u7279\u70b9-3-768x768.jpg 768w, https:\/\/hightopgroup.com\/wp-content\/uploads\/2025\/03\/\u8718\u86db\u6316\u7279\u70b9-3-600x600.jpg 600w\" sizes=\"(max-width: 790px) 100vw, 790px\" title=\"SE-900 Spider Excavator 2\"><\/div>\n<\/div>\n<div class=\"elementor-element elementor-element-97e9dde elementor-widget elementor-widget-heading\" data-id=\"97e9dde\" data-element_type=\"widget\" data-widget_type=\"heading.default\">\n<div class=\"elementor-widget-container\">\n<h2 class=\"elementor-heading-title elementor-size-default\">Coussinets amortisseurs<\/h2>\n<\/div>\n<\/div>\n<div class=\"elementor-element elementor-element-2c77c6d elementor-widget elementor-widget-text-editor\" data-id=\"2c77c6d\" data-element_type=\"widget\" data-widget_type=\"text-editor.default\">\n<div class=\"elementor-widget-container\">\n<div data-slate-node=\"element\"><span data-slate-node=\"text\">Par rapport \u00e0 d'autres produits, ce produit est \u00e9quip\u00e9 de coussins d'absorption des chocs suppl\u00e9mentaires.<\/span><span data-slate-node=\"text\">Ces plaquettes peuvent att\u00e9nuer efficacement les vibrations du moteur.<\/span><span data-slate-node=\"text\">ce qui prolonge consid\u00e9rablement la dur\u00e9e de vie du moteur.<\/span><\/div>\n<div data-slate-node=\"element\">&nbsp;<\/div>\n<\/div>\n<\/div>\n<\/div>\n<div class=\"elementor-element elementor-element-7aad0d8 e-con-full e-flex e-con e-child\" data-id=\"7aad0d8\" data-element_type=\"container\">\n<div class=\"elementor-element elementor-element-fbca415 elementor-widget elementor-widget-image\" data-id=\"fbca415\" data-element_type=\"widget\" data-widget_type=\"image.default\">\n<div class=\"elementor-widget-container\"> <img decoding=\"async\" width=\"790\" height=\"790\" src=\"https:\/\/hightopgroup.com\/wp-content\/uploads\/2025\/03\/\u8718\u86db\u6316\u7279\u70b9-5.jpg\" class=\"attachment-large size-large wp-image-3787\" alt=\"\u8718\u86db\u6316\u7279\u70b9 5\" srcset=\"https:\/\/hightopgroup.com\/wp-content\/uploads\/2025\/03\/\u8718\u86db\u6316\u7279\u70b9-5.jpg 790w, https:\/\/hightopgroup.com\/wp-content\/uploads\/2025\/03\/\u8718\u86db\u6316\u7279\u70b9-5-300x300.jpg 300w, https:\/\/hightopgroup.com\/wp-content\/uploads\/2025\/03\/\u8718\u86db\u6316\u7279\u70b9-5-150x150.jpg 150w, https:\/\/hightopgroup.com\/wp-content\/uploads\/2025\/03\/\u8718\u86db\u6316\u7279\u70b9-5-768x768.jpg 768w, https:\/\/hightopgroup.com\/wp-content\/uploads\/2025\/03\/\u8718\u86db\u6316\u7279\u70b9-5-600x600.jpg 600w\" sizes=\"(max-width: 790px) 100vw, 790px\" title=\"SE-900 Spider Excavator 3\"><\/div>\n<\/div>\n<div class=\"elementor-element elementor-element-1a03bb3 elementor-widget elementor-widget-heading\" data-id=\"1a03bb3\" data-element_type=\"widget\" data-widget_type=\"heading.default\">\n<div class=\"elementor-widget-container\">\n<h2 class=\"elementor-heading-title elementor-size-default\">un dispositif de remorquage peut \u00eatre install\u00e9<\/h2>\n<\/div>\n<\/div>\n<div class=\"elementor-element elementor-element-cb9ac85 elementor-widget elementor-widget-text-editor\" data-id=\"cb9ac85\" data-element_type=\"widget\" data-widget_type=\"text-editor.default\">\n<div class=\"elementor-widget-container\">\n<p><span data-slate-fragment=\"JTVCJTdCJTIydHlwZSUyMiUzQSUyMnBhcmFncmFwaCUyMiUyQyUyMmNoaWxkcmVuJTIyJTNBJTVCJTdCJTIyaWQlMjIlM0ElMjJCWG81M29kb2p6JTIyJTJDJTIycGFyYUlkeCUyMiUzQTIxJTJDJTIyc3JjJTIyJTNBJTIyY2FuJTIwYmUlMjB0b3dlZCUyMHRvJTIwdGhlJTIwd29yayUyMGFyZWElMjBieSUyMHZlaGljbGVzJTIwc3VjaCUyMGFzJTIwY2FycyUyMHRyYWlsZXJzJTIwb3IlMjB0cmFjdG9ycyUyMiUyQyUyMmRzdCUyMiUzQSUyMiVFNSU4RiVBRiVFNCVCQiVBNSVFNyU5NCVBOCVFNiVCMSVCRCVFOCVCRCVBNiVFMyU4MCU4MSVFNiU4QiU5NiVFOCVCRCVBNiVFNiU4OCU5NiVFNiU4QiU5NiVFNiU4QiU4OSVFNiU5QyVCQSVFNyVBRCU4OSVFOCVCRCVBNiVFOCVCRSU4NiVFNiU4QiU5NiVFNSU4OCVCMCVFNSVCNyVBNSVFNCVCRCU5QyVFNSU4QyVCQSUyMiUyQyUyMm1ldGFkYXRhJTIyJTNBJTIyJTIyJTJDJTIybWF0Y2hlcyUyMiUzQW51bGwlMkMlMjJtZXRhRGF0YSUyMiUzQSU1QiU1RCUyQyUyMnRleHQlMjIlM0ElMjJjYW4lMjBiZSUyMHRvd2VkJTIwdG8lMjB0aGUlMjB3b3JrJTIwYXJlYSUyMGJ5JTIwdmVoaWNsZXMlMjBzdWNoJTIwYXMlMjBjYXJzJTIwdHJhaWxlcnMlMjBvciUyMHRyYWN0b3JzJTIyJTdEJTVEJTdEJTVE\">peuvent \u00eatre remorqu\u00e9s jusqu'au lieu de travail par des v\u00e9hicules tels que des voitures, des remorques ou des tracteurs<\/span><\/p>\n<\/div>\n<\/div>\n<\/div>\n<div class=\"elementor-element elementor-element-c6bb502 e-con-full e-flex e-con e-child\" data-id=\"c6bb502\" data-element_type=\"container\">\n<div class=\"elementor-element elementor-element-a654cb5 elementor-widget elementor-widget-image\" data-id=\"a654cb5\" data-element_type=\"widget\" data-widget_type=\"image.default\">\n<div class=\"elementor-widget-container\"> <img loading=\"lazy\" decoding=\"async\" width=\"790\" height=\"790\" src=\"https:\/\/hightopgroup.com\/wp-content\/uploads\/2025\/03\/\u8718\u86db\u6316\u7279\u70b9-6.jpg\" class=\"attachment-large size-large wp-image-3788\" alt=\"\u8718\u86db\u6316\u7279\u70b9 6\" srcset=\"https:\/\/hightopgroup.com\/wp-content\/uploads\/2025\/03\/\u8718\u86db\u6316\u7279\u70b9-6.jpg 790w, https:\/\/hightopgroup.com\/wp-content\/uploads\/2025\/03\/\u8718\u86db\u6316\u7279\u70b9-6-300x300.jpg 300w, https:\/\/hightopgroup.com\/wp-content\/uploads\/2025\/03\/\u8718\u86db\u6316\u7279\u70b9-6-150x150.jpg 150w, https:\/\/hightopgroup.com\/wp-content\/uploads\/2025\/03\/\u8718\u86db\u6316\u7279\u70b9-6-768x768.jpg 768w, https:\/\/hightopgroup.com\/wp-content\/uploads\/2025\/03\/\u8718\u86db\u6316\u7279\u70b9-6-600x600.jpg 600w\" sizes=\"auto, (max-width: 790px) 100vw, 790px\" title=\"SE-900 Spider Excavator 4\"><\/div>\n<\/div>\n<div class=\"elementor-element elementor-element-84b165c elementor-widget elementor-widget-heading\" data-id=\"84b165c\" data-element_type=\"widget\" data-widget_type=\"heading.default\">\n<div class=\"elementor-widget-container\">\n<h2 class=\"elementor-heading-title elementor-size-default\">Avant-bras facile \u00e0 utiliser<\/h2>\n<\/div>\n<\/div>\n<div class=\"elementor-element elementor-element-9db03b7 elementor-widget elementor-widget-text-editor\" data-id=\"9db03b7\" data-element_type=\"widget\" data-widget_type=\"text-editor.default\">\n<div class=\"elementor-widget-container\">\n<p><span data-slate-fragment=\"JTVCJTdCJTIydHlwZSUyMiUzQSUyMnBhcmFncmFwaCUyMiUyQyUyMmNoaWxkcmVuJTIyJTNBJTVCJTdCJTIyaWQlMjIlM0ElMjJlM1JKcVJtUnhCJTIyJTJDJTIycGFyYUlkeCUyMiUzQTIzJTJDJTIyc3JjJTIyJTNBJTIyNi50aGUlMjBqb3lzdGlja3MlMjBmb3IlMjB0aGUlMjBvcGVyYXRpb24lMjBvbiUyMGF0dGFjaG1lbnRzJTIyJTJDJTIyZHN0JTIyJTNBJTIyNi4lRTclOTQlQTglRTQlQkElOEUlRTYlOTMlOEQlRTQlQkQlOUMlRTklOTklODQlRTQlQkIlQjYlRTclOUElODQlRTYlOTMlOEQlRTclQkElQjUlRTYlOUQlODYlMjIlMkMlMjJtZXRhZGF0YSUyMiUzQSUyMiUyMiUyQyUyMm1hdGNoZXMlMjIlM0FudWxsJTJDJTIybWV0YURhdGElMjIlM0ElNUIlNUQlMkMlMjJ0ZXh0JTIyJTNBJTIydGhlJTIwam95c3RpY2tzJTIwZm9yJTIwdGhlJTIwb3BlcmF0aW9uJTIwb24lMjBhdHRhY2htZW50cyUyMiU3RCU1RCU3RCU1RA==\">les joysticks pour les op\u00e9rations sur les accessoires<\/span><\/p>\n<\/div>\n<\/div>\n<\/div>\n<div class=\"elementor-element elementor-element-b2de1b5 e-con-full e-flex e-con e-child\" data-id=\"b2de1b5\" data-element_type=\"container\">\n<div class=\"elementor-element elementor-element-eec0d58 elementor-widget elementor-widget-image\" data-id=\"eec0d58\" data-element_type=\"widget\" data-widget_type=\"image.default\">\n<div class=\"elementor-widget-container\"> <img loading=\"lazy\" decoding=\"async\" width=\"790\" height=\"790\" src=\"https:\/\/hightopgroup.com\/wp-content\/uploads\/2025\/03\/\u8718\u86db\u6316\u7279\u70b9-2.jpg\" class=\"attachment-large size-large wp-image-3784\" alt=\"\u8718\u86db\u6316\u7279\u70b9 2\" srcset=\"https:\/\/hightopgroup.com\/wp-content\/uploads\/2025\/03\/\u8718\u86db\u6316\u7279\u70b9-2.jpg 790w, https:\/\/hightopgroup.com\/wp-content\/uploads\/2025\/03\/\u8718\u86db\u6316\u7279\u70b9-2-300x300.jpg 300w, https:\/\/hightopgroup.com\/wp-content\/uploads\/2025\/03\/\u8718\u86db\u6316\u7279\u70b9-2-150x150.jpg 150w, https:\/\/hightopgroup.com\/wp-content\/uploads\/2025\/03\/\u8718\u86db\u6316\u7279\u70b9-2-768x768.jpg 768w, https:\/\/hightopgroup.com\/wp-content\/uploads\/2025\/03\/\u8718\u86db\u6316\u7279\u70b9-2-600x600.jpg 600w\" sizes=\"auto, (max-width: 790px) 100vw, 790px\" title=\"SE-900 Spider Excavator 5\"><\/div>\n<\/div>\n<div class=\"elementor-element elementor-element-cb9c692 elementor-widget elementor-widget-heading\" data-id=\"cb9c692\" data-element_type=\"widget\" data-widget_type=\"heading.default\">\n<div class=\"elementor-widget-container\">\n<h2 class=\"elementor-heading-title elementor-size-default\">Un \u00e9l\u00e9ment filtrant externe pour l'huile hydraulique a \u00e9t\u00e9 install\u00e9<\/h2>\n<\/div>\n<\/div>\n<div class=\"elementor-element elementor-element-4da304d elementor-widget elementor-widget-text-editor\" data-id=\"4da304d\" data-element_type=\"widget\" data-widget_type=\"text-editor.default\">\n<div class=\"elementor-widget-container\">\n<div data-slate-node=\"element\"><span data-slate-node=\"text\">Entretien facile et rapide.<\/span><\/div>\n<div data-slate-node=\"element\"><span data-slate-node=\"text\">Bon effet de filtration.<\/span><\/div>\n<div data-slate-node=\"element\" data-slate-fragment=\"JTVCJTdCJTIydHlwZSUyMiUzQSUyMnBhcmFncmFwaCUyMiUyQyUyMmNoaWxkcmVuJTIyJTNBJTVCJTdCJTIyaWQlMjIlM0ElMjJlbTBsajBwMEtCJTIyJTJDJTIycGFyYUlkeCUyMiUzQTUlMkMlMjJzcmMlMjIlM0ElMjJFYXN5JTIwYW5kJTIwZmFzdCUyMG1haW50ZW5hbmNlJTIyJTJDJTIyZHN0JTIyJTNBJTIyJUU2JTk4JTkzJUU0JUJBJThFJUU1JUJGJUFCJUU5JTgwJTlGJUU3JUJCJUI0JUU2JThBJUE0JTIyJTJDJTIybWV0YWRhdGElMjIlM0ElMjIlMjIlMkMlMjJtYXRjaGVzJTIyJTNBbnVsbCUyQyUyMm1ldGFEYXRhJTIyJTNBJTVCJTVEJTJDJTIydGV4dCUyMiUzQSUyMkVhc3klMjBhbmQlMjBmYXN0JTIwbWFpbnRlbmFuY2UlMjIlN0QlNUQlN0QlMkMlN0IlMjJ0eXBlJTIyJTNBJTIycGFyYWdyYXBoJTIyJTJDJTIyY2hpbGRyZW4lMjIlM0ElNUIlN0IlMjJpZCUyMiUzQSUyMlZNT0wzT2tPSkIlMjIlMkMlMjJwYXJhSWR4JTIyJTNBNiUyQyUyMnNyYyUyMiUzQSUyMkdvb2QlMjBmaWx0cmF0aW9uJTIwZWZmZWN0JTIyJTJDJTIyZHN0JTIyJTNBJTIyJUU4JUJGJTg3JUU2JUJCJUE0JUU2JTk1JTg4JUU2JTlFJTlDJUU1JUE1JUJEJTIyJTJDJTIybWV0YWRhdGElMjIlM0ElMjIlMjIlMkMlMjJtYXRjaGVzJTIyJTNBbnVsbCUyQyUyMm1ldGFEYXRhJTIyJTNBJTVCJTVEJTJDJTIydGV4dCUyMiUzQSUyMkdvb2QlMjBmaWx0cmF0aW9uJTIwZWZmZWN0JTIyJTdEJTVEJTdEJTJDJTdCJTIydHlwZSUyMiUzQSUyMnBhcmFncmFwaCUyMiUyQyUyMmNoaWxkcmVuJTIyJTNBJTVCJTdCJTIyaWQlMjIlM0ElMjJlS2RsM2RPZGFWJTIyJTJDJTIycGFyYUlkeCUyMiUzQTclMkMlMjJzcmMlMjIlM0ElMjJDb21wYXJlZCUyMHdpdGglMjB0aGUlMjBpbnRlcm5hbCUyMGZpbHRlciUyMGVsZW1lbnQlMjIlMkMlMjJkc3QlMjIlM0ElMjIlRTQlQjglOEUlRTUlODYlODUlRTklODMlQTglRTYlQkIlQTQlRTglOEElQUYlRTclOUIlQjglRTYlQUYlOTQlMjIlMkMlMjJtZXRhZGF0YSUyMiUzQSUyMiUyMiUyQyUyMm1hdGNoZXMlMjIlM0FudWxsJTJDJTIybWV0YURhdGElMjIlM0ElNUIlNUQlMkMlMjJ0ZXh0JTIyJTNBJTIyQ29tcGFyZWQlMjB3aXRoJTIwdGhlJTIwaW50ZXJuYWwlMjBmaWx0ZXIlMjBlbGVtZW50JTIyJTdEJTVEJTdEJTVE\"><span data-slate-node=\"text\">Par rapport \u00e0 l'\u00e9l\u00e9ment filtrant interne.<\/span><\/div>\n<\/div>\n<\/div>\n<\/div>\n<div class=\"elementor-element elementor-element-c218b52 e-con-full e-flex e-con e-child\" data-id=\"c218b52\" data-element_type=\"container\">\n<div class=\"elementor-element elementor-element-f6c1e7c elementor-widget elementor-widget-image\" data-id=\"f6c1e7c\" data-element_type=\"widget\" data-widget_type=\"image.default\">\n<div class=\"elementor-widget-container\"> <img loading=\"lazy\" decoding=\"async\" width=\"790\" height=\"790\" src=\"https:\/\/hightopgroup.com\/wp-content\/uploads\/2025\/03\/\u8718\u86db\u6316\u7279\u70b9-4.jpg\" class=\"attachment-large size-large wp-image-3786\" alt=\"\u8718\u86db\u6316\u7279\u70b9 4\" srcset=\"https:\/\/hightopgroup.com\/wp-content\/uploads\/2025\/03\/\u8718\u86db\u6316\u7279\u70b9-4.jpg 790w, https:\/\/hightopgroup.com\/wp-content\/uploads\/2025\/03\/\u8718\u86db\u6316\u7279\u70b9-4-300x300.jpg 300w, https:\/\/hightopgroup.com\/wp-content\/uploads\/2025\/03\/\u8718\u86db\u6316\u7279\u70b9-4-150x150.jpg 150w, https:\/\/hightopgroup.com\/wp-content\/uploads\/2025\/03\/\u8718\u86db\u6316\u7279\u70b9-4-768x768.jpg 768w, https:\/\/hightopgroup.com\/wp-content\/uploads\/2025\/03\/\u8718\u86db\u6316\u7279\u70b9-4-600x600.jpg 600w\" sizes=\"auto, (max-width: 790px) 100vw, 790px\" title=\"SE-900 Spider Excavator 6\"><\/div>\n<\/div>\n<div class=\"elementor-element elementor-element-ff7b179 elementor-widget elementor-widget-heading\" data-id=\"ff7b179\" data-element_type=\"widget\" data-widget_type=\"heading.default\">\n<div class=\"elementor-widget-container\">\n<h2 class=\"elementor-heading-title elementor-size-default\">excavateur \u00e0 pied tout-terrain<\/h2>\n<\/div>\n<\/div>\n<div class=\"elementor-element elementor-element-2c6cde4 elementor-widget elementor-widget-text-editor\" data-id=\"2c6cde4\" data-element_type=\"widget\" data-widget_type=\"text-editor.default\">\n<div class=\"elementor-widget-container\">\n<div data-slate-node=\"element\"><span data-slate-node=\"text\">Les pelles araign\u00e9es sont capables de travailler sur des terrains en pente.<\/span><span data-slate-node=\"text\">Les surfaces et la marche \u00e0 quatre pattes en terrain montagneux.<\/span><span data-slate-node=\"text\">Avoir de bonnes capacit\u00e9s tout-terrain.<\/span><span data-slate-node=\"text\">Peut se retourner \u00e0 360 degr\u00e9s pour travailler.<\/span><\/div>\n<\/div>\n<\/div>\n<\/div>\n<p>&nbsp;<\/p>\n<p>Param\u00e8tres<\/p>\n<div class=\"elementor-element elementor-element-de5a9f0 e-con-full e-flex e-con e-child\" data-id=\"de5a9f0\" data-element_type=\"container\">\n<div class=\"elementor-element elementor-element-e52e0c9 elementor-widget elementor-widget-text-editor\" data-id=\"e52e0c9\" data-element_type=\"widget\" data-widget_type=\"text-editor.default\">\n<div class=\"elementor-widget-container\">\n<p>SE-900 Spider Excavator<\/p>\n<p>Longueur totale 2400mm<\/p>\n<p>Largeur totale 1540mm<\/p>\n<p>Largeur sup\u00e9rieure 550 mm<\/p>\n<p>Hauteur totale 1800mm<\/p>\n<p>Rayon de braquage de la queue 1388mm<\/p>\n<p>Hauteur de fouille max. 2404mm<\/p>\n<p>Hauteur max. Hauteur de d\u00e9chargement 2030mm<\/p>\n<p>Profondeur max. Profondeur de fouille 718mm<\/p>\n<p>Distance de creusement max. 1873mm<\/p>\n<p>Rayon de tournage max. Rayon de braquage 2004mm<\/p>\n<p>Hauteur maximale au rayon de braquage minimal 2047mm<\/p>\n<p>Poids 410 kg<\/p>\n<p>Capacit\u00e9 du godet 0.02m\u00b3<\/p>\n<p>Dispositif de travail pour pelleteuse<\/p>\n<p>Moteur:KOOP Option RATO ou B&amp;S<\/p>\n<p>Pompe:Tengfei<\/p>\n<\/div>\n<\/div>\n<\/div>\n<div class=\"elementor-element elementor-element-3fbb200 e-con-full e-flex e-con e-child\" data-id=\"3fbb200\" data-element_type=\"container\">\n<div class=\"elementor-element elementor-element-9b29a08 elementor-widget elementor-widget-image\" data-id=\"9b29a08\" data-element_type=\"widget\" data-widget_type=\"image.default\">\n<div class=\"elementor-widget-container\"> <img loading=\"lazy\" decoding=\"async\" width=\"790\" height=\"976\" src=\"https:\/\/hightopgroup.com\/wp-content\/uploads\/2025\/03\/\u8718\u86db\u6316\u82f1\u6587\u8be6\u60c5_03.jpg\" class=\"attachment-large size-large wp-image-3801\" alt=\"\u8718\u86db\u6316\u82f1\u6587\u8be6\u60c5 03\" srcset=\"https:\/\/hightopgroup.com\/wp-content\/uploads\/2025\/03\/\u8718\u86db\u6316\u82f1\u6587\u8be6\u60c5_03.jpg 790w, https:\/\/hightopgroup.com\/wp-content\/uploads\/2025\/03\/\u8718\u86db\u6316\u82f1\u6587\u8be6\u60c5_03-243x300.jpg 243w, https:\/\/hightopgroup.com\/wp-content\/uploads\/2025\/03\/\u8718\u86db\u6316\u82f1\u6587\u8be6\u60c5_03-768x949.jpg 768w, https:\/\/hightopgroup.com\/wp-content\/uploads\/2025\/03\/\u8718\u86db\u6316\u82f1\u6587\u8be6\u60c5_03-600x741.jpg 600w\" sizes=\"auto, (max-width: 790px) 100vw, 790px\" title=\"SE-900 Spider Excavator 7\"><\/div>\n<\/div>\n<\/div>","protected":false},"excerpt":{"rendered":"<p>Vue d'ensemble Rentabilit\u00e9 \u00e9lev\u00e9e : En tant qu'usine autonome situ\u00e9e dans la base chinoise de fabrication d'engins de construction, nous sommes en mesure de produire Spider<\/p>","protected":false},"featured_media":16613,"template":"","meta":{"rank_math_lock_modified_date":false},"product_brand":[],"product_cat":[21],"product_tag":[],"class_list":{"0":"post-16611","1":"product","2":"type-product","3":"status-publish","4":"has-post-thumbnail","6":"product_cat-mini-excavator","8":"first","9":"instock","10":"product-type-simple"},"_links":{"self":[{"href":"https:\/\/beleevo.prowebplanners.com\/fr\/wp-json\/wp\/v2\/product\/16611","targetHints":{"allow":["GET"]}}],"collection":[{"href":"https:\/\/beleevo.prowebplanners.com\/fr\/wp-json\/wp\/v2\/product"}],"about":[{"href":"https:\/\/beleevo.prowebplanners.com\/fr\/wp-json\/wp\/v2\/types\/product"}],"version-history":[{"count":1,"href":"https:\/\/beleevo.prowebplanners.com\/fr\/wp-json\/wp\/v2\/product\/16611\/revisions"}],"predecessor-version":[{"id":16612,"href":"https:\/\/beleevo.prowebplanners.com\/fr\/wp-json\/wp\/v2\/product\/16611\/revisions\/16612"}],"wp:featuredmedia":[{"embeddable":true,"href":"https:\/\/beleevo.prowebplanners.com\/fr\/wp-json\/wp\/v2\/media\/16613"}],"wp:attachment":[{"href":"https:\/\/beleevo.prowebplanners.com\/fr\/wp-json\/wp\/v2\/media?parent=16611"}],"wp:term":[{"taxonomy":"product_brand","embeddable":true,"href":"https:\/\/beleevo.prowebplanners.com\/fr\/wp-json\/wp\/v2\/product_brand?post=16611"},{"taxonomy":"product_cat","embeddable":true,"href":"https:\/\/beleevo.prowebplanners.com\/fr\/wp-json\/wp\/v2\/product_cat?post=16611"},{"taxonomy":"product_tag","embeddable":true,"href":"https:\/\/beleevo.prowebplanners.com\/fr\/wp-json\/wp\/v2\/product_tag?post=16611"}],"curies":[{"name":"wp","href":"https:\/\/api.w.org\/{rel}","templated":true}]}}